{"id":3810,"date":"2016-04-05T10:59:41","date_gmt":"2016-04-05T09:59:41","guid":{"rendered":"https:\/\/tnd.ontesting.co.uk\/maitinamasis-kremas-rankoms-sauletos-alyvuoges-80g\/"},"modified":"2024-12-12T02:16:34","modified_gmt":"2024-12-12T02:16:34","slug":"maitinamasis-kremas-rankoms-sauletos-alyvuoges-80g","status":"publish","type":"product","link":"https:\/\/tiandeproducts.co.uk\/lt\/maitinamasis-kremas-rankoms-sauletos-alyvuoges-80g\/","title":{"rendered":"Maitinamasis kremas rankoms \u201eSaul\u0117tos alyvuog\u0117s\u201c, 80g."},"content":{"rendered":"<p>Speciali kremo formul\u0117 veiksmingai apsaugo nuo da\u017eniausiai pasitaikan\u010di\u0173 negatyvi\u0173 aplinkos s\u0105lyg\u0173 &#8211; \u0161al\u010dio, v\u0117jo, pastovaus vandens poveikio. Kremas greitai \u012fsigeria, efektyviai saugo od\u0105 nuo \u0161erpetojimo, suskirdimo, mink\u0161tina, maitina ir dr\u0117kina, apsaugo nagus nuo l\u016b\u017ein\u0117jimo, suteikia ypatingo komforto poj\u016bt\u012f. Aktyv\u016bs komponentai atkuria odos apsaugines savybes, stimuliuoja med\u017eiag\u0173 apykait\u0105 ir l\u0105steli\u0173 regeneracij\u0105. Galima naudoti kasdien.<\/p>\n<p><strong>Veikliosios med\u017eiagos:<\/strong><\/p>\n<p><strong>Alyvuogi\u0173 aliejus<\/strong>\u00a0yra vienas i\u0161 vertingiausi\u0173 odos kosmetikos komponent\u0173. Jame esantis linolenin\u0117s r\u016bg\u0161ties kiekis yra identi\u0161kas motinos pieno sud\u0117tyje esan\u010diam \u0161ios r\u016bg\u0161ties kiekiui. Oleinin\u0117 r\u016bg\u0161tis stiprina epidermin\u012f odos barjer\u0105, saugo dr\u0117gm\u0119. Alyvuogi\u0173 aliejuje yra didelis kiekis vitamino A, D, K ir E, kuris dar yra vadinamas jaunyst\u0117s vitaminu, d\u0117l jo ypatingosios savyb\u0117s saugoti od\u0105 nuo laisv\u0173j\u0173 radikal\u0173 poveikio. Vitaminas E \u012feina \u012f reikalingiausi\u0173 odai vitamin\u0173 top 3.<\/p>\n<p><strong>Perl\u0173 pudros<\/strong>\u00a0aktyviosios me\u017eiagos saugo nuo negatyvaus laisv\u0173j\u0173 radikal\u0173 poveikio, stabdo prie\u0161laikinius l\u0105steli\u0173 sen\u0117jimo procesus. Tai koncentruotas, ypa\u010d gerai pasisavinamo kalcio \u0161altinis, kuriame gausu antioksidant\u0173, aminor\u016bg\u0161\u010di\u0173 ir mineral\u0173. Aktyviosios med\u017eiagos stiprina nagus ir nag\u0173 odeles, saugo nuo l\u016b\u017ein\u0117jimo, \u0161viesina odos pigmentines d\u0117mes, balina.<\/p>\n<p><strong>Stearino r\u016bg\u0161tis<\/strong>\u00a0atstato odos hidrolipidin\u0119 mantij\u0105, gerina odos elastingum\u0105, valo.<\/p>\n","protected":false},"excerpt":{"rendered":"<p>Speciali kremo formul\u0117 veiksmingai apsaugo nuo da\u017eniausiai pasitaikan\u010di\u0173 negatyvi\u0173 aplinkos s\u0105lyg\u0173 &#8211; \u0161al\u010dio, v\u0117jo, pastovaus vandens poveikio. Kremas greitai \u012fsigeria, efektyviai saugo od\u0105 nuo \u0161erpetojimo, suskirdimo, mink\u0161tina, maitina ir dr\u0117kina, apsaugo nagus nuo l\u016b\u017ein\u0117jimo, suteikia ypatingo komforto poj\u016bt\u012f. Aktyv\u016bs komponentai atkuria odos apsaugines savybes, stimuliuoja med\u017eiag\u0173 apykait\u0105 ir l\u0105steli\u0173 regeneracij\u0105. Galima naudoti kasdien. Veikliosios med\u017eiagos: [&#8230;]\n","protected":false},"featured_media":3807,"comment_status":"closed","ping_status":"closed","template":"","meta":[],"product_cat":[497,514],"product_tag":[],"class_list":{"0":"post-3810","1":"product","2":"type-product","3":"status-publish","4":"has-post-thumbnail","6":"product_cat-kunui","7":"product_cat-ranku-prieziura","9":"first","10":"instock","11":"shipping-taxable","12":"purchasable","13":"product-type-simple"},"yoast_head":"<!-- This site is optimized with the Yoast SEO plugin v23.6 - https:\/\/yoast.com\/wordpress\/plugins\/seo\/ -->\n<title>Maitinamasis kremas rankoms \u201eSaul\u0117tos alyvuog\u0117s\u201c, 80g. - TianDe Online Shop - Beauty &amp; Health<\/title>\n<meta name=\"robots\" content=\"index, follow, max-snippet:-1, max-image-preview:large, max-video-preview:-1\" \/>\n<link rel=\"canonical\" href=\"https:\/\/tiandeproducts.co.uk\/lt\/maitinamasis-kremas-rankoms-sauletos-alyvuoges-80g\/\" \/>\n<meta property=\"og:locale\" content=\"lt_LT\" \/>\n<meta property=\"og:type\" content=\"article\" \/>\n<meta property=\"og:title\" content=\"Maitinamasis kremas rankoms \u201eSaul\u0117tos alyvuog\u0117s\u201c, 80g. - TianDe Online Shop - Beauty &amp; Health\" \/>\n<meta property=\"og:description\" content=\"Speciali kremo formul\u0117 veiksmingai apsaugo nuo da\u017eniausiai pasitaikan\u010di\u0173 negatyvi\u0173 aplinkos s\u0105lyg\u0173 &#8211; \u0161al\u010dio, v\u0117jo, pastovaus vandens poveikio. Kremas greitai \u012fsigeria, efektyviai saugo od\u0105 nuo \u0161erpetojimo, suskirdimo, mink\u0161tina, maitina ir dr\u0117kina, apsaugo nagus nuo l\u016b\u017ein\u0117jimo, suteikia ypatingo komforto poj\u016bt\u012f. Aktyv\u016bs komponentai atkuria odos apsaugines savybes, stimuliuoja med\u017eiag\u0173 apykait\u0105 ir l\u0105steli\u0173 regeneracij\u0105. Galima naudoti kasdien. Veikliosios med\u017eiagos: [...]\" \/>\n<meta property=\"og:url\" content=\"https:\/\/tiandeproducts.co.uk\/lt\/maitinamasis-kremas-rankoms-sauletos-alyvuoges-80g\/\" \/>\n<meta property=\"og:site_name\" content=\"TianDe Online Shop - Beauty &amp; Health\" \/>\n<meta property=\"article:publisher\" content=\"https:\/\/www.facebook.com\/tiande.products.england\/\" \/>\n<meta property=\"article:modified_time\" content=\"2024-12-12T02:16:34+00:00\" \/>\n<meta property=\"og:image\" content=\"https:\/\/tiandeproducts.co.uk\/wp-content\/uploads\/\u043a\u0440\u0435\u043c-\u0434\u043b\u044f-\u0440\u0443\u043a-\u00ab\u0421\u043e\u043b\u043d\u0435\u0447\u043d\u044b\u0435-\u043e\u043b\u0438\u0432\u043a\u0438\u00bb-\u043a\u043e\u0434-40109.png\" \/>\n\t<meta property=\"og:image:width\" content=\"700\" \/>\n\t<meta property=\"og:image:height\" content=\"700\" \/>\n\t<meta property=\"og:image:type\" content=\"image\/png\" \/>\n<meta name=\"twitter:card\" content=\"summary_large_image\" \/>\n<meta name=\"twitter:label1\" content=\"Est. reading time\" \/>\n\t<meta name=\"twitter:data1\" content=\"1 minut\u0117\" \/>\n<script type=\"application\/ld+json\" class=\"yoast-schema-graph\">{\"@context\":\"https:\/\/schema.org\",\"@graph\":[{\"@type\":\"WebPage\",\"@id\":\"https:\/\/tiandeproducts.co.uk\/lt\/maitinamasis-kremas-rankoms-sauletos-alyvuoges-80g\/\",\"url\":\"https:\/\/tiandeproducts.co.uk\/lt\/maitinamasis-kremas-rankoms-sauletos-alyvuoges-80g\/\",\"name\":\"Maitinamasis kremas rankoms \u201eSaul\u0117tos alyvuog\u0117s\u201c, 80g. - TianDe Online Shop - Beauty &amp; Health\",\"isPartOf\":{\"@id\":\"https:\/\/tiandeproducts.co.uk\/#website\"},\"primaryImageOfPage\":{\"@id\":\"https:\/\/tiandeproducts.co.uk\/lt\/maitinamasis-kremas-rankoms-sauletos-alyvuoges-80g\/#primaryimage\"},\"image\":{\"@id\":\"https:\/\/tiandeproducts.co.uk\/lt\/maitinamasis-kremas-rankoms-sauletos-alyvuoges-80g\/#primaryimage\"},\"thumbnailUrl\":\"https:\/\/tiandeproducts.co.uk\/wp-content\/uploads\/\u043a\u0440\u0435\u043c-\u0434\u043b\u044f-\u0440\u0443\u043a-\u00ab\u0421\u043e\u043b\u043d\u0435\u0447\u043d\u044b\u0435-\u043e\u043b\u0438\u0432\u043a\u0438\u00bb-\u043a\u043e\u0434-40109.png\",\"datePublished\":\"2016-04-05T09:59:41+00:00\",\"dateModified\":\"2024-12-12T02:16:34+00:00\",\"breadcrumb\":{\"@id\":\"https:\/\/tiandeproducts.co.uk\/lt\/maitinamasis-kremas-rankoms-sauletos-alyvuoges-80g\/#breadcrumb\"},\"inLanguage\":\"lt-LT\",\"potentialAction\":[{\"@type\":\"ReadAction\",\"target\":[\"https:\/\/tiandeproducts.co.uk\/lt\/maitinamasis-kremas-rankoms-sauletos-alyvuoges-80g\/\"]}]},{\"@type\":\"ImageObject\",\"inLanguage\":\"lt-LT\",\"@id\":\"https:\/\/tiandeproducts.co.uk\/lt\/maitinamasis-kremas-rankoms-sauletos-alyvuoges-80g\/#primaryimage\",\"url\":\"https:\/\/tiandeproducts.co.uk\/wp-content\/uploads\/\u043a\u0440\u0435\u043c-\u0434\u043b\u044f-\u0440\u0443\u043a-\u00ab\u0421\u043e\u043b\u043d\u0435\u0447\u043d\u044b\u0435-\u043e\u043b\u0438\u0432\u043a\u0438\u00bb-\u043a\u043e\u0434-40109.png\",\"contentUrl\":\"https:\/\/tiandeproducts.co.uk\/wp-content\/uploads\/\u043a\u0440\u0435\u043c-\u0434\u043b\u044f-\u0440\u0443\u043a-\u00ab\u0421\u043e\u043b\u043d\u0435\u0447\u043d\u044b\u0435-\u043e\u043b\u0438\u0432\u043a\u0438\u00bb-\u043a\u043e\u0434-40109.png\",\"width\":700,\"height\":700},{\"@type\":\"BreadcrumbList\",\"@id\":\"https:\/\/tiandeproducts.co.uk\/lt\/maitinamasis-kremas-rankoms-sauletos-alyvuoges-80g\/#breadcrumb\",\"itemListElement\":[{\"@type\":\"ListItem\",\"position\":1,\"name\":\"Home\",\"item\":\"https:\/\/tiandeproducts.co.uk\/lt\/\"},{\"@type\":\"ListItem\",\"position\":2,\"name\":\"Shop\",\"item\":\"https:\/\/tiandeproducts.co.uk\/lt\/shop-2\/\"},{\"@type\":\"ListItem\",\"position\":3,\"name\":\"Maitinamasis kremas rankoms \u201eSaul\u0117tos alyvuog\u0117s\u201c, 80g.\"}]},{\"@type\":\"WebSite\",\"@id\":\"https:\/\/tiandeproducts.co.uk\/#website\",\"url\":\"https:\/\/tiandeproducts.co.uk\/\",\"name\":\"TianDe Online Shop - Beauty & Health\",\"description\":\"Traditional Chinese Medicine\",\"potentialAction\":[{\"@type\":\"SearchAction\",\"target\":{\"@type\":\"EntryPoint\",\"urlTemplate\":\"https:\/\/tiandeproducts.co.uk\/?s={search_term_string}\"},\"query-input\":{\"@type\":\"PropertyValueSpecification\",\"valueRequired\":true,\"valueName\":\"search_term_string\"}}],\"inLanguage\":\"lt-LT\"}]}<\/script>\n<!-- \/ Yoast SEO plugin. -->","yoast_head_json":{"title":"Maitinamasis kremas rankoms \u201eSaul\u0117tos alyvuog\u0117s\u201c, 80g. - TianDe Online Shop - Beauty &amp; Health","robots":{"index":"index","follow":"follow","max-snippet":"max-snippet:-1","max-image-preview":"max-image-preview:large","max-video-preview":"max-video-preview:-1"},"canonical":"https:\/\/tiandeproducts.co.uk\/lt\/maitinamasis-kremas-rankoms-sauletos-alyvuoges-80g\/","og_locale":"lt_LT","og_type":"article","og_title":"Maitinamasis kremas rankoms \u201eSaul\u0117tos alyvuog\u0117s\u201c, 80g. - TianDe Online Shop - Beauty &amp; Health","og_description":"Speciali kremo formul\u0117 veiksmingai apsaugo nuo da\u017eniausiai pasitaikan\u010di\u0173 negatyvi\u0173 aplinkos s\u0105lyg\u0173 &#8211; \u0161al\u010dio, v\u0117jo, pastovaus vandens poveikio. Kremas greitai \u012fsigeria, efektyviai saugo od\u0105 nuo \u0161erpetojimo, suskirdimo, mink\u0161tina, maitina ir dr\u0117kina, apsaugo nagus nuo l\u016b\u017ein\u0117jimo, suteikia ypatingo komforto poj\u016bt\u012f. Aktyv\u016bs komponentai atkuria odos apsaugines savybes, stimuliuoja med\u017eiag\u0173 apykait\u0105 ir l\u0105steli\u0173 regeneracij\u0105. Galima naudoti kasdien. Veikliosios med\u017eiagos: [...]","og_url":"https:\/\/tiandeproducts.co.uk\/lt\/maitinamasis-kremas-rankoms-sauletos-alyvuoges-80g\/","og_site_name":"TianDe Online Shop - Beauty &amp; Health","article_publisher":"https:\/\/www.facebook.com\/tiande.products.england\/","article_modified_time":"2024-12-12T02:16:34+00:00","og_image":[{"width":700,"height":700,"url":"https:\/\/tiandeproducts.co.uk\/wp-content\/uploads\/\u043a\u0440\u0435\u043c-\u0434\u043b\u044f-\u0440\u0443\u043a-\u00ab\u0421\u043e\u043b\u043d\u0435\u0447\u043d\u044b\u0435-\u043e\u043b\u0438\u0432\u043a\u0438\u00bb-\u043a\u043e\u0434-40109.png","type":"image\/png"}],"twitter_card":"summary_large_image","twitter_misc":{"Est. reading time":"1 minut\u0117"},"schema":{"@context":"https:\/\/schema.org","@graph":[{"@type":"WebPage","@id":"https:\/\/tiandeproducts.co.uk\/lt\/maitinamasis-kremas-rankoms-sauletos-alyvuoges-80g\/","url":"https:\/\/tiandeproducts.co.uk\/lt\/maitinamasis-kremas-rankoms-sauletos-alyvuoges-80g\/","name":"Maitinamasis kremas rankoms \u201eSaul\u0117tos alyvuog\u0117s\u201c, 80g. - TianDe Online Shop - Beauty &amp; Health","isPartOf":{"@id":"https:\/\/tiandeproducts.co.uk\/#website"},"primaryImageOfPage":{"@id":"https:\/\/tiandeproducts.co.uk\/lt\/maitinamasis-kremas-rankoms-sauletos-alyvuoges-80g\/#primaryimage"},"image":{"@id":"https:\/\/tiandeproducts.co.uk\/lt\/maitinamasis-kremas-rankoms-sauletos-alyvuoges-80g\/#primaryimage"},"thumbnailUrl":"https:\/\/tiandeproducts.co.uk\/wp-content\/uploads\/\u043a\u0440\u0435\u043c-\u0434\u043b\u044f-\u0440\u0443\u043a-\u00ab\u0421\u043e\u043b\u043d\u0435\u0447\u043d\u044b\u0435-\u043e\u043b\u0438\u0432\u043a\u0438\u00bb-\u043a\u043e\u0434-40109.png","datePublished":"2016-04-05T09:59:41+00:00","dateModified":"2024-12-12T02:16:34+00:00","breadcrumb":{"@id":"https:\/\/tiandeproducts.co.uk\/lt\/maitinamasis-kremas-rankoms-sauletos-alyvuoges-80g\/#breadcrumb"},"inLanguage":"lt-LT","potentialAction":[{"@type":"ReadAction","target":["https:\/\/tiandeproducts.co.uk\/lt\/maitinamasis-kremas-rankoms-sauletos-alyvuoges-80g\/"]}]},{"@type":"ImageObject","inLanguage":"lt-LT","@id":"https:\/\/tiandeproducts.co.uk\/lt\/maitinamasis-kremas-rankoms-sauletos-alyvuoges-80g\/#primaryimage","url":"https:\/\/tiandeproducts.co.uk\/wp-content\/uploads\/\u043a\u0440\u0435\u043c-\u0434\u043b\u044f-\u0440\u0443\u043a-\u00ab\u0421\u043e\u043b\u043d\u0435\u0447\u043d\u044b\u0435-\u043e\u043b\u0438\u0432\u043a\u0438\u00bb-\u043a\u043e\u0434-40109.png","contentUrl":"https:\/\/tiandeproducts.co.uk\/wp-content\/uploads\/\u043a\u0440\u0435\u043c-\u0434\u043b\u044f-\u0440\u0443\u043a-\u00ab\u0421\u043e\u043b\u043d\u0435\u0447\u043d\u044b\u0435-\u043e\u043b\u0438\u0432\u043a\u0438\u00bb-\u043a\u043e\u0434-40109.png","width":700,"height":700},{"@type":"BreadcrumbList","@id":"https:\/\/tiandeproducts.co.uk\/lt\/maitinamasis-kremas-rankoms-sauletos-alyvuoges-80g\/#breadcrumb","itemListElement":[{"@type":"ListItem","position":1,"name":"Home","item":"https:\/\/tiandeproducts.co.uk\/lt\/"},{"@type":"ListItem","position":2,"name":"Shop","item":"https:\/\/tiandeproducts.co.uk\/lt\/shop-2\/"},{"@type":"ListItem","position":3,"name":"Maitinamasis kremas rankoms \u201eSaul\u0117tos alyvuog\u0117s\u201c, 80g."}]},{"@type":"WebSite","@id":"https:\/\/tiandeproducts.co.uk\/#website","url":"https:\/\/tiandeproducts.co.uk\/","name":"TianDe Online Shop - Beauty & Health","description":"Traditional Chinese Medicine","potentialAction":[{"@type":"SearchAction","target":{"@type":"EntryPoint","urlTemplate":"https:\/\/tiandeproducts.co.uk\/?s={search_term_string}"},"query-input":{"@type":"PropertyValueSpecification","valueRequired":true,"valueName":"search_term_string"}}],"inLanguage":"lt-LT"}]}},"_links":{"self":[{"href":"https:\/\/tiandeproducts.co.uk\/lt\/wp-json\/wp\/v2\/product\/3810","targetHints":{"allow":["GET"]}}],"collection":[{"href":"https:\/\/tiandeproducts.co.uk\/lt\/wp-json\/wp\/v2\/product"}],"about":[{"href":"https:\/\/tiandeproducts.co.uk\/lt\/wp-json\/wp\/v2\/types\/product"}],"replies":[{"embeddable":true,"href":"https:\/\/tiandeproducts.co.uk\/lt\/wp-json\/wp\/v2\/comments?post=3810"}],"wp:featuredmedia":[{"embeddable":true,"href":"https:\/\/tiandeproducts.co.uk\/lt\/wp-json\/wp\/v2\/media\/3807"}],"wp:attachment":[{"href":"https:\/\/tiandeproducts.co.uk\/lt\/wp-json\/wp\/v2\/media?parent=3810"}],"wp:term":[{"taxonomy":"product_cat","embeddable":true,"href":"https:\/\/tiandeproducts.co.uk\/lt\/wp-json\/wp\/v2\/product_cat?post=3810"},{"taxonomy":"product_tag","embeddable":true,"href":"https:\/\/tiandeproducts.co.uk\/lt\/wp-json\/wp\/v2\/product_tag?post=3810"}],"curies":[{"name":"wp","href":"https:\/\/api.w.org\/{rel}","templated":true}]}}