{"id":3804,"date":"2016-12-13T23:49:37","date_gmt":"2016-12-13T23:49:37","guid":{"rendered":"https:\/\/tnd.ontesting.co.uk\/maitinamasis-kremas-rankoms-ir-kojoms-pievu-zoles-30g\/"},"modified":"2021-02-25T11:55:51","modified_gmt":"2021-02-25T11:55:51","slug":"maitinamasis-kremas-rankoms-ir-kojoms-pievu-zoles-30g","status":"publish","type":"product","link":"https:\/\/tiandeproducts.co.uk\/lt\/maitinamasis-kremas-rankoms-ir-kojoms-pievu-zoles-30g\/","title":{"rendered":"Maitinamasis kremas rankoms ir kojoms \u201ePiev\u0173 \u017eol\u0117s\u201c, 30g."},"content":{"rendered":"<p><img decoding=\"async\" style=\"max-width: 16px; margin-right: 5px;\" src=\"https:\/\/tiandeproducts.co.uk\/wp-content\/uploads\/points-green.svg\" \/>\u00a0Earn 2 points worth \u00a30.10 when buying this product<\/p>\n<p>Daugiafunkcinis kremas rankoms ir kojoms intensyviai dr\u0117kina, efektyviai i\u0161laiko dr\u0117gm\u0119 odoje, maitina, ramina sudirgimus, apsaugo nuo negatyvaus i\u0161or\u0117s poveikio, suteikia visapusi\u0161k\u0105 odos prie\u017ei\u016br\u0105. Aktyv\u016bs kremo komponentai gaivina, tonizuoja, stiprina apsaugin\u012f barjer\u0105, padeda i\u0161laikyti jaunatvi\u0161k\u0105 ir sveik\u0105 od\u0105, u\u017etikrina jos elastingum\u0105, stangrum\u0105 ir antibakterin\u0119 apsaug\u0105. Priemon\u0117 greitai \u012fsigeria, nebijo vandens. Be paraben\u0173 ir da\u017eikli\u0173.<\/p>\n<p>Ekonomi\u0161ka, mink\u0161ta pakuot\u0117 leid\u017eia naudoti auk\u0161tos kokyb\u0117s krem\u0105 u\u017e prieinam\u0105 kain\u0105 ir sunaudoti j\u012f iki paskutinio la\u0161o. 30 g. kremo pakaks ma\u017edaug m\u0117nesiui naudojant kasdien.<\/p>\n<p><strong>Veikliosios med\u017eiagos:<\/strong><\/p>\n<p><strong>\u0160alavijo ekstraktas<\/strong>\u00a0&#8211; fitoestrogen\u0173 \u0161altinis. \u0160is augalinis ekstraktas pasi\u017eymi puikiu antiseptiniu, sutraukian\u010diu ir antioksidantiniu poveikiu, turi antibakterini\u0173 ir antivirusini\u0173 savybi\u0173. \u0160alavijo fitoestrogenai padeda i\u0161saugoti odos jaunyst\u0119, neleid\u017eia atsirasti pirmoms rauk\u0161lel\u0117ms.<\/p>\n<p><strong>Vaistini\u0173 ramun\u0117li\u0173 ekstraktas<\/strong>\u00a0pasi\u017eymi raminan\u010diu, prie\u0161u\u017edegiminiu, antioksidaciniu ir antiseptiniu poveikiu, ma\u017eina skausm\u0105 ir nie\u017eul\u012f, pagreitina med\u017eiag\u0173 regeneracijos procesus.<\/p>\n<p><strong>Paprast\u0173j\u0173 jona\u017eoli\u0173 ekstraktas<\/strong>\u00a0turi antimikrobini\u0173 savybi\u0173, padeda pa\u0161alinti u\u017edegiminius procesus, stiprina kraujagysli\u0173 sieneles. Ekstrakte gausu eterinio aliejaus, karotino, organini\u0173 r\u016bg\u0161\u010di\u0173, PP, C vitamino, mineralini\u0173 drusk\u0173.<\/p>\n<p><strong>Alyvuogi\u0173 aliejus<\/strong>\u00a0yra vienas i\u0161 vertingiausi\u0173 odos kosmetikos komponent\u0173. Jis pasi\u017eyminti maitinamosiomis, regeneruojamosiomis, mink\u0161tinamosiomis ir apsaugin\u0117mis savyb\u0117mis. Alyvuogi\u0173 aliejuje esantis linolenin\u0117s r\u016bg\u0161ties kiekis yra identi\u0161kas motinos pieno sud\u0117tyje esan\u010diam \u0161ios r\u016bg\u0161ties kiekiui. Oleinin\u0117 r\u016bg\u0161tis stiprina epidermin\u012f odos barjer\u0105, saugo dr\u0117gm\u0119. Alyvuogi\u0173 aliejuje yra didelis kiekis vitamino A, D, K ir E, kuris dar yra vadinamas jaunyst\u0117s vitaminu, d\u0117l jo ypatingosios savyb\u0117s saugoti od\u0105 nuo laisv\u0173j\u0173 radikal\u0173 poveikio. Vitaminas E \u012feina \u012f reikalingiausi\u0173 odai vitamin\u0173 top 3.<\/p>\n<p><strong>Pipirm\u0117\u010di\u0173 aliejus<\/strong>\u00a0gerina kraujotak\u0105 ir med\u017eiag\u0173 apykait\u0105 l\u0105stel\u0117se, ma\u017eina u\u017edegimus, odos paraudimus, v\u0117sina. Suteikia malon\u0173 gaivos poj\u016bt\u012f, rekomenduojamas esant jautriai, sudirgusiai odai.<\/p>\n","protected":false},"excerpt":{"rendered":"<p>\u00a0Earn 2 points worth \u00a30.10 when buying this product Daugiafunkcinis kremas rankoms ir kojoms intensyviai dr\u0117kina, efektyviai i\u0161laiko dr\u0117gm\u0119 odoje, maitina, ramina sudirgimus, apsaugo nuo negatyvaus i\u0161or\u0117s poveikio, suteikia visapusi\u0161k\u0105 odos prie\u017ei\u016br\u0105. Aktyv\u016bs kremo komponentai gaivina, tonizuoja, stiprina apsaugin\u012f barjer\u0105, padeda i\u0161laikyti jaunatvi\u0161k\u0105 ir sveik\u0105 od\u0105, u\u017etikrina jos elastingum\u0105, stangrum\u0105 ir antibakterin\u0119 apsaug\u0105. Priemon\u0117 greitai [&#8230;]\n","protected":false},"featured_media":1449,"comment_status":"closed","ping_status":"closed","template":"","meta":[],"product_cat":[500,512,497,514],"product_tag":[],"class_list":{"0":"post-3804","1":"product","2":"type-product","3":"status-publish","4":"has-post-thumbnail","6":"product_cat-altai-lt","7":"product_cat-koju-prieziura","8":"product_cat-kunui","9":"product_cat-ranku-prieziura","11":"first","12":"outofstock","13":"shipping-taxable","14":"purchasable","15":"product-type-simple"},"yoast_head":"<!-- This site is optimized with the Yoast SEO plugin v23.6 - https:\/\/yoast.com\/wordpress\/plugins\/seo\/ -->\n<title>Maitinamasis kremas rankoms ir kojoms \u201ePiev\u0173 \u017eol\u0117s\u201c, 30g. - TianDe Online Shop - Beauty &amp; Health<\/title>\n<meta name=\"robots\" content=\"index, follow, max-snippet:-1, max-image-preview:large, max-video-preview:-1\" \/>\n<link rel=\"canonical\" href=\"https:\/\/tiandeproducts.co.uk\/lt\/maitinamasis-kremas-rankoms-ir-kojoms-pievu-zoles-30g\/\" \/>\n<meta property=\"og:locale\" content=\"lt_LT\" \/>\n<meta property=\"og:type\" content=\"article\" \/>\n<meta property=\"og:title\" content=\"Maitinamasis kremas rankoms ir kojoms \u201ePiev\u0173 \u017eol\u0117s\u201c, 30g. - TianDe Online Shop - Beauty &amp; Health\" \/>\n<meta property=\"og:description\" content=\"\u00a0Earn 2 points worth \u00a30.10 when buying this product Daugiafunkcinis kremas rankoms ir kojoms intensyviai dr\u0117kina, efektyviai i\u0161laiko dr\u0117gm\u0119 odoje, maitina, ramina sudirgimus, apsaugo nuo negatyvaus i\u0161or\u0117s poveikio, suteikia visapusi\u0161k\u0105 odos prie\u017ei\u016br\u0105. Aktyv\u016bs kremo komponentai gaivina, tonizuoja, stiprina apsaugin\u012f barjer\u0105, padeda i\u0161laikyti jaunatvi\u0161k\u0105 ir sveik\u0105 od\u0105, u\u017etikrina jos elastingum\u0105, stangrum\u0105 ir antibakterin\u0119 apsaug\u0105. Priemon\u0117 greitai [...]\" \/>\n<meta property=\"og:url\" content=\"https:\/\/tiandeproducts.co.uk\/lt\/maitinamasis-kremas-rankoms-ir-kojoms-pievu-zoles-30g\/\" \/>\n<meta property=\"og:site_name\" content=\"TianDe Online Shop - Beauty &amp; Health\" \/>\n<meta property=\"article:publisher\" content=\"https:\/\/www.facebook.com\/tiande.products.england\/\" \/>\n<meta property=\"article:modified_time\" content=\"2021-02-25T11:55:51+00:00\" \/>\n<meta property=\"og:image\" content=\"https:\/\/tiandeproducts.co.uk\/wp-content\/uploads\/2016\/12\/44412.jpg\" \/>\n\t<meta property=\"og:image:width\" content=\"700\" \/>\n\t<meta property=\"og:image:height\" content=\"700\" \/>\n\t<meta property=\"og:image:type\" content=\"image\/jpeg\" \/>\n<meta name=\"twitter:card\" content=\"summary_large_image\" \/>\n<meta name=\"twitter:label1\" content=\"Est. reading time\" \/>\n\t<meta name=\"twitter:data1\" content=\"2 minut\u0117s\" \/>\n<script type=\"application\/ld+json\" class=\"yoast-schema-graph\">{\"@context\":\"https:\/\/schema.org\",\"@graph\":[{\"@type\":\"WebPage\",\"@id\":\"https:\/\/tiandeproducts.co.uk\/lt\/maitinamasis-kremas-rankoms-ir-kojoms-pievu-zoles-30g\/\",\"url\":\"https:\/\/tiandeproducts.co.uk\/lt\/maitinamasis-kremas-rankoms-ir-kojoms-pievu-zoles-30g\/\",\"name\":\"Maitinamasis kremas rankoms ir kojoms \u201ePiev\u0173 \u017eol\u0117s\u201c, 30g. - TianDe Online Shop - Beauty &amp; Health\",\"isPartOf\":{\"@id\":\"https:\/\/tiandeproducts.co.uk\/#website\"},\"primaryImageOfPage\":{\"@id\":\"https:\/\/tiandeproducts.co.uk\/lt\/maitinamasis-kremas-rankoms-ir-kojoms-pievu-zoles-30g\/#primaryimage\"},\"image\":{\"@id\":\"https:\/\/tiandeproducts.co.uk\/lt\/maitinamasis-kremas-rankoms-ir-kojoms-pievu-zoles-30g\/#primaryimage\"},\"thumbnailUrl\":\"https:\/\/tiandeproducts.co.uk\/wp-content\/uploads\/2016\/12\/44412.jpg\",\"datePublished\":\"2016-12-13T23:49:37+00:00\",\"dateModified\":\"2021-02-25T11:55:51+00:00\",\"breadcrumb\":{\"@id\":\"https:\/\/tiandeproducts.co.uk\/lt\/maitinamasis-kremas-rankoms-ir-kojoms-pievu-zoles-30g\/#breadcrumb\"},\"inLanguage\":\"lt-LT\",\"potentialAction\":[{\"@type\":\"ReadAction\",\"target\":[\"https:\/\/tiandeproducts.co.uk\/lt\/maitinamasis-kremas-rankoms-ir-kojoms-pievu-zoles-30g\/\"]}]},{\"@type\":\"ImageObject\",\"inLanguage\":\"lt-LT\",\"@id\":\"https:\/\/tiandeproducts.co.uk\/lt\/maitinamasis-kremas-rankoms-ir-kojoms-pievu-zoles-30g\/#primaryimage\",\"url\":\"https:\/\/tiandeproducts.co.uk\/wp-content\/uploads\/2016\/12\/44412.jpg\",\"contentUrl\":\"https:\/\/tiandeproducts.co.uk\/wp-content\/uploads\/2016\/12\/44412.jpg\",\"width\":700,\"height\":700,\"caption\":\"Complex Cream for Hands and Feet \\\"Meadow Herbs\\\",30g-0\"},{\"@type\":\"BreadcrumbList\",\"@id\":\"https:\/\/tiandeproducts.co.uk\/lt\/maitinamasis-kremas-rankoms-ir-kojoms-pievu-zoles-30g\/#breadcrumb\",\"itemListElement\":[{\"@type\":\"ListItem\",\"position\":1,\"name\":\"Home\",\"item\":\"https:\/\/tiandeproducts.co.uk\/lt\/\"},{\"@type\":\"ListItem\",\"position\":2,\"name\":\"Shop\",\"item\":\"https:\/\/tiandeproducts.co.uk\/lt\/shop-2\/\"},{\"@type\":\"ListItem\",\"position\":3,\"name\":\"Maitinamasis kremas rankoms ir kojoms \u201ePiev\u0173 \u017eol\u0117s\u201c, 30g.\"}]},{\"@type\":\"WebSite\",\"@id\":\"https:\/\/tiandeproducts.co.uk\/#website\",\"url\":\"https:\/\/tiandeproducts.co.uk\/\",\"name\":\"TianDe Online Shop - Beauty & Health\",\"description\":\"Traditional Chinese Medicine\",\"potentialAction\":[{\"@type\":\"SearchAction\",\"target\":{\"@type\":\"EntryPoint\",\"urlTemplate\":\"https:\/\/tiandeproducts.co.uk\/?s={search_term_string}\"},\"query-input\":{\"@type\":\"PropertyValueSpecification\",\"valueRequired\":true,\"valueName\":\"search_term_string\"}}],\"inLanguage\":\"lt-LT\"}]}<\/script>\n<!-- \/ Yoast SEO plugin. -->","yoast_head_json":{"title":"Maitinamasis kremas rankoms ir kojoms \u201ePiev\u0173 \u017eol\u0117s\u201c, 30g. - TianDe Online Shop - Beauty &amp; Health","robots":{"index":"index","follow":"follow","max-snippet":"max-snippet:-1","max-image-preview":"max-image-preview:large","max-video-preview":"max-video-preview:-1"},"canonical":"https:\/\/tiandeproducts.co.uk\/lt\/maitinamasis-kremas-rankoms-ir-kojoms-pievu-zoles-30g\/","og_locale":"lt_LT","og_type":"article","og_title":"Maitinamasis kremas rankoms ir kojoms \u201ePiev\u0173 \u017eol\u0117s\u201c, 30g. - TianDe Online Shop - Beauty &amp; Health","og_description":"\u00a0Earn 2 points worth \u00a30.10 when buying this product Daugiafunkcinis kremas rankoms ir kojoms intensyviai dr\u0117kina, efektyviai i\u0161laiko dr\u0117gm\u0119 odoje, maitina, ramina sudirgimus, apsaugo nuo negatyvaus i\u0161or\u0117s poveikio, suteikia visapusi\u0161k\u0105 odos prie\u017ei\u016br\u0105. Aktyv\u016bs kremo komponentai gaivina, tonizuoja, stiprina apsaugin\u012f barjer\u0105, padeda i\u0161laikyti jaunatvi\u0161k\u0105 ir sveik\u0105 od\u0105, u\u017etikrina jos elastingum\u0105, stangrum\u0105 ir antibakterin\u0119 apsaug\u0105. Priemon\u0117 greitai [...]","og_url":"https:\/\/tiandeproducts.co.uk\/lt\/maitinamasis-kremas-rankoms-ir-kojoms-pievu-zoles-30g\/","og_site_name":"TianDe Online Shop - Beauty &amp; Health","article_publisher":"https:\/\/www.facebook.com\/tiande.products.england\/","article_modified_time":"2021-02-25T11:55:51+00:00","og_image":[{"width":700,"height":700,"url":"https:\/\/tiandeproducts.co.uk\/wp-content\/uploads\/2016\/12\/44412.jpg","type":"image\/jpeg"}],"twitter_card":"summary_large_image","twitter_misc":{"Est. reading time":"2 minut\u0117s"},"schema":{"@context":"https:\/\/schema.org","@graph":[{"@type":"WebPage","@id":"https:\/\/tiandeproducts.co.uk\/lt\/maitinamasis-kremas-rankoms-ir-kojoms-pievu-zoles-30g\/","url":"https:\/\/tiandeproducts.co.uk\/lt\/maitinamasis-kremas-rankoms-ir-kojoms-pievu-zoles-30g\/","name":"Maitinamasis kremas rankoms ir kojoms \u201ePiev\u0173 \u017eol\u0117s\u201c, 30g. - TianDe Online Shop - Beauty &amp; Health","isPartOf":{"@id":"https:\/\/tiandeproducts.co.uk\/#website"},"primaryImageOfPage":{"@id":"https:\/\/tiandeproducts.co.uk\/lt\/maitinamasis-kremas-rankoms-ir-kojoms-pievu-zoles-30g\/#primaryimage"},"image":{"@id":"https:\/\/tiandeproducts.co.uk\/lt\/maitinamasis-kremas-rankoms-ir-kojoms-pievu-zoles-30g\/#primaryimage"},"thumbnailUrl":"https:\/\/tiandeproducts.co.uk\/wp-content\/uploads\/2016\/12\/44412.jpg","datePublished":"2016-12-13T23:49:37+00:00","dateModified":"2021-02-25T11:55:51+00:00","breadcrumb":{"@id":"https:\/\/tiandeproducts.co.uk\/lt\/maitinamasis-kremas-rankoms-ir-kojoms-pievu-zoles-30g\/#breadcrumb"},"inLanguage":"lt-LT","potentialAction":[{"@type":"ReadAction","target":["https:\/\/tiandeproducts.co.uk\/lt\/maitinamasis-kremas-rankoms-ir-kojoms-pievu-zoles-30g\/"]}]},{"@type":"ImageObject","inLanguage":"lt-LT","@id":"https:\/\/tiandeproducts.co.uk\/lt\/maitinamasis-kremas-rankoms-ir-kojoms-pievu-zoles-30g\/#primaryimage","url":"https:\/\/tiandeproducts.co.uk\/wp-content\/uploads\/2016\/12\/44412.jpg","contentUrl":"https:\/\/tiandeproducts.co.uk\/wp-content\/uploads\/2016\/12\/44412.jpg","width":700,"height":700,"caption":"Complex Cream for Hands and Feet \"Meadow Herbs\",30g-0"},{"@type":"BreadcrumbList","@id":"https:\/\/tiandeproducts.co.uk\/lt\/maitinamasis-kremas-rankoms-ir-kojoms-pievu-zoles-30g\/#breadcrumb","itemListElement":[{"@type":"ListItem","position":1,"name":"Home","item":"https:\/\/tiandeproducts.co.uk\/lt\/"},{"@type":"ListItem","position":2,"name":"Shop","item":"https:\/\/tiandeproducts.co.uk\/lt\/shop-2\/"},{"@type":"ListItem","position":3,"name":"Maitinamasis kremas rankoms ir kojoms \u201ePiev\u0173 \u017eol\u0117s\u201c, 30g."}]},{"@type":"WebSite","@id":"https:\/\/tiandeproducts.co.uk\/#website","url":"https:\/\/tiandeproducts.co.uk\/","name":"TianDe Online Shop - Beauty & Health","description":"Traditional Chinese Medicine","potentialAction":[{"@type":"SearchAction","target":{"@type":"EntryPoint","urlTemplate":"https:\/\/tiandeproducts.co.uk\/?s={search_term_string}"},"query-input":{"@type":"PropertyValueSpecification","valueRequired":true,"valueName":"search_term_string"}}],"inLanguage":"lt-LT"}]}},"_links":{"self":[{"href":"https:\/\/tiandeproducts.co.uk\/lt\/wp-json\/wp\/v2\/product\/3804","targetHints":{"allow":["GET"]}}],"collection":[{"href":"https:\/\/tiandeproducts.co.uk\/lt\/wp-json\/wp\/v2\/product"}],"about":[{"href":"https:\/\/tiandeproducts.co.uk\/lt\/wp-json\/wp\/v2\/types\/product"}],"replies":[{"embeddable":true,"href":"https:\/\/tiandeproducts.co.uk\/lt\/wp-json\/wp\/v2\/comments?post=3804"}],"wp:featuredmedia":[{"embeddable":true,"href":"https:\/\/tiandeproducts.co.uk\/lt\/wp-json\/wp\/v2\/media\/1449"}],"wp:attachment":[{"href":"https:\/\/tiandeproducts.co.uk\/lt\/wp-json\/wp\/v2\/media?parent=3804"}],"wp:term":[{"taxonomy":"product_cat","embeddable":true,"href":"https:\/\/tiandeproducts.co.uk\/lt\/wp-json\/wp\/v2\/product_cat?post=3804"},{"taxonomy":"product_tag","embeddable":true,"href":"https:\/\/tiandeproducts.co.uk\/lt\/wp-json\/wp\/v2\/product_tag?post=3804"}],"curies":[{"name":"wp","href":"https:\/\/api.w.org\/{rel}","templated":true}]}}