{"id":3803,"date":"2016-11-04T13:31:08","date_gmt":"2016-11-04T13:31:08","guid":{"rendered":"https:\/\/tnd.ontesting.co.uk\/maitinamasis-saltalankiu-kremas-rankoms-30g\/"},"modified":"2022-01-14T21:07:20","modified_gmt":"2022-01-14T21:07:20","slug":"maitinamasis-saltalankiu-kremas-rankoms-30g","status":"publish","type":"product","link":"https:\/\/tiandeproducts.co.uk\/lt\/maitinamasis-saltalankiu-kremas-rankoms-30g\/","title":{"rendered":"Maitinamasis \u0161altalanki\u0173 kremas rankoms, 30g."},"content":{"rendered":"<p><img decoding=\"async\" style=\"max-width: 16px; margin-right: 5px;\" src=\"https:\/\/tiandeproducts.co.uk\/wp-content\/uploads\/points-green.svg\" \/>\u00a0Earn 2 points worth \u00a30.10 when buying this product<\/p>\n<p>Rank\u0173 kremas su \u0161altalanki\u0173 s\u0117kl\u0173 ekstraktu intensyviai dr\u0117kina, maitina, suteikia ypating\u0105 apsaug\u0105 visai rank\u0173 odai. \u0160is ekstraktas padeda vis\u0173 audini\u0173 regeneracijai, tod\u0117l tai puiki pagalba nu\u0161alus rankas, patyrus nudegimus, turint sunkiai gyjan\u010dias \u017eaizdas ar \u0161altuoju sezonu, kai oda ima \u0161erpetoti, saus\u0117ti, per\u0161t\u0117ti. Aktyv\u016bs kremo komponentai atkuria ir atjaunina rank\u0173 od\u0105, sustiprina odeles aplink nagus bei pa\u010dius nagus, padeda i\u0161laikyti jaunatvi\u0161k\u0105 ir sveik\u0105 rank\u0173 od\u0105, u\u017etikrina jos elastingum\u0105, stangrum\u0105 ir antibakterin\u0119 apsaug\u0105. Be paraben\u0173 ir da\u017eikli\u0173.<\/p>\n<p>Ekonomi\u0161ka, mink\u0161ta pakuot\u0117 leid\u017eia naudoti auk\u0161tos kokyb\u0117s krem\u0105 u\u017e prieinam\u0105 kain\u0105 ir sunaudoti j\u012f iki paskutinio la\u0161o. 30 g. kremo pakaks ma\u017edaug m\u0117nesiui naudojant kasdien.<\/p>\n<p><strong>Veikliosios med\u017eiagos:<\/strong><\/p>\n<p><strong>Dygliuotojo \u0161altalankio s\u0117kl\u0173 ekstraktas<\/strong>\u00a0yra nat\u016bralus vitamin\u0173, organini\u0173 ir riebalini\u0173 r\u016bg\u0161\u010di\u0173, eterini\u0173 aliej\u0173 ir kit\u0173 med\u017eiag\u0173 \u0161altinis, jame yra didelis beta karotino, riebi\u0173j\u0173 r\u016bg\u0161\u010di\u0173 omega-3, omega-6, omega-7 ir omega-9 kiekis. Dygliuotasis \u0161altalankis auga at\u0161iauraus ir \u0161alto klimato s\u0105lygomis, tod\u0117l sukaupia adaptogenines ir antioksidantines savybes, kurios v\u0117liau padeda i\u0161saugoti bei puosel\u0117ti gro\u017e\u012f ir sveikat\u0105. Aktyviosios med\u017eiagos ramina sudirgusi\u0105, linkusi\u0105 rausti od\u0105, atstato j\u0105 po saul\u0117s nudegim\u0173, puikiai mink\u0161tina, lygina, su\u0161velnina ir suteikia elastingumo, patikimai apsaugo od\u0105 nuo i\u0161saus\u0117jimo.<\/p>\n<p><strong>Alyvuogi\u0173 aliejus<\/strong>\u00a0yra vienas i\u0161 vertingiausi\u0173 odos kosmetikos komponent\u0173. Jis pasi\u017eyminti maitinamosiomis, regeneruojamosiomis, mink\u0161tinamosiomis ir apsaugin\u0117mis savyb\u0117mis. Alyvuogi\u0173 aliejuje esantis linolenin\u0117s r\u016bg\u0161ties kiekis yra identi\u0161kas motinos pieno sud\u0117tyje esan\u010diam \u0161ios r\u016bg\u0161ties kiekiui. Oleinin\u0117 r\u016bg\u0161tis stiprina epidermin\u012f odos barjer\u0105, saugo dr\u0117gm\u0119. Alyvuogi\u0173 aliejuje yra didelis kiekis vitamino A, D, K ir E, kuris dar yra vadinamas jaunyst\u0117s vitaminu, d\u0117l jo ypatingosios savyb\u0117s saugoti od\u0105 nuo laisv\u0173j\u0173 radikal\u0173 poveikio. Vitaminas E \u012feina \u012f reikalingiausi\u0173 odai vitamin\u0173 top 3.<\/p>\n<p><strong>Pantenolis (provitaminas B5)<\/strong>\u00a0&#8211; dermatoprotektorius &#8211; skatina audini\u0173 regeneracij\u0105, efektyviai ir greitai panaikina odos sudirgimus, veikia od\u0105 kaip dr\u0117kiklis, apsaugo j\u0105 nuo kenksmingo aplinkos poveikio. Aktyviosios med\u017eiagos efektyviai u\u017egydo odos \u017eaizdeles ir mikro \u012ftr\u016bkimus, pasi\u017eymi prie\u0161u\u017edegimin\u0117mis, antibakterin\u0117mis ir skausm\u0105 mal\u0161inan\u010diomis savyb\u0117mis.<\/p>\n<p><strong>Vitaminas E<\/strong>\u00a0\u2013 mikroelementas, turintis stiprias antioksidantines savybes. Jis maitina ir dr\u0117kina od\u0105, stiprina epidermio hidrolipidin\u012f barjer\u0105, apsaugo nuo negatyvaus UV spinduli\u0173 poveikio, suma\u017eina randus po akn\u0117s. Vitaminas E pagreitina pa\u017eeist\u0173 odos l\u0105steli\u0173 gijim\u0105, apsaugo nuo negatyvaus laisv\u0173j\u0173 radikal\u0173 poveikio.<\/p>\n<p><strong>Pipirm\u0117t\u0117s aliejus<\/strong>\u00a0pagerina kraujo apytak\u0105 ir l\u0105steli\u0173 metabolizmo procesus, \u0161velniai mal\u0161ina skausm\u0105, nie\u017eul\u012f, per\u0161t\u0117jim\u0105, gaivina ir naikina nemalon\u0173 kvap\u0105. Aliejus pla\u010diai vartojamas \u012fvairiems skausmams mal\u0161inti, sporto traumoms gydyti.<\/p>\n","protected":false},"excerpt":{"rendered":"<p>\u00a0Earn 2 points worth \u00a30.10 when buying this product Rank\u0173 kremas su \u0161altalanki\u0173 s\u0117kl\u0173 ekstraktu intensyviai dr\u0117kina, maitina, suteikia ypating\u0105 apsaug\u0105 visai rank\u0173 odai. \u0160is ekstraktas padeda vis\u0173 audini\u0173 regeneracijai, tod\u0117l tai puiki pagalba nu\u0161alus rankas, patyrus nudegimus, turint sunkiai gyjan\u010dias \u017eaizdas ar \u0161altuoju sezonu, kai oda ima \u0161erpetoti, saus\u0117ti, per\u0161t\u0117ti. Aktyv\u016bs kremo komponentai atkuria [&#8230;]\n","protected":false},"featured_media":1395,"comment_status":"closed","ping_status":"closed","template":"","meta":[],"product_cat":[500,497,514],"product_tag":[],"class_list":{"0":"post-3803","1":"product","2":"type-product","3":"status-publish","4":"has-post-thumbnail","6":"product_cat-altai-lt","7":"product_cat-kunui","8":"product_cat-ranku-prieziura","10":"first","11":"outofstock","12":"shipping-taxable","13":"purchasable","14":"product-type-simple"},"yoast_head":"<!-- This site is optimized with the Yoast SEO plugin v23.6 - https:\/\/yoast.com\/wordpress\/plugins\/seo\/ -->\n<title>Maitinamasis \u0161altalanki\u0173 kremas rankoms, 30g. - TianDe Online Shop - Beauty &amp; Health<\/title>\n<meta name=\"robots\" content=\"index, follow, max-snippet:-1, max-image-preview:large, max-video-preview:-1\" \/>\n<link rel=\"canonical\" href=\"https:\/\/tiandeproducts.co.uk\/lt\/maitinamasis-saltalankiu-kremas-rankoms-30g\/\" \/>\n<meta property=\"og:locale\" content=\"lt_LT\" \/>\n<meta property=\"og:type\" content=\"article\" \/>\n<meta property=\"og:title\" content=\"Maitinamasis \u0161altalanki\u0173 kremas rankoms, 30g. - TianDe Online Shop - Beauty &amp; Health\" \/>\n<meta property=\"og:description\" content=\"\u00a0Earn 2 points worth \u00a30.10 when buying this product Rank\u0173 kremas su \u0161altalanki\u0173 s\u0117kl\u0173 ekstraktu intensyviai dr\u0117kina, maitina, suteikia ypating\u0105 apsaug\u0105 visai rank\u0173 odai. \u0160is ekstraktas padeda vis\u0173 audini\u0173 regeneracijai, tod\u0117l tai puiki pagalba nu\u0161alus rankas, patyrus nudegimus, turint sunkiai gyjan\u010dias \u017eaizdas ar \u0161altuoju sezonu, kai oda ima \u0161erpetoti, saus\u0117ti, per\u0161t\u0117ti. Aktyv\u016bs kremo komponentai atkuria [...]\" \/>\n<meta property=\"og:url\" content=\"https:\/\/tiandeproducts.co.uk\/lt\/maitinamasis-saltalankiu-kremas-rankoms-30g\/\" \/>\n<meta property=\"og:site_name\" content=\"TianDe Online Shop - Beauty &amp; Health\" \/>\n<meta property=\"article:publisher\" content=\"https:\/\/www.facebook.com\/tiande.products.england\/\" \/>\n<meta property=\"article:modified_time\" content=\"2022-01-14T21:07:20+00:00\" \/>\n<meta property=\"og:image\" content=\"https:\/\/tiandeproducts.co.uk\/wp-content\/uploads\/2016\/11\/44410.jpg\" \/>\n\t<meta property=\"og:image:width\" content=\"700\" \/>\n\t<meta property=\"og:image:height\" content=\"700\" \/>\n\t<meta property=\"og:image:type\" content=\"image\/jpeg\" \/>\n<meta name=\"twitter:card\" content=\"summary_large_image\" \/>\n<meta name=\"twitter:label1\" content=\"Est. reading time\" \/>\n\t<meta name=\"twitter:data1\" content=\"2 minut\u0117s\" \/>\n<script type=\"application\/ld+json\" class=\"yoast-schema-graph\">{\"@context\":\"https:\/\/schema.org\",\"@graph\":[{\"@type\":\"WebPage\",\"@id\":\"https:\/\/tiandeproducts.co.uk\/lt\/maitinamasis-saltalankiu-kremas-rankoms-30g\/\",\"url\":\"https:\/\/tiandeproducts.co.uk\/lt\/maitinamasis-saltalankiu-kremas-rankoms-30g\/\",\"name\":\"Maitinamasis \u0161altalanki\u0173 kremas rankoms, 30g. - TianDe Online Shop - Beauty &amp; Health\",\"isPartOf\":{\"@id\":\"https:\/\/tiandeproducts.co.uk\/#website\"},\"primaryImageOfPage\":{\"@id\":\"https:\/\/tiandeproducts.co.uk\/lt\/maitinamasis-saltalankiu-kremas-rankoms-30g\/#primaryimage\"},\"image\":{\"@id\":\"https:\/\/tiandeproducts.co.uk\/lt\/maitinamasis-saltalankiu-kremas-rankoms-30g\/#primaryimage\"},\"thumbnailUrl\":\"https:\/\/tiandeproducts.co.uk\/wp-content\/uploads\/2016\/11\/44410.jpg\",\"datePublished\":\"2016-11-04T13:31:08+00:00\",\"dateModified\":\"2022-01-14T21:07:20+00:00\",\"breadcrumb\":{\"@id\":\"https:\/\/tiandeproducts.co.uk\/lt\/maitinamasis-saltalankiu-kremas-rankoms-30g\/#breadcrumb\"},\"inLanguage\":\"lt-LT\",\"potentialAction\":[{\"@type\":\"ReadAction\",\"target\":[\"https:\/\/tiandeproducts.co.uk\/lt\/maitinamasis-saltalankiu-kremas-rankoms-30g\/\"]}]},{\"@type\":\"ImageObject\",\"inLanguage\":\"lt-LT\",\"@id\":\"https:\/\/tiandeproducts.co.uk\/lt\/maitinamasis-saltalankiu-kremas-rankoms-30g\/#primaryimage\",\"url\":\"https:\/\/tiandeproducts.co.uk\/wp-content\/uploads\/2016\/11\/44410.jpg\",\"contentUrl\":\"https:\/\/tiandeproducts.co.uk\/wp-content\/uploads\/2016\/11\/44410.jpg\",\"width\":700,\"height\":700,\"caption\":\"SEA BUCKTHORN NOURISHING HAND CREAM, 30G-0\"},{\"@type\":\"BreadcrumbList\",\"@id\":\"https:\/\/tiandeproducts.co.uk\/lt\/maitinamasis-saltalankiu-kremas-rankoms-30g\/#breadcrumb\",\"itemListElement\":[{\"@type\":\"ListItem\",\"position\":1,\"name\":\"Home\",\"item\":\"https:\/\/tiandeproducts.co.uk\/lt\/\"},{\"@type\":\"ListItem\",\"position\":2,\"name\":\"Shop\",\"item\":\"https:\/\/tiandeproducts.co.uk\/lt\/shop-2\/\"},{\"@type\":\"ListItem\",\"position\":3,\"name\":\"Maitinamasis \u0161altalanki\u0173 kremas rankoms, 30g.\"}]},{\"@type\":\"WebSite\",\"@id\":\"https:\/\/tiandeproducts.co.uk\/#website\",\"url\":\"https:\/\/tiandeproducts.co.uk\/\",\"name\":\"TianDe Online Shop - Beauty & Health\",\"description\":\"Traditional Chinese Medicine\",\"potentialAction\":[{\"@type\":\"SearchAction\",\"target\":{\"@type\":\"EntryPoint\",\"urlTemplate\":\"https:\/\/tiandeproducts.co.uk\/?s={search_term_string}\"},\"query-input\":{\"@type\":\"PropertyValueSpecification\",\"valueRequired\":true,\"valueName\":\"search_term_string\"}}],\"inLanguage\":\"lt-LT\"}]}<\/script>\n<!-- \/ Yoast SEO plugin. -->","yoast_head_json":{"title":"Maitinamasis \u0161altalanki\u0173 kremas rankoms, 30g. - TianDe Online Shop - Beauty &amp; Health","robots":{"index":"index","follow":"follow","max-snippet":"max-snippet:-1","max-image-preview":"max-image-preview:large","max-video-preview":"max-video-preview:-1"},"canonical":"https:\/\/tiandeproducts.co.uk\/lt\/maitinamasis-saltalankiu-kremas-rankoms-30g\/","og_locale":"lt_LT","og_type":"article","og_title":"Maitinamasis \u0161altalanki\u0173 kremas rankoms, 30g. - TianDe Online Shop - Beauty &amp; Health","og_description":"\u00a0Earn 2 points worth \u00a30.10 when buying this product Rank\u0173 kremas su \u0161altalanki\u0173 s\u0117kl\u0173 ekstraktu intensyviai dr\u0117kina, maitina, suteikia ypating\u0105 apsaug\u0105 visai rank\u0173 odai. \u0160is ekstraktas padeda vis\u0173 audini\u0173 regeneracijai, tod\u0117l tai puiki pagalba nu\u0161alus rankas, patyrus nudegimus, turint sunkiai gyjan\u010dias \u017eaizdas ar \u0161altuoju sezonu, kai oda ima \u0161erpetoti, saus\u0117ti, per\u0161t\u0117ti. Aktyv\u016bs kremo komponentai atkuria [...]","og_url":"https:\/\/tiandeproducts.co.uk\/lt\/maitinamasis-saltalankiu-kremas-rankoms-30g\/","og_site_name":"TianDe Online Shop - Beauty &amp; Health","article_publisher":"https:\/\/www.facebook.com\/tiande.products.england\/","article_modified_time":"2022-01-14T21:07:20+00:00","og_image":[{"width":700,"height":700,"url":"https:\/\/tiandeproducts.co.uk\/wp-content\/uploads\/2016\/11\/44410.jpg","type":"image\/jpeg"}],"twitter_card":"summary_large_image","twitter_misc":{"Est. reading time":"2 minut\u0117s"},"schema":{"@context":"https:\/\/schema.org","@graph":[{"@type":"WebPage","@id":"https:\/\/tiandeproducts.co.uk\/lt\/maitinamasis-saltalankiu-kremas-rankoms-30g\/","url":"https:\/\/tiandeproducts.co.uk\/lt\/maitinamasis-saltalankiu-kremas-rankoms-30g\/","name":"Maitinamasis \u0161altalanki\u0173 kremas rankoms, 30g. - TianDe Online Shop - Beauty &amp; Health","isPartOf":{"@id":"https:\/\/tiandeproducts.co.uk\/#website"},"primaryImageOfPage":{"@id":"https:\/\/tiandeproducts.co.uk\/lt\/maitinamasis-saltalankiu-kremas-rankoms-30g\/#primaryimage"},"image":{"@id":"https:\/\/tiandeproducts.co.uk\/lt\/maitinamasis-saltalankiu-kremas-rankoms-30g\/#primaryimage"},"thumbnailUrl":"https:\/\/tiandeproducts.co.uk\/wp-content\/uploads\/2016\/11\/44410.jpg","datePublished":"2016-11-04T13:31:08+00:00","dateModified":"2022-01-14T21:07:20+00:00","breadcrumb":{"@id":"https:\/\/tiandeproducts.co.uk\/lt\/maitinamasis-saltalankiu-kremas-rankoms-30g\/#breadcrumb"},"inLanguage":"lt-LT","potentialAction":[{"@type":"ReadAction","target":["https:\/\/tiandeproducts.co.uk\/lt\/maitinamasis-saltalankiu-kremas-rankoms-30g\/"]}]},{"@type":"ImageObject","inLanguage":"lt-LT","@id":"https:\/\/tiandeproducts.co.uk\/lt\/maitinamasis-saltalankiu-kremas-rankoms-30g\/#primaryimage","url":"https:\/\/tiandeproducts.co.uk\/wp-content\/uploads\/2016\/11\/44410.jpg","contentUrl":"https:\/\/tiandeproducts.co.uk\/wp-content\/uploads\/2016\/11\/44410.jpg","width":700,"height":700,"caption":"SEA BUCKTHORN NOURISHING HAND CREAM, 30G-0"},{"@type":"BreadcrumbList","@id":"https:\/\/tiandeproducts.co.uk\/lt\/maitinamasis-saltalankiu-kremas-rankoms-30g\/#breadcrumb","itemListElement":[{"@type":"ListItem","position":1,"name":"Home","item":"https:\/\/tiandeproducts.co.uk\/lt\/"},{"@type":"ListItem","position":2,"name":"Shop","item":"https:\/\/tiandeproducts.co.uk\/lt\/shop-2\/"},{"@type":"ListItem","position":3,"name":"Maitinamasis \u0161altalanki\u0173 kremas rankoms, 30g."}]},{"@type":"WebSite","@id":"https:\/\/tiandeproducts.co.uk\/#website","url":"https:\/\/tiandeproducts.co.uk\/","name":"TianDe Online Shop - Beauty & Health","description":"Traditional Chinese Medicine","potentialAction":[{"@type":"SearchAction","target":{"@type":"EntryPoint","urlTemplate":"https:\/\/tiandeproducts.co.uk\/?s={search_term_string}"},"query-input":{"@type":"PropertyValueSpecification","valueRequired":true,"valueName":"search_term_string"}}],"inLanguage":"lt-LT"}]}},"_links":{"self":[{"href":"https:\/\/tiandeproducts.co.uk\/lt\/wp-json\/wp\/v2\/product\/3803","targetHints":{"allow":["GET"]}}],"collection":[{"href":"https:\/\/tiandeproducts.co.uk\/lt\/wp-json\/wp\/v2\/product"}],"about":[{"href":"https:\/\/tiandeproducts.co.uk\/lt\/wp-json\/wp\/v2\/types\/product"}],"replies":[{"embeddable":true,"href":"https:\/\/tiandeproducts.co.uk\/lt\/wp-json\/wp\/v2\/comments?post=3803"}],"wp:featuredmedia":[{"embeddable":true,"href":"https:\/\/tiandeproducts.co.uk\/lt\/wp-json\/wp\/v2\/media\/1395"}],"wp:attachment":[{"href":"https:\/\/tiandeproducts.co.uk\/lt\/wp-json\/wp\/v2\/media?parent=3803"}],"wp:term":[{"taxonomy":"product_cat","embeddable":true,"href":"https:\/\/tiandeproducts.co.uk\/lt\/wp-json\/wp\/v2\/product_cat?post=3803"},{"taxonomy":"product_tag","embeddable":true,"href":"https:\/\/tiandeproducts.co.uk\/lt\/wp-json\/wp\/v2\/product_tag?post=3803"}],"curies":[{"name":"wp","href":"https:\/\/api.w.org\/{rel}","templated":true}]}}