{"id":3802,"date":"2016-11-04T13:07:38","date_gmt":"2016-11-04T13:07:38","guid":{"rendered":"https:\/\/tnd.ontesting.co.uk\/raminamasis-ir-minkstinamasis-kremas-rankoms-slaviton-30g\/"},"modified":"2021-02-25T12:06:15","modified_gmt":"2021-02-25T12:06:15","slug":"raminamasis-ir-minkstinamasis-kremas-rankoms-slaviton-30g","status":"publish","type":"product","link":"https:\/\/tiandeproducts.co.uk\/lt\/raminamasis-ir-minkstinamasis-kremas-rankoms-slaviton-30g\/","title":{"rendered":"Raminamasis ir mink\u0161tinamasis kremas rankoms \u201eSlaviton\u201c, 30g."},"content":{"rendered":"<p><img decoding=\"async\" style=\"max-width: 16px; margin-right: 5px;\" src=\"https:\/\/tiandeproducts.co.uk\/wp-content\/uploads\/points-green.svg\" \/>\u00a0Earn 2 points worth \u00a30.10 when buying this product<\/p>\n<p>Raminamasis rank\u0173 kremas su venotonik\u0173 kompleksu, suteikia rankoms i\u0161skirtin\u0119 prie\u017ei\u016br\u0105, kuri da\u017enai nepasiekiama su \u012fprastomis rank\u0173 prie\u017ei\u016bros priemon\u0117mis. Sud\u0117tyje esantys \u017eoleli\u0173 ekstraktai turi prie\u0161u\u017edegimini\u0173 ir kraujotak\u0105 gerinan\u010di\u0173 savybi\u0173, skatina greit\u0105 pa\u017eeist\u0173 audini\u0173 atsistatym\u0105, \u0161alina patinimus, ma\u017eina skausm\u0105. Aktyviosios med\u017eiagos aktyvuoja apykaitinius procesus ir odos l\u0105steli\u0173 maitinim\u0105, dovanoja rankoms maloni\u0105 \u0161ilum\u0105, suteikia odai \u0161velnumo ir elastingumo net alk\u016bni\u0173 srityje. Beveik visi sud\u0117tyje esantys augaliniai komponentai tonizuoja kapiliar\u0173 kraujotak\u0105, kas sudaro itin greito efekto ir skvarbos augalin\u012f produkt\u0105. Be paraben\u0173 ir da\u017eikli\u0173.<\/p>\n<p>Ekonomi\u0161ka, mink\u0161ta pakuot\u0117 leid\u017eia naudoti auk\u0161tos kokyb\u0117s krem\u0105 u\u017e prieinam\u0105 kain\u0105 ir sunaudoti j\u012f iki paskutinio la\u0161o. 30 g. kremo pakaks ma\u017edaug m\u0117nesiui naudojant kasdien. Tai intensyvios rank\u0173 odos ir nag\u0173 prie\u017ei\u016bros priemon\u0117.<\/p>\n<p><strong>Veikliosios med\u017eiagos:<\/strong><\/p>\n<p><strong>Paprast\u0173j\u0173 ka\u0161ton\u0173 ekstraktas<\/strong>\u00a0slopina u\u017edegimus, tonizuoja. Veikliosios med\u017eiagos didina kapiliar\u0173 sieneli\u0173 elastingum\u0105, gerina kraujo apytak\u0105, skystina krauj\u0105, stimuliuoja antitrombino gamyb\u0105, ma\u017eina edemas.<\/p>\n<p><strong>Hamamelij\u0173 lap\u0173 ekstraktas<\/strong>\u00a0&#8211; antioksidantas, pasi\u017eymi sutraukiamosiomis, antibakterin\u0117mis ir analgetin\u0117mis savyb\u0117mis, skatina kraujagysli\u0173 susitraukim\u0105. Veikliosios med\u017eiagos padeda suma\u017einti nedideli\u0173 \u017eaizdeli\u0173 ar odos sudirgimo simptomus, \u0161velnina, daro od\u0105 elastingesn\u0119.<\/p>\n<p><strong>Paprast\u0173j\u0173 apyni\u0173 ekstraktas<\/strong>\u00a0&#8211; nat\u016bralus fitoestrogen\u0173, aminor\u016bg\u0161\u010di\u0173 ir vitamin\u0173 \u0161altinis, kuris aktyvina apykaitinius procesus ir l\u0105steli\u0173 maitinim\u0105, veikia kaip biostimuliatorius. Kartu su ka\u0161ton\u0173 ekstrakto biologi\u0161kai aktyviomis med\u017eiagomis ma\u017eina tromb\u0173 susidarymo rizik\u0105, prisideda prie kraujagysli\u0173 sieneli\u0173 stiprinimo bei elastingumo. Odai suteikia mink\u0161tumo ir \u0161velnumo poj\u016bt\u012f.<\/p>\n<p><strong>Vaistin\u0117s ramun\u0117l\u0117s ekstraktas<\/strong>\u00a0pasi\u017eymi raminan\u010diu, prie\u0161u\u017edegiminiu, antioksidaciniu ir antiseptiniu poveikiu, ma\u017eina skausm\u0105 ir nie\u017eul\u012f, pagreitina med\u017eiag\u0173 regeneracijos procesus.<\/p>\n<p><strong>Vaistini\u0173 \u010diobreli\u0173 ekstraktas<\/strong>\u00a0tonizuoja kapiliar\u0173 kraujotak\u0105, ma\u017eina skausm\u0105 ir sudirgimus, veikia kaip antiseptikas, pasi\u017eymi prie\u0161grybeliniu veikimu, saugo nuo bakterij\u0173.<\/p>\n<p><strong>Rozmarino ekstraktas<\/strong>\u00a0\u2013 gamtinis antibiotikas ir antiseptikas. Gerina kraujo mikrocirkuliacij\u0105 sergan\u010dio s\u0105nario srityje, suma\u017eina skausmo poj\u016bt\u012f, veikia u\u017edegiminio proceso prie\u017east\u012f. Rozmarinas kovoja su bakterijomis, grybeliais ir virusais (taip pat stafilokoku). Nuima raudon\u012f nuo u\u017edegiminio \u017eidinio, neleid\u017eia atsirasti nie\u017euliui, veikia raminan\u010diai.<\/p>\n<p><strong>Propolio (bi\u010di\u0173 pikio) ekstraktas<\/strong>\u00a0&#8211; aktyvi biologin\u0117 med\u017eiaga, da\u017eniausiai naudojama kaip nat\u016bralus antibiotikas. Ji intensyviai maitina ir regeneruoja od\u0105, padeda atkurti apsaugin\u012f odos lipidin\u012f sluoksn\u012f, gerina jos med\u017eiag\u0173 apykait\u0105, apsaugo nuo rauk\u0161li\u0173 atsiradimo. Med\u017eiaga pasi\u017eymi raminan\u010diu, sutraukian\u010diu, apsauginiu poveikiu odai. Bi\u010di\u0173 pikyje gausu flavanoid\u0173, organini\u0173 r\u016bg\u0161\u010di\u0173, mineralini\u0173 med\u017eiag\u0173: fosforo, cinko, nikelio, kobalto, kalcio, kalio, sieros, vario, natrio, gele\u017eies, magnio, mangano; vitamin\u0173: A, C, E, Bp B2, B6. Jame yra ir aminor\u016bg\u0161\u010di\u0173, i\u0161 kuri\u0173 svarbiausios &#8211; alaninas, histidinas, triptofanas, leucinas, lizinas, metioninas, serinas, valinas. Bi\u010di\u0173 pikyje randama ir sud\u0117ting\u0173 riebalini\u0173 r\u016bg\u0161\u010di\u0173, daug antimikrobini\u0173 ir kit\u0173 biologi\u0161kai aktyvi\u0173 med\u017eiag\u0173.<\/p>\n<p><strong>Alyvuogi\u0173 aliejus<\/strong>\u00a0yra vienas i\u0161 vertingiausi\u0173 odos kosmetikos komponent\u0173. Jis pasi\u017eyminti maitinamosiomis, regeneruojamosiomis, mink\u0161tinamosiomis ir apsaugin\u0117mis savyb\u0117mis. Alyvuogi\u0173 aliejuje esantis linolenin\u0117s r\u016bg\u0161ties kiekis yra identi\u0161kas motinos pieno sud\u0117tyje esan\u010diam \u0161ios r\u016bg\u0161ties kiekiui. Oleinin\u0117 r\u016bg\u0161tis stiprina epidermin\u012f odos barjer\u0105, saugo dr\u0117gm\u0119. Alyvuogi\u0173 aliejuje yra didelis kiekis vitamino A, D, K ir E, kuris dar yra vadinamas jaunyst\u0117s vitaminu, d\u0117l jo ypatingosios savyb\u0117s saugoti od\u0105 nuo laisv\u0173j\u0173 radikal\u0173 poveikio. Vitaminas E \u012feina \u012f reikalingiausi\u0173 odai vitamin\u0173 top 3.<\/p>\n<p><strong>Pipirm\u0117t\u0117s aliejus<\/strong>\u00a0gerina kraujotak\u0105 ir med\u017eiag\u0173 apykait\u0105 l\u0105stel\u0117se, ma\u017eina u\u017edegimus, odos paraudimus, v\u0117sina. Suteikia malon\u0173 gaivos poj\u016bt\u012f, rekomenduojamas esant jautriai, sudirgusiai odai.<\/p>\n","protected":false},"excerpt":{"rendered":"<p>\u00a0Earn 2 points worth \u00a30.10 when buying this product Raminamasis rank\u0173 kremas su venotonik\u0173 kompleksu, suteikia rankoms i\u0161skirtin\u0119 prie\u017ei\u016br\u0105, kuri da\u017enai nepasiekiama su \u012fprastomis rank\u0173 prie\u017ei\u016bros priemon\u0117mis. Sud\u0117tyje esantys \u017eoleli\u0173 ekstraktai turi prie\u0161u\u017edegimini\u0173 ir kraujotak\u0105 gerinan\u010di\u0173 savybi\u0173, skatina greit\u0105 pa\u017eeist\u0173 audini\u0173 atsistatym\u0105, \u0161alina patinimus, ma\u017eina skausm\u0105. Aktyviosios med\u017eiagos aktyvuoja apykaitinius procesus ir odos l\u0105steli\u0173 maitinim\u0105, [&#8230;]\n","protected":false},"featured_media":1390,"comment_status":"closed","ping_status":"closed","template":"","meta":[],"product_cat":[500,497,514],"product_tag":[],"class_list":{"0":"post-3802","1":"product","2":"type-product","3":"status-publish","4":"has-post-thumbnail","6":"product_cat-altai-lt","7":"product_cat-kunui","8":"product_cat-ranku-prieziura","10":"first","11":"outofstock","12":"shipping-taxable","13":"purchasable","14":"product-type-simple"},"yoast_head":"<!-- This site is optimized with the Yoast SEO plugin v23.6 - https:\/\/yoast.com\/wordpress\/plugins\/seo\/ -->\n<title>Raminamasis ir mink\u0161tinamasis kremas rankoms \u201eSlaviton\u201c, 30g. - TianDe Online Shop - Beauty &amp; Health<\/title>\n<meta name=\"robots\" content=\"index, follow, max-snippet:-1, max-image-preview:large, max-video-preview:-1\" \/>\n<link rel=\"canonical\" href=\"https:\/\/tiandeproducts.co.uk\/lt\/raminamasis-ir-minkstinamasis-kremas-rankoms-slaviton-30g\/\" \/>\n<meta property=\"og:locale\" content=\"lt_LT\" \/>\n<meta property=\"og:type\" content=\"article\" \/>\n<meta property=\"og:title\" content=\"Raminamasis ir mink\u0161tinamasis kremas rankoms \u201eSlaviton\u201c, 30g. - TianDe Online Shop - Beauty &amp; Health\" \/>\n<meta property=\"og:description\" content=\"\u00a0Earn 2 points worth \u00a30.10 when buying this product Raminamasis rank\u0173 kremas su venotonik\u0173 kompleksu, suteikia rankoms i\u0161skirtin\u0119 prie\u017ei\u016br\u0105, kuri da\u017enai nepasiekiama su \u012fprastomis rank\u0173 prie\u017ei\u016bros priemon\u0117mis. Sud\u0117tyje esantys \u017eoleli\u0173 ekstraktai turi prie\u0161u\u017edegimini\u0173 ir kraujotak\u0105 gerinan\u010di\u0173 savybi\u0173, skatina greit\u0105 pa\u017eeist\u0173 audini\u0173 atsistatym\u0105, \u0161alina patinimus, ma\u017eina skausm\u0105. Aktyviosios med\u017eiagos aktyvuoja apykaitinius procesus ir odos l\u0105steli\u0173 maitinim\u0105, [...]\" \/>\n<meta property=\"og:url\" content=\"https:\/\/tiandeproducts.co.uk\/lt\/raminamasis-ir-minkstinamasis-kremas-rankoms-slaviton-30g\/\" \/>\n<meta property=\"og:site_name\" content=\"TianDe Online Shop - Beauty &amp; Health\" \/>\n<meta property=\"article:publisher\" content=\"https:\/\/www.facebook.com\/tiande.products.england\/\" \/>\n<meta property=\"article:modified_time\" content=\"2021-02-25T12:06:15+00:00\" \/>\n<meta property=\"og:image\" content=\"https:\/\/tiandeproducts.co.uk\/wp-content\/uploads\/2016\/11\/44411.jpg\" \/>\n\t<meta property=\"og:image:width\" content=\"700\" \/>\n\t<meta property=\"og:image:height\" content=\"700\" \/>\n\t<meta property=\"og:image:type\" content=\"image\/jpeg\" \/>\n<meta name=\"twitter:card\" content=\"summary_large_image\" \/>\n<meta name=\"twitter:label1\" content=\"Est. reading time\" \/>\n\t<meta name=\"twitter:data1\" content=\"3 minut\u0117s\" \/>\n<script type=\"application\/ld+json\" class=\"yoast-schema-graph\">{\"@context\":\"https:\/\/schema.org\",\"@graph\":[{\"@type\":\"WebPage\",\"@id\":\"https:\/\/tiandeproducts.co.uk\/lt\/raminamasis-ir-minkstinamasis-kremas-rankoms-slaviton-30g\/\",\"url\":\"https:\/\/tiandeproducts.co.uk\/lt\/raminamasis-ir-minkstinamasis-kremas-rankoms-slaviton-30g\/\",\"name\":\"Raminamasis ir mink\u0161tinamasis kremas rankoms \u201eSlaviton\u201c, 30g. - TianDe Online Shop - Beauty &amp; Health\",\"isPartOf\":{\"@id\":\"https:\/\/tiandeproducts.co.uk\/#website\"},\"primaryImageOfPage\":{\"@id\":\"https:\/\/tiandeproducts.co.uk\/lt\/raminamasis-ir-minkstinamasis-kremas-rankoms-slaviton-30g\/#primaryimage\"},\"image\":{\"@id\":\"https:\/\/tiandeproducts.co.uk\/lt\/raminamasis-ir-minkstinamasis-kremas-rankoms-slaviton-30g\/#primaryimage\"},\"thumbnailUrl\":\"https:\/\/tiandeproducts.co.uk\/wp-content\/uploads\/2016\/11\/44411.jpg\",\"datePublished\":\"2016-11-04T13:07:38+00:00\",\"dateModified\":\"2021-02-25T12:06:15+00:00\",\"breadcrumb\":{\"@id\":\"https:\/\/tiandeproducts.co.uk\/lt\/raminamasis-ir-minkstinamasis-kremas-rankoms-slaviton-30g\/#breadcrumb\"},\"inLanguage\":\"lt-LT\",\"potentialAction\":[{\"@type\":\"ReadAction\",\"target\":[\"https:\/\/tiandeproducts.co.uk\/lt\/raminamasis-ir-minkstinamasis-kremas-rankoms-slaviton-30g\/\"]}]},{\"@type\":\"ImageObject\",\"inLanguage\":\"lt-LT\",\"@id\":\"https:\/\/tiandeproducts.co.uk\/lt\/raminamasis-ir-minkstinamasis-kremas-rankoms-slaviton-30g\/#primaryimage\",\"url\":\"https:\/\/tiandeproducts.co.uk\/wp-content\/uploads\/2016\/11\/44411.jpg\",\"contentUrl\":\"https:\/\/tiandeproducts.co.uk\/wp-content\/uploads\/2016\/11\/44411.jpg\",\"width\":700,\"height\":700,\"caption\":\"SLAVITON SOOTHING HAND CREAM, 30G-0\"},{\"@type\":\"BreadcrumbList\",\"@id\":\"https:\/\/tiandeproducts.co.uk\/lt\/raminamasis-ir-minkstinamasis-kremas-rankoms-slaviton-30g\/#breadcrumb\",\"itemListElement\":[{\"@type\":\"ListItem\",\"position\":1,\"name\":\"Home\",\"item\":\"https:\/\/tiandeproducts.co.uk\/lt\/\"},{\"@type\":\"ListItem\",\"position\":2,\"name\":\"Shop\",\"item\":\"https:\/\/tiandeproducts.co.uk\/lt\/shop-2\/\"},{\"@type\":\"ListItem\",\"position\":3,\"name\":\"Raminamasis ir mink\u0161tinamasis kremas rankoms \u201eSlaviton\u201c, 30g.\"}]},{\"@type\":\"WebSite\",\"@id\":\"https:\/\/tiandeproducts.co.uk\/#website\",\"url\":\"https:\/\/tiandeproducts.co.uk\/\",\"name\":\"TianDe Online Shop - Beauty & Health\",\"description\":\"Traditional Chinese Medicine\",\"potentialAction\":[{\"@type\":\"SearchAction\",\"target\":{\"@type\":\"EntryPoint\",\"urlTemplate\":\"https:\/\/tiandeproducts.co.uk\/?s={search_term_string}\"},\"query-input\":{\"@type\":\"PropertyValueSpecification\",\"valueRequired\":true,\"valueName\":\"search_term_string\"}}],\"inLanguage\":\"lt-LT\"}]}<\/script>\n<!-- \/ Yoast SEO plugin. -->","yoast_head_json":{"title":"Raminamasis ir mink\u0161tinamasis kremas rankoms \u201eSlaviton\u201c, 30g. - TianDe Online Shop - Beauty &amp; Health","robots":{"index":"index","follow":"follow","max-snippet":"max-snippet:-1","max-image-preview":"max-image-preview:large","max-video-preview":"max-video-preview:-1"},"canonical":"https:\/\/tiandeproducts.co.uk\/lt\/raminamasis-ir-minkstinamasis-kremas-rankoms-slaviton-30g\/","og_locale":"lt_LT","og_type":"article","og_title":"Raminamasis ir mink\u0161tinamasis kremas rankoms \u201eSlaviton\u201c, 30g. - TianDe Online Shop - Beauty &amp; Health","og_description":"\u00a0Earn 2 points worth \u00a30.10 when buying this product Raminamasis rank\u0173 kremas su venotonik\u0173 kompleksu, suteikia rankoms i\u0161skirtin\u0119 prie\u017ei\u016br\u0105, kuri da\u017enai nepasiekiama su \u012fprastomis rank\u0173 prie\u017ei\u016bros priemon\u0117mis. Sud\u0117tyje esantys \u017eoleli\u0173 ekstraktai turi prie\u0161u\u017edegimini\u0173 ir kraujotak\u0105 gerinan\u010di\u0173 savybi\u0173, skatina greit\u0105 pa\u017eeist\u0173 audini\u0173 atsistatym\u0105, \u0161alina patinimus, ma\u017eina skausm\u0105. Aktyviosios med\u017eiagos aktyvuoja apykaitinius procesus ir odos l\u0105steli\u0173 maitinim\u0105, [...]","og_url":"https:\/\/tiandeproducts.co.uk\/lt\/raminamasis-ir-minkstinamasis-kremas-rankoms-slaviton-30g\/","og_site_name":"TianDe Online Shop - Beauty &amp; Health","article_publisher":"https:\/\/www.facebook.com\/tiande.products.england\/","article_modified_time":"2021-02-25T12:06:15+00:00","og_image":[{"width":700,"height":700,"url":"https:\/\/tiandeproducts.co.uk\/wp-content\/uploads\/2016\/11\/44411.jpg","type":"image\/jpeg"}],"twitter_card":"summary_large_image","twitter_misc":{"Est. reading time":"3 minut\u0117s"},"schema":{"@context":"https:\/\/schema.org","@graph":[{"@type":"WebPage","@id":"https:\/\/tiandeproducts.co.uk\/lt\/raminamasis-ir-minkstinamasis-kremas-rankoms-slaviton-30g\/","url":"https:\/\/tiandeproducts.co.uk\/lt\/raminamasis-ir-minkstinamasis-kremas-rankoms-slaviton-30g\/","name":"Raminamasis ir mink\u0161tinamasis kremas rankoms \u201eSlaviton\u201c, 30g. - TianDe Online Shop - Beauty &amp; Health","isPartOf":{"@id":"https:\/\/tiandeproducts.co.uk\/#website"},"primaryImageOfPage":{"@id":"https:\/\/tiandeproducts.co.uk\/lt\/raminamasis-ir-minkstinamasis-kremas-rankoms-slaviton-30g\/#primaryimage"},"image":{"@id":"https:\/\/tiandeproducts.co.uk\/lt\/raminamasis-ir-minkstinamasis-kremas-rankoms-slaviton-30g\/#primaryimage"},"thumbnailUrl":"https:\/\/tiandeproducts.co.uk\/wp-content\/uploads\/2016\/11\/44411.jpg","datePublished":"2016-11-04T13:07:38+00:00","dateModified":"2021-02-25T12:06:15+00:00","breadcrumb":{"@id":"https:\/\/tiandeproducts.co.uk\/lt\/raminamasis-ir-minkstinamasis-kremas-rankoms-slaviton-30g\/#breadcrumb"},"inLanguage":"lt-LT","potentialAction":[{"@type":"ReadAction","target":["https:\/\/tiandeproducts.co.uk\/lt\/raminamasis-ir-minkstinamasis-kremas-rankoms-slaviton-30g\/"]}]},{"@type":"ImageObject","inLanguage":"lt-LT","@id":"https:\/\/tiandeproducts.co.uk\/lt\/raminamasis-ir-minkstinamasis-kremas-rankoms-slaviton-30g\/#primaryimage","url":"https:\/\/tiandeproducts.co.uk\/wp-content\/uploads\/2016\/11\/44411.jpg","contentUrl":"https:\/\/tiandeproducts.co.uk\/wp-content\/uploads\/2016\/11\/44411.jpg","width":700,"height":700,"caption":"SLAVITON SOOTHING HAND CREAM, 30G-0"},{"@type":"BreadcrumbList","@id":"https:\/\/tiandeproducts.co.uk\/lt\/raminamasis-ir-minkstinamasis-kremas-rankoms-slaviton-30g\/#breadcrumb","itemListElement":[{"@type":"ListItem","position":1,"name":"Home","item":"https:\/\/tiandeproducts.co.uk\/lt\/"},{"@type":"ListItem","position":2,"name":"Shop","item":"https:\/\/tiandeproducts.co.uk\/lt\/shop-2\/"},{"@type":"ListItem","position":3,"name":"Raminamasis ir mink\u0161tinamasis kremas rankoms \u201eSlaviton\u201c, 30g."}]},{"@type":"WebSite","@id":"https:\/\/tiandeproducts.co.uk\/#website","url":"https:\/\/tiandeproducts.co.uk\/","name":"TianDe Online Shop - Beauty & Health","description":"Traditional Chinese Medicine","potentialAction":[{"@type":"SearchAction","target":{"@type":"EntryPoint","urlTemplate":"https:\/\/tiandeproducts.co.uk\/?s={search_term_string}"},"query-input":{"@type":"PropertyValueSpecification","valueRequired":true,"valueName":"search_term_string"}}],"inLanguage":"lt-LT"}]}},"_links":{"self":[{"href":"https:\/\/tiandeproducts.co.uk\/lt\/wp-json\/wp\/v2\/product\/3802","targetHints":{"allow":["GET"]}}],"collection":[{"href":"https:\/\/tiandeproducts.co.uk\/lt\/wp-json\/wp\/v2\/product"}],"about":[{"href":"https:\/\/tiandeproducts.co.uk\/lt\/wp-json\/wp\/v2\/types\/product"}],"replies":[{"embeddable":true,"href":"https:\/\/tiandeproducts.co.uk\/lt\/wp-json\/wp\/v2\/comments?post=3802"}],"wp:featuredmedia":[{"embeddable":true,"href":"https:\/\/tiandeproducts.co.uk\/lt\/wp-json\/wp\/v2\/media\/1390"}],"wp:attachment":[{"href":"https:\/\/tiandeproducts.co.uk\/lt\/wp-json\/wp\/v2\/media?parent=3802"}],"wp:term":[{"taxonomy":"product_cat","embeddable":true,"href":"https:\/\/tiandeproducts.co.uk\/lt\/wp-json\/wp\/v2\/product_cat?post=3802"},{"taxonomy":"product_tag","embeddable":true,"href":"https:\/\/tiandeproducts.co.uk\/lt\/wp-json\/wp\/v2\/product_tag?post=3802"}],"curies":[{"name":"wp","href":"https:\/\/api.w.org\/{rel}","templated":true}]}}