{"id":3799,"date":"2016-04-21T12:49:26","date_gmt":"2016-04-21T11:49:26","guid":{"rendered":"https:\/\/tnd.ontesting.co.uk\/stiprinamasis-kremas-busteris-rankoms-su-sraigiu-mucinu-nuo-rauksliu-60g\/"},"modified":"2019-09-26T11:56:52","modified_gmt":"2019-09-26T10:56:52","slug":"stiprinamasis-kremas-busteris-rankoms-su-sraigiu-mucinu-nuo-rauksliu-60g","status":"publish","type":"product","link":"https:\/\/tiandeproducts.co.uk\/lt\/stiprinamasis-kremas-busteris-rankoms-su-sraigiu-mucinu-nuo-rauksliu-60g\/","title":{"rendered":"Stiprinamasis kremas &#8211; busteris rankoms su sraigi\u0173 mucinu nuo rauk\u0161li\u0173, 60g."},"content":{"rendered":"<p>Lengvos ir \u0161velnios tekst\u016bros kremas labai greitai \u012fsigeria, padengia od\u0105 nematoma, orui pralaid\u017eia apsaugine pl\u0117vele, kuri neleid\u017eia rank\u0173 odai i\u0161saus\u0117ti. I\u0161skirtin\u0117s aktyviosios med\u017eiagos pagreitina odos l\u0105steli\u0173 atsinaujinimo procesus, patempia od\u0105, ma\u017eina rauk\u0161leli\u0173 kiek\u012f, mink\u0161tina, apsaugo nuo negatyvaus i\u0161or\u0117s poveikio, neleid\u017eia odai vysti, sugr\u0105\u017eina komforto ir \u0161velnumo poj\u016bt\u012f. Naudojant \u0161i\u0105 priemon\u0119 rank\u0173 oda ilgiau i\u0161liks jauna. Be paraben\u0173.<\/p>\n<p>Kremas nepalieka riebalinio p\u0117dsako ant r\u016bb\u0173, malonus augalinis, neutralaus aromato kremas patiks ir vyrams.<\/p>\n<p><strong>Veikliosios med\u017eiagos:<\/strong><\/p>\n<p><strong>Sraigi\u0173 sekreto (mucino) filtrato<\/strong>\u00a0sud\u0117tyje gausu alantoino, kolageno, elastino, vitamin\u0173 ir glikolin\u0117s r\u016bg\u0161ties. \u0160ie ypatingai veiksmingi kosmetiniai komponentai sumink\u0161tina ragin\u012f odos sluoksn\u012f, aktyvuoja epidermio l\u0105steli\u0173 atsinaujinimo procesus, pagreitina pa\u017eeist\u0173 audini\u0173 gijim\u0105, atstato odos elastingum\u0105 ir stangrum\u0105, lygina odos reljef\u0105, apsaugo od\u0105 nuo infekcij\u0173. Sud\u0117tyje esantys antioksidantai saugo od\u0105 nuo UV spinduli\u0173 poveikio ir l\u0117tina sen\u0117jimo procesus; bakteriofagai saugo nuo bakterij\u0173 ir kenksming\u0173 mikroorganizm\u0173, galin\u010di\u0173 stipriai pakenkti odos b\u016bklei; sacharidai dr\u0117kina, lygina, stangrina ir suteikia odai antioksidantini\u0173 savybi\u0173; peptidai ir aminor\u016bg\u0161tys maitina, aktyvuoja epidermio l\u0105steli\u0173 atsinaujinimo procesus.<\/p>\n<p><strong>Kukur\u016bz\u0173 aminor\u016bg\u0161tys<\/strong>\u00a0aktyvuoja kolageno sintez\u0119 &#8211; suri\u0161a kolageno gijas, tuo sustangrindamos od\u0105, neleid\u017eia jai vysti. \u0160ios r\u016bg\u0161tys yra nat\u016bralaus dr\u0117kinimo faktoriaus (NMF) dalys.<\/p>\n","protected":false},"excerpt":{"rendered":"<p>Lengvos ir \u0161velnios tekst\u016bros kremas labai greitai \u012fsigeria, padengia od\u0105 nematoma, orui pralaid\u017eia apsaugine pl\u0117vele, kuri neleid\u017eia rank\u0173 odai i\u0161saus\u0117ti. I\u0161skirtin\u0117s aktyviosios med\u017eiagos pagreitina odos l\u0105steli\u0173 atsinaujinimo procesus, patempia od\u0105, ma\u017eina rauk\u0161leli\u0173 kiek\u012f, mink\u0161tina, apsaugo nuo negatyvaus i\u0161or\u0117s poveikio, neleid\u017eia odai vysti, sugr\u0105\u017eina komforto ir \u0161velnumo poj\u016bt\u012f. Naudojant \u0161i\u0105 priemon\u0119 rank\u0173 oda ilgiau i\u0161liks jauna. [&#8230;]\n","protected":false},"featured_media":1179,"comment_status":"closed","ping_status":"closed","template":"","meta":[],"product_cat":[497,514],"product_tag":[],"class_list":{"0":"post-3799","1":"product","2":"type-product","3":"status-publish","4":"has-post-thumbnail","6":"product_cat-kunui","7":"product_cat-ranku-prieziura","9":"first","10":"instock","11":"shipping-taxable","12":"purchasable","13":"product-type-simple"},"yoast_head":"<!-- This site is optimized with the Yoast SEO plugin v23.6 - https:\/\/yoast.com\/wordpress\/plugins\/seo\/ -->\n<title>Stiprinamasis kremas - busteris rankoms su sraigi\u0173 mucinu nuo rauk\u0161li\u0173, 60g. - TianDe Online Shop - Beauty &amp; Health<\/title>\n<meta name=\"robots\" content=\"index, follow, max-snippet:-1, max-image-preview:large, max-video-preview:-1\" \/>\n<link rel=\"canonical\" href=\"https:\/\/tiandeproducts.co.uk\/lt\/stiprinamasis-kremas-busteris-rankoms-su-sraigiu-mucinu-nuo-rauksliu-60g\/\" \/>\n<meta property=\"og:locale\" content=\"lt_LT\" \/>\n<meta property=\"og:type\" content=\"article\" \/>\n<meta property=\"og:title\" content=\"Stiprinamasis kremas - busteris rankoms su sraigi\u0173 mucinu nuo rauk\u0161li\u0173, 60g. - TianDe Online Shop - Beauty &amp; Health\" \/>\n<meta property=\"og:description\" content=\"Lengvos ir \u0161velnios tekst\u016bros kremas labai greitai \u012fsigeria, padengia od\u0105 nematoma, orui pralaid\u017eia apsaugine pl\u0117vele, kuri neleid\u017eia rank\u0173 odai i\u0161saus\u0117ti. I\u0161skirtin\u0117s aktyviosios med\u017eiagos pagreitina odos l\u0105steli\u0173 atsinaujinimo procesus, patempia od\u0105, ma\u017eina rauk\u0161leli\u0173 kiek\u012f, mink\u0161tina, apsaugo nuo negatyvaus i\u0161or\u0117s poveikio, neleid\u017eia odai vysti, sugr\u0105\u017eina komforto ir \u0161velnumo poj\u016bt\u012f. Naudojant \u0161i\u0105 priemon\u0119 rank\u0173 oda ilgiau i\u0161liks jauna. [...]\" \/>\n<meta property=\"og:url\" content=\"https:\/\/tiandeproducts.co.uk\/lt\/stiprinamasis-kremas-busteris-rankoms-su-sraigiu-mucinu-nuo-rauksliu-60g\/\" \/>\n<meta property=\"og:site_name\" content=\"TianDe Online Shop - Beauty &amp; Health\" \/>\n<meta property=\"article:publisher\" content=\"https:\/\/www.facebook.com\/tiande.products.england\/\" \/>\n<meta property=\"article:modified_time\" content=\"2019-09-26T10:56:52+00:00\" \/>\n<meta property=\"og:image\" content=\"https:\/\/tiandeproducts.co.uk\/wp-content\/uploads\/2016\/04\/44605_sl.png\" \/>\n\t<meta property=\"og:image:width\" content=\"700\" \/>\n\t<meta property=\"og:image:height\" content=\"700\" \/>\n\t<meta property=\"og:image:type\" content=\"image\/png\" \/>\n<meta name=\"twitter:card\" content=\"summary_large_image\" \/>\n<meta name=\"twitter:label1\" content=\"Est. reading time\" \/>\n\t<meta name=\"twitter:data1\" content=\"1 minut\u0117\" \/>\n<script type=\"application\/ld+json\" class=\"yoast-schema-graph\">{\"@context\":\"https:\/\/schema.org\",\"@graph\":[{\"@type\":\"WebPage\",\"@id\":\"https:\/\/tiandeproducts.co.uk\/lt\/stiprinamasis-kremas-busteris-rankoms-su-sraigiu-mucinu-nuo-rauksliu-60g\/\",\"url\":\"https:\/\/tiandeproducts.co.uk\/lt\/stiprinamasis-kremas-busteris-rankoms-su-sraigiu-mucinu-nuo-rauksliu-60g\/\",\"name\":\"Stiprinamasis kremas - busteris rankoms su sraigi\u0173 mucinu nuo rauk\u0161li\u0173, 60g. - TianDe Online Shop - Beauty &amp; Health\",\"isPartOf\":{\"@id\":\"https:\/\/tiandeproducts.co.uk\/#website\"},\"primaryImageOfPage\":{\"@id\":\"https:\/\/tiandeproducts.co.uk\/lt\/stiprinamasis-kremas-busteris-rankoms-su-sraigiu-mucinu-nuo-rauksliu-60g\/#primaryimage\"},\"image\":{\"@id\":\"https:\/\/tiandeproducts.co.uk\/lt\/stiprinamasis-kremas-busteris-rankoms-su-sraigiu-mucinu-nuo-rauksliu-60g\/#primaryimage\"},\"thumbnailUrl\":\"https:\/\/tiandeproducts.co.uk\/wp-content\/uploads\/2016\/04\/44605_sl.png\",\"datePublished\":\"2016-04-21T11:49:26+00:00\",\"dateModified\":\"2019-09-26T10:56:52+00:00\",\"breadcrumb\":{\"@id\":\"https:\/\/tiandeproducts.co.uk\/lt\/stiprinamasis-kremas-busteris-rankoms-su-sraigiu-mucinu-nuo-rauksliu-60g\/#breadcrumb\"},\"inLanguage\":\"lt-LT\",\"potentialAction\":[{\"@type\":\"ReadAction\",\"target\":[\"https:\/\/tiandeproducts.co.uk\/lt\/stiprinamasis-kremas-busteris-rankoms-su-sraigiu-mucinu-nuo-rauksliu-60g\/\"]}]},{\"@type\":\"ImageObject\",\"inLanguage\":\"lt-LT\",\"@id\":\"https:\/\/tiandeproducts.co.uk\/lt\/stiprinamasis-kremas-busteris-rankoms-su-sraigiu-mucinu-nuo-rauksliu-60g\/#primaryimage\",\"url\":\"https:\/\/tiandeproducts.co.uk\/wp-content\/uploads\/2016\/04\/44605_sl.png\",\"contentUrl\":\"https:\/\/tiandeproducts.co.uk\/wp-content\/uploads\/2016\/04\/44605_sl.png\",\"width\":700,\"height\":700,\"caption\":\"Snail Mucin Moisturizing, Rejuvenating Booster- Hand Cream,60g-0\"},{\"@type\":\"BreadcrumbList\",\"@id\":\"https:\/\/tiandeproducts.co.uk\/lt\/stiprinamasis-kremas-busteris-rankoms-su-sraigiu-mucinu-nuo-rauksliu-60g\/#breadcrumb\",\"itemListElement\":[{\"@type\":\"ListItem\",\"position\":1,\"name\":\"Home\",\"item\":\"https:\/\/tiandeproducts.co.uk\/lt\/\"},{\"@type\":\"ListItem\",\"position\":2,\"name\":\"Shop\",\"item\":\"https:\/\/tiandeproducts.co.uk\/lt\/shop-2\/\"},{\"@type\":\"ListItem\",\"position\":3,\"name\":\"Stiprinamasis kremas &#8211; busteris rankoms su sraigi\u0173 mucinu nuo rauk\u0161li\u0173, 60g.\"}]},{\"@type\":\"WebSite\",\"@id\":\"https:\/\/tiandeproducts.co.uk\/#website\",\"url\":\"https:\/\/tiandeproducts.co.uk\/\",\"name\":\"TianDe Online Shop - Beauty & Health\",\"description\":\"Traditional Chinese Medicine\",\"potentialAction\":[{\"@type\":\"SearchAction\",\"target\":{\"@type\":\"EntryPoint\",\"urlTemplate\":\"https:\/\/tiandeproducts.co.uk\/?s={search_term_string}\"},\"query-input\":{\"@type\":\"PropertyValueSpecification\",\"valueRequired\":true,\"valueName\":\"search_term_string\"}}],\"inLanguage\":\"lt-LT\"}]}<\/script>\n<!-- \/ Yoast SEO plugin. -->","yoast_head_json":{"title":"Stiprinamasis kremas - busteris rankoms su sraigi\u0173 mucinu nuo rauk\u0161li\u0173, 60g. - TianDe Online Shop - Beauty &amp; Health","robots":{"index":"index","follow":"follow","max-snippet":"max-snippet:-1","max-image-preview":"max-image-preview:large","max-video-preview":"max-video-preview:-1"},"canonical":"https:\/\/tiandeproducts.co.uk\/lt\/stiprinamasis-kremas-busteris-rankoms-su-sraigiu-mucinu-nuo-rauksliu-60g\/","og_locale":"lt_LT","og_type":"article","og_title":"Stiprinamasis kremas - busteris rankoms su sraigi\u0173 mucinu nuo rauk\u0161li\u0173, 60g. - TianDe Online Shop - Beauty &amp; Health","og_description":"Lengvos ir \u0161velnios tekst\u016bros kremas labai greitai \u012fsigeria, padengia od\u0105 nematoma, orui pralaid\u017eia apsaugine pl\u0117vele, kuri neleid\u017eia rank\u0173 odai i\u0161saus\u0117ti. I\u0161skirtin\u0117s aktyviosios med\u017eiagos pagreitina odos l\u0105steli\u0173 atsinaujinimo procesus, patempia od\u0105, ma\u017eina rauk\u0161leli\u0173 kiek\u012f, mink\u0161tina, apsaugo nuo negatyvaus i\u0161or\u0117s poveikio, neleid\u017eia odai vysti, sugr\u0105\u017eina komforto ir \u0161velnumo poj\u016bt\u012f. Naudojant \u0161i\u0105 priemon\u0119 rank\u0173 oda ilgiau i\u0161liks jauna. [...]","og_url":"https:\/\/tiandeproducts.co.uk\/lt\/stiprinamasis-kremas-busteris-rankoms-su-sraigiu-mucinu-nuo-rauksliu-60g\/","og_site_name":"TianDe Online Shop - Beauty &amp; Health","article_publisher":"https:\/\/www.facebook.com\/tiande.products.england\/","article_modified_time":"2019-09-26T10:56:52+00:00","og_image":[{"width":700,"height":700,"url":"https:\/\/tiandeproducts.co.uk\/wp-content\/uploads\/2016\/04\/44605_sl.png","type":"image\/png"}],"twitter_card":"summary_large_image","twitter_misc":{"Est. reading time":"1 minut\u0117"},"schema":{"@context":"https:\/\/schema.org","@graph":[{"@type":"WebPage","@id":"https:\/\/tiandeproducts.co.uk\/lt\/stiprinamasis-kremas-busteris-rankoms-su-sraigiu-mucinu-nuo-rauksliu-60g\/","url":"https:\/\/tiandeproducts.co.uk\/lt\/stiprinamasis-kremas-busteris-rankoms-su-sraigiu-mucinu-nuo-rauksliu-60g\/","name":"Stiprinamasis kremas - busteris rankoms su sraigi\u0173 mucinu nuo rauk\u0161li\u0173, 60g. - TianDe Online Shop - Beauty &amp; Health","isPartOf":{"@id":"https:\/\/tiandeproducts.co.uk\/#website"},"primaryImageOfPage":{"@id":"https:\/\/tiandeproducts.co.uk\/lt\/stiprinamasis-kremas-busteris-rankoms-su-sraigiu-mucinu-nuo-rauksliu-60g\/#primaryimage"},"image":{"@id":"https:\/\/tiandeproducts.co.uk\/lt\/stiprinamasis-kremas-busteris-rankoms-su-sraigiu-mucinu-nuo-rauksliu-60g\/#primaryimage"},"thumbnailUrl":"https:\/\/tiandeproducts.co.uk\/wp-content\/uploads\/2016\/04\/44605_sl.png","datePublished":"2016-04-21T11:49:26+00:00","dateModified":"2019-09-26T10:56:52+00:00","breadcrumb":{"@id":"https:\/\/tiandeproducts.co.uk\/lt\/stiprinamasis-kremas-busteris-rankoms-su-sraigiu-mucinu-nuo-rauksliu-60g\/#breadcrumb"},"inLanguage":"lt-LT","potentialAction":[{"@type":"ReadAction","target":["https:\/\/tiandeproducts.co.uk\/lt\/stiprinamasis-kremas-busteris-rankoms-su-sraigiu-mucinu-nuo-rauksliu-60g\/"]}]},{"@type":"ImageObject","inLanguage":"lt-LT","@id":"https:\/\/tiandeproducts.co.uk\/lt\/stiprinamasis-kremas-busteris-rankoms-su-sraigiu-mucinu-nuo-rauksliu-60g\/#primaryimage","url":"https:\/\/tiandeproducts.co.uk\/wp-content\/uploads\/2016\/04\/44605_sl.png","contentUrl":"https:\/\/tiandeproducts.co.uk\/wp-content\/uploads\/2016\/04\/44605_sl.png","width":700,"height":700,"caption":"Snail Mucin Moisturizing, Rejuvenating Booster- Hand Cream,60g-0"},{"@type":"BreadcrumbList","@id":"https:\/\/tiandeproducts.co.uk\/lt\/stiprinamasis-kremas-busteris-rankoms-su-sraigiu-mucinu-nuo-rauksliu-60g\/#breadcrumb","itemListElement":[{"@type":"ListItem","position":1,"name":"Home","item":"https:\/\/tiandeproducts.co.uk\/lt\/"},{"@type":"ListItem","position":2,"name":"Shop","item":"https:\/\/tiandeproducts.co.uk\/lt\/shop-2\/"},{"@type":"ListItem","position":3,"name":"Stiprinamasis kremas &#8211; busteris rankoms su sraigi\u0173 mucinu nuo rauk\u0161li\u0173, 60g."}]},{"@type":"WebSite","@id":"https:\/\/tiandeproducts.co.uk\/#website","url":"https:\/\/tiandeproducts.co.uk\/","name":"TianDe Online Shop - Beauty & Health","description":"Traditional Chinese Medicine","potentialAction":[{"@type":"SearchAction","target":{"@type":"EntryPoint","urlTemplate":"https:\/\/tiandeproducts.co.uk\/?s={search_term_string}"},"query-input":{"@type":"PropertyValueSpecification","valueRequired":true,"valueName":"search_term_string"}}],"inLanguage":"lt-LT"}]}},"_links":{"self":[{"href":"https:\/\/tiandeproducts.co.uk\/lt\/wp-json\/wp\/v2\/product\/3799","targetHints":{"allow":["GET"]}}],"collection":[{"href":"https:\/\/tiandeproducts.co.uk\/lt\/wp-json\/wp\/v2\/product"}],"about":[{"href":"https:\/\/tiandeproducts.co.uk\/lt\/wp-json\/wp\/v2\/types\/product"}],"replies":[{"embeddable":true,"href":"https:\/\/tiandeproducts.co.uk\/lt\/wp-json\/wp\/v2\/comments?post=3799"}],"wp:featuredmedia":[{"embeddable":true,"href":"https:\/\/tiandeproducts.co.uk\/lt\/wp-json\/wp\/v2\/media\/1179"}],"wp:attachment":[{"href":"https:\/\/tiandeproducts.co.uk\/lt\/wp-json\/wp\/v2\/media?parent=3799"}],"wp:term":[{"taxonomy":"product_cat","embeddable":true,"href":"https:\/\/tiandeproducts.co.uk\/lt\/wp-json\/wp\/v2\/product_cat?post=3799"},{"taxonomy":"product_tag","embeddable":true,"href":"https:\/\/tiandeproducts.co.uk\/lt\/wp-json\/wp\/v2\/product_tag?post=3799"}],"curies":[{"name":"wp","href":"https:\/\/api.w.org\/{rel}","templated":true}]}}