{"id":3798,"date":"2016-04-20T19:27:45","date_gmt":"2016-04-20T18:27:45","guid":{"rendered":"https:\/\/tnd.ontesting.co.uk\/masazinis-volelis-mezoroleris-1vnt\/"},"modified":"2020-03-01T19:54:08","modified_gmt":"2020-03-01T19:54:08","slug":"masazinis-volelis-mezoroleris-1vnt","status":"publish","type":"product","link":"https:\/\/tiandeproducts.co.uk\/lt\/masazinis-volelis-mezoroleris-1vnt\/","title":{"rendered":"Masa\u017einis volelis &#8211; mezoroleris, 1vnt."},"content":{"rendered":"<p>Mezoroleris &#8211; neskausminga ir efektyvi alternatyva injekcin\u0117ms mezoterapin\u0117ms proced\u016broms, idealiai tinka naudoti namuose. Naudojant mezoroler\u012f, aktyv\u016bs kosmetikos priemoni\u0173 komponentai lengviau ir grei\u010diau prasiskverbia pro epidermin\u012f barjer\u0105, grei\u010diau suaktyvinama kolageno sintez\u0117,\u00a0d\u0117l mechanin\u0117s odos stimuliacijos\u00a0atsistato dermos jungiamasis audinys. Taip aktyvinama kolageno ir elastino gamyba, gerinama odos kraujotaka, kas net iki 90% padidina biologi\u0161kai aktyvi\u0173 daleli\u0173, esan\u010di\u0173 kremuose, esencijose ir serumuose, efektyvum\u0105. Masa\u017einis volelis padengtas 0,5 mm storio mikro adatomis i\u0161 kokybi\u0161ko medicininio plieno.<\/p>\n<p><strong>Mezoroleris naudojamas norint:<\/strong><\/p>\n<ol>\n<li>pagreitinti odos regeneracijos procesus;<\/li>\n<li>padidinti naudojam\u0173 kosmetini\u0173 priemoni\u0173 efektyvum\u0105 iki 90%;<\/li>\n<li>atstatyti odos tekst\u016br\u0105;<\/li>\n<li>suma\u017einti esamas rauk\u0161les ir u\u017ekirsti keli\u0105 nauj\u0173 atsiradimui;<\/li>\n<li>balinti pigmentines d\u0117mes;<\/li>\n<li>suma\u017einti randus po akn\u0117s;<\/li>\n<li>sustangrinti veido od\u0105;<\/li>\n<li>atstatyti veido ovalo kont\u016br\u0105;<\/li>\n<li>pastebimai atjauninti od\u0105.<\/li>\n<\/ol>\n<p><strong>Kai norima i\u0161lyginti randus po akn\u0117s, patempti veido od\u0105, atstatyti veido ovalo kont\u016br\u0105, sustangrinti, mezoterapin\u0117ms proced\u016broms rekomenduojama kartu naudoti \u0161ias priemones:<\/strong><\/p>\n<ol>\n<li>transdermalin\u012f kompleks\u0105 NANO CORRECTOR liftingo efektas (12201);<\/li>\n<li>maitinam\u0105j\u012f ir atstatom\u0105j\u012f naktin\u012f krem\u0105 veidui (13502);<\/li>\n<li>intensyvaus liftingo krem\u0105 veidui (12703);<\/li>\n<li>stangrinam\u0105j\u0105 emulsij\u0105 veido ir kaklo odai (12705);<\/li>\n<li>daugiafunkcin\u012f krem\u0105 veidui su sraigi\u0173 mucinu (sekretu) (14601);<\/li>\n<li>modeliuojam\u0105j\u012f gel\u012f veido ovalui (12707);<\/li>\n<li>atkuriam\u0105j\u012f serum\u0105 veidui kapsul\u0117se \u201eCorrective serum\u201c (10101).<\/li>\n<\/ol>\n<p><strong>Kai norima i\u0161lyginti rauk\u0161les, atjauninti veido od\u0105, atstatyti veido odos elastingum\u0105, suaktyvinti kolageno sintez\u0119, mezoterapin\u0117ms proced\u016broms rekomenduojama kartu naudoti \u0161ias priemones:<\/strong><\/p>\n<ol>\n<li>transdermalin\u012f kompleks\u0105 NANO CORRECTOR su botokso efektu (12202);<\/li>\n<li>maitinam\u0105j\u012f ir atstatom\u0105j\u012f naktin\u012f krem\u0105 veidui (13502);<\/li>\n<li>jauninam\u0105j\u0105 ir energijos suteikian\u010di\u0105 emulsij\u0105 veidui (12805);<\/li>\n<li>intensyvios prie\u017ei\u016bros krem\u0105 veidui nuo rauk\u0161li\u0173 (12804);<\/li>\n<li>atkuriam\u0105j\u012f veido krem\u0105 nuo prie\u0161laikinio sen\u0117jimo (15603);<\/li>\n<li>intensyv\u0173 regeneruojam\u0105j\u012f veido krem\u0105 (14902);<\/li>\n<li>atkuriam\u0105j\u012f serum\u0105 veidui kapsul\u0117se \u201eCorrective serum\u201c (10101).<\/li>\n<\/ol>\n<p>Mezoroler\u012f galima naudoti ne tik veido ir kaklo odai, bet ir paaki\u0173 zonai (\u0161velniai ir nespaud\u017eiant, kartu su specialiomis paaki\u0173 zonai skirtomis kosmetin\u0117mis priemon\u0117mis), bei kitoms problemin\u0117ms k\u016bno vietoms, taip pat norint padidinti anticeliulitini\u0173 priemoni\u0173 k\u016bnui efektyvum\u0105 arba suma\u017einti strijas ant pilvo ir \u0161laun\u0173 (tokiais atvejais ypa\u010d rekomenduojamas stimuliuojamasis kremas \u0161launims (35412)). Tam tikslui naudokite atitinkamas kosmetines priemones laikantis t\u0173 pa\u010di\u0173 naudojimosi mezoroleriu taisykli\u0173.<\/p>\n<p><strong>Naudojimas:<\/strong><\/p>\n<ol>\n<li>kruop\u0161\u010diai nuvalykite veido od\u0105 naudodami veido prausikl\u012f arba gel\u012f;<\/li>\n<li>patepkite od\u0105 ta priemone, kuri\u0105 naudosite proced\u016bros metu;<\/li>\n<li>suskirstykite veido ir kaklo od\u0105 \u012f zonas (pvz. kakta, smakras, skruostai), kiekvienai i\u0161 j\u0173 naudokite mezoroler\u012f vertikalia ir horizontalia kryptimi (po 10 kart\u0173) ir \u012fstri\u017eai \u012f abi puses i\u0161 apa\u010dios \u012f vir\u0161\u0173 (po 10 kart\u0173);<\/li>\n<li>po proced\u016bros b\u016btina od\u0105 padengti dr\u0117kinan\u010dia kosmetine priemone arba lengva jauninan\u010dia ir raminan\u010dia esencija (puikiai tinka dr\u0117kinamoji kauk\u0117 &#8211; kremas veidui \u201eAlavijas\u201d (50109), gaivinamoji kauk\u0117 &#8211; kremas veidui \u201eLedyn\u0173 vanduo\u201d (50110), jauninamasis kremas &#8211; kauk\u0117 veido ir dekolte zonai (55605), antioksidantinis kremas veidui \u201eNoni\u201d (14905), jauninanti ir energijos suteikianti emulsija veidui (12805));<\/li>\n<li>iki ir po kiekvienos proced\u016bros nupurk\u0161kite mezoroler\u012f steriliu skys\u010diu (salicilo spiritu arba kitu dezinfekuojan\u010diu pur\u0161kiamu preparatu).<\/li>\n<\/ol>\n<p>Proced\u016bra nam\u0173 s\u0105lygomis u\u017eims 5-10 min., priklausomai nuo to, kiek veido ir kaklo zon\u0173 tvarkysite. Proced\u016br\u0105 atlikite ne daugiau nei 1 kart\u0105 per dien\u0105, jei lyginate randus arba ai\u0161kiai i\u0161reik\u0161tas rauk\u0161les ir suglebusi\u0105 veido od\u0105. Geriausia mezoroler\u012f naudoti 14 dien\u0173 kasdien, o poto 3-4 kartus per savait\u0119.<br \/>\nNaudoti galima tik ant sveikos, neu\u017edegimin\u0117s ir \u0161variai nuvalytos veido odos. Proced\u016br\u0105 geriausia atlikti 2 val. prie\u0161 mieg\u0105. Po jos nerekomenduojama eiti \u012f lauk\u0105 30-40 min. (ypa\u010d jei v\u0117juota) arba naudotis sauna ar eiti \u012f sporto sal\u0119. Proced\u016bros metu suaktyv\u0117ja veido odos kraujotaka, veidas \u0161iek tiek parausta.<br \/>\n<strong><em>Svarbu<\/em><\/strong>. Tai grie\u017etai individualaus naudojimo instrumentas. Proced\u016br\u0105 atlikti lengvai, ved\u017eiojant aparatu pagal auk\u0161\u010diau nurodytas taisykles (nespausti prie odos). Nenaudoti pa\u017eeistai odai, esant virusiniams ar grybeliniams odos susirgimams. Nenaudoti, jei turite p\u016blingus spuogus ant veido odos, egzem\u0105, psoriaz\u0119 ar dermatit\u0105. Neliesti apgam\u0173 ir kuperoz\u0117s pa\u017eeist\u0173 odos viet\u0173 (juos galite u\u017eklijuoti nedideliu pleistriuku).<\/p>\n","protected":false},"excerpt":{"rendered":"<p>Mezoroleris &#8211; neskausminga ir efektyvi alternatyva injekcin\u0117ms mezoterapin\u0117ms proced\u016broms, idealiai tinka naudoti namuose. Naudojant mezoroler\u012f, aktyv\u016bs kosmetikos priemoni\u0173 komponentai lengviau ir grei\u010diau prasiskverbia pro epidermin\u012f barjer\u0105, grei\u010diau suaktyvinama kolageno sintez\u0117,\u00a0d\u0117l mechanin\u0117s odos stimuliacijos\u00a0atsistato dermos jungiamasis audinys. Taip aktyvinama kolageno ir elastino gamyba, gerinama odos kraujotaka, kas net iki 90% padidina biologi\u0161kai aktyvi\u0173 daleli\u0173, esan\u010di\u0173 kremuose, [&#8230;]\n","protected":false},"featured_media":1085,"comment_status":"closed","ping_status":"closed","template":"","meta":[],"product_cat":[461,524,467,482,563,606,634,653,506],"product_tag":[],"class_list":{"0":"post-3798","1":"product","2":"type-product","3":"status-publish","4":"has-post-thumbnail","6":"product_cat-aksesuarai","7":"product_cat-brandziai-odai","8":"product_cat-kosmetikos-reikmenys","9":"product_cat-masazas","10":"product_cat-odos-elastngumas","11":"product_cat-papildoma-odos-prieziura","12":"product_cat-plaukams","13":"product_cat-plauku-augimo-linija","14":"product_cat-veidui","16":"first","17":"instock","18":"shipping-taxable","19":"purchasable","20":"product-type-simple"},"yoast_head":"<!-- This site is optimized with the Yoast SEO plugin v23.6 - https:\/\/yoast.com\/wordpress\/plugins\/seo\/ -->\n<title>Masa\u017einis volelis - mezoroleris, 1vnt. - TianDe Online Shop - Beauty &amp; Health<\/title>\n<meta name=\"robots\" content=\"index, follow, max-snippet:-1, max-image-preview:large, max-video-preview:-1\" \/>\n<link rel=\"canonical\" href=\"https:\/\/tiandeproducts.co.uk\/lt\/masazinis-volelis-mezoroleris-1vnt\/\" \/>\n<meta property=\"og:locale\" content=\"lt_LT\" \/>\n<meta property=\"og:type\" content=\"article\" \/>\n<meta property=\"og:title\" content=\"Masa\u017einis volelis - mezoroleris, 1vnt. - TianDe Online Shop - Beauty &amp; Health\" \/>\n<meta property=\"og:description\" content=\"Mezoroleris &#8211; neskausminga ir efektyvi alternatyva injekcin\u0117ms mezoterapin\u0117ms proced\u016broms, idealiai tinka naudoti namuose. Naudojant mezoroler\u012f, aktyv\u016bs kosmetikos priemoni\u0173 komponentai lengviau ir grei\u010diau prasiskverbia pro epidermin\u012f barjer\u0105, grei\u010diau suaktyvinama kolageno sintez\u0117,\u00a0d\u0117l mechanin\u0117s odos stimuliacijos\u00a0atsistato dermos jungiamasis audinys. Taip aktyvinama kolageno ir elastino gamyba, gerinama odos kraujotaka, kas net iki 90% padidina biologi\u0161kai aktyvi\u0173 daleli\u0173, esan\u010di\u0173 kremuose, [...]\" \/>\n<meta property=\"og:url\" content=\"https:\/\/tiandeproducts.co.uk\/lt\/masazinis-volelis-mezoroleris-1vnt\/\" \/>\n<meta property=\"og:site_name\" content=\"TianDe Online Shop - Beauty &amp; Health\" \/>\n<meta property=\"article:publisher\" content=\"https:\/\/www.facebook.com\/tiande.products.england\/\" \/>\n<meta property=\"article:modified_time\" content=\"2020-03-01T19:54:08+00:00\" \/>\n<meta property=\"og:image\" content=\"https:\/\/tiandeproducts.co.uk\/wp-content\/uploads\/2016\/04\/90141_1_.png\" \/>\n\t<meta property=\"og:image:width\" content=\"700\" \/>\n\t<meta property=\"og:image:height\" content=\"700\" \/>\n\t<meta property=\"og:image:type\" content=\"image\/png\" \/>\n<meta name=\"twitter:card\" content=\"summary_large_image\" \/>\n<meta name=\"twitter:label1\" content=\"Est. reading time\" \/>\n\t<meta name=\"twitter:data1\" content=\"3 minut\u0117s\" \/>\n<script type=\"application\/ld+json\" class=\"yoast-schema-graph\">{\"@context\":\"https:\/\/schema.org\",\"@graph\":[{\"@type\":\"WebPage\",\"@id\":\"https:\/\/tiandeproducts.co.uk\/lt\/masazinis-volelis-mezoroleris-1vnt\/\",\"url\":\"https:\/\/tiandeproducts.co.uk\/lt\/masazinis-volelis-mezoroleris-1vnt\/\",\"name\":\"Masa\u017einis volelis - mezoroleris, 1vnt. - TianDe Online Shop - Beauty &amp; Health\",\"isPartOf\":{\"@id\":\"https:\/\/tiandeproducts.co.uk\/#website\"},\"primaryImageOfPage\":{\"@id\":\"https:\/\/tiandeproducts.co.uk\/lt\/masazinis-volelis-mezoroleris-1vnt\/#primaryimage\"},\"image\":{\"@id\":\"https:\/\/tiandeproducts.co.uk\/lt\/masazinis-volelis-mezoroleris-1vnt\/#primaryimage\"},\"thumbnailUrl\":\"https:\/\/tiandeproducts.co.uk\/wp-content\/uploads\/2016\/04\/90141_1_.png\",\"datePublished\":\"2016-04-20T18:27:45+00:00\",\"dateModified\":\"2020-03-01T19:54:08+00:00\",\"breadcrumb\":{\"@id\":\"https:\/\/tiandeproducts.co.uk\/lt\/masazinis-volelis-mezoroleris-1vnt\/#breadcrumb\"},\"inLanguage\":\"lt-LT\",\"potentialAction\":[{\"@type\":\"ReadAction\",\"target\":[\"https:\/\/tiandeproducts.co.uk\/lt\/masazinis-volelis-mezoroleris-1vnt\/\"]}]},{\"@type\":\"ImageObject\",\"inLanguage\":\"lt-LT\",\"@id\":\"https:\/\/tiandeproducts.co.uk\/lt\/masazinis-volelis-mezoroleris-1vnt\/#primaryimage\",\"url\":\"https:\/\/tiandeproducts.co.uk\/wp-content\/uploads\/2016\/04\/90141_1_.png\",\"contentUrl\":\"https:\/\/tiandeproducts.co.uk\/wp-content\/uploads\/2016\/04\/90141_1_.png\",\"width\":700,\"height\":700,\"caption\":\"Mezzoroller massage roller,Micro-Needles 05mm,1pc-0\"},{\"@type\":\"BreadcrumbList\",\"@id\":\"https:\/\/tiandeproducts.co.uk\/lt\/masazinis-volelis-mezoroleris-1vnt\/#breadcrumb\",\"itemListElement\":[{\"@type\":\"ListItem\",\"position\":1,\"name\":\"Home\",\"item\":\"https:\/\/tiandeproducts.co.uk\/lt\/\"},{\"@type\":\"ListItem\",\"position\":2,\"name\":\"Shop\",\"item\":\"https:\/\/tiandeproducts.co.uk\/lt\/shop-2\/\"},{\"@type\":\"ListItem\",\"position\":3,\"name\":\"Masa\u017einis volelis &#8211; mezoroleris, 1vnt.\"}]},{\"@type\":\"WebSite\",\"@id\":\"https:\/\/tiandeproducts.co.uk\/#website\",\"url\":\"https:\/\/tiandeproducts.co.uk\/\",\"name\":\"TianDe Online Shop - Beauty & Health\",\"description\":\"Traditional Chinese Medicine\",\"potentialAction\":[{\"@type\":\"SearchAction\",\"target\":{\"@type\":\"EntryPoint\",\"urlTemplate\":\"https:\/\/tiandeproducts.co.uk\/?s={search_term_string}\"},\"query-input\":{\"@type\":\"PropertyValueSpecification\",\"valueRequired\":true,\"valueName\":\"search_term_string\"}}],\"inLanguage\":\"lt-LT\"}]}<\/script>\n<!-- \/ Yoast SEO plugin. -->","yoast_head_json":{"title":"Masa\u017einis volelis - mezoroleris, 1vnt. - TianDe Online Shop - Beauty &amp; Health","robots":{"index":"index","follow":"follow","max-snippet":"max-snippet:-1","max-image-preview":"max-image-preview:large","max-video-preview":"max-video-preview:-1"},"canonical":"https:\/\/tiandeproducts.co.uk\/lt\/masazinis-volelis-mezoroleris-1vnt\/","og_locale":"lt_LT","og_type":"article","og_title":"Masa\u017einis volelis - mezoroleris, 1vnt. - TianDe Online Shop - Beauty &amp; Health","og_description":"Mezoroleris &#8211; neskausminga ir efektyvi alternatyva injekcin\u0117ms mezoterapin\u0117ms proced\u016broms, idealiai tinka naudoti namuose. Naudojant mezoroler\u012f, aktyv\u016bs kosmetikos priemoni\u0173 komponentai lengviau ir grei\u010diau prasiskverbia pro epidermin\u012f barjer\u0105, grei\u010diau suaktyvinama kolageno sintez\u0117,\u00a0d\u0117l mechanin\u0117s odos stimuliacijos\u00a0atsistato dermos jungiamasis audinys. Taip aktyvinama kolageno ir elastino gamyba, gerinama odos kraujotaka, kas net iki 90% padidina biologi\u0161kai aktyvi\u0173 daleli\u0173, esan\u010di\u0173 kremuose, [...]","og_url":"https:\/\/tiandeproducts.co.uk\/lt\/masazinis-volelis-mezoroleris-1vnt\/","og_site_name":"TianDe Online Shop - Beauty &amp; Health","article_publisher":"https:\/\/www.facebook.com\/tiande.products.england\/","article_modified_time":"2020-03-01T19:54:08+00:00","og_image":[{"width":700,"height":700,"url":"https:\/\/tiandeproducts.co.uk\/wp-content\/uploads\/2016\/04\/90141_1_.png","type":"image\/png"}],"twitter_card":"summary_large_image","twitter_misc":{"Est. reading time":"3 minut\u0117s"},"schema":{"@context":"https:\/\/schema.org","@graph":[{"@type":"WebPage","@id":"https:\/\/tiandeproducts.co.uk\/lt\/masazinis-volelis-mezoroleris-1vnt\/","url":"https:\/\/tiandeproducts.co.uk\/lt\/masazinis-volelis-mezoroleris-1vnt\/","name":"Masa\u017einis volelis - mezoroleris, 1vnt. - TianDe Online Shop - Beauty &amp; Health","isPartOf":{"@id":"https:\/\/tiandeproducts.co.uk\/#website"},"primaryImageOfPage":{"@id":"https:\/\/tiandeproducts.co.uk\/lt\/masazinis-volelis-mezoroleris-1vnt\/#primaryimage"},"image":{"@id":"https:\/\/tiandeproducts.co.uk\/lt\/masazinis-volelis-mezoroleris-1vnt\/#primaryimage"},"thumbnailUrl":"https:\/\/tiandeproducts.co.uk\/wp-content\/uploads\/2016\/04\/90141_1_.png","datePublished":"2016-04-20T18:27:45+00:00","dateModified":"2020-03-01T19:54:08+00:00","breadcrumb":{"@id":"https:\/\/tiandeproducts.co.uk\/lt\/masazinis-volelis-mezoroleris-1vnt\/#breadcrumb"},"inLanguage":"lt-LT","potentialAction":[{"@type":"ReadAction","target":["https:\/\/tiandeproducts.co.uk\/lt\/masazinis-volelis-mezoroleris-1vnt\/"]}]},{"@type":"ImageObject","inLanguage":"lt-LT","@id":"https:\/\/tiandeproducts.co.uk\/lt\/masazinis-volelis-mezoroleris-1vnt\/#primaryimage","url":"https:\/\/tiandeproducts.co.uk\/wp-content\/uploads\/2016\/04\/90141_1_.png","contentUrl":"https:\/\/tiandeproducts.co.uk\/wp-content\/uploads\/2016\/04\/90141_1_.png","width":700,"height":700,"caption":"Mezzoroller massage roller,Micro-Needles 05mm,1pc-0"},{"@type":"BreadcrumbList","@id":"https:\/\/tiandeproducts.co.uk\/lt\/masazinis-volelis-mezoroleris-1vnt\/#breadcrumb","itemListElement":[{"@type":"ListItem","position":1,"name":"Home","item":"https:\/\/tiandeproducts.co.uk\/lt\/"},{"@type":"ListItem","position":2,"name":"Shop","item":"https:\/\/tiandeproducts.co.uk\/lt\/shop-2\/"},{"@type":"ListItem","position":3,"name":"Masa\u017einis volelis &#8211; mezoroleris, 1vnt."}]},{"@type":"WebSite","@id":"https:\/\/tiandeproducts.co.uk\/#website","url":"https:\/\/tiandeproducts.co.uk\/","name":"TianDe Online Shop - Beauty & Health","description":"Traditional Chinese Medicine","potentialAction":[{"@type":"SearchAction","target":{"@type":"EntryPoint","urlTemplate":"https:\/\/tiandeproducts.co.uk\/?s={search_term_string}"},"query-input":{"@type":"PropertyValueSpecification","valueRequired":true,"valueName":"search_term_string"}}],"inLanguage":"lt-LT"}]}},"_links":{"self":[{"href":"https:\/\/tiandeproducts.co.uk\/lt\/wp-json\/wp\/v2\/product\/3798","targetHints":{"allow":["GET"]}}],"collection":[{"href":"https:\/\/tiandeproducts.co.uk\/lt\/wp-json\/wp\/v2\/product"}],"about":[{"href":"https:\/\/tiandeproducts.co.uk\/lt\/wp-json\/wp\/v2\/types\/product"}],"replies":[{"embeddable":true,"href":"https:\/\/tiandeproducts.co.uk\/lt\/wp-json\/wp\/v2\/comments?post=3798"}],"wp:featuredmedia":[{"embeddable":true,"href":"https:\/\/tiandeproducts.co.uk\/lt\/wp-json\/wp\/v2\/media\/1085"}],"wp:attachment":[{"href":"https:\/\/tiandeproducts.co.uk\/lt\/wp-json\/wp\/v2\/media?parent=3798"}],"wp:term":[{"taxonomy":"product_cat","embeddable":true,"href":"https:\/\/tiandeproducts.co.uk\/lt\/wp-json\/wp\/v2\/product_cat?post=3798"},{"taxonomy":"product_tag","embeddable":true,"href":"https:\/\/tiandeproducts.co.uk\/lt\/wp-json\/wp\/v2\/product_tag?post=3798"}],"curies":[{"name":"wp","href":"https:\/\/api.w.org\/{rel}","templated":true}]}}