{"id":3789,"date":"2016-04-03T15:02:57","date_gmt":"2016-04-03T14:02:57","guid":{"rendered":"https:\/\/tnd.ontesting.co.uk\/jauninanti-ir-energijos-suteikianti-emulsija-veidui-45ml\/"},"modified":"2020-02-02T19:30:24","modified_gmt":"2020-02-02T19:30:24","slug":"jauninanti-ir-energijos-suteikianti-emulsija-veidui-45ml","status":"publish","type":"product","link":"https:\/\/tiandeproducts.co.uk\/lt\/jauninanti-ir-energijos-suteikianti-emulsija-veidui-45ml\/","title":{"rendered":"Jauninanti ir energijos suteikianti emulsija veidui, 45ml."},"content":{"rendered":"<p>Ypa\u010d lengvos tekst\u016bros emulsija &#8211; efektyvi kasdien\u0117 pagalba i\u0161saus\u0117jusiai, vystan\u010diai, elastingumo ir stangrumo netekusiai odai. Aktyv\u016bs komponentai intensyviai dr\u0117kina, maitina, lygina ir jaunina veido od\u0105, panaikina \u012ftamp\u0105, sudirgim\u0105, saugo j\u0105 nuo negatyvaus i\u0161or\u0117s poveikio, sugr\u0105\u017eina energij\u0105. Oda tampa elastinga, stangri ir sveika.<\/p>\n<p>Jauninanti ir energijos suteikianti emulsija veikia kaip serumas, tod\u0117l tinka naudoti ir nak\u010diai, o taip pat po veido kauki\u0173 ar kit\u0173 veido proced\u016br\u0173.<\/p>\n<p><strong>Naudojimas:<\/strong><br \/>\nAnt \u0161varios, nuvalytos ir tonizuotos odos u\u017etepkite nedidel\u012f kiek\u012f emulsijos ir sukamaisiais judesiais paskirstykite ant veido ir kaklo odos (i\u0161skyrus paaki\u0173 srit\u012f). Naudokite ryte ir vakare. Esencija lengvai pasiskirsto ant odos, akimirksniu \u012fsigeria. U\u017etenka 1 dozatoriaus paspaudimo veido sri\u010diai ir 1 paspaudimo kaklo sri\u010diai.<br \/>\nEmulsij\u0105\u00a0galite naudoti kaip naktin\u012f krem\u0105 vietoj dr\u0117kinamojo kremo (12803) \u0161altuoju met\u0173 laiku, ir vietoj intensyvios prie\u017ei\u016bros kremo nuo rauk\u0161li\u0173 (12804) bet kuriuo kitu met\u0173 laiku.<\/p>\n<p><strong>Veikliosios med\u017eiagos:\u00a0<\/strong><\/p>\n<p><strong>Paprastojo gar\u017edenio ekstraktas<\/strong>\u00a0pasi\u017eymi ry\u0161kiomis antioksidantin\u0117mis savyb\u0117mis, stipriu prie\u0161u\u017edegiminiu poveikiu, saugo odos l\u0105steles nuo laisv\u0173j\u0173 radikal\u0173. Veikliosios med\u017eiagos detoksikuoja, stabdo perteklin\u0119 riebal\u0173 sekrecij\u0105, maitina ir dr\u0117kina. Paprastojo gar\u017edenio ekstraktas suteikia balinam\u0105j\u012f ir bei jauninam\u0105j\u012f poveik\u012f, veiksmingai ramina jautri\u0105, linkusi\u0105 parausti ir sudirgti od\u0105.<\/p>\n<p><strong>Portulakos ekstraktas<\/strong>\u00a0\u2013 tai gamtinis miorelaksantas, kuris atpalaiduoja mimikos raumenis, u\u017ekerta keli\u0105 rauk\u0161li\u0173 atsiradimui. Aktyviosios med\u017eiagos ramina sudirgusi\u0105 od\u0105, skatina regeneracijos procesus. Ekstraktas savo sud\u0117tyje turi didel\u012f kiek\u012f omega &#8211; 3 riebi\u0173j\u0173 r\u016bg\u0161\u010di\u0173, bei vitamino C, kas skatina kolageno gamyb\u0105, bei didina apsaugines odos savybes.<\/p>\n<p><strong>Jojobos aliejus<\/strong>\u00a0d\u0117l savo ypatingos konsistencijos yra ne aliejus, o skystas va\u0161kas, sudarytas i\u0161 esteri\u0173 (daugiausia), vitamin\u0173, antioksidant\u0173, mineralini\u0173 med\u017eiag\u0173 ir kt. \u0160is aliejus ypatingas tuo, kad savo savyb\u0117mis yra beveik identi\u0161kas odos i\u0161skiriamiems riebalams. Didel\u0117 vitamino E koncentracija bei antibakterin\u0117s, prie\u0161u\u017edegimin\u0117s, netoksi\u0161kos savyb\u0117s daro j\u012f nepaprastai naudingu kiekvienos dienos odos prie\u017ei\u016broje. Jojoba esteriai greitai \u012fsisavinami (tod\u0117l tinka visiems odos tipams, net sausai ir jautriai odai), mink\u0161tina, dr\u0117kina, maitina ir ramina od\u0105. Aktyviosios med\u017eiagos veiksmingai saugo nuo dr\u0117gm\u0117s praradimo, atkuria nat\u016bralias odos apsaugos funkcijas, pa\u0161alina \u0161erpetojim\u0105 ir dirglum\u0105, saugo nuo u\u017edegimini\u0173 proces\u0173.<\/p>\n<p><strong>J\u016bros dumbliai<\/strong>\u00a0&#8211; viena seniausi\u0173 ir turtingiausi\u0173 biologini\u0173 r\u016b\u0161i\u0173 \u017eem\u0117je, kuri per savo ilg\u0105 gyvavimo laikotarp\u012f i\u0161moko sukaupti mil\u017eini\u0161k\u0105 kiek\u012f biologi\u0161kai aktyvi\u0173 med\u017eiag\u0173. Unikali dumbli\u0173 mineralin\u0117 sud\u0117tis beveik identi\u0161ka biocheminei \u017emogaus kraujo plazmos sud\u0117\u010diai. Kosmetika pagaminta naudojant j\u016bros dumbli\u0173 ekstrakt\u0105 turi auk\u0161t\u0105 biologinio suderinamumo laipsn\u012f su \u017emogaus odos l\u0105stel\u0117mis, tod\u0117l ji ypa\u010d saugi odai ir suteikia daugyb\u0119 aktyvi\u0173 med\u017eiag\u0173, mineral\u0173, mikro ir makro element\u0173, nat\u016brali\u0173 dr\u0117kikli\u0173, antioksidant\u0173.<\/p>\n<p><strong>Hialurono r\u016bg\u0161tis<\/strong>\u00a0suteikia liftingo efekt\u0105, didina odos elastingum\u0105, stangrina. Veiklioji med\u017eiaga ant odos pavir\u0161iaus sukuria orui pralaid\u0173 apsaugin\u012f sluoksn\u012f, tai apsaugo nuo dr\u0117gm\u0117s praradimo net gilesnius sluoksnius. Ji efektyviai pagreitina audini\u0173 l\u0105steli\u0173 atsinaujinimo procesus, gerina mikrocirkuliacij\u0105, skatina nauj\u0173 odos l\u0105steli\u0173 dauginim\u0105si, apsaugo nuo i\u0161orini\u0173 pa\u017eeidim\u0173 ir infekcij\u0173, sustiprina odos apsaugin\u012f sluoksn\u012f bei odos imunines savyb\u0117s.<\/p>\n<p>\u012edomu, kad hialurono r\u016bg\u0161ties molekul\u0117s gali pritraukti ir i\u0161laikyti net ~500 kart\u0173 u\u017e save didesn\u012f kiek\u012f vandens!<\/p>\n<p><strong>Hidrolizuoti \u017eirni\u0173 proteinai<\/strong>\u00a0&#8211; hipoalergeniniai augaliniai baltymai, maistini\u0173 med\u017eiag\u0173 ir aminor\u016bg\u0161\u010di\u0173 talpykla. Aktyviosios med\u017eiagos dr\u0117kina od\u0105, sukuria apsaugin\u0119 pl\u0117vel\u0119 ant odos pavir\u0161iaus, kas neu\u017ekem\u0161a por\u0173 ir leid\u017eia odai kv\u0117puoti. Hidrolizuoti \u017eirni\u0173 proteinai skatina kolageno ir elastino gamyb\u0105, suteikia odai ypatingo \u0161velnumo.<\/p>\n<p>&nbsp;<\/p>\n","protected":false},"excerpt":{"rendered":"<p>Ypa\u010d lengvos tekst\u016bros emulsija &#8211; efektyvi kasdien\u0117 pagalba i\u0161saus\u0117jusiai, vystan\u010diai, elastingumo ir stangrumo netekusiai odai. Aktyv\u016bs komponentai intensyviai dr\u0117kina, maitina, lygina ir jaunina veido od\u0105, panaikina \u012ftamp\u0105, sudirgim\u0105, saugo j\u0105 nuo negatyvaus i\u0161or\u0117s poveikio, sugr\u0105\u017eina energij\u0105. Oda tampa elastinga, stangri ir sveika. Jauninanti ir energijos suteikianti emulsija veikia kaip serumas, tod\u0117l tinka naudoti ir nak\u010diai, [&#8230;]\n","protected":false},"featured_media":319,"comment_status":"closed","ping_status":"closed","template":"","meta":[],"product_cat":[524,532,612,563,506,614],"product_tag":[],"class_list":{"0":"post-3789","1":"product","2":"type-product","3":"status-publish","4":"has-post-thumbnail","6":"product_cat-brandziai-odai","7":"product_cat-jautriai-odai","8":"product_cat-nuo-rauksliu","9":"product_cat-odos-elastngumas","10":"product_cat-veidui","11":"product_cat-zhenfei-perfect-lt","13":"first","14":"instock","15":"shipping-taxable","16":"purchasable","17":"product-type-simple"},"yoast_head":"<!-- This site is optimized with the Yoast SEO plugin v23.6 - https:\/\/yoast.com\/wordpress\/plugins\/seo\/ -->\n<title>Jauninanti ir energijos suteikianti emulsija veidui, 45ml. - TianDe Online Shop - Beauty &amp; Health<\/title>\n<meta name=\"robots\" content=\"index, follow, max-snippet:-1, max-image-preview:large, max-video-preview:-1\" \/>\n<link rel=\"canonical\" href=\"https:\/\/tiandeproducts.co.uk\/lt\/jauninanti-ir-energijos-suteikianti-emulsija-veidui-45ml\/\" \/>\n<meta property=\"og:locale\" content=\"lt_LT\" \/>\n<meta property=\"og:type\" content=\"article\" \/>\n<meta property=\"og:title\" content=\"Jauninanti ir energijos suteikianti emulsija veidui, 45ml. - TianDe Online Shop - Beauty &amp; Health\" \/>\n<meta property=\"og:description\" content=\"Ypa\u010d lengvos tekst\u016bros emulsija &#8211; efektyvi kasdien\u0117 pagalba i\u0161saus\u0117jusiai, vystan\u010diai, elastingumo ir stangrumo netekusiai odai. Aktyv\u016bs komponentai intensyviai dr\u0117kina, maitina, lygina ir jaunina veido od\u0105, panaikina \u012ftamp\u0105, sudirgim\u0105, saugo j\u0105 nuo negatyvaus i\u0161or\u0117s poveikio, sugr\u0105\u017eina energij\u0105. Oda tampa elastinga, stangri ir sveika. Jauninanti ir energijos suteikianti emulsija veikia kaip serumas, tod\u0117l tinka naudoti ir nak\u010diai, [...]\" \/>\n<meta property=\"og:url\" content=\"https:\/\/tiandeproducts.co.uk\/lt\/jauninanti-ir-energijos-suteikianti-emulsija-veidui-45ml\/\" \/>\n<meta property=\"og:site_name\" content=\"TianDe Online Shop - Beauty &amp; Health\" \/>\n<meta property=\"article:publisher\" content=\"https:\/\/www.facebook.com\/tiande.products.england\/\" \/>\n<meta property=\"article:modified_time\" content=\"2020-02-02T19:30:24+00:00\" \/>\n<meta property=\"og:image\" content=\"https:\/\/tiandeproducts.co.uk\/wp-content\/uploads\/2016\/04\/12805_new.png\" \/>\n\t<meta property=\"og:image:width\" content=\"700\" \/>\n\t<meta property=\"og:image:height\" content=\"700\" \/>\n\t<meta property=\"og:image:type\" content=\"image\/png\" \/>\n<meta name=\"twitter:card\" content=\"summary_large_image\" \/>\n<meta name=\"twitter:label1\" content=\"Est. reading time\" \/>\n\t<meta name=\"twitter:data1\" content=\"3 minut\u0117s\" \/>\n<script type=\"application\/ld+json\" class=\"yoast-schema-graph\">{\"@context\":\"https:\/\/schema.org\",\"@graph\":[{\"@type\":\"WebPage\",\"@id\":\"https:\/\/tiandeproducts.co.uk\/lt\/jauninanti-ir-energijos-suteikianti-emulsija-veidui-45ml\/\",\"url\":\"https:\/\/tiandeproducts.co.uk\/lt\/jauninanti-ir-energijos-suteikianti-emulsija-veidui-45ml\/\",\"name\":\"Jauninanti ir energijos suteikianti emulsija veidui, 45ml. - TianDe Online Shop - Beauty &amp; Health\",\"isPartOf\":{\"@id\":\"https:\/\/tiandeproducts.co.uk\/#website\"},\"primaryImageOfPage\":{\"@id\":\"https:\/\/tiandeproducts.co.uk\/lt\/jauninanti-ir-energijos-suteikianti-emulsija-veidui-45ml\/#primaryimage\"},\"image\":{\"@id\":\"https:\/\/tiandeproducts.co.uk\/lt\/jauninanti-ir-energijos-suteikianti-emulsija-veidui-45ml\/#primaryimage\"},\"thumbnailUrl\":\"https:\/\/tiandeproducts.co.uk\/wp-content\/uploads\/2016\/04\/12805_new.png\",\"datePublished\":\"2016-04-03T14:02:57+00:00\",\"dateModified\":\"2020-02-02T19:30:24+00:00\",\"breadcrumb\":{\"@id\":\"https:\/\/tiandeproducts.co.uk\/lt\/jauninanti-ir-energijos-suteikianti-emulsija-veidui-45ml\/#breadcrumb\"},\"inLanguage\":\"lt-LT\",\"potentialAction\":[{\"@type\":\"ReadAction\",\"target\":[\"https:\/\/tiandeproducts.co.uk\/lt\/jauninanti-ir-energijos-suteikianti-emulsija-veidui-45ml\/\"]}]},{\"@type\":\"ImageObject\",\"inLanguage\":\"lt-LT\",\"@id\":\"https:\/\/tiandeproducts.co.uk\/lt\/jauninanti-ir-energijos-suteikianti-emulsija-veidui-45ml\/#primaryimage\",\"url\":\"https:\/\/tiandeproducts.co.uk\/wp-content\/uploads\/2016\/04\/12805_new.png\",\"contentUrl\":\"https:\/\/tiandeproducts.co.uk\/wp-content\/uploads\/2016\/04\/12805_new.png\",\"width\":700,\"height\":700,\"caption\":\"\\\"Zhenfei Perfect 35+\\\" Rejuvenating Energy Facial Emulsion,45ml-0\"},{\"@type\":\"BreadcrumbList\",\"@id\":\"https:\/\/tiandeproducts.co.uk\/lt\/jauninanti-ir-energijos-suteikianti-emulsija-veidui-45ml\/#breadcrumb\",\"itemListElement\":[{\"@type\":\"ListItem\",\"position\":1,\"name\":\"Home\",\"item\":\"https:\/\/tiandeproducts.co.uk\/lt\/\"},{\"@type\":\"ListItem\",\"position\":2,\"name\":\"Shop\",\"item\":\"https:\/\/tiandeproducts.co.uk\/lt\/shop-2\/\"},{\"@type\":\"ListItem\",\"position\":3,\"name\":\"Jauninanti ir energijos suteikianti emulsija veidui, 45ml.\"}]},{\"@type\":\"WebSite\",\"@id\":\"https:\/\/tiandeproducts.co.uk\/#website\",\"url\":\"https:\/\/tiandeproducts.co.uk\/\",\"name\":\"TianDe Online Shop - Beauty & Health\",\"description\":\"Traditional Chinese Medicine\",\"potentialAction\":[{\"@type\":\"SearchAction\",\"target\":{\"@type\":\"EntryPoint\",\"urlTemplate\":\"https:\/\/tiandeproducts.co.uk\/?s={search_term_string}\"},\"query-input\":{\"@type\":\"PropertyValueSpecification\",\"valueRequired\":true,\"valueName\":\"search_term_string\"}}],\"inLanguage\":\"lt-LT\"}]}<\/script>\n<!-- \/ Yoast SEO plugin. -->","yoast_head_json":{"title":"Jauninanti ir energijos suteikianti emulsija veidui, 45ml. - TianDe Online Shop - Beauty &amp; Health","robots":{"index":"index","follow":"follow","max-snippet":"max-snippet:-1","max-image-preview":"max-image-preview:large","max-video-preview":"max-video-preview:-1"},"canonical":"https:\/\/tiandeproducts.co.uk\/lt\/jauninanti-ir-energijos-suteikianti-emulsija-veidui-45ml\/","og_locale":"lt_LT","og_type":"article","og_title":"Jauninanti ir energijos suteikianti emulsija veidui, 45ml. - TianDe Online Shop - Beauty &amp; Health","og_description":"Ypa\u010d lengvos tekst\u016bros emulsija &#8211; efektyvi kasdien\u0117 pagalba i\u0161saus\u0117jusiai, vystan\u010diai, elastingumo ir stangrumo netekusiai odai. Aktyv\u016bs komponentai intensyviai dr\u0117kina, maitina, lygina ir jaunina veido od\u0105, panaikina \u012ftamp\u0105, sudirgim\u0105, saugo j\u0105 nuo negatyvaus i\u0161or\u0117s poveikio, sugr\u0105\u017eina energij\u0105. Oda tampa elastinga, stangri ir sveika. Jauninanti ir energijos suteikianti emulsija veikia kaip serumas, tod\u0117l tinka naudoti ir nak\u010diai, [...]","og_url":"https:\/\/tiandeproducts.co.uk\/lt\/jauninanti-ir-energijos-suteikianti-emulsija-veidui-45ml\/","og_site_name":"TianDe Online Shop - Beauty &amp; Health","article_publisher":"https:\/\/www.facebook.com\/tiande.products.england\/","article_modified_time":"2020-02-02T19:30:24+00:00","og_image":[{"width":700,"height":700,"url":"https:\/\/tiandeproducts.co.uk\/wp-content\/uploads\/2016\/04\/12805_new.png","type":"image\/png"}],"twitter_card":"summary_large_image","twitter_misc":{"Est. reading time":"3 minut\u0117s"},"schema":{"@context":"https:\/\/schema.org","@graph":[{"@type":"WebPage","@id":"https:\/\/tiandeproducts.co.uk\/lt\/jauninanti-ir-energijos-suteikianti-emulsija-veidui-45ml\/","url":"https:\/\/tiandeproducts.co.uk\/lt\/jauninanti-ir-energijos-suteikianti-emulsija-veidui-45ml\/","name":"Jauninanti ir energijos suteikianti emulsija veidui, 45ml. - TianDe Online Shop - Beauty &amp; Health","isPartOf":{"@id":"https:\/\/tiandeproducts.co.uk\/#website"},"primaryImageOfPage":{"@id":"https:\/\/tiandeproducts.co.uk\/lt\/jauninanti-ir-energijos-suteikianti-emulsija-veidui-45ml\/#primaryimage"},"image":{"@id":"https:\/\/tiandeproducts.co.uk\/lt\/jauninanti-ir-energijos-suteikianti-emulsija-veidui-45ml\/#primaryimage"},"thumbnailUrl":"https:\/\/tiandeproducts.co.uk\/wp-content\/uploads\/2016\/04\/12805_new.png","datePublished":"2016-04-03T14:02:57+00:00","dateModified":"2020-02-02T19:30:24+00:00","breadcrumb":{"@id":"https:\/\/tiandeproducts.co.uk\/lt\/jauninanti-ir-energijos-suteikianti-emulsija-veidui-45ml\/#breadcrumb"},"inLanguage":"lt-LT","potentialAction":[{"@type":"ReadAction","target":["https:\/\/tiandeproducts.co.uk\/lt\/jauninanti-ir-energijos-suteikianti-emulsija-veidui-45ml\/"]}]},{"@type":"ImageObject","inLanguage":"lt-LT","@id":"https:\/\/tiandeproducts.co.uk\/lt\/jauninanti-ir-energijos-suteikianti-emulsija-veidui-45ml\/#primaryimage","url":"https:\/\/tiandeproducts.co.uk\/wp-content\/uploads\/2016\/04\/12805_new.png","contentUrl":"https:\/\/tiandeproducts.co.uk\/wp-content\/uploads\/2016\/04\/12805_new.png","width":700,"height":700,"caption":"\"Zhenfei Perfect 35+\" Rejuvenating Energy Facial Emulsion,45ml-0"},{"@type":"BreadcrumbList","@id":"https:\/\/tiandeproducts.co.uk\/lt\/jauninanti-ir-energijos-suteikianti-emulsija-veidui-45ml\/#breadcrumb","itemListElement":[{"@type":"ListItem","position":1,"name":"Home","item":"https:\/\/tiandeproducts.co.uk\/lt\/"},{"@type":"ListItem","position":2,"name":"Shop","item":"https:\/\/tiandeproducts.co.uk\/lt\/shop-2\/"},{"@type":"ListItem","position":3,"name":"Jauninanti ir energijos suteikianti emulsija veidui, 45ml."}]},{"@type":"WebSite","@id":"https:\/\/tiandeproducts.co.uk\/#website","url":"https:\/\/tiandeproducts.co.uk\/","name":"TianDe Online Shop - Beauty & Health","description":"Traditional Chinese Medicine","potentialAction":[{"@type":"SearchAction","target":{"@type":"EntryPoint","urlTemplate":"https:\/\/tiandeproducts.co.uk\/?s={search_term_string}"},"query-input":{"@type":"PropertyValueSpecification","valueRequired":true,"valueName":"search_term_string"}}],"inLanguage":"lt-LT"}]}},"_links":{"self":[{"href":"https:\/\/tiandeproducts.co.uk\/lt\/wp-json\/wp\/v2\/product\/3789","targetHints":{"allow":["GET"]}}],"collection":[{"href":"https:\/\/tiandeproducts.co.uk\/lt\/wp-json\/wp\/v2\/product"}],"about":[{"href":"https:\/\/tiandeproducts.co.uk\/lt\/wp-json\/wp\/v2\/types\/product"}],"replies":[{"embeddable":true,"href":"https:\/\/tiandeproducts.co.uk\/lt\/wp-json\/wp\/v2\/comments?post=3789"}],"wp:featuredmedia":[{"embeddable":true,"href":"https:\/\/tiandeproducts.co.uk\/lt\/wp-json\/wp\/v2\/media\/319"}],"wp:attachment":[{"href":"https:\/\/tiandeproducts.co.uk\/lt\/wp-json\/wp\/v2\/media?parent=3789"}],"wp:term":[{"taxonomy":"product_cat","embeddable":true,"href":"https:\/\/tiandeproducts.co.uk\/lt\/wp-json\/wp\/v2\/product_cat?post=3789"},{"taxonomy":"product_tag","embeddable":true,"href":"https:\/\/tiandeproducts.co.uk\/lt\/wp-json\/wp\/v2\/product_tag?post=3789"}],"curies":[{"name":"wp","href":"https:\/\/api.w.org\/{rel}","templated":true}]}}