{"id":3787,"date":"2016-04-03T14:52:46","date_gmt":"2016-04-03T13:52:46","guid":{"rendered":"https:\/\/tnd.ontesting.co.uk\/kremas-gelis-paakiu-odai-nuo-rauksliu-30g\/"},"modified":"2019-11-01T09:07:50","modified_gmt":"2019-11-01T09:07:50","slug":"kremas-gelis-paakiu-odai-nuo-rauksliu-30g","status":"publish","type":"product","link":"https:\/\/tiandeproducts.co.uk\/lt\/kremas-gelis-paakiu-odai-nuo-rauksliu-30g\/","title":{"rendered":"Kremas &#8211; gelis paaki\u0173 odai nuo rauk\u0161li\u0173, 30g."},"content":{"rendered":"<p>\u0160velnios tekst\u016bros kremas &#8211; gelis maloniai r\u016bpinasi jautria oda aplink akis, j\u0105 giliai maitina ir dr\u0117kina, ma\u017eina paaki\u0173 srities rauk\u0161leles, atstato paaki\u0173 odos strukt\u016br\u0105, \u0161alina patinimus ir juodus ratilus po akimis. Oda atrodys patempta, sveika, glotni ir \u0161vytinti.<\/p>\n<p>Pati ploniausia, jautriausia (5-7 kartus plonesn\u0117 nei skruost\u0173) paaki\u0173 oda reikalauja ypatingai subtilios ir veiksmingos prie\u017ei\u016bros sulaukus brandaus am\u017eiaus.<br \/>\nPaaki\u0173 kremo &#8211; gelio sud\u0117tyje &#8211; auk\u0161\u010diausios kokyb\u0117s kosmetikos priemoni\u0173 komponentas &#8211; peptidai. Tai grup\u0117 aktyvi\u0173 baltymini\u0173 med\u017eiag\u0173, kurios efektyviai reguliuoja ir koordinuoja l\u0105steli\u0173 gyvybingum\u0105, skatina regeneracinius procesus. Peptidai lengvai prasiskverbia pro odos ragin\u012f sluoksn\u012f \u012f derm\u0105 iki gyv\u0173 l\u0105steli\u0173 ir kapiliar\u0173. Odos audini\u0173 atstatymas vyksta i\u0161 vidaus, oda ilgai i\u0161laiko jaun\u0105 i\u0161vaizd\u0105. Naudojant priemones su peptidais, stimuliuojamos odos l\u0105stel\u0117s, kraujotaka ir mikrocirkuliacija, kolageno ir elastino sintez\u0117. Tai greitai ir pastebimai lygina bei patempia od\u0105, gerina jos dr\u0117kinim\u0105, tekst\u016br\u0105 bei spalv\u0105.<\/p>\n<p><strong>Naudojimas:<\/strong><br \/>\nMa\u017e\u0105 kiek\u012f kremo &#8211; gelio \u0161velniai patepkite (tap\u0161nokite, nemasa\u017euokite) od\u0105 aplink akis. Naudokite ryte ir\/ar vakare ant \u0161varios, nuvalytos odos.<\/p>\n<p><strong>Veikliosios med\u017eiagos:<\/strong><\/p>\n<p><strong>Paprastojo gar\u017edenio ekstraktas<\/strong>\u00a0pasi\u017eymi ry\u0161kiomis antioksidantin\u0117mis savyb\u0117mis, stipriu prie\u0161u\u017edegiminiu poveikiu, saugo odos l\u0105steles nuo laisv\u0173j\u0173 radikal\u0173. Veikliosios med\u017eiagos detoksikuoja, stabdo perteklin\u0119 riebal\u0173 sekrecij\u0105, maitina ir dr\u0117kina. Paprastojo gar\u017edenio ekstraktas suteikia balinam\u0105j\u012f ir bei jauninam\u0105j\u012f poveik\u012f, veiksmingai ramina jautri\u0105, linkusi\u0105 parausti ir sudirgti od\u0105.<\/p>\n<p><strong>Acetyl tetrapeptidas-5<\/strong>\u00a0&#8211; intensyviai ma\u017eina paaki\u0173 patinimus (mai\u0161elius), gerina limfos nutek\u0117jim\u0105, kraujo mikrocirkuliacij\u0105, \u0161alina juodus ratilus po akimis. Aktyvioji med\u017eiaga pastebimai stangrina plon\u0105 paaki\u0173 od\u0105, suteikia jai elastingumo.<\/p>\n<p><strong>Taukmed\u017eio sviesto (Aliejus \u0160i)<\/strong>\u00a0vertingumas slypi jo turtingoje sud\u0117tyje. I\u0161skirtinai didel\u0117 vitamin\u0173 A, E ir nepakei\u010diam\u0173 riebi\u0173j\u0173 r\u016bg\u0161\u010di\u0173 koncentracija stimuliuoja odos gyvybinius procesus l\u0105stel\u0117s membranos viduje, bei suteikia patikim\u0105 apsaug\u0105 nuo negatyvaus i\u0161or\u0117s poveikio. Fitosteroliai stiprina odos atsparum\u0105 dirgikliams, aktyvina kraujotak\u0105, neleid\u017eia kilti u\u017edegimams, dr\u0117kina. Linoleno r\u016bg\u0161tys padeda suma\u017einti vandens praradim\u0105 pavir\u0161iniuose audiniuose. Keratinai suteikia elastingumo ir gyvybingumo.<\/p>\n<p><strong>Jojobos aliejus<\/strong>\u00a0d\u0117l savo ypatingos konsistencijos yra ne aliejus, o skystas va\u0161kas, sudarytas i\u0161 esteri\u0173 (daugiausia), vitamin\u0173, antioksidant\u0173, mineralini\u0173 med\u017eiag\u0173 ir kt. \u0160is aliejus ypatingas tuo, kad savo savyb\u0117mis yra beveik identi\u0161kas odos i\u0161skiriamiems riebalams. Didel\u0117 vitamino E koncentracija bei antibakterin\u0117s, prie\u0161u\u017edegimin\u0117s, netoksi\u0161kos savyb\u0117s daro j\u012f nepaprastai naudingu kiekvienos dienos odos prie\u017ei\u016broje. Jojoba esteriai greitai \u012fsisavinami (tod\u0117l tinka visiems odos tipams, net sausai ir jautriai odai), mink\u0161tina, dr\u0117kina, maitina ir ramina od\u0105. Aktyviosios med\u017eiagos veiksmingai saugo nuo dr\u0117gm\u0117s praradimo, atkuria nat\u016bralias odos apsaugos funkcijas, pa\u0161alina \u0161erpetojim\u0105 ir dirglum\u0105, saugo nuo u\u017edegimini\u0173 proces\u0173.<\/p>\n<p><strong>Hialurono r\u016bg\u0161tis<\/strong>\u00a0&#8211; suteikia liftingo efekt\u0105, didina odos elastingum\u0105, stangrina. Veiklioji med\u017eiaga ant odos pavir\u0161iaus sukuria orui pralaid\u0173 apsaugin\u012f sluoksn\u012f, tai apsaugo nuo dr\u0117gm\u0117s praradimo net gilesnius sluoksnius. Ji efektyviai pagreitina audini\u0173 l\u0105steli\u0173 atsinaujinimo procesus, gerina mikrocirkuliacij\u0105, skatina nauj\u0173 odos l\u0105steli\u0173 dauginim\u0105si, apsaugo nuo i\u0161orini\u0173 pa\u017eeidim\u0173 ir infekcij\u0173, sustiprina odos apsaugin\u012f sluoksn\u012f bei odos imunines savyb\u0117s.<br \/>\n\u012edomu, kad hialurono r\u016bg\u0161ties molekul\u0117s gali pritraukti ir i\u0161laikyti net ~500 kart\u0173 u\u017e save didesn\u012f kiek\u012f vandens!<\/p>\n<p><strong>Vitaminas E<\/strong>\u00a0turi stiprias antioksidantines savybes, apsaugo nuo UV spinduli\u0173, jaunina, maitina ir dr\u0117kina od\u0105, stiprina epidermio hidrolipidin\u012f barjer\u0105.<\/p>\n","protected":false},"excerpt":{"rendered":"<p>\u0160velnios tekst\u016bros kremas &#8211; gelis maloniai r\u016bpinasi jautria oda aplink akis, j\u0105 giliai maitina ir dr\u0117kina, ma\u017eina paaki\u0173 srities rauk\u0161leles, atstato paaki\u0173 odos strukt\u016br\u0105, \u0161alina patinimus ir juodus ratilus po akimis. Oda atrodys patempta, sveika, glotni ir \u0161vytinti. Pati ploniausia, jautriausia (5-7 kartus plonesn\u0117 nei skruost\u0173) paaki\u0173 oda reikalauja ypatingai subtilios ir veiksmingos prie\u017ei\u016bros sulaukus [&#8230;]\n","protected":false},"featured_media":309,"comment_status":"closed","ping_status":"closed","template":"","meta":[],"product_cat":[560,559,506,614],"product_tag":[],"class_list":{"0":"post-3787","1":"product","2":"type-product","3":"status-publish","4":"has-post-thumbnail","6":"product_cat-paakiu-kremaiserumai","7":"product_cat-paakiu-odos-prieziura","8":"product_cat-veidui","9":"product_cat-zhenfei-perfect-lt","11":"first","12":"instock","13":"shipping-taxable","14":"purchasable","15":"product-type-simple"},"yoast_head":"<!-- This site is optimized with the Yoast SEO plugin v23.6 - https:\/\/yoast.com\/wordpress\/plugins\/seo\/ -->\n<title>Kremas - gelis paaki\u0173 odai nuo rauk\u0161li\u0173, 30g. - TianDe Online Shop - Beauty &amp; Health<\/title>\n<meta name=\"robots\" content=\"index, follow, max-snippet:-1, max-image-preview:large, max-video-preview:-1\" \/>\n<link rel=\"canonical\" href=\"https:\/\/tiandeproducts.co.uk\/lt\/kremas-gelis-paakiu-odai-nuo-rauksliu-30g\/\" \/>\n<meta property=\"og:locale\" content=\"lt_LT\" \/>\n<meta property=\"og:type\" content=\"article\" \/>\n<meta property=\"og:title\" content=\"Kremas - gelis paaki\u0173 odai nuo rauk\u0161li\u0173, 30g. - TianDe Online Shop - Beauty &amp; Health\" \/>\n<meta property=\"og:description\" content=\"\u0160velnios tekst\u016bros kremas &#8211; gelis maloniai r\u016bpinasi jautria oda aplink akis, j\u0105 giliai maitina ir dr\u0117kina, ma\u017eina paaki\u0173 srities rauk\u0161leles, atstato paaki\u0173 odos strukt\u016br\u0105, \u0161alina patinimus ir juodus ratilus po akimis. Oda atrodys patempta, sveika, glotni ir \u0161vytinti. Pati ploniausia, jautriausia (5-7 kartus plonesn\u0117 nei skruost\u0173) paaki\u0173 oda reikalauja ypatingai subtilios ir veiksmingos prie\u017ei\u016bros sulaukus [...]\" \/>\n<meta property=\"og:url\" content=\"https:\/\/tiandeproducts.co.uk\/lt\/kremas-gelis-paakiu-odai-nuo-rauksliu-30g\/\" \/>\n<meta property=\"og:site_name\" content=\"TianDe Online Shop - Beauty &amp; Health\" \/>\n<meta property=\"article:publisher\" content=\"https:\/\/www.facebook.com\/tiande.products.england\/\" \/>\n<meta property=\"article:modified_time\" content=\"2019-11-01T09:07:50+00:00\" \/>\n<meta property=\"og:image\" content=\"https:\/\/tiandeproducts.co.uk\/wp-content\/uploads\/2016\/04\/12806_new.png\" \/>\n\t<meta property=\"og:image:width\" content=\"700\" \/>\n\t<meta property=\"og:image:height\" content=\"700\" \/>\n\t<meta property=\"og:image:type\" content=\"image\/png\" \/>\n<meta name=\"twitter:card\" content=\"summary_large_image\" \/>\n<meta name=\"twitter:label1\" content=\"Est. reading time\" \/>\n\t<meta name=\"twitter:data1\" content=\"3 minut\u0117s\" \/>\n<script type=\"application\/ld+json\" class=\"yoast-schema-graph\">{\"@context\":\"https:\/\/schema.org\",\"@graph\":[{\"@type\":\"WebPage\",\"@id\":\"https:\/\/tiandeproducts.co.uk\/lt\/kremas-gelis-paakiu-odai-nuo-rauksliu-30g\/\",\"url\":\"https:\/\/tiandeproducts.co.uk\/lt\/kremas-gelis-paakiu-odai-nuo-rauksliu-30g\/\",\"name\":\"Kremas - gelis paaki\u0173 odai nuo rauk\u0161li\u0173, 30g. - TianDe Online Shop - Beauty &amp; Health\",\"isPartOf\":{\"@id\":\"https:\/\/tiandeproducts.co.uk\/#website\"},\"primaryImageOfPage\":{\"@id\":\"https:\/\/tiandeproducts.co.uk\/lt\/kremas-gelis-paakiu-odai-nuo-rauksliu-30g\/#primaryimage\"},\"image\":{\"@id\":\"https:\/\/tiandeproducts.co.uk\/lt\/kremas-gelis-paakiu-odai-nuo-rauksliu-30g\/#primaryimage\"},\"thumbnailUrl\":\"https:\/\/tiandeproducts.co.uk\/wp-content\/uploads\/2016\/04\/12806_new.png\",\"datePublished\":\"2016-04-03T13:52:46+00:00\",\"dateModified\":\"2019-11-01T09:07:50+00:00\",\"breadcrumb\":{\"@id\":\"https:\/\/tiandeproducts.co.uk\/lt\/kremas-gelis-paakiu-odai-nuo-rauksliu-30g\/#breadcrumb\"},\"inLanguage\":\"lt-LT\",\"potentialAction\":[{\"@type\":\"ReadAction\",\"target\":[\"https:\/\/tiandeproducts.co.uk\/lt\/kremas-gelis-paakiu-odai-nuo-rauksliu-30g\/\"]}]},{\"@type\":\"ImageObject\",\"inLanguage\":\"lt-LT\",\"@id\":\"https:\/\/tiandeproducts.co.uk\/lt\/kremas-gelis-paakiu-odai-nuo-rauksliu-30g\/#primaryimage\",\"url\":\"https:\/\/tiandeproducts.co.uk\/wp-content\/uploads\/2016\/04\/12806_new.png\",\"contentUrl\":\"https:\/\/tiandeproducts.co.uk\/wp-content\/uploads\/2016\/04\/12806_new.png\",\"width\":700,\"height\":700,\"caption\":\"\\\"Zhenfei Perfect 35+\\\" Anti-Wrinkle Eye Cream-Gel,30g-0\"},{\"@type\":\"BreadcrumbList\",\"@id\":\"https:\/\/tiandeproducts.co.uk\/lt\/kremas-gelis-paakiu-odai-nuo-rauksliu-30g\/#breadcrumb\",\"itemListElement\":[{\"@type\":\"ListItem\",\"position\":1,\"name\":\"Home\",\"item\":\"https:\/\/tiandeproducts.co.uk\/lt\/\"},{\"@type\":\"ListItem\",\"position\":2,\"name\":\"Shop\",\"item\":\"https:\/\/tiandeproducts.co.uk\/lt\/shop-2\/\"},{\"@type\":\"ListItem\",\"position\":3,\"name\":\"Kremas &#8211; gelis paaki\u0173 odai nuo rauk\u0161li\u0173, 30g.\"}]},{\"@type\":\"WebSite\",\"@id\":\"https:\/\/tiandeproducts.co.uk\/#website\",\"url\":\"https:\/\/tiandeproducts.co.uk\/\",\"name\":\"TianDe Online Shop - Beauty & Health\",\"description\":\"Traditional Chinese Medicine\",\"potentialAction\":[{\"@type\":\"SearchAction\",\"target\":{\"@type\":\"EntryPoint\",\"urlTemplate\":\"https:\/\/tiandeproducts.co.uk\/?s={search_term_string}\"},\"query-input\":{\"@type\":\"PropertyValueSpecification\",\"valueRequired\":true,\"valueName\":\"search_term_string\"}}],\"inLanguage\":\"lt-LT\"}]}<\/script>\n<!-- \/ Yoast SEO plugin. -->","yoast_head_json":{"title":"Kremas - gelis paaki\u0173 odai nuo rauk\u0161li\u0173, 30g. - TianDe Online Shop - Beauty &amp; Health","robots":{"index":"index","follow":"follow","max-snippet":"max-snippet:-1","max-image-preview":"max-image-preview:large","max-video-preview":"max-video-preview:-1"},"canonical":"https:\/\/tiandeproducts.co.uk\/lt\/kremas-gelis-paakiu-odai-nuo-rauksliu-30g\/","og_locale":"lt_LT","og_type":"article","og_title":"Kremas - gelis paaki\u0173 odai nuo rauk\u0161li\u0173, 30g. - TianDe Online Shop - Beauty &amp; Health","og_description":"\u0160velnios tekst\u016bros kremas &#8211; gelis maloniai r\u016bpinasi jautria oda aplink akis, j\u0105 giliai maitina ir dr\u0117kina, ma\u017eina paaki\u0173 srities rauk\u0161leles, atstato paaki\u0173 odos strukt\u016br\u0105, \u0161alina patinimus ir juodus ratilus po akimis. Oda atrodys patempta, sveika, glotni ir \u0161vytinti. Pati ploniausia, jautriausia (5-7 kartus plonesn\u0117 nei skruost\u0173) paaki\u0173 oda reikalauja ypatingai subtilios ir veiksmingos prie\u017ei\u016bros sulaukus [...]","og_url":"https:\/\/tiandeproducts.co.uk\/lt\/kremas-gelis-paakiu-odai-nuo-rauksliu-30g\/","og_site_name":"TianDe Online Shop - Beauty &amp; Health","article_publisher":"https:\/\/www.facebook.com\/tiande.products.england\/","article_modified_time":"2019-11-01T09:07:50+00:00","og_image":[{"width":700,"height":700,"url":"https:\/\/tiandeproducts.co.uk\/wp-content\/uploads\/2016\/04\/12806_new.png","type":"image\/png"}],"twitter_card":"summary_large_image","twitter_misc":{"Est. reading time":"3 minut\u0117s"},"schema":{"@context":"https:\/\/schema.org","@graph":[{"@type":"WebPage","@id":"https:\/\/tiandeproducts.co.uk\/lt\/kremas-gelis-paakiu-odai-nuo-rauksliu-30g\/","url":"https:\/\/tiandeproducts.co.uk\/lt\/kremas-gelis-paakiu-odai-nuo-rauksliu-30g\/","name":"Kremas - gelis paaki\u0173 odai nuo rauk\u0161li\u0173, 30g. - TianDe Online Shop - Beauty &amp; Health","isPartOf":{"@id":"https:\/\/tiandeproducts.co.uk\/#website"},"primaryImageOfPage":{"@id":"https:\/\/tiandeproducts.co.uk\/lt\/kremas-gelis-paakiu-odai-nuo-rauksliu-30g\/#primaryimage"},"image":{"@id":"https:\/\/tiandeproducts.co.uk\/lt\/kremas-gelis-paakiu-odai-nuo-rauksliu-30g\/#primaryimage"},"thumbnailUrl":"https:\/\/tiandeproducts.co.uk\/wp-content\/uploads\/2016\/04\/12806_new.png","datePublished":"2016-04-03T13:52:46+00:00","dateModified":"2019-11-01T09:07:50+00:00","breadcrumb":{"@id":"https:\/\/tiandeproducts.co.uk\/lt\/kremas-gelis-paakiu-odai-nuo-rauksliu-30g\/#breadcrumb"},"inLanguage":"lt-LT","potentialAction":[{"@type":"ReadAction","target":["https:\/\/tiandeproducts.co.uk\/lt\/kremas-gelis-paakiu-odai-nuo-rauksliu-30g\/"]}]},{"@type":"ImageObject","inLanguage":"lt-LT","@id":"https:\/\/tiandeproducts.co.uk\/lt\/kremas-gelis-paakiu-odai-nuo-rauksliu-30g\/#primaryimage","url":"https:\/\/tiandeproducts.co.uk\/wp-content\/uploads\/2016\/04\/12806_new.png","contentUrl":"https:\/\/tiandeproducts.co.uk\/wp-content\/uploads\/2016\/04\/12806_new.png","width":700,"height":700,"caption":"\"Zhenfei Perfect 35+\" Anti-Wrinkle Eye Cream-Gel,30g-0"},{"@type":"BreadcrumbList","@id":"https:\/\/tiandeproducts.co.uk\/lt\/kremas-gelis-paakiu-odai-nuo-rauksliu-30g\/#breadcrumb","itemListElement":[{"@type":"ListItem","position":1,"name":"Home","item":"https:\/\/tiandeproducts.co.uk\/lt\/"},{"@type":"ListItem","position":2,"name":"Shop","item":"https:\/\/tiandeproducts.co.uk\/lt\/shop-2\/"},{"@type":"ListItem","position":3,"name":"Kremas &#8211; gelis paaki\u0173 odai nuo rauk\u0161li\u0173, 30g."}]},{"@type":"WebSite","@id":"https:\/\/tiandeproducts.co.uk\/#website","url":"https:\/\/tiandeproducts.co.uk\/","name":"TianDe Online Shop - Beauty & Health","description":"Traditional Chinese Medicine","potentialAction":[{"@type":"SearchAction","target":{"@type":"EntryPoint","urlTemplate":"https:\/\/tiandeproducts.co.uk\/?s={search_term_string}"},"query-input":{"@type":"PropertyValueSpecification","valueRequired":true,"valueName":"search_term_string"}}],"inLanguage":"lt-LT"}]}},"_links":{"self":[{"href":"https:\/\/tiandeproducts.co.uk\/lt\/wp-json\/wp\/v2\/product\/3787","targetHints":{"allow":["GET"]}}],"collection":[{"href":"https:\/\/tiandeproducts.co.uk\/lt\/wp-json\/wp\/v2\/product"}],"about":[{"href":"https:\/\/tiandeproducts.co.uk\/lt\/wp-json\/wp\/v2\/types\/product"}],"replies":[{"embeddable":true,"href":"https:\/\/tiandeproducts.co.uk\/lt\/wp-json\/wp\/v2\/comments?post=3787"}],"wp:featuredmedia":[{"embeddable":true,"href":"https:\/\/tiandeproducts.co.uk\/lt\/wp-json\/wp\/v2\/media\/309"}],"wp:attachment":[{"href":"https:\/\/tiandeproducts.co.uk\/lt\/wp-json\/wp\/v2\/media?parent=3787"}],"wp:term":[{"taxonomy":"product_cat","embeddable":true,"href":"https:\/\/tiandeproducts.co.uk\/lt\/wp-json\/wp\/v2\/product_cat?post=3787"},{"taxonomy":"product_tag","embeddable":true,"href":"https:\/\/tiandeproducts.co.uk\/lt\/wp-json\/wp\/v2\/product_tag?post=3787"}],"curies":[{"name":"wp","href":"https:\/\/api.w.org\/{rel}","templated":true}]}}