{"id":3786,"date":"2016-04-19T22:02:16","date_gmt":"2016-04-19T21:02:16","guid":{"rendered":"https:\/\/tnd.ontesting.co.uk\/labai-efektyvus-drekinamasis-kremas-veidui-50g\/"},"modified":"2021-04-07T14:01:16","modified_gmt":"2021-04-07T13:01:16","slug":"labai-efektyvus-drekinamasis-kremas-veidui-50g","status":"publish","type":"product","link":"https:\/\/tiandeproducts.co.uk\/lt\/labai-efektyvus-drekinamasis-kremas-veidui-50g\/","title":{"rendered":"Labai efektyvus dr\u0117kinamasis kremas veidui, 50g."},"content":{"rendered":"<p>Ypa\u010d \u0161velnios ir lengvos tekst\u016bros dr\u0117kinamasis kremas &#8211; efektyvi kasdien\u0117 pagalba i\u0161saus\u0117jusiai, vystan\u010diai, elastingumo ir stangrumo netekusiai odai. Priemon\u0117 akimirksniu prisotina od\u0105 dr\u0117gme, pa\u0161alina odos sausumo bei \u201etempimo\u201c poj\u016bt\u012f, atstato odos hidrolipidin\u012f balans\u0105. Aktyviosios med\u017eiagos maitina, mink\u0161tina, saugo odos pavir\u0161i\u0173 nuo dr\u0117gm\u0117s praradimo, negatyvaus aplinkos poveikio ir UV spinduli\u0173. Puikus augalini\u0173 ekstrakt\u0173, eterini\u0173 aliej\u0173 bei Tibeto \u017eoli\u0173 derinys daro od\u0105 ypatingai \u0161velnia ir elastinga, gerina odos spalv\u0105, didina tonus\u0105, ramina.<\/p>\n<p><strong>Naudojimas:<\/strong><br \/>\nAnt \u0161varios, nuvalytos ir tonizuotos odos u\u017etepkite nedidel\u012f kiek\u012f kremo ir sukamaisiais judesiais paskirstykite ant veido ir kaklo odos (i\u0161skyrus paaki\u0173 zon\u0105). Naudokite ryte ir vakare. \u0160altuoju met\u0173 laiku naudokite vakare.<\/p>\n<p><strong>Veikliosios med\u017eiagos:<\/strong><\/p>\n<p><strong>Dar\u017einio kroko (\u0161afranas) ekstraktas<\/strong>\u00a0&#8211; stiprus antioksidantas, gamtinis dr\u0117kiklis, palaikantis optimal\u0173 dr\u0117gm\u0117s balans\u0105 odos l\u0105stel\u0117se, turi od\u0105 balinan\u010di\u0173 bei lyginan\u010di\u0173 savybi\u0173, vienas turtingiausi\u0173 riboflavino \u0161altini\u0173.<\/p>\n<p><strong>Lygialapio alavijo ekstraktas<\/strong>\u00a0&#8211; odos dr\u0117kiklis, puikus antiseptikas, prie\u0161u\u017edegiminis preparatas ir UV spinduli\u0173 filtras (ramina saul\u0117s sudirgint\u0105 od\u0105). Aktyviosios med\u017eiagos pasi\u017eymi antibakteriniu veikimu, skatina regeneracijos procesus, suteikia elastingumo, lygina smulkias rauk\u0161leles.<\/p>\n<p><strong>Kordicepso ekstraktas<\/strong>\u00a0\u2013 stiprus antioksidantas, turintis labai galingas adaptogenines savybes. Jo sud\u0117tyje yra beta karotino (provitaminas A), vitamin\u0173 E ir C, mineral\u0173 \u2013 seleno ir cinko, koenzimo Q10, imunomoduliuojam\u0173j\u0173 polisacharid\u0173. Ekstraktas saugo odos l\u0105steles nuo griaunan\u010dio laisv\u0173j\u0173 radikal\u0173 poveikio, stabdo daugelio mikrob\u0173 bei bakterij\u0173 dauginim\u0105si.<\/p>\n<p><strong>Natrio hialuronatas<\/strong>\u00a0&#8211; biotechnologi\u0161kai i\u0161valytas preparatas, gaunamas labai sud\u0117tingos hialurono r\u016bg\u0161ties ir natrio jon\u0173 sintez\u0117s d\u0117ka. Jis suteikia stipr\u0173 dr\u0117kinant\u012f efekt\u0105, stimuliuoja regeneracijos procesus, pasi\u017eymi prie\u0161u\u017edegiminiu poveikiu, dr\u0117kina ir lygina epiderm\u012f.<\/p>\n","protected":false},"excerpt":{"rendered":"<p>Ypa\u010d \u0161velnios ir lengvos tekst\u016bros dr\u0117kinamasis kremas &#8211; efektyvi kasdien\u0117 pagalba i\u0161saus\u0117jusiai, vystan\u010diai, elastingumo ir stangrumo netekusiai odai. Priemon\u0117 akimirksniu prisotina od\u0105 dr\u0117gme, pa\u0161alina odos sausumo bei \u201etempimo\u201c poj\u016bt\u012f, atstato odos hidrolipidin\u012f balans\u0105. Aktyviosios med\u017eiagos maitina, mink\u0161tina, saugo odos pavir\u0161i\u0173 nuo dr\u0117gm\u0117s praradimo, negatyvaus aplinkos poveikio ir UV spinduli\u0173. Puikus augalini\u0173 ekstrakt\u0173, eterini\u0173 aliej\u0173 bei [&#8230;]\n","protected":false},"featured_media":16911,"comment_status":"closed","ping_status":"closed","template":"","meta":[],"product_cat":[576,567,558,607,506],"product_tag":[],"class_list":{"0":"post-3786","1":"product","2":"type-product","3":"status-publish","4":"has-post-thumbnail","6":"product_cat-drekinimas","7":"product_cat-drekinimas-ir-maitinimas","8":"product_cat-sausaiserpetojanciai-odai","9":"product_cat-tibetan-herbs-lt","10":"product_cat-veidui","12":"first","13":"instock","14":"shipping-taxable","15":"purchasable","16":"product-type-simple"},"yoast_head":"<!-- This site is optimized with the Yoast SEO plugin v23.6 - https:\/\/yoast.com\/wordpress\/plugins\/seo\/ -->\n<title>Labai efektyvus dr\u0117kinamasis kremas veidui, 50g. - TianDe Online Shop - Beauty &amp; Health<\/title>\n<meta name=\"robots\" content=\"index, follow, max-snippet:-1, max-image-preview:large, max-video-preview:-1\" \/>\n<link rel=\"canonical\" href=\"https:\/\/tiandeproducts.co.uk\/lt\/labai-efektyvus-drekinamasis-kremas-veidui-50g\/\" \/>\n<meta property=\"og:locale\" content=\"lt_LT\" \/>\n<meta property=\"og:type\" content=\"article\" \/>\n<meta property=\"og:title\" content=\"Labai efektyvus dr\u0117kinamasis kremas veidui, 50g. - TianDe Online Shop - Beauty &amp; Health\" \/>\n<meta property=\"og:description\" content=\"Ypa\u010d \u0161velnios ir lengvos tekst\u016bros dr\u0117kinamasis kremas &#8211; efektyvi kasdien\u0117 pagalba i\u0161saus\u0117jusiai, vystan\u010diai, elastingumo ir stangrumo netekusiai odai. Priemon\u0117 akimirksniu prisotina od\u0105 dr\u0117gme, pa\u0161alina odos sausumo bei \u201etempimo\u201c poj\u016bt\u012f, atstato odos hidrolipidin\u012f balans\u0105. Aktyviosios med\u017eiagos maitina, mink\u0161tina, saugo odos pavir\u0161i\u0173 nuo dr\u0117gm\u0117s praradimo, negatyvaus aplinkos poveikio ir UV spinduli\u0173. Puikus augalini\u0173 ekstrakt\u0173, eterini\u0173 aliej\u0173 bei [...]\" \/>\n<meta property=\"og:url\" content=\"https:\/\/tiandeproducts.co.uk\/lt\/labai-efektyvus-drekinamasis-kremas-veidui-50g\/\" \/>\n<meta property=\"og:site_name\" content=\"TianDe Online Shop - Beauty &amp; Health\" \/>\n<meta property=\"article:publisher\" content=\"https:\/\/www.facebook.com\/tiande.products.england\/\" \/>\n<meta property=\"article:modified_time\" content=\"2021-04-07T13:01:16+00:00\" \/>\n<meta property=\"og:image\" content=\"https:\/\/tiandeproducts.co.uk\/wp-content\/uploads\/12116.png\" \/>\n\t<meta property=\"og:image:width\" content=\"700\" \/>\n\t<meta property=\"og:image:height\" content=\"700\" \/>\n\t<meta property=\"og:image:type\" content=\"image\/png\" \/>\n<meta name=\"twitter:card\" content=\"summary_large_image\" \/>\n<meta name=\"twitter:label1\" content=\"Est. reading time\" \/>\n\t<meta name=\"twitter:data1\" content=\"1 minut\u0117\" \/>\n<script type=\"application\/ld+json\" class=\"yoast-schema-graph\">{\"@context\":\"https:\/\/schema.org\",\"@graph\":[{\"@type\":\"WebPage\",\"@id\":\"https:\/\/tiandeproducts.co.uk\/lt\/labai-efektyvus-drekinamasis-kremas-veidui-50g\/\",\"url\":\"https:\/\/tiandeproducts.co.uk\/lt\/labai-efektyvus-drekinamasis-kremas-veidui-50g\/\",\"name\":\"Labai efektyvus dr\u0117kinamasis kremas veidui, 50g. - TianDe Online Shop - Beauty &amp; Health\",\"isPartOf\":{\"@id\":\"https:\/\/tiandeproducts.co.uk\/#website\"},\"primaryImageOfPage\":{\"@id\":\"https:\/\/tiandeproducts.co.uk\/lt\/labai-efektyvus-drekinamasis-kremas-veidui-50g\/#primaryimage\"},\"image\":{\"@id\":\"https:\/\/tiandeproducts.co.uk\/lt\/labai-efektyvus-drekinamasis-kremas-veidui-50g\/#primaryimage\"},\"thumbnailUrl\":\"https:\/\/tiandeproducts.co.uk\/wp-content\/uploads\/12116.png\",\"datePublished\":\"2016-04-19T21:02:16+00:00\",\"dateModified\":\"2021-04-07T13:01:16+00:00\",\"breadcrumb\":{\"@id\":\"https:\/\/tiandeproducts.co.uk\/lt\/labai-efektyvus-drekinamasis-kremas-veidui-50g\/#breadcrumb\"},\"inLanguage\":\"lt-LT\",\"potentialAction\":[{\"@type\":\"ReadAction\",\"target\":[\"https:\/\/tiandeproducts.co.uk\/lt\/labai-efektyvus-drekinamasis-kremas-veidui-50g\/\"]}]},{\"@type\":\"ImageObject\",\"inLanguage\":\"lt-LT\",\"@id\":\"https:\/\/tiandeproducts.co.uk\/lt\/labai-efektyvus-drekinamasis-kremas-veidui-50g\/#primaryimage\",\"url\":\"https:\/\/tiandeproducts.co.uk\/wp-content\/uploads\/12116.png\",\"contentUrl\":\"https:\/\/tiandeproducts.co.uk\/wp-content\/uploads\/12116.png\",\"width\":700,\"height\":700},{\"@type\":\"BreadcrumbList\",\"@id\":\"https:\/\/tiandeproducts.co.uk\/lt\/labai-efektyvus-drekinamasis-kremas-veidui-50g\/#breadcrumb\",\"itemListElement\":[{\"@type\":\"ListItem\",\"position\":1,\"name\":\"Home\",\"item\":\"https:\/\/tiandeproducts.co.uk\/lt\/\"},{\"@type\":\"ListItem\",\"position\":2,\"name\":\"Shop\",\"item\":\"https:\/\/tiandeproducts.co.uk\/lt\/shop-2\/\"},{\"@type\":\"ListItem\",\"position\":3,\"name\":\"Labai efektyvus dr\u0117kinamasis kremas veidui, 50g.\"}]},{\"@type\":\"WebSite\",\"@id\":\"https:\/\/tiandeproducts.co.uk\/#website\",\"url\":\"https:\/\/tiandeproducts.co.uk\/\",\"name\":\"TianDe Online Shop - Beauty & Health\",\"description\":\"Traditional Chinese Medicine\",\"potentialAction\":[{\"@type\":\"SearchAction\",\"target\":{\"@type\":\"EntryPoint\",\"urlTemplate\":\"https:\/\/tiandeproducts.co.uk\/?s={search_term_string}\"},\"query-input\":{\"@type\":\"PropertyValueSpecification\",\"valueRequired\":true,\"valueName\":\"search_term_string\"}}],\"inLanguage\":\"lt-LT\"}]}<\/script>\n<!-- \/ Yoast SEO plugin. -->","yoast_head_json":{"title":"Labai efektyvus dr\u0117kinamasis kremas veidui, 50g. - TianDe Online Shop - Beauty &amp; Health","robots":{"index":"index","follow":"follow","max-snippet":"max-snippet:-1","max-image-preview":"max-image-preview:large","max-video-preview":"max-video-preview:-1"},"canonical":"https:\/\/tiandeproducts.co.uk\/lt\/labai-efektyvus-drekinamasis-kremas-veidui-50g\/","og_locale":"lt_LT","og_type":"article","og_title":"Labai efektyvus dr\u0117kinamasis kremas veidui, 50g. - TianDe Online Shop - Beauty &amp; Health","og_description":"Ypa\u010d \u0161velnios ir lengvos tekst\u016bros dr\u0117kinamasis kremas &#8211; efektyvi kasdien\u0117 pagalba i\u0161saus\u0117jusiai, vystan\u010diai, elastingumo ir stangrumo netekusiai odai. Priemon\u0117 akimirksniu prisotina od\u0105 dr\u0117gme, pa\u0161alina odos sausumo bei \u201etempimo\u201c poj\u016bt\u012f, atstato odos hidrolipidin\u012f balans\u0105. Aktyviosios med\u017eiagos maitina, mink\u0161tina, saugo odos pavir\u0161i\u0173 nuo dr\u0117gm\u0117s praradimo, negatyvaus aplinkos poveikio ir UV spinduli\u0173. Puikus augalini\u0173 ekstrakt\u0173, eterini\u0173 aliej\u0173 bei [...]","og_url":"https:\/\/tiandeproducts.co.uk\/lt\/labai-efektyvus-drekinamasis-kremas-veidui-50g\/","og_site_name":"TianDe Online Shop - Beauty &amp; Health","article_publisher":"https:\/\/www.facebook.com\/tiande.products.england\/","article_modified_time":"2021-04-07T13:01:16+00:00","og_image":[{"width":700,"height":700,"url":"https:\/\/tiandeproducts.co.uk\/wp-content\/uploads\/12116.png","type":"image\/png"}],"twitter_card":"summary_large_image","twitter_misc":{"Est. reading time":"1 minut\u0117"},"schema":{"@context":"https:\/\/schema.org","@graph":[{"@type":"WebPage","@id":"https:\/\/tiandeproducts.co.uk\/lt\/labai-efektyvus-drekinamasis-kremas-veidui-50g\/","url":"https:\/\/tiandeproducts.co.uk\/lt\/labai-efektyvus-drekinamasis-kremas-veidui-50g\/","name":"Labai efektyvus dr\u0117kinamasis kremas veidui, 50g. - TianDe Online Shop - Beauty &amp; Health","isPartOf":{"@id":"https:\/\/tiandeproducts.co.uk\/#website"},"primaryImageOfPage":{"@id":"https:\/\/tiandeproducts.co.uk\/lt\/labai-efektyvus-drekinamasis-kremas-veidui-50g\/#primaryimage"},"image":{"@id":"https:\/\/tiandeproducts.co.uk\/lt\/labai-efektyvus-drekinamasis-kremas-veidui-50g\/#primaryimage"},"thumbnailUrl":"https:\/\/tiandeproducts.co.uk\/wp-content\/uploads\/12116.png","datePublished":"2016-04-19T21:02:16+00:00","dateModified":"2021-04-07T13:01:16+00:00","breadcrumb":{"@id":"https:\/\/tiandeproducts.co.uk\/lt\/labai-efektyvus-drekinamasis-kremas-veidui-50g\/#breadcrumb"},"inLanguage":"lt-LT","potentialAction":[{"@type":"ReadAction","target":["https:\/\/tiandeproducts.co.uk\/lt\/labai-efektyvus-drekinamasis-kremas-veidui-50g\/"]}]},{"@type":"ImageObject","inLanguage":"lt-LT","@id":"https:\/\/tiandeproducts.co.uk\/lt\/labai-efektyvus-drekinamasis-kremas-veidui-50g\/#primaryimage","url":"https:\/\/tiandeproducts.co.uk\/wp-content\/uploads\/12116.png","contentUrl":"https:\/\/tiandeproducts.co.uk\/wp-content\/uploads\/12116.png","width":700,"height":700},{"@type":"BreadcrumbList","@id":"https:\/\/tiandeproducts.co.uk\/lt\/labai-efektyvus-drekinamasis-kremas-veidui-50g\/#breadcrumb","itemListElement":[{"@type":"ListItem","position":1,"name":"Home","item":"https:\/\/tiandeproducts.co.uk\/lt\/"},{"@type":"ListItem","position":2,"name":"Shop","item":"https:\/\/tiandeproducts.co.uk\/lt\/shop-2\/"},{"@type":"ListItem","position":3,"name":"Labai efektyvus dr\u0117kinamasis kremas veidui, 50g."}]},{"@type":"WebSite","@id":"https:\/\/tiandeproducts.co.uk\/#website","url":"https:\/\/tiandeproducts.co.uk\/","name":"TianDe Online Shop - Beauty & Health","description":"Traditional Chinese Medicine","potentialAction":[{"@type":"SearchAction","target":{"@type":"EntryPoint","urlTemplate":"https:\/\/tiandeproducts.co.uk\/?s={search_term_string}"},"query-input":{"@type":"PropertyValueSpecification","valueRequired":true,"valueName":"search_term_string"}}],"inLanguage":"lt-LT"}]}},"_links":{"self":[{"href":"https:\/\/tiandeproducts.co.uk\/lt\/wp-json\/wp\/v2\/product\/3786","targetHints":{"allow":["GET"]}}],"collection":[{"href":"https:\/\/tiandeproducts.co.uk\/lt\/wp-json\/wp\/v2\/product"}],"about":[{"href":"https:\/\/tiandeproducts.co.uk\/lt\/wp-json\/wp\/v2\/types\/product"}],"replies":[{"embeddable":true,"href":"https:\/\/tiandeproducts.co.uk\/lt\/wp-json\/wp\/v2\/comments?post=3786"}],"wp:featuredmedia":[{"embeddable":true,"href":"https:\/\/tiandeproducts.co.uk\/lt\/wp-json\/wp\/v2\/media\/16911"}],"wp:attachment":[{"href":"https:\/\/tiandeproducts.co.uk\/lt\/wp-json\/wp\/v2\/media?parent=3786"}],"wp:term":[{"taxonomy":"product_cat","embeddable":true,"href":"https:\/\/tiandeproducts.co.uk\/lt\/wp-json\/wp\/v2\/product_cat?post=3786"},{"taxonomy":"product_tag","embeddable":true,"href":"https:\/\/tiandeproducts.co.uk\/lt\/wp-json\/wp\/v2\/product_tag?post=3786"}],"curies":[{"name":"wp","href":"https:\/\/api.w.org\/{rel}","templated":true}]}}