{"id":3785,"date":"2016-04-21T18:14:34","date_gmt":"2016-04-21T17:14:34","guid":{"rendered":"https:\/\/tnd.ontesting.co.uk\/maitinamasis-kremas-veidui-nuo-rauksliu-50g\/"},"modified":"2021-02-25T12:22:40","modified_gmt":"2021-02-25T12:22:40","slug":"maitinamasis-kremas-veidui-nuo-rauksliu-50g","status":"publish","type":"product","link":"https:\/\/tiandeproducts.co.uk\/lt\/maitinamasis-kremas-veidui-nuo-rauksliu-50g\/","title":{"rendered":"Maitinamasis kremas veidui nuo rauk\u0161li\u0173, 50g."},"content":{"rendered":"<p><img decoding=\"async\" style=\"max-width: 16px; margin-right: 5px;\" src=\"https:\/\/tiandeproducts.co.uk\/wp-content\/uploads\/points-green.svg\" \/>\u00a0Earn 11 points worth \u00a30.55 when buying this product<\/p>\n<p>\u0160velnios tekst\u016bros kremas prisotina od\u0105 visais b\u016btinais maitinamaisiais ir dr\u0117kinamaisiais komponentais, greitai aktyvuoja l\u0105steli\u0173 regeneracinius procesus, stimuliuoja kolageno gamyb\u0105, kas daro od\u0105 elastingesn\u0119 bei stangresn\u0119. Kremas efektyviai reguliuoja riebalini\u0173 liauk\u0173 darb\u0105, lygina rauk\u0161les, ma\u017eina pigmentines d\u0117mes, pa\u0161alina odos sausumo jausm\u0105, dirglum\u0105, suteikia patikim\u0105 apsaug\u0105 nuo negatyvaus aplinkos poveikio ar u\u017edegimini\u0173 proces\u0173. Oda tampa \u0161velni, kupina jaunatvi\u0161ko spindesio.<\/p>\n<p><strong>Naudojimas:<\/strong><br \/>\nAnt \u0161varios, nuvalytos ir tonizuotos odos u\u017etepkite nedidel\u012f kiek\u012f kremo ir sukamaisiais judesiais paskirstykite ant veido ir kaklo odos (i\u0161skyrus paaki\u0173 zon\u0105). Naudokite ryte ir vakare. \u0160altuoju met\u0173 laiku naudokite ryte.<\/p>\n<p><strong>Veikliosios med\u017eiagos:<\/strong><\/p>\n<p><strong>Dar\u017einio kroko (\u0161afranas) ekstraktas<\/strong>\u00a0&#8211; stiprus antioksidantas, gamtinis dr\u0117kiklis, palaikantis optimal\u0173 dr\u0117gm\u0117s balans\u0105 odos l\u0105stel\u0117se, turi od\u0105 balinan\u010di\u0173 bei lyginan\u010di\u0173 savybi\u0173, vienas turtingiausi\u0173 riboflavino \u0161altini\u0173.<\/p>\n<p><strong>Kordicepso ekstraktas<\/strong>\u00a0\u2013 stiprus antioksidantas, turintis labai galingas adaptogenines savybes. Jo sud\u0117tyje yra beta karotino (provitaminas A), vitamin\u0173 E ir C, mineral\u0173 \u2013 seleno ir cinko, koenzimo Q10, imunomoduliuojam\u0173j\u0173 polisacharid\u0173. Ekstraktas saugo odos l\u0105steles nuo griaunan\u010dio laisv\u0173j\u0173 radikal\u0173 poveikio, stabdo daugelio mikrob\u0173 bei bakterij\u0173 dauginim\u0105si.<\/p>\n<p><strong>Natrio hialuronatas<\/strong>\u00a0&#8211; biotechnologi\u0161kai i\u0161valytas preparatas, gaunamas labai sud\u0117tingos hialurono r\u016bg\u0161ties ir natrio jon\u0173 sintez\u0117s d\u0117ka. Jis suteikia stipr\u0173 dr\u0117kinant\u012f efekt\u0105, stimuliuoja regeneracijos procesus, pasi\u017eymi prie\u0161u\u017edegiminiu poveikiu, dr\u0117kina ir lygina epiderm\u012f.<\/p>\n<p><strong>Ksantano guma<\/strong>\u00a0\u2013 nat\u016bralus polisacharidas \u2013 sukuria apsaugin\u0119 pl\u0117vel\u0119 odos pavir\u0161iuje ir padeda i\u0161saugoti dr\u0117gm\u0117s balans\u0105, sutraukia poras, tonizuoja. Veikia kaip nat\u016bralus tir\u0161tiklis, gerina kosmetin\u0117s priemon\u0117s tekst\u016br\u0105.<\/p>\n","protected":false},"excerpt":{"rendered":"<p>\u00a0Earn 11 points worth \u00a30.55 when buying this product \u0160velnios tekst\u016bros kremas prisotina od\u0105 visais b\u016btinais maitinamaisiais ir dr\u0117kinamaisiais komponentais, greitai aktyvuoja l\u0105steli\u0173 regeneracinius procesus, stimuliuoja kolageno gamyb\u0105, kas daro od\u0105 elastingesn\u0119 bei stangresn\u0119. Kremas efektyviai reguliuoja riebalini\u0173 liauk\u0173 darb\u0105, lygina rauk\u0161les, ma\u017eina pigmentines d\u0117mes, pa\u0161alina odos sausumo jausm\u0105, dirglum\u0105, suteikia patikim\u0105 apsaug\u0105 nuo negatyvaus [&#8230;]\n","protected":false},"featured_media":17327,"comment_status":"closed","ping_status":"closed","template":"","meta":[],"product_cat":[524,567,612,563,607,506],"product_tag":[],"class_list":{"0":"post-3785","1":"product","2":"type-product","3":"status-publish","4":"has-post-thumbnail","6":"product_cat-brandziai-odai","7":"product_cat-drekinimas-ir-maitinimas","8":"product_cat-nuo-rauksliu","9":"product_cat-odos-elastngumas","10":"product_cat-tibetan-herbs-lt","11":"product_cat-veidui","13":"first","14":"instock","15":"shipping-taxable","16":"purchasable","17":"product-type-simple"},"yoast_head":"<!-- This site is optimized with the Yoast SEO plugin v23.6 - https:\/\/yoast.com\/wordpress\/plugins\/seo\/ -->\n<title>Maitinamasis kremas veidui nuo rauk\u0161li\u0173, 50g. - TianDe Online Shop - Beauty &amp; Health<\/title>\n<meta name=\"robots\" content=\"index, follow, max-snippet:-1, max-image-preview:large, max-video-preview:-1\" \/>\n<link rel=\"canonical\" href=\"https:\/\/tiandeproducts.co.uk\/lt\/maitinamasis-kremas-veidui-nuo-rauksliu-50g\/\" \/>\n<meta property=\"og:locale\" content=\"lt_LT\" \/>\n<meta property=\"og:type\" content=\"article\" \/>\n<meta property=\"og:title\" content=\"Maitinamasis kremas veidui nuo rauk\u0161li\u0173, 50g. - TianDe Online Shop - Beauty &amp; Health\" \/>\n<meta property=\"og:description\" content=\"\u00a0Earn 11 points worth \u00a30.55 when buying this product \u0160velnios tekst\u016bros kremas prisotina od\u0105 visais b\u016btinais maitinamaisiais ir dr\u0117kinamaisiais komponentais, greitai aktyvuoja l\u0105steli\u0173 regeneracinius procesus, stimuliuoja kolageno gamyb\u0105, kas daro od\u0105 elastingesn\u0119 bei stangresn\u0119. Kremas efektyviai reguliuoja riebalini\u0173 liauk\u0173 darb\u0105, lygina rauk\u0161les, ma\u017eina pigmentines d\u0117mes, pa\u0161alina odos sausumo jausm\u0105, dirglum\u0105, suteikia patikim\u0105 apsaug\u0105 nuo negatyvaus [...]\" \/>\n<meta property=\"og:url\" content=\"https:\/\/tiandeproducts.co.uk\/lt\/maitinamasis-kremas-veidui-nuo-rauksliu-50g\/\" \/>\n<meta property=\"og:site_name\" content=\"TianDe Online Shop - Beauty &amp; Health\" \/>\n<meta property=\"article:publisher\" content=\"https:\/\/www.facebook.com\/tiande.products.england\/\" \/>\n<meta property=\"article:modified_time\" content=\"2021-02-25T12:22:40+00:00\" \/>\n<meta property=\"og:image\" content=\"https:\/\/tiandeproducts.co.uk\/wp-content\/uploads\/12115.png\" \/>\n\t<meta property=\"og:image:width\" content=\"400\" \/>\n\t<meta property=\"og:image:height\" content=\"400\" \/>\n\t<meta property=\"og:image:type\" content=\"image\/png\" \/>\n<meta name=\"twitter:card\" content=\"summary_large_image\" \/>\n<meta name=\"twitter:label1\" content=\"Est. reading time\" \/>\n\t<meta name=\"twitter:data1\" content=\"1 minut\u0117\" \/>\n<script type=\"application\/ld+json\" class=\"yoast-schema-graph\">{\"@context\":\"https:\/\/schema.org\",\"@graph\":[{\"@type\":\"WebPage\",\"@id\":\"https:\/\/tiandeproducts.co.uk\/lt\/maitinamasis-kremas-veidui-nuo-rauksliu-50g\/\",\"url\":\"https:\/\/tiandeproducts.co.uk\/lt\/maitinamasis-kremas-veidui-nuo-rauksliu-50g\/\",\"name\":\"Maitinamasis kremas veidui nuo rauk\u0161li\u0173, 50g. - TianDe Online Shop - Beauty &amp; Health\",\"isPartOf\":{\"@id\":\"https:\/\/tiandeproducts.co.uk\/#website\"},\"primaryImageOfPage\":{\"@id\":\"https:\/\/tiandeproducts.co.uk\/lt\/maitinamasis-kremas-veidui-nuo-rauksliu-50g\/#primaryimage\"},\"image\":{\"@id\":\"https:\/\/tiandeproducts.co.uk\/lt\/maitinamasis-kremas-veidui-nuo-rauksliu-50g\/#primaryimage\"},\"thumbnailUrl\":\"https:\/\/tiandeproducts.co.uk\/wp-content\/uploads\/12115.png\",\"datePublished\":\"2016-04-21T17:14:34+00:00\",\"dateModified\":\"2021-02-25T12:22:40+00:00\",\"breadcrumb\":{\"@id\":\"https:\/\/tiandeproducts.co.uk\/lt\/maitinamasis-kremas-veidui-nuo-rauksliu-50g\/#breadcrumb\"},\"inLanguage\":\"lt-LT\",\"potentialAction\":[{\"@type\":\"ReadAction\",\"target\":[\"https:\/\/tiandeproducts.co.uk\/lt\/maitinamasis-kremas-veidui-nuo-rauksliu-50g\/\"]}]},{\"@type\":\"ImageObject\",\"inLanguage\":\"lt-LT\",\"@id\":\"https:\/\/tiandeproducts.co.uk\/lt\/maitinamasis-kremas-veidui-nuo-rauksliu-50g\/#primaryimage\",\"url\":\"https:\/\/tiandeproducts.co.uk\/wp-content\/uploads\/12115.png\",\"contentUrl\":\"https:\/\/tiandeproducts.co.uk\/wp-content\/uploads\/12115.png\",\"width\":400,\"height\":400},{\"@type\":\"BreadcrumbList\",\"@id\":\"https:\/\/tiandeproducts.co.uk\/lt\/maitinamasis-kremas-veidui-nuo-rauksliu-50g\/#breadcrumb\",\"itemListElement\":[{\"@type\":\"ListItem\",\"position\":1,\"name\":\"Home\",\"item\":\"https:\/\/tiandeproducts.co.uk\/lt\/\"},{\"@type\":\"ListItem\",\"position\":2,\"name\":\"Shop\",\"item\":\"https:\/\/tiandeproducts.co.uk\/lt\/shop-2\/\"},{\"@type\":\"ListItem\",\"position\":3,\"name\":\"Maitinamasis kremas veidui nuo rauk\u0161li\u0173, 50g.\"}]},{\"@type\":\"WebSite\",\"@id\":\"https:\/\/tiandeproducts.co.uk\/#website\",\"url\":\"https:\/\/tiandeproducts.co.uk\/\",\"name\":\"TianDe Online Shop - Beauty & Health\",\"description\":\"Traditional Chinese Medicine\",\"potentialAction\":[{\"@type\":\"SearchAction\",\"target\":{\"@type\":\"EntryPoint\",\"urlTemplate\":\"https:\/\/tiandeproducts.co.uk\/?s={search_term_string}\"},\"query-input\":{\"@type\":\"PropertyValueSpecification\",\"valueRequired\":true,\"valueName\":\"search_term_string\"}}],\"inLanguage\":\"lt-LT\"}]}<\/script>\n<!-- \/ Yoast SEO plugin. -->","yoast_head_json":{"title":"Maitinamasis kremas veidui nuo rauk\u0161li\u0173, 50g. - TianDe Online Shop - Beauty &amp; Health","robots":{"index":"index","follow":"follow","max-snippet":"max-snippet:-1","max-image-preview":"max-image-preview:large","max-video-preview":"max-video-preview:-1"},"canonical":"https:\/\/tiandeproducts.co.uk\/lt\/maitinamasis-kremas-veidui-nuo-rauksliu-50g\/","og_locale":"lt_LT","og_type":"article","og_title":"Maitinamasis kremas veidui nuo rauk\u0161li\u0173, 50g. - TianDe Online Shop - Beauty &amp; Health","og_description":"\u00a0Earn 11 points worth \u00a30.55 when buying this product \u0160velnios tekst\u016bros kremas prisotina od\u0105 visais b\u016btinais maitinamaisiais ir dr\u0117kinamaisiais komponentais, greitai aktyvuoja l\u0105steli\u0173 regeneracinius procesus, stimuliuoja kolageno gamyb\u0105, kas daro od\u0105 elastingesn\u0119 bei stangresn\u0119. Kremas efektyviai reguliuoja riebalini\u0173 liauk\u0173 darb\u0105, lygina rauk\u0161les, ma\u017eina pigmentines d\u0117mes, pa\u0161alina odos sausumo jausm\u0105, dirglum\u0105, suteikia patikim\u0105 apsaug\u0105 nuo negatyvaus [...]","og_url":"https:\/\/tiandeproducts.co.uk\/lt\/maitinamasis-kremas-veidui-nuo-rauksliu-50g\/","og_site_name":"TianDe Online Shop - Beauty &amp; Health","article_publisher":"https:\/\/www.facebook.com\/tiande.products.england\/","article_modified_time":"2021-02-25T12:22:40+00:00","og_image":[{"width":400,"height":400,"url":"https:\/\/tiandeproducts.co.uk\/wp-content\/uploads\/12115.png","type":"image\/png"}],"twitter_card":"summary_large_image","twitter_misc":{"Est. reading time":"1 minut\u0117"},"schema":{"@context":"https:\/\/schema.org","@graph":[{"@type":"WebPage","@id":"https:\/\/tiandeproducts.co.uk\/lt\/maitinamasis-kremas-veidui-nuo-rauksliu-50g\/","url":"https:\/\/tiandeproducts.co.uk\/lt\/maitinamasis-kremas-veidui-nuo-rauksliu-50g\/","name":"Maitinamasis kremas veidui nuo rauk\u0161li\u0173, 50g. - TianDe Online Shop - Beauty &amp; Health","isPartOf":{"@id":"https:\/\/tiandeproducts.co.uk\/#website"},"primaryImageOfPage":{"@id":"https:\/\/tiandeproducts.co.uk\/lt\/maitinamasis-kremas-veidui-nuo-rauksliu-50g\/#primaryimage"},"image":{"@id":"https:\/\/tiandeproducts.co.uk\/lt\/maitinamasis-kremas-veidui-nuo-rauksliu-50g\/#primaryimage"},"thumbnailUrl":"https:\/\/tiandeproducts.co.uk\/wp-content\/uploads\/12115.png","datePublished":"2016-04-21T17:14:34+00:00","dateModified":"2021-02-25T12:22:40+00:00","breadcrumb":{"@id":"https:\/\/tiandeproducts.co.uk\/lt\/maitinamasis-kremas-veidui-nuo-rauksliu-50g\/#breadcrumb"},"inLanguage":"lt-LT","potentialAction":[{"@type":"ReadAction","target":["https:\/\/tiandeproducts.co.uk\/lt\/maitinamasis-kremas-veidui-nuo-rauksliu-50g\/"]}]},{"@type":"ImageObject","inLanguage":"lt-LT","@id":"https:\/\/tiandeproducts.co.uk\/lt\/maitinamasis-kremas-veidui-nuo-rauksliu-50g\/#primaryimage","url":"https:\/\/tiandeproducts.co.uk\/wp-content\/uploads\/12115.png","contentUrl":"https:\/\/tiandeproducts.co.uk\/wp-content\/uploads\/12115.png","width":400,"height":400},{"@type":"BreadcrumbList","@id":"https:\/\/tiandeproducts.co.uk\/lt\/maitinamasis-kremas-veidui-nuo-rauksliu-50g\/#breadcrumb","itemListElement":[{"@type":"ListItem","position":1,"name":"Home","item":"https:\/\/tiandeproducts.co.uk\/lt\/"},{"@type":"ListItem","position":2,"name":"Shop","item":"https:\/\/tiandeproducts.co.uk\/lt\/shop-2\/"},{"@type":"ListItem","position":3,"name":"Maitinamasis kremas veidui nuo rauk\u0161li\u0173, 50g."}]},{"@type":"WebSite","@id":"https:\/\/tiandeproducts.co.uk\/#website","url":"https:\/\/tiandeproducts.co.uk\/","name":"TianDe Online Shop - Beauty & Health","description":"Traditional Chinese Medicine","potentialAction":[{"@type":"SearchAction","target":{"@type":"EntryPoint","urlTemplate":"https:\/\/tiandeproducts.co.uk\/?s={search_term_string}"},"query-input":{"@type":"PropertyValueSpecification","valueRequired":true,"valueName":"search_term_string"}}],"inLanguage":"lt-LT"}]}},"_links":{"self":[{"href":"https:\/\/tiandeproducts.co.uk\/lt\/wp-json\/wp\/v2\/product\/3785","targetHints":{"allow":["GET"]}}],"collection":[{"href":"https:\/\/tiandeproducts.co.uk\/lt\/wp-json\/wp\/v2\/product"}],"about":[{"href":"https:\/\/tiandeproducts.co.uk\/lt\/wp-json\/wp\/v2\/types\/product"}],"replies":[{"embeddable":true,"href":"https:\/\/tiandeproducts.co.uk\/lt\/wp-json\/wp\/v2\/comments?post=3785"}],"wp:featuredmedia":[{"embeddable":true,"href":"https:\/\/tiandeproducts.co.uk\/lt\/wp-json\/wp\/v2\/media\/17327"}],"wp:attachment":[{"href":"https:\/\/tiandeproducts.co.uk\/lt\/wp-json\/wp\/v2\/media?parent=3785"}],"wp:term":[{"taxonomy":"product_cat","embeddable":true,"href":"https:\/\/tiandeproducts.co.uk\/lt\/wp-json\/wp\/v2\/product_cat?post=3785"},{"taxonomy":"product_tag","embeddable":true,"href":"https:\/\/tiandeproducts.co.uk\/lt\/wp-json\/wp\/v2\/product_tag?post=3785"}],"curies":[{"name":"wp","href":"https:\/\/api.w.org\/{rel}","templated":true}]}}