{"id":3783,"date":"2016-04-21T12:59:38","date_gmt":"2016-04-21T11:59:38","guid":{"rendered":"https:\/\/tnd.ontesting.co.uk\/daugiafunkcinis-losjonas-veidui-120ml\/"},"modified":"2019-11-01T18:47:31","modified_gmt":"2019-11-01T18:47:31","slug":"daugiafunkcinis-losjonas-veidui-120ml","status":"publish","type":"product","link":"https:\/\/tiandeproducts.co.uk\/lt\/daugiafunkcinis-losjonas-veidui-120ml\/","title":{"rendered":"Daugiafunkcinis losjonas veidui, 120ml."},"content":{"rendered":"<p>Losjonas \u0161velniai ir \u0161variai nuvalo od\u0105, pa\u0161alina ne\u0161varumus ir makia\u017eo liku\u010dius, nuramina sudirgusi\u0105 od\u0105, normalizuoja pH balans\u0105, sutraukia poras, suteikia jai gaivumo poj\u016bt\u012f. Losjono aktyviosios med\u017eiagos atkuria nat\u016brali\u0105 epidermio apsaug\u0105, stimuliuoja atk\u016briamuosius procesus giluminiuose odos sluoksniuose, atkuria hidrolipidin\u0119 odos mantij\u0105 ir sustabdo dr\u0117gm\u0117s pasi\u0161alinim\u0105 i\u0161 odos, suteikia mink\u0161tumo ir \u0161velnumo.<\/p>\n<p><strong>Naudojimas:<\/strong><br \/>\nAnt dr\u0117gnos kempin\u0117l\u0117s u\u017ela\u0161inkite 5 &#8211; 6 la\u0161us losjono ir \u0161velniais judesiais kruop\u0161\u010diai valykite od\u0105 nuo kaktos link smakro (i\u0161skyrus paaki\u0173 srit\u012f).<\/p>\n<p><strong>Veikliosios med\u017eiagos:<\/strong><\/p>\n<p><strong>Dar\u017einio kroko (\u0161afranas) ekstraktas<\/strong>\u00a0&#8211; stiprus antioksidantas, gamtinis dr\u0117kiklis, palaikantis optimal\u0173 dr\u0117gm\u0117s balans\u0105 odos l\u0105stel\u0117se, turi od\u0105 balinan\u010di\u0173 bei lyginan\u010di\u0173 savybi\u0173, vienas turtingiausi\u0173 riboflavino \u0161altini\u0173.<\/p>\n<p><strong>Hamamelio ekstrakte<\/strong>\u00a0esantys flavonoidai, eteriniai aliejai, \u012fvairios raugin\u0117s med\u017eiagos slopina u\u017edegimus ir odos sudirginimus, normalizuoja riebalini\u0173 liauk\u0173 sekrecij\u0105, turi prie\u0161u\u017edegimin\u012f, nuskausminam\u0105j\u012f poveik\u012f, tonizuoja ir gaivina od\u0105. Ekstraktas labai veiksmingas ir rekomenduojamas \u0161iurk\u0161\u010diai, \u0161erpetojan\u010diai ir jautriai veido odai. Ekstrakto veikliosios med\u017eiagos gydo mikro \u012ftr\u016bkimus, pasi\u017eymi bakteriostatiniu poveikiu, apsaugo od\u0105 ir kraujagysli\u0173 sieneles nuo laisv\u0173j\u0173 radikal\u0173 negatyvaus poveikio.<\/p>\n<p><strong>Kordicepso ekstraktas<\/strong>\u00a0\u2013 stiprus antioksidantas, turintis labai galingas adaptogenines savybes. Jo sud\u0117tyje yra beta karotino (provitaminas A), vitamin\u0173 E ir C, mineral\u0173 \u2013 seleno ir cinko, koenzimo Q10, imunomoduliuojam\u0173j\u0173 polisacharid\u0173. Ekstraktas saugo odos l\u0105steles nuo griaunan\u010dio laisv\u0173j\u0173 radikal\u0173 poveikio, stabdo daugelio mikrob\u0173 bei bakterij\u0173 dauginim\u0105si<\/p>\n<p><strong>Natrio hialuronatas<\/strong>\u00a0&#8211; biotechnologi\u0161kai i\u0161valytas preparatas, gaunamas labai sud\u0117tingos hialurono r\u016bg\u0161ties ir natrio jon\u0173 sintez\u0117s d\u0117ka. Jis suteikia stipr\u0173 dr\u0117kinant\u012f efekt\u0105, stimuliuoja regeneracijos procesus, pasi\u017eymi prie\u0161u\u017edegiminiu poveikiu, dr\u0117kina ir lygina epiderm\u012f, stangrina.<\/p>\n","protected":false},"excerpt":{"rendered":"<p>Losjonas \u0161velniai ir \u0161variai nuvalo od\u0105, pa\u0161alina ne\u0161varumus ir makia\u017eo liku\u010dius, nuramina sudirgusi\u0105 od\u0105, normalizuoja pH balans\u0105, sutraukia poras, suteikia jai gaivumo poj\u016bt\u012f. Losjono aktyviosios med\u017eiagos atkuria nat\u016brali\u0105 epidermio apsaug\u0105, stimuliuoja atk\u016briamuosius procesus giluminiuose odos sluoksniuose, atkuria hidrolipidin\u0119 odos mantij\u0105 ir sustabdo dr\u0117gm\u0117s pasi\u0161alinim\u0105 i\u0161 odos, suteikia mink\u0161tumo ir \u0161velnumo. Naudojimas: Ant dr\u0117gnos kempin\u0117l\u0117s u\u017ela\u0161inkite [&#8230;]\n","protected":false},"featured_media":18964,"comment_status":"closed","ping_status":"closed","template":"","meta":[],"product_cat":[567,607,610,506],"product_tag":[],"class_list":{"0":"post-3783","1":"product","2":"type-product","3":"status-publish","4":"has-post-thumbnail","6":"product_cat-drekinimas-ir-maitinimas","7":"product_cat-tibetan-herbs-lt","8":"product_cat-tonikai-ir-losjonai","9":"product_cat-veidui","11":"first","12":"instock","13":"shipping-taxable","14":"purchasable","15":"product-type-simple"},"yoast_head":"<!-- This site is optimized with the Yoast SEO plugin v23.6 - https:\/\/yoast.com\/wordpress\/plugins\/seo\/ -->\n<title>Daugiafunkcinis losjonas veidui, 120ml. - TianDe Online Shop - Beauty &amp; Health<\/title>\n<meta name=\"robots\" content=\"index, follow, max-snippet:-1, max-image-preview:large, max-video-preview:-1\" \/>\n<link rel=\"canonical\" href=\"https:\/\/tiandeproducts.co.uk\/lt\/daugiafunkcinis-losjonas-veidui-120ml\/\" \/>\n<meta property=\"og:locale\" content=\"lt_LT\" \/>\n<meta property=\"og:type\" content=\"article\" \/>\n<meta property=\"og:title\" content=\"Daugiafunkcinis losjonas veidui, 120ml. - TianDe Online Shop - Beauty &amp; Health\" \/>\n<meta property=\"og:description\" content=\"Losjonas \u0161velniai ir \u0161variai nuvalo od\u0105, pa\u0161alina ne\u0161varumus ir makia\u017eo liku\u010dius, nuramina sudirgusi\u0105 od\u0105, normalizuoja pH balans\u0105, sutraukia poras, suteikia jai gaivumo poj\u016bt\u012f. Losjono aktyviosios med\u017eiagos atkuria nat\u016brali\u0105 epidermio apsaug\u0105, stimuliuoja atk\u016briamuosius procesus giluminiuose odos sluoksniuose, atkuria hidrolipidin\u0119 odos mantij\u0105 ir sustabdo dr\u0117gm\u0117s pasi\u0161alinim\u0105 i\u0161 odos, suteikia mink\u0161tumo ir \u0161velnumo. Naudojimas: Ant dr\u0117gnos kempin\u0117l\u0117s u\u017ela\u0161inkite [...]\" \/>\n<meta property=\"og:url\" content=\"https:\/\/tiandeproducts.co.uk\/lt\/daugiafunkcinis-losjonas-veidui-120ml\/\" \/>\n<meta property=\"og:site_name\" content=\"TianDe Online Shop - Beauty &amp; Health\" \/>\n<meta property=\"article:publisher\" content=\"https:\/\/www.facebook.com\/tiande.products.england\/\" \/>\n<meta property=\"article:modified_time\" content=\"2019-11-01T18:47:31+00:00\" \/>\n<meta property=\"og:image\" content=\"https:\/\/tiandeproducts.co.uk\/wp-content\/uploads\/12114E.png\" \/>\n\t<meta property=\"og:image:width\" content=\"400\" \/>\n\t<meta property=\"og:image:height\" content=\"400\" \/>\n\t<meta property=\"og:image:type\" content=\"image\/png\" \/>\n<meta name=\"twitter:card\" content=\"summary_large_image\" \/>\n<meta name=\"twitter:label1\" content=\"Est. reading time\" \/>\n\t<meta name=\"twitter:data1\" content=\"1 minut\u0117\" \/>\n<script type=\"application\/ld+json\" class=\"yoast-schema-graph\">{\"@context\":\"https:\/\/schema.org\",\"@graph\":[{\"@type\":\"WebPage\",\"@id\":\"https:\/\/tiandeproducts.co.uk\/lt\/daugiafunkcinis-losjonas-veidui-120ml\/\",\"url\":\"https:\/\/tiandeproducts.co.uk\/lt\/daugiafunkcinis-losjonas-veidui-120ml\/\",\"name\":\"Daugiafunkcinis losjonas veidui, 120ml. - TianDe Online Shop - Beauty &amp; Health\",\"isPartOf\":{\"@id\":\"https:\/\/tiandeproducts.co.uk\/#website\"},\"primaryImageOfPage\":{\"@id\":\"https:\/\/tiandeproducts.co.uk\/lt\/daugiafunkcinis-losjonas-veidui-120ml\/#primaryimage\"},\"image\":{\"@id\":\"https:\/\/tiandeproducts.co.uk\/lt\/daugiafunkcinis-losjonas-veidui-120ml\/#primaryimage\"},\"thumbnailUrl\":\"https:\/\/tiandeproducts.co.uk\/wp-content\/uploads\/12114E.png\",\"datePublished\":\"2016-04-21T11:59:38+00:00\",\"dateModified\":\"2019-11-01T18:47:31+00:00\",\"breadcrumb\":{\"@id\":\"https:\/\/tiandeproducts.co.uk\/lt\/daugiafunkcinis-losjonas-veidui-120ml\/#breadcrumb\"},\"inLanguage\":\"lt-LT\",\"potentialAction\":[{\"@type\":\"ReadAction\",\"target\":[\"https:\/\/tiandeproducts.co.uk\/lt\/daugiafunkcinis-losjonas-veidui-120ml\/\"]}]},{\"@type\":\"ImageObject\",\"inLanguage\":\"lt-LT\",\"@id\":\"https:\/\/tiandeproducts.co.uk\/lt\/daugiafunkcinis-losjonas-veidui-120ml\/#primaryimage\",\"url\":\"https:\/\/tiandeproducts.co.uk\/wp-content\/uploads\/12114E.png\",\"contentUrl\":\"https:\/\/tiandeproducts.co.uk\/wp-content\/uploads\/12114E.png\",\"width\":400,\"height\":400},{\"@type\":\"BreadcrumbList\",\"@id\":\"https:\/\/tiandeproducts.co.uk\/lt\/daugiafunkcinis-losjonas-veidui-120ml\/#breadcrumb\",\"itemListElement\":[{\"@type\":\"ListItem\",\"position\":1,\"name\":\"Home\",\"item\":\"https:\/\/tiandeproducts.co.uk\/lt\/\"},{\"@type\":\"ListItem\",\"position\":2,\"name\":\"Shop\",\"item\":\"https:\/\/tiandeproducts.co.uk\/lt\/shop-2\/\"},{\"@type\":\"ListItem\",\"position\":3,\"name\":\"Daugiafunkcinis losjonas veidui, 120ml.\"}]},{\"@type\":\"WebSite\",\"@id\":\"https:\/\/tiandeproducts.co.uk\/#website\",\"url\":\"https:\/\/tiandeproducts.co.uk\/\",\"name\":\"TianDe Online Shop - Beauty & Health\",\"description\":\"Traditional Chinese Medicine\",\"potentialAction\":[{\"@type\":\"SearchAction\",\"target\":{\"@type\":\"EntryPoint\",\"urlTemplate\":\"https:\/\/tiandeproducts.co.uk\/?s={search_term_string}\"},\"query-input\":{\"@type\":\"PropertyValueSpecification\",\"valueRequired\":true,\"valueName\":\"search_term_string\"}}],\"inLanguage\":\"lt-LT\"}]}<\/script>\n<!-- \/ Yoast SEO plugin. -->","yoast_head_json":{"title":"Daugiafunkcinis losjonas veidui, 120ml. - TianDe Online Shop - Beauty &amp; Health","robots":{"index":"index","follow":"follow","max-snippet":"max-snippet:-1","max-image-preview":"max-image-preview:large","max-video-preview":"max-video-preview:-1"},"canonical":"https:\/\/tiandeproducts.co.uk\/lt\/daugiafunkcinis-losjonas-veidui-120ml\/","og_locale":"lt_LT","og_type":"article","og_title":"Daugiafunkcinis losjonas veidui, 120ml. - TianDe Online Shop - Beauty &amp; Health","og_description":"Losjonas \u0161velniai ir \u0161variai nuvalo od\u0105, pa\u0161alina ne\u0161varumus ir makia\u017eo liku\u010dius, nuramina sudirgusi\u0105 od\u0105, normalizuoja pH balans\u0105, sutraukia poras, suteikia jai gaivumo poj\u016bt\u012f. Losjono aktyviosios med\u017eiagos atkuria nat\u016brali\u0105 epidermio apsaug\u0105, stimuliuoja atk\u016briamuosius procesus giluminiuose odos sluoksniuose, atkuria hidrolipidin\u0119 odos mantij\u0105 ir sustabdo dr\u0117gm\u0117s pasi\u0161alinim\u0105 i\u0161 odos, suteikia mink\u0161tumo ir \u0161velnumo. Naudojimas: Ant dr\u0117gnos kempin\u0117l\u0117s u\u017ela\u0161inkite [...]","og_url":"https:\/\/tiandeproducts.co.uk\/lt\/daugiafunkcinis-losjonas-veidui-120ml\/","og_site_name":"TianDe Online Shop - Beauty &amp; Health","article_publisher":"https:\/\/www.facebook.com\/tiande.products.england\/","article_modified_time":"2019-11-01T18:47:31+00:00","og_image":[{"width":400,"height":400,"url":"https:\/\/tiandeproducts.co.uk\/wp-content\/uploads\/12114E.png","type":"image\/png"}],"twitter_card":"summary_large_image","twitter_misc":{"Est. reading time":"1 minut\u0117"},"schema":{"@context":"https:\/\/schema.org","@graph":[{"@type":"WebPage","@id":"https:\/\/tiandeproducts.co.uk\/lt\/daugiafunkcinis-losjonas-veidui-120ml\/","url":"https:\/\/tiandeproducts.co.uk\/lt\/daugiafunkcinis-losjonas-veidui-120ml\/","name":"Daugiafunkcinis losjonas veidui, 120ml. - TianDe Online Shop - Beauty &amp; Health","isPartOf":{"@id":"https:\/\/tiandeproducts.co.uk\/#website"},"primaryImageOfPage":{"@id":"https:\/\/tiandeproducts.co.uk\/lt\/daugiafunkcinis-losjonas-veidui-120ml\/#primaryimage"},"image":{"@id":"https:\/\/tiandeproducts.co.uk\/lt\/daugiafunkcinis-losjonas-veidui-120ml\/#primaryimage"},"thumbnailUrl":"https:\/\/tiandeproducts.co.uk\/wp-content\/uploads\/12114E.png","datePublished":"2016-04-21T11:59:38+00:00","dateModified":"2019-11-01T18:47:31+00:00","breadcrumb":{"@id":"https:\/\/tiandeproducts.co.uk\/lt\/daugiafunkcinis-losjonas-veidui-120ml\/#breadcrumb"},"inLanguage":"lt-LT","potentialAction":[{"@type":"ReadAction","target":["https:\/\/tiandeproducts.co.uk\/lt\/daugiafunkcinis-losjonas-veidui-120ml\/"]}]},{"@type":"ImageObject","inLanguage":"lt-LT","@id":"https:\/\/tiandeproducts.co.uk\/lt\/daugiafunkcinis-losjonas-veidui-120ml\/#primaryimage","url":"https:\/\/tiandeproducts.co.uk\/wp-content\/uploads\/12114E.png","contentUrl":"https:\/\/tiandeproducts.co.uk\/wp-content\/uploads\/12114E.png","width":400,"height":400},{"@type":"BreadcrumbList","@id":"https:\/\/tiandeproducts.co.uk\/lt\/daugiafunkcinis-losjonas-veidui-120ml\/#breadcrumb","itemListElement":[{"@type":"ListItem","position":1,"name":"Home","item":"https:\/\/tiandeproducts.co.uk\/lt\/"},{"@type":"ListItem","position":2,"name":"Shop","item":"https:\/\/tiandeproducts.co.uk\/lt\/shop-2\/"},{"@type":"ListItem","position":3,"name":"Daugiafunkcinis losjonas veidui, 120ml."}]},{"@type":"WebSite","@id":"https:\/\/tiandeproducts.co.uk\/#website","url":"https:\/\/tiandeproducts.co.uk\/","name":"TianDe Online Shop - Beauty & Health","description":"Traditional Chinese Medicine","potentialAction":[{"@type":"SearchAction","target":{"@type":"EntryPoint","urlTemplate":"https:\/\/tiandeproducts.co.uk\/?s={search_term_string}"},"query-input":{"@type":"PropertyValueSpecification","valueRequired":true,"valueName":"search_term_string"}}],"inLanguage":"lt-LT"}]}},"_links":{"self":[{"href":"https:\/\/tiandeproducts.co.uk\/lt\/wp-json\/wp\/v2\/product\/3783","targetHints":{"allow":["GET"]}}],"collection":[{"href":"https:\/\/tiandeproducts.co.uk\/lt\/wp-json\/wp\/v2\/product"}],"about":[{"href":"https:\/\/tiandeproducts.co.uk\/lt\/wp-json\/wp\/v2\/types\/product"}],"replies":[{"embeddable":true,"href":"https:\/\/tiandeproducts.co.uk\/lt\/wp-json\/wp\/v2\/comments?post=3783"}],"wp:featuredmedia":[{"embeddable":true,"href":"https:\/\/tiandeproducts.co.uk\/lt\/wp-json\/wp\/v2\/media\/18964"}],"wp:attachment":[{"href":"https:\/\/tiandeproducts.co.uk\/lt\/wp-json\/wp\/v2\/media?parent=3783"}],"wp:term":[{"taxonomy":"product_cat","embeddable":true,"href":"https:\/\/tiandeproducts.co.uk\/lt\/wp-json\/wp\/v2\/product_cat?post=3783"},{"taxonomy":"product_tag","embeddable":true,"href":"https:\/\/tiandeproducts.co.uk\/lt\/wp-json\/wp\/v2\/product_tag?post=3783"}],"curies":[{"name":"wp","href":"https:\/\/api.w.org\/{rel}","templated":true}]}}