{"id":3782,"date":"2016-04-19T21:58:04","date_gmt":"2016-04-19T20:58:04","guid":{"rendered":"https:\/\/tnd.ontesting.co.uk\/kaukes-ir-fito-esencijos-kompleksas-paakiu-odai-100vnt-10ml\/"},"modified":"2021-10-01T19:45:00","modified_gmt":"2021-10-01T18:45:00","slug":"kaukes-ir-fito-esencijos-kompleksas-paakiu-odai-100vnt-10ml","status":"publish","type":"product","link":"https:\/\/tiandeproducts.co.uk\/lt\/kaukes-ir-fito-esencijos-kompleksas-paakiu-odai-100vnt-10ml\/","title":{"rendered":"Kauk\u0117s ir fito esencijos kompleksas paaki\u0173 odai, 100vnt.+10ml."},"content":{"rendered":"<p>Rinkinyje esan\u010dios priemon\u0117s veiksmingai ma\u017eina rauk\u0161li\u0173 kiek\u012f ir gyl\u012f, veikia ir pavir\u0161inius ir giluminius odos sluoksnius, pa\u0161alina nuovargio p\u0117dsakus, paburkimus, sudirgimus ir juodus ratilus po akimis, intensyviai dr\u0117kina ir maitina, suteikia odai \u0161velnumo, stangrina. Fito esencija skatina regeneracijos procesus, \u0161viesina paakius, stiprina kauk\u0117s poveik\u012f.<\/p>\n<p>Kompleksinis ir funkcionalus rinkinys greitai ir patikimai sprend\u017eia \u0161velnios, plonos ir jautrios paaki\u0173 odos problemas. Intensyvios prie\u017ei\u016bros kompleksas odai aplink akis susideda i\u0161 2-j\u0173 komponent\u0173: kauk\u0117s &#8211; mulia\u017eo (100 vnt.) ir fito esencijos (10 ml.).<\/p>\n<p><strong>Naudojimas:<\/strong><br \/>\nAnt \u0161varios ir sausos paaki\u0173 ir vok\u0173 odos u\u017ed\u0117kite kauk\u0119 ir laikykite 15-20 minu\u010di\u0173. Poto nuimkite, nuvalykite od\u0105 toniku arba nuplaukite \u0161iltu vandeniu. U\u017ela\u0161inkite 2 la\u0161elius esencijos ant pir\u0161to pagalv\u0117l\u0117s ir lengvais judesiais, \u0161velniai tap\u0161nokite paaki\u0173 srityje, \u0161iek tiek toliau nuo aki\u0173. Esencija sustiprins kauk\u0117s poveik\u012f. Rekomenduojama naudoti kasdien, 10-15 dien\u0173 i\u0161 eil\u0117s, v\u0117liau 2-3 kartus per savait\u0119.<\/p>\n<p><strong>Veikliosios med\u017eiagos:<\/strong><\/p>\n<p><em><strong>Kauk\u0117<\/strong><\/em><\/p>\n<p><strong>Kolagenas<\/strong>\u00a0&#8211; baltymas, suteikiantis odai stangrumo ir u\u017etikrinantis tinkam\u0105 dr\u0117kinimo sistem\u0105. Kolagenas pagerina odos elastingum\u0105, palaiko optimal\u0173 dr\u0117gm\u0117s lyg\u012f, padeda i\u0161lyginti rauk\u0161les, tod\u0117l oda tampa \u0161velni ir mink\u0161ta. Hidrolizuotas kolagenas labai lengvai \u012fveikia epidermin\u012f odos barjer\u0105 ir stimuliuoja nat\u016brali\u0173 kolageno pluo\u0161t\u0173 atstatym\u0105 dermoje. Jis sukuria, tarsi, apsaugin\u0119 pl\u0117vel\u0119 ir neleid\u017eia pasi\u0161alinti dr\u0117gmei, taip apsaugo od\u0105 nuo transdermalinio dr\u0117gm\u0117s praradimo.<\/p>\n<p><strong>J\u016bros dumbliai<\/strong>\u00a0&#8211; viena seniausi\u0173 ir turtingiausi\u0173 biologini\u0173 r\u016b\u0161i\u0173 \u017eem\u0117je, kuri per savo ilg\u0105 gyvavimo laikotarp\u012f i\u0161moko sukaupti mil\u017eini\u0161k\u0105 kiek\u012f biologi\u0161kai aktyvi\u0173 med\u017eiag\u0173. Unikali dumbli\u0173 mineralin\u0117 sud\u0117tis beveik identi\u0161ka biocheminei \u017emogaus kraujo plazmos sud\u0117\u010diai. Kosmetika pagaminta naudojant j\u016bros dumbli\u0173 ekstrakt\u0105 turi auk\u0161t\u0105 biologinio suderinamumo laipsn\u012f su \u017emogaus odos l\u0105stel\u0117mis, tod\u0117l ji ypa\u010d saugi m\u016bs\u0173 odai ir suteikia daugyb\u0119 aktyvi\u0173 med\u017eiag\u0173, mineral\u0173, mikro ir makro element\u0173, nat\u016brali\u0173 dr\u0117kikli\u0173, antioksidant\u0173.<\/p>\n<p><strong>Alavijo ekstraktas<\/strong>\u00a0puikus dr\u0117kiklis, antiseptikas, prie\u0161u\u017edegiminis preparatas ir UV spinduli\u0173 filtras (ramina saul\u0117s sudirgint\u0105 od\u0105). Aktyviosios med\u017eiagos pasi\u017eymi antibakteriniu veikimu, skatina regeneracijos procesus, suteikia elastingumo, lygina smulkias rauk\u0161leles.<\/p>\n<p><strong>Vaistini\u0173 skaisteni\u0173 (chrizantem\u0173) ekstraktas<\/strong>\u00a0stiprina kapiliar\u0173 sieneles ir gerina odos kraujo mikrocirkuliacij\u0105, dr\u0117kina od\u0105 ir lygina smulkias rauk\u0161leles. Ekstraktas veikia kaip gamtinis antibiotikas, suma\u017eina u\u017edegiminius procesus.<\/p>\n<p><strong>Smailiaskiau\u010dio skudu\u010dio (\u0161ventagar\u0161v\u0117) \u0161aknies ekstraktas<\/strong>\u00a0turi daug vitamin\u0173: A, B3, B12, C, E ir mineral\u0173: kalcio, gele\u017eies, cinko, magnio, natrio. Tai nat\u016bralus fitoestogen\u0173 (augaliniai hormonai) \u0161altinis.<\/p>\n<p><em><strong>Fito esencija<\/strong><\/em><\/p>\n<p><strong>Alyvuogi\u0173 aliejus<\/strong>\u00a0turtingas E, A, D, K, ir B grup\u0117s vitaminais, polineso\u010diosiomis riebal\u0173 r\u016bg\u0161timis, baltymais, angliavandeniais, saponinais, mikro ir makro elementais. Alyvuogi\u0173 aliejus nepriklauso alergini\u0173 med\u017eiag\u0173 grupei, tod\u0117l jis tinka ir jautriai odai, ypa\u010d naudingas vystan\u010diai bei sausai odai. Pagrindin\u0117 jo funkcija \u2013 dr\u0117kinti ir l\u0117tinti odos sen\u0117jimo procesus. Tai puiki kosmetin\u0117 \u017ealiava, pasi\u017eyminti maitinamosiomis, regeneruojamosiomis, mink\u0161tinamosiomis ir apsaugin\u0117mis savyb\u0117mis, greitinanti l\u0105steli\u0173 atsinaujinimo procesus. Jis i\u0161gaunamas \u0161altuoju b\u016bdu spaud\u017eiant nunokusius alyvos vaisius. Alyvmed\u017ei\u0173 vaisiai savo sud\u0117tyje turi nuo 40% iki 60% labai kokybi\u0161ko aliejaus, kuris naudojamas krem\u0173, k\u016bno prie\u017ei\u016bros balzam\u0173, maitinam\u0173j\u0173 plauk\u0173 kauki\u0173 gamyboje.<\/p>\n<p><strong>\u0160imtalapi\u0173 er\u0161k\u0117\u010di\u0173 g\u0117li\u0173 aliejus<\/strong>\u00a0tonizuoja ir sutraukia kapiliarus, teigiamai veikia vis\u0105 kraujotak\u0105. Tai ypa\u010d aktualu norint suma\u017einti skruost\u0173 raudonum\u0105, kur\u012f sukelia i\u0161sipl\u0117t\u0119 kapiliarai. Aktyviosios med\u017eiagos ramina, tonizuoja, turi antiseptini\u0173 savybi\u0173. Aliejus tinka vis\u0173 tip\u0173 odai, ypatingai rekomenduojamas sausai, jautriai ir senstan\u010diai odai.<\/p>\n<p><strong>D\u0117m\u0117t\u0173j\u0173 snapu\u010di\u0173 ekstraktas<\/strong>\u00a0pasi\u017eymi antibakterin\u0117mis ir antivirusin\u0117mis savyb\u0117mis, raminan\u010diu, antiseptiniu ir prie\u0161u\u017edegiminiu poveikiu. Aktyviosios med\u017eiagos skatina odos l\u0105steli\u0173 atsinaujinim\u0105, normalizuoja riebalini\u0173 liauk\u0173 veikl\u0105, balina.<\/p>\n<p><strong>Tikr\u0173j\u0173 levand\u0173 aliejus<\/strong>\u00a0&#8211; viena geriausi\u0173 sud\u0117tini\u0173 dali\u0173 gydant akn\u0119 ir egzem\u0105. Aliejus veiksmingai suma\u017eina odos u\u017edegimus, slopina bakterij\u0173, sukelian\u010di\u0173 odos infekcijas, dauginim\u0105si, sureguliuoja riebal\u0173, i\u0161siskyrim\u0105, apsaugo nuo randeli\u0173 susidarymo. Aktyviosios med\u017eiagos maitina ir puikiai tonizuoja od\u0105, padeda atkurti jos elastingum\u0105 ir gra\u017ei\u0105 i\u0161vaizd\u0105, pasi\u017eymi antibakterin\u0117mis ir raminan\u010diomis savyb\u0117mis. Aliejus ypa\u010d naudingas odos nudegim\u0173 atveju.<\/p>\n","protected":false},"excerpt":{"rendered":"<p>Rinkinyje esan\u010dios priemon\u0117s veiksmingai ma\u017eina rauk\u0161li\u0173 kiek\u012f ir gyl\u012f, veikia ir pavir\u0161inius ir giluminius odos sluoksnius, pa\u0161alina nuovargio p\u0117dsakus, paburkimus, sudirgimus ir juodus ratilus po akimis, intensyviai dr\u0117kina ir maitina, suteikia odai \u0161velnumo, stangrina. Fito esencija skatina regeneracijos procesus, \u0161viesina paakius, stiprina kauk\u0117s poveik\u012f. Kompleksinis ir funkcionalus rinkinys greitai ir patikimai sprend\u017eia \u0161velnios, plonos ir [&#8230;]\n","protected":false},"featured_media":17331,"comment_status":"closed","ping_status":"closed","template":"","meta":[],"product_cat":[560,559,607,506],"product_tag":[],"class_list":{"0":"post-3782","1":"product","2":"type-product","3":"status-publish","4":"has-post-thumbnail","6":"product_cat-paakiu-kremaiserumai","7":"product_cat-paakiu-odos-prieziura","8":"product_cat-tibetan-herbs-lt","9":"product_cat-veidui","11":"first","12":"instock","13":"shipping-taxable","14":"purchasable","15":"product-type-simple"},"yoast_head":"<!-- This site is optimized with the Yoast SEO plugin v23.6 - https:\/\/yoast.com\/wordpress\/plugins\/seo\/ -->\n<title>Kauk\u0117s ir fito esencijos kompleksas paaki\u0173 odai, 100vnt.+10ml. - TianDe Online Shop - Beauty &amp; Health<\/title>\n<meta name=\"robots\" content=\"index, follow, max-snippet:-1, max-image-preview:large, max-video-preview:-1\" \/>\n<link rel=\"canonical\" href=\"https:\/\/tiandeproducts.co.uk\/lt\/kaukes-ir-fito-esencijos-kompleksas-paakiu-odai-100vnt-10ml\/\" \/>\n<meta property=\"og:locale\" content=\"lt_LT\" \/>\n<meta property=\"og:type\" content=\"article\" \/>\n<meta property=\"og:title\" content=\"Kauk\u0117s ir fito esencijos kompleksas paaki\u0173 odai, 100vnt.+10ml. - TianDe Online Shop - Beauty &amp; Health\" \/>\n<meta property=\"og:description\" content=\"Rinkinyje esan\u010dios priemon\u0117s veiksmingai ma\u017eina rauk\u0161li\u0173 kiek\u012f ir gyl\u012f, veikia ir pavir\u0161inius ir giluminius odos sluoksnius, pa\u0161alina nuovargio p\u0117dsakus, paburkimus, sudirgimus ir juodus ratilus po akimis, intensyviai dr\u0117kina ir maitina, suteikia odai \u0161velnumo, stangrina. Fito esencija skatina regeneracijos procesus, \u0161viesina paakius, stiprina kauk\u0117s poveik\u012f. Kompleksinis ir funkcionalus rinkinys greitai ir patikimai sprend\u017eia \u0161velnios, plonos ir [...]\" \/>\n<meta property=\"og:url\" content=\"https:\/\/tiandeproducts.co.uk\/lt\/kaukes-ir-fito-esencijos-kompleksas-paakiu-odai-100vnt-10ml\/\" \/>\n<meta property=\"og:site_name\" content=\"TianDe Online Shop - Beauty &amp; Health\" \/>\n<meta property=\"article:publisher\" content=\"https:\/\/www.facebook.com\/tiande.products.england\/\" \/>\n<meta property=\"article:modified_time\" content=\"2021-10-01T18:45:00+00:00\" \/>\n<meta property=\"og:image\" content=\"https:\/\/tiandeproducts.co.uk\/wp-content\/uploads\/12106.png\" \/>\n\t<meta property=\"og:image:width\" content=\"400\" \/>\n\t<meta property=\"og:image:height\" content=\"400\" \/>\n\t<meta property=\"og:image:type\" content=\"image\/png\" \/>\n<meta name=\"twitter:card\" content=\"summary_large_image\" \/>\n<meta name=\"twitter:label1\" content=\"Est. reading time\" \/>\n\t<meta name=\"twitter:data1\" content=\"3 minut\u0117s\" \/>\n<script type=\"application\/ld+json\" class=\"yoast-schema-graph\">{\"@context\":\"https:\/\/schema.org\",\"@graph\":[{\"@type\":\"WebPage\",\"@id\":\"https:\/\/tiandeproducts.co.uk\/lt\/kaukes-ir-fito-esencijos-kompleksas-paakiu-odai-100vnt-10ml\/\",\"url\":\"https:\/\/tiandeproducts.co.uk\/lt\/kaukes-ir-fito-esencijos-kompleksas-paakiu-odai-100vnt-10ml\/\",\"name\":\"Kauk\u0117s ir fito esencijos kompleksas paaki\u0173 odai, 100vnt.+10ml. - TianDe Online Shop - Beauty &amp; Health\",\"isPartOf\":{\"@id\":\"https:\/\/tiandeproducts.co.uk\/#website\"},\"primaryImageOfPage\":{\"@id\":\"https:\/\/tiandeproducts.co.uk\/lt\/kaukes-ir-fito-esencijos-kompleksas-paakiu-odai-100vnt-10ml\/#primaryimage\"},\"image\":{\"@id\":\"https:\/\/tiandeproducts.co.uk\/lt\/kaukes-ir-fito-esencijos-kompleksas-paakiu-odai-100vnt-10ml\/#primaryimage\"},\"thumbnailUrl\":\"https:\/\/tiandeproducts.co.uk\/wp-content\/uploads\/12106.png\",\"datePublished\":\"2016-04-19T20:58:04+00:00\",\"dateModified\":\"2021-10-01T18:45:00+00:00\",\"breadcrumb\":{\"@id\":\"https:\/\/tiandeproducts.co.uk\/lt\/kaukes-ir-fito-esencijos-kompleksas-paakiu-odai-100vnt-10ml\/#breadcrumb\"},\"inLanguage\":\"lt-LT\",\"potentialAction\":[{\"@type\":\"ReadAction\",\"target\":[\"https:\/\/tiandeproducts.co.uk\/lt\/kaukes-ir-fito-esencijos-kompleksas-paakiu-odai-100vnt-10ml\/\"]}]},{\"@type\":\"ImageObject\",\"inLanguage\":\"lt-LT\",\"@id\":\"https:\/\/tiandeproducts.co.uk\/lt\/kaukes-ir-fito-esencijos-kompleksas-paakiu-odai-100vnt-10ml\/#primaryimage\",\"url\":\"https:\/\/tiandeproducts.co.uk\/wp-content\/uploads\/12106.png\",\"contentUrl\":\"https:\/\/tiandeproducts.co.uk\/wp-content\/uploads\/12106.png\",\"width\":400,\"height\":400},{\"@type\":\"BreadcrumbList\",\"@id\":\"https:\/\/tiandeproducts.co.uk\/lt\/kaukes-ir-fito-esencijos-kompleksas-paakiu-odai-100vnt-10ml\/#breadcrumb\",\"itemListElement\":[{\"@type\":\"ListItem\",\"position\":1,\"name\":\"Home\",\"item\":\"https:\/\/tiandeproducts.co.uk\/lt\/\"},{\"@type\":\"ListItem\",\"position\":2,\"name\":\"Shop\",\"item\":\"https:\/\/tiandeproducts.co.uk\/lt\/shop-2\/\"},{\"@type\":\"ListItem\",\"position\":3,\"name\":\"Kauk\u0117s ir fito esencijos kompleksas paaki\u0173 odai, 100vnt.+10ml.\"}]},{\"@type\":\"WebSite\",\"@id\":\"https:\/\/tiandeproducts.co.uk\/#website\",\"url\":\"https:\/\/tiandeproducts.co.uk\/\",\"name\":\"TianDe Online Shop - Beauty & Health\",\"description\":\"Traditional Chinese Medicine\",\"potentialAction\":[{\"@type\":\"SearchAction\",\"target\":{\"@type\":\"EntryPoint\",\"urlTemplate\":\"https:\/\/tiandeproducts.co.uk\/?s={search_term_string}\"},\"query-input\":{\"@type\":\"PropertyValueSpecification\",\"valueRequired\":true,\"valueName\":\"search_term_string\"}}],\"inLanguage\":\"lt-LT\"}]}<\/script>\n<!-- \/ Yoast SEO plugin. -->","yoast_head_json":{"title":"Kauk\u0117s ir fito esencijos kompleksas paaki\u0173 odai, 100vnt.+10ml. - TianDe Online Shop - Beauty &amp; Health","robots":{"index":"index","follow":"follow","max-snippet":"max-snippet:-1","max-image-preview":"max-image-preview:large","max-video-preview":"max-video-preview:-1"},"canonical":"https:\/\/tiandeproducts.co.uk\/lt\/kaukes-ir-fito-esencijos-kompleksas-paakiu-odai-100vnt-10ml\/","og_locale":"lt_LT","og_type":"article","og_title":"Kauk\u0117s ir fito esencijos kompleksas paaki\u0173 odai, 100vnt.+10ml. - TianDe Online Shop - Beauty &amp; Health","og_description":"Rinkinyje esan\u010dios priemon\u0117s veiksmingai ma\u017eina rauk\u0161li\u0173 kiek\u012f ir gyl\u012f, veikia ir pavir\u0161inius ir giluminius odos sluoksnius, pa\u0161alina nuovargio p\u0117dsakus, paburkimus, sudirgimus ir juodus ratilus po akimis, intensyviai dr\u0117kina ir maitina, suteikia odai \u0161velnumo, stangrina. Fito esencija skatina regeneracijos procesus, \u0161viesina paakius, stiprina kauk\u0117s poveik\u012f. Kompleksinis ir funkcionalus rinkinys greitai ir patikimai sprend\u017eia \u0161velnios, plonos ir [...]","og_url":"https:\/\/tiandeproducts.co.uk\/lt\/kaukes-ir-fito-esencijos-kompleksas-paakiu-odai-100vnt-10ml\/","og_site_name":"TianDe Online Shop - Beauty &amp; Health","article_publisher":"https:\/\/www.facebook.com\/tiande.products.england\/","article_modified_time":"2021-10-01T18:45:00+00:00","og_image":[{"width":400,"height":400,"url":"https:\/\/tiandeproducts.co.uk\/wp-content\/uploads\/12106.png","type":"image\/png"}],"twitter_card":"summary_large_image","twitter_misc":{"Est. reading time":"3 minut\u0117s"},"schema":{"@context":"https:\/\/schema.org","@graph":[{"@type":"WebPage","@id":"https:\/\/tiandeproducts.co.uk\/lt\/kaukes-ir-fito-esencijos-kompleksas-paakiu-odai-100vnt-10ml\/","url":"https:\/\/tiandeproducts.co.uk\/lt\/kaukes-ir-fito-esencijos-kompleksas-paakiu-odai-100vnt-10ml\/","name":"Kauk\u0117s ir fito esencijos kompleksas paaki\u0173 odai, 100vnt.+10ml. - TianDe Online Shop - Beauty &amp; Health","isPartOf":{"@id":"https:\/\/tiandeproducts.co.uk\/#website"},"primaryImageOfPage":{"@id":"https:\/\/tiandeproducts.co.uk\/lt\/kaukes-ir-fito-esencijos-kompleksas-paakiu-odai-100vnt-10ml\/#primaryimage"},"image":{"@id":"https:\/\/tiandeproducts.co.uk\/lt\/kaukes-ir-fito-esencijos-kompleksas-paakiu-odai-100vnt-10ml\/#primaryimage"},"thumbnailUrl":"https:\/\/tiandeproducts.co.uk\/wp-content\/uploads\/12106.png","datePublished":"2016-04-19T20:58:04+00:00","dateModified":"2021-10-01T18:45:00+00:00","breadcrumb":{"@id":"https:\/\/tiandeproducts.co.uk\/lt\/kaukes-ir-fito-esencijos-kompleksas-paakiu-odai-100vnt-10ml\/#breadcrumb"},"inLanguage":"lt-LT","potentialAction":[{"@type":"ReadAction","target":["https:\/\/tiandeproducts.co.uk\/lt\/kaukes-ir-fito-esencijos-kompleksas-paakiu-odai-100vnt-10ml\/"]}]},{"@type":"ImageObject","inLanguage":"lt-LT","@id":"https:\/\/tiandeproducts.co.uk\/lt\/kaukes-ir-fito-esencijos-kompleksas-paakiu-odai-100vnt-10ml\/#primaryimage","url":"https:\/\/tiandeproducts.co.uk\/wp-content\/uploads\/12106.png","contentUrl":"https:\/\/tiandeproducts.co.uk\/wp-content\/uploads\/12106.png","width":400,"height":400},{"@type":"BreadcrumbList","@id":"https:\/\/tiandeproducts.co.uk\/lt\/kaukes-ir-fito-esencijos-kompleksas-paakiu-odai-100vnt-10ml\/#breadcrumb","itemListElement":[{"@type":"ListItem","position":1,"name":"Home","item":"https:\/\/tiandeproducts.co.uk\/lt\/"},{"@type":"ListItem","position":2,"name":"Shop","item":"https:\/\/tiandeproducts.co.uk\/lt\/shop-2\/"},{"@type":"ListItem","position":3,"name":"Kauk\u0117s ir fito esencijos kompleksas paaki\u0173 odai, 100vnt.+10ml."}]},{"@type":"WebSite","@id":"https:\/\/tiandeproducts.co.uk\/#website","url":"https:\/\/tiandeproducts.co.uk\/","name":"TianDe Online Shop - Beauty & Health","description":"Traditional Chinese Medicine","potentialAction":[{"@type":"SearchAction","target":{"@type":"EntryPoint","urlTemplate":"https:\/\/tiandeproducts.co.uk\/?s={search_term_string}"},"query-input":{"@type":"PropertyValueSpecification","valueRequired":true,"valueName":"search_term_string"}}],"inLanguage":"lt-LT"}]}},"_links":{"self":[{"href":"https:\/\/tiandeproducts.co.uk\/lt\/wp-json\/wp\/v2\/product\/3782","targetHints":{"allow":["GET"]}}],"collection":[{"href":"https:\/\/tiandeproducts.co.uk\/lt\/wp-json\/wp\/v2\/product"}],"about":[{"href":"https:\/\/tiandeproducts.co.uk\/lt\/wp-json\/wp\/v2\/types\/product"}],"replies":[{"embeddable":true,"href":"https:\/\/tiandeproducts.co.uk\/lt\/wp-json\/wp\/v2\/comments?post=3782"}],"wp:featuredmedia":[{"embeddable":true,"href":"https:\/\/tiandeproducts.co.uk\/lt\/wp-json\/wp\/v2\/media\/17331"}],"wp:attachment":[{"href":"https:\/\/tiandeproducts.co.uk\/lt\/wp-json\/wp\/v2\/media?parent=3782"}],"wp:term":[{"taxonomy":"product_cat","embeddable":true,"href":"https:\/\/tiandeproducts.co.uk\/lt\/wp-json\/wp\/v2\/product_cat?post=3782"},{"taxonomy":"product_tag","embeddable":true,"href":"https:\/\/tiandeproducts.co.uk\/lt\/wp-json\/wp\/v2\/product_tag?post=3782"}],"curies":[{"name":"wp","href":"https:\/\/api.w.org\/{rel}","templated":true}]}}