{"id":3781,"date":"2019-01-07T13:08:31","date_gmt":"2019-01-07T13:08:31","guid":{"rendered":"https:\/\/tnd.ontesting.co.uk\/valomoji-kauke-plevele-veidui-su-alavijo-ekstraktu-80g\/"},"modified":"2021-02-12T11:26:28","modified_gmt":"2021-02-12T11:26:28","slug":"valomoji-kauke-plevele-veidui-su-alavijo-ekstraktu-80g","status":"publish","type":"product","link":"https:\/\/tiandeproducts.co.uk\/lt\/valomoji-kauke-plevele-veidui-su-alavijo-ekstraktu-80g\/","title":{"rendered":"Valomoji kauk\u0117 &#8211; pl\u0117vel\u0117 veidui su alavijo ekstraktu, 80g."},"content":{"rendered":"<p><img decoding=\"async\" style=\"max-width: 16px; margin-right: 5px;\" src=\"https:\/\/tiandeproducts.co.uk\/wp-content\/uploads\/points-green.svg\" \/>\u00a0Earn 8 points worth \u00a30.40 when buying this product<\/p>\n<p>Kauk\u0117 pl\u0117vel\u0117 pasi\u017eymi pavir\u0161inio pilingo savyb\u0117mis su klasikin\u0117s kauk\u0117s prie\u017ei\u016bros savyb\u0117mis \u2013 dr\u0117kina, maitina ir atkuria. Alavijo\u00a0 \u00a0kauk\u0117s \u017eele, prisotina od\u0105 maistin\u0117mis med\u017eiagomis ir virsta pl\u0117vele, kuri\u0105 pa\u0161alindami, pa\u0161alinate negyvas surag\u0117jusias l\u0105steles ir i\u0161valo u\u017ebkim\u0161tas poras.<\/p>\n<p><strong>Pagrindin\u0117 kauk\u0117s\u00a0 sudedamoji dalis \u2013 alavijo ekstraktas. Aloe vera ekstraktas (Aloe barbadensis lap\u0173 ekstraktas):<\/strong><\/p>\n<p>Joje yra daugiau nei 200 biologi\u0161kai aktyvi\u0173 med\u017eiag\u0173, tarp kuri\u0173 yra vitaminai, amino r\u016bg\u0161tys, fermentai, mineralai ir mikroelementai, glikozidai ir dar daugiau,<br \/>\n-yra polisacharid\u0173, kurie padeda i\u0161laikyti normal\u0173 odos hidroliben\u0105;<br \/>\n-yra salicilo r\u016bg\u0161ties ir eterini\u0173 aliej\u0173, kurie u\u017ekerta keli\u0105 spuog\u0173 vystymuisi;<br \/>\npH lygis sutampa su nat\u016braliu odos pH lygiu, tod\u0117l alavijo \u012ftaka normalizuoja jo r\u016bg\u0161\u010di\u0173 ir bazi\u0173 pusiausvyr\u0105;<br \/>\nJi turi unikal\u0173 sugeb\u0117jim\u0105 patenkinti bet kokios tipo odos poreikius: jei j\u016bs\u0173 oda duoda \u201cnetik\u0117tum\u0173\u201d, riebal\u0173 kiek\u012f kei\u010dia sausumas ir lupimasis, kosmetika su alavijo ekstraktu yra tai, ko reikia.<br \/>\nJi yra vadinama \u201ctransporto priemone\u201d, nes ji giliai \u012fsiskverbia \u012f k\u016bno audinius \u2013 3-4 kartus grei\u010diau nei vanduo. D\u0117l to, alavijo ekstrakte esan\u010dios naudingos med\u017eiagos greitai patenka \u012f gilesnius odos sluoksnius.<br \/>\n<strong>\u00a0Rezultatas:<\/strong><\/p>\n<p>Valo poras ir pa\u0161alina negyv\u0173j\u0173 l\u0105steli\u0173 sluoksn\u012f,<br \/>\nPamaitin\u0105 od\u0105 maistin\u0117mis med\u017eiagomis,<br \/>\nPadeda normalizuoti odos hidroliben\u0105.<br \/>\nAtlieka spuog\u0173 prevencij\u0105.<\/p>\n<p><strong>Naudojimas:<\/strong><br \/>\nU\u017etepkite kauk\u0119 storu\u00a0 sluoksniu ant valyto sauso veido, nelie\u010diant l\u016bp\u0173, antaki\u0173 ir aplink akis. Palikite 18-20 minu\u010di\u0173. Nuimkite kauk\u0119 i\u0161 apa\u010dios \u012f vir\u0161\u0173, atsargiai atskirdami jos kra\u0161tus nuo odos. Jei yra lik\u0119 nedideli\u00a0 kauk\u0117s liku\u010diai, nuvalykite veid\u0105 dr\u0117gnu medvilniniu tampon\u0117liu.<\/p>\n<p><strong>Saugos priemon\u0117s:<\/strong><br \/>\nLeiskite kaukei i\u0161d\u017ei\u016bti: jei pl\u0117vel\u0117 nelimpa prie saus\u0173 pir\u0161t\u0173, tai rei\u0161kia, kad kauk\u0117 i\u0161d\u017ei\u016bvo ir gali b\u016bti pa\u0161alinta.<\/p>\n<p>Padid\u0117jusiam veido odos plaukuotumui,\u00a0 kauk\u0119 reikia naudoti atsargiai.<\/p>\n<p><strong>Rezultatas:<\/strong><br \/>\n\u0160velni ir aksomin\u0117 odel\u0117, nepastebimos poros.<\/p>\n","protected":false},"excerpt":{"rendered":"<p>\u00a0Earn 8 points worth \u00a30.40 when buying this product Kauk\u0117 pl\u0117vel\u0117 pasi\u017eymi pavir\u0161inio pilingo savyb\u0117mis su klasikin\u0117s kauk\u0117s prie\u017ei\u016bros savyb\u0117mis \u2013 dr\u0117kina, maitina ir atkuria. Alavijo\u00a0 \u00a0kauk\u0117s \u017eele, prisotina od\u0105 maistin\u0117mis med\u017eiagomis ir virsta pl\u0117vele, kuri\u0105 pa\u0161alindami, pa\u0161alinate negyvas surag\u0117jusias l\u0105steles ir i\u0161valo u\u017ebkim\u0161tas poras. Pagrindin\u0117 kauk\u0117s\u00a0 sudedamoji dalis \u2013 alavijo ekstraktas. Aloe vera ekstraktas [&#8230;]\n","protected":false},"featured_media":2136,"comment_status":"closed","ping_status":"closed","template":"","meta":[],"product_cat":[562,590,523,591,506],"product_tag":[],"class_list":{"0":"post-3781","1":"product","2":"type-product","3":"status-publish","4":"has-post-thumbnail","6":"product_cat-kaukes-lt","7":"product_cat-problemiska-oda","8":"product_cat-problemiska-oda-spuogai","9":"product_cat-spa-technology-lt-2","10":"product_cat-veidui","12":"first","13":"instock","14":"shipping-taxable","15":"purchasable","16":"product-type-simple"},"yoast_head":"<!-- This site is optimized with the Yoast SEO plugin v23.6 - https:\/\/yoast.com\/wordpress\/plugins\/seo\/ -->\n<title>Valomoji kauk\u0117 - pl\u0117vel\u0117 veidui su alavijo ekstraktu, 80g. - TianDe Online Shop - Beauty &amp; Health<\/title>\n<meta name=\"robots\" content=\"index, follow, max-snippet:-1, max-image-preview:large, max-video-preview:-1\" \/>\n<link rel=\"canonical\" href=\"https:\/\/tiandeproducts.co.uk\/lt\/valomoji-kauke-plevele-veidui-su-alavijo-ekstraktu-80g\/\" \/>\n<meta property=\"og:locale\" content=\"lt_LT\" \/>\n<meta property=\"og:type\" content=\"article\" \/>\n<meta property=\"og:title\" content=\"Valomoji kauk\u0117 - pl\u0117vel\u0117 veidui su alavijo ekstraktu, 80g. - TianDe Online Shop - Beauty &amp; Health\" \/>\n<meta property=\"og:description\" content=\"\u00a0Earn 8 points worth \u00a30.40 when buying this product Kauk\u0117 pl\u0117vel\u0117 pasi\u017eymi pavir\u0161inio pilingo savyb\u0117mis su klasikin\u0117s kauk\u0117s prie\u017ei\u016bros savyb\u0117mis \u2013 dr\u0117kina, maitina ir atkuria. Alavijo\u00a0 \u00a0kauk\u0117s \u017eele, prisotina od\u0105 maistin\u0117mis med\u017eiagomis ir virsta pl\u0117vele, kuri\u0105 pa\u0161alindami, pa\u0161alinate negyvas surag\u0117jusias l\u0105steles ir i\u0161valo u\u017ebkim\u0161tas poras. Pagrindin\u0117 kauk\u0117s\u00a0 sudedamoji dalis \u2013 alavijo ekstraktas. Aloe vera ekstraktas [...]\" \/>\n<meta property=\"og:url\" content=\"https:\/\/tiandeproducts.co.uk\/lt\/valomoji-kauke-plevele-veidui-su-alavijo-ekstraktu-80g\/\" \/>\n<meta property=\"og:site_name\" content=\"TianDe Online Shop - Beauty &amp; Health\" \/>\n<meta property=\"article:publisher\" content=\"https:\/\/www.facebook.com\/tiande.products.england\/\" \/>\n<meta property=\"article:modified_time\" content=\"2021-02-12T11:26:28+00:00\" \/>\n<meta property=\"og:image\" content=\"https:\/\/tiandeproducts.co.uk\/wp-content\/uploads\/2019\/01\/50201.png\" \/>\n\t<meta property=\"og:image:width\" content=\"420\" \/>\n\t<meta property=\"og:image:height\" content=\"420\" \/>\n\t<meta property=\"og:image:type\" content=\"image\/png\" \/>\n<meta name=\"twitter:card\" content=\"summary_large_image\" \/>\n<meta name=\"twitter:label1\" content=\"Est. reading time\" \/>\n\t<meta name=\"twitter:data1\" content=\"2 minut\u0117s\" \/>\n<script type=\"application\/ld+json\" class=\"yoast-schema-graph\">{\"@context\":\"https:\/\/schema.org\",\"@graph\":[{\"@type\":\"WebPage\",\"@id\":\"https:\/\/tiandeproducts.co.uk\/lt\/valomoji-kauke-plevele-veidui-su-alavijo-ekstraktu-80g\/\",\"url\":\"https:\/\/tiandeproducts.co.uk\/lt\/valomoji-kauke-plevele-veidui-su-alavijo-ekstraktu-80g\/\",\"name\":\"Valomoji kauk\u0117 - pl\u0117vel\u0117 veidui su alavijo ekstraktu, 80g. - TianDe Online Shop - Beauty &amp; Health\",\"isPartOf\":{\"@id\":\"https:\/\/tiandeproducts.co.uk\/#website\"},\"primaryImageOfPage\":{\"@id\":\"https:\/\/tiandeproducts.co.uk\/lt\/valomoji-kauke-plevele-veidui-su-alavijo-ekstraktu-80g\/#primaryimage\"},\"image\":{\"@id\":\"https:\/\/tiandeproducts.co.uk\/lt\/valomoji-kauke-plevele-veidui-su-alavijo-ekstraktu-80g\/#primaryimage\"},\"thumbnailUrl\":\"https:\/\/tiandeproducts.co.uk\/wp-content\/uploads\/2019\/01\/50201.png\",\"datePublished\":\"2019-01-07T13:08:31+00:00\",\"dateModified\":\"2021-02-12T11:26:28+00:00\",\"breadcrumb\":{\"@id\":\"https:\/\/tiandeproducts.co.uk\/lt\/valomoji-kauke-plevele-veidui-su-alavijo-ekstraktu-80g\/#breadcrumb\"},\"inLanguage\":\"lt-LT\",\"potentialAction\":[{\"@type\":\"ReadAction\",\"target\":[\"https:\/\/tiandeproducts.co.uk\/lt\/valomoji-kauke-plevele-veidui-su-alavijo-ekstraktu-80g\/\"]}]},{\"@type\":\"ImageObject\",\"inLanguage\":\"lt-LT\",\"@id\":\"https:\/\/tiandeproducts.co.uk\/lt\/valomoji-kauke-plevele-veidui-su-alavijo-ekstraktu-80g\/#primaryimage\",\"url\":\"https:\/\/tiandeproducts.co.uk\/wp-content\/uploads\/2019\/01\/50201.png\",\"contentUrl\":\"https:\/\/tiandeproducts.co.uk\/wp-content\/uploads\/2019\/01\/50201.png\",\"width\":420,\"height\":420,\"caption\":\"Spa Technology Aloe Film Mask,80g-0\"},{\"@type\":\"BreadcrumbList\",\"@id\":\"https:\/\/tiandeproducts.co.uk\/lt\/valomoji-kauke-plevele-veidui-su-alavijo-ekstraktu-80g\/#breadcrumb\",\"itemListElement\":[{\"@type\":\"ListItem\",\"position\":1,\"name\":\"Home\",\"item\":\"https:\/\/tiandeproducts.co.uk\/lt\/\"},{\"@type\":\"ListItem\",\"position\":2,\"name\":\"Shop\",\"item\":\"https:\/\/tiandeproducts.co.uk\/lt\/shop-2\/\"},{\"@type\":\"ListItem\",\"position\":3,\"name\":\"Valomoji kauk\u0117 &#8211; pl\u0117vel\u0117 veidui su alavijo ekstraktu, 80g.\"}]},{\"@type\":\"WebSite\",\"@id\":\"https:\/\/tiandeproducts.co.uk\/#website\",\"url\":\"https:\/\/tiandeproducts.co.uk\/\",\"name\":\"TianDe Online Shop - Beauty & Health\",\"description\":\"Traditional Chinese Medicine\",\"potentialAction\":[{\"@type\":\"SearchAction\",\"target\":{\"@type\":\"EntryPoint\",\"urlTemplate\":\"https:\/\/tiandeproducts.co.uk\/?s={search_term_string}\"},\"query-input\":{\"@type\":\"PropertyValueSpecification\",\"valueRequired\":true,\"valueName\":\"search_term_string\"}}],\"inLanguage\":\"lt-LT\"}]}<\/script>\n<!-- \/ Yoast SEO plugin. -->","yoast_head_json":{"title":"Valomoji kauk\u0117 - pl\u0117vel\u0117 veidui su alavijo ekstraktu, 80g. - TianDe Online Shop - Beauty &amp; Health","robots":{"index":"index","follow":"follow","max-snippet":"max-snippet:-1","max-image-preview":"max-image-preview:large","max-video-preview":"max-video-preview:-1"},"canonical":"https:\/\/tiandeproducts.co.uk\/lt\/valomoji-kauke-plevele-veidui-su-alavijo-ekstraktu-80g\/","og_locale":"lt_LT","og_type":"article","og_title":"Valomoji kauk\u0117 - pl\u0117vel\u0117 veidui su alavijo ekstraktu, 80g. - TianDe Online Shop - Beauty &amp; Health","og_description":"\u00a0Earn 8 points worth \u00a30.40 when buying this product Kauk\u0117 pl\u0117vel\u0117 pasi\u017eymi pavir\u0161inio pilingo savyb\u0117mis su klasikin\u0117s kauk\u0117s prie\u017ei\u016bros savyb\u0117mis \u2013 dr\u0117kina, maitina ir atkuria. Alavijo\u00a0 \u00a0kauk\u0117s \u017eele, prisotina od\u0105 maistin\u0117mis med\u017eiagomis ir virsta pl\u0117vele, kuri\u0105 pa\u0161alindami, pa\u0161alinate negyvas surag\u0117jusias l\u0105steles ir i\u0161valo u\u017ebkim\u0161tas poras. Pagrindin\u0117 kauk\u0117s\u00a0 sudedamoji dalis \u2013 alavijo ekstraktas. Aloe vera ekstraktas [...]","og_url":"https:\/\/tiandeproducts.co.uk\/lt\/valomoji-kauke-plevele-veidui-su-alavijo-ekstraktu-80g\/","og_site_name":"TianDe Online Shop - Beauty &amp; Health","article_publisher":"https:\/\/www.facebook.com\/tiande.products.england\/","article_modified_time":"2021-02-12T11:26:28+00:00","og_image":[{"width":420,"height":420,"url":"https:\/\/tiandeproducts.co.uk\/wp-content\/uploads\/2019\/01\/50201.png","type":"image\/png"}],"twitter_card":"summary_large_image","twitter_misc":{"Est. reading time":"2 minut\u0117s"},"schema":{"@context":"https:\/\/schema.org","@graph":[{"@type":"WebPage","@id":"https:\/\/tiandeproducts.co.uk\/lt\/valomoji-kauke-plevele-veidui-su-alavijo-ekstraktu-80g\/","url":"https:\/\/tiandeproducts.co.uk\/lt\/valomoji-kauke-plevele-veidui-su-alavijo-ekstraktu-80g\/","name":"Valomoji kauk\u0117 - pl\u0117vel\u0117 veidui su alavijo ekstraktu, 80g. - TianDe Online Shop - Beauty &amp; Health","isPartOf":{"@id":"https:\/\/tiandeproducts.co.uk\/#website"},"primaryImageOfPage":{"@id":"https:\/\/tiandeproducts.co.uk\/lt\/valomoji-kauke-plevele-veidui-su-alavijo-ekstraktu-80g\/#primaryimage"},"image":{"@id":"https:\/\/tiandeproducts.co.uk\/lt\/valomoji-kauke-plevele-veidui-su-alavijo-ekstraktu-80g\/#primaryimage"},"thumbnailUrl":"https:\/\/tiandeproducts.co.uk\/wp-content\/uploads\/2019\/01\/50201.png","datePublished":"2019-01-07T13:08:31+00:00","dateModified":"2021-02-12T11:26:28+00:00","breadcrumb":{"@id":"https:\/\/tiandeproducts.co.uk\/lt\/valomoji-kauke-plevele-veidui-su-alavijo-ekstraktu-80g\/#breadcrumb"},"inLanguage":"lt-LT","potentialAction":[{"@type":"ReadAction","target":["https:\/\/tiandeproducts.co.uk\/lt\/valomoji-kauke-plevele-veidui-su-alavijo-ekstraktu-80g\/"]}]},{"@type":"ImageObject","inLanguage":"lt-LT","@id":"https:\/\/tiandeproducts.co.uk\/lt\/valomoji-kauke-plevele-veidui-su-alavijo-ekstraktu-80g\/#primaryimage","url":"https:\/\/tiandeproducts.co.uk\/wp-content\/uploads\/2019\/01\/50201.png","contentUrl":"https:\/\/tiandeproducts.co.uk\/wp-content\/uploads\/2019\/01\/50201.png","width":420,"height":420,"caption":"Spa Technology Aloe Film Mask,80g-0"},{"@type":"BreadcrumbList","@id":"https:\/\/tiandeproducts.co.uk\/lt\/valomoji-kauke-plevele-veidui-su-alavijo-ekstraktu-80g\/#breadcrumb","itemListElement":[{"@type":"ListItem","position":1,"name":"Home","item":"https:\/\/tiandeproducts.co.uk\/lt\/"},{"@type":"ListItem","position":2,"name":"Shop","item":"https:\/\/tiandeproducts.co.uk\/lt\/shop-2\/"},{"@type":"ListItem","position":3,"name":"Valomoji kauk\u0117 &#8211; pl\u0117vel\u0117 veidui su alavijo ekstraktu, 80g."}]},{"@type":"WebSite","@id":"https:\/\/tiandeproducts.co.uk\/#website","url":"https:\/\/tiandeproducts.co.uk\/","name":"TianDe Online Shop - Beauty & Health","description":"Traditional Chinese Medicine","potentialAction":[{"@type":"SearchAction","target":{"@type":"EntryPoint","urlTemplate":"https:\/\/tiandeproducts.co.uk\/?s={search_term_string}"},"query-input":{"@type":"PropertyValueSpecification","valueRequired":true,"valueName":"search_term_string"}}],"inLanguage":"lt-LT"}]}},"_links":{"self":[{"href":"https:\/\/tiandeproducts.co.uk\/lt\/wp-json\/wp\/v2\/product\/3781","targetHints":{"allow":["GET"]}}],"collection":[{"href":"https:\/\/tiandeproducts.co.uk\/lt\/wp-json\/wp\/v2\/product"}],"about":[{"href":"https:\/\/tiandeproducts.co.uk\/lt\/wp-json\/wp\/v2\/types\/product"}],"replies":[{"embeddable":true,"href":"https:\/\/tiandeproducts.co.uk\/lt\/wp-json\/wp\/v2\/comments?post=3781"}],"wp:featuredmedia":[{"embeddable":true,"href":"https:\/\/tiandeproducts.co.uk\/lt\/wp-json\/wp\/v2\/media\/2136"}],"wp:attachment":[{"href":"https:\/\/tiandeproducts.co.uk\/lt\/wp-json\/wp\/v2\/media?parent=3781"}],"wp:term":[{"taxonomy":"product_cat","embeddable":true,"href":"https:\/\/tiandeproducts.co.uk\/lt\/wp-json\/wp\/v2\/product_cat?post=3781"},{"taxonomy":"product_tag","embeddable":true,"href":"https:\/\/tiandeproducts.co.uk\/lt\/wp-json\/wp\/v2\/product_tag?post=3781"}],"curies":[{"name":"wp","href":"https:\/\/api.w.org\/{rel}","templated":true}]}}