{"id":3780,"date":"2016-04-07T19:04:41","date_gmt":"2016-04-07T18:04:41","guid":{"rendered":"https:\/\/tnd.ontesting.co.uk\/prausimosi-gelis-zalioji-arbata-150g\/"},"modified":"2019-12-23T07:52:10","modified_gmt":"2019-12-23T07:52:10","slug":"prausimosi-gelis-zalioji-arbata-150g","status":"publish","type":"product","link":"https:\/\/tiandeproducts.co.uk\/lt\/prausimosi-gelis-zalioji-arbata-150g\/","title":{"rendered":"Prausimosi gelis \u201e\u017dalioji arbata\u201c, 150g."},"content":{"rendered":"<p>Priemon\u0117 efektyviai \u0161alina odos pavir\u0161iaus ne\u0161varumus, makia\u017e\u0105 ir riebal\u0173 pertekli\u0173. Prausimosi gelio sud\u0117tyje esantys nat\u016bral\u016bs komponentai suma\u017eina pernelyg didel\u012f riebalini\u0173 liauk\u0173 aktyvum\u0105, sutraukia poras, saugo nuo akn\u0117s atsiradimo, suteikia odai matin\u012f efekt\u0105. Gelis \u0161velnios tekst\u016bros, po proced\u016bros n\u0117ra tempimo poj\u016b\u010dio, odos sudirgimo.<\/p>\n<p>Prausimosi gelio \u201e\u017dalioji arbata\u201c pagrind\u0105 sudaro mink\u0161tas nat\u016brali\u0173 komponent\u0173 (kokamidopropilbetainas ir augalin\u0117s kilm\u0117s celiulioz\u0117), kuris nepa\u017eeid\u017eia odos epidermio barjero, i\u0161saugo nat\u016bral\u0173 odos r\u016bg\u0161\u010di\u0173 ir \u0161arm\u0173 balans\u0105 (pH).<\/p>\n<p><strong>Naudojimas:<\/strong><br \/>\nSudr\u0117kint\u0105 od\u0105 patepkite geliu, \u0161velniai ir kruop\u0161\u010diai pamasa\u017euokite, po to nuplaukite \u0161iltu vandeniu. Galima naudoti kempin\u0117l\u0119.<\/p>\n<p><strong>Veikliosios med\u017eiagos:<\/strong><\/p>\n<p><strong>\u017daliosios arbatos ekstrakto<\/strong>\u00a0sud\u0117tyje yra vitamin\u0173 C, E, B1, K, P ir \u017ealiosios arbatos eterinio aliejaus. Veiklioji med\u017eiaga turi daug polifenoli\u0173 (nat\u016brali augaluose esanti fitochemin\u0117 med\u017eaga) ir antioksidant\u0173, kurie saugo od\u0105 nuo kenksmingo laisv\u0173j\u0173 radikal\u0173 poveikio. Didelis antiokasidant\u0173 kiekis esantis \u017ealiosios arbatos ekstrakte padeda apsaugoti od\u0105 nuo u\u017edegim\u0173, transdermalinio dr\u0117gm\u0117s praradimo (neleid\u017eia suirti lipidinei odos pl\u0117velei, kuri saugo odos epidermio barjer\u0105 nuo pa\u017eeidim\u0173). Ekstraktas dr\u0117kina, apsaugo od\u0105 nuo paraudimo ir kapiliar\u0173 i\u0161sipl\u0117timo, veikia kaip antiseptikas.<\/p>\n","protected":false},"excerpt":{"rendered":"<p>Priemon\u0117 efektyviai \u0161alina odos pavir\u0161iaus ne\u0161varumus, makia\u017e\u0105 ir riebal\u0173 pertekli\u0173. Prausimosi gelio sud\u0117tyje esantys nat\u016bral\u016bs komponentai suma\u017eina pernelyg didel\u012f riebalini\u0173 liauk\u0173 aktyvum\u0105, sutraukia poras, saugo nuo akn\u0117s atsiradimo, suteikia odai matin\u012f efekt\u0105. Gelis \u0161velnios tekst\u016bros, po proced\u016bros n\u0117ra tempimo poj\u016b\u010dio, odos sudirgimo. Prausimosi gelio \u201e\u017dalioji arbata\u201c pagrind\u0105 sudaro mink\u0161tas nat\u016brali\u0173 komponent\u0173 (kokamidopropilbetainas ir augalin\u0117s kilm\u0117s [&#8230;]\n","protected":false},"featured_media":872,"comment_status":"closed","ping_status":"closed","template":"","meta":[],"product_cat":[717,590,523,591,561,506],"product_tag":[],"class_list":{"0":"post-3780","1":"product","2":"type-product","3":"status-publish","4":"has-post-thumbnail","6":"product_cat-akcijos","7":"product_cat-problemiska-oda","8":"product_cat-problemiska-oda-spuogai","9":"product_cat-spa-technology-lt-2","10":"product_cat-veido-prausikliaipilingai","11":"product_cat-veidui","13":"first","14":"instock","15":"sale","16":"shipping-taxable","17":"purchasable","18":"product-type-simple"},"yoast_head":"<!-- This site is optimized with the Yoast SEO plugin v23.6 - https:\/\/yoast.com\/wordpress\/plugins\/seo\/ -->\n<title>Prausimosi gelis \u201e\u017dalioji arbata\u201c, 150g. - TianDe Online Shop - Beauty &amp; Health<\/title>\n<meta name=\"robots\" content=\"index, follow, max-snippet:-1, max-image-preview:large, max-video-preview:-1\" \/>\n<link rel=\"canonical\" href=\"https:\/\/tiandeproducts.co.uk\/lt\/prausimosi-gelis-zalioji-arbata-150g\/\" \/>\n<meta property=\"og:locale\" content=\"lt_LT\" \/>\n<meta property=\"og:type\" content=\"article\" \/>\n<meta property=\"og:title\" content=\"Prausimosi gelis \u201e\u017dalioji arbata\u201c, 150g. - TianDe Online Shop - Beauty &amp; Health\" \/>\n<meta property=\"og:description\" content=\"Priemon\u0117 efektyviai \u0161alina odos pavir\u0161iaus ne\u0161varumus, makia\u017e\u0105 ir riebal\u0173 pertekli\u0173. Prausimosi gelio sud\u0117tyje esantys nat\u016bral\u016bs komponentai suma\u017eina pernelyg didel\u012f riebalini\u0173 liauk\u0173 aktyvum\u0105, sutraukia poras, saugo nuo akn\u0117s atsiradimo, suteikia odai matin\u012f efekt\u0105. Gelis \u0161velnios tekst\u016bros, po proced\u016bros n\u0117ra tempimo poj\u016b\u010dio, odos sudirgimo. Prausimosi gelio \u201e\u017dalioji arbata\u201c pagrind\u0105 sudaro mink\u0161tas nat\u016brali\u0173 komponent\u0173 (kokamidopropilbetainas ir augalin\u0117s kilm\u0117s [...]\" \/>\n<meta property=\"og:url\" content=\"https:\/\/tiandeproducts.co.uk\/lt\/prausimosi-gelis-zalioji-arbata-150g\/\" \/>\n<meta property=\"og:site_name\" content=\"TianDe Online Shop - Beauty &amp; Health\" \/>\n<meta property=\"article:publisher\" content=\"https:\/\/www.facebook.com\/tiande.products.england\/\" \/>\n<meta property=\"article:modified_time\" content=\"2019-12-23T07:52:10+00:00\" \/>\n<meta property=\"og:image\" content=\"https:\/\/tiandeproducts.co.uk\/wp-content\/uploads\/2016\/04\/10201_new.png\" \/>\n\t<meta property=\"og:image:width\" content=\"700\" \/>\n\t<meta property=\"og:image:height\" content=\"700\" \/>\n\t<meta property=\"og:image:type\" content=\"image\/png\" \/>\n<meta name=\"twitter:card\" content=\"summary_large_image\" \/>\n<meta name=\"twitter:label1\" content=\"Est. reading time\" \/>\n\t<meta name=\"twitter:data1\" content=\"1 minut\u0117\" \/>\n<script type=\"application\/ld+json\" class=\"yoast-schema-graph\">{\"@context\":\"https:\/\/schema.org\",\"@graph\":[{\"@type\":\"WebPage\",\"@id\":\"https:\/\/tiandeproducts.co.uk\/lt\/prausimosi-gelis-zalioji-arbata-150g\/\",\"url\":\"https:\/\/tiandeproducts.co.uk\/lt\/prausimosi-gelis-zalioji-arbata-150g\/\",\"name\":\"Prausimosi gelis \u201e\u017dalioji arbata\u201c, 150g. - TianDe Online Shop - Beauty &amp; Health\",\"isPartOf\":{\"@id\":\"https:\/\/tiandeproducts.co.uk\/#website\"},\"primaryImageOfPage\":{\"@id\":\"https:\/\/tiandeproducts.co.uk\/lt\/prausimosi-gelis-zalioji-arbata-150g\/#primaryimage\"},\"image\":{\"@id\":\"https:\/\/tiandeproducts.co.uk\/lt\/prausimosi-gelis-zalioji-arbata-150g\/#primaryimage\"},\"thumbnailUrl\":\"https:\/\/tiandeproducts.co.uk\/wp-content\/uploads\/2016\/04\/10201_new.png\",\"datePublished\":\"2016-04-07T18:04:41+00:00\",\"dateModified\":\"2019-12-23T07:52:10+00:00\",\"breadcrumb\":{\"@id\":\"https:\/\/tiandeproducts.co.uk\/lt\/prausimosi-gelis-zalioji-arbata-150g\/#breadcrumb\"},\"inLanguage\":\"lt-LT\",\"potentialAction\":[{\"@type\":\"ReadAction\",\"target\":[\"https:\/\/tiandeproducts.co.uk\/lt\/prausimosi-gelis-zalioji-arbata-150g\/\"]}]},{\"@type\":\"ImageObject\",\"inLanguage\":\"lt-LT\",\"@id\":\"https:\/\/tiandeproducts.co.uk\/lt\/prausimosi-gelis-zalioji-arbata-150g\/#primaryimage\",\"url\":\"https:\/\/tiandeproducts.co.uk\/wp-content\/uploads\/2016\/04\/10201_new.png\",\"contentUrl\":\"https:\/\/tiandeproducts.co.uk\/wp-content\/uploads\/2016\/04\/10201_new.png\",\"width\":700,\"height\":700,\"caption\":\"SPA Technology Green Tea Facial Cleansing Gel,150g-0\"},{\"@type\":\"BreadcrumbList\",\"@id\":\"https:\/\/tiandeproducts.co.uk\/lt\/prausimosi-gelis-zalioji-arbata-150g\/#breadcrumb\",\"itemListElement\":[{\"@type\":\"ListItem\",\"position\":1,\"name\":\"Home\",\"item\":\"https:\/\/tiandeproducts.co.uk\/lt\/\"},{\"@type\":\"ListItem\",\"position\":2,\"name\":\"Shop\",\"item\":\"https:\/\/tiandeproducts.co.uk\/lt\/shop-2\/\"},{\"@type\":\"ListItem\",\"position\":3,\"name\":\"Prausimosi gelis \u201e\u017dalioji arbata\u201c, 150g.\"}]},{\"@type\":\"WebSite\",\"@id\":\"https:\/\/tiandeproducts.co.uk\/#website\",\"url\":\"https:\/\/tiandeproducts.co.uk\/\",\"name\":\"TianDe Online Shop - Beauty & Health\",\"description\":\"Traditional Chinese Medicine\",\"potentialAction\":[{\"@type\":\"SearchAction\",\"target\":{\"@type\":\"EntryPoint\",\"urlTemplate\":\"https:\/\/tiandeproducts.co.uk\/?s={search_term_string}\"},\"query-input\":{\"@type\":\"PropertyValueSpecification\",\"valueRequired\":true,\"valueName\":\"search_term_string\"}}],\"inLanguage\":\"lt-LT\"}]}<\/script>\n<!-- \/ Yoast SEO plugin. -->","yoast_head_json":{"title":"Prausimosi gelis \u201e\u017dalioji arbata\u201c, 150g. - TianDe Online Shop - Beauty &amp; Health","robots":{"index":"index","follow":"follow","max-snippet":"max-snippet:-1","max-image-preview":"max-image-preview:large","max-video-preview":"max-video-preview:-1"},"canonical":"https:\/\/tiandeproducts.co.uk\/lt\/prausimosi-gelis-zalioji-arbata-150g\/","og_locale":"lt_LT","og_type":"article","og_title":"Prausimosi gelis \u201e\u017dalioji arbata\u201c, 150g. - TianDe Online Shop - Beauty &amp; Health","og_description":"Priemon\u0117 efektyviai \u0161alina odos pavir\u0161iaus ne\u0161varumus, makia\u017e\u0105 ir riebal\u0173 pertekli\u0173. Prausimosi gelio sud\u0117tyje esantys nat\u016bral\u016bs komponentai suma\u017eina pernelyg didel\u012f riebalini\u0173 liauk\u0173 aktyvum\u0105, sutraukia poras, saugo nuo akn\u0117s atsiradimo, suteikia odai matin\u012f efekt\u0105. Gelis \u0161velnios tekst\u016bros, po proced\u016bros n\u0117ra tempimo poj\u016b\u010dio, odos sudirgimo. Prausimosi gelio \u201e\u017dalioji arbata\u201c pagrind\u0105 sudaro mink\u0161tas nat\u016brali\u0173 komponent\u0173 (kokamidopropilbetainas ir augalin\u0117s kilm\u0117s [...]","og_url":"https:\/\/tiandeproducts.co.uk\/lt\/prausimosi-gelis-zalioji-arbata-150g\/","og_site_name":"TianDe Online Shop - Beauty &amp; Health","article_publisher":"https:\/\/www.facebook.com\/tiande.products.england\/","article_modified_time":"2019-12-23T07:52:10+00:00","og_image":[{"width":700,"height":700,"url":"https:\/\/tiandeproducts.co.uk\/wp-content\/uploads\/2016\/04\/10201_new.png","type":"image\/png"}],"twitter_card":"summary_large_image","twitter_misc":{"Est. reading time":"1 minut\u0117"},"schema":{"@context":"https:\/\/schema.org","@graph":[{"@type":"WebPage","@id":"https:\/\/tiandeproducts.co.uk\/lt\/prausimosi-gelis-zalioji-arbata-150g\/","url":"https:\/\/tiandeproducts.co.uk\/lt\/prausimosi-gelis-zalioji-arbata-150g\/","name":"Prausimosi gelis \u201e\u017dalioji arbata\u201c, 150g. - TianDe Online Shop - Beauty &amp; Health","isPartOf":{"@id":"https:\/\/tiandeproducts.co.uk\/#website"},"primaryImageOfPage":{"@id":"https:\/\/tiandeproducts.co.uk\/lt\/prausimosi-gelis-zalioji-arbata-150g\/#primaryimage"},"image":{"@id":"https:\/\/tiandeproducts.co.uk\/lt\/prausimosi-gelis-zalioji-arbata-150g\/#primaryimage"},"thumbnailUrl":"https:\/\/tiandeproducts.co.uk\/wp-content\/uploads\/2016\/04\/10201_new.png","datePublished":"2016-04-07T18:04:41+00:00","dateModified":"2019-12-23T07:52:10+00:00","breadcrumb":{"@id":"https:\/\/tiandeproducts.co.uk\/lt\/prausimosi-gelis-zalioji-arbata-150g\/#breadcrumb"},"inLanguage":"lt-LT","potentialAction":[{"@type":"ReadAction","target":["https:\/\/tiandeproducts.co.uk\/lt\/prausimosi-gelis-zalioji-arbata-150g\/"]}]},{"@type":"ImageObject","inLanguage":"lt-LT","@id":"https:\/\/tiandeproducts.co.uk\/lt\/prausimosi-gelis-zalioji-arbata-150g\/#primaryimage","url":"https:\/\/tiandeproducts.co.uk\/wp-content\/uploads\/2016\/04\/10201_new.png","contentUrl":"https:\/\/tiandeproducts.co.uk\/wp-content\/uploads\/2016\/04\/10201_new.png","width":700,"height":700,"caption":"SPA Technology Green Tea Facial Cleansing Gel,150g-0"},{"@type":"BreadcrumbList","@id":"https:\/\/tiandeproducts.co.uk\/lt\/prausimosi-gelis-zalioji-arbata-150g\/#breadcrumb","itemListElement":[{"@type":"ListItem","position":1,"name":"Home","item":"https:\/\/tiandeproducts.co.uk\/lt\/"},{"@type":"ListItem","position":2,"name":"Shop","item":"https:\/\/tiandeproducts.co.uk\/lt\/shop-2\/"},{"@type":"ListItem","position":3,"name":"Prausimosi gelis \u201e\u017dalioji arbata\u201c, 150g."}]},{"@type":"WebSite","@id":"https:\/\/tiandeproducts.co.uk\/#website","url":"https:\/\/tiandeproducts.co.uk\/","name":"TianDe Online Shop - Beauty & Health","description":"Traditional Chinese Medicine","potentialAction":[{"@type":"SearchAction","target":{"@type":"EntryPoint","urlTemplate":"https:\/\/tiandeproducts.co.uk\/?s={search_term_string}"},"query-input":{"@type":"PropertyValueSpecification","valueRequired":true,"valueName":"search_term_string"}}],"inLanguage":"lt-LT"}]}},"_links":{"self":[{"href":"https:\/\/tiandeproducts.co.uk\/lt\/wp-json\/wp\/v2\/product\/3780","targetHints":{"allow":["GET"]}}],"collection":[{"href":"https:\/\/tiandeproducts.co.uk\/lt\/wp-json\/wp\/v2\/product"}],"about":[{"href":"https:\/\/tiandeproducts.co.uk\/lt\/wp-json\/wp\/v2\/types\/product"}],"replies":[{"embeddable":true,"href":"https:\/\/tiandeproducts.co.uk\/lt\/wp-json\/wp\/v2\/comments?post=3780"}],"wp:featuredmedia":[{"embeddable":true,"href":"https:\/\/tiandeproducts.co.uk\/lt\/wp-json\/wp\/v2\/media\/872"}],"wp:attachment":[{"href":"https:\/\/tiandeproducts.co.uk\/lt\/wp-json\/wp\/v2\/media?parent=3780"}],"wp:term":[{"taxonomy":"product_cat","embeddable":true,"href":"https:\/\/tiandeproducts.co.uk\/lt\/wp-json\/wp\/v2\/product_cat?post=3780"},{"taxonomy":"product_tag","embeddable":true,"href":"https:\/\/tiandeproducts.co.uk\/lt\/wp-json\/wp\/v2\/product_tag?post=3780"}],"curies":[{"name":"wp","href":"https:\/\/api.w.org\/{rel}","templated":true}]}}