{"id":3779,"date":"2016-04-07T19:06:54","date_gmt":"2016-04-07T18:06:54","guid":{"rendered":"https:\/\/tnd.ontesting.co.uk\/prausimosi-gelis-grozio-vandenynas-150g\/"},"modified":"2019-11-26T11:16:38","modified_gmt":"2019-11-26T11:16:38","slug":"prausimosi-gelis-grozio-vandenynas-150g","status":"publish","type":"product","link":"https:\/\/tiandeproducts.co.uk\/lt\/prausimosi-gelis-grozio-vandenynas-150g\/","title":{"rendered":"Prausimosi gelis \u201eGro\u017eio vandenynas\u201c, 150g."},"content":{"rendered":"<p>Gelis efektyviai \u0161alina odos pavir\u0161iaus ne\u0161varumus, makia\u017e\u0105, riebal\u0173 pertekli\u0173, normalizuoja odos pH lyg\u012f, sutraukia poras, sukuria apsaugin\u012f barjer\u0105. Gelis praturtintas kolageno aminor\u016bg\u0161timis ir vitaminu A, kas suteikia odai elastingumo ir skaistumo, gerina odos spalv\u0105.<\/p>\n<p><strong>Naudojimas:<\/strong><br \/>\nSudr\u0117kint\u0105 od\u0105 patepkite geliu, \u0161velniai ir kruop\u0161\u010diai pamasa\u017euokite, po to nuplaukite \u0161iltu vandeniu. Galima naudoti kempin\u0117l\u0119.<\/p>\n<p><strong>Veikliosios med\u017eiagos:\u00a0<\/strong><\/p>\n<p><strong>Dumbli\u0173 ekstraktas<\/strong>\u00a0valo, sumink\u0161tina ir maitina od\u0105, padeda suma\u017einti mimikos rauk\u0161leles. D\u0117ka sud\u0117tyje esan\u010dios algino r\u016bg\u0161ties ir jodo, dumbli\u0173 ekstraktas kompensuoja odos dr\u0117gm\u0117s deficit\u0105, suaktyvina limfodrena\u017e\u0105, skatina l\u0105steli\u0173 regeneracij\u0105, reguliuoja odos pH balans\u0105 bei riebal\u0173 i\u0161siskyrim\u0105.<\/p>\n<p><strong>Pieno r\u016bg\u0161tis<\/strong>\u00a0suteikia odai intensyv\u0173 dr\u0117kinim\u0105, nu\u0161vei\u010dia, aktyvina regeneracinius procesus, stiprina imunitet\u0105, padeda i\u0161spr\u0119sti pavir\u0161ini\u0173 spuog\u0173, rand\u0173 problemas.<\/p>\n<p><strong>Natrio laktatas<\/strong>\u00a0atstato odos pH lyg\u012f iki fiziologin\u0117s normos ir saugo nuo nepageidaujam\u0173 mikroorganizm\u0173 dauginimosi ant odos pavir\u0161iaus.<\/p>\n<p><strong>Kolageno aminor\u016bg\u0161tys<\/strong>\u00a0\u2013 gliutamino r\u016bg\u0161tis, asparto r\u016bg\u0161tis, glicinas, leucinas ir lizinas yra nat\u016bralios med\u017eiagos, kurios suaktyvina naujo kolageno sintez\u0119. Rezultatas &#8211; atnaujinta, elastinga, skaisti, \u017eymiai geresn\u0117s tekst\u016bros oda.<\/p>\n<p><strong>Retinolis (vitaminas A)<\/strong>\u00a0\u2013 stiprus antioksidantas, s\u0117kmingai kovojantis su laisvaisiais radikalais. Retinolis suplonina ragin\u012f sluoksn\u012f ir pagreitina epidermio atsinaujinim\u0105, reguliuoja pigmentacij\u0105, normalizuoja riebalini\u0173 liauk\u0173 veikim\u0105.<\/p>\n","protected":false},"excerpt":{"rendered":"<p>Gelis efektyviai \u0161alina odos pavir\u0161iaus ne\u0161varumus, makia\u017e\u0105, riebal\u0173 pertekli\u0173, normalizuoja odos pH lyg\u012f, sutraukia poras, sukuria apsaugin\u012f barjer\u0105. Gelis praturtintas kolageno aminor\u016bg\u0161timis ir vitaminu A, kas suteikia odai elastingumo ir skaistumo, gerina odos spalv\u0105. Naudojimas: Sudr\u0117kint\u0105 od\u0105 patepkite geliu, \u0161velniai ir kruop\u0161\u010diai pamasa\u017euokite, po to nuplaukite \u0161iltu vandeniu. Galima naudoti kempin\u0117l\u0119. Veikliosios med\u017eiagos:\u00a0 Dumbli\u0173 ekstraktas\u00a0valo, [&#8230;]\n","protected":false},"featured_media":877,"comment_status":"closed","ping_status":"closed","template":"","meta":[],"product_cat":[717,591,561,506],"product_tag":[],"class_list":{"0":"post-3779","1":"product","2":"type-product","3":"status-publish","4":"has-post-thumbnail","6":"product_cat-akcijos","7":"product_cat-spa-technology-lt-2","8":"product_cat-veido-prausikliaipilingai","9":"product_cat-veidui","11":"first","12":"instock","13":"sale","14":"shipping-taxable","15":"purchasable","16":"product-type-simple"},"yoast_head":"<!-- This site is optimized with the Yoast SEO plugin v23.6 - https:\/\/yoast.com\/wordpress\/plugins\/seo\/ -->\n<title>Prausimosi gelis \u201eGro\u017eio vandenynas\u201c, 150g. - TianDe Online Shop - Beauty &amp; Health<\/title>\n<meta name=\"robots\" content=\"index, follow, max-snippet:-1, max-image-preview:large, max-video-preview:-1\" \/>\n<link rel=\"canonical\" href=\"https:\/\/tiandeproducts.co.uk\/lt\/prausimosi-gelis-grozio-vandenynas-150g\/\" \/>\n<meta property=\"og:locale\" content=\"lt_LT\" \/>\n<meta property=\"og:type\" content=\"article\" \/>\n<meta property=\"og:title\" content=\"Prausimosi gelis \u201eGro\u017eio vandenynas\u201c, 150g. - TianDe Online Shop - Beauty &amp; Health\" \/>\n<meta property=\"og:description\" content=\"Gelis efektyviai \u0161alina odos pavir\u0161iaus ne\u0161varumus, makia\u017e\u0105, riebal\u0173 pertekli\u0173, normalizuoja odos pH lyg\u012f, sutraukia poras, sukuria apsaugin\u012f barjer\u0105. Gelis praturtintas kolageno aminor\u016bg\u0161timis ir vitaminu A, kas suteikia odai elastingumo ir skaistumo, gerina odos spalv\u0105. Naudojimas: Sudr\u0117kint\u0105 od\u0105 patepkite geliu, \u0161velniai ir kruop\u0161\u010diai pamasa\u017euokite, po to nuplaukite \u0161iltu vandeniu. Galima naudoti kempin\u0117l\u0119. Veikliosios med\u017eiagos:\u00a0 Dumbli\u0173 ekstraktas\u00a0valo, [...]\" \/>\n<meta property=\"og:url\" content=\"https:\/\/tiandeproducts.co.uk\/lt\/prausimosi-gelis-grozio-vandenynas-150g\/\" \/>\n<meta property=\"og:site_name\" content=\"TianDe Online Shop - Beauty &amp; Health\" \/>\n<meta property=\"article:publisher\" content=\"https:\/\/www.facebook.com\/tiande.products.england\/\" \/>\n<meta property=\"article:modified_time\" content=\"2019-11-26T11:16:38+00:00\" \/>\n<meta property=\"og:image\" content=\"https:\/\/tiandeproducts.co.uk\/wp-content\/uploads\/2016\/04\/10202_new.png\" \/>\n\t<meta property=\"og:image:width\" content=\"700\" \/>\n\t<meta property=\"og:image:height\" content=\"700\" \/>\n\t<meta property=\"og:image:type\" content=\"image\/png\" \/>\n<meta name=\"twitter:card\" content=\"summary_large_image\" \/>\n<meta name=\"twitter:label1\" content=\"Est. reading time\" \/>\n\t<meta name=\"twitter:data1\" content=\"1 minut\u0117\" \/>\n<script type=\"application\/ld+json\" class=\"yoast-schema-graph\">{\"@context\":\"https:\/\/schema.org\",\"@graph\":[{\"@type\":\"WebPage\",\"@id\":\"https:\/\/tiandeproducts.co.uk\/lt\/prausimosi-gelis-grozio-vandenynas-150g\/\",\"url\":\"https:\/\/tiandeproducts.co.uk\/lt\/prausimosi-gelis-grozio-vandenynas-150g\/\",\"name\":\"Prausimosi gelis \u201eGro\u017eio vandenynas\u201c, 150g. - TianDe Online Shop - Beauty &amp; Health\",\"isPartOf\":{\"@id\":\"https:\/\/tiandeproducts.co.uk\/#website\"},\"primaryImageOfPage\":{\"@id\":\"https:\/\/tiandeproducts.co.uk\/lt\/prausimosi-gelis-grozio-vandenynas-150g\/#primaryimage\"},\"image\":{\"@id\":\"https:\/\/tiandeproducts.co.uk\/lt\/prausimosi-gelis-grozio-vandenynas-150g\/#primaryimage\"},\"thumbnailUrl\":\"https:\/\/tiandeproducts.co.uk\/wp-content\/uploads\/2016\/04\/10202_new.png\",\"datePublished\":\"2016-04-07T18:06:54+00:00\",\"dateModified\":\"2019-11-26T11:16:38+00:00\",\"breadcrumb\":{\"@id\":\"https:\/\/tiandeproducts.co.uk\/lt\/prausimosi-gelis-grozio-vandenynas-150g\/#breadcrumb\"},\"inLanguage\":\"lt-LT\",\"potentialAction\":[{\"@type\":\"ReadAction\",\"target\":[\"https:\/\/tiandeproducts.co.uk\/lt\/prausimosi-gelis-grozio-vandenynas-150g\/\"]}]},{\"@type\":\"ImageObject\",\"inLanguage\":\"lt-LT\",\"@id\":\"https:\/\/tiandeproducts.co.uk\/lt\/prausimosi-gelis-grozio-vandenynas-150g\/#primaryimage\",\"url\":\"https:\/\/tiandeproducts.co.uk\/wp-content\/uploads\/2016\/04\/10202_new.png\",\"contentUrl\":\"https:\/\/tiandeproducts.co.uk\/wp-content\/uploads\/2016\/04\/10202_new.png\",\"width\":700,\"height\":700,\"caption\":\"SPA Technology Ocean Beauty Facial Cleansing Gel,150g-0\"},{\"@type\":\"BreadcrumbList\",\"@id\":\"https:\/\/tiandeproducts.co.uk\/lt\/prausimosi-gelis-grozio-vandenynas-150g\/#breadcrumb\",\"itemListElement\":[{\"@type\":\"ListItem\",\"position\":1,\"name\":\"Home\",\"item\":\"https:\/\/tiandeproducts.co.uk\/lt\/\"},{\"@type\":\"ListItem\",\"position\":2,\"name\":\"Shop\",\"item\":\"https:\/\/tiandeproducts.co.uk\/lt\/shop-2\/\"},{\"@type\":\"ListItem\",\"position\":3,\"name\":\"Prausimosi gelis \u201eGro\u017eio vandenynas\u201c, 150g.\"}]},{\"@type\":\"WebSite\",\"@id\":\"https:\/\/tiandeproducts.co.uk\/#website\",\"url\":\"https:\/\/tiandeproducts.co.uk\/\",\"name\":\"TianDe Online Shop - Beauty & Health\",\"description\":\"Traditional Chinese Medicine\",\"potentialAction\":[{\"@type\":\"SearchAction\",\"target\":{\"@type\":\"EntryPoint\",\"urlTemplate\":\"https:\/\/tiandeproducts.co.uk\/?s={search_term_string}\"},\"query-input\":{\"@type\":\"PropertyValueSpecification\",\"valueRequired\":true,\"valueName\":\"search_term_string\"}}],\"inLanguage\":\"lt-LT\"}]}<\/script>\n<!-- \/ Yoast SEO plugin. -->","yoast_head_json":{"title":"Prausimosi gelis \u201eGro\u017eio vandenynas\u201c, 150g. - TianDe Online Shop - Beauty &amp; Health","robots":{"index":"index","follow":"follow","max-snippet":"max-snippet:-1","max-image-preview":"max-image-preview:large","max-video-preview":"max-video-preview:-1"},"canonical":"https:\/\/tiandeproducts.co.uk\/lt\/prausimosi-gelis-grozio-vandenynas-150g\/","og_locale":"lt_LT","og_type":"article","og_title":"Prausimosi gelis \u201eGro\u017eio vandenynas\u201c, 150g. - TianDe Online Shop - Beauty &amp; Health","og_description":"Gelis efektyviai \u0161alina odos pavir\u0161iaus ne\u0161varumus, makia\u017e\u0105, riebal\u0173 pertekli\u0173, normalizuoja odos pH lyg\u012f, sutraukia poras, sukuria apsaugin\u012f barjer\u0105. Gelis praturtintas kolageno aminor\u016bg\u0161timis ir vitaminu A, kas suteikia odai elastingumo ir skaistumo, gerina odos spalv\u0105. Naudojimas: Sudr\u0117kint\u0105 od\u0105 patepkite geliu, \u0161velniai ir kruop\u0161\u010diai pamasa\u017euokite, po to nuplaukite \u0161iltu vandeniu. Galima naudoti kempin\u0117l\u0119. Veikliosios med\u017eiagos:\u00a0 Dumbli\u0173 ekstraktas\u00a0valo, [...]","og_url":"https:\/\/tiandeproducts.co.uk\/lt\/prausimosi-gelis-grozio-vandenynas-150g\/","og_site_name":"TianDe Online Shop - Beauty &amp; Health","article_publisher":"https:\/\/www.facebook.com\/tiande.products.england\/","article_modified_time":"2019-11-26T11:16:38+00:00","og_image":[{"width":700,"height":700,"url":"https:\/\/tiandeproducts.co.uk\/wp-content\/uploads\/2016\/04\/10202_new.png","type":"image\/png"}],"twitter_card":"summary_large_image","twitter_misc":{"Est. reading time":"1 minut\u0117"},"schema":{"@context":"https:\/\/schema.org","@graph":[{"@type":"WebPage","@id":"https:\/\/tiandeproducts.co.uk\/lt\/prausimosi-gelis-grozio-vandenynas-150g\/","url":"https:\/\/tiandeproducts.co.uk\/lt\/prausimosi-gelis-grozio-vandenynas-150g\/","name":"Prausimosi gelis \u201eGro\u017eio vandenynas\u201c, 150g. - TianDe Online Shop - Beauty &amp; Health","isPartOf":{"@id":"https:\/\/tiandeproducts.co.uk\/#website"},"primaryImageOfPage":{"@id":"https:\/\/tiandeproducts.co.uk\/lt\/prausimosi-gelis-grozio-vandenynas-150g\/#primaryimage"},"image":{"@id":"https:\/\/tiandeproducts.co.uk\/lt\/prausimosi-gelis-grozio-vandenynas-150g\/#primaryimage"},"thumbnailUrl":"https:\/\/tiandeproducts.co.uk\/wp-content\/uploads\/2016\/04\/10202_new.png","datePublished":"2016-04-07T18:06:54+00:00","dateModified":"2019-11-26T11:16:38+00:00","breadcrumb":{"@id":"https:\/\/tiandeproducts.co.uk\/lt\/prausimosi-gelis-grozio-vandenynas-150g\/#breadcrumb"},"inLanguage":"lt-LT","potentialAction":[{"@type":"ReadAction","target":["https:\/\/tiandeproducts.co.uk\/lt\/prausimosi-gelis-grozio-vandenynas-150g\/"]}]},{"@type":"ImageObject","inLanguage":"lt-LT","@id":"https:\/\/tiandeproducts.co.uk\/lt\/prausimosi-gelis-grozio-vandenynas-150g\/#primaryimage","url":"https:\/\/tiandeproducts.co.uk\/wp-content\/uploads\/2016\/04\/10202_new.png","contentUrl":"https:\/\/tiandeproducts.co.uk\/wp-content\/uploads\/2016\/04\/10202_new.png","width":700,"height":700,"caption":"SPA Technology Ocean Beauty Facial Cleansing Gel,150g-0"},{"@type":"BreadcrumbList","@id":"https:\/\/tiandeproducts.co.uk\/lt\/prausimosi-gelis-grozio-vandenynas-150g\/#breadcrumb","itemListElement":[{"@type":"ListItem","position":1,"name":"Home","item":"https:\/\/tiandeproducts.co.uk\/lt\/"},{"@type":"ListItem","position":2,"name":"Shop","item":"https:\/\/tiandeproducts.co.uk\/lt\/shop-2\/"},{"@type":"ListItem","position":3,"name":"Prausimosi gelis \u201eGro\u017eio vandenynas\u201c, 150g."}]},{"@type":"WebSite","@id":"https:\/\/tiandeproducts.co.uk\/#website","url":"https:\/\/tiandeproducts.co.uk\/","name":"TianDe Online Shop - Beauty & Health","description":"Traditional Chinese Medicine","potentialAction":[{"@type":"SearchAction","target":{"@type":"EntryPoint","urlTemplate":"https:\/\/tiandeproducts.co.uk\/?s={search_term_string}"},"query-input":{"@type":"PropertyValueSpecification","valueRequired":true,"valueName":"search_term_string"}}],"inLanguage":"lt-LT"}]}},"_links":{"self":[{"href":"https:\/\/tiandeproducts.co.uk\/lt\/wp-json\/wp\/v2\/product\/3779","targetHints":{"allow":["GET"]}}],"collection":[{"href":"https:\/\/tiandeproducts.co.uk\/lt\/wp-json\/wp\/v2\/product"}],"about":[{"href":"https:\/\/tiandeproducts.co.uk\/lt\/wp-json\/wp\/v2\/types\/product"}],"replies":[{"embeddable":true,"href":"https:\/\/tiandeproducts.co.uk\/lt\/wp-json\/wp\/v2\/comments?post=3779"}],"wp:featuredmedia":[{"embeddable":true,"href":"https:\/\/tiandeproducts.co.uk\/lt\/wp-json\/wp\/v2\/media\/877"}],"wp:attachment":[{"href":"https:\/\/tiandeproducts.co.uk\/lt\/wp-json\/wp\/v2\/media?parent=3779"}],"wp:term":[{"taxonomy":"product_cat","embeddable":true,"href":"https:\/\/tiandeproducts.co.uk\/lt\/wp-json\/wp\/v2\/product_cat?post=3779"},{"taxonomy":"product_tag","embeddable":true,"href":"https:\/\/tiandeproducts.co.uk\/lt\/wp-json\/wp\/v2\/product_tag?post=3779"}],"curies":[{"name":"wp","href":"https:\/\/api.w.org\/{rel}","templated":true}]}}