{"id":3777,"date":"2016-04-07T18:15:41","date_gmt":"2016-04-07T17:15:41","guid":{"rendered":"https:\/\/tnd.ontesting.co.uk\/universalus-pieninis%e2%80%8b-pilingas-su-vaisiu-rugstimis-120g\/"},"modified":"2020-03-01T15:06:53","modified_gmt":"2020-03-01T15:06:53","slug":"universalus-pieninis%e2%80%8b-pilingas-su-vaisiu-rugstimis-120g","status":"publish","type":"product","link":"https:\/\/tiandeproducts.co.uk\/lt\/universalus-pieninis%e2%80%8b-pilingas-su-vaisiu-rugstimis-120g\/","title":{"rendered":"Universalus \u201ePieninis\u201c\u200b pilingas su vaisi\u0173 r\u016bg\u0161timis, 120g."},"content":{"rendered":"<p>Greitai ir \u0161velniai pa\u0161alina pavir\u0161in\u012f negyv\u0173 l\u0105steli\u0173 sluoksn\u012f, i\u0161valo ir sutraukia i\u0161sipl\u0117tusias poras, reguliuoja riebalini\u0173 liauk\u0173 darb\u0105. Pilingas saugiai valo od\u0105 nuo makia\u017eo, riebal\u0173 liku\u010di\u0173 ir kit\u0173 ne\u0161varum\u0173, nepa\u017eeid\u017eia epiderminio barjero. Priemon\u0117 saugo nuo akn\u0117s, veikia antibakteri\u0161kai, lygina smulkias rauk\u0161leles, skatina kolageno, elastino ir hialurono r\u016bg\u0161ties sintez\u0119. Ypatingai gerai balina pigmentines d\u0117mes ir strazdanas. Rezultatas &#8211; oda tampa \u0161velni, \u0161vari, sveika ir elastinga.<\/p>\n<p>R\u016bg\u0161tinis pilingas \u2013 ypa\u010d efektyvi priemon\u0117 veido odos valymo proced\u016broms, odos tekst\u016bros lyginimui, jaunatvini\u0173 spuog\u0173 gydymui, randeli\u0173, atsiradusi\u0173 nuo spuog\u0173, naikinimui. Aktyviosios med\u017eiagos suteikia kokybi\u0161k\u0105 sausos ir jautrios odos dr\u0117kinim\u0105, skatina odos l\u0105steli\u0173 atsinaujinim\u0105.<\/p>\n<p>Tinka visiems odos tipams<\/p>\n<ol>\n<li>riebiai odai &#8211; 2-3 kartus per savait\u0119.<\/li>\n<li>normaliai odai &#8211; 1-2 kartus per savait\u0119.<\/li>\n<li>sausai ir jautriai odai &#8211; 1 kart\u0105 per 2 savaites.<\/li>\n<\/ol>\n<p><strong>Naudojimas:<\/strong><br \/>\nNedidel\u012f kiek\u012f pilingo u\u017etepkite ant \u0161varios veido odos (vengdami aki\u0173 srities) ar kitos k\u016bno vietos, masa\u017euokite 1-2 minutes, tada gerai nuplaukite \u0161iltu vandeniu. Nerekomenduojama pilingo naudoti prie\u0161 deginim\u0105si.<\/p>\n<p><strong>Veikliosios med\u017eiagos:<\/strong><\/p>\n<p><strong>Obuoli\u0173 r\u016bg\u0161tis<\/strong>\u00a0yra viena i\u0161 pa\u010di\u0173 populiariausi\u0173 AHA r\u016bg\u0161\u010di\u0173, kuri randama daugelyje vaisi\u0173 ir dar\u017eovi\u0173, da\u017eniausiai obuoliuose ir pomidoruose. Ji tirpina riebal\u0173 kam\u0161\u010dius porose, valo negyvas odos l\u0105steles. R\u016bg\u0161tis stimuliuoja atsinaujinimo procesus, aktyvina nat\u016bralius odos dr\u0117kinimo procesus, stiprina kolageno ir hialurono r\u016bg\u0161ties sintez\u0119, kas prisotina od\u0105 dr\u0117gme.<\/p>\n<p><strong>Hidrolizuoti pieno proteinai<\/strong>\u00a0\u2013 pilingo aktyvioji dalis, kuri padidina l\u0105steli\u0173 gyvybingum\u0105, mink\u0161tina ir dr\u0117kina net pa\u010di\u0105 sausiausi\u0105 ir jautriausi\u0105 od\u0105. \u0160ie proteinai turi l\u0105steli\u0173 augimo faktori\u0173, kuris pagreitina odos regeneracij\u0105 bei ypa\u010d jaunina ir lygina od\u0105; bei baltym\u0105, stipr\u0173 antioksidant\u0105, kuris saugo nuo lipid\u0173 r\u016bg\u0161t\u0117jimo odos l\u0105stel\u0117s membranoje.<\/p>\n","protected":false},"excerpt":{"rendered":"<p>Greitai ir \u0161velniai pa\u0161alina pavir\u0161in\u012f negyv\u0173 l\u0105steli\u0173 sluoksn\u012f, i\u0161valo ir sutraukia i\u0161sipl\u0117tusias poras, reguliuoja riebalini\u0173 liauk\u0173 darb\u0105. Pilingas saugiai valo od\u0105 nuo makia\u017eo, riebal\u0173 liku\u010di\u0173 ir kit\u0173 ne\u0161varum\u0173, nepa\u017eeid\u017eia epiderminio barjero. Priemon\u0117 saugo nuo akn\u0117s, veikia antibakteri\u0161kai, lygina smulkias rauk\u0161leles, skatina kolageno, elastino ir hialurono r\u016bg\u0161ties sintez\u0119. Ypatingai gerai balina pigmentines d\u0117mes ir strazdanas. Rezultatas [&#8230;]\n","protected":false},"featured_media":837,"comment_status":"closed","ping_status":"closed","template":"","meta":[],"product_cat":[512,497,517,514,519,591,561,506],"product_tag":[],"class_list":{"0":"post-3777","1":"product","2":"type-product","3":"status-publish","4":"has-post-thumbnail","6":"product_cat-koju-prieziura","7":"product_cat-kunui","8":"product_cat-pilingai-ir-druskos","9":"product_cat-ranku-prieziura","10":"product_cat-spa-technology-lt","11":"product_cat-spa-technology-lt-2","12":"product_cat-veido-prausikliaipilingai","13":"product_cat-veidui","15":"first","16":"instock","17":"shipping-taxable","18":"purchasable","19":"product-type-simple"},"yoast_head":"<!-- This site is optimized with the Yoast SEO plugin v23.6 - https:\/\/yoast.com\/wordpress\/plugins\/seo\/ -->\n<title>Universalus \u201ePieninis\u201c\u200b pilingas su vaisi\u0173 r\u016bg\u0161timis, 120g. - TianDe Online Shop - Beauty &amp; Health<\/title>\n<meta name=\"robots\" content=\"index, follow, max-snippet:-1, max-image-preview:large, max-video-preview:-1\" \/>\n<link rel=\"canonical\" href=\"https:\/\/tiandeproducts.co.uk\/lt\/universalus-pieninis\u200b-pilingas-su-vaisiu-rugstimis-120g\/\" \/>\n<meta property=\"og:locale\" content=\"lt_LT\" \/>\n<meta property=\"og:type\" content=\"article\" \/>\n<meta property=\"og:title\" content=\"Universalus \u201ePieninis\u201c\u200b pilingas su vaisi\u0173 r\u016bg\u0161timis, 120g. - TianDe Online Shop - Beauty &amp; Health\" \/>\n<meta property=\"og:description\" content=\"Greitai ir \u0161velniai pa\u0161alina pavir\u0161in\u012f negyv\u0173 l\u0105steli\u0173 sluoksn\u012f, i\u0161valo ir sutraukia i\u0161sipl\u0117tusias poras, reguliuoja riebalini\u0173 liauk\u0173 darb\u0105. Pilingas saugiai valo od\u0105 nuo makia\u017eo, riebal\u0173 liku\u010di\u0173 ir kit\u0173 ne\u0161varum\u0173, nepa\u017eeid\u017eia epiderminio barjero. Priemon\u0117 saugo nuo akn\u0117s, veikia antibakteri\u0161kai, lygina smulkias rauk\u0161leles, skatina kolageno, elastino ir hialurono r\u016bg\u0161ties sintez\u0119. Ypatingai gerai balina pigmentines d\u0117mes ir strazdanas. Rezultatas [...]\" \/>\n<meta property=\"og:url\" content=\"https:\/\/tiandeproducts.co.uk\/lt\/universalus-pieninis\u200b-pilingas-su-vaisiu-rugstimis-120g\/\" \/>\n<meta property=\"og:site_name\" content=\"TianDe Online Shop - Beauty &amp; Health\" \/>\n<meta property=\"article:publisher\" content=\"https:\/\/www.facebook.com\/tiande.products.england\/\" \/>\n<meta property=\"article:modified_time\" content=\"2020-03-01T15:06:53+00:00\" \/>\n<meta property=\"og:image\" content=\"https:\/\/tiandeproducts.co.uk\/wp-content\/uploads\/2016\/04\/30203_new.png\" \/>\n\t<meta property=\"og:image:width\" content=\"700\" \/>\n\t<meta property=\"og:image:height\" content=\"700\" \/>\n\t<meta property=\"og:image:type\" content=\"image\/png\" \/>\n<meta name=\"twitter:card\" content=\"summary_large_image\" \/>\n<meta name=\"twitter:label1\" content=\"Est. reading time\" \/>\n\t<meta name=\"twitter:data1\" content=\"2 minut\u0117s\" \/>\n<script type=\"application\/ld+json\" class=\"yoast-schema-graph\">{\"@context\":\"https:\/\/schema.org\",\"@graph\":[{\"@type\":\"WebPage\",\"@id\":\"https:\/\/tiandeproducts.co.uk\/lt\/universalus-pieninis%e2%80%8b-pilingas-su-vaisiu-rugstimis-120g\/\",\"url\":\"https:\/\/tiandeproducts.co.uk\/lt\/universalus-pieninis%e2%80%8b-pilingas-su-vaisiu-rugstimis-120g\/\",\"name\":\"Universalus \u201ePieninis\u201c\u200b pilingas su vaisi\u0173 r\u016bg\u0161timis, 120g. - TianDe Online Shop - Beauty &amp; Health\",\"isPartOf\":{\"@id\":\"https:\/\/tiandeproducts.co.uk\/#website\"},\"primaryImageOfPage\":{\"@id\":\"https:\/\/tiandeproducts.co.uk\/lt\/universalus-pieninis%e2%80%8b-pilingas-su-vaisiu-rugstimis-120g\/#primaryimage\"},\"image\":{\"@id\":\"https:\/\/tiandeproducts.co.uk\/lt\/universalus-pieninis%e2%80%8b-pilingas-su-vaisiu-rugstimis-120g\/#primaryimage\"},\"thumbnailUrl\":\"https:\/\/tiandeproducts.co.uk\/wp-content\/uploads\/2016\/04\/30203_new.png\",\"datePublished\":\"2016-04-07T17:15:41+00:00\",\"dateModified\":\"2020-03-01T15:06:53+00:00\",\"breadcrumb\":{\"@id\":\"https:\/\/tiandeproducts.co.uk\/lt\/universalus-pieninis%e2%80%8b-pilingas-su-vaisiu-rugstimis-120g\/#breadcrumb\"},\"inLanguage\":\"lt-LT\",\"potentialAction\":[{\"@type\":\"ReadAction\",\"target\":[\"https:\/\/tiandeproducts.co.uk\/lt\/universalus-pieninis%e2%80%8b-pilingas-su-vaisiu-rugstimis-120g\/\"]}]},{\"@type\":\"ImageObject\",\"inLanguage\":\"lt-LT\",\"@id\":\"https:\/\/tiandeproducts.co.uk\/lt\/universalus-pieninis%e2%80%8b-pilingas-su-vaisiu-rugstimis-120g\/#primaryimage\",\"url\":\"https:\/\/tiandeproducts.co.uk\/wp-content\/uploads\/2016\/04\/30203_new.png\",\"contentUrl\":\"https:\/\/tiandeproducts.co.uk\/wp-content\/uploads\/2016\/04\/30203_new.png\",\"width\":700,\"height\":700,\"caption\":\"SPA Technology Universal Body & Face Milk Peeling,120g-0\"},{\"@type\":\"BreadcrumbList\",\"@id\":\"https:\/\/tiandeproducts.co.uk\/lt\/universalus-pieninis%e2%80%8b-pilingas-su-vaisiu-rugstimis-120g\/#breadcrumb\",\"itemListElement\":[{\"@type\":\"ListItem\",\"position\":1,\"name\":\"Home\",\"item\":\"https:\/\/tiandeproducts.co.uk\/lt\/\"},{\"@type\":\"ListItem\",\"position\":2,\"name\":\"Shop\",\"item\":\"https:\/\/tiandeproducts.co.uk\/lt\/shop-2\/\"},{\"@type\":\"ListItem\",\"position\":3,\"name\":\"Universalus \u201ePieninis\u201c\u200b pilingas su vaisi\u0173 r\u016bg\u0161timis, 120g.\"}]},{\"@type\":\"WebSite\",\"@id\":\"https:\/\/tiandeproducts.co.uk\/#website\",\"url\":\"https:\/\/tiandeproducts.co.uk\/\",\"name\":\"TianDe Online Shop - Beauty & Health\",\"description\":\"Traditional Chinese Medicine\",\"potentialAction\":[{\"@type\":\"SearchAction\",\"target\":{\"@type\":\"EntryPoint\",\"urlTemplate\":\"https:\/\/tiandeproducts.co.uk\/?s={search_term_string}\"},\"query-input\":{\"@type\":\"PropertyValueSpecification\",\"valueRequired\":true,\"valueName\":\"search_term_string\"}}],\"inLanguage\":\"lt-LT\"}]}<\/script>\n<!-- \/ Yoast SEO plugin. -->","yoast_head_json":{"title":"Universalus \u201ePieninis\u201c\u200b pilingas su vaisi\u0173 r\u016bg\u0161timis, 120g. - TianDe Online Shop - Beauty &amp; Health","robots":{"index":"index","follow":"follow","max-snippet":"max-snippet:-1","max-image-preview":"max-image-preview:large","max-video-preview":"max-video-preview:-1"},"canonical":"https:\/\/tiandeproducts.co.uk\/lt\/universalus-pieninis\u200b-pilingas-su-vaisiu-rugstimis-120g\/","og_locale":"lt_LT","og_type":"article","og_title":"Universalus \u201ePieninis\u201c\u200b pilingas su vaisi\u0173 r\u016bg\u0161timis, 120g. - TianDe Online Shop - Beauty &amp; Health","og_description":"Greitai ir \u0161velniai pa\u0161alina pavir\u0161in\u012f negyv\u0173 l\u0105steli\u0173 sluoksn\u012f, i\u0161valo ir sutraukia i\u0161sipl\u0117tusias poras, reguliuoja riebalini\u0173 liauk\u0173 darb\u0105. Pilingas saugiai valo od\u0105 nuo makia\u017eo, riebal\u0173 liku\u010di\u0173 ir kit\u0173 ne\u0161varum\u0173, nepa\u017eeid\u017eia epiderminio barjero. Priemon\u0117 saugo nuo akn\u0117s, veikia antibakteri\u0161kai, lygina smulkias rauk\u0161leles, skatina kolageno, elastino ir hialurono r\u016bg\u0161ties sintez\u0119. Ypatingai gerai balina pigmentines d\u0117mes ir strazdanas. Rezultatas [...]","og_url":"https:\/\/tiandeproducts.co.uk\/lt\/universalus-pieninis\u200b-pilingas-su-vaisiu-rugstimis-120g\/","og_site_name":"TianDe Online Shop - Beauty &amp; Health","article_publisher":"https:\/\/www.facebook.com\/tiande.products.england\/","article_modified_time":"2020-03-01T15:06:53+00:00","og_image":[{"width":700,"height":700,"url":"https:\/\/tiandeproducts.co.uk\/wp-content\/uploads\/2016\/04\/30203_new.png","type":"image\/png"}],"twitter_card":"summary_large_image","twitter_misc":{"Est. reading time":"2 minut\u0117s"},"schema":{"@context":"https:\/\/schema.org","@graph":[{"@type":"WebPage","@id":"https:\/\/tiandeproducts.co.uk\/lt\/universalus-pieninis%e2%80%8b-pilingas-su-vaisiu-rugstimis-120g\/","url":"https:\/\/tiandeproducts.co.uk\/lt\/universalus-pieninis%e2%80%8b-pilingas-su-vaisiu-rugstimis-120g\/","name":"Universalus \u201ePieninis\u201c\u200b pilingas su vaisi\u0173 r\u016bg\u0161timis, 120g. - TianDe Online Shop - Beauty &amp; Health","isPartOf":{"@id":"https:\/\/tiandeproducts.co.uk\/#website"},"primaryImageOfPage":{"@id":"https:\/\/tiandeproducts.co.uk\/lt\/universalus-pieninis%e2%80%8b-pilingas-su-vaisiu-rugstimis-120g\/#primaryimage"},"image":{"@id":"https:\/\/tiandeproducts.co.uk\/lt\/universalus-pieninis%e2%80%8b-pilingas-su-vaisiu-rugstimis-120g\/#primaryimage"},"thumbnailUrl":"https:\/\/tiandeproducts.co.uk\/wp-content\/uploads\/2016\/04\/30203_new.png","datePublished":"2016-04-07T17:15:41+00:00","dateModified":"2020-03-01T15:06:53+00:00","breadcrumb":{"@id":"https:\/\/tiandeproducts.co.uk\/lt\/universalus-pieninis%e2%80%8b-pilingas-su-vaisiu-rugstimis-120g\/#breadcrumb"},"inLanguage":"lt-LT","potentialAction":[{"@type":"ReadAction","target":["https:\/\/tiandeproducts.co.uk\/lt\/universalus-pieninis%e2%80%8b-pilingas-su-vaisiu-rugstimis-120g\/"]}]},{"@type":"ImageObject","inLanguage":"lt-LT","@id":"https:\/\/tiandeproducts.co.uk\/lt\/universalus-pieninis%e2%80%8b-pilingas-su-vaisiu-rugstimis-120g\/#primaryimage","url":"https:\/\/tiandeproducts.co.uk\/wp-content\/uploads\/2016\/04\/30203_new.png","contentUrl":"https:\/\/tiandeproducts.co.uk\/wp-content\/uploads\/2016\/04\/30203_new.png","width":700,"height":700,"caption":"SPA Technology Universal Body & Face Milk Peeling,120g-0"},{"@type":"BreadcrumbList","@id":"https:\/\/tiandeproducts.co.uk\/lt\/universalus-pieninis%e2%80%8b-pilingas-su-vaisiu-rugstimis-120g\/#breadcrumb","itemListElement":[{"@type":"ListItem","position":1,"name":"Home","item":"https:\/\/tiandeproducts.co.uk\/lt\/"},{"@type":"ListItem","position":2,"name":"Shop","item":"https:\/\/tiandeproducts.co.uk\/lt\/shop-2\/"},{"@type":"ListItem","position":3,"name":"Universalus \u201ePieninis\u201c\u200b pilingas su vaisi\u0173 r\u016bg\u0161timis, 120g."}]},{"@type":"WebSite","@id":"https:\/\/tiandeproducts.co.uk\/#website","url":"https:\/\/tiandeproducts.co.uk\/","name":"TianDe Online Shop - Beauty & Health","description":"Traditional Chinese Medicine","potentialAction":[{"@type":"SearchAction","target":{"@type":"EntryPoint","urlTemplate":"https:\/\/tiandeproducts.co.uk\/?s={search_term_string}"},"query-input":{"@type":"PropertyValueSpecification","valueRequired":true,"valueName":"search_term_string"}}],"inLanguage":"lt-LT"}]}},"_links":{"self":[{"href":"https:\/\/tiandeproducts.co.uk\/lt\/wp-json\/wp\/v2\/product\/3777","targetHints":{"allow":["GET"]}}],"collection":[{"href":"https:\/\/tiandeproducts.co.uk\/lt\/wp-json\/wp\/v2\/product"}],"about":[{"href":"https:\/\/tiandeproducts.co.uk\/lt\/wp-json\/wp\/v2\/types\/product"}],"replies":[{"embeddable":true,"href":"https:\/\/tiandeproducts.co.uk\/lt\/wp-json\/wp\/v2\/comments?post=3777"}],"wp:featuredmedia":[{"embeddable":true,"href":"https:\/\/tiandeproducts.co.uk\/lt\/wp-json\/wp\/v2\/media\/837"}],"wp:attachment":[{"href":"https:\/\/tiandeproducts.co.uk\/lt\/wp-json\/wp\/v2\/media?parent=3777"}],"wp:term":[{"taxonomy":"product_cat","embeddable":true,"href":"https:\/\/tiandeproducts.co.uk\/lt\/wp-json\/wp\/v2\/product_cat?post=3777"},{"taxonomy":"product_tag","embeddable":true,"href":"https:\/\/tiandeproducts.co.uk\/lt\/wp-json\/wp\/v2\/product_tag?post=3777"}],"curies":[{"name":"wp","href":"https:\/\/api.w.org\/{rel}","templated":true}]}}