{"id":3773,"date":"2016-04-03T15:54:48","date_gmt":"2016-04-03T14:54:48","guid":{"rendered":"https:\/\/tnd.ontesting.co.uk\/tirpi-kauke-veidui-perlu-pudra-100g\/"},"modified":"2021-10-28T10:38:41","modified_gmt":"2021-10-28T09:38:41","slug":"tirpi-kauke-veidui-perlu-pudra-100g","status":"publish","type":"product","link":"https:\/\/tiandeproducts.co.uk\/lt\/tirpi-kauke-veidui-perlu-pudra-100g\/","title":{"rendered":"Tirpi kauk\u0117 veidui \u201ePerl\u0173 pudra\u201c, 100g."},"content":{"rendered":"<p>Kauk\u0117\u00a0puikiai maitina ir dr\u0117kina, lygina rauk\u0161les, balina pigmentines d\u0117mes, atgaivina pavargusi\u0105 od\u0105, suteikia tvirtumo ir elastingumo.\u00a0Priemon\u0117\u00a0skatina odos l\u0105steli\u0173 apykaitos ir regeneracijos procesus, gerina kraujo apytak\u0105, stiprina apsaugines funkcijas.<\/p>\n<p>Universali priemon\u0117, tinkanti ir jaunai ir vyresnei odai. 100% nat\u016brali perl\u0173 pudra.<\/p>\n<p><strong>Kauk\u0117s panaudojimo b\u016bdai:<\/strong><\/p>\n<ol>\n<li>kaip veido kauk\u0117 (i\u0161mai\u0161yti su mineraliniu vandeniu, pasukomis) \u2013 balina, ma\u017eina rauk\u0161les;<\/li>\n<li>kaip \u0161veitiklis (patrinti dr\u0117gn\u0105 od\u0105) \u2013 poliruoja, giliai valo poras, gerina tonus\u0105, maitina kalciu, vitaminais;<\/li>\n<li>kaip vonios priedas (1\/2 pakelio supilti \u012f voni\u0105) \u2013 suteikia energijos, skaistina od\u0105;<\/li>\n<li>kaip priedas prie bet kokios kosmetikos priemon\u0117s (\u012fd\u0117ti \u012f naudojam\u0105 kosmetik\u0105) \u2013 maitina od\u0105, suteikia matin\u012f atspalv\u012f, jaunina;<\/li>\n<li>kaip dant\u0173 balinimo priemon\u0117 (ant \u0161lapio dant\u0173 \u0161epet\u0117lio) \u2013 balina, poliruoja, nepa\u017eeid\u017eia emalio.<\/li>\n<\/ol>\n<p><strong>Naudojimas:<\/strong><br \/>\nSaus\u0105 mi\u0161in\u012f u\u017epilkite \u0161iltu vandeniu (+30\u00b0C), mai\u0161ykite, kol susidarys tir\u0161ta konsistencija, j\u0105 i\u0161 karto tepkite ant \u0161varios veido ir kaklo odos (greitai stingsta). Laikykite 15-20 min., tada nuimkite kauk\u0119, nuplaukite vandeniu. Rekomenduojama naudoti 2 kartus per savait\u0119, kursas 4-6 sav.<\/p>\n<p><strong>Veikliosios med\u017eiagos:<\/strong><\/p>\n<p><strong>Perl\u0173 pudra<\/strong>\u00a0&#8211; koncentruotas, ypa\u010d gerai pasisavinamo kalcio \u0161altinis, kuriame gausu antioksidant\u0173, aminor\u016bg\u0161\u010di\u0173 ir mineral\u0173.<\/p>\n","protected":false},"excerpt":{"rendered":"<p>Kauk\u0117\u00a0puikiai maitina ir dr\u0117kina, lygina rauk\u0161les, balina pigmentines d\u0117mes, atgaivina pavargusi\u0105 od\u0105, suteikia tvirtumo ir elastingumo.\u00a0Priemon\u0117\u00a0skatina odos l\u0105steli\u0173 apykaitos ir regeneracijos procesus, gerina kraujo apytak\u0105, stiprina apsaugines funkcijas. Universali priemon\u0117, tinkanti ir jaunai ir vyresnei odai. 100% nat\u016brali perl\u0173 pudra. Kauk\u0117s panaudojimo b\u016bdai: kaip veido kauk\u0117 (i\u0161mai\u0161yti su mineraliniu vandeniu, pasukomis) \u2013 balina, ma\u017eina rauk\u0161les; [&#8230;]\n","protected":false},"featured_media":344,"comment_status":"closed","ping_status":"closed","template":"","meta":[],"product_cat":[567,562,583,591,506],"product_tag":[],"class_list":{"0":"post-3773","1":"product","2":"type-product","3":"status-publish","4":"has-post-thumbnail","6":"product_cat-drekinimas-ir-maitinimas","7":"product_cat-kaukes-lt","8":"product_cat-pigmentacija","9":"product_cat-spa-technology-lt-2","10":"product_cat-veidui","12":"first","13":"instock","14":"shipping-taxable","15":"purchasable","16":"product-type-simple"},"yoast_head":"<!-- This site is optimized with the Yoast SEO plugin v23.6 - https:\/\/yoast.com\/wordpress\/plugins\/seo\/ -->\n<title>Tirpi kauk\u0117 veidui \u201ePerl\u0173 pudra\u201c, 100g. - TianDe Online Shop - Beauty &amp; Health<\/title>\n<meta name=\"robots\" content=\"index, follow, max-snippet:-1, max-image-preview:large, max-video-preview:-1\" \/>\n<link rel=\"canonical\" href=\"https:\/\/tiandeproducts.co.uk\/lt\/tirpi-kauke-veidui-perlu-pudra-100g\/\" \/>\n<meta property=\"og:locale\" content=\"lt_LT\" \/>\n<meta property=\"og:type\" content=\"article\" \/>\n<meta property=\"og:title\" content=\"Tirpi kauk\u0117 veidui \u201ePerl\u0173 pudra\u201c, 100g. - TianDe Online Shop - Beauty &amp; Health\" \/>\n<meta property=\"og:description\" content=\"Kauk\u0117\u00a0puikiai maitina ir dr\u0117kina, lygina rauk\u0161les, balina pigmentines d\u0117mes, atgaivina pavargusi\u0105 od\u0105, suteikia tvirtumo ir elastingumo.\u00a0Priemon\u0117\u00a0skatina odos l\u0105steli\u0173 apykaitos ir regeneracijos procesus, gerina kraujo apytak\u0105, stiprina apsaugines funkcijas. Universali priemon\u0117, tinkanti ir jaunai ir vyresnei odai. 100% nat\u016brali perl\u0173 pudra. Kauk\u0117s panaudojimo b\u016bdai: kaip veido kauk\u0117 (i\u0161mai\u0161yti su mineraliniu vandeniu, pasukomis) \u2013 balina, ma\u017eina rauk\u0161les; [...]\" \/>\n<meta property=\"og:url\" content=\"https:\/\/tiandeproducts.co.uk\/lt\/tirpi-kauke-veidui-perlu-pudra-100g\/\" \/>\n<meta property=\"og:site_name\" content=\"TianDe Online Shop - Beauty &amp; Health\" \/>\n<meta property=\"article:publisher\" content=\"https:\/\/www.facebook.com\/tiande.products.england\/\" \/>\n<meta property=\"article:modified_time\" content=\"2021-10-28T09:38:41+00:00\" \/>\n<meta property=\"og:image\" content=\"https:\/\/tiandeproducts.co.uk\/wp-content\/uploads\/2016\/04\/50224_new.png\" \/>\n\t<meta property=\"og:image:width\" content=\"700\" \/>\n\t<meta property=\"og:image:height\" content=\"700\" \/>\n\t<meta property=\"og:image:type\" content=\"image\/png\" \/>\n<meta name=\"twitter:card\" content=\"summary_large_image\" \/>\n<meta name=\"twitter:label1\" content=\"Est. reading time\" \/>\n\t<meta name=\"twitter:data1\" content=\"1 minut\u0117\" \/>\n<script type=\"application\/ld+json\" class=\"yoast-schema-graph\">{\"@context\":\"https:\/\/schema.org\",\"@graph\":[{\"@type\":\"WebPage\",\"@id\":\"https:\/\/tiandeproducts.co.uk\/lt\/tirpi-kauke-veidui-perlu-pudra-100g\/\",\"url\":\"https:\/\/tiandeproducts.co.uk\/lt\/tirpi-kauke-veidui-perlu-pudra-100g\/\",\"name\":\"Tirpi kauk\u0117 veidui \u201ePerl\u0173 pudra\u201c, 100g. - TianDe Online Shop - Beauty &amp; Health\",\"isPartOf\":{\"@id\":\"https:\/\/tiandeproducts.co.uk\/#website\"},\"primaryImageOfPage\":{\"@id\":\"https:\/\/tiandeproducts.co.uk\/lt\/tirpi-kauke-veidui-perlu-pudra-100g\/#primaryimage\"},\"image\":{\"@id\":\"https:\/\/tiandeproducts.co.uk\/lt\/tirpi-kauke-veidui-perlu-pudra-100g\/#primaryimage\"},\"thumbnailUrl\":\"https:\/\/tiandeproducts.co.uk\/wp-content\/uploads\/2016\/04\/50224_new.png\",\"datePublished\":\"2016-04-03T14:54:48+00:00\",\"dateModified\":\"2021-10-28T09:38:41+00:00\",\"breadcrumb\":{\"@id\":\"https:\/\/tiandeproducts.co.uk\/lt\/tirpi-kauke-veidui-perlu-pudra-100g\/#breadcrumb\"},\"inLanguage\":\"lt-LT\",\"potentialAction\":[{\"@type\":\"ReadAction\",\"target\":[\"https:\/\/tiandeproducts.co.uk\/lt\/tirpi-kauke-veidui-perlu-pudra-100g\/\"]}]},{\"@type\":\"ImageObject\",\"inLanguage\":\"lt-LT\",\"@id\":\"https:\/\/tiandeproducts.co.uk\/lt\/tirpi-kauke-veidui-perlu-pudra-100g\/#primaryimage\",\"url\":\"https:\/\/tiandeproducts.co.uk\/wp-content\/uploads\/2016\/04\/50224_new.png\",\"contentUrl\":\"https:\/\/tiandeproducts.co.uk\/wp-content\/uploads\/2016\/04\/50224_new.png\",\"width\":700,\"height\":700,\"caption\":\"100% Natural Pearl Powder Water Soluble Mask,100g-0\"},{\"@type\":\"BreadcrumbList\",\"@id\":\"https:\/\/tiandeproducts.co.uk\/lt\/tirpi-kauke-veidui-perlu-pudra-100g\/#breadcrumb\",\"itemListElement\":[{\"@type\":\"ListItem\",\"position\":1,\"name\":\"Home\",\"item\":\"https:\/\/tiandeproducts.co.uk\/lt\/\"},{\"@type\":\"ListItem\",\"position\":2,\"name\":\"Shop\",\"item\":\"https:\/\/tiandeproducts.co.uk\/lt\/shop-2\/\"},{\"@type\":\"ListItem\",\"position\":3,\"name\":\"Tirpi kauk\u0117 veidui \u201ePerl\u0173 pudra\u201c, 100g.\"}]},{\"@type\":\"WebSite\",\"@id\":\"https:\/\/tiandeproducts.co.uk\/#website\",\"url\":\"https:\/\/tiandeproducts.co.uk\/\",\"name\":\"TianDe Online Shop - Beauty & Health\",\"description\":\"Traditional Chinese Medicine\",\"potentialAction\":[{\"@type\":\"SearchAction\",\"target\":{\"@type\":\"EntryPoint\",\"urlTemplate\":\"https:\/\/tiandeproducts.co.uk\/?s={search_term_string}\"},\"query-input\":{\"@type\":\"PropertyValueSpecification\",\"valueRequired\":true,\"valueName\":\"search_term_string\"}}],\"inLanguage\":\"lt-LT\"}]}<\/script>\n<!-- \/ Yoast SEO plugin. -->","yoast_head_json":{"title":"Tirpi kauk\u0117 veidui \u201ePerl\u0173 pudra\u201c, 100g. - TianDe Online Shop - Beauty &amp; Health","robots":{"index":"index","follow":"follow","max-snippet":"max-snippet:-1","max-image-preview":"max-image-preview:large","max-video-preview":"max-video-preview:-1"},"canonical":"https:\/\/tiandeproducts.co.uk\/lt\/tirpi-kauke-veidui-perlu-pudra-100g\/","og_locale":"lt_LT","og_type":"article","og_title":"Tirpi kauk\u0117 veidui \u201ePerl\u0173 pudra\u201c, 100g. - TianDe Online Shop - Beauty &amp; Health","og_description":"Kauk\u0117\u00a0puikiai maitina ir dr\u0117kina, lygina rauk\u0161les, balina pigmentines d\u0117mes, atgaivina pavargusi\u0105 od\u0105, suteikia tvirtumo ir elastingumo.\u00a0Priemon\u0117\u00a0skatina odos l\u0105steli\u0173 apykaitos ir regeneracijos procesus, gerina kraujo apytak\u0105, stiprina apsaugines funkcijas. Universali priemon\u0117, tinkanti ir jaunai ir vyresnei odai. 100% nat\u016brali perl\u0173 pudra. Kauk\u0117s panaudojimo b\u016bdai: kaip veido kauk\u0117 (i\u0161mai\u0161yti su mineraliniu vandeniu, pasukomis) \u2013 balina, ma\u017eina rauk\u0161les; [...]","og_url":"https:\/\/tiandeproducts.co.uk\/lt\/tirpi-kauke-veidui-perlu-pudra-100g\/","og_site_name":"TianDe Online Shop - Beauty &amp; Health","article_publisher":"https:\/\/www.facebook.com\/tiande.products.england\/","article_modified_time":"2021-10-28T09:38:41+00:00","og_image":[{"width":700,"height":700,"url":"https:\/\/tiandeproducts.co.uk\/wp-content\/uploads\/2016\/04\/50224_new.png","type":"image\/png"}],"twitter_card":"summary_large_image","twitter_misc":{"Est. reading time":"1 minut\u0117"},"schema":{"@context":"https:\/\/schema.org","@graph":[{"@type":"WebPage","@id":"https:\/\/tiandeproducts.co.uk\/lt\/tirpi-kauke-veidui-perlu-pudra-100g\/","url":"https:\/\/tiandeproducts.co.uk\/lt\/tirpi-kauke-veidui-perlu-pudra-100g\/","name":"Tirpi kauk\u0117 veidui \u201ePerl\u0173 pudra\u201c, 100g. - TianDe Online Shop - Beauty &amp; Health","isPartOf":{"@id":"https:\/\/tiandeproducts.co.uk\/#website"},"primaryImageOfPage":{"@id":"https:\/\/tiandeproducts.co.uk\/lt\/tirpi-kauke-veidui-perlu-pudra-100g\/#primaryimage"},"image":{"@id":"https:\/\/tiandeproducts.co.uk\/lt\/tirpi-kauke-veidui-perlu-pudra-100g\/#primaryimage"},"thumbnailUrl":"https:\/\/tiandeproducts.co.uk\/wp-content\/uploads\/2016\/04\/50224_new.png","datePublished":"2016-04-03T14:54:48+00:00","dateModified":"2021-10-28T09:38:41+00:00","breadcrumb":{"@id":"https:\/\/tiandeproducts.co.uk\/lt\/tirpi-kauke-veidui-perlu-pudra-100g\/#breadcrumb"},"inLanguage":"lt-LT","potentialAction":[{"@type":"ReadAction","target":["https:\/\/tiandeproducts.co.uk\/lt\/tirpi-kauke-veidui-perlu-pudra-100g\/"]}]},{"@type":"ImageObject","inLanguage":"lt-LT","@id":"https:\/\/tiandeproducts.co.uk\/lt\/tirpi-kauke-veidui-perlu-pudra-100g\/#primaryimage","url":"https:\/\/tiandeproducts.co.uk\/wp-content\/uploads\/2016\/04\/50224_new.png","contentUrl":"https:\/\/tiandeproducts.co.uk\/wp-content\/uploads\/2016\/04\/50224_new.png","width":700,"height":700,"caption":"100% Natural Pearl Powder Water Soluble Mask,100g-0"},{"@type":"BreadcrumbList","@id":"https:\/\/tiandeproducts.co.uk\/lt\/tirpi-kauke-veidui-perlu-pudra-100g\/#breadcrumb","itemListElement":[{"@type":"ListItem","position":1,"name":"Home","item":"https:\/\/tiandeproducts.co.uk\/lt\/"},{"@type":"ListItem","position":2,"name":"Shop","item":"https:\/\/tiandeproducts.co.uk\/lt\/shop-2\/"},{"@type":"ListItem","position":3,"name":"Tirpi kauk\u0117 veidui \u201ePerl\u0173 pudra\u201c, 100g."}]},{"@type":"WebSite","@id":"https:\/\/tiandeproducts.co.uk\/#website","url":"https:\/\/tiandeproducts.co.uk\/","name":"TianDe Online Shop - Beauty & Health","description":"Traditional Chinese Medicine","potentialAction":[{"@type":"SearchAction","target":{"@type":"EntryPoint","urlTemplate":"https:\/\/tiandeproducts.co.uk\/?s={search_term_string}"},"query-input":{"@type":"PropertyValueSpecification","valueRequired":true,"valueName":"search_term_string"}}],"inLanguage":"lt-LT"}]}},"_links":{"self":[{"href":"https:\/\/tiandeproducts.co.uk\/lt\/wp-json\/wp\/v2\/product\/3773","targetHints":{"allow":["GET"]}}],"collection":[{"href":"https:\/\/tiandeproducts.co.uk\/lt\/wp-json\/wp\/v2\/product"}],"about":[{"href":"https:\/\/tiandeproducts.co.uk\/lt\/wp-json\/wp\/v2\/types\/product"}],"replies":[{"embeddable":true,"href":"https:\/\/tiandeproducts.co.uk\/lt\/wp-json\/wp\/v2\/comments?post=3773"}],"wp:featuredmedia":[{"embeddable":true,"href":"https:\/\/tiandeproducts.co.uk\/lt\/wp-json\/wp\/v2\/media\/344"}],"wp:attachment":[{"href":"https:\/\/tiandeproducts.co.uk\/lt\/wp-json\/wp\/v2\/media?parent=3773"}],"wp:term":[{"taxonomy":"product_cat","embeddable":true,"href":"https:\/\/tiandeproducts.co.uk\/lt\/wp-json\/wp\/v2\/product_cat?post=3773"},{"taxonomy":"product_tag","embeddable":true,"href":"https:\/\/tiandeproducts.co.uk\/lt\/wp-json\/wp\/v2\/product_tag?post=3773"}],"curies":[{"name":"wp","href":"https:\/\/api.w.org\/{rel}","templated":true}]}}