{"id":3772,"date":"2016-04-03T18:11:25","date_gmt":"2016-04-03T17:11:25","guid":{"rendered":"https:\/\/tnd.ontesting.co.uk\/kauke-muliazas-veidui-su-sraigiu-mucinu-sekretu-1vnt\/"},"modified":"2019-09-19T12:35:22","modified_gmt":"2019-09-19T11:35:22","slug":"kauke-muliazas-veidui-su-sraigiu-mucinu-sekretu-1vnt","status":"publish","type":"product","link":"https:\/\/tiandeproducts.co.uk\/lt\/kauke-muliazas-veidui-su-sraigiu-mucinu-sekretu-1vnt\/","title":{"rendered":"Kauk\u0117 &#8211; mulia\u017eas veidui su sraigi\u0173 mucinu (sekretu), 1vnt."},"content":{"rendered":"<p>Kauk\u0117 &#8211; mulia\u017eas\u00a0ramina, naikina sudirgim\u0105 ir u\u017edegimus,\u00a0atkuria odos hidrobalans\u0105 bei apsaugo nuo negatyvaus i\u0161or\u0117s poveikio. Aktyviosios med\u017eiagos sumink\u0161tina ragin\u012f odos sluoksn\u012f, atstato odos elastingum\u0105 ir stangrum\u0105, ma\u017eina mimikos rauk\u0161li\u0173 gyl\u012f, lygina odos reljef\u0105, apsaugo od\u0105 nuo infekcij\u0173. Naudojant reguliariai, kauk\u0117 i\u0161saugos lygi\u0105 veido spalv\u0105 ir jaunyst\u0119.<\/p>\n<p><strong>Naudojimas:<\/strong><br \/>\nU\u017ed\u0117kite kauk\u0119 &#8211; mulia\u017e\u0105 ant nuvalytos veido odos ir laikykite 15 &#8211; 20 min. Po to nuimkite ir nuvalykite od\u0105 toniku arba nuplaukite. Rekomenduojamas kursas\u00a0&#8211; 7 &#8211; 10 dien\u0173 kasdien arba 10 &#8211; 14 dien\u0173 atliekant proced\u016br\u0105 kas antr\u0105 dien\u0105. Proced\u016br\u0105 geriausia atlikti vakare, 2 val. prie\u0161 mieg\u0105.<\/p>\n<p><strong>Veikliosios med\u017eiagos:<\/strong><\/p>\n<p><strong>Sraigi\u0173 sekreto filtrato<\/strong>\u00a0sud\u0117tyje gausu alantoino, kolageno, elastino, vitamin\u0173 ir glikolin\u0117s r\u016bg\u0161ties. \u0160ie ypatingai veiksmingi kosmetiniai komponentai sumink\u0161tina ragin\u012f odos sluoksn\u012f, aktyvuoja epidermio l\u0105steli\u0173 atsinaujinimo procesus, pagreitina pa\u017eeist\u0173 audini\u0173 gijim\u0105, atstato odos elastingum\u0105 ir stangrum\u0105, ma\u017eina mimikos rauk\u0161li\u0173 gyl\u012f, lygina odos reljef\u0105, apsaugo od\u0105 nuo infekcij\u0173. Sud\u0117tyje esantys antioksidantai saugo od\u0105 nuo UV spinduli\u0173 poveikio ir l\u0117tina sen\u0117jimo procesus; bakteriofagai saugo nuo bakterij\u0173 ir kenksming\u0173 mikroorganizm\u0173, galin\u010di\u0173 stipriai pakenkti odos b\u016bklei; sacharidai dr\u0117kina, lygina, stangrina ir suteikia odai antioksidantini\u0173 savybi\u0173; peptidai ir aminor\u016bg\u0161tys maitina, aktyvuoja epidermio l\u0105steli\u0173 atsinaujinimo procesus.<\/p>\n<p><strong>Japonin\u0117s ro\u017e\u0117s pumpur\u0173 pudra<\/strong>\u00a0\u2013 labai efektyviai veikiantis antioksidantas, kuris saugo od\u0105 nuo neigiamo aplinkos poveikio. Sud\u0117tyje esan\u010dios organin\u0117s r\u016bg\u0161tys sutraukia poras, apsaugo od\u0105 nuo surag\u0117jimo. Ro\u017e\u0117s pumpur\u0173 pudra suteikia odai \u0161velnumo ir ypatingo \u0161vyt\u0117jimo.<\/p>\n<p><strong>S\u0117jam\u0173j\u0173 avi\u017e\u0173 peptidai<\/strong>\u00a0neleid\u017eia i\u0161garuoti dr\u0117gmei, oda pasidaro mink\u0161tesn\u0117, ilgai i\u0161lieka apsaugota.<\/p>\n<p><strong>Natrio hialuronatas<\/strong>\u00a0&#8211; biotechnologi\u0161kai i\u0161valytas preparatas, gaunamas labai sud\u0117tingos hialurono r\u016bg\u0161ties ir natrio jon\u0173 sintez\u0117s d\u0117ka. Jis suteikia stipr\u0173 dr\u0117kinant\u012f efekt\u0105, stimuliuoja regeneracijos procesus, pasi\u017eymi prie\u0161u\u017edegiminiu poveikiu, dr\u0117kina ir lygina epiderm\u012f.<\/p>\n","protected":false},"excerpt":{"rendered":"<p>Kauk\u0117 &#8211; mulia\u017eas\u00a0ramina, naikina sudirgim\u0105 ir u\u017edegimus,\u00a0atkuria odos hidrobalans\u0105 bei apsaugo nuo negatyvaus i\u0161or\u0117s poveikio. Aktyviosios med\u017eiagos sumink\u0161tina ragin\u012f odos sluoksn\u012f, atstato odos elastingum\u0105 ir stangrum\u0105, ma\u017eina mimikos rauk\u0161li\u0173 gyl\u012f, lygina odos reljef\u0105, apsaugo od\u0105 nuo infekcij\u0173. Naudojant reguliariai, kauk\u0117 i\u0161saugos lygi\u0105 veido spalv\u0105 ir jaunyst\u0119. Naudojimas: U\u017ed\u0117kite kauk\u0119 &#8211; mulia\u017e\u0105 ant nuvalytos veido odos [&#8230;]\n","protected":false},"featured_media":384,"comment_status":"closed","ping_status":"closed","template":"","meta":[],"product_cat":[524,562,600,506],"product_tag":[],"class_list":{"0":"post-3772","1":"product","2":"type-product","3":"status-publish","4":"has-post-thumbnail","6":"product_cat-brandziai-odai","7":"product_cat-kaukes-lt","8":"product_cat-snail-secret-lt","9":"product_cat-veidui","11":"first","12":"instock","13":"shipping-taxable","14":"purchasable","15":"product-type-simple"},"yoast_head":"<!-- This site is optimized with the Yoast SEO plugin v23.6 - https:\/\/yoast.com\/wordpress\/plugins\/seo\/ -->\n<title>Kauk\u0117 - mulia\u017eas veidui su sraigi\u0173 mucinu (sekretu), 1vnt. - TianDe Online Shop - Beauty &amp; Health<\/title>\n<meta name=\"robots\" content=\"index, follow, max-snippet:-1, max-image-preview:large, max-video-preview:-1\" \/>\n<link rel=\"canonical\" href=\"https:\/\/tiandeproducts.co.uk\/lt\/kauke-muliazas-veidui-su-sraigiu-mucinu-sekretu-1vnt\/\" \/>\n<meta property=\"og:locale\" content=\"lt_LT\" \/>\n<meta property=\"og:type\" content=\"article\" \/>\n<meta property=\"og:title\" content=\"Kauk\u0117 - mulia\u017eas veidui su sraigi\u0173 mucinu (sekretu), 1vnt. - TianDe Online Shop - Beauty &amp; Health\" \/>\n<meta property=\"og:description\" content=\"Kauk\u0117 &#8211; mulia\u017eas\u00a0ramina, naikina sudirgim\u0105 ir u\u017edegimus,\u00a0atkuria odos hidrobalans\u0105 bei apsaugo nuo negatyvaus i\u0161or\u0117s poveikio. Aktyviosios med\u017eiagos sumink\u0161tina ragin\u012f odos sluoksn\u012f, atstato odos elastingum\u0105 ir stangrum\u0105, ma\u017eina mimikos rauk\u0161li\u0173 gyl\u012f, lygina odos reljef\u0105, apsaugo od\u0105 nuo infekcij\u0173. Naudojant reguliariai, kauk\u0117 i\u0161saugos lygi\u0105 veido spalv\u0105 ir jaunyst\u0119. Naudojimas: U\u017ed\u0117kite kauk\u0119 &#8211; mulia\u017e\u0105 ant nuvalytos veido odos [...]\" \/>\n<meta property=\"og:url\" content=\"https:\/\/tiandeproducts.co.uk\/lt\/kauke-muliazas-veidui-su-sraigiu-mucinu-sekretu-1vnt\/\" \/>\n<meta property=\"og:site_name\" content=\"TianDe Online Shop - Beauty &amp; Health\" \/>\n<meta property=\"article:publisher\" content=\"https:\/\/www.facebook.com\/tiande.products.england\/\" \/>\n<meta property=\"article:modified_time\" content=\"2019-09-19T11:35:22+00:00\" \/>\n<meta property=\"og:image\" content=\"https:\/\/tiandeproducts.co.uk\/wp-content\/uploads\/2016\/04\/14603_new.png\" \/>\n\t<meta property=\"og:image:width\" content=\"700\" \/>\n\t<meta property=\"og:image:height\" content=\"700\" \/>\n\t<meta property=\"og:image:type\" content=\"image\/png\" \/>\n<meta name=\"twitter:card\" content=\"summary_large_image\" \/>\n<meta name=\"twitter:label1\" content=\"Est. reading time\" \/>\n\t<meta name=\"twitter:data1\" content=\"2 minut\u0117s\" \/>\n<script type=\"application\/ld+json\" class=\"yoast-schema-graph\">{\"@context\":\"https:\/\/schema.org\",\"@graph\":[{\"@type\":\"WebPage\",\"@id\":\"https:\/\/tiandeproducts.co.uk\/lt\/kauke-muliazas-veidui-su-sraigiu-mucinu-sekretu-1vnt\/\",\"url\":\"https:\/\/tiandeproducts.co.uk\/lt\/kauke-muliazas-veidui-su-sraigiu-mucinu-sekretu-1vnt\/\",\"name\":\"Kauk\u0117 - mulia\u017eas veidui su sraigi\u0173 mucinu (sekretu), 1vnt. - TianDe Online Shop - Beauty &amp; Health\",\"isPartOf\":{\"@id\":\"https:\/\/tiandeproducts.co.uk\/#website\"},\"primaryImageOfPage\":{\"@id\":\"https:\/\/tiandeproducts.co.uk\/lt\/kauke-muliazas-veidui-su-sraigiu-mucinu-sekretu-1vnt\/#primaryimage\"},\"image\":{\"@id\":\"https:\/\/tiandeproducts.co.uk\/lt\/kauke-muliazas-veidui-su-sraigiu-mucinu-sekretu-1vnt\/#primaryimage\"},\"thumbnailUrl\":\"https:\/\/tiandeproducts.co.uk\/wp-content\/uploads\/2016\/04\/14603_new.png\",\"datePublished\":\"2016-04-03T17:11:25+00:00\",\"dateModified\":\"2019-09-19T11:35:22+00:00\",\"breadcrumb\":{\"@id\":\"https:\/\/tiandeproducts.co.uk\/lt\/kauke-muliazas-veidui-su-sraigiu-mucinu-sekretu-1vnt\/#breadcrumb\"},\"inLanguage\":\"lt-LT\",\"potentialAction\":[{\"@type\":\"ReadAction\",\"target\":[\"https:\/\/tiandeproducts.co.uk\/lt\/kauke-muliazas-veidui-su-sraigiu-mucinu-sekretu-1vnt\/\"]}]},{\"@type\":\"ImageObject\",\"inLanguage\":\"lt-LT\",\"@id\":\"https:\/\/tiandeproducts.co.uk\/lt\/kauke-muliazas-veidui-su-sraigiu-mucinu-sekretu-1vnt\/#primaryimage\",\"url\":\"https:\/\/tiandeproducts.co.uk\/wp-content\/uploads\/2016\/04\/14603_new.png\",\"contentUrl\":\"https:\/\/tiandeproducts.co.uk\/wp-content\/uploads\/2016\/04\/14603_new.png\",\"width\":700,\"height\":700,\"caption\":\"Snail Mucin Facial Mask,Long-lasting youth,1pc-0\"},{\"@type\":\"BreadcrumbList\",\"@id\":\"https:\/\/tiandeproducts.co.uk\/lt\/kauke-muliazas-veidui-su-sraigiu-mucinu-sekretu-1vnt\/#breadcrumb\",\"itemListElement\":[{\"@type\":\"ListItem\",\"position\":1,\"name\":\"Home\",\"item\":\"https:\/\/tiandeproducts.co.uk\/lt\/\"},{\"@type\":\"ListItem\",\"position\":2,\"name\":\"Shop\",\"item\":\"https:\/\/tiandeproducts.co.uk\/lt\/shop-2\/\"},{\"@type\":\"ListItem\",\"position\":3,\"name\":\"Kauk\u0117 &#8211; mulia\u017eas veidui su sraigi\u0173 mucinu (sekretu), 1vnt.\"}]},{\"@type\":\"WebSite\",\"@id\":\"https:\/\/tiandeproducts.co.uk\/#website\",\"url\":\"https:\/\/tiandeproducts.co.uk\/\",\"name\":\"TianDe Online Shop - Beauty & Health\",\"description\":\"Traditional Chinese Medicine\",\"potentialAction\":[{\"@type\":\"SearchAction\",\"target\":{\"@type\":\"EntryPoint\",\"urlTemplate\":\"https:\/\/tiandeproducts.co.uk\/?s={search_term_string}\"},\"query-input\":{\"@type\":\"PropertyValueSpecification\",\"valueRequired\":true,\"valueName\":\"search_term_string\"}}],\"inLanguage\":\"lt-LT\"}]}<\/script>\n<!-- \/ Yoast SEO plugin. -->","yoast_head_json":{"title":"Kauk\u0117 - mulia\u017eas veidui su sraigi\u0173 mucinu (sekretu), 1vnt. - TianDe Online Shop - Beauty &amp; Health","robots":{"index":"index","follow":"follow","max-snippet":"max-snippet:-1","max-image-preview":"max-image-preview:large","max-video-preview":"max-video-preview:-1"},"canonical":"https:\/\/tiandeproducts.co.uk\/lt\/kauke-muliazas-veidui-su-sraigiu-mucinu-sekretu-1vnt\/","og_locale":"lt_LT","og_type":"article","og_title":"Kauk\u0117 - mulia\u017eas veidui su sraigi\u0173 mucinu (sekretu), 1vnt. - TianDe Online Shop - Beauty &amp; Health","og_description":"Kauk\u0117 &#8211; mulia\u017eas\u00a0ramina, naikina sudirgim\u0105 ir u\u017edegimus,\u00a0atkuria odos hidrobalans\u0105 bei apsaugo nuo negatyvaus i\u0161or\u0117s poveikio. Aktyviosios med\u017eiagos sumink\u0161tina ragin\u012f odos sluoksn\u012f, atstato odos elastingum\u0105 ir stangrum\u0105, ma\u017eina mimikos rauk\u0161li\u0173 gyl\u012f, lygina odos reljef\u0105, apsaugo od\u0105 nuo infekcij\u0173. Naudojant reguliariai, kauk\u0117 i\u0161saugos lygi\u0105 veido spalv\u0105 ir jaunyst\u0119. Naudojimas: U\u017ed\u0117kite kauk\u0119 &#8211; mulia\u017e\u0105 ant nuvalytos veido odos [...]","og_url":"https:\/\/tiandeproducts.co.uk\/lt\/kauke-muliazas-veidui-su-sraigiu-mucinu-sekretu-1vnt\/","og_site_name":"TianDe Online Shop - Beauty &amp; Health","article_publisher":"https:\/\/www.facebook.com\/tiande.products.england\/","article_modified_time":"2019-09-19T11:35:22+00:00","og_image":[{"width":700,"height":700,"url":"https:\/\/tiandeproducts.co.uk\/wp-content\/uploads\/2016\/04\/14603_new.png","type":"image\/png"}],"twitter_card":"summary_large_image","twitter_misc":{"Est. reading time":"2 minut\u0117s"},"schema":{"@context":"https:\/\/schema.org","@graph":[{"@type":"WebPage","@id":"https:\/\/tiandeproducts.co.uk\/lt\/kauke-muliazas-veidui-su-sraigiu-mucinu-sekretu-1vnt\/","url":"https:\/\/tiandeproducts.co.uk\/lt\/kauke-muliazas-veidui-su-sraigiu-mucinu-sekretu-1vnt\/","name":"Kauk\u0117 - mulia\u017eas veidui su sraigi\u0173 mucinu (sekretu), 1vnt. - TianDe Online Shop - Beauty &amp; Health","isPartOf":{"@id":"https:\/\/tiandeproducts.co.uk\/#website"},"primaryImageOfPage":{"@id":"https:\/\/tiandeproducts.co.uk\/lt\/kauke-muliazas-veidui-su-sraigiu-mucinu-sekretu-1vnt\/#primaryimage"},"image":{"@id":"https:\/\/tiandeproducts.co.uk\/lt\/kauke-muliazas-veidui-su-sraigiu-mucinu-sekretu-1vnt\/#primaryimage"},"thumbnailUrl":"https:\/\/tiandeproducts.co.uk\/wp-content\/uploads\/2016\/04\/14603_new.png","datePublished":"2016-04-03T17:11:25+00:00","dateModified":"2019-09-19T11:35:22+00:00","breadcrumb":{"@id":"https:\/\/tiandeproducts.co.uk\/lt\/kauke-muliazas-veidui-su-sraigiu-mucinu-sekretu-1vnt\/#breadcrumb"},"inLanguage":"lt-LT","potentialAction":[{"@type":"ReadAction","target":["https:\/\/tiandeproducts.co.uk\/lt\/kauke-muliazas-veidui-su-sraigiu-mucinu-sekretu-1vnt\/"]}]},{"@type":"ImageObject","inLanguage":"lt-LT","@id":"https:\/\/tiandeproducts.co.uk\/lt\/kauke-muliazas-veidui-su-sraigiu-mucinu-sekretu-1vnt\/#primaryimage","url":"https:\/\/tiandeproducts.co.uk\/wp-content\/uploads\/2016\/04\/14603_new.png","contentUrl":"https:\/\/tiandeproducts.co.uk\/wp-content\/uploads\/2016\/04\/14603_new.png","width":700,"height":700,"caption":"Snail Mucin Facial Mask,Long-lasting youth,1pc-0"},{"@type":"BreadcrumbList","@id":"https:\/\/tiandeproducts.co.uk\/lt\/kauke-muliazas-veidui-su-sraigiu-mucinu-sekretu-1vnt\/#breadcrumb","itemListElement":[{"@type":"ListItem","position":1,"name":"Home","item":"https:\/\/tiandeproducts.co.uk\/lt\/"},{"@type":"ListItem","position":2,"name":"Shop","item":"https:\/\/tiandeproducts.co.uk\/lt\/shop-2\/"},{"@type":"ListItem","position":3,"name":"Kauk\u0117 &#8211; mulia\u017eas veidui su sraigi\u0173 mucinu (sekretu), 1vnt."}]},{"@type":"WebSite","@id":"https:\/\/tiandeproducts.co.uk\/#website","url":"https:\/\/tiandeproducts.co.uk\/","name":"TianDe Online Shop - Beauty & Health","description":"Traditional Chinese Medicine","potentialAction":[{"@type":"SearchAction","target":{"@type":"EntryPoint","urlTemplate":"https:\/\/tiandeproducts.co.uk\/?s={search_term_string}"},"query-input":{"@type":"PropertyValueSpecification","valueRequired":true,"valueName":"search_term_string"}}],"inLanguage":"lt-LT"}]}},"_links":{"self":[{"href":"https:\/\/tiandeproducts.co.uk\/lt\/wp-json\/wp\/v2\/product\/3772","targetHints":{"allow":["GET"]}}],"collection":[{"href":"https:\/\/tiandeproducts.co.uk\/lt\/wp-json\/wp\/v2\/product"}],"about":[{"href":"https:\/\/tiandeproducts.co.uk\/lt\/wp-json\/wp\/v2\/types\/product"}],"replies":[{"embeddable":true,"href":"https:\/\/tiandeproducts.co.uk\/lt\/wp-json\/wp\/v2\/comments?post=3772"}],"wp:featuredmedia":[{"embeddable":true,"href":"https:\/\/tiandeproducts.co.uk\/lt\/wp-json\/wp\/v2\/media\/384"}],"wp:attachment":[{"href":"https:\/\/tiandeproducts.co.uk\/lt\/wp-json\/wp\/v2\/media?parent=3772"}],"wp:term":[{"taxonomy":"product_cat","embeddable":true,"href":"https:\/\/tiandeproducts.co.uk\/lt\/wp-json\/wp\/v2\/product_cat?post=3772"},{"taxonomy":"product_tag","embeddable":true,"href":"https:\/\/tiandeproducts.co.uk\/lt\/wp-json\/wp\/v2\/product_tag?post=3772"}],"curies":[{"name":"wp","href":"https:\/\/api.w.org\/{rel}","templated":true}]}}