{"id":3771,"date":"2016-04-03T18:27:16","date_gmt":"2016-04-03T17:27:16","guid":{"rendered":"https:\/\/tnd.ontesting.co.uk\/atstatomasis-tonikas-veidui-su-sraigiu-mucinu-sekretu-80ml\/"},"modified":"2022-05-10T09:39:59","modified_gmt":"2022-05-10T08:39:59","slug":"atstatomasis-tonikas-veidui-su-sraigiu-mucinu-sekretu-80ml","status":"publish","type":"product","link":"https:\/\/tiandeproducts.co.uk\/lt\/atstatomasis-tonikas-veidui-su-sraigiu-mucinu-sekretu-80ml\/","title":{"rendered":"Atstatomasis tonikas veidui su sraigi\u0173 mucinu (sekretu), 80ml."},"content":{"rendered":"<p>Atstatomasis tonikas \u0161velniai ir \u0161variai nuvalo od\u0105,\u00a0nuramina sudirgusi\u0105 od\u0105,\u00a0suteikia jai gaivumo poj\u016bt\u012f. Juo lengvai pa\u0161alinsite makia\u017eo liku\u010dius, sutrauksite poras bei u\u017ebaigsite odos valymo proced\u016br\u0105. Tonikas akimirksniu atkuria hidrolipidin\u0119 odos mantij\u0105 ir sustabdo dr\u0117gm\u0117s pasi\u0161alinim\u0105 i\u0161 odos, stimuliuoja l\u0105steli\u0173 atsinaujinimo procesus, padidina suglebusios odos tonus\u0105, suteikia jai energijos, stiprina. Tonikas \u0161iek tiek tir\u0161tesnis (d\u0117l sraigi\u0173 mucino), jo sud\u0117tyje n\u0117ra spirito ir paraben\u0173, oda nei\u0161saus\u0117ja, nepraranda dr\u0117gm\u0117s.<\/p>\n<p><strong>Naudojimas:<\/strong><br \/>\nAnt dr\u0117gnos kempin\u0117l\u0117s u\u017ela\u0161inkite 5 &#8211; 6 la\u0161us losjono ir \u0161velniais judesiais kruop\u0161\u010diai valykite od\u0105 nuo kaktos link smakro (i\u0161skyrus paaki\u0173 srit\u012f).<\/p>\n<p><strong>Veikliosios med\u017eiagos:<\/strong><\/p>\n<p><strong>Sraigi\u0173 sekreto filtrato<\/strong>\u00a0sud\u0117tyje gausu alantoino, kolageno, elastino, vitamin\u0173 ir glikolin\u0117s r\u016bg\u0161ties. \u0160ie ypatingai veiksmingi kosmetiniai komponentai sumink\u0161tina ragin\u012f odos sluoksn\u012f, aktyvuoja epidermio l\u0105steli\u0173 atsinaujinimo procesus, pagreitina pa\u017eeist\u0173 audini\u0173 gijim\u0105, atstato odos elastingum\u0105 ir stangrum\u0105, ma\u017eina mimikos rauk\u0161li\u0173 gyl\u012f, lygina odos reljef\u0105, apsaugo od\u0105 nuo infekcij\u0173. Sud\u0117tyje esantys antioksidantai saugo od\u0105 nuo UV spinduli\u0173 poveikio ir l\u0117tina sen\u0117jimo procesus; bakteriofagai saugo nuo bakterij\u0173 ir kenksming\u0173 mikroorganizm\u0173, galin\u010di\u0173 stipriai pakenkti odos b\u016bklei; sacharidai dr\u0117kina, lygina, stangrina ir suteikia odai antioksidantini\u0173 savybi\u0173; peptidai ir aminor\u016bg\u0161tys maitina, aktyvuoja epidermio l\u0105steli\u0173 atsinaujinimo procesus.<\/p>\n<p><strong>Vitaminas E<\/strong>\u00a0&#8211; labai stiprus antioksidantas, imunomoduliatorius, vienas svarbiausi\u0173 gro\u017eio vitamin\u0173, atsakingas u\u017e odos elastingum\u0105. Jis saugo nuo rauk\u0161li\u0173 atsiradimo, skatina l\u0105steli\u0173 regeneracij\u0105, apr\u016bpina jas deguonimi. Vitaminas E neutralizuoja laisv\u0173j\u0173 radikal\u0173 poveik\u012f, apsaugo od\u0105 nuo negatyvaus ultravioletini\u0173 spinduli\u0173 poveikio.<\/p>\n<p><strong>Alantoinas<\/strong>\u00a0ramina sudirgusi\u0105 od\u0105, suteikia jai lygumo ir elastingumo, skatina l\u0105steli\u0173 regeneracij\u0105, turi antialergini\u0173 savybi\u0173, padeda gydyti \u017eaizdas, nudegimus ir \u012ftr\u016bkimus, mink\u0161tina.<\/p>\n<p><strong>Nat\u016bralaus odos dr\u0117kinimo faktoriaus (NMF) komponentai<\/strong>\u00a0pritraukia vanden\u012f i\u0161 oro ir j\u012f sulaiko, sudarydami vandens \u201epagalv\u0117l\u0119\u201c, i\u0161 kurios, reikalui esant, oda prisisotina dr\u0117gm\u0117s.<br \/>\nDr\u0117kinant od\u0105 i\u0161 vidaus, vanden\u012f sulaiko hialurono r\u016bg\u0161tis, pavirstanti geliu. Likusi dr\u0117gm\u0117 i\u0161garuoja per epiderm\u012f.<br \/>\nDr\u0117kinant od\u0105 i\u0161ori\u0161kai, dr\u0117gm\u0119 surenka \u0161lapalas, pirolidono karbonin\u0117 r\u016bg\u0161tis, pieno r\u016bg\u0161tis ir kt. J\u0173 molekul\u0117s suri\u0161a ir sulaiko vanden\u012f. Tokia molekuli\u0173 savyb\u0117 vadinama nat\u016braliu dr\u0117kinamuoju faktoriumi (NMF).<\/p>\n","protected":false},"excerpt":{"rendered":"<p>Atstatomasis tonikas \u0161velniai ir \u0161variai nuvalo od\u0105,\u00a0nuramina sudirgusi\u0105 od\u0105,\u00a0suteikia jai gaivumo poj\u016bt\u012f. Juo lengvai pa\u0161alinsite makia\u017eo liku\u010dius, sutrauksite poras bei u\u017ebaigsite odos valymo proced\u016br\u0105. Tonikas akimirksniu atkuria hidrolipidin\u0119 odos mantij\u0105 ir sustabdo dr\u0117gm\u0117s pasi\u0161alinim\u0105 i\u0161 odos, stimuliuoja l\u0105steli\u0173 atsinaujinimo procesus, padidina suglebusios odos tonus\u0105, suteikia jai energijos, stiprina. Tonikas \u0161iek tiek tir\u0161tesnis (d\u0117l sraigi\u0173 mucino), [&#8230;]\n","protected":false},"featured_media":389,"comment_status":"closed","ping_status":"closed","template":"","meta":[],"product_cat":[567,600,610,506],"product_tag":[],"class_list":{"0":"post-3771","1":"product","2":"type-product","3":"status-publish","4":"has-post-thumbnail","6":"product_cat-drekinimas-ir-maitinimas","7":"product_cat-snail-secret-lt","8":"product_cat-tonikai-ir-losjonai","9":"product_cat-veidui","11":"first","12":"instock","13":"shipping-taxable","14":"purchasable","15":"product-type-simple"},"yoast_head":"<!-- This site is optimized with the Yoast SEO plugin v23.6 - https:\/\/yoast.com\/wordpress\/plugins\/seo\/ -->\n<title>Atstatomasis tonikas veidui su sraigi\u0173 mucinu (sekretu), 80ml. - TianDe Online Shop - Beauty &amp; Health<\/title>\n<meta name=\"robots\" content=\"index, follow, max-snippet:-1, max-image-preview:large, max-video-preview:-1\" \/>\n<link rel=\"canonical\" href=\"https:\/\/tiandeproducts.co.uk\/lt\/atstatomasis-tonikas-veidui-su-sraigiu-mucinu-sekretu-80ml\/\" \/>\n<meta property=\"og:locale\" content=\"lt_LT\" \/>\n<meta property=\"og:type\" content=\"article\" \/>\n<meta property=\"og:title\" content=\"Atstatomasis tonikas veidui su sraigi\u0173 mucinu (sekretu), 80ml. - TianDe Online Shop - Beauty &amp; Health\" \/>\n<meta property=\"og:description\" content=\"Atstatomasis tonikas \u0161velniai ir \u0161variai nuvalo od\u0105,\u00a0nuramina sudirgusi\u0105 od\u0105,\u00a0suteikia jai gaivumo poj\u016bt\u012f. Juo lengvai pa\u0161alinsite makia\u017eo liku\u010dius, sutrauksite poras bei u\u017ebaigsite odos valymo proced\u016br\u0105. Tonikas akimirksniu atkuria hidrolipidin\u0119 odos mantij\u0105 ir sustabdo dr\u0117gm\u0117s pasi\u0161alinim\u0105 i\u0161 odos, stimuliuoja l\u0105steli\u0173 atsinaujinimo procesus, padidina suglebusios odos tonus\u0105, suteikia jai energijos, stiprina. Tonikas \u0161iek tiek tir\u0161tesnis (d\u0117l sraigi\u0173 mucino), [...]\" \/>\n<meta property=\"og:url\" content=\"https:\/\/tiandeproducts.co.uk\/lt\/atstatomasis-tonikas-veidui-su-sraigiu-mucinu-sekretu-80ml\/\" \/>\n<meta property=\"og:site_name\" content=\"TianDe Online Shop - Beauty &amp; Health\" \/>\n<meta property=\"article:publisher\" content=\"https:\/\/www.facebook.com\/tiande.products.england\/\" \/>\n<meta property=\"article:modified_time\" content=\"2022-05-10T08:39:59+00:00\" \/>\n<meta property=\"og:image\" content=\"https:\/\/tiandeproducts.co.uk\/wp-content\/uploads\/2016\/04\/14604.png\" \/>\n\t<meta property=\"og:image:width\" content=\"700\" \/>\n\t<meta property=\"og:image:height\" content=\"700\" \/>\n\t<meta property=\"og:image:type\" content=\"image\/png\" \/>\n<meta name=\"twitter:card\" content=\"summary_large_image\" \/>\n<meta name=\"twitter:label1\" content=\"Est. reading time\" \/>\n\t<meta name=\"twitter:data1\" content=\"2 minut\u0117s\" \/>\n<script type=\"application\/ld+json\" class=\"yoast-schema-graph\">{\"@context\":\"https:\/\/schema.org\",\"@graph\":[{\"@type\":\"WebPage\",\"@id\":\"https:\/\/tiandeproducts.co.uk\/lt\/atstatomasis-tonikas-veidui-su-sraigiu-mucinu-sekretu-80ml\/\",\"url\":\"https:\/\/tiandeproducts.co.uk\/lt\/atstatomasis-tonikas-veidui-su-sraigiu-mucinu-sekretu-80ml\/\",\"name\":\"Atstatomasis tonikas veidui su sraigi\u0173 mucinu (sekretu), 80ml. - TianDe Online Shop - Beauty &amp; Health\",\"isPartOf\":{\"@id\":\"https:\/\/tiandeproducts.co.uk\/#website\"},\"primaryImageOfPage\":{\"@id\":\"https:\/\/tiandeproducts.co.uk\/lt\/atstatomasis-tonikas-veidui-su-sraigiu-mucinu-sekretu-80ml\/#primaryimage\"},\"image\":{\"@id\":\"https:\/\/tiandeproducts.co.uk\/lt\/atstatomasis-tonikas-veidui-su-sraigiu-mucinu-sekretu-80ml\/#primaryimage\"},\"thumbnailUrl\":\"https:\/\/tiandeproducts.co.uk\/wp-content\/uploads\/2016\/04\/14604.png\",\"datePublished\":\"2016-04-03T17:27:16+00:00\",\"dateModified\":\"2022-05-10T08:39:59+00:00\",\"breadcrumb\":{\"@id\":\"https:\/\/tiandeproducts.co.uk\/lt\/atstatomasis-tonikas-veidui-su-sraigiu-mucinu-sekretu-80ml\/#breadcrumb\"},\"inLanguage\":\"lt-LT\",\"potentialAction\":[{\"@type\":\"ReadAction\",\"target\":[\"https:\/\/tiandeproducts.co.uk\/lt\/atstatomasis-tonikas-veidui-su-sraigiu-mucinu-sekretu-80ml\/\"]}]},{\"@type\":\"ImageObject\",\"inLanguage\":\"lt-LT\",\"@id\":\"https:\/\/tiandeproducts.co.uk\/lt\/atstatomasis-tonikas-veidui-su-sraigiu-mucinu-sekretu-80ml\/#primaryimage\",\"url\":\"https:\/\/tiandeproducts.co.uk\/wp-content\/uploads\/2016\/04\/14604.png\",\"contentUrl\":\"https:\/\/tiandeproducts.co.uk\/wp-content\/uploads\/2016\/04\/14604.png\",\"width\":700,\"height\":700,\"caption\":\"\\\"Snail Secret\\\" Revitalizing tonic with snail mucin, 80 ml-0\"},{\"@type\":\"BreadcrumbList\",\"@id\":\"https:\/\/tiandeproducts.co.uk\/lt\/atstatomasis-tonikas-veidui-su-sraigiu-mucinu-sekretu-80ml\/#breadcrumb\",\"itemListElement\":[{\"@type\":\"ListItem\",\"position\":1,\"name\":\"Home\",\"item\":\"https:\/\/tiandeproducts.co.uk\/lt\/\"},{\"@type\":\"ListItem\",\"position\":2,\"name\":\"Shop\",\"item\":\"https:\/\/tiandeproducts.co.uk\/lt\/shop-2\/\"},{\"@type\":\"ListItem\",\"position\":3,\"name\":\"Atstatomasis tonikas veidui su sraigi\u0173 mucinu (sekretu), 80ml.\"}]},{\"@type\":\"WebSite\",\"@id\":\"https:\/\/tiandeproducts.co.uk\/#website\",\"url\":\"https:\/\/tiandeproducts.co.uk\/\",\"name\":\"TianDe Online Shop - Beauty & Health\",\"description\":\"Traditional Chinese Medicine\",\"potentialAction\":[{\"@type\":\"SearchAction\",\"target\":{\"@type\":\"EntryPoint\",\"urlTemplate\":\"https:\/\/tiandeproducts.co.uk\/?s={search_term_string}\"},\"query-input\":{\"@type\":\"PropertyValueSpecification\",\"valueRequired\":true,\"valueName\":\"search_term_string\"}}],\"inLanguage\":\"lt-LT\"}]}<\/script>\n<!-- \/ Yoast SEO plugin. -->","yoast_head_json":{"title":"Atstatomasis tonikas veidui su sraigi\u0173 mucinu (sekretu), 80ml. - TianDe Online Shop - Beauty &amp; Health","robots":{"index":"index","follow":"follow","max-snippet":"max-snippet:-1","max-image-preview":"max-image-preview:large","max-video-preview":"max-video-preview:-1"},"canonical":"https:\/\/tiandeproducts.co.uk\/lt\/atstatomasis-tonikas-veidui-su-sraigiu-mucinu-sekretu-80ml\/","og_locale":"lt_LT","og_type":"article","og_title":"Atstatomasis tonikas veidui su sraigi\u0173 mucinu (sekretu), 80ml. - TianDe Online Shop - Beauty &amp; Health","og_description":"Atstatomasis tonikas \u0161velniai ir \u0161variai nuvalo od\u0105,\u00a0nuramina sudirgusi\u0105 od\u0105,\u00a0suteikia jai gaivumo poj\u016bt\u012f. Juo lengvai pa\u0161alinsite makia\u017eo liku\u010dius, sutrauksite poras bei u\u017ebaigsite odos valymo proced\u016br\u0105. Tonikas akimirksniu atkuria hidrolipidin\u0119 odos mantij\u0105 ir sustabdo dr\u0117gm\u0117s pasi\u0161alinim\u0105 i\u0161 odos, stimuliuoja l\u0105steli\u0173 atsinaujinimo procesus, padidina suglebusios odos tonus\u0105, suteikia jai energijos, stiprina. Tonikas \u0161iek tiek tir\u0161tesnis (d\u0117l sraigi\u0173 mucino), [...]","og_url":"https:\/\/tiandeproducts.co.uk\/lt\/atstatomasis-tonikas-veidui-su-sraigiu-mucinu-sekretu-80ml\/","og_site_name":"TianDe Online Shop - Beauty &amp; Health","article_publisher":"https:\/\/www.facebook.com\/tiande.products.england\/","article_modified_time":"2022-05-10T08:39:59+00:00","og_image":[{"width":700,"height":700,"url":"https:\/\/tiandeproducts.co.uk\/wp-content\/uploads\/2016\/04\/14604.png","type":"image\/png"}],"twitter_card":"summary_large_image","twitter_misc":{"Est. reading time":"2 minut\u0117s"},"schema":{"@context":"https:\/\/schema.org","@graph":[{"@type":"WebPage","@id":"https:\/\/tiandeproducts.co.uk\/lt\/atstatomasis-tonikas-veidui-su-sraigiu-mucinu-sekretu-80ml\/","url":"https:\/\/tiandeproducts.co.uk\/lt\/atstatomasis-tonikas-veidui-su-sraigiu-mucinu-sekretu-80ml\/","name":"Atstatomasis tonikas veidui su sraigi\u0173 mucinu (sekretu), 80ml. - TianDe Online Shop - Beauty &amp; Health","isPartOf":{"@id":"https:\/\/tiandeproducts.co.uk\/#website"},"primaryImageOfPage":{"@id":"https:\/\/tiandeproducts.co.uk\/lt\/atstatomasis-tonikas-veidui-su-sraigiu-mucinu-sekretu-80ml\/#primaryimage"},"image":{"@id":"https:\/\/tiandeproducts.co.uk\/lt\/atstatomasis-tonikas-veidui-su-sraigiu-mucinu-sekretu-80ml\/#primaryimage"},"thumbnailUrl":"https:\/\/tiandeproducts.co.uk\/wp-content\/uploads\/2016\/04\/14604.png","datePublished":"2016-04-03T17:27:16+00:00","dateModified":"2022-05-10T08:39:59+00:00","breadcrumb":{"@id":"https:\/\/tiandeproducts.co.uk\/lt\/atstatomasis-tonikas-veidui-su-sraigiu-mucinu-sekretu-80ml\/#breadcrumb"},"inLanguage":"lt-LT","potentialAction":[{"@type":"ReadAction","target":["https:\/\/tiandeproducts.co.uk\/lt\/atstatomasis-tonikas-veidui-su-sraigiu-mucinu-sekretu-80ml\/"]}]},{"@type":"ImageObject","inLanguage":"lt-LT","@id":"https:\/\/tiandeproducts.co.uk\/lt\/atstatomasis-tonikas-veidui-su-sraigiu-mucinu-sekretu-80ml\/#primaryimage","url":"https:\/\/tiandeproducts.co.uk\/wp-content\/uploads\/2016\/04\/14604.png","contentUrl":"https:\/\/tiandeproducts.co.uk\/wp-content\/uploads\/2016\/04\/14604.png","width":700,"height":700,"caption":"\"Snail Secret\" Revitalizing tonic with snail mucin, 80 ml-0"},{"@type":"BreadcrumbList","@id":"https:\/\/tiandeproducts.co.uk\/lt\/atstatomasis-tonikas-veidui-su-sraigiu-mucinu-sekretu-80ml\/#breadcrumb","itemListElement":[{"@type":"ListItem","position":1,"name":"Home","item":"https:\/\/tiandeproducts.co.uk\/lt\/"},{"@type":"ListItem","position":2,"name":"Shop","item":"https:\/\/tiandeproducts.co.uk\/lt\/shop-2\/"},{"@type":"ListItem","position":3,"name":"Atstatomasis tonikas veidui su sraigi\u0173 mucinu (sekretu), 80ml."}]},{"@type":"WebSite","@id":"https:\/\/tiandeproducts.co.uk\/#website","url":"https:\/\/tiandeproducts.co.uk\/","name":"TianDe Online Shop - Beauty & Health","description":"Traditional Chinese Medicine","potentialAction":[{"@type":"SearchAction","target":{"@type":"EntryPoint","urlTemplate":"https:\/\/tiandeproducts.co.uk\/?s={search_term_string}"},"query-input":{"@type":"PropertyValueSpecification","valueRequired":true,"valueName":"search_term_string"}}],"inLanguage":"lt-LT"}]}},"_links":{"self":[{"href":"https:\/\/tiandeproducts.co.uk\/lt\/wp-json\/wp\/v2\/product\/3771","targetHints":{"allow":["GET"]}}],"collection":[{"href":"https:\/\/tiandeproducts.co.uk\/lt\/wp-json\/wp\/v2\/product"}],"about":[{"href":"https:\/\/tiandeproducts.co.uk\/lt\/wp-json\/wp\/v2\/types\/product"}],"replies":[{"embeddable":true,"href":"https:\/\/tiandeproducts.co.uk\/lt\/wp-json\/wp\/v2\/comments?post=3771"}],"wp:featuredmedia":[{"embeddable":true,"href":"https:\/\/tiandeproducts.co.uk\/lt\/wp-json\/wp\/v2\/media\/389"}],"wp:attachment":[{"href":"https:\/\/tiandeproducts.co.uk\/lt\/wp-json\/wp\/v2\/media?parent=3771"}],"wp:term":[{"taxonomy":"product_cat","embeddable":true,"href":"https:\/\/tiandeproducts.co.uk\/lt\/wp-json\/wp\/v2\/product_cat?post=3771"},{"taxonomy":"product_tag","embeddable":true,"href":"https:\/\/tiandeproducts.co.uk\/lt\/wp-json\/wp\/v2\/product_tag?post=3771"}],"curies":[{"name":"wp","href":"https:\/\/api.w.org\/{rel}","templated":true}]}}