{"id":3770,"date":"2016-04-03T17:55:19","date_gmt":"2016-04-03T16:55:19","guid":{"rendered":"https:\/\/tnd.ontesting.co.uk\/daugiafunkcinis-kremas-veidui-su-sraigiu-mucinu-sekretu-5x10ml\/"},"modified":"2020-01-01T21:09:14","modified_gmt":"2020-01-01T21:09:14","slug":"daugiafunkcinis-kremas-veidui-su-sraigiu-mucinu-sekretu-5x10ml","status":"publish","type":"product","link":"https:\/\/tiandeproducts.co.uk\/lt\/daugiafunkcinis-kremas-veidui-su-sraigiu-mucinu-sekretu-5x10ml\/","title":{"rendered":"Daugiafunkcinis kremas veidui su sraigi\u0173 mucinu (sekretu), 5x10ml."},"content":{"rendered":"<p>I\u0161skirtin\u0117, t\u0105si kremo tekst\u016bra \u2013 didelio sraigi\u0173 mucino (gleivi\u0173 sekreto) kiekio garantas. \u0160is ypatingas kosmetinis komponentas pagreitina pa\u017eeist\u0173 audini\u0173 gijim\u0105, veiksmingai atstato odos elastingum\u0105 ir stangrum\u0105, ma\u017eina mimikos rauk\u0161li\u0173 gyl\u012f, lygina odos reljef\u0105, padeda i\u0161vengti randeli\u0173, padeda pa\u0161alinti jau susidariusius randelius (d\u0117l akn\u0117s ir pan.), apsaugo od\u0105 nuo infekcij\u0173. Kremo sud\u0117tyje esantys antioksidantai saugo od\u0105 nuo negatyvaus ultravioletini\u0173 spinduli\u0173 poveikio, l\u0117tina sen\u0117jimo procesus.<\/p>\n<p>Kremas\u00a0patogiame hermeti\u0161kame ir ekonomi\u0161kame pakelyje. \u0160i pakuot\u0117\u00a0apsaugo nuo bakterij\u0173, u\u017etikrina minimal\u0173 konservant\u0173 kiek\u012f, patogu keliaujant (dangtelis &#8211; snapelis saugo nuo kremo i\u0161siliejimo rankin\u0117je).<\/p>\n<p><strong>Naudojimas:<\/strong><br \/>\nAnt \u0161varios ir tonizuotos veido ir kaklo odos u\u017etepkite nedidel\u012f kiek\u012f kremo, sukamaisiais judesiais \u0161velniai masa\u017euokite kol susigers. Venkite aki\u0173 srities. Naudokite ryte ir vakare. Atidaryt\u0105 hermeti\u0161k\u0105 kremo pakel\u012f laikykite ne ilgiau kaip 1 m\u0117nes\u012f.<\/p>\n<p><strong>Veikliosios med\u017eiagos:<\/strong><\/p>\n<p><strong>Sraigi\u0173 sekreto filtrato<\/strong>\u00a0sud\u0117tyje gausu alantoino, kolageno, elastino, vitamin\u0173 ir glikolin\u0117s r\u016bg\u0161ties. \u0160ie ypatingai veiksmingi kosmetiniai komponentai sumink\u0161tina ragin\u012f odos sluoksn\u012f, aktyvuoja epidermio l\u0105steli\u0173 atsinaujinimo procesus, pagreitina pa\u017eeist\u0173 audini\u0173 gijim\u0105, atstato odos elastingum\u0105 ir stangrum\u0105, ma\u017eina mimikos rauk\u0161li\u0173 gyl\u012f, lygina odos reljef\u0105, apsaugo od\u0105 nuo infekcij\u0173. Sud\u0117tyje esantys antioksidantai saugo od\u0105 nuo UV spinduli\u0173 poveikio ir l\u0117tina sen\u0117jimo procesus; bakteriofagai saugo nuo bakterij\u0173 ir kenksming\u0173 mikroorganizm\u0173, galin\u010di\u0173 stipriai pakenkti odos b\u016bklei; sacharidai dr\u0117kina, lygina, stangrina ir suteikia odai antioksidantini\u0173 savybi\u0173; peptidai ir amino r\u016bg\u0161tys maitina, aktyvuoja epidermio l\u0105steli\u0173 atsinaujinimo procesus.<\/p>\n<p><strong>Taukmed\u017eio aliejaus<\/strong>\u00a0vertingumas slypi jo turtingoje sud\u0117tyje. I\u0161skirtinai didel\u0117 vitamin\u0173 A, E ir nepakei\u010diam\u0173 riebi\u0173j\u0173 r\u016bg\u0161\u010di\u0173 koncentracija stimuliuoja odos gyvybinius procesus l\u0105stel\u0117s membranos viduje, bei suteikia patikim\u0105 apsaug\u0105 nuo negatyvaus i\u0161or\u0117s poveikio. Fitosteroliai stiprina odos atsparum\u0105 dirgikliams, aktyvina kraujotak\u0105, neleid\u017eia kilti u\u017edegimams, dr\u0117kina. Linoleno r\u016bg\u0161tys padeda suma\u017einti vandens praradim\u0105 pavir\u0161iniuose audiniuose. Keratinai suteikia elastingumo ir gyvybingumo.<\/p>\n<p><strong>Alavijo ekstraktas<\/strong>\u00a0&#8211; pats efektyviausias gamtoje randamas nat\u016bralus odos dr\u0117kiklis, puikus antiseptikas, prie\u0161u\u017edegiminis preparatas ir UV spinduli\u0173 filtras (ramina saul\u0117s sudirgint\u0105 od\u0105). Aktyviosios med\u017eiagos pasi\u017eymi antibakteriniu veikimu, skatina regeneracijos procesus, suteikia elastingumo, lygina smulkias rauk\u0161leles.<\/p>\n<p><strong>Jojobos aliejus<\/strong>\u00a0d\u0117l savo ypatingos konsistencijos yra ne aliejus, o skystas va\u0161kas, sudarytas i\u0161 esteri\u0173 (daugiausia), vitamin\u0173, antioksidant\u0173, mineralini\u0173 med\u017eiag\u0173 ir kt. \u0160is aliejus ypatingas tuo, kad savo savyb\u0117mis yra beveik identi\u0161kas odos i\u0161skiriamiems riebalams. Didel\u0117 vitamino E koncentracija bei antibakterin\u0117s, prie\u0161u\u017edegimin\u0117s, netoksi\u0161kos savyb\u0117s daro j\u012f nepaprastai naudingu kiekvienos dienos odos prie\u017ei\u016broje. Jojoba esteriai greitai \u012fsisavinami (tod\u0117l tinka visiems odos tipams, net sausai ir jautriai odai), mink\u0161tina, dr\u0117kina, maitina ir ramina od\u0105. Aktyviosios med\u017eiagos veiksmingai saugo nuo dr\u0117gm\u0117s praradimo, atkuria nat\u016bralias odos apsaugos funkcijas, pa\u0161alina \u0161erpetojim\u0105 ir dirglum\u0105, saugo nuo u\u017edegimini\u0173 proces\u0173.<\/p>\n<p><strong>Natrio hialuronatas<\/strong>\u00a0&#8211; biotechnologi\u0161kai i\u0161valytas preparatas, gaunamas labai sud\u0117tingos hialurono r\u016bg\u0161ties ir natrio jon\u0173 sintez\u0117s d\u0117ka. Jis suteikia stipr\u0173 dr\u0117kinant\u012f efekt\u0105, stimuliuoja regeneracijos procesus, pasi\u017eymi prie\u0161u\u017edegiminiu poveikiu, dr\u0117kina ir lygina epiderm\u012f.<\/p>\n","protected":false},"excerpt":{"rendered":"<p>I\u0161skirtin\u0117, t\u0105si kremo tekst\u016bra \u2013 didelio sraigi\u0173 mucino (gleivi\u0173 sekreto) kiekio garantas. \u0160is ypatingas kosmetinis komponentas pagreitina pa\u017eeist\u0173 audini\u0173 gijim\u0105, veiksmingai atstato odos elastingum\u0105 ir stangrum\u0105, ma\u017eina mimikos rauk\u0161li\u0173 gyl\u012f, lygina odos reljef\u0105, padeda i\u0161vengti randeli\u0173, padeda pa\u0161alinti jau susidariusius randelius (d\u0117l akn\u0117s ir pan.), apsaugo od\u0105 nuo infekcij\u0173. Kremo sud\u0117tyje esantys antioksidantai saugo od\u0105 [&#8230;]\n","protected":false},"featured_media":374,"comment_status":"closed","ping_status":"closed","template":"","meta":[],"product_cat":[524,567,600,506],"product_tag":[],"class_list":{"0":"post-3770","1":"product","2":"type-product","3":"status-publish","4":"has-post-thumbnail","6":"product_cat-brandziai-odai","7":"product_cat-drekinimas-ir-maitinimas","8":"product_cat-snail-secret-lt","9":"product_cat-veidui","11":"first","12":"instock","13":"shipping-taxable","14":"purchasable","15":"product-type-simple"},"yoast_head":"<!-- This site is optimized with the Yoast SEO plugin v23.6 - https:\/\/yoast.com\/wordpress\/plugins\/seo\/ -->\n<title>Daugiafunkcinis kremas veidui su sraigi\u0173 mucinu (sekretu), 5x10ml. - TianDe Online Shop - Beauty &amp; Health<\/title>\n<meta name=\"robots\" content=\"index, follow, max-snippet:-1, max-image-preview:large, max-video-preview:-1\" \/>\n<link rel=\"canonical\" href=\"https:\/\/tiandeproducts.co.uk\/lt\/daugiafunkcinis-kremas-veidui-su-sraigiu-mucinu-sekretu-5x10ml\/\" \/>\n<meta property=\"og:locale\" content=\"lt_LT\" \/>\n<meta property=\"og:type\" content=\"article\" \/>\n<meta property=\"og:title\" content=\"Daugiafunkcinis kremas veidui su sraigi\u0173 mucinu (sekretu), 5x10ml. - TianDe Online Shop - Beauty &amp; Health\" \/>\n<meta property=\"og:description\" content=\"I\u0161skirtin\u0117, t\u0105si kremo tekst\u016bra \u2013 didelio sraigi\u0173 mucino (gleivi\u0173 sekreto) kiekio garantas. \u0160is ypatingas kosmetinis komponentas pagreitina pa\u017eeist\u0173 audini\u0173 gijim\u0105, veiksmingai atstato odos elastingum\u0105 ir stangrum\u0105, ma\u017eina mimikos rauk\u0161li\u0173 gyl\u012f, lygina odos reljef\u0105, padeda i\u0161vengti randeli\u0173, padeda pa\u0161alinti jau susidariusius randelius (d\u0117l akn\u0117s ir pan.), apsaugo od\u0105 nuo infekcij\u0173. Kremo sud\u0117tyje esantys antioksidantai saugo od\u0105 [...]\" \/>\n<meta property=\"og:url\" content=\"https:\/\/tiandeproducts.co.uk\/lt\/daugiafunkcinis-kremas-veidui-su-sraigiu-mucinu-sekretu-5x10ml\/\" \/>\n<meta property=\"og:site_name\" content=\"TianDe Online Shop - Beauty &amp; Health\" \/>\n<meta property=\"article:publisher\" content=\"https:\/\/www.facebook.com\/tiande.products.england\/\" \/>\n<meta property=\"article:modified_time\" content=\"2020-01-01T21:09:14+00:00\" \/>\n<meta property=\"og:image\" content=\"https:\/\/tiandeproducts.co.uk\/wp-content\/uploads\/2016\/04\/14601_new.png\" \/>\n\t<meta property=\"og:image:width\" content=\"700\" \/>\n\t<meta property=\"og:image:height\" content=\"700\" \/>\n\t<meta property=\"og:image:type\" content=\"image\/png\" \/>\n<meta name=\"twitter:card\" content=\"summary_large_image\" \/>\n<meta name=\"twitter:label1\" content=\"Est. reading time\" \/>\n\t<meta name=\"twitter:data1\" content=\"3 minut\u0117s\" \/>\n<script type=\"application\/ld+json\" class=\"yoast-schema-graph\">{\"@context\":\"https:\/\/schema.org\",\"@graph\":[{\"@type\":\"WebPage\",\"@id\":\"https:\/\/tiandeproducts.co.uk\/lt\/daugiafunkcinis-kremas-veidui-su-sraigiu-mucinu-sekretu-5x10ml\/\",\"url\":\"https:\/\/tiandeproducts.co.uk\/lt\/daugiafunkcinis-kremas-veidui-su-sraigiu-mucinu-sekretu-5x10ml\/\",\"name\":\"Daugiafunkcinis kremas veidui su sraigi\u0173 mucinu (sekretu), 5x10ml. - TianDe Online Shop - Beauty &amp; Health\",\"isPartOf\":{\"@id\":\"https:\/\/tiandeproducts.co.uk\/#website\"},\"primaryImageOfPage\":{\"@id\":\"https:\/\/tiandeproducts.co.uk\/lt\/daugiafunkcinis-kremas-veidui-su-sraigiu-mucinu-sekretu-5x10ml\/#primaryimage\"},\"image\":{\"@id\":\"https:\/\/tiandeproducts.co.uk\/lt\/daugiafunkcinis-kremas-veidui-su-sraigiu-mucinu-sekretu-5x10ml\/#primaryimage\"},\"thumbnailUrl\":\"https:\/\/tiandeproducts.co.uk\/wp-content\/uploads\/2016\/04\/14601_new.png\",\"datePublished\":\"2016-04-03T16:55:19+00:00\",\"dateModified\":\"2020-01-01T21:09:14+00:00\",\"breadcrumb\":{\"@id\":\"https:\/\/tiandeproducts.co.uk\/lt\/daugiafunkcinis-kremas-veidui-su-sraigiu-mucinu-sekretu-5x10ml\/#breadcrumb\"},\"inLanguage\":\"lt-LT\",\"potentialAction\":[{\"@type\":\"ReadAction\",\"target\":[\"https:\/\/tiandeproducts.co.uk\/lt\/daugiafunkcinis-kremas-veidui-su-sraigiu-mucinu-sekretu-5x10ml\/\"]}]},{\"@type\":\"ImageObject\",\"inLanguage\":\"lt-LT\",\"@id\":\"https:\/\/tiandeproducts.co.uk\/lt\/daugiafunkcinis-kremas-veidui-su-sraigiu-mucinu-sekretu-5x10ml\/#primaryimage\",\"url\":\"https:\/\/tiandeproducts.co.uk\/wp-content\/uploads\/2016\/04\/14601_new.png\",\"contentUrl\":\"https:\/\/tiandeproducts.co.uk\/wp-content\/uploads\/2016\/04\/14601_new.png\",\"width\":700,\"height\":700,\"caption\":\"70% Snail Mucin Multifunction Facial Cream,5pcs x 10ml-0\"},{\"@type\":\"BreadcrumbList\",\"@id\":\"https:\/\/tiandeproducts.co.uk\/lt\/daugiafunkcinis-kremas-veidui-su-sraigiu-mucinu-sekretu-5x10ml\/#breadcrumb\",\"itemListElement\":[{\"@type\":\"ListItem\",\"position\":1,\"name\":\"Home\",\"item\":\"https:\/\/tiandeproducts.co.uk\/lt\/\"},{\"@type\":\"ListItem\",\"position\":2,\"name\":\"Shop\",\"item\":\"https:\/\/tiandeproducts.co.uk\/lt\/shop-2\/\"},{\"@type\":\"ListItem\",\"position\":3,\"name\":\"Daugiafunkcinis kremas veidui su sraigi\u0173 mucinu (sekretu), 5x10ml.\"}]},{\"@type\":\"WebSite\",\"@id\":\"https:\/\/tiandeproducts.co.uk\/#website\",\"url\":\"https:\/\/tiandeproducts.co.uk\/\",\"name\":\"TianDe Online Shop - Beauty & Health\",\"description\":\"Traditional Chinese Medicine\",\"potentialAction\":[{\"@type\":\"SearchAction\",\"target\":{\"@type\":\"EntryPoint\",\"urlTemplate\":\"https:\/\/tiandeproducts.co.uk\/?s={search_term_string}\"},\"query-input\":{\"@type\":\"PropertyValueSpecification\",\"valueRequired\":true,\"valueName\":\"search_term_string\"}}],\"inLanguage\":\"lt-LT\"}]}<\/script>\n<!-- \/ Yoast SEO plugin. -->","yoast_head_json":{"title":"Daugiafunkcinis kremas veidui su sraigi\u0173 mucinu (sekretu), 5x10ml. - TianDe Online Shop - Beauty &amp; Health","robots":{"index":"index","follow":"follow","max-snippet":"max-snippet:-1","max-image-preview":"max-image-preview:large","max-video-preview":"max-video-preview:-1"},"canonical":"https:\/\/tiandeproducts.co.uk\/lt\/daugiafunkcinis-kremas-veidui-su-sraigiu-mucinu-sekretu-5x10ml\/","og_locale":"lt_LT","og_type":"article","og_title":"Daugiafunkcinis kremas veidui su sraigi\u0173 mucinu (sekretu), 5x10ml. - TianDe Online Shop - Beauty &amp; Health","og_description":"I\u0161skirtin\u0117, t\u0105si kremo tekst\u016bra \u2013 didelio sraigi\u0173 mucino (gleivi\u0173 sekreto) kiekio garantas. \u0160is ypatingas kosmetinis komponentas pagreitina pa\u017eeist\u0173 audini\u0173 gijim\u0105, veiksmingai atstato odos elastingum\u0105 ir stangrum\u0105, ma\u017eina mimikos rauk\u0161li\u0173 gyl\u012f, lygina odos reljef\u0105, padeda i\u0161vengti randeli\u0173, padeda pa\u0161alinti jau susidariusius randelius (d\u0117l akn\u0117s ir pan.), apsaugo od\u0105 nuo infekcij\u0173. Kremo sud\u0117tyje esantys antioksidantai saugo od\u0105 [...]","og_url":"https:\/\/tiandeproducts.co.uk\/lt\/daugiafunkcinis-kremas-veidui-su-sraigiu-mucinu-sekretu-5x10ml\/","og_site_name":"TianDe Online Shop - Beauty &amp; Health","article_publisher":"https:\/\/www.facebook.com\/tiande.products.england\/","article_modified_time":"2020-01-01T21:09:14+00:00","og_image":[{"width":700,"height":700,"url":"https:\/\/tiandeproducts.co.uk\/wp-content\/uploads\/2016\/04\/14601_new.png","type":"image\/png"}],"twitter_card":"summary_large_image","twitter_misc":{"Est. reading time":"3 minut\u0117s"},"schema":{"@context":"https:\/\/schema.org","@graph":[{"@type":"WebPage","@id":"https:\/\/tiandeproducts.co.uk\/lt\/daugiafunkcinis-kremas-veidui-su-sraigiu-mucinu-sekretu-5x10ml\/","url":"https:\/\/tiandeproducts.co.uk\/lt\/daugiafunkcinis-kremas-veidui-su-sraigiu-mucinu-sekretu-5x10ml\/","name":"Daugiafunkcinis kremas veidui su sraigi\u0173 mucinu (sekretu), 5x10ml. - TianDe Online Shop - Beauty &amp; Health","isPartOf":{"@id":"https:\/\/tiandeproducts.co.uk\/#website"},"primaryImageOfPage":{"@id":"https:\/\/tiandeproducts.co.uk\/lt\/daugiafunkcinis-kremas-veidui-su-sraigiu-mucinu-sekretu-5x10ml\/#primaryimage"},"image":{"@id":"https:\/\/tiandeproducts.co.uk\/lt\/daugiafunkcinis-kremas-veidui-su-sraigiu-mucinu-sekretu-5x10ml\/#primaryimage"},"thumbnailUrl":"https:\/\/tiandeproducts.co.uk\/wp-content\/uploads\/2016\/04\/14601_new.png","datePublished":"2016-04-03T16:55:19+00:00","dateModified":"2020-01-01T21:09:14+00:00","breadcrumb":{"@id":"https:\/\/tiandeproducts.co.uk\/lt\/daugiafunkcinis-kremas-veidui-su-sraigiu-mucinu-sekretu-5x10ml\/#breadcrumb"},"inLanguage":"lt-LT","potentialAction":[{"@type":"ReadAction","target":["https:\/\/tiandeproducts.co.uk\/lt\/daugiafunkcinis-kremas-veidui-su-sraigiu-mucinu-sekretu-5x10ml\/"]}]},{"@type":"ImageObject","inLanguage":"lt-LT","@id":"https:\/\/tiandeproducts.co.uk\/lt\/daugiafunkcinis-kremas-veidui-su-sraigiu-mucinu-sekretu-5x10ml\/#primaryimage","url":"https:\/\/tiandeproducts.co.uk\/wp-content\/uploads\/2016\/04\/14601_new.png","contentUrl":"https:\/\/tiandeproducts.co.uk\/wp-content\/uploads\/2016\/04\/14601_new.png","width":700,"height":700,"caption":"70% Snail Mucin Multifunction Facial Cream,5pcs x 10ml-0"},{"@type":"BreadcrumbList","@id":"https:\/\/tiandeproducts.co.uk\/lt\/daugiafunkcinis-kremas-veidui-su-sraigiu-mucinu-sekretu-5x10ml\/#breadcrumb","itemListElement":[{"@type":"ListItem","position":1,"name":"Home","item":"https:\/\/tiandeproducts.co.uk\/lt\/"},{"@type":"ListItem","position":2,"name":"Shop","item":"https:\/\/tiandeproducts.co.uk\/lt\/shop-2\/"},{"@type":"ListItem","position":3,"name":"Daugiafunkcinis kremas veidui su sraigi\u0173 mucinu (sekretu), 5x10ml."}]},{"@type":"WebSite","@id":"https:\/\/tiandeproducts.co.uk\/#website","url":"https:\/\/tiandeproducts.co.uk\/","name":"TianDe Online Shop - Beauty & Health","description":"Traditional Chinese Medicine","potentialAction":[{"@type":"SearchAction","target":{"@type":"EntryPoint","urlTemplate":"https:\/\/tiandeproducts.co.uk\/?s={search_term_string}"},"query-input":{"@type":"PropertyValueSpecification","valueRequired":true,"valueName":"search_term_string"}}],"inLanguage":"lt-LT"}]}},"_links":{"self":[{"href":"https:\/\/tiandeproducts.co.uk\/lt\/wp-json\/wp\/v2\/product\/3770","targetHints":{"allow":["GET"]}}],"collection":[{"href":"https:\/\/tiandeproducts.co.uk\/lt\/wp-json\/wp\/v2\/product"}],"about":[{"href":"https:\/\/tiandeproducts.co.uk\/lt\/wp-json\/wp\/v2\/types\/product"}],"replies":[{"embeddable":true,"href":"https:\/\/tiandeproducts.co.uk\/lt\/wp-json\/wp\/v2\/comments?post=3770"}],"wp:featuredmedia":[{"embeddable":true,"href":"https:\/\/tiandeproducts.co.uk\/lt\/wp-json\/wp\/v2\/media\/374"}],"wp:attachment":[{"href":"https:\/\/tiandeproducts.co.uk\/lt\/wp-json\/wp\/v2\/media?parent=3770"}],"wp:term":[{"taxonomy":"product_cat","embeddable":true,"href":"https:\/\/tiandeproducts.co.uk\/lt\/wp-json\/wp\/v2\/product_cat?post=3770"},{"taxonomy":"product_tag","embeddable":true,"href":"https:\/\/tiandeproducts.co.uk\/lt\/wp-json\/wp\/v2\/product_tag?post=3770"}],"curies":[{"name":"wp","href":"https:\/\/api.w.org\/{rel}","templated":true}]}}