{"id":3766,"date":"2016-04-19T20:46:17","date_gmt":"2016-04-19T19:46:17","guid":{"rendered":"https:\/\/tnd.ontesting.co.uk\/drekinamasis-ir-maitinamasis-veido-kremas-su-placenta-50g\/"},"modified":"2021-01-15T17:29:41","modified_gmt":"2021-01-15T17:29:41","slug":"drekinamasis-ir-maitinamasis-veido-kremas-su-placenta-50g","status":"publish","type":"product","link":"https:\/\/tiandeproducts.co.uk\/lt\/drekinamasis-ir-maitinamasis-veido-kremas-su-placenta-50g\/","title":{"rendered":"Dr\u0117kinamasis ir maitinamasis veido kremas su placenta, 50g."},"content":{"rendered":"<p>Kremas gr\u0105\u017eina odai gyvybingum\u0105 ir elastingum\u0105, aktyvina regeneracinius ir stabdo sen\u0117jimo procesus, saugo nuo rauk\u0161li\u0173 atsiradimo, gerina odos tekst\u016br\u0105. Aktyviosios med\u017eiagos lengvai \u012fsiskverbia \u012f odos l\u0105steles, atkuria odos dr\u0117gm\u0117s balans\u0105, puikiai mink\u0161tina ir maitina, naikina pleiskanojim\u0105 ir nemalon\u0173 tempimo poj\u016bt\u012f, saugo nuo \u017ealingo UV spinduli\u0173 poveikio. Oda tampa lygesn\u0117 ir pastebimai gra\u017eesn\u0117.<\/p>\n<p>Vienas svarbiausi\u0173 kremo komponent\u0173 \u2013 avies \u0117riuko placenta \u2013 pa\u017eadina net genetin\u0119 odos atmint\u012f, sustiprina kolageno sintez\u0119. Jos sud\u0117tyje yra per \u0161imt\u0105 biologi\u0161kai aktyvi\u0173 med\u017eiag\u0173 ir mikroelement\u0173, kuriais maitinasi u\u017esimezg\u0119s jauniklis. Placenta labai artima \u017emogaus odai, tod\u0117l ji greitai ir efektyviai regeneruoja. Naudojant kosmetik\u0105 su placenta, atsikuria pa\u017eeistos odos l\u0105stel\u0117s, oda patempiama ne mechani\u0161kai, o d\u0117l ypa\u010d greito l\u0105steli\u0173 dalijimosi ir nauj\u0173 sveik\u0173 l\u0105steli\u0173 atsiradimo. Toki\u0173 veiksming\u0173 komponent\u0173 ne\u012fmanoma i\u0161gauti i\u0161 augal\u0173. Pagrindin\u0117 avies \u0117riuko placentos u\u017eduotis \u2013 odos imunini\u0173 l\u0105steli\u0173 biostimuliacija, pilnavertis maitinimas bei laisv\u0173j\u0173 radikal\u0173 blokavimas. \u0160ioje kosmetikos priemon\u0117je naudojamas i\u0161valytas nuo hormon\u0173 placentos ekstraktas.<\/p>\n<p><strong>Naudojimas:<\/strong><br \/>\nAnt \u0161varios odos u\u017etepkite nedidel\u012f kiek\u012f kremo, sukamaisiais judesiais \u0161velniai masa\u017euokite veido ir kaklo od\u0105 kol susigers. Venkite aki\u0173 srities.<\/p>\n<p><strong>Veikliosios med\u017eiagos:<\/strong><\/p>\n<p><strong>Placentos ekstraktas<\/strong>\u00a0skatina kolageno ir elastino sintez\u0119, giliai dr\u0117kina ir stangrina, lygina rauk\u0161les, gerina odos tonus\u0105 ir spalv\u0105, l\u0117tina sen\u0117jimo procesus. D\u0117l placentos ekstrakto stimuliuojamojo poveikio audini\u0173 med\u017eiag\u0173 apykaitai skatinama audini\u0173 regeneracija, reguliuojamos imunin\u0117s odos reakcijos, didinamas odos atsparumas alergenams. Placentos ekstrakte gausu aminor\u016bg\u0161\u010di\u0173, baltym\u0173, augimo faktori\u0173, mineral\u0173: kalio, magnio, natrio, kalcio, cinko, seleno, fosforo, gele\u017eies, silicio, mangano ir kt.; vitamin\u0173: A, D, C, B1, B2, B3, B6, B12; ferment\u0173, polineso\u010di\u0173j\u0173 nepakei\u010diam\u0173j\u0173 riebal\u0173 r\u016bg\u0161\u010di\u0173 ir kt.<\/p>\n<p><strong>Kvie\u010di\u0173 gemal\u0173 aliejus<\/strong>\u00a0puikiai mink\u0161tina ir maitina od\u0105, neleid\u017eia jai pleiskanoti bei i\u0161saus\u0117ti, aktyvina regeneracijos procesus. Aliejuje gausu provitamino A, vitamino B1, E, so\u010di\u0173j\u0173 riebi\u0173j\u0173 r\u016bg\u0161\u010di\u0173, protein\u0173, mineral\u0173. Kvie\u010di\u0173 gemal\u0173 aliejus pasi\u017eymi mink\u0161tinamosiomis, dr\u0117kinamosiomis, prie\u0161u\u017edegimin\u0117mis, antioksidacin\u0117mis savyb\u0117mis, puikiai apsaugo nuo \u017ealingo saul\u0117s spinduli\u0173 poveikio. Jis tinka vis\u0173 tip\u0173 odai, ta\u010diau ypa\u010d naudingas brand\u017eios, sudirgintos ar sausos odos prie\u017ei\u016brai.<\/p>\n<p><strong>Stearino r\u016bg\u0161tis<\/strong>\u00a0atstato odos hidrolipidin\u0119 mantij\u0105, gerina odos elastingum\u0105, valo.<\/p>\n","protected":false},"excerpt":{"rendered":"<p>Kremas gr\u0105\u017eina odai gyvybingum\u0105 ir elastingum\u0105, aktyvina regeneracinius ir stabdo sen\u0117jimo procesus, saugo nuo rauk\u0161li\u0173 atsiradimo, gerina odos tekst\u016br\u0105. Aktyviosios med\u017eiagos lengvai \u012fsiskverbia \u012f odos l\u0105steles, atkuria odos dr\u0117gm\u0117s balans\u0105, puikiai mink\u0161tina ir maitina, naikina pleiskanojim\u0105 ir nemalon\u0173 tempimo poj\u016bt\u012f, saugo nuo \u017ealingo UV spinduli\u0173 poveikio. Oda tampa lygesn\u0117 ir pastebimai gra\u017eesn\u0117. Vienas svarbiausi\u0173 kremo [&#8230;]\n","protected":false},"featured_media":995,"comment_status":"closed","ping_status":"closed","template":"","meta":[],"product_cat":[576,567,594,506],"product_tag":[],"class_list":{"0":"post-3766","1":"product","2":"type-product","3":"status-publish","4":"has-post-thumbnail","6":"product_cat-drekinimas","7":"product_cat-drekinimas-ir-maitinimas","8":"product_cat-sheep-placenta-lt","9":"product_cat-veidui","11":"first","12":"instock","13":"shipping-taxable","14":"purchasable","15":"product-type-simple"},"yoast_head":"<!-- This site is optimized with the Yoast SEO plugin v23.6 - https:\/\/yoast.com\/wordpress\/plugins\/seo\/ -->\n<title>Dr\u0117kinamasis ir maitinamasis veido kremas su placenta, 50g. - TianDe Online Shop - Beauty &amp; Health<\/title>\n<meta name=\"robots\" content=\"index, follow, max-snippet:-1, max-image-preview:large, max-video-preview:-1\" \/>\n<link rel=\"canonical\" href=\"https:\/\/tiandeproducts.co.uk\/lt\/drekinamasis-ir-maitinamasis-veido-kremas-su-placenta-50g\/\" \/>\n<meta property=\"og:locale\" content=\"lt_LT\" \/>\n<meta property=\"og:type\" content=\"article\" \/>\n<meta property=\"og:title\" content=\"Dr\u0117kinamasis ir maitinamasis veido kremas su placenta, 50g. - TianDe Online Shop - Beauty &amp; Health\" \/>\n<meta property=\"og:description\" content=\"Kremas gr\u0105\u017eina odai gyvybingum\u0105 ir elastingum\u0105, aktyvina regeneracinius ir stabdo sen\u0117jimo procesus, saugo nuo rauk\u0161li\u0173 atsiradimo, gerina odos tekst\u016br\u0105. Aktyviosios med\u017eiagos lengvai \u012fsiskverbia \u012f odos l\u0105steles, atkuria odos dr\u0117gm\u0117s balans\u0105, puikiai mink\u0161tina ir maitina, naikina pleiskanojim\u0105 ir nemalon\u0173 tempimo poj\u016bt\u012f, saugo nuo \u017ealingo UV spinduli\u0173 poveikio. Oda tampa lygesn\u0117 ir pastebimai gra\u017eesn\u0117. Vienas svarbiausi\u0173 kremo [...]\" \/>\n<meta property=\"og:url\" content=\"https:\/\/tiandeproducts.co.uk\/lt\/drekinamasis-ir-maitinamasis-veido-kremas-su-placenta-50g\/\" \/>\n<meta property=\"og:site_name\" content=\"TianDe Online Shop - Beauty &amp; Health\" \/>\n<meta property=\"article:publisher\" content=\"https:\/\/www.facebook.com\/tiande.products.england\/\" \/>\n<meta property=\"article:modified_time\" content=\"2021-01-15T17:29:41+00:00\" \/>\n<meta property=\"og:image\" content=\"https:\/\/tiandeproducts.co.uk\/wp-content\/uploads\/2016\/04\/10304_new.png\" \/>\n\t<meta property=\"og:image:width\" content=\"700\" \/>\n\t<meta property=\"og:image:height\" content=\"700\" \/>\n\t<meta property=\"og:image:type\" content=\"image\/png\" \/>\n<meta name=\"twitter:card\" content=\"summary_large_image\" \/>\n<meta name=\"twitter:label1\" content=\"Est. reading time\" \/>\n\t<meta name=\"twitter:data1\" content=\"2 minut\u0117s\" \/>\n<script type=\"application\/ld+json\" class=\"yoast-schema-graph\">{\"@context\":\"https:\/\/schema.org\",\"@graph\":[{\"@type\":\"WebPage\",\"@id\":\"https:\/\/tiandeproducts.co.uk\/lt\/drekinamasis-ir-maitinamasis-veido-kremas-su-placenta-50g\/\",\"url\":\"https:\/\/tiandeproducts.co.uk\/lt\/drekinamasis-ir-maitinamasis-veido-kremas-su-placenta-50g\/\",\"name\":\"Dr\u0117kinamasis ir maitinamasis veido kremas su placenta, 50g. - TianDe Online Shop - Beauty &amp; Health\",\"isPartOf\":{\"@id\":\"https:\/\/tiandeproducts.co.uk\/#website\"},\"primaryImageOfPage\":{\"@id\":\"https:\/\/tiandeproducts.co.uk\/lt\/drekinamasis-ir-maitinamasis-veido-kremas-su-placenta-50g\/#primaryimage\"},\"image\":{\"@id\":\"https:\/\/tiandeproducts.co.uk\/lt\/drekinamasis-ir-maitinamasis-veido-kremas-su-placenta-50g\/#primaryimage\"},\"thumbnailUrl\":\"https:\/\/tiandeproducts.co.uk\/wp-content\/uploads\/2016\/04\/10304_new.png\",\"datePublished\":\"2016-04-19T19:46:17+00:00\",\"dateModified\":\"2021-01-15T17:29:41+00:00\",\"breadcrumb\":{\"@id\":\"https:\/\/tiandeproducts.co.uk\/lt\/drekinamasis-ir-maitinamasis-veido-kremas-su-placenta-50g\/#breadcrumb\"},\"inLanguage\":\"lt-LT\",\"potentialAction\":[{\"@type\":\"ReadAction\",\"target\":[\"https:\/\/tiandeproducts.co.uk\/lt\/drekinamasis-ir-maitinamasis-veido-kremas-su-placenta-50g\/\"]}]},{\"@type\":\"ImageObject\",\"inLanguage\":\"lt-LT\",\"@id\":\"https:\/\/tiandeproducts.co.uk\/lt\/drekinamasis-ir-maitinamasis-veido-kremas-su-placenta-50g\/#primaryimage\",\"url\":\"https:\/\/tiandeproducts.co.uk\/wp-content\/uploads\/2016\/04\/10304_new.png\",\"contentUrl\":\"https:\/\/tiandeproducts.co.uk\/wp-content\/uploads\/2016\/04\/10304_new.png\",\"width\":700,\"height\":700,\"caption\":\"Sheep Placenta Moisturizing Nourishing Facial Cream,50g-0\"},{\"@type\":\"BreadcrumbList\",\"@id\":\"https:\/\/tiandeproducts.co.uk\/lt\/drekinamasis-ir-maitinamasis-veido-kremas-su-placenta-50g\/#breadcrumb\",\"itemListElement\":[{\"@type\":\"ListItem\",\"position\":1,\"name\":\"Home\",\"item\":\"https:\/\/tiandeproducts.co.uk\/lt\/\"},{\"@type\":\"ListItem\",\"position\":2,\"name\":\"Shop\",\"item\":\"https:\/\/tiandeproducts.co.uk\/lt\/shop-2\/\"},{\"@type\":\"ListItem\",\"position\":3,\"name\":\"Dr\u0117kinamasis ir maitinamasis veido kremas su placenta, 50g.\"}]},{\"@type\":\"WebSite\",\"@id\":\"https:\/\/tiandeproducts.co.uk\/#website\",\"url\":\"https:\/\/tiandeproducts.co.uk\/\",\"name\":\"TianDe Online Shop - Beauty & Health\",\"description\":\"Traditional Chinese Medicine\",\"potentialAction\":[{\"@type\":\"SearchAction\",\"target\":{\"@type\":\"EntryPoint\",\"urlTemplate\":\"https:\/\/tiandeproducts.co.uk\/?s={search_term_string}\"},\"query-input\":{\"@type\":\"PropertyValueSpecification\",\"valueRequired\":true,\"valueName\":\"search_term_string\"}}],\"inLanguage\":\"lt-LT\"}]}<\/script>\n<!-- \/ Yoast SEO plugin. -->","yoast_head_json":{"title":"Dr\u0117kinamasis ir maitinamasis veido kremas su placenta, 50g. - TianDe Online Shop - Beauty &amp; Health","robots":{"index":"index","follow":"follow","max-snippet":"max-snippet:-1","max-image-preview":"max-image-preview:large","max-video-preview":"max-video-preview:-1"},"canonical":"https:\/\/tiandeproducts.co.uk\/lt\/drekinamasis-ir-maitinamasis-veido-kremas-su-placenta-50g\/","og_locale":"lt_LT","og_type":"article","og_title":"Dr\u0117kinamasis ir maitinamasis veido kremas su placenta, 50g. - TianDe Online Shop - Beauty &amp; Health","og_description":"Kremas gr\u0105\u017eina odai gyvybingum\u0105 ir elastingum\u0105, aktyvina regeneracinius ir stabdo sen\u0117jimo procesus, saugo nuo rauk\u0161li\u0173 atsiradimo, gerina odos tekst\u016br\u0105. Aktyviosios med\u017eiagos lengvai \u012fsiskverbia \u012f odos l\u0105steles, atkuria odos dr\u0117gm\u0117s balans\u0105, puikiai mink\u0161tina ir maitina, naikina pleiskanojim\u0105 ir nemalon\u0173 tempimo poj\u016bt\u012f, saugo nuo \u017ealingo UV spinduli\u0173 poveikio. Oda tampa lygesn\u0117 ir pastebimai gra\u017eesn\u0117. Vienas svarbiausi\u0173 kremo [...]","og_url":"https:\/\/tiandeproducts.co.uk\/lt\/drekinamasis-ir-maitinamasis-veido-kremas-su-placenta-50g\/","og_site_name":"TianDe Online Shop - Beauty &amp; Health","article_publisher":"https:\/\/www.facebook.com\/tiande.products.england\/","article_modified_time":"2021-01-15T17:29:41+00:00","og_image":[{"width":700,"height":700,"url":"https:\/\/tiandeproducts.co.uk\/wp-content\/uploads\/2016\/04\/10304_new.png","type":"image\/png"}],"twitter_card":"summary_large_image","twitter_misc":{"Est. reading time":"2 minut\u0117s"},"schema":{"@context":"https:\/\/schema.org","@graph":[{"@type":"WebPage","@id":"https:\/\/tiandeproducts.co.uk\/lt\/drekinamasis-ir-maitinamasis-veido-kremas-su-placenta-50g\/","url":"https:\/\/tiandeproducts.co.uk\/lt\/drekinamasis-ir-maitinamasis-veido-kremas-su-placenta-50g\/","name":"Dr\u0117kinamasis ir maitinamasis veido kremas su placenta, 50g. - TianDe Online Shop - Beauty &amp; Health","isPartOf":{"@id":"https:\/\/tiandeproducts.co.uk\/#website"},"primaryImageOfPage":{"@id":"https:\/\/tiandeproducts.co.uk\/lt\/drekinamasis-ir-maitinamasis-veido-kremas-su-placenta-50g\/#primaryimage"},"image":{"@id":"https:\/\/tiandeproducts.co.uk\/lt\/drekinamasis-ir-maitinamasis-veido-kremas-su-placenta-50g\/#primaryimage"},"thumbnailUrl":"https:\/\/tiandeproducts.co.uk\/wp-content\/uploads\/2016\/04\/10304_new.png","datePublished":"2016-04-19T19:46:17+00:00","dateModified":"2021-01-15T17:29:41+00:00","breadcrumb":{"@id":"https:\/\/tiandeproducts.co.uk\/lt\/drekinamasis-ir-maitinamasis-veido-kremas-su-placenta-50g\/#breadcrumb"},"inLanguage":"lt-LT","potentialAction":[{"@type":"ReadAction","target":["https:\/\/tiandeproducts.co.uk\/lt\/drekinamasis-ir-maitinamasis-veido-kremas-su-placenta-50g\/"]}]},{"@type":"ImageObject","inLanguage":"lt-LT","@id":"https:\/\/tiandeproducts.co.uk\/lt\/drekinamasis-ir-maitinamasis-veido-kremas-su-placenta-50g\/#primaryimage","url":"https:\/\/tiandeproducts.co.uk\/wp-content\/uploads\/2016\/04\/10304_new.png","contentUrl":"https:\/\/tiandeproducts.co.uk\/wp-content\/uploads\/2016\/04\/10304_new.png","width":700,"height":700,"caption":"Sheep Placenta Moisturizing Nourishing Facial Cream,50g-0"},{"@type":"BreadcrumbList","@id":"https:\/\/tiandeproducts.co.uk\/lt\/drekinamasis-ir-maitinamasis-veido-kremas-su-placenta-50g\/#breadcrumb","itemListElement":[{"@type":"ListItem","position":1,"name":"Home","item":"https:\/\/tiandeproducts.co.uk\/lt\/"},{"@type":"ListItem","position":2,"name":"Shop","item":"https:\/\/tiandeproducts.co.uk\/lt\/shop-2\/"},{"@type":"ListItem","position":3,"name":"Dr\u0117kinamasis ir maitinamasis veido kremas su placenta, 50g."}]},{"@type":"WebSite","@id":"https:\/\/tiandeproducts.co.uk\/#website","url":"https:\/\/tiandeproducts.co.uk\/","name":"TianDe Online Shop - Beauty & Health","description":"Traditional Chinese Medicine","potentialAction":[{"@type":"SearchAction","target":{"@type":"EntryPoint","urlTemplate":"https:\/\/tiandeproducts.co.uk\/?s={search_term_string}"},"query-input":{"@type":"PropertyValueSpecification","valueRequired":true,"valueName":"search_term_string"}}],"inLanguage":"lt-LT"}]}},"_links":{"self":[{"href":"https:\/\/tiandeproducts.co.uk\/lt\/wp-json\/wp\/v2\/product\/3766","targetHints":{"allow":["GET"]}}],"collection":[{"href":"https:\/\/tiandeproducts.co.uk\/lt\/wp-json\/wp\/v2\/product"}],"about":[{"href":"https:\/\/tiandeproducts.co.uk\/lt\/wp-json\/wp\/v2\/types\/product"}],"replies":[{"embeddable":true,"href":"https:\/\/tiandeproducts.co.uk\/lt\/wp-json\/wp\/v2\/comments?post=3766"}],"wp:featuredmedia":[{"embeddable":true,"href":"https:\/\/tiandeproducts.co.uk\/lt\/wp-json\/wp\/v2\/media\/995"}],"wp:attachment":[{"href":"https:\/\/tiandeproducts.co.uk\/lt\/wp-json\/wp\/v2\/media?parent=3766"}],"wp:term":[{"taxonomy":"product_cat","embeddable":true,"href":"https:\/\/tiandeproducts.co.uk\/lt\/wp-json\/wp\/v2\/product_cat?post=3766"},{"taxonomy":"product_tag","embeddable":true,"href":"https:\/\/tiandeproducts.co.uk\/lt\/wp-json\/wp\/v2\/product_tag?post=3766"}],"curies":[{"name":"wp","href":"https:\/\/api.w.org\/{rel}","templated":true}]}}