{"id":3765,"date":"2016-04-19T20:26:35","date_gmt":"2016-04-19T19:26:35","guid":{"rendered":"https:\/\/tnd.ontesting.co.uk\/atkuriamasis-veido-kremas-nuo-rauksliu-su-placenta-50g\/"},"modified":"2020-09-07T11:54:34","modified_gmt":"2020-09-07T10:54:34","slug":"atkuriamasis-veido-kremas-nuo-rauksliu-su-placenta-50g","status":"publish","type":"product","link":"https:\/\/tiandeproducts.co.uk\/lt\/atkuriamasis-veido-kremas-nuo-rauksliu-su-placenta-50g\/","title":{"rendered":"Atkuriamasis veido kremas nuo rauk\u0161li\u0173 su placenta, 50g."},"content":{"rendered":"<p>Kremas intensyviai dr\u0117kina, maitina, mink\u0161tina ir atstato od\u0105. Veikliosios med\u017eiagos aktyvina med\u017eiag\u0173 apykait\u0105, suteikia odai elastingumo ir gyvybingumo, atkuria nat\u016bralias odos apsaugos funkcijas, saugo nuo neigiamo i\u0161or\u0117s poveikio. Tai pastebimai suma\u017eina esamas rauk\u0161les, stabdo nauj\u0173 atsiradim\u0105, u\u017ekerta keli\u0105 prie\u0161laikiniam odos sen\u0117jimui. Oda tampa lygesn\u0117, gra\u017eesn\u0117 ir atjaun\u0117jusi.<\/p>\n<p>Vienas svarbiausi\u0173 kremo komponent\u0173 \u2013 avies \u0117riuko placenta \u2013 pa\u017eadina net genetin\u0119 odos atmint\u012f, sustiprina kolageno sintez\u0119. Jos sud\u0117tyje yra per \u0161imt\u0105 biologi\u0161kai aktyvi\u0173 med\u017eiag\u0173 ir mikroelement\u0173, kuriais maitinasi u\u017esimezg\u0119s jauniklis. Placenta labai artima \u017emogaus odai, tod\u0117l ji greitai ir efektyviai regeneruoja. Naudojant kosmetik\u0105 su placenta, atsikuria pa\u017eeistos odos l\u0105stel\u0117s, oda patempiama ne mechani\u0161kai, o d\u0117l ypa\u010d greito l\u0105steli\u0173 dalijimosi ir nauj\u0173 sveik\u0173 l\u0105steli\u0173 atsiradimo. Toki\u0173 veiksming\u0173 komponent\u0173 ne\u012fmanoma i\u0161gauti i\u0161 augal\u0173. Pagrindin\u0117 avies \u0117riuko placentos u\u017eduotis \u2013 odos imunini\u0173 l\u0105steli\u0173 biostimuliacija, pilnavertis maitinimas bei laisv\u0173j\u0173 radikal\u0173 blokavimas. \u0160ioje kosmetikos priemon\u0117je naudojamas i\u0161valytas nuo hormon\u0173 placentos ekstraktas.<\/p>\n<p><strong>Naudojimas:<\/strong><br \/>\nAnt \u0161varios odos u\u017etepkite nedidel\u012f kiek\u012f kremo, sukamaisiais judesiais \u0161velniai masa\u017euokite veido ir kaklo od\u0105 kol susigers. Venkite aki\u0173 srities. Naudokite ryte ir vakare.<\/p>\n<p><strong>Veikliosios med\u017eiagos:<\/strong><\/p>\n<p><strong>Placentos ekstraktas<\/strong>\u00a0&#8211; skatina kolageno ir elastino sintez\u0119, giliai dr\u0117kina ir stangrina, lygina rauk\u0161les, gerina odos tonus\u0105 ir spalv\u0105, l\u0117tina sen\u0117jimo procesus. D\u0117l placentos ekstrakto stimuliuojamojo poveikio audini\u0173 med\u017eiag\u0173 apykaitai skatinama audini\u0173 regeneracija, reguliuojamos imunin\u0117s odos reakcijos, didinamas odos atsparumas alergenams. Placentos ekstrakte gausu aminor\u016bg\u0161\u010di\u0173, baltym\u0173, augimo faktori\u0173, mineral\u0173: kalio, magnio, natrio, kalcio, cinko, seleno, fosforo, gele\u017eies, silicio, mangano ir kt.; vitamin\u0173: A, D, C, B1, B2, B3, B6, B12; ferment\u0173, polineso\u010di\u0173j\u0173 nepakei\u010diam\u0173j\u0173 riebal\u0173 r\u016bg\u0161\u010di\u0173 ir kt.<\/p>\n<p><strong>Propolio (bi\u010di\u0173 pikio) ekstraktas<\/strong>\u00a0intensyviai maitina ir regeneruoja od\u0105, padeda atkurti apsaugin\u012f odos lipidin\u012f sluoksn\u012f, gerina jos med\u017eiag\u0173 apykait\u0105, apsaugo nuo rauk\u0161li\u0173 atsiradimo. Med\u017eiaga pasi\u017eymi raminan\u010diu, sutraukian\u010diu, apsauginiu poveikiu odai. Bi\u010di\u0173 pikyje gausu flavanoid\u0173, organini\u0173 r\u016bg\u0161\u010di\u0173, mineralini\u0173 med\u017eiag\u0173: fosforo, cinko, nikelio, kobalto, kalcio, kalio, sieros, vario, natrio, gele\u017eies, magnio, mangano; vitamin\u0173: A, C, E, Bp B2, B6. Jame yra ir aminor\u016bg\u0161\u010di\u0173, i\u0161 kuri\u0173 svarbiausios &#8211; alaninas, histidinas, triptofanas, leucinas, lizinas, metioninas, serinas, valinas. Bi\u010di\u0173 pikyje randama ir sud\u0117ting\u0173 riebalini\u0173 r\u016bg\u0161\u010di\u0173, daug antimikrobini\u0173 ir kit\u0173 biologi\u0161kai aktyvi\u0173 med\u017eiag\u0173.<\/p>\n<p><strong>Stearino r\u016bg\u0161tis<\/strong>\u00a0atstato odos hidrolipidin\u0119 mantij\u0105, gerina odos elastingum\u0105, valo.<\/p>\n","protected":false},"excerpt":{"rendered":"<p>Kremas intensyviai dr\u0117kina, maitina, mink\u0161tina ir atstato od\u0105. Veikliosios med\u017eiagos aktyvina med\u017eiag\u0173 apykait\u0105, suteikia odai elastingumo ir gyvybingumo, atkuria nat\u016bralias odos apsaugos funkcijas, saugo nuo neigiamo i\u0161or\u0117s poveikio. Tai pastebimai suma\u017eina esamas rauk\u0161les, stabdo nauj\u0173 atsiradim\u0105, u\u017ekerta keli\u0105 prie\u0161laikiniam odos sen\u0117jimui. Oda tampa lygesn\u0117, gra\u017eesn\u0117 ir atjaun\u0117jusi. Vienas svarbiausi\u0173 kremo komponent\u0173 \u2013 avies \u0117riuko placenta [&#8230;]\n","protected":false},"featured_media":967,"comment_status":"closed","ping_status":"closed","template":"","meta":[],"product_cat":[524,612,594,506],"product_tag":[],"class_list":{"0":"post-3765","1":"product","2":"type-product","3":"status-publish","4":"has-post-thumbnail","6":"product_cat-brandziai-odai","7":"product_cat-nuo-rauksliu","8":"product_cat-sheep-placenta-lt","9":"product_cat-veidui","11":"first","12":"instock","13":"shipping-taxable","14":"purchasable","15":"product-type-simple"},"yoast_head":"<!-- This site is optimized with the Yoast SEO plugin v23.6 - https:\/\/yoast.com\/wordpress\/plugins\/seo\/ -->\n<title>Atkuriamasis veido kremas nuo rauk\u0161li\u0173 su placenta, 50g. - TianDe Online Shop - Beauty &amp; Health<\/title>\n<meta name=\"robots\" content=\"index, follow, max-snippet:-1, max-image-preview:large, max-video-preview:-1\" \/>\n<link rel=\"canonical\" href=\"https:\/\/tiandeproducts.co.uk\/lt\/atkuriamasis-veido-kremas-nuo-rauksliu-su-placenta-50g\/\" \/>\n<meta property=\"og:locale\" content=\"lt_LT\" \/>\n<meta property=\"og:type\" content=\"article\" \/>\n<meta property=\"og:title\" content=\"Atkuriamasis veido kremas nuo rauk\u0161li\u0173 su placenta, 50g. - TianDe Online Shop - Beauty &amp; Health\" \/>\n<meta property=\"og:description\" content=\"Kremas intensyviai dr\u0117kina, maitina, mink\u0161tina ir atstato od\u0105. Veikliosios med\u017eiagos aktyvina med\u017eiag\u0173 apykait\u0105, suteikia odai elastingumo ir gyvybingumo, atkuria nat\u016bralias odos apsaugos funkcijas, saugo nuo neigiamo i\u0161or\u0117s poveikio. Tai pastebimai suma\u017eina esamas rauk\u0161les, stabdo nauj\u0173 atsiradim\u0105, u\u017ekerta keli\u0105 prie\u0161laikiniam odos sen\u0117jimui. Oda tampa lygesn\u0117, gra\u017eesn\u0117 ir atjaun\u0117jusi. Vienas svarbiausi\u0173 kremo komponent\u0173 \u2013 avies \u0117riuko placenta [...]\" \/>\n<meta property=\"og:url\" content=\"https:\/\/tiandeproducts.co.uk\/lt\/atkuriamasis-veido-kremas-nuo-rauksliu-su-placenta-50g\/\" \/>\n<meta property=\"og:site_name\" content=\"TianDe Online Shop - Beauty &amp; Health\" \/>\n<meta property=\"article:publisher\" content=\"https:\/\/www.facebook.com\/tiande.products.england\/\" \/>\n<meta property=\"article:modified_time\" content=\"2020-09-07T10:54:34+00:00\" \/>\n<meta property=\"og:image\" content=\"https:\/\/tiandeproducts.co.uk\/wp-content\/uploads\/2016\/04\/10303.jpg\" \/>\n\t<meta property=\"og:image:width\" content=\"800\" \/>\n\t<meta property=\"og:image:height\" content=\"800\" \/>\n\t<meta property=\"og:image:type\" content=\"image\/jpeg\" \/>\n<meta name=\"twitter:card\" content=\"summary_large_image\" \/>\n<meta name=\"twitter:label1\" content=\"Est. reading time\" \/>\n\t<meta name=\"twitter:data1\" content=\"2 minut\u0117s\" \/>\n<script type=\"application\/ld+json\" class=\"yoast-schema-graph\">{\"@context\":\"https:\/\/schema.org\",\"@graph\":[{\"@type\":\"WebPage\",\"@id\":\"https:\/\/tiandeproducts.co.uk\/lt\/atkuriamasis-veido-kremas-nuo-rauksliu-su-placenta-50g\/\",\"url\":\"https:\/\/tiandeproducts.co.uk\/lt\/atkuriamasis-veido-kremas-nuo-rauksliu-su-placenta-50g\/\",\"name\":\"Atkuriamasis veido kremas nuo rauk\u0161li\u0173 su placenta, 50g. - TianDe Online Shop - Beauty &amp; Health\",\"isPartOf\":{\"@id\":\"https:\/\/tiandeproducts.co.uk\/#website\"},\"primaryImageOfPage\":{\"@id\":\"https:\/\/tiandeproducts.co.uk\/lt\/atkuriamasis-veido-kremas-nuo-rauksliu-su-placenta-50g\/#primaryimage\"},\"image\":{\"@id\":\"https:\/\/tiandeproducts.co.uk\/lt\/atkuriamasis-veido-kremas-nuo-rauksliu-su-placenta-50g\/#primaryimage\"},\"thumbnailUrl\":\"https:\/\/tiandeproducts.co.uk\/wp-content\/uploads\/2016\/04\/10303.jpg\",\"datePublished\":\"2016-04-19T19:26:35+00:00\",\"dateModified\":\"2020-09-07T10:54:34+00:00\",\"breadcrumb\":{\"@id\":\"https:\/\/tiandeproducts.co.uk\/lt\/atkuriamasis-veido-kremas-nuo-rauksliu-su-placenta-50g\/#breadcrumb\"},\"inLanguage\":\"lt-LT\",\"potentialAction\":[{\"@type\":\"ReadAction\",\"target\":[\"https:\/\/tiandeproducts.co.uk\/lt\/atkuriamasis-veido-kremas-nuo-rauksliu-su-placenta-50g\/\"]}]},{\"@type\":\"ImageObject\",\"inLanguage\":\"lt-LT\",\"@id\":\"https:\/\/tiandeproducts.co.uk\/lt\/atkuriamasis-veido-kremas-nuo-rauksliu-su-placenta-50g\/#primaryimage\",\"url\":\"https:\/\/tiandeproducts.co.uk\/wp-content\/uploads\/2016\/04\/10303.jpg\",\"contentUrl\":\"https:\/\/tiandeproducts.co.uk\/wp-content\/uploads\/2016\/04\/10303.jpg\",\"width\":800,\"height\":800,\"caption\":\"Sheep Placenta Anti-Wrinkle Recovering Facial Cream,50g-0\"},{\"@type\":\"BreadcrumbList\",\"@id\":\"https:\/\/tiandeproducts.co.uk\/lt\/atkuriamasis-veido-kremas-nuo-rauksliu-su-placenta-50g\/#breadcrumb\",\"itemListElement\":[{\"@type\":\"ListItem\",\"position\":1,\"name\":\"Home\",\"item\":\"https:\/\/tiandeproducts.co.uk\/lt\/\"},{\"@type\":\"ListItem\",\"position\":2,\"name\":\"Shop\",\"item\":\"https:\/\/tiandeproducts.co.uk\/lt\/shop-2\/\"},{\"@type\":\"ListItem\",\"position\":3,\"name\":\"Atkuriamasis veido kremas nuo rauk\u0161li\u0173 su placenta, 50g.\"}]},{\"@type\":\"WebSite\",\"@id\":\"https:\/\/tiandeproducts.co.uk\/#website\",\"url\":\"https:\/\/tiandeproducts.co.uk\/\",\"name\":\"TianDe Online Shop - Beauty & Health\",\"description\":\"Traditional Chinese Medicine\",\"potentialAction\":[{\"@type\":\"SearchAction\",\"target\":{\"@type\":\"EntryPoint\",\"urlTemplate\":\"https:\/\/tiandeproducts.co.uk\/?s={search_term_string}\"},\"query-input\":{\"@type\":\"PropertyValueSpecification\",\"valueRequired\":true,\"valueName\":\"search_term_string\"}}],\"inLanguage\":\"lt-LT\"}]}<\/script>\n<!-- \/ Yoast SEO plugin. -->","yoast_head_json":{"title":"Atkuriamasis veido kremas nuo rauk\u0161li\u0173 su placenta, 50g. - TianDe Online Shop - Beauty &amp; Health","robots":{"index":"index","follow":"follow","max-snippet":"max-snippet:-1","max-image-preview":"max-image-preview:large","max-video-preview":"max-video-preview:-1"},"canonical":"https:\/\/tiandeproducts.co.uk\/lt\/atkuriamasis-veido-kremas-nuo-rauksliu-su-placenta-50g\/","og_locale":"lt_LT","og_type":"article","og_title":"Atkuriamasis veido kremas nuo rauk\u0161li\u0173 su placenta, 50g. - TianDe Online Shop - Beauty &amp; Health","og_description":"Kremas intensyviai dr\u0117kina, maitina, mink\u0161tina ir atstato od\u0105. Veikliosios med\u017eiagos aktyvina med\u017eiag\u0173 apykait\u0105, suteikia odai elastingumo ir gyvybingumo, atkuria nat\u016bralias odos apsaugos funkcijas, saugo nuo neigiamo i\u0161or\u0117s poveikio. Tai pastebimai suma\u017eina esamas rauk\u0161les, stabdo nauj\u0173 atsiradim\u0105, u\u017ekerta keli\u0105 prie\u0161laikiniam odos sen\u0117jimui. Oda tampa lygesn\u0117, gra\u017eesn\u0117 ir atjaun\u0117jusi. Vienas svarbiausi\u0173 kremo komponent\u0173 \u2013 avies \u0117riuko placenta [...]","og_url":"https:\/\/tiandeproducts.co.uk\/lt\/atkuriamasis-veido-kremas-nuo-rauksliu-su-placenta-50g\/","og_site_name":"TianDe Online Shop - Beauty &amp; Health","article_publisher":"https:\/\/www.facebook.com\/tiande.products.england\/","article_modified_time":"2020-09-07T10:54:34+00:00","og_image":[{"width":800,"height":800,"url":"https:\/\/tiandeproducts.co.uk\/wp-content\/uploads\/2016\/04\/10303.jpg","type":"image\/jpeg"}],"twitter_card":"summary_large_image","twitter_misc":{"Est. reading time":"2 minut\u0117s"},"schema":{"@context":"https:\/\/schema.org","@graph":[{"@type":"WebPage","@id":"https:\/\/tiandeproducts.co.uk\/lt\/atkuriamasis-veido-kremas-nuo-rauksliu-su-placenta-50g\/","url":"https:\/\/tiandeproducts.co.uk\/lt\/atkuriamasis-veido-kremas-nuo-rauksliu-su-placenta-50g\/","name":"Atkuriamasis veido kremas nuo rauk\u0161li\u0173 su placenta, 50g. - TianDe Online Shop - Beauty &amp; Health","isPartOf":{"@id":"https:\/\/tiandeproducts.co.uk\/#website"},"primaryImageOfPage":{"@id":"https:\/\/tiandeproducts.co.uk\/lt\/atkuriamasis-veido-kremas-nuo-rauksliu-su-placenta-50g\/#primaryimage"},"image":{"@id":"https:\/\/tiandeproducts.co.uk\/lt\/atkuriamasis-veido-kremas-nuo-rauksliu-su-placenta-50g\/#primaryimage"},"thumbnailUrl":"https:\/\/tiandeproducts.co.uk\/wp-content\/uploads\/2016\/04\/10303.jpg","datePublished":"2016-04-19T19:26:35+00:00","dateModified":"2020-09-07T10:54:34+00:00","breadcrumb":{"@id":"https:\/\/tiandeproducts.co.uk\/lt\/atkuriamasis-veido-kremas-nuo-rauksliu-su-placenta-50g\/#breadcrumb"},"inLanguage":"lt-LT","potentialAction":[{"@type":"ReadAction","target":["https:\/\/tiandeproducts.co.uk\/lt\/atkuriamasis-veido-kremas-nuo-rauksliu-su-placenta-50g\/"]}]},{"@type":"ImageObject","inLanguage":"lt-LT","@id":"https:\/\/tiandeproducts.co.uk\/lt\/atkuriamasis-veido-kremas-nuo-rauksliu-su-placenta-50g\/#primaryimage","url":"https:\/\/tiandeproducts.co.uk\/wp-content\/uploads\/2016\/04\/10303.jpg","contentUrl":"https:\/\/tiandeproducts.co.uk\/wp-content\/uploads\/2016\/04\/10303.jpg","width":800,"height":800,"caption":"Sheep Placenta Anti-Wrinkle Recovering Facial Cream,50g-0"},{"@type":"BreadcrumbList","@id":"https:\/\/tiandeproducts.co.uk\/lt\/atkuriamasis-veido-kremas-nuo-rauksliu-su-placenta-50g\/#breadcrumb","itemListElement":[{"@type":"ListItem","position":1,"name":"Home","item":"https:\/\/tiandeproducts.co.uk\/lt\/"},{"@type":"ListItem","position":2,"name":"Shop","item":"https:\/\/tiandeproducts.co.uk\/lt\/shop-2\/"},{"@type":"ListItem","position":3,"name":"Atkuriamasis veido kremas nuo rauk\u0161li\u0173 su placenta, 50g."}]},{"@type":"WebSite","@id":"https:\/\/tiandeproducts.co.uk\/#website","url":"https:\/\/tiandeproducts.co.uk\/","name":"TianDe Online Shop - Beauty & Health","description":"Traditional Chinese Medicine","potentialAction":[{"@type":"SearchAction","target":{"@type":"EntryPoint","urlTemplate":"https:\/\/tiandeproducts.co.uk\/?s={search_term_string}"},"query-input":{"@type":"PropertyValueSpecification","valueRequired":true,"valueName":"search_term_string"}}],"inLanguage":"lt-LT"}]}},"_links":{"self":[{"href":"https:\/\/tiandeproducts.co.uk\/lt\/wp-json\/wp\/v2\/product\/3765","targetHints":{"allow":["GET"]}}],"collection":[{"href":"https:\/\/tiandeproducts.co.uk\/lt\/wp-json\/wp\/v2\/product"}],"about":[{"href":"https:\/\/tiandeproducts.co.uk\/lt\/wp-json\/wp\/v2\/types\/product"}],"replies":[{"embeddable":true,"href":"https:\/\/tiandeproducts.co.uk\/lt\/wp-json\/wp\/v2\/comments?post=3765"}],"wp:featuredmedia":[{"embeddable":true,"href":"https:\/\/tiandeproducts.co.uk\/lt\/wp-json\/wp\/v2\/media\/967"}],"wp:attachment":[{"href":"https:\/\/tiandeproducts.co.uk\/lt\/wp-json\/wp\/v2\/media?parent=3765"}],"wp:term":[{"taxonomy":"product_cat","embeddable":true,"href":"https:\/\/tiandeproducts.co.uk\/lt\/wp-json\/wp\/v2\/product_cat?post=3765"},{"taxonomy":"product_tag","embeddable":true,"href":"https:\/\/tiandeproducts.co.uk\/lt\/wp-json\/wp\/v2\/product_tag?post=3765"}],"curies":[{"name":"wp","href":"https:\/\/api.w.org\/{rel}","templated":true}]}}