{"id":3764,"date":"2016-04-19T20:30:59","date_gmt":"2016-04-19T19:30:59","guid":{"rendered":"https:\/\/tnd.ontesting.co.uk\/lyginamasis-kremas-veidui-ir-kaklui-su-placenta-50g\/"},"modified":"2023-12-23T13:19:42","modified_gmt":"2023-12-23T13:19:42","slug":"lyginamasis-kremas-veidui-ir-kaklui-su-placenta-50g","status":"publish","type":"product","link":"https:\/\/tiandeproducts.co.uk\/lt\/lyginamasis-kremas-veidui-ir-kaklui-su-placenta-50g\/","title":{"rendered":"Lyginamasis kremas veidui ir kaklui su placenta, 50g."},"content":{"rendered":"<p>Kremas i\u0161lygina odos reljef\u0105 ir spalv\u0105, suma\u017eina pigmentines d\u0117mes ir randelius, likusius po spuog\u0173 ir ink\u0161tir\u0173. Priemon\u0117 efektyviai dr\u0117kina, atkuria nat\u016bralias odos apsaugos funkcijas, ma\u017eina paraudim\u0105 ir per\u0161t\u0117jim\u0105, stiprina odos elastingum\u0105 ir stangrum\u0105, u\u017ekerta keli\u0105 prie\u0161laikiniam odos sen\u0117jimui. Oda tampa lygesn\u0117 ir atjaun\u0117jusi.<\/p>\n<p>Vienas svarbiausi\u0173 kremo komponent\u0173 \u2013 avies \u0117riuko placenta \u2013 pa\u017eadina net genetin\u0119 odos atmint\u012f, sustiprina kolageno sintez\u0119. Jos sud\u0117tyje yra per \u0161imt\u0105 biologi\u0161kai aktyvi\u0173 med\u017eiag\u0173 ir mikroelement\u0173, kuriais maitinasi u\u017esimezg\u0119s jauniklis. Placenta labai artima \u017emogaus odai, tod\u0117l ji greitai ir efektyviai regeneruoja. Naudojant kosmetik\u0105 su placenta, atsikuria pa\u017eeistos odos l\u0105stel\u0117s, oda patempiama ne mechani\u0161kai, o d\u0117l ypa\u010d greito l\u0105steli\u0173 dalijimosi ir nauj\u0173 sveik\u0173 l\u0105steli\u0173 atsiradimo. Toki\u0173 veiksming\u0173 komponent\u0173 ne\u012fmanoma i\u0161gauti i\u0161 augal\u0173. Pagrindin\u0117 avies \u0117riuko placentos u\u017eduotis \u2013 odos imunini\u0173 l\u0105steli\u0173 biostimuliacija, pilnavertis maitinimas bei laisv\u0173j\u0173 radikal\u0173 blokavimas. \u0160ioje kosmetikos priemon\u0117je naudojamas i\u0161valytas nuo hormon\u0173 placentos ekstraktas.<\/p>\n<p><strong>Naudojimas:<br \/>\n<\/strong>Ant \u0161varios odos u\u017etepkite nedidel\u012f kiek\u012f kremo, sukamaisiais judesiais \u0161velniai masa\u017euokite veido ir kaklo od\u0105 kol susigers. Venkite aki\u0173 srities.<\/p>\n<p><strong>Veikliosios med\u017eiagos:<\/strong><\/p>\n<p><strong>Placentos ekstraktas<\/strong>\u00a0skatina kolageno ir elastino sintez\u0119, giliai dr\u0117kina ir stangrina, lygina rauk\u0161les, gerina odos tonus\u0105 ir spalv\u0105, l\u0117tina sen\u0117jimo procesus. D\u0117l placentos ekstrakto stimuliuojamojo poveikio audini\u0173 med\u017eiag\u0173 apykaitai, skatinama audini\u0173 regeneracija, reguliuojamos imunin\u0117s odos reakcijos, didinamas odos atsparumas alergenams. Placentos ekstrakte gausu aminor\u016bg\u0161\u010di\u0173, baltym\u0173, augimo faktori\u0173, mineral\u0173: kalio, magnio, natrio, kalcio, cinko, seleno, fosforo, gele\u017eies, silicio, mangano ir kt.; vitamin\u0173: A, D, C, B1, B2, B3, B6, B12; ferment\u0173, polineso\u010di\u0173j\u0173 nepakei\u010diam\u0173j\u0173 riebal\u0173 r\u016bg\u0161\u010di\u0173 ir kt.<\/p>\n<p><strong>Hialurono r\u016bg\u0161tis<\/strong>\u00a0suteikia liftingo efekt\u0105, didina odos elastingum\u0105, stangrina. Veiklioji med\u017eiaga ant odos pavir\u0161iaus sukuria orui pralaid\u0173 apsaugin\u012f sluoksn\u012f, tai apsaugo nuo dr\u0117gm\u0117s praradimo net gilesnius sluoksnius. Ji efektyviai pagreitina audini\u0173 l\u0105steli\u0173 atsinaujinimo procesus, gerina mikrocirkuliacij\u0105, skatina nauj\u0173 odos l\u0105steli\u0173 dauginim\u0105si, apsaugo nuo i\u0161orini\u0173 pa\u017eeidim\u0173 ir infekcij\u0173, sustiprina odos apsaugin\u012f sluoksn\u012f bei odos imunines savyb\u0117s. \u012edomu, kad hialurono r\u016bg\u0161ties molekul\u0117s gali pritraukti ir i\u0161laikyti net ~500 kart\u0173 u\u017e save didesn\u012f kiek\u012f vandens!<\/p>\n<p><strong>Stearino r\u016bg\u0161tis<\/strong>\u00a0atstato odos hidrolipidin\u0119 mantij\u0105, gerina odos elastingum\u0105, valo.<\/p>\n","protected":false},"excerpt":{"rendered":"<p>Kremas i\u0161lygina odos reljef\u0105 ir spalv\u0105, suma\u017eina pigmentines d\u0117mes ir randelius, likusius po spuog\u0173 ir ink\u0161tir\u0173. Priemon\u0117 efektyviai dr\u0117kina, atkuria nat\u016bralias odos apsaugos funkcijas, ma\u017eina paraudim\u0105 ir per\u0161t\u0117jim\u0105, stiprina odos elastingum\u0105 ir stangrum\u0105, u\u017ekerta keli\u0105 prie\u0161laikiniam odos sen\u0117jimui. Oda tampa lygesn\u0117 ir atjaun\u0117jusi. Vienas svarbiausi\u0173 kremo komponent\u0173 \u2013 avies \u0117riuko placenta \u2013 pa\u017eadina net genetin\u0119 [&#8230;]\n","protected":false},"featured_media":972,"comment_status":"closed","ping_status":"closed","template":"","meta":[],"product_cat":[590,523,594,506],"product_tag":[],"class_list":{"0":"post-3764","1":"product","2":"type-product","3":"status-publish","4":"has-post-thumbnail","6":"product_cat-problemiska-oda","7":"product_cat-problemiska-oda-spuogai","8":"product_cat-sheep-placenta-lt","9":"product_cat-veidui","11":"first","12":"instock","13":"shipping-taxable","14":"purchasable","15":"product-type-simple"},"yoast_head":"<!-- This site is optimized with the Yoast SEO plugin v23.6 - https:\/\/yoast.com\/wordpress\/plugins\/seo\/ -->\n<title>Lyginamasis kremas veidui ir kaklui su placenta, 50g. - TianDe Online Shop - Beauty &amp; Health<\/title>\n<meta name=\"robots\" content=\"index, follow, max-snippet:-1, max-image-preview:large, max-video-preview:-1\" \/>\n<link rel=\"canonical\" href=\"https:\/\/tiandeproducts.co.uk\/lt\/lyginamasis-kremas-veidui-ir-kaklui-su-placenta-50g\/\" \/>\n<meta property=\"og:locale\" content=\"lt_LT\" \/>\n<meta property=\"og:type\" content=\"article\" \/>\n<meta property=\"og:title\" content=\"Lyginamasis kremas veidui ir kaklui su placenta, 50g. - TianDe Online Shop - Beauty &amp; Health\" \/>\n<meta property=\"og:description\" content=\"Kremas i\u0161lygina odos reljef\u0105 ir spalv\u0105, suma\u017eina pigmentines d\u0117mes ir randelius, likusius po spuog\u0173 ir ink\u0161tir\u0173. Priemon\u0117 efektyviai dr\u0117kina, atkuria nat\u016bralias odos apsaugos funkcijas, ma\u017eina paraudim\u0105 ir per\u0161t\u0117jim\u0105, stiprina odos elastingum\u0105 ir stangrum\u0105, u\u017ekerta keli\u0105 prie\u0161laikiniam odos sen\u0117jimui. Oda tampa lygesn\u0117 ir atjaun\u0117jusi. Vienas svarbiausi\u0173 kremo komponent\u0173 \u2013 avies \u0117riuko placenta \u2013 pa\u017eadina net genetin\u0119 [...]\" \/>\n<meta property=\"og:url\" content=\"https:\/\/tiandeproducts.co.uk\/lt\/lyginamasis-kremas-veidui-ir-kaklui-su-placenta-50g\/\" \/>\n<meta property=\"og:site_name\" content=\"TianDe Online Shop - Beauty &amp; Health\" \/>\n<meta property=\"article:publisher\" content=\"https:\/\/www.facebook.com\/tiande.products.england\/\" \/>\n<meta property=\"article:modified_time\" content=\"2023-12-23T13:19:42+00:00\" \/>\n<meta property=\"og:image\" content=\"https:\/\/tiandeproducts.co.uk\/wp-content\/uploads\/2016\/04\/10303_new.png\" \/>\n\t<meta property=\"og:image:width\" content=\"700\" \/>\n\t<meta property=\"og:image:height\" content=\"700\" \/>\n\t<meta property=\"og:image:type\" content=\"image\/png\" \/>\n<meta name=\"twitter:card\" content=\"summary_large_image\" \/>\n<meta name=\"twitter:label1\" content=\"Est. reading time\" \/>\n\t<meta name=\"twitter:data1\" content=\"2 minut\u0117s\" \/>\n<script type=\"application\/ld+json\" class=\"yoast-schema-graph\">{\"@context\":\"https:\/\/schema.org\",\"@graph\":[{\"@type\":\"WebPage\",\"@id\":\"https:\/\/tiandeproducts.co.uk\/lt\/lyginamasis-kremas-veidui-ir-kaklui-su-placenta-50g\/\",\"url\":\"https:\/\/tiandeproducts.co.uk\/lt\/lyginamasis-kremas-veidui-ir-kaklui-su-placenta-50g\/\",\"name\":\"Lyginamasis kremas veidui ir kaklui su placenta, 50g. - TianDe Online Shop - Beauty &amp; Health\",\"isPartOf\":{\"@id\":\"https:\/\/tiandeproducts.co.uk\/#website\"},\"primaryImageOfPage\":{\"@id\":\"https:\/\/tiandeproducts.co.uk\/lt\/lyginamasis-kremas-veidui-ir-kaklui-su-placenta-50g\/#primaryimage\"},\"image\":{\"@id\":\"https:\/\/tiandeproducts.co.uk\/lt\/lyginamasis-kremas-veidui-ir-kaklui-su-placenta-50g\/#primaryimage\"},\"thumbnailUrl\":\"https:\/\/tiandeproducts.co.uk\/wp-content\/uploads\/2016\/04\/10303_new.png\",\"datePublished\":\"2016-04-19T19:30:59+00:00\",\"dateModified\":\"2023-12-23T13:19:42+00:00\",\"breadcrumb\":{\"@id\":\"https:\/\/tiandeproducts.co.uk\/lt\/lyginamasis-kremas-veidui-ir-kaklui-su-placenta-50g\/#breadcrumb\"},\"inLanguage\":\"lt-LT\",\"potentialAction\":[{\"@type\":\"ReadAction\",\"target\":[\"https:\/\/tiandeproducts.co.uk\/lt\/lyginamasis-kremas-veidui-ir-kaklui-su-placenta-50g\/\"]}]},{\"@type\":\"ImageObject\",\"inLanguage\":\"lt-LT\",\"@id\":\"https:\/\/tiandeproducts.co.uk\/lt\/lyginamasis-kremas-veidui-ir-kaklui-su-placenta-50g\/#primaryimage\",\"url\":\"https:\/\/tiandeproducts.co.uk\/wp-content\/uploads\/2016\/04\/10303_new.png\",\"contentUrl\":\"https:\/\/tiandeproducts.co.uk\/wp-content\/uploads\/2016\/04\/10303_new.png\",\"width\":700,\"height\":700,\"caption\":\"Sheep Placenta Spot-Removing Facial Cream,50g-0\"},{\"@type\":\"BreadcrumbList\",\"@id\":\"https:\/\/tiandeproducts.co.uk\/lt\/lyginamasis-kremas-veidui-ir-kaklui-su-placenta-50g\/#breadcrumb\",\"itemListElement\":[{\"@type\":\"ListItem\",\"position\":1,\"name\":\"Home\",\"item\":\"https:\/\/tiandeproducts.co.uk\/lt\/\"},{\"@type\":\"ListItem\",\"position\":2,\"name\":\"Shop\",\"item\":\"https:\/\/tiandeproducts.co.uk\/lt\/shop-2\/\"},{\"@type\":\"ListItem\",\"position\":3,\"name\":\"Lyginamasis kremas veidui ir kaklui su placenta, 50g.\"}]},{\"@type\":\"WebSite\",\"@id\":\"https:\/\/tiandeproducts.co.uk\/#website\",\"url\":\"https:\/\/tiandeproducts.co.uk\/\",\"name\":\"TianDe Online Shop - Beauty & Health\",\"description\":\"Traditional Chinese Medicine\",\"potentialAction\":[{\"@type\":\"SearchAction\",\"target\":{\"@type\":\"EntryPoint\",\"urlTemplate\":\"https:\/\/tiandeproducts.co.uk\/?s={search_term_string}\"},\"query-input\":{\"@type\":\"PropertyValueSpecification\",\"valueRequired\":true,\"valueName\":\"search_term_string\"}}],\"inLanguage\":\"lt-LT\"}]}<\/script>\n<!-- \/ Yoast SEO plugin. -->","yoast_head_json":{"title":"Lyginamasis kremas veidui ir kaklui su placenta, 50g. - TianDe Online Shop - Beauty &amp; Health","robots":{"index":"index","follow":"follow","max-snippet":"max-snippet:-1","max-image-preview":"max-image-preview:large","max-video-preview":"max-video-preview:-1"},"canonical":"https:\/\/tiandeproducts.co.uk\/lt\/lyginamasis-kremas-veidui-ir-kaklui-su-placenta-50g\/","og_locale":"lt_LT","og_type":"article","og_title":"Lyginamasis kremas veidui ir kaklui su placenta, 50g. - TianDe Online Shop - Beauty &amp; Health","og_description":"Kremas i\u0161lygina odos reljef\u0105 ir spalv\u0105, suma\u017eina pigmentines d\u0117mes ir randelius, likusius po spuog\u0173 ir ink\u0161tir\u0173. Priemon\u0117 efektyviai dr\u0117kina, atkuria nat\u016bralias odos apsaugos funkcijas, ma\u017eina paraudim\u0105 ir per\u0161t\u0117jim\u0105, stiprina odos elastingum\u0105 ir stangrum\u0105, u\u017ekerta keli\u0105 prie\u0161laikiniam odos sen\u0117jimui. Oda tampa lygesn\u0117 ir atjaun\u0117jusi. Vienas svarbiausi\u0173 kremo komponent\u0173 \u2013 avies \u0117riuko placenta \u2013 pa\u017eadina net genetin\u0119 [...]","og_url":"https:\/\/tiandeproducts.co.uk\/lt\/lyginamasis-kremas-veidui-ir-kaklui-su-placenta-50g\/","og_site_name":"TianDe Online Shop - Beauty &amp; Health","article_publisher":"https:\/\/www.facebook.com\/tiande.products.england\/","article_modified_time":"2023-12-23T13:19:42+00:00","og_image":[{"width":700,"height":700,"url":"https:\/\/tiandeproducts.co.uk\/wp-content\/uploads\/2016\/04\/10303_new.png","type":"image\/png"}],"twitter_card":"summary_large_image","twitter_misc":{"Est. reading time":"2 minut\u0117s"},"schema":{"@context":"https:\/\/schema.org","@graph":[{"@type":"WebPage","@id":"https:\/\/tiandeproducts.co.uk\/lt\/lyginamasis-kremas-veidui-ir-kaklui-su-placenta-50g\/","url":"https:\/\/tiandeproducts.co.uk\/lt\/lyginamasis-kremas-veidui-ir-kaklui-su-placenta-50g\/","name":"Lyginamasis kremas veidui ir kaklui su placenta, 50g. - TianDe Online Shop - Beauty &amp; Health","isPartOf":{"@id":"https:\/\/tiandeproducts.co.uk\/#website"},"primaryImageOfPage":{"@id":"https:\/\/tiandeproducts.co.uk\/lt\/lyginamasis-kremas-veidui-ir-kaklui-su-placenta-50g\/#primaryimage"},"image":{"@id":"https:\/\/tiandeproducts.co.uk\/lt\/lyginamasis-kremas-veidui-ir-kaklui-su-placenta-50g\/#primaryimage"},"thumbnailUrl":"https:\/\/tiandeproducts.co.uk\/wp-content\/uploads\/2016\/04\/10303_new.png","datePublished":"2016-04-19T19:30:59+00:00","dateModified":"2023-12-23T13:19:42+00:00","breadcrumb":{"@id":"https:\/\/tiandeproducts.co.uk\/lt\/lyginamasis-kremas-veidui-ir-kaklui-su-placenta-50g\/#breadcrumb"},"inLanguage":"lt-LT","potentialAction":[{"@type":"ReadAction","target":["https:\/\/tiandeproducts.co.uk\/lt\/lyginamasis-kremas-veidui-ir-kaklui-su-placenta-50g\/"]}]},{"@type":"ImageObject","inLanguage":"lt-LT","@id":"https:\/\/tiandeproducts.co.uk\/lt\/lyginamasis-kremas-veidui-ir-kaklui-su-placenta-50g\/#primaryimage","url":"https:\/\/tiandeproducts.co.uk\/wp-content\/uploads\/2016\/04\/10303_new.png","contentUrl":"https:\/\/tiandeproducts.co.uk\/wp-content\/uploads\/2016\/04\/10303_new.png","width":700,"height":700,"caption":"Sheep Placenta Spot-Removing Facial Cream,50g-0"},{"@type":"BreadcrumbList","@id":"https:\/\/tiandeproducts.co.uk\/lt\/lyginamasis-kremas-veidui-ir-kaklui-su-placenta-50g\/#breadcrumb","itemListElement":[{"@type":"ListItem","position":1,"name":"Home","item":"https:\/\/tiandeproducts.co.uk\/lt\/"},{"@type":"ListItem","position":2,"name":"Shop","item":"https:\/\/tiandeproducts.co.uk\/lt\/shop-2\/"},{"@type":"ListItem","position":3,"name":"Lyginamasis kremas veidui ir kaklui su placenta, 50g."}]},{"@type":"WebSite","@id":"https:\/\/tiandeproducts.co.uk\/#website","url":"https:\/\/tiandeproducts.co.uk\/","name":"TianDe Online Shop - Beauty & Health","description":"Traditional Chinese Medicine","potentialAction":[{"@type":"SearchAction","target":{"@type":"EntryPoint","urlTemplate":"https:\/\/tiandeproducts.co.uk\/?s={search_term_string}"},"query-input":{"@type":"PropertyValueSpecification","valueRequired":true,"valueName":"search_term_string"}}],"inLanguage":"lt-LT"}]}},"_links":{"self":[{"href":"https:\/\/tiandeproducts.co.uk\/lt\/wp-json\/wp\/v2\/product\/3764","targetHints":{"allow":["GET"]}}],"collection":[{"href":"https:\/\/tiandeproducts.co.uk\/lt\/wp-json\/wp\/v2\/product"}],"about":[{"href":"https:\/\/tiandeproducts.co.uk\/lt\/wp-json\/wp\/v2\/types\/product"}],"replies":[{"embeddable":true,"href":"https:\/\/tiandeproducts.co.uk\/lt\/wp-json\/wp\/v2\/comments?post=3764"}],"wp:featuredmedia":[{"embeddable":true,"href":"https:\/\/tiandeproducts.co.uk\/lt\/wp-json\/wp\/v2\/media\/972"}],"wp:attachment":[{"href":"https:\/\/tiandeproducts.co.uk\/lt\/wp-json\/wp\/v2\/media?parent=3764"}],"wp:term":[{"taxonomy":"product_cat","embeddable":true,"href":"https:\/\/tiandeproducts.co.uk\/lt\/wp-json\/wp\/v2\/product_cat?post=3764"},{"taxonomy":"product_tag","embeddable":true,"href":"https:\/\/tiandeproducts.co.uk\/lt\/wp-json\/wp\/v2\/product_tag?post=3764"}],"curies":[{"name":"wp","href":"https:\/\/api.w.org\/{rel}","templated":true}]}}