{"id":3763,"date":"2016-04-07T18:46:31","date_gmt":"2016-04-07T17:46:31","guid":{"rendered":"https:\/\/tnd.ontesting.co.uk\/pilingas-veidui-su-placenta-80g\/"},"modified":"2020-04-22T11:50:20","modified_gmt":"2020-04-22T10:50:20","slug":"pilingas-veidui-su-placenta-80g","status":"publish","type":"product","link":"https:\/\/tiandeproducts.co.uk\/lt\/pilingas-veidui-su-placenta-80g\/","title":{"rendered":"Pilingas veidui su placenta, 80g."},"content":{"rendered":"<p>Greitai ir \u0161velniai pa\u0161alina pavir\u0161in\u012f negyv\u0173 l\u0105steli\u0173 sluoksn\u012f (kas i\u0161 karto ma\u017eina rauk\u0161li\u0173 gyl\u012f), skatina regeneracijos procesus, pagerina odos med\u017eiag\u0173 apykait\u0105 ir l\u0105steli\u0173 dalinim\u0105si. Biologi\u0161kai aktyviosios med\u017eiagos maitina, dr\u0117kina ir tonizuoja od\u0105, lygina jos tekst\u016br\u0105, atstato nat\u016brali\u0105 spalv\u0105 ir elastingum\u0105. Priemon\u0117 nepa\u017eeid\u017eia odos pavir\u0161iaus, nesukelia alergijos. Be abrazyvini\u0173 daleli\u0173. Rezultatas &#8211; oda tampa \u0161velni, \u0161vari, sveika ir elastinga.<\/p>\n<p>Vir\u0161utinio epiderminio odos sluoksnio pa\u0161alinimas suteikia galimyb\u0119 atsinaujinti odos l\u0105stel\u0117ms. Pa\u0161alinus pavir\u0161in\u012f odos sluoksn\u012f giluminiuose jos audiniuose paskatinama pagrindini\u0173 odos element\u0173 \u2013 elastino ir kolageno gamyba.<\/p>\n<p>Pilingo i\u0161skirtin\u0117 sudedamoji dalis \u2013 avies \u0117riuko placenta. Jos sud\u0117tyje yra per \u0161imt\u0105 biologi\u0161kai aktyvi\u0173 med\u017eiag\u0173 ir mikroelement\u0173, kuriais maitinasi u\u017esimezg\u0119s jauniklis. Placenta labai artima \u017emogaus odai, tod\u0117l ji greitai ir efektyviai regeneruoja. Naudojant kosmetik\u0105 su placenta, atsikuria pa\u017eeistos odos l\u0105stel\u0117s, oda patempiama ne mechani\u0161kai, o d\u0117l ypa\u010d greito l\u0105steli\u0173 dalijimosi ir nauj\u0173 sveik\u0173 l\u0105steli\u0173 atsiradimo. Toki\u0173 veiksming\u0173 komponent\u0173 ne\u012fmanoma i\u0161gauti i\u0161 augal\u0173. Pagrindin\u0117 avies \u0117riuko placentos u\u017eduotis \u2013 odos imunini\u0173 l\u0105steli\u0173 biostimuliacija, pilnavertis maitinimas bei laisv\u0173j\u0173 radikal\u0173 blokavimas. \u0160ioje kosmetikos priemon\u0117je naudojamas i\u0161valytas nuo hormon\u0173 placentos ekstraktas.<\/p>\n<p><strong>Tinka visiems odos tipams<\/strong><\/p>\n<ol>\n<li>riebiai odai &#8211; 2-3 kartus per savait\u0119;<\/li>\n<li>normaliai odai &#8211; 1-2 kartus per savait\u0119;<\/li>\n<li>sausai ir jautriai odai &#8211; 1 kart\u0105 per dvi savaites.<\/li>\n<\/ol>\n<p><strong>Naudojimas:<\/strong><br \/>\nU\u017etepkite nedidel\u012f kiek\u012f pilingo ant \u0161varios veido odos (venkite aki\u0173 srities), masa\u017euokite 1-2 min. ir kruop\u0161\u010diai nuplaukite dideliu kiekiu \u0161ilto vandens. Proced\u016bra nerekomenduojama prie\u0161 deginim\u0105si.<\/p>\n<p><strong>Veikliosios med\u017eiagos:\u00a0<\/strong><\/p>\n<p><strong>Placentos ekstraktas<\/strong>\u00a0skatina kolageno ir elastino sintez\u0119, giliai dr\u0117kina ir stangrina, lygina rauk\u0161les, gerina odos tonus\u0105 ir spalv\u0105, l\u0117tina sen\u0117jimo procesus. D\u0117l placentos ekstrakto stimuliuojamojo poveikio audini\u0173 med\u017eiag\u0173 apykaitai, skatinama audini\u0173 regeneracija, reguliuojamos imunin\u0117s odos reakcijos, didinamas odos atsparumas alergenams. Placentos ekstrakte gausu aminor\u016bg\u0161\u010di\u0173, baltym\u0173, augimo faktori\u0173, mineral\u0173: kalio, magnio, natrio, kalcio, cinko, seleno, fosforo, gele\u017eies, silicio, mangano ir kt.; vitamin\u0173: A, D, C, B1, B2, B3, B6, B12; ferment\u0173, polineso\u010di\u0173j\u0173 nepakei\u010diam\u0173j\u0173 riebal\u0173 r\u016bg\u0161\u010di\u0173 ir kt.<\/p>\n<p><strong>Alavijo ekstraktas<\/strong>\u00a0&#8211; pats efektyviausias gamtoje randamas nat\u016bralus odos dr\u0117kiklis, puikus antiseptikas, prie\u0161u\u017edegiminis preparatas ir UV spinduli\u0173 filtras (ramina saul\u0117s sudirgint\u0105 od\u0105). Aktyviosios med\u017eiagos pasi\u017eymi antibakteriniu veikimu, skatina regeneracijos procesus, suteikia elastingumo, lygina smulkias rauk\u0161leles.<\/p>\n<p><strong>Augal\u0173 aminor\u016bg\u0161tys<\/strong>\u00a0maitina ir regeneruoja od\u0105, gerina med\u017eiag\u0173 apykait\u0105, u\u017ekerta keli\u0105 rauk\u0161li\u0173 atsiradimui, daro j\u0105 lygesne ir \u0161velnesne.<\/p>\n<p><strong>Vitaminas E<\/strong>\u00a0maitina od\u0105, skatina regeneracijos ir l\u0117tina sen\u0117jimo procesus, neutralizuoja laisv\u0173j\u0173 radikal\u0173 poveik\u012f.<\/p>\n","protected":false},"excerpt":{"rendered":"<p>Greitai ir \u0161velniai pa\u0161alina pavir\u0161in\u012f negyv\u0173 l\u0105steli\u0173 sluoksn\u012f (kas i\u0161 karto ma\u017eina rauk\u0161li\u0173 gyl\u012f), skatina regeneracijos procesus, pagerina odos med\u017eiag\u0173 apykait\u0105 ir l\u0105steli\u0173 dalinim\u0105si. Biologi\u0161kai aktyviosios med\u017eiagos maitina, dr\u0117kina ir tonizuoja od\u0105, lygina jos tekst\u016br\u0105, atstato nat\u016brali\u0105 spalv\u0105 ir elastingum\u0105. Priemon\u0117 nepa\u017eeid\u017eia odos pavir\u0161iaus, nesukelia alergijos. Be abrazyvini\u0173 daleli\u0173. Rezultatas &#8211; oda tampa \u0161velni, \u0161vari, [&#8230;]\n","protected":false},"featured_media":862,"comment_status":"closed","ping_status":"closed","template":"","meta":[],"product_cat":[594,561,506],"product_tag":[],"class_list":{"0":"post-3763","1":"product","2":"type-product","3":"status-publish","4":"has-post-thumbnail","6":"product_cat-sheep-placenta-lt","7":"product_cat-veido-prausikliaipilingai","8":"product_cat-veidui","10":"first","11":"instock","12":"shipping-taxable","13":"purchasable","14":"product-type-simple"},"yoast_head":"<!-- This site is optimized with the Yoast SEO plugin v23.6 - https:\/\/yoast.com\/wordpress\/plugins\/seo\/ -->\n<title>Pilingas veidui su placenta, 80g. - TianDe Online Shop - Beauty &amp; Health<\/title>\n<meta name=\"robots\" content=\"index, follow, max-snippet:-1, max-image-preview:large, max-video-preview:-1\" \/>\n<link rel=\"canonical\" href=\"https:\/\/tiandeproducts.co.uk\/lt\/pilingas-veidui-su-placenta-80g\/\" \/>\n<meta property=\"og:locale\" content=\"lt_LT\" \/>\n<meta property=\"og:type\" content=\"article\" \/>\n<meta property=\"og:title\" content=\"Pilingas veidui su placenta, 80g. - TianDe Online Shop - Beauty &amp; Health\" \/>\n<meta property=\"og:description\" content=\"Greitai ir \u0161velniai pa\u0161alina pavir\u0161in\u012f negyv\u0173 l\u0105steli\u0173 sluoksn\u012f (kas i\u0161 karto ma\u017eina rauk\u0161li\u0173 gyl\u012f), skatina regeneracijos procesus, pagerina odos med\u017eiag\u0173 apykait\u0105 ir l\u0105steli\u0173 dalinim\u0105si. Biologi\u0161kai aktyviosios med\u017eiagos maitina, dr\u0117kina ir tonizuoja od\u0105, lygina jos tekst\u016br\u0105, atstato nat\u016brali\u0105 spalv\u0105 ir elastingum\u0105. Priemon\u0117 nepa\u017eeid\u017eia odos pavir\u0161iaus, nesukelia alergijos. Be abrazyvini\u0173 daleli\u0173. Rezultatas &#8211; oda tampa \u0161velni, \u0161vari, [...]\" \/>\n<meta property=\"og:url\" content=\"https:\/\/tiandeproducts.co.uk\/lt\/pilingas-veidui-su-placenta-80g\/\" \/>\n<meta property=\"og:site_name\" content=\"TianDe Online Shop - Beauty &amp; Health\" \/>\n<meta property=\"article:publisher\" content=\"https:\/\/www.facebook.com\/tiande.products.england\/\" \/>\n<meta property=\"article:modified_time\" content=\"2020-04-22T10:50:20+00:00\" \/>\n<meta property=\"og:image\" content=\"https:\/\/tiandeproducts.co.uk\/wp-content\/uploads\/2016\/04\/10301_new.png\" \/>\n\t<meta property=\"og:image:width\" content=\"700\" \/>\n\t<meta property=\"og:image:height\" content=\"700\" \/>\n\t<meta property=\"og:image:type\" content=\"image\/png\" \/>\n<meta name=\"twitter:card\" content=\"summary_large_image\" \/>\n<meta name=\"twitter:label1\" content=\"Est. reading time\" \/>\n\t<meta name=\"twitter:data1\" content=\"2 minut\u0117s\" \/>\n<script type=\"application\/ld+json\" class=\"yoast-schema-graph\">{\"@context\":\"https:\/\/schema.org\",\"@graph\":[{\"@type\":\"WebPage\",\"@id\":\"https:\/\/tiandeproducts.co.uk\/lt\/pilingas-veidui-su-placenta-80g\/\",\"url\":\"https:\/\/tiandeproducts.co.uk\/lt\/pilingas-veidui-su-placenta-80g\/\",\"name\":\"Pilingas veidui su placenta, 80g. - TianDe Online Shop - Beauty &amp; Health\",\"isPartOf\":{\"@id\":\"https:\/\/tiandeproducts.co.uk\/#website\"},\"primaryImageOfPage\":{\"@id\":\"https:\/\/tiandeproducts.co.uk\/lt\/pilingas-veidui-su-placenta-80g\/#primaryimage\"},\"image\":{\"@id\":\"https:\/\/tiandeproducts.co.uk\/lt\/pilingas-veidui-su-placenta-80g\/#primaryimage\"},\"thumbnailUrl\":\"https:\/\/tiandeproducts.co.uk\/wp-content\/uploads\/2016\/04\/10301_new.png\",\"datePublished\":\"2016-04-07T17:46:31+00:00\",\"dateModified\":\"2020-04-22T10:50:20+00:00\",\"breadcrumb\":{\"@id\":\"https:\/\/tiandeproducts.co.uk\/lt\/pilingas-veidui-su-placenta-80g\/#breadcrumb\"},\"inLanguage\":\"lt-LT\",\"potentialAction\":[{\"@type\":\"ReadAction\",\"target\":[\"https:\/\/tiandeproducts.co.uk\/lt\/pilingas-veidui-su-placenta-80g\/\"]}]},{\"@type\":\"ImageObject\",\"inLanguage\":\"lt-LT\",\"@id\":\"https:\/\/tiandeproducts.co.uk\/lt\/pilingas-veidui-su-placenta-80g\/#primaryimage\",\"url\":\"https:\/\/tiandeproducts.co.uk\/wp-content\/uploads\/2016\/04\/10301_new.png\",\"contentUrl\":\"https:\/\/tiandeproducts.co.uk\/wp-content\/uploads\/2016\/04\/10301_new.png\",\"width\":700,\"height\":700,\"caption\":\"Sheep Placenta Facial Peeling,Extra Cleansing,80g-0\"},{\"@type\":\"BreadcrumbList\",\"@id\":\"https:\/\/tiandeproducts.co.uk\/lt\/pilingas-veidui-su-placenta-80g\/#breadcrumb\",\"itemListElement\":[{\"@type\":\"ListItem\",\"position\":1,\"name\":\"Home\",\"item\":\"https:\/\/tiandeproducts.co.uk\/lt\/\"},{\"@type\":\"ListItem\",\"position\":2,\"name\":\"Shop\",\"item\":\"https:\/\/tiandeproducts.co.uk\/lt\/shop-2\/\"},{\"@type\":\"ListItem\",\"position\":3,\"name\":\"Pilingas veidui su placenta, 80g.\"}]},{\"@type\":\"WebSite\",\"@id\":\"https:\/\/tiandeproducts.co.uk\/#website\",\"url\":\"https:\/\/tiandeproducts.co.uk\/\",\"name\":\"TianDe Online Shop - Beauty & Health\",\"description\":\"Traditional Chinese Medicine\",\"potentialAction\":[{\"@type\":\"SearchAction\",\"target\":{\"@type\":\"EntryPoint\",\"urlTemplate\":\"https:\/\/tiandeproducts.co.uk\/?s={search_term_string}\"},\"query-input\":{\"@type\":\"PropertyValueSpecification\",\"valueRequired\":true,\"valueName\":\"search_term_string\"}}],\"inLanguage\":\"lt-LT\"}]}<\/script>\n<!-- \/ Yoast SEO plugin. -->","yoast_head_json":{"title":"Pilingas veidui su placenta, 80g. - TianDe Online Shop - Beauty &amp; Health","robots":{"index":"index","follow":"follow","max-snippet":"max-snippet:-1","max-image-preview":"max-image-preview:large","max-video-preview":"max-video-preview:-1"},"canonical":"https:\/\/tiandeproducts.co.uk\/lt\/pilingas-veidui-su-placenta-80g\/","og_locale":"lt_LT","og_type":"article","og_title":"Pilingas veidui su placenta, 80g. - TianDe Online Shop - Beauty &amp; Health","og_description":"Greitai ir \u0161velniai pa\u0161alina pavir\u0161in\u012f negyv\u0173 l\u0105steli\u0173 sluoksn\u012f (kas i\u0161 karto ma\u017eina rauk\u0161li\u0173 gyl\u012f), skatina regeneracijos procesus, pagerina odos med\u017eiag\u0173 apykait\u0105 ir l\u0105steli\u0173 dalinim\u0105si. Biologi\u0161kai aktyviosios med\u017eiagos maitina, dr\u0117kina ir tonizuoja od\u0105, lygina jos tekst\u016br\u0105, atstato nat\u016brali\u0105 spalv\u0105 ir elastingum\u0105. Priemon\u0117 nepa\u017eeid\u017eia odos pavir\u0161iaus, nesukelia alergijos. Be abrazyvini\u0173 daleli\u0173. Rezultatas &#8211; oda tampa \u0161velni, \u0161vari, [...]","og_url":"https:\/\/tiandeproducts.co.uk\/lt\/pilingas-veidui-su-placenta-80g\/","og_site_name":"TianDe Online Shop - Beauty &amp; Health","article_publisher":"https:\/\/www.facebook.com\/tiande.products.england\/","article_modified_time":"2020-04-22T10:50:20+00:00","og_image":[{"width":700,"height":700,"url":"https:\/\/tiandeproducts.co.uk\/wp-content\/uploads\/2016\/04\/10301_new.png","type":"image\/png"}],"twitter_card":"summary_large_image","twitter_misc":{"Est. reading time":"2 minut\u0117s"},"schema":{"@context":"https:\/\/schema.org","@graph":[{"@type":"WebPage","@id":"https:\/\/tiandeproducts.co.uk\/lt\/pilingas-veidui-su-placenta-80g\/","url":"https:\/\/tiandeproducts.co.uk\/lt\/pilingas-veidui-su-placenta-80g\/","name":"Pilingas veidui su placenta, 80g. - TianDe Online Shop - Beauty &amp; Health","isPartOf":{"@id":"https:\/\/tiandeproducts.co.uk\/#website"},"primaryImageOfPage":{"@id":"https:\/\/tiandeproducts.co.uk\/lt\/pilingas-veidui-su-placenta-80g\/#primaryimage"},"image":{"@id":"https:\/\/tiandeproducts.co.uk\/lt\/pilingas-veidui-su-placenta-80g\/#primaryimage"},"thumbnailUrl":"https:\/\/tiandeproducts.co.uk\/wp-content\/uploads\/2016\/04\/10301_new.png","datePublished":"2016-04-07T17:46:31+00:00","dateModified":"2020-04-22T10:50:20+00:00","breadcrumb":{"@id":"https:\/\/tiandeproducts.co.uk\/lt\/pilingas-veidui-su-placenta-80g\/#breadcrumb"},"inLanguage":"lt-LT","potentialAction":[{"@type":"ReadAction","target":["https:\/\/tiandeproducts.co.uk\/lt\/pilingas-veidui-su-placenta-80g\/"]}]},{"@type":"ImageObject","inLanguage":"lt-LT","@id":"https:\/\/tiandeproducts.co.uk\/lt\/pilingas-veidui-su-placenta-80g\/#primaryimage","url":"https:\/\/tiandeproducts.co.uk\/wp-content\/uploads\/2016\/04\/10301_new.png","contentUrl":"https:\/\/tiandeproducts.co.uk\/wp-content\/uploads\/2016\/04\/10301_new.png","width":700,"height":700,"caption":"Sheep Placenta Facial Peeling,Extra Cleansing,80g-0"},{"@type":"BreadcrumbList","@id":"https:\/\/tiandeproducts.co.uk\/lt\/pilingas-veidui-su-placenta-80g\/#breadcrumb","itemListElement":[{"@type":"ListItem","position":1,"name":"Home","item":"https:\/\/tiandeproducts.co.uk\/lt\/"},{"@type":"ListItem","position":2,"name":"Shop","item":"https:\/\/tiandeproducts.co.uk\/lt\/shop-2\/"},{"@type":"ListItem","position":3,"name":"Pilingas veidui su placenta, 80g."}]},{"@type":"WebSite","@id":"https:\/\/tiandeproducts.co.uk\/#website","url":"https:\/\/tiandeproducts.co.uk\/","name":"TianDe Online Shop - Beauty & Health","description":"Traditional Chinese Medicine","potentialAction":[{"@type":"SearchAction","target":{"@type":"EntryPoint","urlTemplate":"https:\/\/tiandeproducts.co.uk\/?s={search_term_string}"},"query-input":{"@type":"PropertyValueSpecification","valueRequired":true,"valueName":"search_term_string"}}],"inLanguage":"lt-LT"}]}},"_links":{"self":[{"href":"https:\/\/tiandeproducts.co.uk\/lt\/wp-json\/wp\/v2\/product\/3763","targetHints":{"allow":["GET"]}}],"collection":[{"href":"https:\/\/tiandeproducts.co.uk\/lt\/wp-json\/wp\/v2\/product"}],"about":[{"href":"https:\/\/tiandeproducts.co.uk\/lt\/wp-json\/wp\/v2\/types\/product"}],"replies":[{"embeddable":true,"href":"https:\/\/tiandeproducts.co.uk\/lt\/wp-json\/wp\/v2\/comments?post=3763"}],"wp:featuredmedia":[{"embeddable":true,"href":"https:\/\/tiandeproducts.co.uk\/lt\/wp-json\/wp\/v2\/media\/862"}],"wp:attachment":[{"href":"https:\/\/tiandeproducts.co.uk\/lt\/wp-json\/wp\/v2\/media?parent=3763"}],"wp:term":[{"taxonomy":"product_cat","embeddable":true,"href":"https:\/\/tiandeproducts.co.uk\/lt\/wp-json\/wp\/v2\/product_cat?post=3763"},{"taxonomy":"product_tag","embeddable":true,"href":"https:\/\/tiandeproducts.co.uk\/lt\/wp-json\/wp\/v2\/product_tag?post=3763"}],"curies":[{"name":"wp","href":"https:\/\/api.w.org\/{rel}","templated":true}]}}