{"id":3762,"date":"2017-09-19T13:30:19","date_gmt":"2017-09-19T12:30:19","guid":{"rendered":"https:\/\/tnd.ontesting.co.uk\/tonikas-veidui-su-placenta-100ml\/"},"modified":"2021-02-12T12:39:29","modified_gmt":"2021-02-12T12:39:29","slug":"tonikas-veidui-su-placenta-100ml","status":"publish","type":"product","link":"https:\/\/tiandeproducts.co.uk\/lt\/tonikas-veidui-su-placenta-100ml\/","title":{"rendered":"Tonikas veidui su placenta, 100ml."},"content":{"rendered":"<p><img decoding=\"async\" style=\"max-width: 16px; margin-right: 5px;\" src=\"https:\/\/tiandeproducts.co.uk\/wp-content\/uploads\/points-green.svg\" \/>\u00a0Earn 9 points worth \u00a30.45 when buying this product<\/p>\n<p>Tonikas ypa\u010d \u0161velniai ir \u0161variai nuvalo od\u0105, suteikia jai gaivumo poj\u016bt\u012f, nuramina sudirgusi\u0105 od\u0105. Juo lengvai pa\u0161alinsite makia\u017eo liku\u010dius, sutrauksite poras bei u\u017ebaigsite odos valymo proced\u016br\u0105, be jokio nepageidaujamo lip\u0161nios odos ar tempimo poj\u016b\u010dio. Aktyv\u016bs komponentai prisotina od\u0105 gyvybi\u0161kai svarbia dr\u0117gme, palaiko tinkam\u0105 odos pH balans\u0105, pagreitina l\u0105steli\u0173 atsinaujinimo procesus, pagerina kit\u0173 kosmetikos komponent\u0173 \u012fsisavinim\u0105. Toniko sud\u0117tyje n\u0117ra spirito ir paraben\u0173, oda nei\u0161saus\u0117ja, nepraranda dr\u0117gm\u0117s.<\/p>\n<p>Vienas svarbiausi\u0173 toniko komponent\u0173 \u2013 avies \u0117riuko placenta \u2013 pa\u017eadina net genetin\u0119 odos atmint\u012f, sustiprina kolageno sintez\u0119. Jos sud\u0117tyje yra per \u0161imt\u0105 biologi\u0161kai aktyvi\u0173 med\u017eiag\u0173 ir mikroelement\u0173, kuriais maitinasi u\u017esimezg\u0119s jauniklis. Placenta labai artima \u017emogaus odai, tod\u0117l ji greitai ir efektyviai regeneruoja. Naudojant kosmetik\u0105 su placenta, atsikuria pa\u017eeistos odos l\u0105stel\u0117s, oda patempiama ne mechani\u0161kai, o d\u0117l ypa\u010d greito l\u0105steli\u0173 dalijimosi ir nauj\u0173 sveik\u0173 l\u0105steli\u0173 atsiradimo. Toki\u0173 veiksming\u0173 komponent\u0173 ne\u012fmanoma i\u0161gauti i\u0161 augal\u0173. Pagrindin\u0117 avies \u0117riuko placentos u\u017eduotis \u2013 odos imunini\u0173 l\u0105steli\u0173 biostimuliacija, pilnavertis maitinimas bei laisv\u0173j\u0173 radikal\u0173 blokavimas. \u0160ioje kosmetikos priemon\u0117je naudojamas i\u0161valytas nuo hormon\u0173 placentos ekstraktas.<\/p>\n<p><strong>Naudojimas:<\/strong><br \/>\nAnt dr\u0117gnos kempin\u0117l\u0117s u\u017ela\u0161inkite 5 &#8211; 6 la\u0161us losjono ir \u0161velniais judesiais kruop\u0161\u010diai valykite od\u0105 nuo kaktos link smakro (i\u0161skyrus paaki\u0173 srit\u012f).<\/p>\n<p><strong>Veikliosios med\u017eiagos:<\/strong><\/p>\n<p><strong>Placentos ekstraktas<\/strong>\u00a0skatina kolageno ir elastino sintez\u0119, giliai dr\u0117kina ir stangrina, lygina rauk\u0161les, gerina odos tonus\u0105 ir spalv\u0105, l\u0117tina sen\u0117jimo procesus. D\u0117l placentos ekstrakto stimuliuojamojo poveikio audini\u0173 med\u017eiag\u0173 apykaitai, skatinama audini\u0173 regeneracija, reguliuojamos imunin\u0117s odos reakcijos, didinamas odos atsparumas alergenams. Placentos ekstrakte gausu aminor\u016bg\u0161\u010di\u0173, baltym\u0173, augimo faktori\u0173, mineral\u0173: kalio, magnio, natrio, kalcio, cinko, seleno, fosforo, gele\u017eies, silicio, mangano ir kt.; vitamin\u0173: A, D, C, B1, B2, B3, B6, B12; ferment\u0173, polineso\u010di\u0173j\u0173 nepakei\u010diam\u0173j\u0173 riebal\u0173 r\u016bg\u0161\u010di\u0173 ir kt.<\/p>\n<p><strong>Hamamelij\u0173 lap\u0173 ekstrakte<\/strong>\u00a0esantys flavonoidai, eteriniai aliejai, \u012fvairios raugin\u0117s med\u017eiagos slopina u\u017edegimus ir odos sudirginimus, normalizuoja riebalini\u0173 liauk\u0173 sekrecij\u0105, turi prie\u0161u\u017edegimin\u012f, nuskausminam\u0105j\u012f poveik\u012f, tonizuoja ir gaivina od\u0105. Ekstraktas labai veiksmingas ir rekomenduojamas \u0161iurk\u0161\u010diai, \u0161erpetojan\u010diai ir jautriai veido odai.<\/p>\n<p><strong>Natrio hialuronatas<\/strong>\u00a0&#8211; biotechnologi\u0161kai i\u0161valytas preparatas, gaunamas labai sud\u0117tingos hialurono r\u016bg\u0161ties ir natrio jon\u0173 sintez\u0117s d\u0117ka. Jis suteikia stipr\u0173 dr\u0117kinant\u012f efekt\u0105, stimuliuoja regeneracijos procesus, pasi\u017eymi prie\u0161u\u017edegiminiu poveikiu, dr\u0117kina ir lygina epiderm\u012f.<\/p>\n","protected":false},"excerpt":{"rendered":"<p>\u00a0Earn 9 points worth \u00a30.45 when buying this product Tonikas ypa\u010d \u0161velniai ir \u0161variai nuvalo od\u0105, suteikia jai gaivumo poj\u016bt\u012f, nuramina sudirgusi\u0105 od\u0105. Juo lengvai pa\u0161alinsite makia\u017eo liku\u010dius, sutrauksite poras bei u\u017ebaigsite odos valymo proced\u016br\u0105, be jokio nepageidaujamo lip\u0161nios odos ar tempimo poj\u016b\u010dio. Aktyv\u016bs komponentai prisotina od\u0105 gyvybi\u0161kai svarbia dr\u0117gme, palaiko tinkam\u0105 odos pH balans\u0105, [&#8230;]\n","protected":false},"featured_media":1715,"comment_status":"closed","ping_status":"closed","template":"","meta":[],"product_cat":[576,567,594,610,506],"product_tag":[],"class_list":{"0":"post-3762","1":"product","2":"type-product","3":"status-publish","4":"has-post-thumbnail","6":"product_cat-drekinimas","7":"product_cat-drekinimas-ir-maitinimas","8":"product_cat-sheep-placenta-lt","9":"product_cat-tonikai-ir-losjonai","10":"product_cat-veidui","12":"first","13":"instock","14":"shipping-taxable","15":"purchasable","16":"product-type-simple"},"yoast_head":"<!-- This site is optimized with the Yoast SEO plugin v23.6 - https:\/\/yoast.com\/wordpress\/plugins\/seo\/ -->\n<title>Tonikas veidui su placenta, 100ml. - TianDe Online Shop - Beauty &amp; Health<\/title>\n<meta name=\"robots\" content=\"index, follow, max-snippet:-1, max-image-preview:large, max-video-preview:-1\" \/>\n<link rel=\"canonical\" href=\"https:\/\/tiandeproducts.co.uk\/lt\/tonikas-veidui-su-placenta-100ml\/\" \/>\n<meta property=\"og:locale\" content=\"lt_LT\" \/>\n<meta property=\"og:type\" content=\"article\" \/>\n<meta property=\"og:title\" content=\"Tonikas veidui su placenta, 100ml. - TianDe Online Shop - Beauty &amp; Health\" \/>\n<meta property=\"og:description\" content=\"\u00a0Earn 9 points worth \u00a30.45 when buying this product Tonikas ypa\u010d \u0161velniai ir \u0161variai nuvalo od\u0105, suteikia jai gaivumo poj\u016bt\u012f, nuramina sudirgusi\u0105 od\u0105. Juo lengvai pa\u0161alinsite makia\u017eo liku\u010dius, sutrauksite poras bei u\u017ebaigsite odos valymo proced\u016br\u0105, be jokio nepageidaujamo lip\u0161nios odos ar tempimo poj\u016b\u010dio. Aktyv\u016bs komponentai prisotina od\u0105 gyvybi\u0161kai svarbia dr\u0117gme, palaiko tinkam\u0105 odos pH balans\u0105, [...]\" \/>\n<meta property=\"og:url\" content=\"https:\/\/tiandeproducts.co.uk\/lt\/tonikas-veidui-su-placenta-100ml\/\" \/>\n<meta property=\"og:site_name\" content=\"TianDe Online Shop - Beauty &amp; Health\" \/>\n<meta property=\"article:publisher\" content=\"https:\/\/www.facebook.com\/tiande.products.england\/\" \/>\n<meta property=\"article:modified_time\" content=\"2021-02-12T12:39:29+00:00\" \/>\n<meta property=\"og:image\" content=\"https:\/\/tiandeproducts.co.uk\/wp-content\/uploads\/2017\/09\/10308.jpg\" \/>\n\t<meta property=\"og:image:width\" content=\"800\" \/>\n\t<meta property=\"og:image:height\" content=\"800\" \/>\n\t<meta property=\"og:image:type\" content=\"image\/jpeg\" \/>\n<meta name=\"twitter:card\" content=\"summary_large_image\" \/>\n<meta name=\"twitter:label1\" content=\"Est. reading time\" \/>\n\t<meta name=\"twitter:data1\" content=\"2 minut\u0117s\" \/>\n<script type=\"application\/ld+json\" class=\"yoast-schema-graph\">{\"@context\":\"https:\/\/schema.org\",\"@graph\":[{\"@type\":\"WebPage\",\"@id\":\"https:\/\/tiandeproducts.co.uk\/lt\/tonikas-veidui-su-placenta-100ml\/\",\"url\":\"https:\/\/tiandeproducts.co.uk\/lt\/tonikas-veidui-su-placenta-100ml\/\",\"name\":\"Tonikas veidui su placenta, 100ml. - TianDe Online Shop - Beauty &amp; Health\",\"isPartOf\":{\"@id\":\"https:\/\/tiandeproducts.co.uk\/#website\"},\"primaryImageOfPage\":{\"@id\":\"https:\/\/tiandeproducts.co.uk\/lt\/tonikas-veidui-su-placenta-100ml\/#primaryimage\"},\"image\":{\"@id\":\"https:\/\/tiandeproducts.co.uk\/lt\/tonikas-veidui-su-placenta-100ml\/#primaryimage\"},\"thumbnailUrl\":\"https:\/\/tiandeproducts.co.uk\/wp-content\/uploads\/2017\/09\/10308.jpg\",\"datePublished\":\"2017-09-19T12:30:19+00:00\",\"dateModified\":\"2021-02-12T12:39:29+00:00\",\"breadcrumb\":{\"@id\":\"https:\/\/tiandeproducts.co.uk\/lt\/tonikas-veidui-su-placenta-100ml\/#breadcrumb\"},\"inLanguage\":\"lt-LT\",\"potentialAction\":[{\"@type\":\"ReadAction\",\"target\":[\"https:\/\/tiandeproducts.co.uk\/lt\/tonikas-veidui-su-placenta-100ml\/\"]}]},{\"@type\":\"ImageObject\",\"inLanguage\":\"lt-LT\",\"@id\":\"https:\/\/tiandeproducts.co.uk\/lt\/tonikas-veidui-su-placenta-100ml\/#primaryimage\",\"url\":\"https:\/\/tiandeproducts.co.uk\/wp-content\/uploads\/2017\/09\/10308.jpg\",\"contentUrl\":\"https:\/\/tiandeproducts.co.uk\/wp-content\/uploads\/2017\/09\/10308.jpg\",\"width\":800,\"height\":800,\"caption\":\"Sheep Placenta Facial toner,Alcohol & Paraben Free,100ml-0\"},{\"@type\":\"BreadcrumbList\",\"@id\":\"https:\/\/tiandeproducts.co.uk\/lt\/tonikas-veidui-su-placenta-100ml\/#breadcrumb\",\"itemListElement\":[{\"@type\":\"ListItem\",\"position\":1,\"name\":\"Home\",\"item\":\"https:\/\/tiandeproducts.co.uk\/lt\/\"},{\"@type\":\"ListItem\",\"position\":2,\"name\":\"Shop\",\"item\":\"https:\/\/tiandeproducts.co.uk\/lt\/shop-2\/\"},{\"@type\":\"ListItem\",\"position\":3,\"name\":\"Tonikas veidui su placenta, 100ml.\"}]},{\"@type\":\"WebSite\",\"@id\":\"https:\/\/tiandeproducts.co.uk\/#website\",\"url\":\"https:\/\/tiandeproducts.co.uk\/\",\"name\":\"TianDe Online Shop - Beauty & Health\",\"description\":\"Traditional Chinese Medicine\",\"potentialAction\":[{\"@type\":\"SearchAction\",\"target\":{\"@type\":\"EntryPoint\",\"urlTemplate\":\"https:\/\/tiandeproducts.co.uk\/?s={search_term_string}\"},\"query-input\":{\"@type\":\"PropertyValueSpecification\",\"valueRequired\":true,\"valueName\":\"search_term_string\"}}],\"inLanguage\":\"lt-LT\"}]}<\/script>\n<!-- \/ Yoast SEO plugin. -->","yoast_head_json":{"title":"Tonikas veidui su placenta, 100ml. - TianDe Online Shop - Beauty &amp; Health","robots":{"index":"index","follow":"follow","max-snippet":"max-snippet:-1","max-image-preview":"max-image-preview:large","max-video-preview":"max-video-preview:-1"},"canonical":"https:\/\/tiandeproducts.co.uk\/lt\/tonikas-veidui-su-placenta-100ml\/","og_locale":"lt_LT","og_type":"article","og_title":"Tonikas veidui su placenta, 100ml. - TianDe Online Shop - Beauty &amp; Health","og_description":"\u00a0Earn 9 points worth \u00a30.45 when buying this product Tonikas ypa\u010d \u0161velniai ir \u0161variai nuvalo od\u0105, suteikia jai gaivumo poj\u016bt\u012f, nuramina sudirgusi\u0105 od\u0105. Juo lengvai pa\u0161alinsite makia\u017eo liku\u010dius, sutrauksite poras bei u\u017ebaigsite odos valymo proced\u016br\u0105, be jokio nepageidaujamo lip\u0161nios odos ar tempimo poj\u016b\u010dio. Aktyv\u016bs komponentai prisotina od\u0105 gyvybi\u0161kai svarbia dr\u0117gme, palaiko tinkam\u0105 odos pH balans\u0105, [...]","og_url":"https:\/\/tiandeproducts.co.uk\/lt\/tonikas-veidui-su-placenta-100ml\/","og_site_name":"TianDe Online Shop - Beauty &amp; Health","article_publisher":"https:\/\/www.facebook.com\/tiande.products.england\/","article_modified_time":"2021-02-12T12:39:29+00:00","og_image":[{"width":800,"height":800,"url":"https:\/\/tiandeproducts.co.uk\/wp-content\/uploads\/2017\/09\/10308.jpg","type":"image\/jpeg"}],"twitter_card":"summary_large_image","twitter_misc":{"Est. reading time":"2 minut\u0117s"},"schema":{"@context":"https:\/\/schema.org","@graph":[{"@type":"WebPage","@id":"https:\/\/tiandeproducts.co.uk\/lt\/tonikas-veidui-su-placenta-100ml\/","url":"https:\/\/tiandeproducts.co.uk\/lt\/tonikas-veidui-su-placenta-100ml\/","name":"Tonikas veidui su placenta, 100ml. - TianDe Online Shop - Beauty &amp; Health","isPartOf":{"@id":"https:\/\/tiandeproducts.co.uk\/#website"},"primaryImageOfPage":{"@id":"https:\/\/tiandeproducts.co.uk\/lt\/tonikas-veidui-su-placenta-100ml\/#primaryimage"},"image":{"@id":"https:\/\/tiandeproducts.co.uk\/lt\/tonikas-veidui-su-placenta-100ml\/#primaryimage"},"thumbnailUrl":"https:\/\/tiandeproducts.co.uk\/wp-content\/uploads\/2017\/09\/10308.jpg","datePublished":"2017-09-19T12:30:19+00:00","dateModified":"2021-02-12T12:39:29+00:00","breadcrumb":{"@id":"https:\/\/tiandeproducts.co.uk\/lt\/tonikas-veidui-su-placenta-100ml\/#breadcrumb"},"inLanguage":"lt-LT","potentialAction":[{"@type":"ReadAction","target":["https:\/\/tiandeproducts.co.uk\/lt\/tonikas-veidui-su-placenta-100ml\/"]}]},{"@type":"ImageObject","inLanguage":"lt-LT","@id":"https:\/\/tiandeproducts.co.uk\/lt\/tonikas-veidui-su-placenta-100ml\/#primaryimage","url":"https:\/\/tiandeproducts.co.uk\/wp-content\/uploads\/2017\/09\/10308.jpg","contentUrl":"https:\/\/tiandeproducts.co.uk\/wp-content\/uploads\/2017\/09\/10308.jpg","width":800,"height":800,"caption":"Sheep Placenta Facial toner,Alcohol & Paraben Free,100ml-0"},{"@type":"BreadcrumbList","@id":"https:\/\/tiandeproducts.co.uk\/lt\/tonikas-veidui-su-placenta-100ml\/#breadcrumb","itemListElement":[{"@type":"ListItem","position":1,"name":"Home","item":"https:\/\/tiandeproducts.co.uk\/lt\/"},{"@type":"ListItem","position":2,"name":"Shop","item":"https:\/\/tiandeproducts.co.uk\/lt\/shop-2\/"},{"@type":"ListItem","position":3,"name":"Tonikas veidui su placenta, 100ml."}]},{"@type":"WebSite","@id":"https:\/\/tiandeproducts.co.uk\/#website","url":"https:\/\/tiandeproducts.co.uk\/","name":"TianDe Online Shop - Beauty & Health","description":"Traditional Chinese Medicine","potentialAction":[{"@type":"SearchAction","target":{"@type":"EntryPoint","urlTemplate":"https:\/\/tiandeproducts.co.uk\/?s={search_term_string}"},"query-input":{"@type":"PropertyValueSpecification","valueRequired":true,"valueName":"search_term_string"}}],"inLanguage":"lt-LT"}]}},"_links":{"self":[{"href":"https:\/\/tiandeproducts.co.uk\/lt\/wp-json\/wp\/v2\/product\/3762","targetHints":{"allow":["GET"]}}],"collection":[{"href":"https:\/\/tiandeproducts.co.uk\/lt\/wp-json\/wp\/v2\/product"}],"about":[{"href":"https:\/\/tiandeproducts.co.uk\/lt\/wp-json\/wp\/v2\/types\/product"}],"replies":[{"embeddable":true,"href":"https:\/\/tiandeproducts.co.uk\/lt\/wp-json\/wp\/v2\/comments?post=3762"}],"wp:featuredmedia":[{"embeddable":true,"href":"https:\/\/tiandeproducts.co.uk\/lt\/wp-json\/wp\/v2\/media\/1715"}],"wp:attachment":[{"href":"https:\/\/tiandeproducts.co.uk\/lt\/wp-json\/wp\/v2\/media?parent=3762"}],"wp:term":[{"taxonomy":"product_cat","embeddable":true,"href":"https:\/\/tiandeproducts.co.uk\/lt\/wp-json\/wp\/v2\/product_cat?post=3762"},{"taxonomy":"product_tag","embeddable":true,"href":"https:\/\/tiandeproducts.co.uk\/lt\/wp-json\/wp\/v2\/product_tag?post=3762"}],"curies":[{"name":"wp","href":"https:\/\/api.w.org\/{rel}","templated":true}]}}