{"id":3758,"date":"2016-04-19T20:35:15","date_gmt":"2016-04-19T19:35:15","guid":{"rendered":"https:\/\/tnd.ontesting.co.uk\/kremas-paakiams-nuo-rauksliu-su-placenta-50g\/"},"modified":"2021-10-28T10:38:41","modified_gmt":"2021-10-28T09:38:41","slug":"kremas-paakiams-nuo-rauksliu-su-placenta-50g","status":"publish","type":"product","link":"https:\/\/tiandeproducts.co.uk\/lt\/kremas-paakiams-nuo-rauksliu-su-placenta-50g\/","title":{"rendered":"Kremas paakiams nuo rauk\u0161li\u0173 su placenta, 50g."},"content":{"rendered":"<p>Kremas akimirksniu atgaivina aki\u0173 vok\u0173 od\u0105, puikiai tonizuoja ir stangrina, pagerina elastingum\u0105 ir stiprina. Veikli\u0173j\u0173 med\u017eiag\u0173 kompleksas padeda pastebimai suma\u017einti esamas rauk\u0161les, stabdo j\u0173 atsiradim\u0105, u\u017ekerta keli\u0105 prie\u0161laikiniam odos sen\u0117jimui. Paaki\u0173 oda atrodo atjaun\u0117jusi ir patempta.<\/p>\n<p>Vienas svarbiausi\u0173 kremo komponent\u0173 \u2013 avies \u0117riuko placenta \u2013 pa\u017eadina net genetin\u0119 odos atmint\u012f, sustiprina kolageno sintez\u0119. Jos sud\u0117tyje yra per \u0161imt\u0105 biologi\u0161kai aktyvi\u0173 med\u017eiag\u0173 ir mikroelement\u0173, kuriais maitinasi u\u017esimezg\u0119s jauniklis. Placenta labai artima \u017emogaus odai, tod\u0117l ji greitai ir efektyviai regeneruoja. Naudojant kosmetik\u0105 su placenta, atsikuria pa\u017eeistos odos l\u0105stel\u0117s, oda patempiama ne mechani\u0161kai, o d\u0117l ypa\u010d greito l\u0105steli\u0173 dalijimosi ir nauj\u0173 sveik\u0173 l\u0105steli\u0173 atsiradimo. Toki\u0173 veiksming\u0173 komponent\u0173 ne\u012fmanoma i\u0161gauti i\u0161 augal\u0173. Pagrindin\u0117 avies \u0117riuko placentos u\u017eduotis \u2013 odos imunini\u0173 l\u0105steli\u0173 biostimuliacija, pilnavertis maitinimas bei laisv\u0173j\u0173 radikal\u0173 blokavimas. \u0160ioje kosmetikos priemon\u0117je naudojamas i\u0161valytas nuo hormon\u0173 placentos ekstraktas.<\/p>\n<p><strong>Naudojimas:<\/strong><br \/>\nNedidel\u012f kiek\u012f kremo patap\u0161nokite od\u0105 aplink akis, nemasa\u017euokite. Geriausius rezultatus pasieksite naudodami ir ryte ir vakare.<\/p>\n<p><strong>Veikliosios med\u017eiagos:<\/strong><\/p>\n<p><strong>Hialurono r\u016bg\u0161tis<\/strong>\u00a0suteikia liftingo efekt\u0105, didina odos elastingum\u0105, stangrina. Veiklioji med\u017eiaga ant odos pavir\u0161iaus sukuria orui pralaid\u0173 apsaugin\u012f sluoksn\u012f, tai apsaugo nuo dr\u0117gm\u0117s praradimo net gilesnius sluoksnius. Ji efektyviai pagreitina audini\u0173 l\u0105steli\u0173 atsinaujinimo procesus, gerina mikrocirkuliacij\u0105, skatina nauj\u0173 odos l\u0105steli\u0173 dauginim\u0105si, apsaugo nuo i\u0161orini\u0173 pa\u017eeidim\u0173 ir infekcij\u0173, sustiprina odos apsaugin\u012f sluoksn\u012f bei odos imunines savyb\u0117s. \u012edomu, kad hialurono r\u016bg\u0161ties molekul\u0117s gali pritraukti ir i\u0161laikyti net ~500 kart\u0173 u\u017e save didesn\u012f kiek\u012f vandens!<\/p>\n<p><strong>Placentos ekstraktas<\/strong>\u00a0skatina kolageno ir elastino sintez\u0119, giliai dr\u0117kina ir stangrina, lygina rauk\u0161les, gerina odos tonus\u0105 ir spalv\u0105, l\u0117tina sen\u0117jimo procesus. D\u0117l placentos ekstrakto stimuliuojamojo poveikio audini\u0173 med\u017eiag\u0173 apykaitai skatinama audini\u0173 regeneracija, reguliuojamos imunin\u0117s odos reakcijos, didinamas odos atsparumas alergenams. Placentos ekstrakte gausu aminor\u016bg\u0161\u010di\u0173, baltym\u0173, augimo faktori\u0173, mineral\u0173: kalio, magnio, natrio, kalcio, cinko, seleno, fosforo, gele\u017eies, silicio, mangano ir kt.; vitamin\u0173: A, D, C, B1, B2, B3, B6, B12; ferment\u0173, polineso\u010di\u0173j\u0173 nepakei\u010diam\u0173j\u0173 riebal\u0173 r\u016bg\u0161\u010di\u0173 ir kt.<\/p>\n<p><strong>Jojobos aliejus (kinini\u0173 simondsij\u0173 s\u0117kl\u0173 aliejus)<\/strong>\u00a0d\u0117l savo ypatingos konsistencijos yra ne aliejus, o skystas va\u0161kas, sudarytas i\u0161 esteri\u0173 (daugiausia), vitamin\u0173, antioksidant\u0173, mineralini\u0173 med\u017eiag\u0173 ir kt. \u0160is aliejus ypatingas tuo, kad savo savyb\u0117mis yra beveik identi\u0161kas odos i\u0161skiriamiems riebalams. Didel\u0117 vitamino E koncentracija bei antibakterin\u0117s, prie\u0161u\u017edegimin\u0117s, netoksi\u0161kos savyb\u0117s daro j\u012f nepaprastai naudingu kiekvienos dienos odos prie\u017ei\u016broje. Jojoba esteriai greitai \u012fsisavinami (tod\u0117l tinka visiems odos tipams, net sausai ir jautriai odai), mink\u0161tina, dr\u0117kina, maitina ir ramina od\u0105. Aktyviosios med\u017eiagos veiksmingai saugo nuo dr\u0117gm\u0117s praradimo, atkuria nat\u016bralias odos apsaugos funkcijas, pa\u0161alina \u0161erpetojim\u0105 ir dirglum\u0105, saugo nuo u\u017edegimini\u0173 proces\u0173.<\/p>\n<p><strong>Vitaminas E (tokoferolis)<\/strong>\u00a0\u2013 mikroelementas, turintis stiprias antioksidantines savybes. Jis maitina ir dr\u0117kina od\u0105, stiprina epidermio hidrolipidin\u012f barjer\u0105, apsaugo nuo negatyvaus UV spinduli\u0173 poveikio, suma\u017eina randus po akn\u0117s. Vitaminas E pagreitina pa\u017eeist\u0173 odos l\u0105steli\u0173 gijim\u0105, apsaugo nuo negatyvaus laisv\u0173j\u0173 radikal\u0173 poveikio.<\/p>\n<p><strong>Kolagenas<\/strong>\u00a0&#8211; baltymas, suteikiantis odai stangrumo ir u\u017etikrinantis tinkam\u0105 dr\u0117kinimo sistem\u0105. Kolagenas pagerina odos elastingum\u0105, palaiko optimal\u0173 dr\u0117gm\u0117s lyg\u012f, padeda i\u0161lyginti rauk\u0161les, tod\u0117l oda tampa \u0161velni ir mink\u0161ta.<\/p>\n","protected":false},"excerpt":{"rendered":"<p>Kremas akimirksniu atgaivina aki\u0173 vok\u0173 od\u0105, puikiai tonizuoja ir stangrina, pagerina elastingum\u0105 ir stiprina. Veikli\u0173j\u0173 med\u017eiag\u0173 kompleksas padeda pastebimai suma\u017einti esamas rauk\u0161les, stabdo j\u0173 atsiradim\u0105, u\u017ekerta keli\u0105 prie\u0161laikiniam odos sen\u0117jimui. Paaki\u0173 oda atrodo atjaun\u0117jusi ir patempta. Vienas svarbiausi\u0173 kremo komponent\u0173 \u2013 avies \u0117riuko placenta \u2013 pa\u017eadina net genetin\u0119 odos atmint\u012f, sustiprina kolageno sintez\u0119. Jos sud\u0117tyje [&#8230;]\n","protected":false},"featured_media":977,"comment_status":"closed","ping_status":"closed","template":"","meta":[],"product_cat":[560,559,594,506],"product_tag":[],"class_list":{"0":"post-3758","1":"product","2":"type-product","3":"status-publish","4":"has-post-thumbnail","6":"product_cat-paakiu-kremaiserumai","7":"product_cat-paakiu-odos-prieziura","8":"product_cat-sheep-placenta-lt","9":"product_cat-veidui","11":"first","12":"instock","13":"shipping-taxable","14":"purchasable","15":"product-type-simple"},"yoast_head":"<!-- This site is optimized with the Yoast SEO plugin v23.6 - https:\/\/yoast.com\/wordpress\/plugins\/seo\/ -->\n<title>Kremas paakiams nuo rauk\u0161li\u0173 su placenta, 50g. - TianDe Online Shop - Beauty &amp; Health<\/title>\n<meta name=\"robots\" content=\"index, follow, max-snippet:-1, max-image-preview:large, max-video-preview:-1\" \/>\n<link rel=\"canonical\" href=\"https:\/\/tiandeproducts.co.uk\/lt\/kremas-paakiams-nuo-rauksliu-su-placenta-50g\/\" \/>\n<meta property=\"og:locale\" content=\"lt_LT\" \/>\n<meta property=\"og:type\" content=\"article\" \/>\n<meta property=\"og:title\" content=\"Kremas paakiams nuo rauk\u0161li\u0173 su placenta, 50g. - TianDe Online Shop - Beauty &amp; Health\" \/>\n<meta property=\"og:description\" content=\"Kremas akimirksniu atgaivina aki\u0173 vok\u0173 od\u0105, puikiai tonizuoja ir stangrina, pagerina elastingum\u0105 ir stiprina. Veikli\u0173j\u0173 med\u017eiag\u0173 kompleksas padeda pastebimai suma\u017einti esamas rauk\u0161les, stabdo j\u0173 atsiradim\u0105, u\u017ekerta keli\u0105 prie\u0161laikiniam odos sen\u0117jimui. Paaki\u0173 oda atrodo atjaun\u0117jusi ir patempta. Vienas svarbiausi\u0173 kremo komponent\u0173 \u2013 avies \u0117riuko placenta \u2013 pa\u017eadina net genetin\u0119 odos atmint\u012f, sustiprina kolageno sintez\u0119. Jos sud\u0117tyje [...]\" \/>\n<meta property=\"og:url\" content=\"https:\/\/tiandeproducts.co.uk\/lt\/kremas-paakiams-nuo-rauksliu-su-placenta-50g\/\" \/>\n<meta property=\"og:site_name\" content=\"TianDe Online Shop - Beauty &amp; Health\" \/>\n<meta property=\"article:publisher\" content=\"https:\/\/www.facebook.com\/tiande.products.england\/\" \/>\n<meta property=\"article:modified_time\" content=\"2021-10-28T09:38:41+00:00\" \/>\n<meta property=\"og:image\" content=\"https:\/\/tiandeproducts.co.uk\/wp-content\/uploads\/2016\/04\/10306_new.png\" \/>\n\t<meta property=\"og:image:width\" content=\"700\" \/>\n\t<meta property=\"og:image:height\" content=\"700\" \/>\n\t<meta property=\"og:image:type\" content=\"image\/png\" \/>\n<meta name=\"twitter:card\" content=\"summary_large_image\" \/>\n<meta name=\"twitter:label1\" content=\"Est. reading time\" \/>\n\t<meta name=\"twitter:data1\" content=\"3 minut\u0117s\" \/>\n<script type=\"application\/ld+json\" class=\"yoast-schema-graph\">{\"@context\":\"https:\/\/schema.org\",\"@graph\":[{\"@type\":\"WebPage\",\"@id\":\"https:\/\/tiandeproducts.co.uk\/lt\/kremas-paakiams-nuo-rauksliu-su-placenta-50g\/\",\"url\":\"https:\/\/tiandeproducts.co.uk\/lt\/kremas-paakiams-nuo-rauksliu-su-placenta-50g\/\",\"name\":\"Kremas paakiams nuo rauk\u0161li\u0173 su placenta, 50g. - TianDe Online Shop - Beauty &amp; Health\",\"isPartOf\":{\"@id\":\"https:\/\/tiandeproducts.co.uk\/#website\"},\"primaryImageOfPage\":{\"@id\":\"https:\/\/tiandeproducts.co.uk\/lt\/kremas-paakiams-nuo-rauksliu-su-placenta-50g\/#primaryimage\"},\"image\":{\"@id\":\"https:\/\/tiandeproducts.co.uk\/lt\/kremas-paakiams-nuo-rauksliu-su-placenta-50g\/#primaryimage\"},\"thumbnailUrl\":\"https:\/\/tiandeproducts.co.uk\/wp-content\/uploads\/2016\/04\/10306_new.png\",\"datePublished\":\"2016-04-19T19:35:15+00:00\",\"dateModified\":\"2021-10-28T09:38:41+00:00\",\"breadcrumb\":{\"@id\":\"https:\/\/tiandeproducts.co.uk\/lt\/kremas-paakiams-nuo-rauksliu-su-placenta-50g\/#breadcrumb\"},\"inLanguage\":\"lt-LT\",\"potentialAction\":[{\"@type\":\"ReadAction\",\"target\":[\"https:\/\/tiandeproducts.co.uk\/lt\/kremas-paakiams-nuo-rauksliu-su-placenta-50g\/\"]}]},{\"@type\":\"ImageObject\",\"inLanguage\":\"lt-LT\",\"@id\":\"https:\/\/tiandeproducts.co.uk\/lt\/kremas-paakiams-nuo-rauksliu-su-placenta-50g\/#primaryimage\",\"url\":\"https:\/\/tiandeproducts.co.uk\/wp-content\/uploads\/2016\/04\/10306_new.png\",\"contentUrl\":\"https:\/\/tiandeproducts.co.uk\/wp-content\/uploads\/2016\/04\/10306_new.png\",\"width\":700,\"height\":700,\"caption\":\"Anti-Wrinkle Eye Cream,Comprehensive skincare,50g-0\"},{\"@type\":\"BreadcrumbList\",\"@id\":\"https:\/\/tiandeproducts.co.uk\/lt\/kremas-paakiams-nuo-rauksliu-su-placenta-50g\/#breadcrumb\",\"itemListElement\":[{\"@type\":\"ListItem\",\"position\":1,\"name\":\"Home\",\"item\":\"https:\/\/tiandeproducts.co.uk\/lt\/\"},{\"@type\":\"ListItem\",\"position\":2,\"name\":\"Shop\",\"item\":\"https:\/\/tiandeproducts.co.uk\/lt\/shop-2\/\"},{\"@type\":\"ListItem\",\"position\":3,\"name\":\"Kremas paakiams nuo rauk\u0161li\u0173 su placenta, 50g.\"}]},{\"@type\":\"WebSite\",\"@id\":\"https:\/\/tiandeproducts.co.uk\/#website\",\"url\":\"https:\/\/tiandeproducts.co.uk\/\",\"name\":\"TianDe Online Shop - Beauty & Health\",\"description\":\"Traditional Chinese Medicine\",\"potentialAction\":[{\"@type\":\"SearchAction\",\"target\":{\"@type\":\"EntryPoint\",\"urlTemplate\":\"https:\/\/tiandeproducts.co.uk\/?s={search_term_string}\"},\"query-input\":{\"@type\":\"PropertyValueSpecification\",\"valueRequired\":true,\"valueName\":\"search_term_string\"}}],\"inLanguage\":\"lt-LT\"}]}<\/script>\n<!-- \/ Yoast SEO plugin. -->","yoast_head_json":{"title":"Kremas paakiams nuo rauk\u0161li\u0173 su placenta, 50g. - TianDe Online Shop - Beauty &amp; Health","robots":{"index":"index","follow":"follow","max-snippet":"max-snippet:-1","max-image-preview":"max-image-preview:large","max-video-preview":"max-video-preview:-1"},"canonical":"https:\/\/tiandeproducts.co.uk\/lt\/kremas-paakiams-nuo-rauksliu-su-placenta-50g\/","og_locale":"lt_LT","og_type":"article","og_title":"Kremas paakiams nuo rauk\u0161li\u0173 su placenta, 50g. - TianDe Online Shop - Beauty &amp; Health","og_description":"Kremas akimirksniu atgaivina aki\u0173 vok\u0173 od\u0105, puikiai tonizuoja ir stangrina, pagerina elastingum\u0105 ir stiprina. Veikli\u0173j\u0173 med\u017eiag\u0173 kompleksas padeda pastebimai suma\u017einti esamas rauk\u0161les, stabdo j\u0173 atsiradim\u0105, u\u017ekerta keli\u0105 prie\u0161laikiniam odos sen\u0117jimui. Paaki\u0173 oda atrodo atjaun\u0117jusi ir patempta. Vienas svarbiausi\u0173 kremo komponent\u0173 \u2013 avies \u0117riuko placenta \u2013 pa\u017eadina net genetin\u0119 odos atmint\u012f, sustiprina kolageno sintez\u0119. Jos sud\u0117tyje [...]","og_url":"https:\/\/tiandeproducts.co.uk\/lt\/kremas-paakiams-nuo-rauksliu-su-placenta-50g\/","og_site_name":"TianDe Online Shop - Beauty &amp; Health","article_publisher":"https:\/\/www.facebook.com\/tiande.products.england\/","article_modified_time":"2021-10-28T09:38:41+00:00","og_image":[{"width":700,"height":700,"url":"https:\/\/tiandeproducts.co.uk\/wp-content\/uploads\/2016\/04\/10306_new.png","type":"image\/png"}],"twitter_card":"summary_large_image","twitter_misc":{"Est. reading time":"3 minut\u0117s"},"schema":{"@context":"https:\/\/schema.org","@graph":[{"@type":"WebPage","@id":"https:\/\/tiandeproducts.co.uk\/lt\/kremas-paakiams-nuo-rauksliu-su-placenta-50g\/","url":"https:\/\/tiandeproducts.co.uk\/lt\/kremas-paakiams-nuo-rauksliu-su-placenta-50g\/","name":"Kremas paakiams nuo rauk\u0161li\u0173 su placenta, 50g. - TianDe Online Shop - Beauty &amp; Health","isPartOf":{"@id":"https:\/\/tiandeproducts.co.uk\/#website"},"primaryImageOfPage":{"@id":"https:\/\/tiandeproducts.co.uk\/lt\/kremas-paakiams-nuo-rauksliu-su-placenta-50g\/#primaryimage"},"image":{"@id":"https:\/\/tiandeproducts.co.uk\/lt\/kremas-paakiams-nuo-rauksliu-su-placenta-50g\/#primaryimage"},"thumbnailUrl":"https:\/\/tiandeproducts.co.uk\/wp-content\/uploads\/2016\/04\/10306_new.png","datePublished":"2016-04-19T19:35:15+00:00","dateModified":"2021-10-28T09:38:41+00:00","breadcrumb":{"@id":"https:\/\/tiandeproducts.co.uk\/lt\/kremas-paakiams-nuo-rauksliu-su-placenta-50g\/#breadcrumb"},"inLanguage":"lt-LT","potentialAction":[{"@type":"ReadAction","target":["https:\/\/tiandeproducts.co.uk\/lt\/kremas-paakiams-nuo-rauksliu-su-placenta-50g\/"]}]},{"@type":"ImageObject","inLanguage":"lt-LT","@id":"https:\/\/tiandeproducts.co.uk\/lt\/kremas-paakiams-nuo-rauksliu-su-placenta-50g\/#primaryimage","url":"https:\/\/tiandeproducts.co.uk\/wp-content\/uploads\/2016\/04\/10306_new.png","contentUrl":"https:\/\/tiandeproducts.co.uk\/wp-content\/uploads\/2016\/04\/10306_new.png","width":700,"height":700,"caption":"Anti-Wrinkle Eye Cream,Comprehensive skincare,50g-0"},{"@type":"BreadcrumbList","@id":"https:\/\/tiandeproducts.co.uk\/lt\/kremas-paakiams-nuo-rauksliu-su-placenta-50g\/#breadcrumb","itemListElement":[{"@type":"ListItem","position":1,"name":"Home","item":"https:\/\/tiandeproducts.co.uk\/lt\/"},{"@type":"ListItem","position":2,"name":"Shop","item":"https:\/\/tiandeproducts.co.uk\/lt\/shop-2\/"},{"@type":"ListItem","position":3,"name":"Kremas paakiams nuo rauk\u0161li\u0173 su placenta, 50g."}]},{"@type":"WebSite","@id":"https:\/\/tiandeproducts.co.uk\/#website","url":"https:\/\/tiandeproducts.co.uk\/","name":"TianDe Online Shop - Beauty & Health","description":"Traditional Chinese Medicine","potentialAction":[{"@type":"SearchAction","target":{"@type":"EntryPoint","urlTemplate":"https:\/\/tiandeproducts.co.uk\/?s={search_term_string}"},"query-input":{"@type":"PropertyValueSpecification","valueRequired":true,"valueName":"search_term_string"}}],"inLanguage":"lt-LT"}]}},"_links":{"self":[{"href":"https:\/\/tiandeproducts.co.uk\/lt\/wp-json\/wp\/v2\/product\/3758","targetHints":{"allow":["GET"]}}],"collection":[{"href":"https:\/\/tiandeproducts.co.uk\/lt\/wp-json\/wp\/v2\/product"}],"about":[{"href":"https:\/\/tiandeproducts.co.uk\/lt\/wp-json\/wp\/v2\/types\/product"}],"replies":[{"embeddable":true,"href":"https:\/\/tiandeproducts.co.uk\/lt\/wp-json\/wp\/v2\/comments?post=3758"}],"wp:featuredmedia":[{"embeddable":true,"href":"https:\/\/tiandeproducts.co.uk\/lt\/wp-json\/wp\/v2\/media\/977"}],"wp:attachment":[{"href":"https:\/\/tiandeproducts.co.uk\/lt\/wp-json\/wp\/v2\/media?parent=3758"}],"wp:term":[{"taxonomy":"product_cat","embeddable":true,"href":"https:\/\/tiandeproducts.co.uk\/lt\/wp-json\/wp\/v2\/product_cat?post=3758"},{"taxonomy":"product_tag","embeddable":true,"href":"https:\/\/tiandeproducts.co.uk\/lt\/wp-json\/wp\/v2\/product_tag?post=3758"}],"curies":[{"name":"wp","href":"https:\/\/api.w.org\/{rel}","templated":true}]}}