{"id":3756,"date":"2016-04-05T13:20:42","date_gmt":"2016-04-05T12:20:42","guid":{"rendered":"https:\/\/tnd.ontesting.co.uk\/kremas-veidui-nuo-spuogu-ir-randu-20g\/"},"modified":"2020-03-07T12:20:08","modified_gmt":"2020-03-07T12:20:08","slug":"kremas-veidui-nuo-spuogu-ir-randu-20g","status":"publish","type":"product","link":"https:\/\/tiandeproducts.co.uk\/lt\/kremas-veidui-nuo-spuogu-ir-randu-20g\/","title":{"rendered":"Kremas veidui nuo spuog\u0173 ir rand\u0173, 20g."},"content":{"rendered":"<p>Kremas veiksmingai naikina spuogus, b\u0117rim\u0105, lygina odos reljef\u0105, aktyviai maitina ir apsaugo od\u0105 nuo infekcij\u0173, turi antibakterini\u0173 ir prie\u0161u\u017edegimini\u0173 savybi\u0173. Nat\u016bral\u016bs gamtiniai augaliniai ekstraktai nuramina ir atpalaiduoja od\u0105, panaikina paraudimus, sutraukia poras, atkuria hidrobalans\u0105.<br \/>Naudojant veido krem\u0105 nuo spuog\u0173 ir rand\u0173 kompleksi\u0161kai su kitomis \u0161ios serijos priemon\u0117mis oda taps \u0161vari, pridr\u0117kinta, atsistatys po akn\u0117s, bei \u012fgis kokybi\u0161k\u0105 apsaug\u0105 nuo u\u017edegimini\u0173 proces\u0173. Priemon\u0117s veikliosios med\u017eiagos kovoja ne tik su esan\u010diais spuogeliais, bet ir su j\u0173 sukeltomis pasekm\u0117mis &#8211; odos dehidratacija, po akn\u0117s atsiradusiais randeliais.<\/p>\n<p><strong>Aktyv\u016bs kremo komponentai veikia od\u0105 trimis kryptimis:<br \/><\/strong><\/p>\n<ol>\n<li>neleid\u017eia susidaryti randams po p\u016bling\u0173 spuog\u0173 panaikinimo;<\/li>\n<li>reguliuoja riebalini\u0173 liauk\u0173 darb\u0105, dr\u0117kina ir maitina riebi\u0105 od\u0105;<\/li>\n<li>i\u0161lygina odos mikroreljef\u0105, panaikina paraudimus ir odos sudirgim\u0105.<\/li>\n<\/ol>\n<p><strong>Naudojimas:<\/strong><br \/>U\u017etepkite nedidel\u012f kiek\u012f kremo ir lengvais masa\u017einiais judesiais paskirstykite ant veido odos kol kremas pilnai \u012fsigers.<\/p>\n<p><strong>Veikliosios med\u017eiagos:<\/strong><\/p>\n<p><strong>Alavijo ekstraktas<\/strong>&nbsp;pats efektyviausias gamtoje randamas nat\u016bralus odos dr\u0117kiklis, puikus antiseptikas ir prie\u0161u\u017edegiminis preparatas. \u0160is ekstraktas puikus UV spinduli\u0173 filtras, ramina saul\u0117s sudirgint\u0105 od\u0105, pasi\u017eymi antibakteriniu veikimu. Alavijo ekstrakte daugiau nei 200 biologi\u0161kai aktyvi\u0173 med\u017eiag\u0173. I\u0161 j\u0173 pat\u012f did\u017eiausi\u0105 poveik\u012f riebiai spuoguotai odai turi acemanano polisacharidas, kuris skatina odos imunitet\u0105 prie\u0161intis bakterijoms ir virusams. Alavijo sultyse esanti salicilo r\u016bg\u0161tis, tai riebalus tirpinanti r\u016bg\u0161tis, kuri lengvai prasiskverbia \u012f riebalines liaukas ir \u201ekontroliuoja&#8221; spuog\u0173 susidarym\u0105, turi antiseptini\u0173 savybi\u0173, efektyviai kovoja su akne. Alavijo r\u016bg\u0161\u010di\u0173 ir \u0161arm\u0173 balansas sutampa su nat\u016braliu odos pH, tod\u0117l \u0161io ekstrakto panaudojimas garantuoja greit\u0105 odos pH lygio atstatym\u0105. Alavijo d\u0117ka, visi naudingi komponentai labai greitai prasiskverbia \u012f giliausius odos sluoksnius ( 3-4 kartus grei\u010diau u\u017e vanden\u012f).<\/p>\n<p><strong>\u0160alavijo ekstrakte<\/strong>&nbsp;gausu eterini\u0173 aliej\u0173, raugini\u0173 ir kar\u010di\u0173j\u0173 med\u017eiag\u0173, organini\u0173 r\u016bg\u0161\u010di\u0173, vitamino PP ir mineralini\u0173 med\u017eiag\u0173. Jie ma\u017eina u\u017edegimus, naikina bakterijas ir dezinfekuoja. \u0160alavij\u0173 ekstrakte gausu ir fitoestrogen\u0173, kurie ne tik efektyviai stabdo odos sen\u0117jimo proces\u0105, bet ir \u017eenkliai ma\u017eina perteklin\u012f odos riebal\u0173 i\u0161siskyrim\u0105, kas u\u017ekerta keli\u0105 akn\u0117s atsiradimui. O didelis kiekis linolenin\u0117s r\u016bg\u0161ties efektyviai apsaugo ir nuo jaunatvi\u0161k\u0173 spuogeli\u0173 ir nuo u\u017edegimini\u0173 proces\u0173 porose.<\/p>\n<p><strong>Pantenolis (provitaminas B5)<\/strong>&nbsp;&#8211; dermatoprotektorius &#8211; skatina audini\u0173 regeneracij\u0105, efektyviai ir greitai panaikina odos sudirgimus, veikia od\u0105 kaip dr\u0117kiklis, apsaugo j\u0105 nuo kenksmingo aplinkos poveikio.<\/p>\n<p><strong>Alantoinas<\/strong>&nbsp;ramina sudirgusi\u0105 od\u0105, suteikia jai lygumo ir elastingumo, skatina l\u0105steli\u0173 regeneracij\u0105, turi antialergini\u0173 savybi\u0173, padeda gydyti \u017eaizdas, nudegimus ir \u012ftr\u016bkimus, mink\u0161tina.<\/p>\n<p><strong>Vitaminas E<\/strong>&nbsp;turi stiprias antioksidantines savybes, apsaugo nuo UV spinduli\u0173, jaunina, maitina ir dr\u0117kina od\u0105, stiprina epidermio hidrolipidin\u012f barjer\u0105.<\/p>\n","protected":false},"excerpt":{"rendered":"<p><br data-mce-bogus=\"1\"><\/p>\n","protected":false},"featured_media":737,"comment_status":"closed","ping_status":"closed","template":"","meta":[],"product_cat":[575,590,523,506],"product_tag":[],"class_list":{"0":"post-3756","1":"product","2":"type-product","3":"status-publish","4":"has-post-thumbnail","6":"product_cat-master-herb-anti-acne-lt","7":"product_cat-problemiska-oda","8":"product_cat-problemiska-oda-spuogai","9":"product_cat-veidui","11":"first","12":"instock","13":"shipping-taxable","14":"purchasable","15":"product-type-simple"},"yoast_head":"<!-- This site is optimized with the Yoast SEO plugin v23.6 - https:\/\/yoast.com\/wordpress\/plugins\/seo\/ -->\n<title>Kremas veidui nuo spuog\u0173 ir rand\u0173, 20g. - TianDe Online Shop - Beauty &amp; Health<\/title>\n<meta name=\"robots\" content=\"index, follow, max-snippet:-1, max-image-preview:large, max-video-preview:-1\" \/>\n<link rel=\"canonical\" href=\"https:\/\/tiandeproducts.co.uk\/lt\/kremas-veidui-nuo-spuogu-ir-randu-20g\/\" \/>\n<meta property=\"og:locale\" content=\"lt_LT\" \/>\n<meta property=\"og:type\" content=\"article\" \/>\n<meta property=\"og:title\" content=\"Kremas veidui nuo spuog\u0173 ir rand\u0173, 20g. - TianDe Online Shop - Beauty &amp; Health\" \/>\n<meta property=\"og:url\" content=\"https:\/\/tiandeproducts.co.uk\/lt\/kremas-veidui-nuo-spuogu-ir-randu-20g\/\" \/>\n<meta property=\"og:site_name\" content=\"TianDe Online Shop - Beauty &amp; Health\" \/>\n<meta property=\"article:publisher\" content=\"https:\/\/www.facebook.com\/tiande.products.england\/\" \/>\n<meta property=\"article:modified_time\" content=\"2020-03-07T12:20:08+00:00\" \/>\n<meta property=\"og:image\" content=\"https:\/\/tiandeproducts.co.uk\/wp-content\/uploads\/2016\/04\/11323_new.png\" \/>\n\t<meta property=\"og:image:width\" content=\"700\" \/>\n\t<meta property=\"og:image:height\" content=\"700\" \/>\n\t<meta property=\"og:image:type\" content=\"image\/png\" \/>\n<meta name=\"twitter:card\" content=\"summary_large_image\" \/>\n<meta name=\"twitter:label1\" content=\"Est. reading time\" \/>\n\t<meta name=\"twitter:data1\" content=\"2 minut\u0117s\" \/>\n<script type=\"application\/ld+json\" class=\"yoast-schema-graph\">{\"@context\":\"https:\/\/schema.org\",\"@graph\":[{\"@type\":\"WebPage\",\"@id\":\"https:\/\/tiandeproducts.co.uk\/lt\/kremas-veidui-nuo-spuogu-ir-randu-20g\/\",\"url\":\"https:\/\/tiandeproducts.co.uk\/lt\/kremas-veidui-nuo-spuogu-ir-randu-20g\/\",\"name\":\"Kremas veidui nuo spuog\u0173 ir rand\u0173, 20g. - TianDe Online Shop - Beauty &amp; Health\",\"isPartOf\":{\"@id\":\"https:\/\/tiandeproducts.co.uk\/#website\"},\"primaryImageOfPage\":{\"@id\":\"https:\/\/tiandeproducts.co.uk\/lt\/kremas-veidui-nuo-spuogu-ir-randu-20g\/#primaryimage\"},\"image\":{\"@id\":\"https:\/\/tiandeproducts.co.uk\/lt\/kremas-veidui-nuo-spuogu-ir-randu-20g\/#primaryimage\"},\"thumbnailUrl\":\"https:\/\/tiandeproducts.co.uk\/wp-content\/uploads\/2016\/04\/11323_new.png\",\"datePublished\":\"2016-04-05T12:20:42+00:00\",\"dateModified\":\"2020-03-07T12:20:08+00:00\",\"breadcrumb\":{\"@id\":\"https:\/\/tiandeproducts.co.uk\/lt\/kremas-veidui-nuo-spuogu-ir-randu-20g\/#breadcrumb\"},\"inLanguage\":\"lt-LT\",\"potentialAction\":[{\"@type\":\"ReadAction\",\"target\":[\"https:\/\/tiandeproducts.co.uk\/lt\/kremas-veidui-nuo-spuogu-ir-randu-20g\/\"]}]},{\"@type\":\"ImageObject\",\"inLanguage\":\"lt-LT\",\"@id\":\"https:\/\/tiandeproducts.co.uk\/lt\/kremas-veidui-nuo-spuogu-ir-randu-20g\/#primaryimage\",\"url\":\"https:\/\/tiandeproducts.co.uk\/wp-content\/uploads\/2016\/04\/11323_new.png\",\"contentUrl\":\"https:\/\/tiandeproducts.co.uk\/wp-content\/uploads\/2016\/04\/11323_new.png\",\"width\":700,\"height\":700,\"caption\":\"\\\"Master Herb\\\" Anti-Acne and Scar Facial Cream,20g-0\"},{\"@type\":\"BreadcrumbList\",\"@id\":\"https:\/\/tiandeproducts.co.uk\/lt\/kremas-veidui-nuo-spuogu-ir-randu-20g\/#breadcrumb\",\"itemListElement\":[{\"@type\":\"ListItem\",\"position\":1,\"name\":\"Home\",\"item\":\"https:\/\/tiandeproducts.co.uk\/lt\/\"},{\"@type\":\"ListItem\",\"position\":2,\"name\":\"Shop\",\"item\":\"https:\/\/tiandeproducts.co.uk\/lt\/shop-2\/\"},{\"@type\":\"ListItem\",\"position\":3,\"name\":\"Kremas veidui nuo spuog\u0173 ir rand\u0173, 20g.\"}]},{\"@type\":\"WebSite\",\"@id\":\"https:\/\/tiandeproducts.co.uk\/#website\",\"url\":\"https:\/\/tiandeproducts.co.uk\/\",\"name\":\"TianDe Online Shop - Beauty & Health\",\"description\":\"Traditional Chinese Medicine\",\"potentialAction\":[{\"@type\":\"SearchAction\",\"target\":{\"@type\":\"EntryPoint\",\"urlTemplate\":\"https:\/\/tiandeproducts.co.uk\/?s={search_term_string}\"},\"query-input\":{\"@type\":\"PropertyValueSpecification\",\"valueRequired\":true,\"valueName\":\"search_term_string\"}}],\"inLanguage\":\"lt-LT\"}]}<\/script>\n<!-- \/ Yoast SEO plugin. -->","yoast_head_json":{"title":"Kremas veidui nuo spuog\u0173 ir rand\u0173, 20g. - TianDe Online Shop - Beauty &amp; Health","robots":{"index":"index","follow":"follow","max-snippet":"max-snippet:-1","max-image-preview":"max-image-preview:large","max-video-preview":"max-video-preview:-1"},"canonical":"https:\/\/tiandeproducts.co.uk\/lt\/kremas-veidui-nuo-spuogu-ir-randu-20g\/","og_locale":"lt_LT","og_type":"article","og_title":"Kremas veidui nuo spuog\u0173 ir rand\u0173, 20g. - TianDe Online Shop - Beauty &amp; Health","og_url":"https:\/\/tiandeproducts.co.uk\/lt\/kremas-veidui-nuo-spuogu-ir-randu-20g\/","og_site_name":"TianDe Online Shop - Beauty &amp; Health","article_publisher":"https:\/\/www.facebook.com\/tiande.products.england\/","article_modified_time":"2020-03-07T12:20:08+00:00","og_image":[{"width":700,"height":700,"url":"https:\/\/tiandeproducts.co.uk\/wp-content\/uploads\/2016\/04\/11323_new.png","type":"image\/png"}],"twitter_card":"summary_large_image","twitter_misc":{"Est. reading time":"2 minut\u0117s"},"schema":{"@context":"https:\/\/schema.org","@graph":[{"@type":"WebPage","@id":"https:\/\/tiandeproducts.co.uk\/lt\/kremas-veidui-nuo-spuogu-ir-randu-20g\/","url":"https:\/\/tiandeproducts.co.uk\/lt\/kremas-veidui-nuo-spuogu-ir-randu-20g\/","name":"Kremas veidui nuo spuog\u0173 ir rand\u0173, 20g. - TianDe Online Shop - Beauty &amp; Health","isPartOf":{"@id":"https:\/\/tiandeproducts.co.uk\/#website"},"primaryImageOfPage":{"@id":"https:\/\/tiandeproducts.co.uk\/lt\/kremas-veidui-nuo-spuogu-ir-randu-20g\/#primaryimage"},"image":{"@id":"https:\/\/tiandeproducts.co.uk\/lt\/kremas-veidui-nuo-spuogu-ir-randu-20g\/#primaryimage"},"thumbnailUrl":"https:\/\/tiandeproducts.co.uk\/wp-content\/uploads\/2016\/04\/11323_new.png","datePublished":"2016-04-05T12:20:42+00:00","dateModified":"2020-03-07T12:20:08+00:00","breadcrumb":{"@id":"https:\/\/tiandeproducts.co.uk\/lt\/kremas-veidui-nuo-spuogu-ir-randu-20g\/#breadcrumb"},"inLanguage":"lt-LT","potentialAction":[{"@type":"ReadAction","target":["https:\/\/tiandeproducts.co.uk\/lt\/kremas-veidui-nuo-spuogu-ir-randu-20g\/"]}]},{"@type":"ImageObject","inLanguage":"lt-LT","@id":"https:\/\/tiandeproducts.co.uk\/lt\/kremas-veidui-nuo-spuogu-ir-randu-20g\/#primaryimage","url":"https:\/\/tiandeproducts.co.uk\/wp-content\/uploads\/2016\/04\/11323_new.png","contentUrl":"https:\/\/tiandeproducts.co.uk\/wp-content\/uploads\/2016\/04\/11323_new.png","width":700,"height":700,"caption":"\"Master Herb\" Anti-Acne and Scar Facial Cream,20g-0"},{"@type":"BreadcrumbList","@id":"https:\/\/tiandeproducts.co.uk\/lt\/kremas-veidui-nuo-spuogu-ir-randu-20g\/#breadcrumb","itemListElement":[{"@type":"ListItem","position":1,"name":"Home","item":"https:\/\/tiandeproducts.co.uk\/lt\/"},{"@type":"ListItem","position":2,"name":"Shop","item":"https:\/\/tiandeproducts.co.uk\/lt\/shop-2\/"},{"@type":"ListItem","position":3,"name":"Kremas veidui nuo spuog\u0173 ir rand\u0173, 20g."}]},{"@type":"WebSite","@id":"https:\/\/tiandeproducts.co.uk\/#website","url":"https:\/\/tiandeproducts.co.uk\/","name":"TianDe Online Shop - Beauty & Health","description":"Traditional Chinese Medicine","potentialAction":[{"@type":"SearchAction","target":{"@type":"EntryPoint","urlTemplate":"https:\/\/tiandeproducts.co.uk\/?s={search_term_string}"},"query-input":{"@type":"PropertyValueSpecification","valueRequired":true,"valueName":"search_term_string"}}],"inLanguage":"lt-LT"}]}},"_links":{"self":[{"href":"https:\/\/tiandeproducts.co.uk\/lt\/wp-json\/wp\/v2\/product\/3756","targetHints":{"allow":["GET"]}}],"collection":[{"href":"https:\/\/tiandeproducts.co.uk\/lt\/wp-json\/wp\/v2\/product"}],"about":[{"href":"https:\/\/tiandeproducts.co.uk\/lt\/wp-json\/wp\/v2\/types\/product"}],"replies":[{"embeddable":true,"href":"https:\/\/tiandeproducts.co.uk\/lt\/wp-json\/wp\/v2\/comments?post=3756"}],"wp:featuredmedia":[{"embeddable":true,"href":"https:\/\/tiandeproducts.co.uk\/lt\/wp-json\/wp\/v2\/media\/737"}],"wp:attachment":[{"href":"https:\/\/tiandeproducts.co.uk\/lt\/wp-json\/wp\/v2\/media?parent=3756"}],"wp:term":[{"taxonomy":"product_cat","embeddable":true,"href":"https:\/\/tiandeproducts.co.uk\/lt\/wp-json\/wp\/v2\/product_cat?post=3756"},{"taxonomy":"product_tag","embeddable":true,"href":"https:\/\/tiandeproducts.co.uk\/lt\/wp-json\/wp\/v2\/product_tag?post=3756"}],"curies":[{"name":"wp","href":"https:\/\/api.w.org\/{rel}","templated":true}]}}