{"id":3755,"date":"2016-04-05T13:09:51","date_gmt":"2016-04-05T12:09:51","guid":{"rendered":"https:\/\/tnd.ontesting.co.uk\/valomoji-kauke-veidui-nuo-spuogu-ir-randu-35g\/"},"modified":"2020-03-07T12:20:08","modified_gmt":"2020-03-07T12:20:08","slug":"valomoji-kauke-veidui-nuo-spuogu-ir-randu-35g","status":"publish","type":"product","link":"https:\/\/tiandeproducts.co.uk\/lt\/valomoji-kauke-veidui-nuo-spuogu-ir-randu-35g\/","title":{"rendered":"Valomoji kauk\u0117 veidui nuo spuog\u0173 ir rand\u0173, 35g."},"content":{"rendered":"<p>Gamtini\u0173 ingredient\u0173 kompleksas stimuliuoja l\u0105steli\u0173 atsinaujinim\u0105, normalizuoja riebalini\u0173 liauk\u0173 sekrecij\u0105, sutraukia poras, gerina odos spalv\u0105 bei mikroreljef\u0105 (pa\u0161alina blizges\u012f), atstato lipid\u0173 balans\u0105. Kauk\u0117 ypa\u010d efektyviai ramina od\u0105, panaikina paraudimus, apsaugo nuo dr\u0117gm\u0117s praradimo, neutralizuoja laisvuosius radikalus.<\/p>\n<p>Specialios paskirties valomoji kauk\u0117 nuo spuog\u0173 ir rand\u0173 \u2013 tikras atradimas riebios, mi\u0161rios, u\u017edegimini\u0173, skausming\u0173 ir p\u016bling\u0173 spuog\u0173 (akn\u0117s) pa\u017eeistos odos prie\u017ei\u016brai. Ji, naudojama kartu su visu kompleksu priemoni\u0173 skirt\u0173 akn\u0117s pa\u017eeistai odai, efektyviai i\u0161valys ne tik odos pavir\u0161i\u0173, bet ir poras, apsaugos nuo spuog\u0173 atsiradimo, pad\u0117s pa\u0161alinti d\u0117mes bei randus.<\/p>\n<p><strong>Naudojimas:<\/strong><br \/>\nD\u0117kite kauk\u0119 ant nuvalytos, sausos veido odos ir laikykite 15-20 min., po to nuimkite ir nuplaukite od\u0105 vandeniu. Rekomenduojama naudoti kasdien 2 savaites i\u0161 eil\u0117s, po to 2-3 kartus per savait\u0119 rezultatui u\u017etvirtinti. Viena kauk\u0117 tinka vienai proced\u016brai. Po jos rekomenduojame veid\u0105 patepti tos pa\u010dios serijos kremuku nuo spuog\u0173 ir rand\u0173 (11323).<\/p>\n<p><strong>Veikliosios med\u017eiagos:<\/strong><\/p>\n<p><strong>AHA (alfa hidroksi r\u016bg\u0161tis)<\/strong>. AHA r\u016bg\u0161\u010di\u0173 grupei priklauso glikolio (da\u017eniausiai pasitaikanti), pieno, migdol\u0173, citrin\u0173, obuoli\u0173, vyno ir kt. r\u016bg\u0161tys. Jos efektyviai kovoja su spuogais, \u0161alina fotosen\u0117jimo po\u017eymius &#8211; rauk\u0161leles, pigmentines d\u0117mes; padeda odai atsinaujinti &#8211; pagreitina odos l\u0105steli\u0173 regeneracijos cikl\u0105, pritraukia dr\u0117gm\u0119, skatinta kolageno sintez\u0119 (patenka \u012f gilesnius odos sluoksnius). Glikolio r\u016bg\u0161tis \u2013 randama cukranendr\u0117se ir \u017ealiose vynuog\u0117se. Jos mokekulin\u0117 mas\u0117 yra pati ma\u017eiausia i\u0161 vis\u0173 AHA r\u016bg\u0161\u010di\u0173, tod\u0117l ji labai greitai prasiskverbia pro epidermin\u012f barjer\u0105 ir teigiamai veikia od\u0105 &#8211; gerina jos elastingum\u0105, stangrum\u0105, stiprina imunitet\u0105. Pieno r\u016bg\u0161tis \u2013 randama piene, jogurte, m\u0117lyn\u0117se, obuoliuose, klev\u0173 sirupe, vynuog\u0117se. Suteikia odai intensyv\u0173 dr\u0117kinim\u0105, nu\u0161vei\u010dia, aktyvina regeneracinius procesus, padeda i\u0161spr\u0119sti pavir\u0161ini\u0173 spuog\u0173, rand\u0173 problemas. Obuoli\u0173 r\u016bg\u0161tis \u2013 \u012fvairi\u0173 vaisi\u0173 sudedamoji dalis (daugiausia obuoli\u0173 ir pomidor\u0173). Stimuliuoja l\u0105steli\u0173 metabolizmo procesus, \u0161vei\u010dia od\u0105. Vyno r\u016bg\u0161tis \u2013 apelsin\u0173, vyno, prinokusi\u0173 vynuogi\u0173 sud\u0117tin\u0117 dalis. Pasi\u017eymi od\u0105 \u0161viesinan\u010diomis, dr\u0117kinan\u010diomis bei valan\u010diomis savyb\u0117mis.<\/p>\n<p><strong>BHA (beta hidroksi r\u016bg\u0161tis)<\/strong>. Jeigu oda spuoguota, vargina u\u017esikim\u0161usios arba i\u0161sipl\u0117tusios poros, tai salicilo r\u016bg\u0161tis (da\u017eniausiai pasitaikanti BHA r\u016bg\u0161tis) \u2013 tobulas pasirinkimas. Salicilo r\u016bg\u0161tis gerai tirpsta riebaluose, tod\u0117l \u012fsiskverbia giliai \u012f od\u0105, palengvina raginio odos sluoksnio l\u0105steli\u0173 nusisluoksniavim\u0105, i\u0161valo u\u017esikim\u0161usias poras ir giliuosius odos sluoksnius, turi did\u017eiul\u012f antibakterin\u012f, prie\u0161u\u017edegimin\u012f ir antimikrobin\u012f poveik\u012f. Salicilo r\u016bg\u0161tis sausina od\u0105, tod\u0117l naudojant kaukes (ypa\u010d ilgesn\u012f laik\u0105) kartu rekomenduojama naudoti ir \u201eMaster Herb\u201c serijos krem\u0105 nuo spuog\u0173 ir rand\u0173 (11323).<\/p>\n<p><strong>Dumbli\u0173 ekstraktas<\/strong>\u00a0valo, sumink\u0161tina ir maitina od\u0105, padeda suma\u017einti mimikos rauk\u0161leles. D\u0117ka sud\u0117tyje esan\u010dios algino r\u016bg\u0161ties ir jodo, dumbli\u0173 ekstraktas kompensuoja odos dr\u0117gm\u0117s deficit\u0105, suaktyvina limfodrena\u017e\u0105, skatina l\u0105steli\u0173 regeneracij\u0105, reguliuoja odos pH balans\u0105 bei riebal\u0173 i\u0161siskyrim\u0105.<\/p>\n","protected":false},"excerpt":{"rendered":"<p>Gamtini\u0173 ingredient\u0173 kompleksas stimuliuoja l\u0105steli\u0173 atsinaujinim\u0105, normalizuoja riebalini\u0173 liauk\u0173 sekrecij\u0105, sutraukia poras, gerina odos spalv\u0105 bei mikroreljef\u0105 (pa\u0161alina blizges\u012f), atstato lipid\u0173 balans\u0105. Kauk\u0117 ypa\u010d efektyviai ramina od\u0105, panaikina paraudimus, apsaugo nuo dr\u0117gm\u0117s praradimo, neutralizuoja laisvuosius radikalus. Specialios paskirties valomoji kauk\u0117 nuo spuog\u0173 ir rand\u0173 \u2013 tikras atradimas riebios, mi\u0161rios, u\u017edegimini\u0173, skausming\u0173 ir p\u016bling\u0173 spuog\u0173 (akn\u0117s) [&#8230;]\n","protected":false},"featured_media":722,"comment_status":"closed","ping_status":"closed","template":"","meta":[],"product_cat":[562,575,590,523,506],"product_tag":[],"class_list":{"0":"post-3755","1":"product","2":"type-product","3":"status-publish","4":"has-post-thumbnail","6":"product_cat-kaukes-lt","7":"product_cat-master-herb-anti-acne-lt","8":"product_cat-problemiska-oda","9":"product_cat-problemiska-oda-spuogai","10":"product_cat-veidui","12":"first","13":"instock","14":"shipping-taxable","15":"purchasable","16":"product-type-simple"},"yoast_head":"<!-- This site is optimized with the Yoast SEO plugin v23.6 - https:\/\/yoast.com\/wordpress\/plugins\/seo\/ -->\n<title>Valomoji kauk\u0117 veidui nuo spuog\u0173 ir rand\u0173, 35g. - TianDe Online Shop - Beauty &amp; Health<\/title>\n<meta name=\"robots\" content=\"index, follow, max-snippet:-1, max-image-preview:large, max-video-preview:-1\" \/>\n<link rel=\"canonical\" href=\"https:\/\/tiandeproducts.co.uk\/lt\/valomoji-kauke-veidui-nuo-spuogu-ir-randu-35g\/\" \/>\n<meta property=\"og:locale\" content=\"lt_LT\" \/>\n<meta property=\"og:type\" content=\"article\" \/>\n<meta property=\"og:title\" content=\"Valomoji kauk\u0117 veidui nuo spuog\u0173 ir rand\u0173, 35g. - TianDe Online Shop - Beauty &amp; Health\" \/>\n<meta property=\"og:description\" content=\"Gamtini\u0173 ingredient\u0173 kompleksas stimuliuoja l\u0105steli\u0173 atsinaujinim\u0105, normalizuoja riebalini\u0173 liauk\u0173 sekrecij\u0105, sutraukia poras, gerina odos spalv\u0105 bei mikroreljef\u0105 (pa\u0161alina blizges\u012f), atstato lipid\u0173 balans\u0105. Kauk\u0117 ypa\u010d efektyviai ramina od\u0105, panaikina paraudimus, apsaugo nuo dr\u0117gm\u0117s praradimo, neutralizuoja laisvuosius radikalus. Specialios paskirties valomoji kauk\u0117 nuo spuog\u0173 ir rand\u0173 \u2013 tikras atradimas riebios, mi\u0161rios, u\u017edegimini\u0173, skausming\u0173 ir p\u016bling\u0173 spuog\u0173 (akn\u0117s) [...]\" \/>\n<meta property=\"og:url\" content=\"https:\/\/tiandeproducts.co.uk\/lt\/valomoji-kauke-veidui-nuo-spuogu-ir-randu-35g\/\" \/>\n<meta property=\"og:site_name\" content=\"TianDe Online Shop - Beauty &amp; Health\" \/>\n<meta property=\"article:publisher\" content=\"https:\/\/www.facebook.com\/tiande.products.england\/\" \/>\n<meta property=\"article:modified_time\" content=\"2020-03-07T12:20:08+00:00\" \/>\n<meta property=\"og:image\" content=\"https:\/\/tiandeproducts.co.uk\/wp-content\/uploads\/2016\/04\/11307.png\" \/>\n\t<meta property=\"og:image:width\" content=\"700\" \/>\n\t<meta property=\"og:image:height\" content=\"700\" \/>\n\t<meta property=\"og:image:type\" content=\"image\/png\" \/>\n<meta name=\"twitter:card\" content=\"summary_large_image\" \/>\n<meta name=\"twitter:label1\" content=\"Est. reading time\" \/>\n\t<meta name=\"twitter:data1\" content=\"2 minut\u0117s\" \/>\n<script type=\"application\/ld+json\" class=\"yoast-schema-graph\">{\"@context\":\"https:\/\/schema.org\",\"@graph\":[{\"@type\":\"WebPage\",\"@id\":\"https:\/\/tiandeproducts.co.uk\/lt\/valomoji-kauke-veidui-nuo-spuogu-ir-randu-35g\/\",\"url\":\"https:\/\/tiandeproducts.co.uk\/lt\/valomoji-kauke-veidui-nuo-spuogu-ir-randu-35g\/\",\"name\":\"Valomoji kauk\u0117 veidui nuo spuog\u0173 ir rand\u0173, 35g. - TianDe Online Shop - Beauty &amp; Health\",\"isPartOf\":{\"@id\":\"https:\/\/tiandeproducts.co.uk\/#website\"},\"primaryImageOfPage\":{\"@id\":\"https:\/\/tiandeproducts.co.uk\/lt\/valomoji-kauke-veidui-nuo-spuogu-ir-randu-35g\/#primaryimage\"},\"image\":{\"@id\":\"https:\/\/tiandeproducts.co.uk\/lt\/valomoji-kauke-veidui-nuo-spuogu-ir-randu-35g\/#primaryimage\"},\"thumbnailUrl\":\"https:\/\/tiandeproducts.co.uk\/wp-content\/uploads\/2016\/04\/11307.png\",\"datePublished\":\"2016-04-05T12:09:51+00:00\",\"dateModified\":\"2020-03-07T12:20:08+00:00\",\"breadcrumb\":{\"@id\":\"https:\/\/tiandeproducts.co.uk\/lt\/valomoji-kauke-veidui-nuo-spuogu-ir-randu-35g\/#breadcrumb\"},\"inLanguage\":\"lt-LT\",\"potentialAction\":[{\"@type\":\"ReadAction\",\"target\":[\"https:\/\/tiandeproducts.co.uk\/lt\/valomoji-kauke-veidui-nuo-spuogu-ir-randu-35g\/\"]}]},{\"@type\":\"ImageObject\",\"inLanguage\":\"lt-LT\",\"@id\":\"https:\/\/tiandeproducts.co.uk\/lt\/valomoji-kauke-veidui-nuo-spuogu-ir-randu-35g\/#primaryimage\",\"url\":\"https:\/\/tiandeproducts.co.uk\/wp-content\/uploads\/2016\/04\/11307.png\",\"contentUrl\":\"https:\/\/tiandeproducts.co.uk\/wp-content\/uploads\/2016\/04\/11307.png\",\"width\":700,\"height\":700,\"caption\":\"\\\"Master Herb\\\" Anti-acne and scar facial cleansing mask,1pc-0\"},{\"@type\":\"BreadcrumbList\",\"@id\":\"https:\/\/tiandeproducts.co.uk\/lt\/valomoji-kauke-veidui-nuo-spuogu-ir-randu-35g\/#breadcrumb\",\"itemListElement\":[{\"@type\":\"ListItem\",\"position\":1,\"name\":\"Home\",\"item\":\"https:\/\/tiandeproducts.co.uk\/lt\/\"},{\"@type\":\"ListItem\",\"position\":2,\"name\":\"Shop\",\"item\":\"https:\/\/tiandeproducts.co.uk\/lt\/shop-2\/\"},{\"@type\":\"ListItem\",\"position\":3,\"name\":\"Valomoji kauk\u0117 veidui nuo spuog\u0173 ir rand\u0173, 35g.\"}]},{\"@type\":\"WebSite\",\"@id\":\"https:\/\/tiandeproducts.co.uk\/#website\",\"url\":\"https:\/\/tiandeproducts.co.uk\/\",\"name\":\"TianDe Online Shop - Beauty & Health\",\"description\":\"Traditional Chinese Medicine\",\"potentialAction\":[{\"@type\":\"SearchAction\",\"target\":{\"@type\":\"EntryPoint\",\"urlTemplate\":\"https:\/\/tiandeproducts.co.uk\/?s={search_term_string}\"},\"query-input\":{\"@type\":\"PropertyValueSpecification\",\"valueRequired\":true,\"valueName\":\"search_term_string\"}}],\"inLanguage\":\"lt-LT\"}]}<\/script>\n<!-- \/ Yoast SEO plugin. -->","yoast_head_json":{"title":"Valomoji kauk\u0117 veidui nuo spuog\u0173 ir rand\u0173, 35g. - TianDe Online Shop - Beauty &amp; Health","robots":{"index":"index","follow":"follow","max-snippet":"max-snippet:-1","max-image-preview":"max-image-preview:large","max-video-preview":"max-video-preview:-1"},"canonical":"https:\/\/tiandeproducts.co.uk\/lt\/valomoji-kauke-veidui-nuo-spuogu-ir-randu-35g\/","og_locale":"lt_LT","og_type":"article","og_title":"Valomoji kauk\u0117 veidui nuo spuog\u0173 ir rand\u0173, 35g. - TianDe Online Shop - Beauty &amp; Health","og_description":"Gamtini\u0173 ingredient\u0173 kompleksas stimuliuoja l\u0105steli\u0173 atsinaujinim\u0105, normalizuoja riebalini\u0173 liauk\u0173 sekrecij\u0105, sutraukia poras, gerina odos spalv\u0105 bei mikroreljef\u0105 (pa\u0161alina blizges\u012f), atstato lipid\u0173 balans\u0105. Kauk\u0117 ypa\u010d efektyviai ramina od\u0105, panaikina paraudimus, apsaugo nuo dr\u0117gm\u0117s praradimo, neutralizuoja laisvuosius radikalus. Specialios paskirties valomoji kauk\u0117 nuo spuog\u0173 ir rand\u0173 \u2013 tikras atradimas riebios, mi\u0161rios, u\u017edegimini\u0173, skausming\u0173 ir p\u016bling\u0173 spuog\u0173 (akn\u0117s) [...]","og_url":"https:\/\/tiandeproducts.co.uk\/lt\/valomoji-kauke-veidui-nuo-spuogu-ir-randu-35g\/","og_site_name":"TianDe Online Shop - Beauty &amp; Health","article_publisher":"https:\/\/www.facebook.com\/tiande.products.england\/","article_modified_time":"2020-03-07T12:20:08+00:00","og_image":[{"width":700,"height":700,"url":"https:\/\/tiandeproducts.co.uk\/wp-content\/uploads\/2016\/04\/11307.png","type":"image\/png"}],"twitter_card":"summary_large_image","twitter_misc":{"Est. reading time":"2 minut\u0117s"},"schema":{"@context":"https:\/\/schema.org","@graph":[{"@type":"WebPage","@id":"https:\/\/tiandeproducts.co.uk\/lt\/valomoji-kauke-veidui-nuo-spuogu-ir-randu-35g\/","url":"https:\/\/tiandeproducts.co.uk\/lt\/valomoji-kauke-veidui-nuo-spuogu-ir-randu-35g\/","name":"Valomoji kauk\u0117 veidui nuo spuog\u0173 ir rand\u0173, 35g. - TianDe Online Shop - Beauty &amp; Health","isPartOf":{"@id":"https:\/\/tiandeproducts.co.uk\/#website"},"primaryImageOfPage":{"@id":"https:\/\/tiandeproducts.co.uk\/lt\/valomoji-kauke-veidui-nuo-spuogu-ir-randu-35g\/#primaryimage"},"image":{"@id":"https:\/\/tiandeproducts.co.uk\/lt\/valomoji-kauke-veidui-nuo-spuogu-ir-randu-35g\/#primaryimage"},"thumbnailUrl":"https:\/\/tiandeproducts.co.uk\/wp-content\/uploads\/2016\/04\/11307.png","datePublished":"2016-04-05T12:09:51+00:00","dateModified":"2020-03-07T12:20:08+00:00","breadcrumb":{"@id":"https:\/\/tiandeproducts.co.uk\/lt\/valomoji-kauke-veidui-nuo-spuogu-ir-randu-35g\/#breadcrumb"},"inLanguage":"lt-LT","potentialAction":[{"@type":"ReadAction","target":["https:\/\/tiandeproducts.co.uk\/lt\/valomoji-kauke-veidui-nuo-spuogu-ir-randu-35g\/"]}]},{"@type":"ImageObject","inLanguage":"lt-LT","@id":"https:\/\/tiandeproducts.co.uk\/lt\/valomoji-kauke-veidui-nuo-spuogu-ir-randu-35g\/#primaryimage","url":"https:\/\/tiandeproducts.co.uk\/wp-content\/uploads\/2016\/04\/11307.png","contentUrl":"https:\/\/tiandeproducts.co.uk\/wp-content\/uploads\/2016\/04\/11307.png","width":700,"height":700,"caption":"\"Master Herb\" Anti-acne and scar facial cleansing mask,1pc-0"},{"@type":"BreadcrumbList","@id":"https:\/\/tiandeproducts.co.uk\/lt\/valomoji-kauke-veidui-nuo-spuogu-ir-randu-35g\/#breadcrumb","itemListElement":[{"@type":"ListItem","position":1,"name":"Home","item":"https:\/\/tiandeproducts.co.uk\/lt\/"},{"@type":"ListItem","position":2,"name":"Shop","item":"https:\/\/tiandeproducts.co.uk\/lt\/shop-2\/"},{"@type":"ListItem","position":3,"name":"Valomoji kauk\u0117 veidui nuo spuog\u0173 ir rand\u0173, 35g."}]},{"@type":"WebSite","@id":"https:\/\/tiandeproducts.co.uk\/#website","url":"https:\/\/tiandeproducts.co.uk\/","name":"TianDe Online Shop - Beauty & Health","description":"Traditional Chinese Medicine","potentialAction":[{"@type":"SearchAction","target":{"@type":"EntryPoint","urlTemplate":"https:\/\/tiandeproducts.co.uk\/?s={search_term_string}"},"query-input":{"@type":"PropertyValueSpecification","valueRequired":true,"valueName":"search_term_string"}}],"inLanguage":"lt-LT"}]}},"_links":{"self":[{"href":"https:\/\/tiandeproducts.co.uk\/lt\/wp-json\/wp\/v2\/product\/3755","targetHints":{"allow":["GET"]}}],"collection":[{"href":"https:\/\/tiandeproducts.co.uk\/lt\/wp-json\/wp\/v2\/product"}],"about":[{"href":"https:\/\/tiandeproducts.co.uk\/lt\/wp-json\/wp\/v2\/types\/product"}],"replies":[{"embeddable":true,"href":"https:\/\/tiandeproducts.co.uk\/lt\/wp-json\/wp\/v2\/comments?post=3755"}],"wp:featuredmedia":[{"embeddable":true,"href":"https:\/\/tiandeproducts.co.uk\/lt\/wp-json\/wp\/v2\/media\/722"}],"wp:attachment":[{"href":"https:\/\/tiandeproducts.co.uk\/lt\/wp-json\/wp\/v2\/media?parent=3755"}],"wp:term":[{"taxonomy":"product_cat","embeddable":true,"href":"https:\/\/tiandeproducts.co.uk\/lt\/wp-json\/wp\/v2\/product_cat?post=3755"},{"taxonomy":"product_tag","embeddable":true,"href":"https:\/\/tiandeproducts.co.uk\/lt\/wp-json\/wp\/v2\/product_tag?post=3755"}],"curies":[{"name":"wp","href":"https:\/\/api.w.org\/{rel}","templated":true}]}}