{"id":3754,"date":"2016-04-05T13:26:37","date_gmt":"2016-04-05T12:26:37","guid":{"rendered":"https:\/\/tnd.ontesting.co.uk\/prausimosi-gelis-nuo-spuogu-100g\/"},"modified":"2021-10-05T21:44:31","modified_gmt":"2021-10-05T20:44:31","slug":"prausimosi-gelis-nuo-spuogu-100g","status":"publish","type":"product","link":"https:\/\/tiandeproducts.co.uk\/lt\/prausimosi-gelis-nuo-spuogu-100g\/","title":{"rendered":"Prausimosi gelis nuo spuog\u0173, 100g."},"content":{"rendered":"<p>Prausimosi gelis \u0161velniai ir efektyviai \u0161alina visus odos ne\u0161varumus ir riebal\u0173 pertekli\u0173. Per trump\u0105 laik\u0105, pilnai normalizuoja riebalini\u0173 liauk\u0173 darb\u0105, nuramina od\u0105, panaikina sudirgimus ir paraudimus, atstato odos \u0161arm\u0173 ir r\u016bg\u0161\u010di\u0173 pusiausvyr\u0105 (pH), nesausina. Priemon\u0117 ne tik garantuoja gil\u0173 ir efektyv\u0173 odos valym\u0105, bet ir suteikia stipri\u0105 antibakterin\u0119 ir negatyvaus laisv\u0173j\u0173 radikal\u0173 poveikio apsaug\u0105. Ypatingai tinka probleminei, u\u017edegiminei, \u012f akn\u0119 linkusios odos kasdienei prie\u017ei\u016brai.<br \/>\nNaudojant prausimosi gel\u012f nuo spuog\u0173 ir rand\u0173 kompleksi\u0161kai su kitomis \u0161ios serijos priemon\u0117mis oda taps \u0161vari, pridr\u0117kinta, atsistatys po akn\u0117s, \u012fgis kokybi\u0161k\u0105 apsaug\u0105 nuo u\u017edegimini\u0173 proces\u0173.<\/p>\n<p><strong>Naudojimas:<\/strong><br \/>\nSudr\u0117kint\u0105 od\u0105 patepkite geliu, \u0161velniai ir kruop\u0161\u010diai pamasa\u017euokite, po to nuplaukite \u0161iltu vandeniu. Galima naudoti kempin\u0117l\u0119.<\/p>\n<p><strong>Veikliosios med\u017eiagos:<\/strong><\/p>\n<p><strong>Jojobos aliejus<\/strong>\u00a0d\u0117l savo ypatingos konsistencijos yra ne aliejus, o skystas va\u0161kas, sudarytas i\u0161 esteri\u0173 (daugiausia), vitamin\u0173, antioksidant\u0173, mineralini\u0173 med\u017eiag\u0173 ir kt. \u0160is aliejus ypatingas tuo, kad savo savyb\u0117mis yra beveik identi\u0161kas odos i\u0161skiriamiems riebalams. Didel\u0117 vitamino E koncentracija bei antibakterin\u0117s, prie\u0161u\u017edegimin\u0117s, netoksi\u0161kos savyb\u0117s daro j\u012f nepaprastai naudingu kiekvienos dienos odos prie\u017ei\u016broje. Jojoba esteriai greitai \u012fsisavinami (tod\u0117l tinka visiems odos tipams, net sausai ir jautriai odai), mink\u0161tina, dr\u0117kina, maitina ir ramina od\u0105. Aktyviosios med\u017eiagos veiksmingai saugo nuo dr\u0117gm\u0117s praradimo, atkuria nat\u016bralias odos apsaugos funkcijas, pa\u0161alina \u0161erpetojim\u0105 ir dirglum\u0105, saugo nuo u\u017edegimini\u0173 proces\u0173.<\/p>\n<p><strong>Vitaminas E<\/strong>\u00a0\u2013 mikroelementas, turintis stiprias antioksidantines savybes. Jis maitina ir dr\u0117kina od\u0105, stiprina epidermio hidrolipidin\u012f barjer\u0105, apsaugo nuo negatyvaus UV spinduli\u0173 poveikio, suma\u017eina randus po akn\u0117s. Vitaminas E pagreitina pa\u017eeist\u0173 odos l\u0105steli\u0173 gijim\u0105, apsaugo nuo negatyvaus laisv\u0173j\u0173 radikal\u0173 poveikio.<\/p>\n","protected":false},"excerpt":{"rendered":"<p>Prausimosi gelis \u0161velniai ir efektyviai \u0161alina visus odos ne\u0161varumus ir riebal\u0173 pertekli\u0173. Per trump\u0105 laik\u0105, pilnai normalizuoja riebalini\u0173 liauk\u0173 darb\u0105, nuramina od\u0105, panaikina sudirgimus ir paraudimus, atstato odos \u0161arm\u0173 ir r\u016bg\u0161\u010di\u0173 pusiausvyr\u0105 (pH), nesausina. Priemon\u0117 ne tik garantuoja gil\u0173 ir efektyv\u0173 odos valym\u0105, bet ir suteikia stipri\u0105 antibakterin\u0119 ir negatyvaus laisv\u0173j\u0173 radikal\u0173 poveikio apsaug\u0105. Ypatingai [&#8230;]\n","protected":false},"featured_media":742,"comment_status":"closed","ping_status":"closed","template":"","meta":[],"product_cat":[575,590,523,561,506],"product_tag":[],"class_list":{"0":"post-3754","1":"product","2":"type-product","3":"status-publish","4":"has-post-thumbnail","6":"product_cat-master-herb-anti-acne-lt","7":"product_cat-problemiska-oda","8":"product_cat-problemiska-oda-spuogai","9":"product_cat-veido-prausikliaipilingai","10":"product_cat-veidui","12":"first","13":"instock","14":"shipping-taxable","15":"purchasable","16":"product-type-simple"},"yoast_head":"<!-- This site is optimized with the Yoast SEO plugin v23.6 - https:\/\/yoast.com\/wordpress\/plugins\/seo\/ -->\n<title>Prausimosi gelis nuo spuog\u0173, 100g. - TianDe Online Shop - Beauty &amp; Health<\/title>\n<meta name=\"robots\" content=\"index, follow, max-snippet:-1, max-image-preview:large, max-video-preview:-1\" \/>\n<link rel=\"canonical\" href=\"https:\/\/tiandeproducts.co.uk\/lt\/prausimosi-gelis-nuo-spuogu-100g\/\" \/>\n<meta property=\"og:locale\" content=\"lt_LT\" \/>\n<meta property=\"og:type\" content=\"article\" \/>\n<meta property=\"og:title\" content=\"Prausimosi gelis nuo spuog\u0173, 100g. - TianDe Online Shop - Beauty &amp; Health\" \/>\n<meta property=\"og:description\" content=\"Prausimosi gelis \u0161velniai ir efektyviai \u0161alina visus odos ne\u0161varumus ir riebal\u0173 pertekli\u0173. Per trump\u0105 laik\u0105, pilnai normalizuoja riebalini\u0173 liauk\u0173 darb\u0105, nuramina od\u0105, panaikina sudirgimus ir paraudimus, atstato odos \u0161arm\u0173 ir r\u016bg\u0161\u010di\u0173 pusiausvyr\u0105 (pH), nesausina. Priemon\u0117 ne tik garantuoja gil\u0173 ir efektyv\u0173 odos valym\u0105, bet ir suteikia stipri\u0105 antibakterin\u0119 ir negatyvaus laisv\u0173j\u0173 radikal\u0173 poveikio apsaug\u0105. Ypatingai [...]\" \/>\n<meta property=\"og:url\" content=\"https:\/\/tiandeproducts.co.uk\/lt\/prausimosi-gelis-nuo-spuogu-100g\/\" \/>\n<meta property=\"og:site_name\" content=\"TianDe Online Shop - Beauty &amp; Health\" \/>\n<meta property=\"article:publisher\" content=\"https:\/\/www.facebook.com\/tiande.products.england\/\" \/>\n<meta property=\"article:modified_time\" content=\"2021-10-05T20:44:31+00:00\" \/>\n<meta property=\"og:image\" content=\"https:\/\/tiandeproducts.co.uk\/wp-content\/uploads\/2016\/04\/11319_1.png\" \/>\n\t<meta property=\"og:image:width\" content=\"700\" \/>\n\t<meta property=\"og:image:height\" content=\"700\" \/>\n\t<meta property=\"og:image:type\" content=\"image\/png\" \/>\n<meta name=\"twitter:card\" content=\"summary_large_image\" \/>\n<meta name=\"twitter:label1\" content=\"Est. reading time\" \/>\n\t<meta name=\"twitter:data1\" content=\"1 minut\u0117\" \/>\n<script type=\"application\/ld+json\" class=\"yoast-schema-graph\">{\"@context\":\"https:\/\/schema.org\",\"@graph\":[{\"@type\":\"WebPage\",\"@id\":\"https:\/\/tiandeproducts.co.uk\/lt\/prausimosi-gelis-nuo-spuogu-100g\/\",\"url\":\"https:\/\/tiandeproducts.co.uk\/lt\/prausimosi-gelis-nuo-spuogu-100g\/\",\"name\":\"Prausimosi gelis nuo spuog\u0173, 100g. - TianDe Online Shop - Beauty &amp; Health\",\"isPartOf\":{\"@id\":\"https:\/\/tiandeproducts.co.uk\/#website\"},\"primaryImageOfPage\":{\"@id\":\"https:\/\/tiandeproducts.co.uk\/lt\/prausimosi-gelis-nuo-spuogu-100g\/#primaryimage\"},\"image\":{\"@id\":\"https:\/\/tiandeproducts.co.uk\/lt\/prausimosi-gelis-nuo-spuogu-100g\/#primaryimage\"},\"thumbnailUrl\":\"https:\/\/tiandeproducts.co.uk\/wp-content\/uploads\/2016\/04\/11319_1.png\",\"datePublished\":\"2016-04-05T12:26:37+00:00\",\"dateModified\":\"2021-10-05T20:44:31+00:00\",\"breadcrumb\":{\"@id\":\"https:\/\/tiandeproducts.co.uk\/lt\/prausimosi-gelis-nuo-spuogu-100g\/#breadcrumb\"},\"inLanguage\":\"lt-LT\",\"potentialAction\":[{\"@type\":\"ReadAction\",\"target\":[\"https:\/\/tiandeproducts.co.uk\/lt\/prausimosi-gelis-nuo-spuogu-100g\/\"]}]},{\"@type\":\"ImageObject\",\"inLanguage\":\"lt-LT\",\"@id\":\"https:\/\/tiandeproducts.co.uk\/lt\/prausimosi-gelis-nuo-spuogu-100g\/#primaryimage\",\"url\":\"https:\/\/tiandeproducts.co.uk\/wp-content\/uploads\/2016\/04\/11319_1.png\",\"contentUrl\":\"https:\/\/tiandeproducts.co.uk\/wp-content\/uploads\/2016\/04\/11319_1.png\",\"width\":700,\"height\":700,\"caption\":\"Master Herb Anti-Acne Deep Cleansing Facial Gel,100g-0\"},{\"@type\":\"BreadcrumbList\",\"@id\":\"https:\/\/tiandeproducts.co.uk\/lt\/prausimosi-gelis-nuo-spuogu-100g\/#breadcrumb\",\"itemListElement\":[{\"@type\":\"ListItem\",\"position\":1,\"name\":\"Home\",\"item\":\"https:\/\/tiandeproducts.co.uk\/lt\/\"},{\"@type\":\"ListItem\",\"position\":2,\"name\":\"Shop\",\"item\":\"https:\/\/tiandeproducts.co.uk\/lt\/shop-2\/\"},{\"@type\":\"ListItem\",\"position\":3,\"name\":\"Prausimosi gelis nuo spuog\u0173, 100g.\"}]},{\"@type\":\"WebSite\",\"@id\":\"https:\/\/tiandeproducts.co.uk\/#website\",\"url\":\"https:\/\/tiandeproducts.co.uk\/\",\"name\":\"TianDe Online Shop - Beauty & Health\",\"description\":\"Traditional Chinese Medicine\",\"potentialAction\":[{\"@type\":\"SearchAction\",\"target\":{\"@type\":\"EntryPoint\",\"urlTemplate\":\"https:\/\/tiandeproducts.co.uk\/?s={search_term_string}\"},\"query-input\":{\"@type\":\"PropertyValueSpecification\",\"valueRequired\":true,\"valueName\":\"search_term_string\"}}],\"inLanguage\":\"lt-LT\"}]}<\/script>\n<!-- \/ Yoast SEO plugin. -->","yoast_head_json":{"title":"Prausimosi gelis nuo spuog\u0173, 100g. - TianDe Online Shop - Beauty &amp; Health","robots":{"index":"index","follow":"follow","max-snippet":"max-snippet:-1","max-image-preview":"max-image-preview:large","max-video-preview":"max-video-preview:-1"},"canonical":"https:\/\/tiandeproducts.co.uk\/lt\/prausimosi-gelis-nuo-spuogu-100g\/","og_locale":"lt_LT","og_type":"article","og_title":"Prausimosi gelis nuo spuog\u0173, 100g. - TianDe Online Shop - Beauty &amp; Health","og_description":"Prausimosi gelis \u0161velniai ir efektyviai \u0161alina visus odos ne\u0161varumus ir riebal\u0173 pertekli\u0173. Per trump\u0105 laik\u0105, pilnai normalizuoja riebalini\u0173 liauk\u0173 darb\u0105, nuramina od\u0105, panaikina sudirgimus ir paraudimus, atstato odos \u0161arm\u0173 ir r\u016bg\u0161\u010di\u0173 pusiausvyr\u0105 (pH), nesausina. Priemon\u0117 ne tik garantuoja gil\u0173 ir efektyv\u0173 odos valym\u0105, bet ir suteikia stipri\u0105 antibakterin\u0119 ir negatyvaus laisv\u0173j\u0173 radikal\u0173 poveikio apsaug\u0105. Ypatingai [...]","og_url":"https:\/\/tiandeproducts.co.uk\/lt\/prausimosi-gelis-nuo-spuogu-100g\/","og_site_name":"TianDe Online Shop - Beauty &amp; Health","article_publisher":"https:\/\/www.facebook.com\/tiande.products.england\/","article_modified_time":"2021-10-05T20:44:31+00:00","og_image":[{"width":700,"height":700,"url":"https:\/\/tiandeproducts.co.uk\/wp-content\/uploads\/2016\/04\/11319_1.png","type":"image\/png"}],"twitter_card":"summary_large_image","twitter_misc":{"Est. reading time":"1 minut\u0117"},"schema":{"@context":"https:\/\/schema.org","@graph":[{"@type":"WebPage","@id":"https:\/\/tiandeproducts.co.uk\/lt\/prausimosi-gelis-nuo-spuogu-100g\/","url":"https:\/\/tiandeproducts.co.uk\/lt\/prausimosi-gelis-nuo-spuogu-100g\/","name":"Prausimosi gelis nuo spuog\u0173, 100g. - TianDe Online Shop - Beauty &amp; Health","isPartOf":{"@id":"https:\/\/tiandeproducts.co.uk\/#website"},"primaryImageOfPage":{"@id":"https:\/\/tiandeproducts.co.uk\/lt\/prausimosi-gelis-nuo-spuogu-100g\/#primaryimage"},"image":{"@id":"https:\/\/tiandeproducts.co.uk\/lt\/prausimosi-gelis-nuo-spuogu-100g\/#primaryimage"},"thumbnailUrl":"https:\/\/tiandeproducts.co.uk\/wp-content\/uploads\/2016\/04\/11319_1.png","datePublished":"2016-04-05T12:26:37+00:00","dateModified":"2021-10-05T20:44:31+00:00","breadcrumb":{"@id":"https:\/\/tiandeproducts.co.uk\/lt\/prausimosi-gelis-nuo-spuogu-100g\/#breadcrumb"},"inLanguage":"lt-LT","potentialAction":[{"@type":"ReadAction","target":["https:\/\/tiandeproducts.co.uk\/lt\/prausimosi-gelis-nuo-spuogu-100g\/"]}]},{"@type":"ImageObject","inLanguage":"lt-LT","@id":"https:\/\/tiandeproducts.co.uk\/lt\/prausimosi-gelis-nuo-spuogu-100g\/#primaryimage","url":"https:\/\/tiandeproducts.co.uk\/wp-content\/uploads\/2016\/04\/11319_1.png","contentUrl":"https:\/\/tiandeproducts.co.uk\/wp-content\/uploads\/2016\/04\/11319_1.png","width":700,"height":700,"caption":"Master Herb Anti-Acne Deep Cleansing Facial Gel,100g-0"},{"@type":"BreadcrumbList","@id":"https:\/\/tiandeproducts.co.uk\/lt\/prausimosi-gelis-nuo-spuogu-100g\/#breadcrumb","itemListElement":[{"@type":"ListItem","position":1,"name":"Home","item":"https:\/\/tiandeproducts.co.uk\/lt\/"},{"@type":"ListItem","position":2,"name":"Shop","item":"https:\/\/tiandeproducts.co.uk\/lt\/shop-2\/"},{"@type":"ListItem","position":3,"name":"Prausimosi gelis nuo spuog\u0173, 100g."}]},{"@type":"WebSite","@id":"https:\/\/tiandeproducts.co.uk\/#website","url":"https:\/\/tiandeproducts.co.uk\/","name":"TianDe Online Shop - Beauty & Health","description":"Traditional Chinese Medicine","potentialAction":[{"@type":"SearchAction","target":{"@type":"EntryPoint","urlTemplate":"https:\/\/tiandeproducts.co.uk\/?s={search_term_string}"},"query-input":{"@type":"PropertyValueSpecification","valueRequired":true,"valueName":"search_term_string"}}],"inLanguage":"lt-LT"}]}},"_links":{"self":[{"href":"https:\/\/tiandeproducts.co.uk\/lt\/wp-json\/wp\/v2\/product\/3754","targetHints":{"allow":["GET"]}}],"collection":[{"href":"https:\/\/tiandeproducts.co.uk\/lt\/wp-json\/wp\/v2\/product"}],"about":[{"href":"https:\/\/tiandeproducts.co.uk\/lt\/wp-json\/wp\/v2\/types\/product"}],"replies":[{"embeddable":true,"href":"https:\/\/tiandeproducts.co.uk\/lt\/wp-json\/wp\/v2\/comments?post=3754"}],"wp:featuredmedia":[{"embeddable":true,"href":"https:\/\/tiandeproducts.co.uk\/lt\/wp-json\/wp\/v2\/media\/742"}],"wp:attachment":[{"href":"https:\/\/tiandeproducts.co.uk\/lt\/wp-json\/wp\/v2\/media?parent=3754"}],"wp:term":[{"taxonomy":"product_cat","embeddable":true,"href":"https:\/\/tiandeproducts.co.uk\/lt\/wp-json\/wp\/v2\/product_cat?post=3754"},{"taxonomy":"product_tag","embeddable":true,"href":"https:\/\/tiandeproducts.co.uk\/lt\/wp-json\/wp\/v2\/product_tag?post=3754"}],"curies":[{"name":"wp","href":"https:\/\/api.w.org\/{rel}","templated":true}]}}