{"id":3753,"date":"2016-04-05T13:15:54","date_gmt":"2016-04-05T12:15:54","guid":{"rendered":"https:\/\/tnd.ontesting.co.uk\/priesuzdegiminis-losjonas-veidui-60ml\/"},"modified":"2020-01-07T15:21:35","modified_gmt":"2020-01-07T15:21:35","slug":"priesuzdegiminis-losjonas-veidui-60ml","status":"publish","type":"product","link":"https:\/\/tiandeproducts.co.uk\/lt\/priesuzdegiminis-losjonas-veidui-60ml\/","title":{"rendered":"Prie\u0161u\u017edegiminis losjonas veidui, 60ml."},"content":{"rendered":"<p>Prie\u0161u\u017edegiminis losjonas, skirtingai nei kitos tonizuojan\u010dios priemon\u0117s, pasi\u017eymi dezinfekuojan\u010diomis savyb\u0117mis ir u\u017etikrina veiksming\u0105 spuoguotos odos prie\u017ei\u016br\u0105 &#8211; padeda suma\u017einti spuogus ir apsaugoti nuo nauj\u0173 atsiradimo. Priemon\u0117 veiksmingai \u0161alina ne\u0161varumus, normalizuoja riebal\u0173 i\u0161siskyrim\u0105, apsaugo nuo bakterij\u0173, atstato odos pH balans\u0105. Gamtiniai augaliniai ekstraktai akimirksniu nuramina od\u0105, nuima paraudimus ir suma\u017eina patinimus.<br \/>\nNaudojant prie\u0161u\u017edegimin\u012f losjon\u0105 kompleksi\u0161kai su kitomis \u0161ios serijos priemon\u0117mis oda taps \u0161vari, pridr\u0117kinta, atsistatys po akn\u0117s, bei \u012fgis\u00a0kokybi\u0161k\u0105 apsaug\u0105 nuo u\u017edegimini\u0173 proces\u0173. \u0160varios poros \u2013 \u0161vari oda.<\/p>\n<p><strong>Naudojimas:<\/strong><br \/>\nAnt dr\u0117gnos kempin\u0117l\u0117s u\u017ela\u0161inkite 5-6 la\u0161us losjono ir \u0161velniais judesiais valykite od\u0105 nuo kaktos smakro link. Pirmiausia patartina valyti problemines, spuoguotas veido vietas (i\u0161skyrus paaki\u0173 od\u0105). Naudoti tik ant \u0161varios odos, nenuplauti nereikia.<\/p>\n<p><strong>Veikliosios med\u017eiagos:<\/strong><\/p>\n<p><strong>Alavijo ekstraktas<\/strong>\u00a0pats efektyviausias gamtoje randamas nat\u016bralus odos dr\u0117kiklis, puikus antiseptikas ir prie\u0161u\u017edegiminis preparatas. \u0160is ekstraktas puikus UV spinduli\u0173 filtras, ramina saul\u0117s sudirgint\u0105 od\u0105, pasi\u017eymi antibakteriniu veikimu. Alavijo ekstrakte daugiau nei 200 biologi\u0161kai aktyvi\u0173 med\u017eiag\u0173. I\u0161 j\u0173 pat\u012f did\u017eiausi\u0105 poveik\u012f riebiai spuoguotai odai turi acemanano polisacharidas, kuris skatina odos imunitet\u0105 prie\u0161intis bakterijoms ir virusams. Alavijo sultyse esanti salicilo r\u016bg\u0161tis, tai riebalus tirpinanti r\u016bg\u0161tis, kuri lengvai prasiskverbia \u012f riebalines liaukas ir \u201ekontroliuoja&#8221; spuog\u0173 susidarym\u0105, turi antiseptini\u0173 savybi\u0173, efektyviai kovoja su akne. Alavijo r\u016bg\u0161\u010di\u0173 ir \u0161arm\u0173 balansas sutampa su nat\u016braliu odos pH, tod\u0117l \u0161io ekstrakto panaudojimas garantuoja greit\u0105 odos pH lygio atstatym\u0105. Alavijo d\u0117ka, visi naudingi komponentai labai greitai prasiskverbia \u012f giliausius odos sluoksnius (3-4 kartus grei\u010diau u\u017e vanden\u012f).<\/p>\n<p><strong>\u0160alavijo ekstrakte<\/strong>\u00a0gausu eterini\u0173 aliej\u0173, raugini\u0173 ir kar\u010di\u0173j\u0173 med\u017eiag\u0173, organini\u0173 r\u016bg\u0161\u010di\u0173, vitamino PP ir mineralini\u0173 med\u017eiag\u0173. Jie ma\u017eina u\u017edegimus, naikina bakterijas ir dezinfekuoja. \u0160alavij\u0173 ekstrakte gausu ir fitoestrogen\u0173, kurie ne tik efektyviai stabdo odos sen\u0117jimo proces\u0105, bet ir \u017eenkliai ma\u017eina perteklin\u012f odos riebal\u0173 i\u0161siskyrim\u0105, kas u\u017ekerta keli\u0105 akn\u0117s atsiradimui. O didelis kiekis linolenin\u0117s r\u016bg\u0161ties efektyviai apsaugo ir nuo jaunatvi\u0161k\u0173 spuogeli\u0173 ir nuo u\u017edegimini\u0173 proces\u0173 porose.<\/p>\n<p><strong>Japoninio sausmed\u017eio ekstraktas<\/strong>\u00a0turi stipr\u0173 prie\u0161u\u017edegimin\u012f, antibakterin\u012f, detoksikuojant\u012f ir raminant\u012f poveik\u012f. Jis taip pat turi nat\u016brali\u0173 konservuojan\u010di\u0173 savybi\u0173, nes sud\u0117tyje gausu vaisini\u0173 (obuoli\u0173 ir citrin\u0173) r\u016bg\u0161\u010di\u0173. Veikliosios ekstrakto med\u017eiagos \u0161alina surag\u0117jusias epidermio l\u0105steles, skatina nauj\u0173 l\u0105steli\u0173 regeneracij\u0105, saugo od\u0105 nuo laisv\u0173j\u0173 radikal\u0173, bakterij\u0173 ir virus\u0173 poveikio, dr\u0117kina.<\/p>\n<p><strong>Alantoinas<\/strong>\u00a0ramina sudirgusi\u0105 od\u0105, suteikia jai lygumo ir elastingumo, skatina l\u0105steli\u0173 regeneracij\u0105, turi antialergini\u0173 savybi\u0173, padeda gydyti \u017eaizdas, nudegimus ir \u012ftr\u016bkimus, mink\u0161tina.<\/p>\n","protected":false},"excerpt":{"rendered":"<p>Prie\u0161u\u017edegiminis losjonas, skirtingai nei kitos tonizuojan\u010dios priemon\u0117s, pasi\u017eymi dezinfekuojan\u010diomis savyb\u0117mis ir u\u017etikrina veiksming\u0105 spuoguotos odos prie\u017ei\u016br\u0105 &#8211; padeda suma\u017einti spuogus ir apsaugoti nuo nauj\u0173 atsiradimo. Priemon\u0117 veiksmingai \u0161alina ne\u0161varumus, normalizuoja riebal\u0173 i\u0161siskyrim\u0105, apsaugo nuo bakterij\u0173, atstato odos pH balans\u0105. Gamtiniai augaliniai ekstraktai akimirksniu nuramina od\u0105, nuima paraudimus ir suma\u017eina patinimus. Naudojant prie\u0161u\u017edegimin\u012f losjon\u0105 kompleksi\u0161kai su [&#8230;]\n","protected":false},"featured_media":727,"comment_status":"closed","ping_status":"closed","template":"","meta":[],"product_cat":[575,590,523,610,506],"product_tag":[],"class_list":{"0":"post-3753","1":"product","2":"type-product","3":"status-publish","4":"has-post-thumbnail","6":"product_cat-master-herb-anti-acne-lt","7":"product_cat-problemiska-oda","8":"product_cat-problemiska-oda-spuogai","9":"product_cat-tonikai-ir-losjonai","10":"product_cat-veidui","12":"first","13":"instock","14":"shipping-taxable","15":"purchasable","16":"product-type-simple"},"yoast_head":"<!-- This site is optimized with the Yoast SEO plugin v23.6 - https:\/\/yoast.com\/wordpress\/plugins\/seo\/ -->\n<title>Prie\u0161u\u017edegiminis losjonas veidui, 60ml. - TianDe Online Shop - Beauty &amp; Health<\/title>\n<meta name=\"robots\" content=\"index, follow, max-snippet:-1, max-image-preview:large, max-video-preview:-1\" \/>\n<link rel=\"canonical\" href=\"https:\/\/tiandeproducts.co.uk\/lt\/priesuzdegiminis-losjonas-veidui-60ml\/\" \/>\n<meta property=\"og:locale\" content=\"lt_LT\" \/>\n<meta property=\"og:type\" content=\"article\" \/>\n<meta property=\"og:title\" content=\"Prie\u0161u\u017edegiminis losjonas veidui, 60ml. - TianDe Online Shop - Beauty &amp; Health\" \/>\n<meta property=\"og:description\" content=\"Prie\u0161u\u017edegiminis losjonas, skirtingai nei kitos tonizuojan\u010dios priemon\u0117s, pasi\u017eymi dezinfekuojan\u010diomis savyb\u0117mis ir u\u017etikrina veiksming\u0105 spuoguotos odos prie\u017ei\u016br\u0105 &#8211; padeda suma\u017einti spuogus ir apsaugoti nuo nauj\u0173 atsiradimo. Priemon\u0117 veiksmingai \u0161alina ne\u0161varumus, normalizuoja riebal\u0173 i\u0161siskyrim\u0105, apsaugo nuo bakterij\u0173, atstato odos pH balans\u0105. Gamtiniai augaliniai ekstraktai akimirksniu nuramina od\u0105, nuima paraudimus ir suma\u017eina patinimus. Naudojant prie\u0161u\u017edegimin\u012f losjon\u0105 kompleksi\u0161kai su [...]\" \/>\n<meta property=\"og:url\" content=\"https:\/\/tiandeproducts.co.uk\/lt\/priesuzdegiminis-losjonas-veidui-60ml\/\" \/>\n<meta property=\"og:site_name\" content=\"TianDe Online Shop - Beauty &amp; Health\" \/>\n<meta property=\"article:publisher\" content=\"https:\/\/www.facebook.com\/tiande.products.england\/\" \/>\n<meta property=\"article:modified_time\" content=\"2020-01-07T15:21:35+00:00\" \/>\n<meta property=\"og:image\" content=\"https:\/\/tiandeproducts.co.uk\/wp-content\/uploads\/2016\/04\/11320_new.png\" \/>\n\t<meta property=\"og:image:width\" content=\"700\" \/>\n\t<meta property=\"og:image:height\" content=\"700\" \/>\n\t<meta property=\"og:image:type\" content=\"image\/png\" \/>\n<meta name=\"twitter:card\" content=\"summary_large_image\" \/>\n<meta name=\"twitter:label1\" content=\"Est. reading time\" \/>\n\t<meta name=\"twitter:data1\" content=\"2 minut\u0117s\" \/>\n<script type=\"application\/ld+json\" class=\"yoast-schema-graph\">{\"@context\":\"https:\/\/schema.org\",\"@graph\":[{\"@type\":\"WebPage\",\"@id\":\"https:\/\/tiandeproducts.co.uk\/lt\/priesuzdegiminis-losjonas-veidui-60ml\/\",\"url\":\"https:\/\/tiandeproducts.co.uk\/lt\/priesuzdegiminis-losjonas-veidui-60ml\/\",\"name\":\"Prie\u0161u\u017edegiminis losjonas veidui, 60ml. - TianDe Online Shop - Beauty &amp; Health\",\"isPartOf\":{\"@id\":\"https:\/\/tiandeproducts.co.uk\/#website\"},\"primaryImageOfPage\":{\"@id\":\"https:\/\/tiandeproducts.co.uk\/lt\/priesuzdegiminis-losjonas-veidui-60ml\/#primaryimage\"},\"image\":{\"@id\":\"https:\/\/tiandeproducts.co.uk\/lt\/priesuzdegiminis-losjonas-veidui-60ml\/#primaryimage\"},\"thumbnailUrl\":\"https:\/\/tiandeproducts.co.uk\/wp-content\/uploads\/2016\/04\/11320_new.png\",\"datePublished\":\"2016-04-05T12:15:54+00:00\",\"dateModified\":\"2020-01-07T15:21:35+00:00\",\"breadcrumb\":{\"@id\":\"https:\/\/tiandeproducts.co.uk\/lt\/priesuzdegiminis-losjonas-veidui-60ml\/#breadcrumb\"},\"inLanguage\":\"lt-LT\",\"potentialAction\":[{\"@type\":\"ReadAction\",\"target\":[\"https:\/\/tiandeproducts.co.uk\/lt\/priesuzdegiminis-losjonas-veidui-60ml\/\"]}]},{\"@type\":\"ImageObject\",\"inLanguage\":\"lt-LT\",\"@id\":\"https:\/\/tiandeproducts.co.uk\/lt\/priesuzdegiminis-losjonas-veidui-60ml\/#primaryimage\",\"url\":\"https:\/\/tiandeproducts.co.uk\/wp-content\/uploads\/2016\/04\/11320_new.png\",\"contentUrl\":\"https:\/\/tiandeproducts.co.uk\/wp-content\/uploads\/2016\/04\/11320_new.png\",\"width\":700,\"height\":700,\"caption\":\"\\\"Master Herb\\\" Anti-Acne Facial Lotion,Restoring PH Balance,60ml-0\"},{\"@type\":\"BreadcrumbList\",\"@id\":\"https:\/\/tiandeproducts.co.uk\/lt\/priesuzdegiminis-losjonas-veidui-60ml\/#breadcrumb\",\"itemListElement\":[{\"@type\":\"ListItem\",\"position\":1,\"name\":\"Home\",\"item\":\"https:\/\/tiandeproducts.co.uk\/lt\/\"},{\"@type\":\"ListItem\",\"position\":2,\"name\":\"Shop\",\"item\":\"https:\/\/tiandeproducts.co.uk\/lt\/shop-2\/\"},{\"@type\":\"ListItem\",\"position\":3,\"name\":\"Prie\u0161u\u017edegiminis losjonas veidui, 60ml.\"}]},{\"@type\":\"WebSite\",\"@id\":\"https:\/\/tiandeproducts.co.uk\/#website\",\"url\":\"https:\/\/tiandeproducts.co.uk\/\",\"name\":\"TianDe Online Shop - Beauty & Health\",\"description\":\"Traditional Chinese Medicine\",\"potentialAction\":[{\"@type\":\"SearchAction\",\"target\":{\"@type\":\"EntryPoint\",\"urlTemplate\":\"https:\/\/tiandeproducts.co.uk\/?s={search_term_string}\"},\"query-input\":{\"@type\":\"PropertyValueSpecification\",\"valueRequired\":true,\"valueName\":\"search_term_string\"}}],\"inLanguage\":\"lt-LT\"}]}<\/script>\n<!-- \/ Yoast SEO plugin. -->","yoast_head_json":{"title":"Prie\u0161u\u017edegiminis losjonas veidui, 60ml. - TianDe Online Shop - Beauty &amp; Health","robots":{"index":"index","follow":"follow","max-snippet":"max-snippet:-1","max-image-preview":"max-image-preview:large","max-video-preview":"max-video-preview:-1"},"canonical":"https:\/\/tiandeproducts.co.uk\/lt\/priesuzdegiminis-losjonas-veidui-60ml\/","og_locale":"lt_LT","og_type":"article","og_title":"Prie\u0161u\u017edegiminis losjonas veidui, 60ml. - TianDe Online Shop - Beauty &amp; Health","og_description":"Prie\u0161u\u017edegiminis losjonas, skirtingai nei kitos tonizuojan\u010dios priemon\u0117s, pasi\u017eymi dezinfekuojan\u010diomis savyb\u0117mis ir u\u017etikrina veiksming\u0105 spuoguotos odos prie\u017ei\u016br\u0105 &#8211; padeda suma\u017einti spuogus ir apsaugoti nuo nauj\u0173 atsiradimo. Priemon\u0117 veiksmingai \u0161alina ne\u0161varumus, normalizuoja riebal\u0173 i\u0161siskyrim\u0105, apsaugo nuo bakterij\u0173, atstato odos pH balans\u0105. Gamtiniai augaliniai ekstraktai akimirksniu nuramina od\u0105, nuima paraudimus ir suma\u017eina patinimus. Naudojant prie\u0161u\u017edegimin\u012f losjon\u0105 kompleksi\u0161kai su [...]","og_url":"https:\/\/tiandeproducts.co.uk\/lt\/priesuzdegiminis-losjonas-veidui-60ml\/","og_site_name":"TianDe Online Shop - Beauty &amp; Health","article_publisher":"https:\/\/www.facebook.com\/tiande.products.england\/","article_modified_time":"2020-01-07T15:21:35+00:00","og_image":[{"width":700,"height":700,"url":"https:\/\/tiandeproducts.co.uk\/wp-content\/uploads\/2016\/04\/11320_new.png","type":"image\/png"}],"twitter_card":"summary_large_image","twitter_misc":{"Est. reading time":"2 minut\u0117s"},"schema":{"@context":"https:\/\/schema.org","@graph":[{"@type":"WebPage","@id":"https:\/\/tiandeproducts.co.uk\/lt\/priesuzdegiminis-losjonas-veidui-60ml\/","url":"https:\/\/tiandeproducts.co.uk\/lt\/priesuzdegiminis-losjonas-veidui-60ml\/","name":"Prie\u0161u\u017edegiminis losjonas veidui, 60ml. - TianDe Online Shop - Beauty &amp; Health","isPartOf":{"@id":"https:\/\/tiandeproducts.co.uk\/#website"},"primaryImageOfPage":{"@id":"https:\/\/tiandeproducts.co.uk\/lt\/priesuzdegiminis-losjonas-veidui-60ml\/#primaryimage"},"image":{"@id":"https:\/\/tiandeproducts.co.uk\/lt\/priesuzdegiminis-losjonas-veidui-60ml\/#primaryimage"},"thumbnailUrl":"https:\/\/tiandeproducts.co.uk\/wp-content\/uploads\/2016\/04\/11320_new.png","datePublished":"2016-04-05T12:15:54+00:00","dateModified":"2020-01-07T15:21:35+00:00","breadcrumb":{"@id":"https:\/\/tiandeproducts.co.uk\/lt\/priesuzdegiminis-losjonas-veidui-60ml\/#breadcrumb"},"inLanguage":"lt-LT","potentialAction":[{"@type":"ReadAction","target":["https:\/\/tiandeproducts.co.uk\/lt\/priesuzdegiminis-losjonas-veidui-60ml\/"]}]},{"@type":"ImageObject","inLanguage":"lt-LT","@id":"https:\/\/tiandeproducts.co.uk\/lt\/priesuzdegiminis-losjonas-veidui-60ml\/#primaryimage","url":"https:\/\/tiandeproducts.co.uk\/wp-content\/uploads\/2016\/04\/11320_new.png","contentUrl":"https:\/\/tiandeproducts.co.uk\/wp-content\/uploads\/2016\/04\/11320_new.png","width":700,"height":700,"caption":"\"Master Herb\" Anti-Acne Facial Lotion,Restoring PH Balance,60ml-0"},{"@type":"BreadcrumbList","@id":"https:\/\/tiandeproducts.co.uk\/lt\/priesuzdegiminis-losjonas-veidui-60ml\/#breadcrumb","itemListElement":[{"@type":"ListItem","position":1,"name":"Home","item":"https:\/\/tiandeproducts.co.uk\/lt\/"},{"@type":"ListItem","position":2,"name":"Shop","item":"https:\/\/tiandeproducts.co.uk\/lt\/shop-2\/"},{"@type":"ListItem","position":3,"name":"Prie\u0161u\u017edegiminis losjonas veidui, 60ml."}]},{"@type":"WebSite","@id":"https:\/\/tiandeproducts.co.uk\/#website","url":"https:\/\/tiandeproducts.co.uk\/","name":"TianDe Online Shop - Beauty & Health","description":"Traditional Chinese Medicine","potentialAction":[{"@type":"SearchAction","target":{"@type":"EntryPoint","urlTemplate":"https:\/\/tiandeproducts.co.uk\/?s={search_term_string}"},"query-input":{"@type":"PropertyValueSpecification","valueRequired":true,"valueName":"search_term_string"}}],"inLanguage":"lt-LT"}]}},"_links":{"self":[{"href":"https:\/\/tiandeproducts.co.uk\/lt\/wp-json\/wp\/v2\/product\/3753","targetHints":{"allow":["GET"]}}],"collection":[{"href":"https:\/\/tiandeproducts.co.uk\/lt\/wp-json\/wp\/v2\/product"}],"about":[{"href":"https:\/\/tiandeproducts.co.uk\/lt\/wp-json\/wp\/v2\/types\/product"}],"replies":[{"embeddable":true,"href":"https:\/\/tiandeproducts.co.uk\/lt\/wp-json\/wp\/v2\/comments?post=3753"}],"wp:featuredmedia":[{"embeddable":true,"href":"https:\/\/tiandeproducts.co.uk\/lt\/wp-json\/wp\/v2\/media\/727"}],"wp:attachment":[{"href":"https:\/\/tiandeproducts.co.uk\/lt\/wp-json\/wp\/v2\/media?parent=3753"}],"wp:term":[{"taxonomy":"product_cat","embeddable":true,"href":"https:\/\/tiandeproducts.co.uk\/lt\/wp-json\/wp\/v2\/product_cat?post=3753"},{"taxonomy":"product_tag","embeddable":true,"href":"https:\/\/tiandeproducts.co.uk\/lt\/wp-json\/wp\/v2\/product_tag?post=3753"}],"curies":[{"name":"wp","href":"https:\/\/api.w.org\/{rel}","templated":true}]}}