{"id":3752,"date":"2016-04-05T13:18:38","date_gmt":"2016-04-05T12:18:38","guid":{"rendered":"https:\/\/tnd.ontesting.co.uk\/gelis-veidui-nuo-aknes-biokompleksas-25g\/"},"modified":"2020-02-28T09:47:52","modified_gmt":"2020-02-28T09:47:52","slug":"gelis-veidui-nuo-aknes-biokompleksas-25g","status":"publish","type":"product","link":"https:\/\/tiandeproducts.co.uk\/lt\/gelis-veidui-nuo-aknes-biokompleksas-25g\/","title":{"rendered":"Gelis veidui nuo akn\u0117s \u201eBiokompleksas\u201c, 25g."},"content":{"rendered":"<p>Priemon\u0117 naudojama lokaliai, ant pa\u017eeistos odos \u017eidinio (spuogo). Didel\u0117 aktyvi\u0173, nat\u016brali\u0173 ir prie\u0161mikrobini\u0173 komponent\u0173 koncentracija leid\u017eia panaikinti u\u017edegim\u0105 per labai trump\u0105 laik\u0105, odos paraudimai ir paburkimai da\u017eniausiai praeina i\u0161kart po gelio panaudojimo. Gelio aktyviosios med\u017eiagos veikia odos regeneracijos procesus (l\u0105steli\u0173 lygmenyje), \u0161alina u\u017edegimus, sutraukia poras, lygina odos mikroreljef\u0105 ir u\u017ekerta keli\u0105 rand\u0173 susidarymui, aktyviai stimuliuoja apykaitinius procesus.<br \/>\nNaudojant veido gel\u012f nuo akn\u0117s kompleksi\u0161kai su kitomis \u0161ios serijos priemon\u0117mis oda taps \u0161vari, pridr\u0117kinta, atsistatys po akn\u0117s, bei \u012fgis kokybi\u0161k\u0105 apsaug\u0105 nuo u\u017edegimini\u0173 proces\u0173. \u201eBiokompleksas\u201c nuo akn\u0117s neleid\u017eia formuotis u\u017edegiminiams odos procesams bei \u017eaizdel\u0117ms, greitai ir tiksliai veikia jau susidariusio u\u017edegimo \u017eidin\u012f, skatina greit\u0105 odos regeneracij\u0105.<\/p>\n<p><strong>Naudojimas:<\/strong><br \/>\nNedidel\u012f kiek\u012f gelio u\u017etepkite ant u\u017edegimo \u017eidinio (spuogo) ir aplink j\u012f. Naudokite Biokompleks\u0105 tik ant \u0161varios odos, 2-3 kartus per dien\u0105. Tinka nuo 14 met\u0173 am\u017eiaus, riebiai ir probleminei odai.<\/p>\n<p><strong>Master Herb serijos odos prie\u017ei\u016bros program\u0173 rinkiniai, pagal odos b\u016bkl\u0119 ir problem\u0105<\/strong><br \/>\n<strong>Gilus problemin\u0117s riebios odos valymas ir atstatymas (profilaktika nuo spuog\u0173):<\/strong><\/p>\n<ol>\n<li>nuplaukite veid\u0105 prausimosi geliu, 100 g. (11319);<\/li>\n<li>u\u017ed\u0117kite veido kauk\u0119 nuo spuog\u0173 ir rand\u0173, 35g. (11307), naudokite 2-3 kartus per savait\u0119, vakare, 2 val. prie\u0161 mieg\u0105 (papildoma priemon\u0117);<\/li>\n<li>nuvalykite kauk\u0117s liku\u010dius prie\u0161u\u017edegiminiu losjonu, 60ml. (11320);<\/li>\n<li>patepkite veido od\u0105 nedideliu kiekiu kremo nuo spuog\u0173 ir rand\u0173, 20g. (11323).<br \/>\nMinimalus kursas &#8211; 2-3 savait\u0117s.<\/li>\n<\/ol>\n<p><strong>Akn\u0117s pa\u017eeista oda (p\u016blingi spuogai):<\/strong><\/p>\n<ol>\n<li>ryte naudokite &#8211; prausimosi gel\u012f, 100g. (11319) + prie\u0161u\u017edegimin\u012f losjon\u0105, 60ml. (11320) + gel\u012f veidui \u201eBiokompleksas\u201c, 25g. (11321) \u2013 tepti lokaliai, tik ant spuog\u0173, j\u0173 d\u017eiovinimui + krem\u0105 nuo spuog\u0173 ir rand\u0173, 20g. (11323).<\/li>\n<li>vakare naudokite &#8211; prausimosi gel\u012f, 100g. (11319) + kauk\u0119 veidui nuo spuog\u0173 ir rand\u0173, 35g. (11307) + prie\u0161u\u017edegimin\u012f losjon\u0105, 60ml. (11320) + krem\u0105 nuo spuog\u0173 ir rand\u0173, 20g. (11323).<br \/>\nMinimalus kursas &#8211; 2-3 savait\u0117s.<\/li>\n<\/ol>\n<p><strong>Veikliosios med\u017eiagos:<\/strong><\/p>\n<p><strong>Jamaikini\u0173 kinro\u017ei\u0173 ekstraktas<\/strong>\u00a0&#8211; polisacharid\u0173, normalizuojan\u010di\u0173 odos hidrobalans\u0105, \u0161altinis. Jame gausu polifenoli\u0173 (nat\u016bralus antioksidantas), flavanoid\u0173 (augalinis junginys, padedantis od\u0105 apsaugoti nuo negatyvaus saul\u0117s poveikio), vitamino C bei organini\u0173 r\u016bg\u0161\u010di\u0173, kurios giliai i\u0161valo poras bei pa\u0161alina surag\u0117jus\u012f epidermio sluoksn\u012f. Kinro\u017ei\u0173 ekstraktas stangrina od\u0105, pagerina kraujotak\u0105 kapiliaruose ir stiprina j\u0173 sieneles, kas leid\u017eia geriau apr\u016bpinti odos l\u0105steles deguonimi ir maistin\u0117mis med\u017eiagomis.<\/p>\n<p><strong>\u0160alavij\u0173 ekstraktas<\/strong>\u00a0&#8211; fitoestrogen\u0173 \u0161altinis. Jie ne tik efektyviai stabdo odos sen\u0117jimo proces\u0105, bet ir \u017eenkliai ma\u017eina perteklin\u012f odos riebal\u0173 i\u0161siskyrim\u0105, kas padeda u\u017ekirsti keli\u0105 akn\u0117s atsiradimui. \u0160alavij\u0173 ekstrakte gausu eterini\u0173 aliej\u0173, raugini\u0173 ir kar\u010di\u0173j\u0173 med\u017eiag\u0173, organini\u0173 r\u016bg\u0161\u010di\u0173, vitamino PP ir daugyb\u0117 mineralini\u0173 med\u017eiag\u0173. Didelis kiekis linolenin\u0117s r\u016bg\u0161ties apsaugo ir nuo jaunatvi\u0161k\u0173 spuogeli\u0173 ir nuo u\u017edegimini\u0173 proces\u0173 porose. Veikliosios ekstrakto med\u017eiagos ma\u017eina u\u017edegim\u0105, naikina bakterijas ir dezinfekuoja.<\/p>\n<p><strong>Japonini\u0173 sausmed\u017ei\u0173 ekstraktas<\/strong>\u00a0turi stipr\u0173 prie\u0161u\u017edegimin\u012f, antibakterin\u012f, detoksikuojant\u012f ir raminant\u012f poveik\u012f. Jis taip pat turi nat\u016brali\u0173 konservuojan\u010di\u0173 savybi\u0173, nes sud\u0117tyje gausu vaisini\u0173 (obuoli\u0173 ir citrin\u0173) r\u016bg\u0161\u010di\u0173. Veikliosios ekstrakto med\u017eiagos \u0161alina surag\u0117jusias epidermio l\u0105steles, skatina nauj\u0173 l\u0105steli\u0173 regeneracij\u0105, saugo od\u0105 nuo laisv\u0173j\u0173 radikal\u0173, bakterij\u0173 ir virus\u0173 poveikio, dr\u0117kina.<\/p>\n<p><strong>\u017daliosios arbatos ekstraktas<\/strong>\u00a0apsaugo od\u0105 nuo laisv\u0173j\u0173 radikal\u0173, \u0161velnina neigiam\u0105 saul\u0117s spinduli\u0173 poveik\u012f, apsaugo od\u0105 nuo paraudimo ir kapiliar\u0173 i\u0161sipl\u0117timo, veikia kaip antiseptikas. Aktyviosios med\u017eiagos ramina ir tonizuoja od\u0105, sutraukia poras, gerina odos spalv\u0105.<\/p>\n<p><strong>Kamparas<\/strong>\u00a0aktyvina apykaitinius procesus, gerina maitinam\u0173j\u0173 med\u017eiag\u0173 pasisavinim\u0105, slopina u\u017edegim\u0105.<\/p>\n<p><strong>Alantoinas<\/strong>\u00a0ramina sudirgusi\u0105 od\u0105, suteikia jai lygumo ir elastingumo, mink\u0161tina, skatina l\u0105steli\u0173 regeneracij\u0105, turi antialergini\u0173 savybi\u0173, padeda gydyti \u017eaizdas, nudegimus ir \u012ftr\u016bkimus.<\/p>\n<p><strong>Mentolis<\/strong>\u00a0&#8211; pagrindin\u0117 pipirm\u0117t\u0117s aktyvioji med\u017eiaga, pla\u010diai vartojama medicinoje \u012fvairiems skausmams, nie\u017euliui, per\u0161t\u0117jimui mal\u0161inti. D\u0117l stipraus ir greito \u0161aldan\u010dio poveikio u\u017edegimin\u0119 od\u0105 veikia raminan\u010diai.<\/p>\n<p><strong>Pantenolis (provitaminas B5)<\/strong>\u00a0&#8211; dermatoprotektorius &#8211; skatina audini\u0173 regeneracij\u0105, efektyviai ir greitai panaikina odos sudirgimus, veikia od\u0105 kaip dr\u0117kiklis, apsaugo j\u0105 nuo kenksmingo aplinkos poveikio.<\/p>\n","protected":false},"excerpt":{"rendered":"<p>Priemon\u0117 naudojama lokaliai, ant pa\u017eeistos odos \u017eidinio (spuogo). Didel\u0117 aktyvi\u0173, nat\u016brali\u0173 ir prie\u0161mikrobini\u0173 komponent\u0173 koncentracija leid\u017eia panaikinti u\u017edegim\u0105 per labai trump\u0105 laik\u0105, odos paraudimai ir paburkimai da\u017eniausiai praeina i\u0161kart po gelio panaudojimo. Gelio aktyviosios med\u017eiagos veikia odos regeneracijos procesus (l\u0105steli\u0173 lygmenyje), \u0161alina u\u017edegimus, sutraukia poras, lygina odos mikroreljef\u0105 ir u\u017ekerta keli\u0105 rand\u0173 susidarymui, aktyviai stimuliuoja [&#8230;]\n","protected":false},"featured_media":732,"comment_status":"closed","ping_status":"closed","template":"","meta":[],"product_cat":[575,590,523,506],"product_tag":[],"class_list":{"0":"post-3752","1":"product","2":"type-product","3":"status-publish","4":"has-post-thumbnail","6":"product_cat-master-herb-anti-acne-lt","7":"product_cat-problemiska-oda","8":"product_cat-problemiska-oda-spuogai","9":"product_cat-veidui","11":"first","12":"instock","13":"shipping-taxable","14":"purchasable","15":"product-type-simple"},"yoast_head":"<!-- This site is optimized with the Yoast SEO plugin v23.6 - https:\/\/yoast.com\/wordpress\/plugins\/seo\/ -->\n<title>Gelis veidui nuo akn\u0117s \u201eBiokompleksas\u201c, 25g. - TianDe Online Shop - Beauty &amp; Health<\/title>\n<meta name=\"robots\" content=\"index, follow, max-snippet:-1, max-image-preview:large, max-video-preview:-1\" \/>\n<link rel=\"canonical\" href=\"https:\/\/tiandeproducts.co.uk\/lt\/gelis-veidui-nuo-aknes-biokompleksas-25g\/\" \/>\n<meta property=\"og:locale\" content=\"lt_LT\" \/>\n<meta property=\"og:type\" content=\"article\" \/>\n<meta property=\"og:title\" content=\"Gelis veidui nuo akn\u0117s \u201eBiokompleksas\u201c, 25g. - TianDe Online Shop - Beauty &amp; Health\" \/>\n<meta property=\"og:description\" content=\"Priemon\u0117 naudojama lokaliai, ant pa\u017eeistos odos \u017eidinio (spuogo). Didel\u0117 aktyvi\u0173, nat\u016brali\u0173 ir prie\u0161mikrobini\u0173 komponent\u0173 koncentracija leid\u017eia panaikinti u\u017edegim\u0105 per labai trump\u0105 laik\u0105, odos paraudimai ir paburkimai da\u017eniausiai praeina i\u0161kart po gelio panaudojimo. Gelio aktyviosios med\u017eiagos veikia odos regeneracijos procesus (l\u0105steli\u0173 lygmenyje), \u0161alina u\u017edegimus, sutraukia poras, lygina odos mikroreljef\u0105 ir u\u017ekerta keli\u0105 rand\u0173 susidarymui, aktyviai stimuliuoja [...]\" \/>\n<meta property=\"og:url\" content=\"https:\/\/tiandeproducts.co.uk\/lt\/gelis-veidui-nuo-aknes-biokompleksas-25g\/\" \/>\n<meta property=\"og:site_name\" content=\"TianDe Online Shop - Beauty &amp; Health\" \/>\n<meta property=\"article:publisher\" content=\"https:\/\/www.facebook.com\/tiande.products.england\/\" \/>\n<meta property=\"article:modified_time\" content=\"2020-02-28T09:47:52+00:00\" \/>\n<meta property=\"og:image\" content=\"https:\/\/tiandeproducts.co.uk\/wp-content\/uploads\/2016\/04\/11321_new.png\" \/>\n\t<meta property=\"og:image:width\" content=\"700\" \/>\n\t<meta property=\"og:image:height\" content=\"700\" \/>\n\t<meta property=\"og:image:type\" content=\"image\/png\" \/>\n<meta name=\"twitter:card\" content=\"summary_large_image\" \/>\n<meta name=\"twitter:label1\" content=\"Est. reading time\" \/>\n\t<meta name=\"twitter:data1\" content=\"3 minut\u0117s\" \/>\n<script type=\"application\/ld+json\" class=\"yoast-schema-graph\">{\"@context\":\"https:\/\/schema.org\",\"@graph\":[{\"@type\":\"WebPage\",\"@id\":\"https:\/\/tiandeproducts.co.uk\/lt\/gelis-veidui-nuo-aknes-biokompleksas-25g\/\",\"url\":\"https:\/\/tiandeproducts.co.uk\/lt\/gelis-veidui-nuo-aknes-biokompleksas-25g\/\",\"name\":\"Gelis veidui nuo akn\u0117s \u201eBiokompleksas\u201c, 25g. - TianDe Online Shop - Beauty &amp; Health\",\"isPartOf\":{\"@id\":\"https:\/\/tiandeproducts.co.uk\/#website\"},\"primaryImageOfPage\":{\"@id\":\"https:\/\/tiandeproducts.co.uk\/lt\/gelis-veidui-nuo-aknes-biokompleksas-25g\/#primaryimage\"},\"image\":{\"@id\":\"https:\/\/tiandeproducts.co.uk\/lt\/gelis-veidui-nuo-aknes-biokompleksas-25g\/#primaryimage\"},\"thumbnailUrl\":\"https:\/\/tiandeproducts.co.uk\/wp-content\/uploads\/2016\/04\/11321_new.png\",\"datePublished\":\"2016-04-05T12:18:38+00:00\",\"dateModified\":\"2020-02-28T09:47:52+00:00\",\"breadcrumb\":{\"@id\":\"https:\/\/tiandeproducts.co.uk\/lt\/gelis-veidui-nuo-aknes-biokompleksas-25g\/#breadcrumb\"},\"inLanguage\":\"lt-LT\",\"potentialAction\":[{\"@type\":\"ReadAction\",\"target\":[\"https:\/\/tiandeproducts.co.uk\/lt\/gelis-veidui-nuo-aknes-biokompleksas-25g\/\"]}]},{\"@type\":\"ImageObject\",\"inLanguage\":\"lt-LT\",\"@id\":\"https:\/\/tiandeproducts.co.uk\/lt\/gelis-veidui-nuo-aknes-biokompleksas-25g\/#primaryimage\",\"url\":\"https:\/\/tiandeproducts.co.uk\/wp-content\/uploads\/2016\/04\/11321_new.png\",\"contentUrl\":\"https:\/\/tiandeproducts.co.uk\/wp-content\/uploads\/2016\/04\/11321_new.png\",\"width\":700,\"height\":700,\"caption\":\"\\\"Master Herb\\\" BioComplex Anti-Acne Facial Gel,25g-0\"},{\"@type\":\"BreadcrumbList\",\"@id\":\"https:\/\/tiandeproducts.co.uk\/lt\/gelis-veidui-nuo-aknes-biokompleksas-25g\/#breadcrumb\",\"itemListElement\":[{\"@type\":\"ListItem\",\"position\":1,\"name\":\"Home\",\"item\":\"https:\/\/tiandeproducts.co.uk\/lt\/\"},{\"@type\":\"ListItem\",\"position\":2,\"name\":\"Shop\",\"item\":\"https:\/\/tiandeproducts.co.uk\/lt\/shop-2\/\"},{\"@type\":\"ListItem\",\"position\":3,\"name\":\"Gelis veidui nuo akn\u0117s \u201eBiokompleksas\u201c, 25g.\"}]},{\"@type\":\"WebSite\",\"@id\":\"https:\/\/tiandeproducts.co.uk\/#website\",\"url\":\"https:\/\/tiandeproducts.co.uk\/\",\"name\":\"TianDe Online Shop - Beauty & Health\",\"description\":\"Traditional Chinese Medicine\",\"potentialAction\":[{\"@type\":\"SearchAction\",\"target\":{\"@type\":\"EntryPoint\",\"urlTemplate\":\"https:\/\/tiandeproducts.co.uk\/?s={search_term_string}\"},\"query-input\":{\"@type\":\"PropertyValueSpecification\",\"valueRequired\":true,\"valueName\":\"search_term_string\"}}],\"inLanguage\":\"lt-LT\"}]}<\/script>\n<!-- \/ Yoast SEO plugin. -->","yoast_head_json":{"title":"Gelis veidui nuo akn\u0117s \u201eBiokompleksas\u201c, 25g. - TianDe Online Shop - Beauty &amp; Health","robots":{"index":"index","follow":"follow","max-snippet":"max-snippet:-1","max-image-preview":"max-image-preview:large","max-video-preview":"max-video-preview:-1"},"canonical":"https:\/\/tiandeproducts.co.uk\/lt\/gelis-veidui-nuo-aknes-biokompleksas-25g\/","og_locale":"lt_LT","og_type":"article","og_title":"Gelis veidui nuo akn\u0117s \u201eBiokompleksas\u201c, 25g. - TianDe Online Shop - Beauty &amp; Health","og_description":"Priemon\u0117 naudojama lokaliai, ant pa\u017eeistos odos \u017eidinio (spuogo). Didel\u0117 aktyvi\u0173, nat\u016brali\u0173 ir prie\u0161mikrobini\u0173 komponent\u0173 koncentracija leid\u017eia panaikinti u\u017edegim\u0105 per labai trump\u0105 laik\u0105, odos paraudimai ir paburkimai da\u017eniausiai praeina i\u0161kart po gelio panaudojimo. Gelio aktyviosios med\u017eiagos veikia odos regeneracijos procesus (l\u0105steli\u0173 lygmenyje), \u0161alina u\u017edegimus, sutraukia poras, lygina odos mikroreljef\u0105 ir u\u017ekerta keli\u0105 rand\u0173 susidarymui, aktyviai stimuliuoja [...]","og_url":"https:\/\/tiandeproducts.co.uk\/lt\/gelis-veidui-nuo-aknes-biokompleksas-25g\/","og_site_name":"TianDe Online Shop - Beauty &amp; Health","article_publisher":"https:\/\/www.facebook.com\/tiande.products.england\/","article_modified_time":"2020-02-28T09:47:52+00:00","og_image":[{"width":700,"height":700,"url":"https:\/\/tiandeproducts.co.uk\/wp-content\/uploads\/2016\/04\/11321_new.png","type":"image\/png"}],"twitter_card":"summary_large_image","twitter_misc":{"Est. reading time":"3 minut\u0117s"},"schema":{"@context":"https:\/\/schema.org","@graph":[{"@type":"WebPage","@id":"https:\/\/tiandeproducts.co.uk\/lt\/gelis-veidui-nuo-aknes-biokompleksas-25g\/","url":"https:\/\/tiandeproducts.co.uk\/lt\/gelis-veidui-nuo-aknes-biokompleksas-25g\/","name":"Gelis veidui nuo akn\u0117s \u201eBiokompleksas\u201c, 25g. - TianDe Online Shop - Beauty &amp; Health","isPartOf":{"@id":"https:\/\/tiandeproducts.co.uk\/#website"},"primaryImageOfPage":{"@id":"https:\/\/tiandeproducts.co.uk\/lt\/gelis-veidui-nuo-aknes-biokompleksas-25g\/#primaryimage"},"image":{"@id":"https:\/\/tiandeproducts.co.uk\/lt\/gelis-veidui-nuo-aknes-biokompleksas-25g\/#primaryimage"},"thumbnailUrl":"https:\/\/tiandeproducts.co.uk\/wp-content\/uploads\/2016\/04\/11321_new.png","datePublished":"2016-04-05T12:18:38+00:00","dateModified":"2020-02-28T09:47:52+00:00","breadcrumb":{"@id":"https:\/\/tiandeproducts.co.uk\/lt\/gelis-veidui-nuo-aknes-biokompleksas-25g\/#breadcrumb"},"inLanguage":"lt-LT","potentialAction":[{"@type":"ReadAction","target":["https:\/\/tiandeproducts.co.uk\/lt\/gelis-veidui-nuo-aknes-biokompleksas-25g\/"]}]},{"@type":"ImageObject","inLanguage":"lt-LT","@id":"https:\/\/tiandeproducts.co.uk\/lt\/gelis-veidui-nuo-aknes-biokompleksas-25g\/#primaryimage","url":"https:\/\/tiandeproducts.co.uk\/wp-content\/uploads\/2016\/04\/11321_new.png","contentUrl":"https:\/\/tiandeproducts.co.uk\/wp-content\/uploads\/2016\/04\/11321_new.png","width":700,"height":700,"caption":"\"Master Herb\" BioComplex Anti-Acne Facial Gel,25g-0"},{"@type":"BreadcrumbList","@id":"https:\/\/tiandeproducts.co.uk\/lt\/gelis-veidui-nuo-aknes-biokompleksas-25g\/#breadcrumb","itemListElement":[{"@type":"ListItem","position":1,"name":"Home","item":"https:\/\/tiandeproducts.co.uk\/lt\/"},{"@type":"ListItem","position":2,"name":"Shop","item":"https:\/\/tiandeproducts.co.uk\/lt\/shop-2\/"},{"@type":"ListItem","position":3,"name":"Gelis veidui nuo akn\u0117s \u201eBiokompleksas\u201c, 25g."}]},{"@type":"WebSite","@id":"https:\/\/tiandeproducts.co.uk\/#website","url":"https:\/\/tiandeproducts.co.uk\/","name":"TianDe Online Shop - Beauty & Health","description":"Traditional Chinese Medicine","potentialAction":[{"@type":"SearchAction","target":{"@type":"EntryPoint","urlTemplate":"https:\/\/tiandeproducts.co.uk\/?s={search_term_string}"},"query-input":{"@type":"PropertyValueSpecification","valueRequired":true,"valueName":"search_term_string"}}],"inLanguage":"lt-LT"}]}},"_links":{"self":[{"href":"https:\/\/tiandeproducts.co.uk\/lt\/wp-json\/wp\/v2\/product\/3752","targetHints":{"allow":["GET"]}}],"collection":[{"href":"https:\/\/tiandeproducts.co.uk\/lt\/wp-json\/wp\/v2\/product"}],"about":[{"href":"https:\/\/tiandeproducts.co.uk\/lt\/wp-json\/wp\/v2\/types\/product"}],"replies":[{"embeddable":true,"href":"https:\/\/tiandeproducts.co.uk\/lt\/wp-json\/wp\/v2\/comments?post=3752"}],"wp:featuredmedia":[{"embeddable":true,"href":"https:\/\/tiandeproducts.co.uk\/lt\/wp-json\/wp\/v2\/media\/732"}],"wp:attachment":[{"href":"https:\/\/tiandeproducts.co.uk\/lt\/wp-json\/wp\/v2\/media?parent=3752"}],"wp:term":[{"taxonomy":"product_cat","embeddable":true,"href":"https:\/\/tiandeproducts.co.uk\/lt\/wp-json\/wp\/v2\/product_cat?post=3752"},{"taxonomy":"product_tag","embeddable":true,"href":"https:\/\/tiandeproducts.co.uk\/lt\/wp-json\/wp\/v2\/product_tag?post=3752"}],"curies":[{"name":"wp","href":"https:\/\/api.w.org\/{rel}","templated":true}]}}