{"id":3750,"date":"2016-04-07T18:42:22","date_gmt":"2016-04-07T17:42:22","guid":{"rendered":"https:\/\/tnd.ontesting.co.uk\/valomasis-nosies-pleistras-bambuko-anglis-1vnt\/"},"modified":"2020-03-01T15:05:33","modified_gmt":"2020-03-01T15:05:33","slug":"valomasis-nosies-pleistras-bambuko-anglis-1vnt","status":"publish","type":"product","link":"https:\/\/tiandeproducts.co.uk\/lt\/valomasis-nosies-pleistras-bambuko-anglis-1vnt\/","title":{"rendered":"Valomasis nosies pleistras \u201eBambuko anglis\u201c, 1vnt."},"content":{"rendered":"<p>Priemon\u0117 skirta giliam, greitam ir efektyviam nosies odos valymui nuo \u201ejuod\u0173 ta\u0161keli\u0173\u201c. Pleistras greitai pa\u0161alina ink\u0161tirus, padidina nat\u016brali\u0105 odos apsaug\u0105, neleid\u017eia susidaryti aknei. Pleistro sud\u0117tyje esanti bambuko anglis turi absorbuojan\u010di\u0173 savybi\u0173, d\u0117l kuri\u0173 oda valoma giliau ir \u0161velniau, o anglies sukeliamas atsinaujinimo efektas sul\u0117tina oksidacijos (odos sen\u0117jimo) procesus. Rezultatas \u2013 sveika ir \u017evilganti oda.<\/p>\n<p><strong>Naudojimas:<br \/>\n<\/strong>Prie\u0161 klijuodami pleistr\u0105 nuvalykite od\u0105, po to su\u0161lapinkite j\u0105 vandeniu. Nuimkite apsaugin\u0119 pleistro pl\u0117vel\u0119, klijuokite j\u012f ant nosies odos, prispauskite (turi gerai prilipti). Laikykite 10-15 min. Atsargiai nuimkite pleistr\u0105. Pleistr\u0105 naudoti tik nosies odos poroms valyti, 1-2 kartus per savait\u0119. Klijuoti i\u0161 karto atidarius pakuot\u0119.<\/p>\n<p><strong>Veikliosios med\u017eiagos:<\/strong><\/p>\n<p><strong>Bambuk\u0173 lap\u0173 ekstraktas<\/strong>\u00a0yra puikus absorbentas, i\u0161traukiantis ne\u0161varumus i\u0161 odos pavir\u0161iaus. Med\u017eiaga aktyvina toksin\u0173 pa\u0161alinim\u0105 ir odos l\u0105steli\u0173 atsinaujinim\u0105.<\/p>\n<p><strong>Pieno r\u016bg\u0161tis (AHA)<\/strong>\u00a0tirpina riebal\u0173 kam\u0161\u010dius porose, valo negyvas odos l\u0105steles, gerina elastingum\u0105. R\u016bg\u0161tis stimuliuoja atsinaujinimo procesus, aktyvina nat\u016bralius odos dr\u0117kinimo procesus, stiprina kolageno ir hialurono r\u016bg\u0161ties sintez\u0119.<\/p>\n<p><strong>Hamamelij\u0173 lap\u0173 ekstraktas<\/strong>\u00a0&#8211; antioksidantas, pasi\u017eymi sutraukiamosiomis, antibakterin\u0117mis ir analgetin\u0117mis savyb\u0117mis. Med\u017eiaga padeda suma\u017einti nedideli\u0173 \u017eaizdeli\u0173 ar odos sudirgimo simptomus, \u0161velnina, daro od\u0105 elastingesn\u0119.<\/p>\n<p><strong>Vitaminas E (tokoferolis)<\/strong>\u00a0\u2013 mikroelementas, turintis stiprias antioksidantines savybes. Jis maitina ir dr\u0117kina od\u0105, stiprina epidermio hidrolipidin\u012f barjer\u0105, apsaugo nuo negatyvaus UV spinduli\u0173 poveikio, suma\u017eina randus po akn\u0117s. Vitaminas E pagreitina pa\u017eeist\u0173 odos l\u0105steli\u0173 gijim\u0105, apsaugo nuo negatyvaus laisv\u0173j\u0173 radikal\u0173 poveikio.<\/p>\n<p><strong>Askorbo r\u016bg\u0161tis<\/strong>\u00a0&#8211; galingas antioksidantas, stabdo sen\u0117jimo procesus, \u012fsiskverbia \u012f gilesnius odos sluoksnius, aktyvina kolageno skaidul\u0173 sintez\u0119 ir stiprina kraujagysli\u0173 sieneles.<\/p>\n","protected":false},"excerpt":{"rendered":"<p>Priemon\u0117 skirta giliam, greitam ir efektyviam nosies odos valymui nuo \u201ejuod\u0173 ta\u0161keli\u0173\u201c. Pleistras greitai pa\u0161alina ink\u0161tirus, padidina nat\u016brali\u0105 odos apsaug\u0105, neleid\u017eia susidaryti aknei. Pleistro sud\u0117tyje esanti bambuko anglis turi absorbuojan\u010di\u0173 savybi\u0173, d\u0117l kuri\u0173 oda valoma giliau ir \u0161velniau, o anglies sukeliamas atsinaujinimo efektas sul\u0117tina oksidacijos (odos sen\u0117jimo) procesus. Rezultatas \u2013 sveika ir \u017evilganti oda. Naudojimas: [&#8230;]\n","protected":false},"featured_media":852,"comment_status":"closed","ping_status":"closed","template":"","meta":[],"product_cat":[575,590,523,506],"product_tag":[],"class_list":{"0":"post-3750","1":"product","2":"type-product","3":"status-publish","4":"has-post-thumbnail","6":"product_cat-master-herb-anti-acne-lt","7":"product_cat-problemiska-oda","8":"product_cat-problemiska-oda-spuogai","9":"product_cat-veidui","11":"first","12":"outofstock","13":"shipping-taxable","14":"purchasable","15":"product-type-simple"},"yoast_head":"<!-- This site is optimized with the Yoast SEO plugin v23.6 - https:\/\/yoast.com\/wordpress\/plugins\/seo\/ -->\n<title>Valomasis nosies pleistras \u201eBambuko anglis\u201c, 1vnt. - TianDe Online Shop - Beauty &amp; Health<\/title>\n<meta name=\"robots\" content=\"index, follow, max-snippet:-1, max-image-preview:large, max-video-preview:-1\" \/>\n<link rel=\"canonical\" href=\"https:\/\/tiandeproducts.co.uk\/lt\/valomasis-nosies-pleistras-bambuko-anglis-1vnt\/\" \/>\n<meta property=\"og:locale\" content=\"lt_LT\" \/>\n<meta property=\"og:type\" content=\"article\" \/>\n<meta property=\"og:title\" content=\"Valomasis nosies pleistras \u201eBambuko anglis\u201c, 1vnt. - TianDe Online Shop - Beauty &amp; Health\" \/>\n<meta property=\"og:description\" content=\"Priemon\u0117 skirta giliam, greitam ir efektyviam nosies odos valymui nuo \u201ejuod\u0173 ta\u0161keli\u0173\u201c. Pleistras greitai pa\u0161alina ink\u0161tirus, padidina nat\u016brali\u0105 odos apsaug\u0105, neleid\u017eia susidaryti aknei. Pleistro sud\u0117tyje esanti bambuko anglis turi absorbuojan\u010di\u0173 savybi\u0173, d\u0117l kuri\u0173 oda valoma giliau ir \u0161velniau, o anglies sukeliamas atsinaujinimo efektas sul\u0117tina oksidacijos (odos sen\u0117jimo) procesus. Rezultatas \u2013 sveika ir \u017evilganti oda. Naudojimas: [...]\" \/>\n<meta property=\"og:url\" content=\"https:\/\/tiandeproducts.co.uk\/lt\/valomasis-nosies-pleistras-bambuko-anglis-1vnt\/\" \/>\n<meta property=\"og:site_name\" content=\"TianDe Online Shop - Beauty &amp; Health\" \/>\n<meta property=\"article:publisher\" content=\"https:\/\/www.facebook.com\/tiande.products.england\/\" \/>\n<meta property=\"article:modified_time\" content=\"2020-03-01T15:05:33+00:00\" \/>\n<meta property=\"og:image\" content=\"https:\/\/tiandeproducts.co.uk\/wp-content\/uploads\/2016\/04\/11325.png\" \/>\n\t<meta property=\"og:image:width\" content=\"700\" \/>\n\t<meta property=\"og:image:height\" content=\"700\" \/>\n\t<meta property=\"og:image:type\" content=\"image\/png\" \/>\n<meta name=\"twitter:card\" content=\"summary_large_image\" \/>\n<meta name=\"twitter:label1\" content=\"Est. reading time\" \/>\n\t<meta name=\"twitter:data1\" content=\"1 minut\u0117\" \/>\n<script type=\"application\/ld+json\" class=\"yoast-schema-graph\">{\"@context\":\"https:\/\/schema.org\",\"@graph\":[{\"@type\":\"WebPage\",\"@id\":\"https:\/\/tiandeproducts.co.uk\/lt\/valomasis-nosies-pleistras-bambuko-anglis-1vnt\/\",\"url\":\"https:\/\/tiandeproducts.co.uk\/lt\/valomasis-nosies-pleistras-bambuko-anglis-1vnt\/\",\"name\":\"Valomasis nosies pleistras \u201eBambuko anglis\u201c, 1vnt. - TianDe Online Shop - Beauty &amp; Health\",\"isPartOf\":{\"@id\":\"https:\/\/tiandeproducts.co.uk\/#website\"},\"primaryImageOfPage\":{\"@id\":\"https:\/\/tiandeproducts.co.uk\/lt\/valomasis-nosies-pleistras-bambuko-anglis-1vnt\/#primaryimage\"},\"image\":{\"@id\":\"https:\/\/tiandeproducts.co.uk\/lt\/valomasis-nosies-pleistras-bambuko-anglis-1vnt\/#primaryimage\"},\"thumbnailUrl\":\"https:\/\/tiandeproducts.co.uk\/wp-content\/uploads\/2016\/04\/11325.png\",\"datePublished\":\"2016-04-07T17:42:22+00:00\",\"dateModified\":\"2020-03-01T15:05:33+00:00\",\"breadcrumb\":{\"@id\":\"https:\/\/tiandeproducts.co.uk\/lt\/valomasis-nosies-pleistras-bambuko-anglis-1vnt\/#breadcrumb\"},\"inLanguage\":\"lt-LT\",\"potentialAction\":[{\"@type\":\"ReadAction\",\"target\":[\"https:\/\/tiandeproducts.co.uk\/lt\/valomasis-nosies-pleistras-bambuko-anglis-1vnt\/\"]}]},{\"@type\":\"ImageObject\",\"inLanguage\":\"lt-LT\",\"@id\":\"https:\/\/tiandeproducts.co.uk\/lt\/valomasis-nosies-pleistras-bambuko-anglis-1vnt\/#primaryimage\",\"url\":\"https:\/\/tiandeproducts.co.uk\/wp-content\/uploads\/2016\/04\/11325.png\",\"contentUrl\":\"https:\/\/tiandeproducts.co.uk\/wp-content\/uploads\/2016\/04\/11325.png\",\"width\":700,\"height\":700,\"caption\":\"\\\"Master Herb\\\" Bamboo Charcoal Nasal Cleansing Strip,1pc-0\"},{\"@type\":\"BreadcrumbList\",\"@id\":\"https:\/\/tiandeproducts.co.uk\/lt\/valomasis-nosies-pleistras-bambuko-anglis-1vnt\/#breadcrumb\",\"itemListElement\":[{\"@type\":\"ListItem\",\"position\":1,\"name\":\"Home\",\"item\":\"https:\/\/tiandeproducts.co.uk\/lt\/\"},{\"@type\":\"ListItem\",\"position\":2,\"name\":\"Shop\",\"item\":\"https:\/\/tiandeproducts.co.uk\/lt\/shop-2\/\"},{\"@type\":\"ListItem\",\"position\":3,\"name\":\"Valomasis nosies pleistras \u201eBambuko anglis\u201c, 1vnt.\"}]},{\"@type\":\"WebSite\",\"@id\":\"https:\/\/tiandeproducts.co.uk\/#website\",\"url\":\"https:\/\/tiandeproducts.co.uk\/\",\"name\":\"TianDe Online Shop - Beauty & Health\",\"description\":\"Traditional Chinese Medicine\",\"potentialAction\":[{\"@type\":\"SearchAction\",\"target\":{\"@type\":\"EntryPoint\",\"urlTemplate\":\"https:\/\/tiandeproducts.co.uk\/?s={search_term_string}\"},\"query-input\":{\"@type\":\"PropertyValueSpecification\",\"valueRequired\":true,\"valueName\":\"search_term_string\"}}],\"inLanguage\":\"lt-LT\"}]}<\/script>\n<!-- \/ Yoast SEO plugin. -->","yoast_head_json":{"title":"Valomasis nosies pleistras \u201eBambuko anglis\u201c, 1vnt. - TianDe Online Shop - Beauty &amp; Health","robots":{"index":"index","follow":"follow","max-snippet":"max-snippet:-1","max-image-preview":"max-image-preview:large","max-video-preview":"max-video-preview:-1"},"canonical":"https:\/\/tiandeproducts.co.uk\/lt\/valomasis-nosies-pleistras-bambuko-anglis-1vnt\/","og_locale":"lt_LT","og_type":"article","og_title":"Valomasis nosies pleistras \u201eBambuko anglis\u201c, 1vnt. - TianDe Online Shop - Beauty &amp; Health","og_description":"Priemon\u0117 skirta giliam, greitam ir efektyviam nosies odos valymui nuo \u201ejuod\u0173 ta\u0161keli\u0173\u201c. Pleistras greitai pa\u0161alina ink\u0161tirus, padidina nat\u016brali\u0105 odos apsaug\u0105, neleid\u017eia susidaryti aknei. Pleistro sud\u0117tyje esanti bambuko anglis turi absorbuojan\u010di\u0173 savybi\u0173, d\u0117l kuri\u0173 oda valoma giliau ir \u0161velniau, o anglies sukeliamas atsinaujinimo efektas sul\u0117tina oksidacijos (odos sen\u0117jimo) procesus. Rezultatas \u2013 sveika ir \u017evilganti oda. Naudojimas: [...]","og_url":"https:\/\/tiandeproducts.co.uk\/lt\/valomasis-nosies-pleistras-bambuko-anglis-1vnt\/","og_site_name":"TianDe Online Shop - Beauty &amp; Health","article_publisher":"https:\/\/www.facebook.com\/tiande.products.england\/","article_modified_time":"2020-03-01T15:05:33+00:00","og_image":[{"width":700,"height":700,"url":"https:\/\/tiandeproducts.co.uk\/wp-content\/uploads\/2016\/04\/11325.png","type":"image\/png"}],"twitter_card":"summary_large_image","twitter_misc":{"Est. reading time":"1 minut\u0117"},"schema":{"@context":"https:\/\/schema.org","@graph":[{"@type":"WebPage","@id":"https:\/\/tiandeproducts.co.uk\/lt\/valomasis-nosies-pleistras-bambuko-anglis-1vnt\/","url":"https:\/\/tiandeproducts.co.uk\/lt\/valomasis-nosies-pleistras-bambuko-anglis-1vnt\/","name":"Valomasis nosies pleistras \u201eBambuko anglis\u201c, 1vnt. - TianDe Online Shop - Beauty &amp; Health","isPartOf":{"@id":"https:\/\/tiandeproducts.co.uk\/#website"},"primaryImageOfPage":{"@id":"https:\/\/tiandeproducts.co.uk\/lt\/valomasis-nosies-pleistras-bambuko-anglis-1vnt\/#primaryimage"},"image":{"@id":"https:\/\/tiandeproducts.co.uk\/lt\/valomasis-nosies-pleistras-bambuko-anglis-1vnt\/#primaryimage"},"thumbnailUrl":"https:\/\/tiandeproducts.co.uk\/wp-content\/uploads\/2016\/04\/11325.png","datePublished":"2016-04-07T17:42:22+00:00","dateModified":"2020-03-01T15:05:33+00:00","breadcrumb":{"@id":"https:\/\/tiandeproducts.co.uk\/lt\/valomasis-nosies-pleistras-bambuko-anglis-1vnt\/#breadcrumb"},"inLanguage":"lt-LT","potentialAction":[{"@type":"ReadAction","target":["https:\/\/tiandeproducts.co.uk\/lt\/valomasis-nosies-pleistras-bambuko-anglis-1vnt\/"]}]},{"@type":"ImageObject","inLanguage":"lt-LT","@id":"https:\/\/tiandeproducts.co.uk\/lt\/valomasis-nosies-pleistras-bambuko-anglis-1vnt\/#primaryimage","url":"https:\/\/tiandeproducts.co.uk\/wp-content\/uploads\/2016\/04\/11325.png","contentUrl":"https:\/\/tiandeproducts.co.uk\/wp-content\/uploads\/2016\/04\/11325.png","width":700,"height":700,"caption":"\"Master Herb\" Bamboo Charcoal Nasal Cleansing Strip,1pc-0"},{"@type":"BreadcrumbList","@id":"https:\/\/tiandeproducts.co.uk\/lt\/valomasis-nosies-pleistras-bambuko-anglis-1vnt\/#breadcrumb","itemListElement":[{"@type":"ListItem","position":1,"name":"Home","item":"https:\/\/tiandeproducts.co.uk\/lt\/"},{"@type":"ListItem","position":2,"name":"Shop","item":"https:\/\/tiandeproducts.co.uk\/lt\/shop-2\/"},{"@type":"ListItem","position":3,"name":"Valomasis nosies pleistras \u201eBambuko anglis\u201c, 1vnt."}]},{"@type":"WebSite","@id":"https:\/\/tiandeproducts.co.uk\/#website","url":"https:\/\/tiandeproducts.co.uk\/","name":"TianDe Online Shop - Beauty & Health","description":"Traditional Chinese Medicine","potentialAction":[{"@type":"SearchAction","target":{"@type":"EntryPoint","urlTemplate":"https:\/\/tiandeproducts.co.uk\/?s={search_term_string}"},"query-input":{"@type":"PropertyValueSpecification","valueRequired":true,"valueName":"search_term_string"}}],"inLanguage":"lt-LT"}]}},"_links":{"self":[{"href":"https:\/\/tiandeproducts.co.uk\/lt\/wp-json\/wp\/v2\/product\/3750","targetHints":{"allow":["GET"]}}],"collection":[{"href":"https:\/\/tiandeproducts.co.uk\/lt\/wp-json\/wp\/v2\/product"}],"about":[{"href":"https:\/\/tiandeproducts.co.uk\/lt\/wp-json\/wp\/v2\/types\/product"}],"replies":[{"embeddable":true,"href":"https:\/\/tiandeproducts.co.uk\/lt\/wp-json\/wp\/v2\/comments?post=3750"}],"wp:featuredmedia":[{"embeddable":true,"href":"https:\/\/tiandeproducts.co.uk\/lt\/wp-json\/wp\/v2\/media\/852"}],"wp:attachment":[{"href":"https:\/\/tiandeproducts.co.uk\/lt\/wp-json\/wp\/v2\/media?parent=3750"}],"wp:term":[{"taxonomy":"product_cat","embeddable":true,"href":"https:\/\/tiandeproducts.co.uk\/lt\/wp-json\/wp\/v2\/product_cat?post=3750"},{"taxonomy":"product_tag","embeddable":true,"href":"https:\/\/tiandeproducts.co.uk\/lt\/wp-json\/wp\/v2\/product_tag?post=3750"}],"curies":[{"name":"wp","href":"https:\/\/api.w.org\/{rel}","templated":true}]}}