{"id":3749,"date":"2016-04-01T10:38:21","date_gmt":"2016-04-01T09:38:21","guid":{"rendered":"https:\/\/tnd.ontesting.co.uk\/kauke-veidui-juros-dumbliu-sporos-30g\/"},"modified":"2019-09-19T14:02:05","modified_gmt":"2019-09-19T13:02:05","slug":"kauke-veidui-juros-dumbliu-sporos-30g","status":"publish","type":"product","link":"https:\/\/tiandeproducts.co.uk\/lt\/kauke-veidui-juros-dumbliu-sporos-30g\/","title":{"rendered":"Kauk\u0117 veidui \u201eJ\u016bros dumbli\u0173 sporos\u201c, 30g."},"content":{"rendered":"<p>Kauk\u0117 sudaryta i\u0161\u00a0100% j\u016bros dumbli\u0173 spor\u0173. Tai alginato r\u016bg\u0161ties, aminor\u016bg\u0161\u010di\u0173, vitamin\u0173 ir mineral\u0173 \u0161altinis.<\/p>\n<p style=\"font-size: 14px\"><strong>Rezultatas:<\/strong> padid\u0117j\u0119s odos elastingumas, suaktyv\u0117jusi kolageno sintez\u0117, suma\u017e\u0117j\u0119s rauk\u0161li\u0173 kiekis, veido ovalo korekcija (liftingas). Oda\u00a0tampa nepriekai\u0161tingai lygi, stangri ir atjaun\u0117jusi.<\/p>\n<p style=\"font-size: 14px\">Sud\u0117tyje n\u0117ra konservant\u0173 ir kit\u0173 sintetini\u0173 pried\u0173.<\/p>\n","protected":false},"excerpt":{"rendered":"<p>Kauk\u0117 sudaryta i\u0161\u00a0100% j\u016bros dumbli\u0173 spor\u0173. Tai alginato r\u016bg\u0161ties, aminor\u016bg\u0161\u010di\u0173, vitamin\u0173 ir mineral\u0173 \u0161altinis. Rezultatas: padid\u0117j\u0119s odos elastingumas, suaktyv\u0117jusi kolageno sintez\u0117, suma\u017e\u0117j\u0119s rauk\u0161li\u0173 kiekis, veido ovalo korekcija (liftingas). Oda\u00a0tampa nepriekai\u0161tingai lygi, stangri ir atjaun\u0117jusi. Sud\u0117tyje n\u0117ra konservant\u0173 ir kit\u0173 sintetini\u0173 pried\u0173.<\/p>\n","protected":false},"featured_media":254,"comment_status":"closed","ping_status":"closed","template":"","meta":[],"product_cat":[576,562,572,506],"product_tag":[],"class_list":{"0":"post-3749","1":"product","2":"type-product","3":"status-publish","4":"has-post-thumbnail","6":"product_cat-drekinimas","7":"product_cat-kaukes-lt","8":"product_cat-marine-collagen-lt","9":"product_cat-veidui","11":"first","12":"instock","13":"shipping-taxable","14":"purchasable","15":"product-type-simple"},"yoast_head":"<!-- This site is optimized with the Yoast SEO plugin v23.6 - https:\/\/yoast.com\/wordpress\/plugins\/seo\/ -->\n<title>Kauk\u0117 veidui \u201eJ\u016bros dumbli\u0173 sporos\u201c, 30g. - TianDe Online Shop - Beauty &amp; Health<\/title>\n<meta name=\"robots\" content=\"index, follow, max-snippet:-1, max-image-preview:large, max-video-preview:-1\" \/>\n<link rel=\"canonical\" href=\"https:\/\/tiandeproducts.co.uk\/lt\/kauke-veidui-juros-dumbliu-sporos-30g\/\" \/>\n<meta property=\"og:locale\" content=\"lt_LT\" \/>\n<meta property=\"og:type\" content=\"article\" \/>\n<meta property=\"og:title\" content=\"Kauk\u0117 veidui \u201eJ\u016bros dumbli\u0173 sporos\u201c, 30g. - TianDe Online Shop - Beauty &amp; Health\" \/>\n<meta property=\"og:description\" content=\"Kauk\u0117 sudaryta i\u0161\u00a0100% j\u016bros dumbli\u0173 spor\u0173. Tai alginato r\u016bg\u0161ties, aminor\u016bg\u0161\u010di\u0173, vitamin\u0173 ir mineral\u0173 \u0161altinis. Rezultatas: padid\u0117j\u0119s odos elastingumas, suaktyv\u0117jusi kolageno sintez\u0117, suma\u017e\u0117j\u0119s rauk\u0161li\u0173 kiekis, veido ovalo korekcija (liftingas). Oda\u00a0tampa nepriekai\u0161tingai lygi, stangri ir atjaun\u0117jusi. Sud\u0117tyje n\u0117ra konservant\u0173 ir kit\u0173 sintetini\u0173 pried\u0173.\" \/>\n<meta property=\"og:url\" content=\"https:\/\/tiandeproducts.co.uk\/lt\/kauke-veidui-juros-dumbliu-sporos-30g\/\" \/>\n<meta property=\"og:site_name\" content=\"TianDe Online Shop - Beauty &amp; Health\" \/>\n<meta property=\"article:publisher\" content=\"https:\/\/www.facebook.com\/tiande.products.england\/\" \/>\n<meta property=\"article:modified_time\" content=\"2019-09-19T13:02:05+00:00\" \/>\n<meta property=\"og:image\" content=\"https:\/\/tiandeproducts.co.uk\/wp-content\/uploads\/2016\/04\/50113.png\" \/>\n\t<meta property=\"og:image:width\" content=\"700\" \/>\n\t<meta property=\"og:image:height\" content=\"700\" \/>\n\t<meta property=\"og:image:type\" content=\"image\/png\" \/>\n<meta name=\"twitter:card\" content=\"summary_large_image\" \/>\n<script type=\"application\/ld+json\" class=\"yoast-schema-graph\">{\"@context\":\"https:\/\/schema.org\",\"@graph\":[{\"@type\":\"WebPage\",\"@id\":\"https:\/\/tiandeproducts.co.uk\/lt\/kauke-veidui-juros-dumbliu-sporos-30g\/\",\"url\":\"https:\/\/tiandeproducts.co.uk\/lt\/kauke-veidui-juros-dumbliu-sporos-30g\/\",\"name\":\"Kauk\u0117 veidui \u201eJ\u016bros dumbli\u0173 sporos\u201c, 30g. - TianDe Online Shop - Beauty &amp; Health\",\"isPartOf\":{\"@id\":\"https:\/\/tiandeproducts.co.uk\/#website\"},\"primaryImageOfPage\":{\"@id\":\"https:\/\/tiandeproducts.co.uk\/lt\/kauke-veidui-juros-dumbliu-sporos-30g\/#primaryimage\"},\"image\":{\"@id\":\"https:\/\/tiandeproducts.co.uk\/lt\/kauke-veidui-juros-dumbliu-sporos-30g\/#primaryimage\"},\"thumbnailUrl\":\"https:\/\/tiandeproducts.co.uk\/wp-content\/uploads\/2016\/04\/50113.png\",\"datePublished\":\"2016-04-01T09:38:21+00:00\",\"dateModified\":\"2019-09-19T13:02:05+00:00\",\"breadcrumb\":{\"@id\":\"https:\/\/tiandeproducts.co.uk\/lt\/kauke-veidui-juros-dumbliu-sporos-30g\/#breadcrumb\"},\"inLanguage\":\"lt-LT\",\"potentialAction\":[{\"@type\":\"ReadAction\",\"target\":[\"https:\/\/tiandeproducts.co.uk\/lt\/kauke-veidui-juros-dumbliu-sporos-30g\/\"]}]},{\"@type\":\"ImageObject\",\"inLanguage\":\"lt-LT\",\"@id\":\"https:\/\/tiandeproducts.co.uk\/lt\/kauke-veidui-juros-dumbliu-sporos-30g\/#primaryimage\",\"url\":\"https:\/\/tiandeproducts.co.uk\/wp-content\/uploads\/2016\/04\/50113.png\",\"contentUrl\":\"https:\/\/tiandeproducts.co.uk\/wp-content\/uploads\/2016\/04\/50113.png\",\"width\":700,\"height\":700,\"caption\":\"Marine Collection - 100% Seaweed Face Mask, 30 g-0\"},{\"@type\":\"BreadcrumbList\",\"@id\":\"https:\/\/tiandeproducts.co.uk\/lt\/kauke-veidui-juros-dumbliu-sporos-30g\/#breadcrumb\",\"itemListElement\":[{\"@type\":\"ListItem\",\"position\":1,\"name\":\"Home\",\"item\":\"https:\/\/tiandeproducts.co.uk\/lt\/\"},{\"@type\":\"ListItem\",\"position\":2,\"name\":\"Shop\",\"item\":\"https:\/\/tiandeproducts.co.uk\/lt\/shop-2\/\"},{\"@type\":\"ListItem\",\"position\":3,\"name\":\"Kauk\u0117 veidui \u201eJ\u016bros dumbli\u0173 sporos\u201c, 30g.\"}]},{\"@type\":\"WebSite\",\"@id\":\"https:\/\/tiandeproducts.co.uk\/#website\",\"url\":\"https:\/\/tiandeproducts.co.uk\/\",\"name\":\"TianDe Online Shop - Beauty & Health\",\"description\":\"Traditional Chinese Medicine\",\"potentialAction\":[{\"@type\":\"SearchAction\",\"target\":{\"@type\":\"EntryPoint\",\"urlTemplate\":\"https:\/\/tiandeproducts.co.uk\/?s={search_term_string}\"},\"query-input\":{\"@type\":\"PropertyValueSpecification\",\"valueRequired\":true,\"valueName\":\"search_term_string\"}}],\"inLanguage\":\"lt-LT\"}]}<\/script>\n<!-- \/ Yoast SEO plugin. -->","yoast_head_json":{"title":"Kauk\u0117 veidui \u201eJ\u016bros dumbli\u0173 sporos\u201c, 30g. - TianDe Online Shop - Beauty &amp; Health","robots":{"index":"index","follow":"follow","max-snippet":"max-snippet:-1","max-image-preview":"max-image-preview:large","max-video-preview":"max-video-preview:-1"},"canonical":"https:\/\/tiandeproducts.co.uk\/lt\/kauke-veidui-juros-dumbliu-sporos-30g\/","og_locale":"lt_LT","og_type":"article","og_title":"Kauk\u0117 veidui \u201eJ\u016bros dumbli\u0173 sporos\u201c, 30g. - TianDe Online Shop - Beauty &amp; Health","og_description":"Kauk\u0117 sudaryta i\u0161\u00a0100% j\u016bros dumbli\u0173 spor\u0173. Tai alginato r\u016bg\u0161ties, aminor\u016bg\u0161\u010di\u0173, vitamin\u0173 ir mineral\u0173 \u0161altinis. Rezultatas: padid\u0117j\u0119s odos elastingumas, suaktyv\u0117jusi kolageno sintez\u0117, suma\u017e\u0117j\u0119s rauk\u0161li\u0173 kiekis, veido ovalo korekcija (liftingas). Oda\u00a0tampa nepriekai\u0161tingai lygi, stangri ir atjaun\u0117jusi. Sud\u0117tyje n\u0117ra konservant\u0173 ir kit\u0173 sintetini\u0173 pried\u0173.","og_url":"https:\/\/tiandeproducts.co.uk\/lt\/kauke-veidui-juros-dumbliu-sporos-30g\/","og_site_name":"TianDe Online Shop - Beauty &amp; Health","article_publisher":"https:\/\/www.facebook.com\/tiande.products.england\/","article_modified_time":"2019-09-19T13:02:05+00:00","og_image":[{"width":700,"height":700,"url":"https:\/\/tiandeproducts.co.uk\/wp-content\/uploads\/2016\/04\/50113.png","type":"image\/png"}],"twitter_card":"summary_large_image","schema":{"@context":"https:\/\/schema.org","@graph":[{"@type":"WebPage","@id":"https:\/\/tiandeproducts.co.uk\/lt\/kauke-veidui-juros-dumbliu-sporos-30g\/","url":"https:\/\/tiandeproducts.co.uk\/lt\/kauke-veidui-juros-dumbliu-sporos-30g\/","name":"Kauk\u0117 veidui \u201eJ\u016bros dumbli\u0173 sporos\u201c, 30g. - TianDe Online Shop - Beauty &amp; Health","isPartOf":{"@id":"https:\/\/tiandeproducts.co.uk\/#website"},"primaryImageOfPage":{"@id":"https:\/\/tiandeproducts.co.uk\/lt\/kauke-veidui-juros-dumbliu-sporos-30g\/#primaryimage"},"image":{"@id":"https:\/\/tiandeproducts.co.uk\/lt\/kauke-veidui-juros-dumbliu-sporos-30g\/#primaryimage"},"thumbnailUrl":"https:\/\/tiandeproducts.co.uk\/wp-content\/uploads\/2016\/04\/50113.png","datePublished":"2016-04-01T09:38:21+00:00","dateModified":"2019-09-19T13:02:05+00:00","breadcrumb":{"@id":"https:\/\/tiandeproducts.co.uk\/lt\/kauke-veidui-juros-dumbliu-sporos-30g\/#breadcrumb"},"inLanguage":"lt-LT","potentialAction":[{"@type":"ReadAction","target":["https:\/\/tiandeproducts.co.uk\/lt\/kauke-veidui-juros-dumbliu-sporos-30g\/"]}]},{"@type":"ImageObject","inLanguage":"lt-LT","@id":"https:\/\/tiandeproducts.co.uk\/lt\/kauke-veidui-juros-dumbliu-sporos-30g\/#primaryimage","url":"https:\/\/tiandeproducts.co.uk\/wp-content\/uploads\/2016\/04\/50113.png","contentUrl":"https:\/\/tiandeproducts.co.uk\/wp-content\/uploads\/2016\/04\/50113.png","width":700,"height":700,"caption":"Marine Collection - 100% Seaweed Face Mask, 30 g-0"},{"@type":"BreadcrumbList","@id":"https:\/\/tiandeproducts.co.uk\/lt\/kauke-veidui-juros-dumbliu-sporos-30g\/#breadcrumb","itemListElement":[{"@type":"ListItem","position":1,"name":"Home","item":"https:\/\/tiandeproducts.co.uk\/lt\/"},{"@type":"ListItem","position":2,"name":"Shop","item":"https:\/\/tiandeproducts.co.uk\/lt\/shop-2\/"},{"@type":"ListItem","position":3,"name":"Kauk\u0117 veidui \u201eJ\u016bros dumbli\u0173 sporos\u201c, 30g."}]},{"@type":"WebSite","@id":"https:\/\/tiandeproducts.co.uk\/#website","url":"https:\/\/tiandeproducts.co.uk\/","name":"TianDe Online Shop - Beauty & Health","description":"Traditional Chinese Medicine","potentialAction":[{"@type":"SearchAction","target":{"@type":"EntryPoint","urlTemplate":"https:\/\/tiandeproducts.co.uk\/?s={search_term_string}"},"query-input":{"@type":"PropertyValueSpecification","valueRequired":true,"valueName":"search_term_string"}}],"inLanguage":"lt-LT"}]}},"_links":{"self":[{"href":"https:\/\/tiandeproducts.co.uk\/lt\/wp-json\/wp\/v2\/product\/3749","targetHints":{"allow":["GET"]}}],"collection":[{"href":"https:\/\/tiandeproducts.co.uk\/lt\/wp-json\/wp\/v2\/product"}],"about":[{"href":"https:\/\/tiandeproducts.co.uk\/lt\/wp-json\/wp\/v2\/types\/product"}],"replies":[{"embeddable":true,"href":"https:\/\/tiandeproducts.co.uk\/lt\/wp-json\/wp\/v2\/comments?post=3749"}],"wp:featuredmedia":[{"embeddable":true,"href":"https:\/\/tiandeproducts.co.uk\/lt\/wp-json\/wp\/v2\/media\/254"}],"wp:attachment":[{"href":"https:\/\/tiandeproducts.co.uk\/lt\/wp-json\/wp\/v2\/media?parent=3749"}],"wp:term":[{"taxonomy":"product_cat","embeddable":true,"href":"https:\/\/tiandeproducts.co.uk\/lt\/wp-json\/wp\/v2\/product_cat?post=3749"},{"taxonomy":"product_tag","embeddable":true,"href":"https:\/\/tiandeproducts.co.uk\/lt\/wp-json\/wp\/v2\/product_tag?post=3749"}],"curies":[{"name":"wp","href":"https:\/\/api.w.org\/{rel}","templated":true}]}}