{"id":3747,"date":"2016-04-01T10:06:11","date_gmt":"2016-04-01T09:06:11","guid":{"rendered":"https:\/\/tnd.ontesting.co.uk\/jauninamasis-dieninis-kremas-veidui-30g\/"},"modified":"2019-10-17T12:46:10","modified_gmt":"2019-10-17T11:46:10","slug":"jauninamasis-dieninis-kremas-veidui-30g","status":"publish","type":"product","link":"https:\/\/tiandeproducts.co.uk\/lt\/jauninamasis-dieninis-kremas-veidui-30g\/","title":{"rendered":"Jauninamasis dieninis kremas veidui, 30g."},"content":{"rendered":"<p>Jauninamasis kremas intensyviai prisotina od\u0105 dr\u0117gme, maitina, apsaugo nuo rauk\u0161li\u0173 susidarymo ir lygina visus odos pavir\u0161iaus nelygumus ir defektus, tonizuoja, atstato kolageno strukt\u016br\u0105, saugo nuo negatyvaus laisv\u0173j\u0173 radikal\u0173 poveikio.<br \/>\nKremo pagrindas &#8211; j\u016bros kolagenas &#8211; sud\u0117timi pats artimiausias \u017emogaus odos kolagenui, tod\u0117l oda j\u012f \u012fsisavina akimirksniu. J\u016bros kolagenas didina l\u0105steli\u0173 aktyvum\u0105, skatina regeneracinius procesus, efektyviai stabdo odos sen\u0117jim\u0105.<\/p>\n<p>Jungiamieji odos audiniai, derma, susideda i\u0161 kolageno (70%) \u2013 paties svarbiausio odos baltymo. Tod\u0117l atsiradusios rauk\u0161l\u0117s yra pirmasis signalas apie kolageno deficit\u0105 ir prasid\u0117jus\u012f odos sen\u0117jimo proces\u0105. B\u016btent nuo kolageno priklauso odos stangrumas, elastingumas ir lygus reljefas. Apie atsiradus\u012f kolageno poreik\u012f \u012fsp\u0117ja\u00a0saus\u0117janti, pleiskanojanti oda, smulkios rauk\u0161lel\u0117s. Nuo 35 met\u0173 am\u017eiaus veido oda reikalauja intensyvios prie\u017ei\u016bros,\u00a0akcentuojant\u00a0giliausius dermos sluoksnius, nes odos l\u0105steli\u0173 regeneracijos procesas trunka \u017eymiai ilgesn\u012f laiko tarp\u0105, nei jauname am\u017eiuje (ma\u017edaug 60-80 dien\u0173).<\/p>\n<p><strong>Naudojimas<\/strong>: ant \u0161varios ir patonizuotos odos u\u017etepkite nedidel\u012f kiek\u012f kremo ir sukamaisiais judesiais \u0161velniai paskirstykite ant veido ir kaklo odos (i\u0161skyrus paaki\u0173 srit\u012f). Maksimalaus rezultato pasieksite naudodami visus Marine Collagen serijos produktus 2-3 m\u0117nesius i\u0161 eil\u0117s.<\/p>\n<p><strong>Veikliosios med\u017eiagos:<\/strong><\/p>\n<p><strong>Jojobos aliejus (kinini\u0173 simondsij\u0173 s\u0117kl\u0173 aliejus)<\/strong>\u00a0d\u0117l savo ypatingos konsistencijos yra ne aliejus, o skystas va\u0161kas, sudarytas i\u0161 esteri\u0173 (daugiausia), vitamin\u0173, antioksidant\u0173, mineralini\u0173 med\u017eiag\u0173 ir kt. \u0160is aliejus ypatingas tuo, kad savo savyb\u0117mis yra beveik identi\u0161kas odos i\u0161skiriamiems riebalams. Didel\u0117 vitamino E koncentracija bei antibakterin\u0117s, prie\u0161u\u017edegimin\u0117s, netoksi\u0161kos savyb\u0117s daro j\u012f nepaprastai naudingu kiekvienos dienos galvos odos ir plauk\u0173 prie\u017ei\u016broje. Jojoba esteriai greitai \u012fsisavinami, mink\u0161tina, dr\u0117kina, maitina ir ramina od\u0105. Aktyviosios med\u017eiagos veiksmingai saugo nuo dr\u0117gm\u0117s praradimo, atkuria nat\u016bralias odos apsaugos funkcijas.<\/p>\n<p><strong>Saul\u0117gra\u017e\u0173 aliejus<\/strong>\u00a0stiprina barjerines odos savybes, l\u0117tina sen\u0117jimo proces\u0105.<\/p>\n<p><strong>Skvalanas<\/strong>\u00a0saugo od\u0105 nuo mikrob\u0173 ir r\u016bg\u0161\u010dios terp\u0117s, suteikia odai mink\u0161tumo ir aksominio \u0161velnumo. Skvalanas naudojamas kosmetikoje kaip nat\u016bralus dr\u0117kiklis. Jis greitai prasiskverbia \u012f od\u0105, nepalieka riebumo poj\u016b\u010dio, puikiai dera su \u012fvairiais eteriniais aliejais.<\/p>\n<p><strong>Hidrolizuoti menk\u0117s proteinai<\/strong>\u00a0sumink\u0161tina od\u0105, padidina jos elastingum\u0105 ir lygina.<\/p>\n<p><strong>Hidrolizuotas midij\u0173 sekretas<\/strong>\u00a0mink\u0161tina ir suteikia liftingo efekt\u0105, ma\u017eina rauk\u0161les.<\/p>\n<p><strong>J\u016bros dumbliai<\/strong>\u00a0&#8211; viena seniausi\u0173 ir turtingiausi\u0173 biologini\u0173 r\u016b\u0161i\u0173 \u017eem\u0117je, kuri per savo ilg\u0105 gyvavimo laikotarp\u012f i\u0161moko sukaupti mil\u017eini\u0161k\u0105 kiek\u012f biologi\u0161kai aktyvi\u0173 med\u017eiag\u0173. Unikali dumbli\u0173 mineralin\u0117 sud\u0117tis beveik identi\u0161ka biocheminei \u017emogaus kraujo plazmos sud\u0117\u010diai. Kosmetika pagaminta naudojant j\u016bros dumbli\u0173 ekstrakt\u0105 turi auk\u0161t\u0105 biologinio suderinamumo laipsn\u012f su \u017emogaus odos l\u0105stel\u0117mis, tod\u0117l ji ypa\u010d saugi m\u016bs\u0173 odai ir suteikia daugyb\u0119 aktyvi\u0173 med\u017eiag\u0173, mineral\u0173, mikro ir makro element\u0173, nat\u016brali\u0173 dr\u0117kikli\u0173, antioksidant\u0173.<\/p>\n<p><strong>Kolagenas<\/strong>\u00a0&#8211; baltymas, suteikiantis odai stangrumo ir u\u017etikrinantis tinkam\u0105 dr\u0117kinimo sistem\u0105. Kolagenas pagerina odos elastingum\u0105, palaiko optimal\u0173 dr\u0117gm\u0117s lyg\u012f, padeda i\u0161lyginti rauk\u0161les, tod\u0117l oda tampa \u0161velni ir mink\u0161ta.<\/p>\n<p><strong>Arbutinas<\/strong>\u00a0&#8211; augalinis glikozidas, i\u0161gautas i\u0161 me\u0161kauogi\u0173 lap\u0173. Med\u017eiaga turi antioksidacin\u012f poveik\u012f, padeda i\u0161lyginti smulkias rauk\u0161leles, \u0161viesina pigmentines d\u0117mes.<\/p>\n<p><strong>Vitaminas E<\/strong>\u00a0turi stiprias antioksidantines savybes, apsaugo nuo UV spinduli\u0173, jaunina, maitina ir dr\u0117kina od\u0105, stiprina epidermio hidrolipidin\u012f barjer\u0105.<\/p>\n<p><strong>Hialurono r\u016bg\u0161tis<\/strong>\u00a0suteikia liftingo efekt\u0105, didina odos elastingum\u0105, stangrina. Veiklioji med\u017eiaga ant odos pavir\u0161iaus sukuria orui pralaid\u0173 apsaugin\u012f sluoksn\u012f, tai apsaugo nuo dr\u0117gm\u0117s praradimo net gilesnius sluoksnius. Ji efektyviai pagreitina audini\u0173 l\u0105steli\u0173 atsinaujinimo procesus, gerina mikrocirkuliacij\u0105, skatina nauj\u0173 odos l\u0105steli\u0173 dauginim\u0105si, apsaugo nuo i\u0161orini\u0173 pa\u017eeidim\u0173 ir infekcij\u0173, sustiprina odos apsaugin\u012f sluoksn\u012f bei odos imunines savyb\u0117s.<br \/>\n\u012edomu, kad hialurono r\u016bg\u0161ties molekul\u0117s gali pritraukti ir i\u0161laikyti net ~500 kart\u0173 u\u017e save didesn\u012f kiek\u012f vandens!<\/p>\n<p><strong>Perl\u0173 pudra<\/strong>\u00a0&#8211; koncentruotas, ypa\u010d gerai pasisavinamo kalcio \u0161altinis, kuriame gausu antioksidant\u0173, aminor\u016bg\u0161\u010di\u0173 ir mineral\u0173.<\/p>\n<p><strong>Alantoinas<\/strong>\u00a0ramina sudirgusi\u0105 od\u0105, suteikia jai lygumo ir elastingumo, skatina l\u0105steli\u0173 regeneracij\u0105, turi antialergini\u0173 savybi\u0173, padeda gydyti \u017eaizdas, nudegimus ir \u012ftr\u016bkimus, mink\u0161tina.<\/p>\n","protected":false},"excerpt":{"rendered":"<p>Jauninamasis kremas intensyviai prisotina od\u0105 dr\u0117gme, maitina, apsaugo nuo rauk\u0161li\u0173 susidarymo ir lygina visus odos pavir\u0161iaus nelygumus ir defektus, tonizuoja, atstato kolageno strukt\u016br\u0105, saugo nuo negatyvaus laisv\u0173j\u0173 radikal\u0173 poveikio. Kremo pagrindas &#8211; j\u016bros kolagenas &#8211; sud\u0117timi pats artimiausias \u017emogaus odos kolagenui, tod\u0117l oda j\u012f \u012fsisavina akimirksniu. J\u016bros kolagenas didina l\u0105steli\u0173 aktyvum\u0105, skatina regeneracinius procesus, efektyviai [&#8230;]\n","protected":false},"featured_media":6086,"comment_status":"closed","ping_status":"closed","template":"","meta":[],"product_cat":[524,572,612,506],"product_tag":[],"class_list":{"0":"post-3747","1":"product","2":"type-product","3":"status-publish","4":"has-post-thumbnail","6":"product_cat-brandziai-odai","7":"product_cat-marine-collagen-lt","8":"product_cat-nuo-rauksliu","9":"product_cat-veidui","11":"first","12":"outofstock","13":"shipping-taxable","14":"purchasable","15":"product-type-simple"},"yoast_head":"<!-- This site is optimized with the Yoast SEO plugin v23.6 - https:\/\/yoast.com\/wordpress\/plugins\/seo\/ -->\n<title>Jauninamasis dieninis kremas veidui, 30g. - TianDe Online Shop - Beauty &amp; Health<\/title>\n<meta name=\"robots\" content=\"index, follow, max-snippet:-1, max-image-preview:large, max-video-preview:-1\" \/>\n<link rel=\"canonical\" href=\"https:\/\/tiandeproducts.co.uk\/lt\/jauninamasis-dieninis-kremas-veidui-30g\/\" \/>\n<meta property=\"og:locale\" content=\"lt_LT\" \/>\n<meta property=\"og:type\" content=\"article\" \/>\n<meta property=\"og:title\" content=\"Jauninamasis dieninis kremas veidui, 30g. - TianDe Online Shop - Beauty &amp; Health\" \/>\n<meta property=\"og:description\" content=\"Jauninamasis kremas intensyviai prisotina od\u0105 dr\u0117gme, maitina, apsaugo nuo rauk\u0161li\u0173 susidarymo ir lygina visus odos pavir\u0161iaus nelygumus ir defektus, tonizuoja, atstato kolageno strukt\u016br\u0105, saugo nuo negatyvaus laisv\u0173j\u0173 radikal\u0173 poveikio. Kremo pagrindas &#8211; j\u016bros kolagenas &#8211; sud\u0117timi pats artimiausias \u017emogaus odos kolagenui, tod\u0117l oda j\u012f \u012fsisavina akimirksniu. J\u016bros kolagenas didina l\u0105steli\u0173 aktyvum\u0105, skatina regeneracinius procesus, efektyviai [...]\" \/>\n<meta property=\"og:url\" content=\"https:\/\/tiandeproducts.co.uk\/lt\/jauninamasis-dieninis-kremas-veidui-30g\/\" \/>\n<meta property=\"og:site_name\" content=\"TianDe Online Shop - Beauty &amp; Health\" \/>\n<meta property=\"article:publisher\" content=\"https:\/\/www.facebook.com\/tiande.products.england\/\" \/>\n<meta property=\"article:modified_time\" content=\"2019-10-17T11:46:10+00:00\" \/>\n<meta property=\"og:image\" content=\"https:\/\/tiandeproducts.co.uk\/wp-content\/uploads\/13501.png\" \/>\n\t<meta property=\"og:image:width\" content=\"700\" \/>\n\t<meta property=\"og:image:height\" content=\"700\" \/>\n\t<meta property=\"og:image:type\" content=\"image\/png\" \/>\n<meta name=\"twitter:card\" content=\"summary_large_image\" \/>\n<meta name=\"twitter:label1\" content=\"Est. reading time\" \/>\n\t<meta name=\"twitter:data1\" content=\"3 minut\u0117s\" \/>\n<script type=\"application\/ld+json\" class=\"yoast-schema-graph\">{\"@context\":\"https:\/\/schema.org\",\"@graph\":[{\"@type\":\"WebPage\",\"@id\":\"https:\/\/tiandeproducts.co.uk\/lt\/jauninamasis-dieninis-kremas-veidui-30g\/\",\"url\":\"https:\/\/tiandeproducts.co.uk\/lt\/jauninamasis-dieninis-kremas-veidui-30g\/\",\"name\":\"Jauninamasis dieninis kremas veidui, 30g. - TianDe Online Shop - Beauty &amp; Health\",\"isPartOf\":{\"@id\":\"https:\/\/tiandeproducts.co.uk\/#website\"},\"primaryImageOfPage\":{\"@id\":\"https:\/\/tiandeproducts.co.uk\/lt\/jauninamasis-dieninis-kremas-veidui-30g\/#primaryimage\"},\"image\":{\"@id\":\"https:\/\/tiandeproducts.co.uk\/lt\/jauninamasis-dieninis-kremas-veidui-30g\/#primaryimage\"},\"thumbnailUrl\":\"https:\/\/tiandeproducts.co.uk\/wp-content\/uploads\/13501.png\",\"datePublished\":\"2016-04-01T09:06:11+00:00\",\"dateModified\":\"2019-10-17T11:46:10+00:00\",\"breadcrumb\":{\"@id\":\"https:\/\/tiandeproducts.co.uk\/lt\/jauninamasis-dieninis-kremas-veidui-30g\/#breadcrumb\"},\"inLanguage\":\"lt-LT\",\"potentialAction\":[{\"@type\":\"ReadAction\",\"target\":[\"https:\/\/tiandeproducts.co.uk\/lt\/jauninamasis-dieninis-kremas-veidui-30g\/\"]}]},{\"@type\":\"ImageObject\",\"inLanguage\":\"lt-LT\",\"@id\":\"https:\/\/tiandeproducts.co.uk\/lt\/jauninamasis-dieninis-kremas-veidui-30g\/#primaryimage\",\"url\":\"https:\/\/tiandeproducts.co.uk\/wp-content\/uploads\/13501.png\",\"contentUrl\":\"https:\/\/tiandeproducts.co.uk\/wp-content\/uploads\/13501.png\",\"width\":700,\"height\":700},{\"@type\":\"BreadcrumbList\",\"@id\":\"https:\/\/tiandeproducts.co.uk\/lt\/jauninamasis-dieninis-kremas-veidui-30g\/#breadcrumb\",\"itemListElement\":[{\"@type\":\"ListItem\",\"position\":1,\"name\":\"Home\",\"item\":\"https:\/\/tiandeproducts.co.uk\/lt\/\"},{\"@type\":\"ListItem\",\"position\":2,\"name\":\"Shop\",\"item\":\"https:\/\/tiandeproducts.co.uk\/lt\/shop-2\/\"},{\"@type\":\"ListItem\",\"position\":3,\"name\":\"Jauninamasis dieninis kremas veidui, 30g.\"}]},{\"@type\":\"WebSite\",\"@id\":\"https:\/\/tiandeproducts.co.uk\/#website\",\"url\":\"https:\/\/tiandeproducts.co.uk\/\",\"name\":\"TianDe Online Shop - Beauty & Health\",\"description\":\"Traditional Chinese Medicine\",\"potentialAction\":[{\"@type\":\"SearchAction\",\"target\":{\"@type\":\"EntryPoint\",\"urlTemplate\":\"https:\/\/tiandeproducts.co.uk\/?s={search_term_string}\"},\"query-input\":{\"@type\":\"PropertyValueSpecification\",\"valueRequired\":true,\"valueName\":\"search_term_string\"}}],\"inLanguage\":\"lt-LT\"}]}<\/script>\n<!-- \/ Yoast SEO plugin. -->","yoast_head_json":{"title":"Jauninamasis dieninis kremas veidui, 30g. - TianDe Online Shop - Beauty &amp; Health","robots":{"index":"index","follow":"follow","max-snippet":"max-snippet:-1","max-image-preview":"max-image-preview:large","max-video-preview":"max-video-preview:-1"},"canonical":"https:\/\/tiandeproducts.co.uk\/lt\/jauninamasis-dieninis-kremas-veidui-30g\/","og_locale":"lt_LT","og_type":"article","og_title":"Jauninamasis dieninis kremas veidui, 30g. - TianDe Online Shop - Beauty &amp; Health","og_description":"Jauninamasis kremas intensyviai prisotina od\u0105 dr\u0117gme, maitina, apsaugo nuo rauk\u0161li\u0173 susidarymo ir lygina visus odos pavir\u0161iaus nelygumus ir defektus, tonizuoja, atstato kolageno strukt\u016br\u0105, saugo nuo negatyvaus laisv\u0173j\u0173 radikal\u0173 poveikio. Kremo pagrindas &#8211; j\u016bros kolagenas &#8211; sud\u0117timi pats artimiausias \u017emogaus odos kolagenui, tod\u0117l oda j\u012f \u012fsisavina akimirksniu. J\u016bros kolagenas didina l\u0105steli\u0173 aktyvum\u0105, skatina regeneracinius procesus, efektyviai [...]","og_url":"https:\/\/tiandeproducts.co.uk\/lt\/jauninamasis-dieninis-kremas-veidui-30g\/","og_site_name":"TianDe Online Shop - Beauty &amp; Health","article_publisher":"https:\/\/www.facebook.com\/tiande.products.england\/","article_modified_time":"2019-10-17T11:46:10+00:00","og_image":[{"width":700,"height":700,"url":"https:\/\/tiandeproducts.co.uk\/wp-content\/uploads\/13501.png","type":"image\/png"}],"twitter_card":"summary_large_image","twitter_misc":{"Est. reading time":"3 minut\u0117s"},"schema":{"@context":"https:\/\/schema.org","@graph":[{"@type":"WebPage","@id":"https:\/\/tiandeproducts.co.uk\/lt\/jauninamasis-dieninis-kremas-veidui-30g\/","url":"https:\/\/tiandeproducts.co.uk\/lt\/jauninamasis-dieninis-kremas-veidui-30g\/","name":"Jauninamasis dieninis kremas veidui, 30g. - TianDe Online Shop - Beauty &amp; Health","isPartOf":{"@id":"https:\/\/tiandeproducts.co.uk\/#website"},"primaryImageOfPage":{"@id":"https:\/\/tiandeproducts.co.uk\/lt\/jauninamasis-dieninis-kremas-veidui-30g\/#primaryimage"},"image":{"@id":"https:\/\/tiandeproducts.co.uk\/lt\/jauninamasis-dieninis-kremas-veidui-30g\/#primaryimage"},"thumbnailUrl":"https:\/\/tiandeproducts.co.uk\/wp-content\/uploads\/13501.png","datePublished":"2016-04-01T09:06:11+00:00","dateModified":"2019-10-17T11:46:10+00:00","breadcrumb":{"@id":"https:\/\/tiandeproducts.co.uk\/lt\/jauninamasis-dieninis-kremas-veidui-30g\/#breadcrumb"},"inLanguage":"lt-LT","potentialAction":[{"@type":"ReadAction","target":["https:\/\/tiandeproducts.co.uk\/lt\/jauninamasis-dieninis-kremas-veidui-30g\/"]}]},{"@type":"ImageObject","inLanguage":"lt-LT","@id":"https:\/\/tiandeproducts.co.uk\/lt\/jauninamasis-dieninis-kremas-veidui-30g\/#primaryimage","url":"https:\/\/tiandeproducts.co.uk\/wp-content\/uploads\/13501.png","contentUrl":"https:\/\/tiandeproducts.co.uk\/wp-content\/uploads\/13501.png","width":700,"height":700},{"@type":"BreadcrumbList","@id":"https:\/\/tiandeproducts.co.uk\/lt\/jauninamasis-dieninis-kremas-veidui-30g\/#breadcrumb","itemListElement":[{"@type":"ListItem","position":1,"name":"Home","item":"https:\/\/tiandeproducts.co.uk\/lt\/"},{"@type":"ListItem","position":2,"name":"Shop","item":"https:\/\/tiandeproducts.co.uk\/lt\/shop-2\/"},{"@type":"ListItem","position":3,"name":"Jauninamasis dieninis kremas veidui, 30g."}]},{"@type":"WebSite","@id":"https:\/\/tiandeproducts.co.uk\/#website","url":"https:\/\/tiandeproducts.co.uk\/","name":"TianDe Online Shop - Beauty & Health","description":"Traditional Chinese Medicine","potentialAction":[{"@type":"SearchAction","target":{"@type":"EntryPoint","urlTemplate":"https:\/\/tiandeproducts.co.uk\/?s={search_term_string}"},"query-input":{"@type":"PropertyValueSpecification","valueRequired":true,"valueName":"search_term_string"}}],"inLanguage":"lt-LT"}]}},"_links":{"self":[{"href":"https:\/\/tiandeproducts.co.uk\/lt\/wp-json\/wp\/v2\/product\/3747","targetHints":{"allow":["GET"]}}],"collection":[{"href":"https:\/\/tiandeproducts.co.uk\/lt\/wp-json\/wp\/v2\/product"}],"about":[{"href":"https:\/\/tiandeproducts.co.uk\/lt\/wp-json\/wp\/v2\/types\/product"}],"replies":[{"embeddable":true,"href":"https:\/\/tiandeproducts.co.uk\/lt\/wp-json\/wp\/v2\/comments?post=3747"}],"wp:featuredmedia":[{"embeddable":true,"href":"https:\/\/tiandeproducts.co.uk\/lt\/wp-json\/wp\/v2\/media\/6086"}],"wp:attachment":[{"href":"https:\/\/tiandeproducts.co.uk\/lt\/wp-json\/wp\/v2\/media?parent=3747"}],"wp:term":[{"taxonomy":"product_cat","embeddable":true,"href":"https:\/\/tiandeproducts.co.uk\/lt\/wp-json\/wp\/v2\/product_cat?post=3747"},{"taxonomy":"product_tag","embeddable":true,"href":"https:\/\/tiandeproducts.co.uk\/lt\/wp-json\/wp\/v2\/product_tag?post=3747"}],"curies":[{"name":"wp","href":"https:\/\/api.w.org\/{rel}","templated":true}]}}