{"id":3738,"date":"2016-04-03T13:06:59","date_gmt":"2016-04-03T12:06:59","guid":{"rendered":"https:\/\/tnd.ontesting.co.uk\/koreguojamoji-kauke-veidui-intensyvus-liftingas-30g\/"},"modified":"2019-12-30T11:14:10","modified_gmt":"2019-12-30T11:14:10","slug":"koreguojamoji-kauke-veidui-intensyvus-liftingas-30g","status":"publish","type":"product","link":"https:\/\/tiandeproducts.co.uk\/lt\/koreguojamoji-kauke-veidui-intensyvus-liftingas-30g\/","title":{"rendered":"Koreguojamoji kauk\u0117 veidui \u201eIntensyvus liftingas\u201c, 30g."},"content":{"rendered":"<p><span class=\"hps\">D\u0117l unikalios fiksacin\u0117s sistemos kauk\u0117 tampriai priglunda prie veido odos, lygina smulki\u0173 rauk\u0161leli\u0173 tinkl\u0105, atstato odos elastingum\u0105, gerina jos strukt\u016br\u0105. Augalini\u0173 ekstrakt\u0173 kompleksas dr\u0117kina od\u0105, stiprina suteikdamas antioksidacin\u0119 apsaug\u0105. Rekomenduojama nuo 35 met\u0173.<\/span><\/p>\n","protected":false},"excerpt":{"rendered":"<p>D\u0117l unikalios fiksacin\u0117s sistemos kauk\u0117 tampriai priglunda prie veido odos, lygina smulki\u0173 rauk\u0161leli\u0173 tinkl\u0105, atstato odos elastingum\u0105, gerina jos strukt\u016br\u0105. Augalini\u0173 ekstrakt\u0173 kompleksas dr\u0117kina od\u0105, stiprina suteikdamas antioksidacin\u0119 apsaug\u0105. Rekomenduojama nuo 35 met\u0173.<\/p>\n","protected":false},"featured_media":264,"comment_status":"closed","ping_status":"closed","template":"","meta":[],"product_cat":[524,536,562,571,612,506],"product_tag":[],"class_list":{"0":"post-3738","1":"product","2":"type-product","3":"status-publish","4":"has-post-thumbnail","6":"product_cat-brandziai-odai","7":"product_cat-collagen-active-lt","8":"product_cat-kaukes-lt","9":"product_cat-liftingas","10":"product_cat-nuo-rauksliu","11":"product_cat-veidui","13":"first","14":"instock","15":"shipping-taxable","16":"purchasable","17":"product-type-simple"},"yoast_head":"<!-- This site is optimized with the Yoast SEO plugin v23.6 - https:\/\/yoast.com\/wordpress\/plugins\/seo\/ -->\n<title>Koreguojamoji kauk\u0117 veidui \u201eIntensyvus liftingas\u201c, 30g. - TianDe Online Shop - Beauty &amp; Health<\/title>\n<meta name=\"robots\" content=\"index, follow, max-snippet:-1, max-image-preview:large, max-video-preview:-1\" \/>\n<link rel=\"canonical\" href=\"https:\/\/tiandeproducts.co.uk\/lt\/koreguojamoji-kauke-veidui-intensyvus-liftingas-30g\/\" \/>\n<meta property=\"og:locale\" content=\"lt_LT\" \/>\n<meta property=\"og:type\" content=\"article\" \/>\n<meta property=\"og:title\" content=\"Koreguojamoji kauk\u0117 veidui \u201eIntensyvus liftingas\u201c, 30g. - TianDe Online Shop - Beauty &amp; Health\" \/>\n<meta property=\"og:description\" content=\"D\u0117l unikalios fiksacin\u0117s sistemos kauk\u0117 tampriai priglunda prie veido odos, lygina smulki\u0173 rauk\u0161leli\u0173 tinkl\u0105, atstato odos elastingum\u0105, gerina jos strukt\u016br\u0105. Augalini\u0173 ekstrakt\u0173 kompleksas dr\u0117kina od\u0105, stiprina suteikdamas antioksidacin\u0119 apsaug\u0105. Rekomenduojama nuo 35 met\u0173.\" \/>\n<meta property=\"og:url\" content=\"https:\/\/tiandeproducts.co.uk\/lt\/koreguojamoji-kauke-veidui-intensyvus-liftingas-30g\/\" \/>\n<meta property=\"og:site_name\" content=\"TianDe Online Shop - Beauty &amp; Health\" \/>\n<meta property=\"article:publisher\" content=\"https:\/\/www.facebook.com\/tiande.products.england\/\" \/>\n<meta property=\"article:modified_time\" content=\"2019-12-30T11:14:10+00:00\" \/>\n<meta property=\"og:image\" content=\"https:\/\/tiandeproducts.co.uk\/wp-content\/uploads\/2016\/04\/12711_new.png\" \/>\n\t<meta property=\"og:image:width\" content=\"700\" \/>\n\t<meta property=\"og:image:height\" content=\"700\" \/>\n\t<meta property=\"og:image:type\" content=\"image\/png\" \/>\n<meta name=\"twitter:card\" content=\"summary_large_image\" \/>\n<script type=\"application\/ld+json\" class=\"yoast-schema-graph\">{\"@context\":\"https:\/\/schema.org\",\"@graph\":[{\"@type\":\"WebPage\",\"@id\":\"https:\/\/tiandeproducts.co.uk\/lt\/koreguojamoji-kauke-veidui-intensyvus-liftingas-30g\/\",\"url\":\"https:\/\/tiandeproducts.co.uk\/lt\/koreguojamoji-kauke-veidui-intensyvus-liftingas-30g\/\",\"name\":\"Koreguojamoji kauk\u0117 veidui \u201eIntensyvus liftingas\u201c, 30g. - TianDe Online Shop - Beauty &amp; Health\",\"isPartOf\":{\"@id\":\"https:\/\/tiandeproducts.co.uk\/#website\"},\"primaryImageOfPage\":{\"@id\":\"https:\/\/tiandeproducts.co.uk\/lt\/koreguojamoji-kauke-veidui-intensyvus-liftingas-30g\/#primaryimage\"},\"image\":{\"@id\":\"https:\/\/tiandeproducts.co.uk\/lt\/koreguojamoji-kauke-veidui-intensyvus-liftingas-30g\/#primaryimage\"},\"thumbnailUrl\":\"https:\/\/tiandeproducts.co.uk\/wp-content\/uploads\/2016\/04\/12711_new.png\",\"datePublished\":\"2016-04-03T12:06:59+00:00\",\"dateModified\":\"2019-12-30T11:14:10+00:00\",\"breadcrumb\":{\"@id\":\"https:\/\/tiandeproducts.co.uk\/lt\/koreguojamoji-kauke-veidui-intensyvus-liftingas-30g\/#breadcrumb\"},\"inLanguage\":\"lt-LT\",\"potentialAction\":[{\"@type\":\"ReadAction\",\"target\":[\"https:\/\/tiandeproducts.co.uk\/lt\/koreguojamoji-kauke-veidui-intensyvus-liftingas-30g\/\"]}]},{\"@type\":\"ImageObject\",\"inLanguage\":\"lt-LT\",\"@id\":\"https:\/\/tiandeproducts.co.uk\/lt\/koreguojamoji-kauke-veidui-intensyvus-liftingas-30g\/#primaryimage\",\"url\":\"https:\/\/tiandeproducts.co.uk\/wp-content\/uploads\/2016\/04\/12711_new.png\",\"contentUrl\":\"https:\/\/tiandeproducts.co.uk\/wp-content\/uploads\/2016\/04\/12711_new.png\",\"width\":700,\"height\":700,\"caption\":\"\\\"Collagen Active 35+\\\"Intensive Lifting Facial Mask,1pc-0\"},{\"@type\":\"BreadcrumbList\",\"@id\":\"https:\/\/tiandeproducts.co.uk\/lt\/koreguojamoji-kauke-veidui-intensyvus-liftingas-30g\/#breadcrumb\",\"itemListElement\":[{\"@type\":\"ListItem\",\"position\":1,\"name\":\"Home\",\"item\":\"https:\/\/tiandeproducts.co.uk\/lt\/\"},{\"@type\":\"ListItem\",\"position\":2,\"name\":\"Shop\",\"item\":\"https:\/\/tiandeproducts.co.uk\/lt\/shop-2\/\"},{\"@type\":\"ListItem\",\"position\":3,\"name\":\"Koreguojamoji kauk\u0117 veidui \u201eIntensyvus liftingas\u201c, 30g.\"}]},{\"@type\":\"WebSite\",\"@id\":\"https:\/\/tiandeproducts.co.uk\/#website\",\"url\":\"https:\/\/tiandeproducts.co.uk\/\",\"name\":\"TianDe Online Shop - Beauty & Health\",\"description\":\"Traditional Chinese Medicine\",\"potentialAction\":[{\"@type\":\"SearchAction\",\"target\":{\"@type\":\"EntryPoint\",\"urlTemplate\":\"https:\/\/tiandeproducts.co.uk\/?s={search_term_string}\"},\"query-input\":{\"@type\":\"PropertyValueSpecification\",\"valueRequired\":true,\"valueName\":\"search_term_string\"}}],\"inLanguage\":\"lt-LT\"}]}<\/script>\n<!-- \/ Yoast SEO plugin. -->","yoast_head_json":{"title":"Koreguojamoji kauk\u0117 veidui \u201eIntensyvus liftingas\u201c, 30g. - TianDe Online Shop - Beauty &amp; Health","robots":{"index":"index","follow":"follow","max-snippet":"max-snippet:-1","max-image-preview":"max-image-preview:large","max-video-preview":"max-video-preview:-1"},"canonical":"https:\/\/tiandeproducts.co.uk\/lt\/koreguojamoji-kauke-veidui-intensyvus-liftingas-30g\/","og_locale":"lt_LT","og_type":"article","og_title":"Koreguojamoji kauk\u0117 veidui \u201eIntensyvus liftingas\u201c, 30g. - TianDe Online Shop - Beauty &amp; Health","og_description":"D\u0117l unikalios fiksacin\u0117s sistemos kauk\u0117 tampriai priglunda prie veido odos, lygina smulki\u0173 rauk\u0161leli\u0173 tinkl\u0105, atstato odos elastingum\u0105, gerina jos strukt\u016br\u0105. Augalini\u0173 ekstrakt\u0173 kompleksas dr\u0117kina od\u0105, stiprina suteikdamas antioksidacin\u0119 apsaug\u0105. Rekomenduojama nuo 35 met\u0173.","og_url":"https:\/\/tiandeproducts.co.uk\/lt\/koreguojamoji-kauke-veidui-intensyvus-liftingas-30g\/","og_site_name":"TianDe Online Shop - Beauty &amp; Health","article_publisher":"https:\/\/www.facebook.com\/tiande.products.england\/","article_modified_time":"2019-12-30T11:14:10+00:00","og_image":[{"width":700,"height":700,"url":"https:\/\/tiandeproducts.co.uk\/wp-content\/uploads\/2016\/04\/12711_new.png","type":"image\/png"}],"twitter_card":"summary_large_image","schema":{"@context":"https:\/\/schema.org","@graph":[{"@type":"WebPage","@id":"https:\/\/tiandeproducts.co.uk\/lt\/koreguojamoji-kauke-veidui-intensyvus-liftingas-30g\/","url":"https:\/\/tiandeproducts.co.uk\/lt\/koreguojamoji-kauke-veidui-intensyvus-liftingas-30g\/","name":"Koreguojamoji kauk\u0117 veidui \u201eIntensyvus liftingas\u201c, 30g. - TianDe Online Shop - Beauty &amp; Health","isPartOf":{"@id":"https:\/\/tiandeproducts.co.uk\/#website"},"primaryImageOfPage":{"@id":"https:\/\/tiandeproducts.co.uk\/lt\/koreguojamoji-kauke-veidui-intensyvus-liftingas-30g\/#primaryimage"},"image":{"@id":"https:\/\/tiandeproducts.co.uk\/lt\/koreguojamoji-kauke-veidui-intensyvus-liftingas-30g\/#primaryimage"},"thumbnailUrl":"https:\/\/tiandeproducts.co.uk\/wp-content\/uploads\/2016\/04\/12711_new.png","datePublished":"2016-04-03T12:06:59+00:00","dateModified":"2019-12-30T11:14:10+00:00","breadcrumb":{"@id":"https:\/\/tiandeproducts.co.uk\/lt\/koreguojamoji-kauke-veidui-intensyvus-liftingas-30g\/#breadcrumb"},"inLanguage":"lt-LT","potentialAction":[{"@type":"ReadAction","target":["https:\/\/tiandeproducts.co.uk\/lt\/koreguojamoji-kauke-veidui-intensyvus-liftingas-30g\/"]}]},{"@type":"ImageObject","inLanguage":"lt-LT","@id":"https:\/\/tiandeproducts.co.uk\/lt\/koreguojamoji-kauke-veidui-intensyvus-liftingas-30g\/#primaryimage","url":"https:\/\/tiandeproducts.co.uk\/wp-content\/uploads\/2016\/04\/12711_new.png","contentUrl":"https:\/\/tiandeproducts.co.uk\/wp-content\/uploads\/2016\/04\/12711_new.png","width":700,"height":700,"caption":"\"Collagen Active 35+\"Intensive Lifting Facial Mask,1pc-0"},{"@type":"BreadcrumbList","@id":"https:\/\/tiandeproducts.co.uk\/lt\/koreguojamoji-kauke-veidui-intensyvus-liftingas-30g\/#breadcrumb","itemListElement":[{"@type":"ListItem","position":1,"name":"Home","item":"https:\/\/tiandeproducts.co.uk\/lt\/"},{"@type":"ListItem","position":2,"name":"Shop","item":"https:\/\/tiandeproducts.co.uk\/lt\/shop-2\/"},{"@type":"ListItem","position":3,"name":"Koreguojamoji kauk\u0117 veidui \u201eIntensyvus liftingas\u201c, 30g."}]},{"@type":"WebSite","@id":"https:\/\/tiandeproducts.co.uk\/#website","url":"https:\/\/tiandeproducts.co.uk\/","name":"TianDe Online Shop - Beauty & Health","description":"Traditional Chinese Medicine","potentialAction":[{"@type":"SearchAction","target":{"@type":"EntryPoint","urlTemplate":"https:\/\/tiandeproducts.co.uk\/?s={search_term_string}"},"query-input":{"@type":"PropertyValueSpecification","valueRequired":true,"valueName":"search_term_string"}}],"inLanguage":"lt-LT"}]}},"_links":{"self":[{"href":"https:\/\/tiandeproducts.co.uk\/lt\/wp-json\/wp\/v2\/product\/3738","targetHints":{"allow":["GET"]}}],"collection":[{"href":"https:\/\/tiandeproducts.co.uk\/lt\/wp-json\/wp\/v2\/product"}],"about":[{"href":"https:\/\/tiandeproducts.co.uk\/lt\/wp-json\/wp\/v2\/types\/product"}],"replies":[{"embeddable":true,"href":"https:\/\/tiandeproducts.co.uk\/lt\/wp-json\/wp\/v2\/comments?post=3738"}],"wp:featuredmedia":[{"embeddable":true,"href":"https:\/\/tiandeproducts.co.uk\/lt\/wp-json\/wp\/v2\/media\/264"}],"wp:attachment":[{"href":"https:\/\/tiandeproducts.co.uk\/lt\/wp-json\/wp\/v2\/media?parent=3738"}],"wp:term":[{"taxonomy":"product_cat","embeddable":true,"href":"https:\/\/tiandeproducts.co.uk\/lt\/wp-json\/wp\/v2\/product_cat?post=3738"},{"taxonomy":"product_tag","embeddable":true,"href":"https:\/\/tiandeproducts.co.uk\/lt\/wp-json\/wp\/v2\/product_tag?post=3738"}],"curies":[{"name":"wp","href":"https:\/\/api.w.org\/{rel}","templated":true}]}}