{"id":3737,"date":"2016-04-03T13:14:46","date_gmt":"2016-04-03T12:14:46","guid":{"rendered":"https:\/\/tnd.ontesting.co.uk\/prausimosi-gelis-kremas-veidui-100g\/"},"modified":"2019-10-17T12:36:38","modified_gmt":"2019-10-17T11:36:38","slug":"prausimosi-gelis-kremas-veidui-100g","status":"publish","type":"product","link":"https:\/\/tiandeproducts.co.uk\/lt\/prausimosi-gelis-kremas-veidui-100g\/","title":{"rendered":"Prausimosi gelis &#8211; kremas veidui, 100g."},"content":{"rendered":"<p>Ypa\u010d \u0161velnios tekst\u016bros prausimosi gelis &#8211; kremas lengvai ir\u00a0\u0161velniai pa\u0161alina makia\u017eo liku\u010dius,\u00a0riebal\u0173 pertekli\u0173 ir kitus ne\u0161varumus\u00a0(nesuardydamas r\u016bg\u0161\u010di\u0173 ir \u0161arm\u0173 balanso),\u00a0neu\u017ekem\u0161a por\u0173, praturtina od\u0105 maitinamaisiais ir dr\u0117kinamaisiais komponentais, suteikia gaivumo poj\u016bt\u012f. Priemon\u0117 dovanoja odai ne\u012ftik\u0117tin\u0105 komforto jausm\u0105, nuramina, suteikia odai matin\u012f efekt\u0105, pagerina spalv\u0105.<\/p>\n<p>Sud\u0117tyje esantis vienas svarbiausi\u0173 komponent\u0173 &#8211; \u017eemos molekulin\u0117s strukt\u016bros hidrolizuotas kolagenas &#8211; efektyviai stabdo odos sen\u0117jimo proces\u0105 ir yra pagrindinis odos strukt\u016bros atk\u016brimo elementas. \u0160ios priemon\u0117s hidrolizuoto kolageno gamybai naudojama u\u017epatentuota membranin\u0117 technologija. Jos d\u0117ka, kolagenini\u0173 molekuli\u0173 grandin\u0117l\u0117s i\u0161siskirsto \u012f tokio ilgio fragmentus, kurie lengvai patenka \u012f odos gilumin\u012f sluoksn\u012f &#8211; derm\u0105. Tok\u012f kolagen\u0105 \u017emogaus oda sugeba \u012fsisavinti 100%. Tod\u0117l \u017eemos molekulin\u0117s strukt\u016bros fragmentai \u012fsijungia \u012f visus metabolinius odos procesus, d\u0117ka j\u0173, odos regeneracija vyksta efektyviai ir greitai.<\/p>\n<p><strong>Naudojimas:<\/strong><br \/>\nSudr\u0117kint\u0105 od\u0105 patepkite prausikliu, \u0161velniai ir kruop\u0161\u010diai pamasa\u017euokite (suputos), po to nuplaukite \u0161iltu vandeniu. Galima naudoti kartu su kempin\u0117le.<\/p>\n<p><strong>Veikliosios med\u017eiagos:<\/strong><\/p>\n<p><strong>Stearino r\u016bg\u0161tis<\/strong>\u00a0atstato lipid\u0173 sluoksn\u012f ir saugo od\u0105 nuo kenksmingo aplinkos poveikio.Stearino r\u016bg\u0161tis atstato odos hidrolipidin\u0119 mantij\u0105, gerina odos elastingum\u0105, valo.<\/p>\n<p><strong>Kolagenas<\/strong>\u00a0&#8211; baltymas, suteikiantis odai stangrumo ir u\u017etikrinantis tinkam\u0105 dr\u0117kinimo sistem\u0105. Kolagenas pagerina odos elastingum\u0105, palaiko optimal\u0173 dr\u0117gm\u0117s lyg\u012f, padeda i\u0161lyginti rauk\u0161les, tod\u0117l oda tampa \u0161velni ir mink\u0161ta.<br \/>\n<strong>Hidrolizuot\u0105 kolagen\u0105<\/strong>\u00a0sudaro keletas aminor\u016bg\u0161\u010di\u0173: gliutaminin\u0117 r\u016bg\u0161tis, glicinas, licinas, metioninas ir kt. Hidroliz\u0117s b\u016bdu pagamintas kolagenas maitina ir jaunina od\u0105, padeda gydyti odos \u017eaizdeles ir defektus. Patek\u0119s ant odos, jos pavir\u0161iuje sukuria plon\u0105, orui pralaid\u017ei\u0105 pl\u0117vel\u0119, kuri kaupia dr\u0117gm\u0119. \u0160i audiniuose u\u017esilaikiusi dr\u0117gm\u0117, ardo baltymines odos strukt\u016bras ir skatina naujo kolageno sintez\u0119.<\/p>\n<p><strong>Vitaminas E<\/strong>\u00a0(tokoferolis) \u2013 mikroelementas, turintis stiprias antioksidantines savybes. Jis maitina ir dr\u0117kina od\u0105, stiprina epidermio hidrolipidin\u012f barjer\u0105, apsaugo nuo negatyvaus UV spinduli\u0173 poveikio, suma\u017eina randus po akn\u0117s. Vitaminas E pagreitina pa\u017eeist\u0173 odos l\u0105steli\u0173 gijim\u0105, apsaugo nuo negatyvaus laisv\u0173j\u0173 radikal\u0173 poveikio.<\/p>\n","protected":false},"excerpt":{"rendered":"<p>Ypa\u010d \u0161velnios tekst\u016bros prausimosi gelis &#8211; kremas lengvai ir\u00a0\u0161velniai pa\u0161alina makia\u017eo liku\u010dius,\u00a0riebal\u0173 pertekli\u0173 ir kitus ne\u0161varumus\u00a0(nesuardydamas r\u016bg\u0161\u010di\u0173 ir \u0161arm\u0173 balanso),\u00a0neu\u017ekem\u0161a por\u0173, praturtina od\u0105 maitinamaisiais ir dr\u0117kinamaisiais komponentais, suteikia gaivumo poj\u016bt\u012f. Priemon\u0117 dovanoja odai ne\u012ftik\u0117tin\u0105 komforto jausm\u0105, nuramina, suteikia odai matin\u012f efekt\u0105, pagerina spalv\u0105. Sud\u0117tyje esantis vienas svarbiausi\u0173 komponent\u0173 &#8211; \u017eemos molekulin\u0117s strukt\u016bros hidrolizuotas kolagenas &#8211; [&#8230;]\n","protected":false},"featured_media":269,"comment_status":"closed","ping_status":"closed","template":"","meta":[],"product_cat":[536,561,506],"product_tag":[],"class_list":{"0":"post-3737","1":"product","2":"type-product","3":"status-publish","4":"has-post-thumbnail","6":"product_cat-collagen-active-lt","7":"product_cat-veido-prausikliaipilingai","8":"product_cat-veidui","10":"first","11":"outofstock","12":"shipping-taxable","13":"purchasable","14":"product-type-simple"},"yoast_head":"<!-- This site is optimized with the Yoast SEO plugin v23.6 - https:\/\/yoast.com\/wordpress\/plugins\/seo\/ -->\n<title>Prausimosi gelis - kremas veidui, 100g. - TianDe Online Shop - Beauty &amp; Health<\/title>\n<meta name=\"robots\" content=\"index, follow, max-snippet:-1, max-image-preview:large, max-video-preview:-1\" \/>\n<link rel=\"canonical\" href=\"https:\/\/tiandeproducts.co.uk\/lt\/prausimosi-gelis-kremas-veidui-100g\/\" \/>\n<meta property=\"og:locale\" content=\"lt_LT\" \/>\n<meta property=\"og:type\" content=\"article\" \/>\n<meta property=\"og:title\" content=\"Prausimosi gelis - kremas veidui, 100g. - TianDe Online Shop - Beauty &amp; Health\" \/>\n<meta property=\"og:description\" content=\"Ypa\u010d \u0161velnios tekst\u016bros prausimosi gelis &#8211; kremas lengvai ir\u00a0\u0161velniai pa\u0161alina makia\u017eo liku\u010dius,\u00a0riebal\u0173 pertekli\u0173 ir kitus ne\u0161varumus\u00a0(nesuardydamas r\u016bg\u0161\u010di\u0173 ir \u0161arm\u0173 balanso),\u00a0neu\u017ekem\u0161a por\u0173, praturtina od\u0105 maitinamaisiais ir dr\u0117kinamaisiais komponentais, suteikia gaivumo poj\u016bt\u012f. Priemon\u0117 dovanoja odai ne\u012ftik\u0117tin\u0105 komforto jausm\u0105, nuramina, suteikia odai matin\u012f efekt\u0105, pagerina spalv\u0105. Sud\u0117tyje esantis vienas svarbiausi\u0173 komponent\u0173 &#8211; \u017eemos molekulin\u0117s strukt\u016bros hidrolizuotas kolagenas &#8211; [...]\" \/>\n<meta property=\"og:url\" content=\"https:\/\/tiandeproducts.co.uk\/lt\/prausimosi-gelis-kremas-veidui-100g\/\" \/>\n<meta property=\"og:site_name\" content=\"TianDe Online Shop - Beauty &amp; Health\" \/>\n<meta property=\"article:publisher\" content=\"https:\/\/www.facebook.com\/tiande.products.england\/\" \/>\n<meta property=\"article:modified_time\" content=\"2019-10-17T11:36:38+00:00\" \/>\n<meta property=\"og:image\" content=\"https:\/\/tiandeproducts.co.uk\/wp-content\/uploads\/2016\/04\/12701_new.png\" \/>\n\t<meta property=\"og:image:width\" content=\"700\" \/>\n\t<meta property=\"og:image:height\" content=\"700\" \/>\n\t<meta property=\"og:image:type\" content=\"image\/png\" \/>\n<meta name=\"twitter:card\" content=\"summary_large_image\" \/>\n<meta name=\"twitter:label1\" content=\"Est. reading time\" \/>\n\t<meta name=\"twitter:data1\" content=\"2 minut\u0117s\" \/>\n<script type=\"application\/ld+json\" class=\"yoast-schema-graph\">{\"@context\":\"https:\/\/schema.org\",\"@graph\":[{\"@type\":\"WebPage\",\"@id\":\"https:\/\/tiandeproducts.co.uk\/lt\/prausimosi-gelis-kremas-veidui-100g\/\",\"url\":\"https:\/\/tiandeproducts.co.uk\/lt\/prausimosi-gelis-kremas-veidui-100g\/\",\"name\":\"Prausimosi gelis - kremas veidui, 100g. - TianDe Online Shop - Beauty &amp; Health\",\"isPartOf\":{\"@id\":\"https:\/\/tiandeproducts.co.uk\/#website\"},\"primaryImageOfPage\":{\"@id\":\"https:\/\/tiandeproducts.co.uk\/lt\/prausimosi-gelis-kremas-veidui-100g\/#primaryimage\"},\"image\":{\"@id\":\"https:\/\/tiandeproducts.co.uk\/lt\/prausimosi-gelis-kremas-veidui-100g\/#primaryimage\"},\"thumbnailUrl\":\"https:\/\/tiandeproducts.co.uk\/wp-content\/uploads\/2016\/04\/12701_new.png\",\"datePublished\":\"2016-04-03T12:14:46+00:00\",\"dateModified\":\"2019-10-17T11:36:38+00:00\",\"breadcrumb\":{\"@id\":\"https:\/\/tiandeproducts.co.uk\/lt\/prausimosi-gelis-kremas-veidui-100g\/#breadcrumb\"},\"inLanguage\":\"lt-LT\",\"potentialAction\":[{\"@type\":\"ReadAction\",\"target\":[\"https:\/\/tiandeproducts.co.uk\/lt\/prausimosi-gelis-kremas-veidui-100g\/\"]}]},{\"@type\":\"ImageObject\",\"inLanguage\":\"lt-LT\",\"@id\":\"https:\/\/tiandeproducts.co.uk\/lt\/prausimosi-gelis-kremas-veidui-100g\/#primaryimage\",\"url\":\"https:\/\/tiandeproducts.co.uk\/wp-content\/uploads\/2016\/04\/12701_new.png\",\"contentUrl\":\"https:\/\/tiandeproducts.co.uk\/wp-content\/uploads\/2016\/04\/12701_new.png\",\"width\":700,\"height\":700,\"caption\":\"\\\"Colagen Active 35+\\\" Delicate Facial Cleanser,100g-0\"},{\"@type\":\"BreadcrumbList\",\"@id\":\"https:\/\/tiandeproducts.co.uk\/lt\/prausimosi-gelis-kremas-veidui-100g\/#breadcrumb\",\"itemListElement\":[{\"@type\":\"ListItem\",\"position\":1,\"name\":\"Home\",\"item\":\"https:\/\/tiandeproducts.co.uk\/lt\/\"},{\"@type\":\"ListItem\",\"position\":2,\"name\":\"Shop\",\"item\":\"https:\/\/tiandeproducts.co.uk\/lt\/shop-2\/\"},{\"@type\":\"ListItem\",\"position\":3,\"name\":\"Prausimosi gelis &#8211; kremas veidui, 100g.\"}]},{\"@type\":\"WebSite\",\"@id\":\"https:\/\/tiandeproducts.co.uk\/#website\",\"url\":\"https:\/\/tiandeproducts.co.uk\/\",\"name\":\"TianDe Online Shop - Beauty & Health\",\"description\":\"Traditional Chinese Medicine\",\"potentialAction\":[{\"@type\":\"SearchAction\",\"target\":{\"@type\":\"EntryPoint\",\"urlTemplate\":\"https:\/\/tiandeproducts.co.uk\/?s={search_term_string}\"},\"query-input\":{\"@type\":\"PropertyValueSpecification\",\"valueRequired\":true,\"valueName\":\"search_term_string\"}}],\"inLanguage\":\"lt-LT\"}]}<\/script>\n<!-- \/ Yoast SEO plugin. -->","yoast_head_json":{"title":"Prausimosi gelis - kremas veidui, 100g. - TianDe Online Shop - Beauty &amp; Health","robots":{"index":"index","follow":"follow","max-snippet":"max-snippet:-1","max-image-preview":"max-image-preview:large","max-video-preview":"max-video-preview:-1"},"canonical":"https:\/\/tiandeproducts.co.uk\/lt\/prausimosi-gelis-kremas-veidui-100g\/","og_locale":"lt_LT","og_type":"article","og_title":"Prausimosi gelis - kremas veidui, 100g. - TianDe Online Shop - Beauty &amp; Health","og_description":"Ypa\u010d \u0161velnios tekst\u016bros prausimosi gelis &#8211; kremas lengvai ir\u00a0\u0161velniai pa\u0161alina makia\u017eo liku\u010dius,\u00a0riebal\u0173 pertekli\u0173 ir kitus ne\u0161varumus\u00a0(nesuardydamas r\u016bg\u0161\u010di\u0173 ir \u0161arm\u0173 balanso),\u00a0neu\u017ekem\u0161a por\u0173, praturtina od\u0105 maitinamaisiais ir dr\u0117kinamaisiais komponentais, suteikia gaivumo poj\u016bt\u012f. Priemon\u0117 dovanoja odai ne\u012ftik\u0117tin\u0105 komforto jausm\u0105, nuramina, suteikia odai matin\u012f efekt\u0105, pagerina spalv\u0105. Sud\u0117tyje esantis vienas svarbiausi\u0173 komponent\u0173 &#8211; \u017eemos molekulin\u0117s strukt\u016bros hidrolizuotas kolagenas &#8211; [...]","og_url":"https:\/\/tiandeproducts.co.uk\/lt\/prausimosi-gelis-kremas-veidui-100g\/","og_site_name":"TianDe Online Shop - Beauty &amp; Health","article_publisher":"https:\/\/www.facebook.com\/tiande.products.england\/","article_modified_time":"2019-10-17T11:36:38+00:00","og_image":[{"width":700,"height":700,"url":"https:\/\/tiandeproducts.co.uk\/wp-content\/uploads\/2016\/04\/12701_new.png","type":"image\/png"}],"twitter_card":"summary_large_image","twitter_misc":{"Est. reading time":"2 minut\u0117s"},"schema":{"@context":"https:\/\/schema.org","@graph":[{"@type":"WebPage","@id":"https:\/\/tiandeproducts.co.uk\/lt\/prausimosi-gelis-kremas-veidui-100g\/","url":"https:\/\/tiandeproducts.co.uk\/lt\/prausimosi-gelis-kremas-veidui-100g\/","name":"Prausimosi gelis - kremas veidui, 100g. - TianDe Online Shop - Beauty &amp; Health","isPartOf":{"@id":"https:\/\/tiandeproducts.co.uk\/#website"},"primaryImageOfPage":{"@id":"https:\/\/tiandeproducts.co.uk\/lt\/prausimosi-gelis-kremas-veidui-100g\/#primaryimage"},"image":{"@id":"https:\/\/tiandeproducts.co.uk\/lt\/prausimosi-gelis-kremas-veidui-100g\/#primaryimage"},"thumbnailUrl":"https:\/\/tiandeproducts.co.uk\/wp-content\/uploads\/2016\/04\/12701_new.png","datePublished":"2016-04-03T12:14:46+00:00","dateModified":"2019-10-17T11:36:38+00:00","breadcrumb":{"@id":"https:\/\/tiandeproducts.co.uk\/lt\/prausimosi-gelis-kremas-veidui-100g\/#breadcrumb"},"inLanguage":"lt-LT","potentialAction":[{"@type":"ReadAction","target":["https:\/\/tiandeproducts.co.uk\/lt\/prausimosi-gelis-kremas-veidui-100g\/"]}]},{"@type":"ImageObject","inLanguage":"lt-LT","@id":"https:\/\/tiandeproducts.co.uk\/lt\/prausimosi-gelis-kremas-veidui-100g\/#primaryimage","url":"https:\/\/tiandeproducts.co.uk\/wp-content\/uploads\/2016\/04\/12701_new.png","contentUrl":"https:\/\/tiandeproducts.co.uk\/wp-content\/uploads\/2016\/04\/12701_new.png","width":700,"height":700,"caption":"\"Colagen Active 35+\" Delicate Facial Cleanser,100g-0"},{"@type":"BreadcrumbList","@id":"https:\/\/tiandeproducts.co.uk\/lt\/prausimosi-gelis-kremas-veidui-100g\/#breadcrumb","itemListElement":[{"@type":"ListItem","position":1,"name":"Home","item":"https:\/\/tiandeproducts.co.uk\/lt\/"},{"@type":"ListItem","position":2,"name":"Shop","item":"https:\/\/tiandeproducts.co.uk\/lt\/shop-2\/"},{"@type":"ListItem","position":3,"name":"Prausimosi gelis &#8211; kremas veidui, 100g."}]},{"@type":"WebSite","@id":"https:\/\/tiandeproducts.co.uk\/#website","url":"https:\/\/tiandeproducts.co.uk\/","name":"TianDe Online Shop - Beauty & Health","description":"Traditional Chinese Medicine","potentialAction":[{"@type":"SearchAction","target":{"@type":"EntryPoint","urlTemplate":"https:\/\/tiandeproducts.co.uk\/?s={search_term_string}"},"query-input":{"@type":"PropertyValueSpecification","valueRequired":true,"valueName":"search_term_string"}}],"inLanguage":"lt-LT"}]}},"_links":{"self":[{"href":"https:\/\/tiandeproducts.co.uk\/lt\/wp-json\/wp\/v2\/product\/3737","targetHints":{"allow":["GET"]}}],"collection":[{"href":"https:\/\/tiandeproducts.co.uk\/lt\/wp-json\/wp\/v2\/product"}],"about":[{"href":"https:\/\/tiandeproducts.co.uk\/lt\/wp-json\/wp\/v2\/types\/product"}],"replies":[{"embeddable":true,"href":"https:\/\/tiandeproducts.co.uk\/lt\/wp-json\/wp\/v2\/comments?post=3737"}],"wp:featuredmedia":[{"embeddable":true,"href":"https:\/\/tiandeproducts.co.uk\/lt\/wp-json\/wp\/v2\/media\/269"}],"wp:attachment":[{"href":"https:\/\/tiandeproducts.co.uk\/lt\/wp-json\/wp\/v2\/media?parent=3737"}],"wp:term":[{"taxonomy":"product_cat","embeddable":true,"href":"https:\/\/tiandeproducts.co.uk\/lt\/wp-json\/wp\/v2\/product_cat?post=3737"},{"taxonomy":"product_tag","embeddable":true,"href":"https:\/\/tiandeproducts.co.uk\/lt\/wp-json\/wp\/v2\/product_tag?post=3737"}],"curies":[{"name":"wp","href":"https:\/\/api.w.org\/{rel}","templated":true}]}}