{"id":3736,"date":"2016-04-03T14:17:24","date_gmt":"2016-04-03T13:17:24","guid":{"rendered":"https:\/\/tnd.ontesting.co.uk\/svelnus-drekinamasis-tonikas-150g\/"},"modified":"2019-12-26T15:33:14","modified_gmt":"2019-12-26T15:33:14","slug":"svelnus-drekinamasis-tonikas-150g","status":"publish","type":"product","link":"https:\/\/tiandeproducts.co.uk\/lt\/svelnus-drekinamasis-tonikas-150g\/","title":{"rendered":"\u0160velnus dr\u0117kinamasis tonikas, 150g."},"content":{"rendered":"<p>Tonikas \u0161velniai ir greitai \u0161alina odos ne\u0161varumus ir makia\u017eo liku\u010dius, atstato hidrolipidin\u012f odos balans\u0105, stimuliuoja kolageno skaidul\u0173 atstatym\u0105,\u00a0padeda pa\u0161alinti odos sudirgimus, padidina jos apsaugines savybes, suteikia intensyv\u0173 veido odos dr\u0117kinim\u0105, tonizuoja ir gaivina. Be\u00a0spirito.<\/p>\n<p>Sud\u0117tyje esantis vienas svarbiausi\u0173 komponent\u0173 &#8211; \u017eemos molekulin\u0117s strukt\u016bros hidrolizuotas kolagenas &#8211; efektyviai stabdo odos sen\u0117jimo proces\u0105 ir yra pagrindinis odos strukt\u016bros atk\u016brimo elementas. \u0160ios priemon\u0117s hidrolizuoto kolageno gamybai naudojama u\u017epatentuota membranin\u0117 technologija. Jos d\u0117ka, kolagenini\u0173 molekuli\u0173 grandin\u0117l\u0117s i\u0161siskirsto \u012f tokio ilgio fragmentus, kurie lengvai patenka \u012f odos gilumin\u012f sluoksn\u012f &#8211; derm\u0105. Tok\u012f kolagen\u0105 \u017emogaus oda sugeba \u012fsisavinti 100%. Tod\u0117l \u017eemos molekulin\u0117s strukt\u016bros fragmentai \u012fsijungia \u012f visus metabolinius odos procesus, d\u0117ka j\u0173, odos regeneracija vyksta efektyviai ir greitai.<\/p>\n<p><strong>Naudojimas:<\/strong><br \/>\nAnt dr\u0117gnos kempin\u0117l\u0117s u\u017ela\u0161inkite 5 &#8211; 6 la\u0161us toniko ir \u0161velniais judesiais kruop\u0161\u010diai valykite od\u0105 nuo kaktos link smakro (i\u0161skyrus paaki\u0173 srit\u012f).<\/p>\n<p><strong>Veikliosios med\u017eiagos:<\/strong><\/p>\n<p><strong>Hidrolizuot\u0105 kolagen\u0105<\/strong>\u00a0sudaro keletas aminor\u016bg\u0161\u010di\u0173: gliutaminin\u0117 r\u016bg\u0161tis, glicinas, licinas, metioninas ir kt. Hidroliz\u0117s b\u016bdu pagamintas kolagenas maitina ir jaunina od\u0105, padeda gydyti odos \u017eaizdeles ir defektus. Patek\u0119s ant odos, jos pavir\u0161iuje sukuria plon\u0105, orui pralaid\u017ei\u0105 pl\u0117vel\u0119, kuri kaupia dr\u0117gm\u0119. \u0160i audiniuose u\u017esilaikiusi dr\u0117gm\u0117, ardo baltymines odos strukt\u016bras ir skatina naujo kolageno sintez\u0119.<\/p>\n<p><strong>Vitaminas E<\/strong>\u00a0&#8211; stiprus antioksidantas, imunomoduliatorius, atsakingas u\u017e odos elastingum\u0105. Jis saugo nuo rauk\u0161li\u0173 atsiradimo, neigiamo ultravioletini\u0173 spinduli\u0173 poveikio, skatina l\u0105steli\u0173 regeneracij\u0105, apr\u016bpina jas deguonimi.<\/p>\n<p><strong>Hamamelij\u0173 lap\u0173 ekstrakte<\/strong>\u00a0esantys flavonoidai, eteriniai aliejai, \u012fvairios raugin\u0117s med\u017eiagos slopina u\u017edegimus ir odos sudirginimus, normalizuoja riebalini\u0173 liauk\u0173 sekrecij\u0105, turi prie\u0161u\u017edegimin\u012f, nuskausminam\u0105j\u012f poveik\u012f, tonizuoja ir gaivina od\u0105. Ekstraktas labai veiksmingas ir rekomenduojamas \u0161iurk\u0161\u010diai, \u0161erpetojan\u010diai ir jautriai veido odai.<\/p>\n","protected":false},"excerpt":{"rendered":"<p>Tonikas \u0161velniai ir greitai \u0161alina odos ne\u0161varumus ir makia\u017eo liku\u010dius, atstato hidrolipidin\u012f odos balans\u0105, stimuliuoja kolageno skaidul\u0173 atstatym\u0105,\u00a0padeda pa\u0161alinti odos sudirgimus, padidina jos apsaugines savybes, suteikia intensyv\u0173 veido odos dr\u0117kinim\u0105, tonizuoja ir gaivina. Be\u00a0spirito. Sud\u0117tyje esantis vienas svarbiausi\u0173 komponent\u0173 &#8211; \u017eemos molekulin\u0117s strukt\u016bros hidrolizuotas kolagenas &#8211; efektyviai stabdo odos sen\u0117jimo proces\u0105 ir yra pagrindinis odos [&#8230;]\n","protected":false},"featured_media":289,"comment_status":"closed","ping_status":"closed","template":"","meta":[],"product_cat":[536,576,610,506],"product_tag":[],"class_list":{"0":"post-3736","1":"product","2":"type-product","3":"status-publish","4":"has-post-thumbnail","6":"product_cat-collagen-active-lt","7":"product_cat-drekinimas","8":"product_cat-tonikai-ir-losjonai","9":"product_cat-veidui","11":"first","12":"instock","13":"shipping-taxable","14":"purchasable","15":"product-type-simple"},"yoast_head":"<!-- This site is optimized with the Yoast SEO plugin v23.6 - https:\/\/yoast.com\/wordpress\/plugins\/seo\/ -->\n<title>\u0160velnus dr\u0117kinamasis tonikas, 150g. - TianDe Online Shop - Beauty &amp; Health<\/title>\n<meta name=\"robots\" content=\"index, follow, max-snippet:-1, max-image-preview:large, max-video-preview:-1\" \/>\n<link rel=\"canonical\" href=\"https:\/\/tiandeproducts.co.uk\/lt\/svelnus-drekinamasis-tonikas-150g\/\" \/>\n<meta property=\"og:locale\" content=\"lt_LT\" \/>\n<meta property=\"og:type\" content=\"article\" \/>\n<meta property=\"og:title\" content=\"\u0160velnus dr\u0117kinamasis tonikas, 150g. - TianDe Online Shop - Beauty &amp; Health\" \/>\n<meta property=\"og:description\" content=\"Tonikas \u0161velniai ir greitai \u0161alina odos ne\u0161varumus ir makia\u017eo liku\u010dius, atstato hidrolipidin\u012f odos balans\u0105, stimuliuoja kolageno skaidul\u0173 atstatym\u0105,\u00a0padeda pa\u0161alinti odos sudirgimus, padidina jos apsaugines savybes, suteikia intensyv\u0173 veido odos dr\u0117kinim\u0105, tonizuoja ir gaivina. Be\u00a0spirito. Sud\u0117tyje esantis vienas svarbiausi\u0173 komponent\u0173 &#8211; \u017eemos molekulin\u0117s strukt\u016bros hidrolizuotas kolagenas &#8211; efektyviai stabdo odos sen\u0117jimo proces\u0105 ir yra pagrindinis odos [...]\" \/>\n<meta property=\"og:url\" content=\"https:\/\/tiandeproducts.co.uk\/lt\/svelnus-drekinamasis-tonikas-150g\/\" \/>\n<meta property=\"og:site_name\" content=\"TianDe Online Shop - Beauty &amp; Health\" \/>\n<meta property=\"article:publisher\" content=\"https:\/\/www.facebook.com\/tiande.products.england\/\" \/>\n<meta property=\"article:modified_time\" content=\"2019-12-26T15:33:14+00:00\" \/>\n<meta property=\"og:image\" content=\"https:\/\/tiandeproducts.co.uk\/wp-content\/uploads\/2016\/04\/12712_new.png\" \/>\n\t<meta property=\"og:image:width\" content=\"700\" \/>\n\t<meta property=\"og:image:height\" content=\"700\" \/>\n\t<meta property=\"og:image:type\" content=\"image\/png\" \/>\n<meta name=\"twitter:card\" content=\"summary_large_image\" \/>\n<meta name=\"twitter:label1\" content=\"Est. reading time\" \/>\n\t<meta name=\"twitter:data1\" content=\"2 minut\u0117s\" \/>\n<script type=\"application\/ld+json\" class=\"yoast-schema-graph\">{\"@context\":\"https:\/\/schema.org\",\"@graph\":[{\"@type\":\"WebPage\",\"@id\":\"https:\/\/tiandeproducts.co.uk\/lt\/svelnus-drekinamasis-tonikas-150g\/\",\"url\":\"https:\/\/tiandeproducts.co.uk\/lt\/svelnus-drekinamasis-tonikas-150g\/\",\"name\":\"\u0160velnus dr\u0117kinamasis tonikas, 150g. - TianDe Online Shop - Beauty &amp; Health\",\"isPartOf\":{\"@id\":\"https:\/\/tiandeproducts.co.uk\/#website\"},\"primaryImageOfPage\":{\"@id\":\"https:\/\/tiandeproducts.co.uk\/lt\/svelnus-drekinamasis-tonikas-150g\/#primaryimage\"},\"image\":{\"@id\":\"https:\/\/tiandeproducts.co.uk\/lt\/svelnus-drekinamasis-tonikas-150g\/#primaryimage\"},\"thumbnailUrl\":\"https:\/\/tiandeproducts.co.uk\/wp-content\/uploads\/2016\/04\/12712_new.png\",\"datePublished\":\"2016-04-03T13:17:24+00:00\",\"dateModified\":\"2019-12-26T15:33:14+00:00\",\"breadcrumb\":{\"@id\":\"https:\/\/tiandeproducts.co.uk\/lt\/svelnus-drekinamasis-tonikas-150g\/#breadcrumb\"},\"inLanguage\":\"lt-LT\",\"potentialAction\":[{\"@type\":\"ReadAction\",\"target\":[\"https:\/\/tiandeproducts.co.uk\/lt\/svelnus-drekinamasis-tonikas-150g\/\"]}]},{\"@type\":\"ImageObject\",\"inLanguage\":\"lt-LT\",\"@id\":\"https:\/\/tiandeproducts.co.uk\/lt\/svelnus-drekinamasis-tonikas-150g\/#primaryimage\",\"url\":\"https:\/\/tiandeproducts.co.uk\/wp-content\/uploads\/2016\/04\/12712_new.png\",\"contentUrl\":\"https:\/\/tiandeproducts.co.uk\/wp-content\/uploads\/2016\/04\/12712_new.png\",\"width\":700,\"height\":700,\"caption\":\"\\\"Collagen Active 35+\\\" Delicate Moisturizing Facial Toner,150g-0\"},{\"@type\":\"BreadcrumbList\",\"@id\":\"https:\/\/tiandeproducts.co.uk\/lt\/svelnus-drekinamasis-tonikas-150g\/#breadcrumb\",\"itemListElement\":[{\"@type\":\"ListItem\",\"position\":1,\"name\":\"Home\",\"item\":\"https:\/\/tiandeproducts.co.uk\/lt\/\"},{\"@type\":\"ListItem\",\"position\":2,\"name\":\"Shop\",\"item\":\"https:\/\/tiandeproducts.co.uk\/lt\/shop-2\/\"},{\"@type\":\"ListItem\",\"position\":3,\"name\":\"\u0160velnus dr\u0117kinamasis tonikas, 150g.\"}]},{\"@type\":\"WebSite\",\"@id\":\"https:\/\/tiandeproducts.co.uk\/#website\",\"url\":\"https:\/\/tiandeproducts.co.uk\/\",\"name\":\"TianDe Online Shop - Beauty & Health\",\"description\":\"Traditional Chinese Medicine\",\"potentialAction\":[{\"@type\":\"SearchAction\",\"target\":{\"@type\":\"EntryPoint\",\"urlTemplate\":\"https:\/\/tiandeproducts.co.uk\/?s={search_term_string}\"},\"query-input\":{\"@type\":\"PropertyValueSpecification\",\"valueRequired\":true,\"valueName\":\"search_term_string\"}}],\"inLanguage\":\"lt-LT\"}]}<\/script>\n<!-- \/ Yoast SEO plugin. -->","yoast_head_json":{"title":"\u0160velnus dr\u0117kinamasis tonikas, 150g. - TianDe Online Shop - Beauty &amp; Health","robots":{"index":"index","follow":"follow","max-snippet":"max-snippet:-1","max-image-preview":"max-image-preview:large","max-video-preview":"max-video-preview:-1"},"canonical":"https:\/\/tiandeproducts.co.uk\/lt\/svelnus-drekinamasis-tonikas-150g\/","og_locale":"lt_LT","og_type":"article","og_title":"\u0160velnus dr\u0117kinamasis tonikas, 150g. - TianDe Online Shop - Beauty &amp; Health","og_description":"Tonikas \u0161velniai ir greitai \u0161alina odos ne\u0161varumus ir makia\u017eo liku\u010dius, atstato hidrolipidin\u012f odos balans\u0105, stimuliuoja kolageno skaidul\u0173 atstatym\u0105,\u00a0padeda pa\u0161alinti odos sudirgimus, padidina jos apsaugines savybes, suteikia intensyv\u0173 veido odos dr\u0117kinim\u0105, tonizuoja ir gaivina. Be\u00a0spirito. Sud\u0117tyje esantis vienas svarbiausi\u0173 komponent\u0173 &#8211; \u017eemos molekulin\u0117s strukt\u016bros hidrolizuotas kolagenas &#8211; efektyviai stabdo odos sen\u0117jimo proces\u0105 ir yra pagrindinis odos [...]","og_url":"https:\/\/tiandeproducts.co.uk\/lt\/svelnus-drekinamasis-tonikas-150g\/","og_site_name":"TianDe Online Shop - Beauty &amp; Health","article_publisher":"https:\/\/www.facebook.com\/tiande.products.england\/","article_modified_time":"2019-12-26T15:33:14+00:00","og_image":[{"width":700,"height":700,"url":"https:\/\/tiandeproducts.co.uk\/wp-content\/uploads\/2016\/04\/12712_new.png","type":"image\/png"}],"twitter_card":"summary_large_image","twitter_misc":{"Est. reading time":"2 minut\u0117s"},"schema":{"@context":"https:\/\/schema.org","@graph":[{"@type":"WebPage","@id":"https:\/\/tiandeproducts.co.uk\/lt\/svelnus-drekinamasis-tonikas-150g\/","url":"https:\/\/tiandeproducts.co.uk\/lt\/svelnus-drekinamasis-tonikas-150g\/","name":"\u0160velnus dr\u0117kinamasis tonikas, 150g. - TianDe Online Shop - Beauty &amp; Health","isPartOf":{"@id":"https:\/\/tiandeproducts.co.uk\/#website"},"primaryImageOfPage":{"@id":"https:\/\/tiandeproducts.co.uk\/lt\/svelnus-drekinamasis-tonikas-150g\/#primaryimage"},"image":{"@id":"https:\/\/tiandeproducts.co.uk\/lt\/svelnus-drekinamasis-tonikas-150g\/#primaryimage"},"thumbnailUrl":"https:\/\/tiandeproducts.co.uk\/wp-content\/uploads\/2016\/04\/12712_new.png","datePublished":"2016-04-03T13:17:24+00:00","dateModified":"2019-12-26T15:33:14+00:00","breadcrumb":{"@id":"https:\/\/tiandeproducts.co.uk\/lt\/svelnus-drekinamasis-tonikas-150g\/#breadcrumb"},"inLanguage":"lt-LT","potentialAction":[{"@type":"ReadAction","target":["https:\/\/tiandeproducts.co.uk\/lt\/svelnus-drekinamasis-tonikas-150g\/"]}]},{"@type":"ImageObject","inLanguage":"lt-LT","@id":"https:\/\/tiandeproducts.co.uk\/lt\/svelnus-drekinamasis-tonikas-150g\/#primaryimage","url":"https:\/\/tiandeproducts.co.uk\/wp-content\/uploads\/2016\/04\/12712_new.png","contentUrl":"https:\/\/tiandeproducts.co.uk\/wp-content\/uploads\/2016\/04\/12712_new.png","width":700,"height":700,"caption":"\"Collagen Active 35+\" Delicate Moisturizing Facial Toner,150g-0"},{"@type":"BreadcrumbList","@id":"https:\/\/tiandeproducts.co.uk\/lt\/svelnus-drekinamasis-tonikas-150g\/#breadcrumb","itemListElement":[{"@type":"ListItem","position":1,"name":"Home","item":"https:\/\/tiandeproducts.co.uk\/lt\/"},{"@type":"ListItem","position":2,"name":"Shop","item":"https:\/\/tiandeproducts.co.uk\/lt\/shop-2\/"},{"@type":"ListItem","position":3,"name":"\u0160velnus dr\u0117kinamasis tonikas, 150g."}]},{"@type":"WebSite","@id":"https:\/\/tiandeproducts.co.uk\/#website","url":"https:\/\/tiandeproducts.co.uk\/","name":"TianDe Online Shop - Beauty & Health","description":"Traditional Chinese Medicine","potentialAction":[{"@type":"SearchAction","target":{"@type":"EntryPoint","urlTemplate":"https:\/\/tiandeproducts.co.uk\/?s={search_term_string}"},"query-input":{"@type":"PropertyValueSpecification","valueRequired":true,"valueName":"search_term_string"}}],"inLanguage":"lt-LT"}]}},"_links":{"self":[{"href":"https:\/\/tiandeproducts.co.uk\/lt\/wp-json\/wp\/v2\/product\/3736","targetHints":{"allow":["GET"]}}],"collection":[{"href":"https:\/\/tiandeproducts.co.uk\/lt\/wp-json\/wp\/v2\/product"}],"about":[{"href":"https:\/\/tiandeproducts.co.uk\/lt\/wp-json\/wp\/v2\/types\/product"}],"replies":[{"embeddable":true,"href":"https:\/\/tiandeproducts.co.uk\/lt\/wp-json\/wp\/v2\/comments?post=3736"}],"wp:featuredmedia":[{"embeddable":true,"href":"https:\/\/tiandeproducts.co.uk\/lt\/wp-json\/wp\/v2\/media\/289"}],"wp:attachment":[{"href":"https:\/\/tiandeproducts.co.uk\/lt\/wp-json\/wp\/v2\/media?parent=3736"}],"wp:term":[{"taxonomy":"product_cat","embeddable":true,"href":"https:\/\/tiandeproducts.co.uk\/lt\/wp-json\/wp\/v2\/product_cat?post=3736"},{"taxonomy":"product_tag","embeddable":true,"href":"https:\/\/tiandeproducts.co.uk\/lt\/wp-json\/wp\/v2\/product_tag?post=3736"}],"curies":[{"name":"wp","href":"https:\/\/api.w.org\/{rel}","templated":true}]}}