{"id":3735,"date":"2016-04-03T14:22:08","date_gmt":"2016-04-03T13:22:08","guid":{"rendered":"https:\/\/tnd.ontesting.co.uk\/stangrinamoji-emulsija-veido-ir-kaklo-odai-100g\/"},"modified":"2019-10-17T12:58:25","modified_gmt":"2019-10-17T11:58:25","slug":"stangrinamoji-emulsija-veido-ir-kaklo-odai-100g","status":"publish","type":"product","link":"https:\/\/tiandeproducts.co.uk\/lt\/stangrinamoji-emulsija-veido-ir-kaklo-odai-100g\/","title":{"rendered":"Stangrinamoji emulsija veido ir kaklo odai, 100g."},"content":{"rendered":"<p>Emulsija stangrina ir pastebimai patempia od\u0105, sugr\u0105\u017eina jai elastingum\u0105, pagerina tonus\u0105. Suglebusi veido, o ypa\u010d kaklo oda, akivaizd\u017eiai pager\u0117ja ir atjaun\u0117ja,\u00a0o\u00a0sud\u0117tyje esantys aktyv\u016bs komponentai\u00a0aktyviai stimuliuoja\u00a0dermos kolageno skaidul\u0173 atk\u016brim\u0105 ir lygina odos reljef\u0105.<\/p>\n<p>Sud\u0117tyje esantis vienas svarbiausi\u0173 komponent\u0173 &#8211; \u017eemos molekulin\u0117s strukt\u016bros hidrolizuotas kolagenas &#8211; efektyviai stabdo odos sen\u0117jimo proces\u0105 ir yra pagrindinis odos strukt\u016bros atk\u016brimo elementas. \u0160ios priemon\u0117s hidrolizuoto kolageno gamybai naudojama u\u017epatentuota membranin\u0117 technologija. Jos d\u0117ka, kolagenini\u0173 molekuli\u0173 grandin\u0117l\u0117s i\u0161siskirsto \u012f tokio ilgio fragmentus, kurie lengvai patenka \u012f odos gilumin\u012f sluoksn\u012f &#8211; derm\u0105. Tok\u012f kolagen\u0105 \u017emogaus oda sugeba \u012fsisavinti 100%. Tod\u0117l \u017eemos molekulin\u0117s strukt\u016bros fragmentai \u012fsijungia \u012f visus metabolinius odos procesus, d\u0117ka j\u0173, odos regeneracija vyksta efektyviai ir greitai.<\/p>\n<p><strong>Naudojimas:<\/strong><br \/>\nNedidel\u012f kiek\u012f\u00a0emulsijos u\u017etepkite ant gerai nuvalytos (\u0161varios) ir patonizuotos veido ir kaklo odos (i\u0161skyrus paaki\u0173 srit\u012f) ir \u0161velniais sukamaisiais judesiais trumpai pamasa\u017euokite. Naudokite ryte ir\/arba vakare, kaip individuali\u0105 veido prie\u017ei\u016bros priemon\u0119 arba kaip kompleksin\u0119, su kitomis veido prie\u017ei\u016bros priemon\u0117mis. Emulsija lengvai pasiskirsto ant odos, akimirksniu \u012fsigeria. U\u017etenka 1 dozatoriaus paspaudimo ant veido odos ir 1 paspaudimo ant kaklo odos. Maksimalaus ir ilgalaikio efekto pasieksite naudodami vis\u0105 Collagen Active serij\u0105 2-3 m\u0117n. i\u0161 eil\u0117s.<\/p>\n<p><strong>Veikliosios med\u017eiagos:<\/strong><\/p>\n<p><strong>Alavijo ekstraktas<\/strong>\u00a0\u2013 vienas i\u0161 efektyviausi\u0173 nat\u016bralioje gamtoje aptinkam\u0173 dr\u0117kikli\u0173. Jis intensyviai dr\u0117kina, pripildo od\u0105 nat\u016braliais antioksidantais (vitaminas A, B, C, E), daugiau nei 30-ia element\u0173, 18 aminor\u016bg\u0161\u010di\u0173 ir mineral\u0173. Alavijo ekstraktas ramina saus\u0105 od\u0105, ma\u017eina u\u017edegiminius procesus, reguliuoja g odos riebalini\u0173 liauk\u0173 aktyvum\u0105. Alavijas ant plauko pavir\u0161iaus sukuria apsaugin\u0119 hidropl\u0117vel\u0119 ir kaupia joje dr\u0117gm\u0119, tai sugr\u0105\u017eina plaukui gyvybingum\u0105 ir blizges\u012f.<\/p>\n<p><strong>Hidrolizuot\u0105 kolagen\u0105<\/strong>\u00a0sudaro keletas aminor\u016bg\u0161\u010di\u0173: gliutaminin\u0117 r\u016bg\u0161tis, glicinas, licinas, metioninas ir kt. Hidroliz\u0117s b\u016bdu pagamintas kolagenas maitina ir jaunina od\u0105, padeda gydyti odos \u017eaizdeles ir defektus. Patek\u0119s ant odos, jos pavir\u0161iuje sukuria plon\u0105, orui pralaid\u017ei\u0105 pl\u0117vel\u0119, kuri kaupia dr\u0117gm\u0119. \u0160i audiniuose u\u017esilaikiusi dr\u0117gm\u0117, ardo baltymines odos strukt\u016bras ir skatina naujo kolageno sintez\u0119.<\/p>\n<p><strong>Hialurono r\u016bg\u0161tis<\/strong>\u00a0suteikia liftingo efekt\u0105, didina odos elastingum\u0105, stangrina. Veiklioji med\u017eiaga ant odos pavir\u0161iaus sukuria orui pralaid\u0173 apsaugin\u012f sluoksn\u012f, tai apsaugo nuo dr\u0117gm\u0117s praradimo net gilesnius sluoksnius. Ji efektyviai pagreitina audini\u0173 l\u0105steli\u0173 atsinaujinimo procesus, gerina mikrocirkuliacij\u0105, skatina nauj\u0173 odos l\u0105steli\u0173 dauginim\u0105si, apsaugo nuo i\u0161orini\u0173 pa\u017eeidim\u0173 ir infekcij\u0173, sustiprina odos apsaugin\u012f sluoksn\u012f bei odos imunines savyb\u0117s.<br \/>\n\u012edomu, kad hialurono r\u016bg\u0161ties molekul\u0117s gali pritraukti ir i\u0161laikyti net ~500 kart\u0173 u\u017e save didesn\u012f kiek\u012f vandens!<\/p>\n","protected":false},"excerpt":{"rendered":"<p>Emulsija stangrina ir pastebimai patempia od\u0105, sugr\u0105\u017eina jai elastingum\u0105, pagerina tonus\u0105. Suglebusi veido, o ypa\u010d kaklo oda, akivaizd\u017eiai pager\u0117ja ir atjaun\u0117ja,\u00a0o\u00a0sud\u0117tyje esantys aktyv\u016bs komponentai\u00a0aktyviai stimuliuoja\u00a0dermos kolageno skaidul\u0173 atk\u016brim\u0105 ir lygina odos reljef\u0105. Sud\u0117tyje esantis vienas svarbiausi\u0173 komponent\u0173 &#8211; \u017eemos molekulin\u0117s strukt\u016bros hidrolizuotas kolagenas &#8211; efektyviai stabdo odos sen\u0117jimo proces\u0105 ir yra pagrindinis odos strukt\u016bros atk\u016brimo [&#8230;]\n","protected":false},"featured_media":294,"comment_status":"closed","ping_status":"closed","template":"","meta":[],"product_cat":[875,538,752,747],"product_tag":[],"class_list":{"0":"post-3735","1":"product","2":"type-product","3":"status-publish","4":"has-post-thumbnail","6":"product_cat-a-","7":"product_cat-collagen-active-ru","8":"product_cat-752","9":"product_cat-747","11":"first","12":"instock","13":"shipping-taxable","14":"purchasable","15":"product-type-simple"},"yoast_head":"<!-- This site is optimized with the Yoast SEO plugin v23.6 - https:\/\/yoast.com\/wordpress\/plugins\/seo\/ -->\n<title>Stangrinamoji emulsija veido ir kaklo odai, 100g. - TianDe Online Shop - Beauty &amp; Health<\/title>\n<meta name=\"robots\" content=\"index, follow, max-snippet:-1, max-image-preview:large, max-video-preview:-1\" \/>\n<link rel=\"canonical\" href=\"https:\/\/tiandeproducts.co.uk\/lt\/stangrinamoji-emulsija-veido-ir-kaklo-odai-100g\/\" \/>\n<meta property=\"og:locale\" content=\"lt_LT\" \/>\n<meta property=\"og:type\" content=\"article\" \/>\n<meta property=\"og:title\" content=\"Stangrinamoji emulsija veido ir kaklo odai, 100g. - TianDe Online Shop - Beauty &amp; Health\" \/>\n<meta property=\"og:description\" content=\"Emulsija stangrina ir pastebimai patempia od\u0105, sugr\u0105\u017eina jai elastingum\u0105, pagerina tonus\u0105. Suglebusi veido, o ypa\u010d kaklo oda, akivaizd\u017eiai pager\u0117ja ir atjaun\u0117ja,\u00a0o\u00a0sud\u0117tyje esantys aktyv\u016bs komponentai\u00a0aktyviai stimuliuoja\u00a0dermos kolageno skaidul\u0173 atk\u016brim\u0105 ir lygina odos reljef\u0105. Sud\u0117tyje esantis vienas svarbiausi\u0173 komponent\u0173 &#8211; \u017eemos molekulin\u0117s strukt\u016bros hidrolizuotas kolagenas &#8211; efektyviai stabdo odos sen\u0117jimo proces\u0105 ir yra pagrindinis odos strukt\u016bros atk\u016brimo [...]\" \/>\n<meta property=\"og:url\" content=\"https:\/\/tiandeproducts.co.uk\/lt\/stangrinamoji-emulsija-veido-ir-kaklo-odai-100g\/\" \/>\n<meta property=\"og:site_name\" content=\"TianDe Online Shop - Beauty &amp; Health\" \/>\n<meta property=\"article:publisher\" content=\"https:\/\/www.facebook.com\/tiande.products.england\/\" \/>\n<meta property=\"article:modified_time\" content=\"2019-10-17T11:58:25+00:00\" \/>\n<meta property=\"og:image\" content=\"https:\/\/tiandeproducts.co.uk\/wp-content\/uploads\/2016\/04\/12705_new_1.png\" \/>\n\t<meta property=\"og:image:width\" content=\"700\" \/>\n\t<meta property=\"og:image:height\" content=\"700\" \/>\n\t<meta property=\"og:image:type\" content=\"image\/png\" \/>\n<meta name=\"twitter:card\" content=\"summary_large_image\" \/>\n<meta name=\"twitter:label1\" content=\"Est. reading time\" \/>\n\t<meta name=\"twitter:data1\" content=\"2 minut\u0117s\" \/>\n<script type=\"application\/ld+json\" class=\"yoast-schema-graph\">{\"@context\":\"https:\/\/schema.org\",\"@graph\":[{\"@type\":\"WebPage\",\"@id\":\"https:\/\/tiandeproducts.co.uk\/lt\/stangrinamoji-emulsija-veido-ir-kaklo-odai-100g\/\",\"url\":\"https:\/\/tiandeproducts.co.uk\/lt\/stangrinamoji-emulsija-veido-ir-kaklo-odai-100g\/\",\"name\":\"Stangrinamoji emulsija veido ir kaklo odai, 100g. - TianDe Online Shop - Beauty &amp; Health\",\"isPartOf\":{\"@id\":\"https:\/\/tiandeproducts.co.uk\/#website\"},\"primaryImageOfPage\":{\"@id\":\"https:\/\/tiandeproducts.co.uk\/lt\/stangrinamoji-emulsija-veido-ir-kaklo-odai-100g\/#primaryimage\"},\"image\":{\"@id\":\"https:\/\/tiandeproducts.co.uk\/lt\/stangrinamoji-emulsija-veido-ir-kaklo-odai-100g\/#primaryimage\"},\"thumbnailUrl\":\"https:\/\/tiandeproducts.co.uk\/wp-content\/uploads\/2016\/04\/12705_new_1.png\",\"datePublished\":\"2016-04-03T13:22:08+00:00\",\"dateModified\":\"2019-10-17T11:58:25+00:00\",\"breadcrumb\":{\"@id\":\"https:\/\/tiandeproducts.co.uk\/lt\/stangrinamoji-emulsija-veido-ir-kaklo-odai-100g\/#breadcrumb\"},\"inLanguage\":\"lt-LT\",\"potentialAction\":[{\"@type\":\"ReadAction\",\"target\":[\"https:\/\/tiandeproducts.co.uk\/lt\/stangrinamoji-emulsija-veido-ir-kaklo-odai-100g\/\"]}]},{\"@type\":\"ImageObject\",\"inLanguage\":\"lt-LT\",\"@id\":\"https:\/\/tiandeproducts.co.uk\/lt\/stangrinamoji-emulsija-veido-ir-kaklo-odai-100g\/#primaryimage\",\"url\":\"https:\/\/tiandeproducts.co.uk\/wp-content\/uploads\/2016\/04\/12705_new_1.png\",\"contentUrl\":\"https:\/\/tiandeproducts.co.uk\/wp-content\/uploads\/2016\/04\/12705_new_1.png\",\"width\":700,\"height\":700,\"caption\":\"\\\"Collagen Active 35+\\\"Firming Face and Neck Emulsion,100g-0\"},{\"@type\":\"BreadcrumbList\",\"@id\":\"https:\/\/tiandeproducts.co.uk\/lt\/stangrinamoji-emulsija-veido-ir-kaklo-odai-100g\/#breadcrumb\",\"itemListElement\":[{\"@type\":\"ListItem\",\"position\":1,\"name\":\"Home\",\"item\":\"https:\/\/tiandeproducts.co.uk\/lt\/\"},{\"@type\":\"ListItem\",\"position\":2,\"name\":\"Shop\",\"item\":\"https:\/\/tiandeproducts.co.uk\/lt\/shop-2\/\"},{\"@type\":\"ListItem\",\"position\":3,\"name\":\"Stangrinamoji emulsija veido ir kaklo odai, 100g.\"}]},{\"@type\":\"WebSite\",\"@id\":\"https:\/\/tiandeproducts.co.uk\/#website\",\"url\":\"https:\/\/tiandeproducts.co.uk\/\",\"name\":\"TianDe Online Shop - Beauty & Health\",\"description\":\"Traditional Chinese Medicine\",\"potentialAction\":[{\"@type\":\"SearchAction\",\"target\":{\"@type\":\"EntryPoint\",\"urlTemplate\":\"https:\/\/tiandeproducts.co.uk\/?s={search_term_string}\"},\"query-input\":{\"@type\":\"PropertyValueSpecification\",\"valueRequired\":true,\"valueName\":\"search_term_string\"}}],\"inLanguage\":\"lt-LT\"}]}<\/script>\n<!-- \/ Yoast SEO plugin. -->","yoast_head_json":{"title":"Stangrinamoji emulsija veido ir kaklo odai, 100g. - TianDe Online Shop - Beauty &amp; Health","robots":{"index":"index","follow":"follow","max-snippet":"max-snippet:-1","max-image-preview":"max-image-preview:large","max-video-preview":"max-video-preview:-1"},"canonical":"https:\/\/tiandeproducts.co.uk\/lt\/stangrinamoji-emulsija-veido-ir-kaklo-odai-100g\/","og_locale":"lt_LT","og_type":"article","og_title":"Stangrinamoji emulsija veido ir kaklo odai, 100g. - TianDe Online Shop - Beauty &amp; Health","og_description":"Emulsija stangrina ir pastebimai patempia od\u0105, sugr\u0105\u017eina jai elastingum\u0105, pagerina tonus\u0105. Suglebusi veido, o ypa\u010d kaklo oda, akivaizd\u017eiai pager\u0117ja ir atjaun\u0117ja,\u00a0o\u00a0sud\u0117tyje esantys aktyv\u016bs komponentai\u00a0aktyviai stimuliuoja\u00a0dermos kolageno skaidul\u0173 atk\u016brim\u0105 ir lygina odos reljef\u0105. Sud\u0117tyje esantis vienas svarbiausi\u0173 komponent\u0173 &#8211; \u017eemos molekulin\u0117s strukt\u016bros hidrolizuotas kolagenas &#8211; efektyviai stabdo odos sen\u0117jimo proces\u0105 ir yra pagrindinis odos strukt\u016bros atk\u016brimo [...]","og_url":"https:\/\/tiandeproducts.co.uk\/lt\/stangrinamoji-emulsija-veido-ir-kaklo-odai-100g\/","og_site_name":"TianDe Online Shop - Beauty &amp; Health","article_publisher":"https:\/\/www.facebook.com\/tiande.products.england\/","article_modified_time":"2019-10-17T11:58:25+00:00","og_image":[{"width":700,"height":700,"url":"https:\/\/tiandeproducts.co.uk\/wp-content\/uploads\/2016\/04\/12705_new_1.png","type":"image\/png"}],"twitter_card":"summary_large_image","twitter_misc":{"Est. reading time":"2 minut\u0117s"},"schema":{"@context":"https:\/\/schema.org","@graph":[{"@type":"WebPage","@id":"https:\/\/tiandeproducts.co.uk\/lt\/stangrinamoji-emulsija-veido-ir-kaklo-odai-100g\/","url":"https:\/\/tiandeproducts.co.uk\/lt\/stangrinamoji-emulsija-veido-ir-kaklo-odai-100g\/","name":"Stangrinamoji emulsija veido ir kaklo odai, 100g. - TianDe Online Shop - Beauty &amp; Health","isPartOf":{"@id":"https:\/\/tiandeproducts.co.uk\/#website"},"primaryImageOfPage":{"@id":"https:\/\/tiandeproducts.co.uk\/lt\/stangrinamoji-emulsija-veido-ir-kaklo-odai-100g\/#primaryimage"},"image":{"@id":"https:\/\/tiandeproducts.co.uk\/lt\/stangrinamoji-emulsija-veido-ir-kaklo-odai-100g\/#primaryimage"},"thumbnailUrl":"https:\/\/tiandeproducts.co.uk\/wp-content\/uploads\/2016\/04\/12705_new_1.png","datePublished":"2016-04-03T13:22:08+00:00","dateModified":"2019-10-17T11:58:25+00:00","breadcrumb":{"@id":"https:\/\/tiandeproducts.co.uk\/lt\/stangrinamoji-emulsija-veido-ir-kaklo-odai-100g\/#breadcrumb"},"inLanguage":"lt-LT","potentialAction":[{"@type":"ReadAction","target":["https:\/\/tiandeproducts.co.uk\/lt\/stangrinamoji-emulsija-veido-ir-kaklo-odai-100g\/"]}]},{"@type":"ImageObject","inLanguage":"lt-LT","@id":"https:\/\/tiandeproducts.co.uk\/lt\/stangrinamoji-emulsija-veido-ir-kaklo-odai-100g\/#primaryimage","url":"https:\/\/tiandeproducts.co.uk\/wp-content\/uploads\/2016\/04\/12705_new_1.png","contentUrl":"https:\/\/tiandeproducts.co.uk\/wp-content\/uploads\/2016\/04\/12705_new_1.png","width":700,"height":700,"caption":"\"Collagen Active 35+\"Firming Face and Neck Emulsion,100g-0"},{"@type":"BreadcrumbList","@id":"https:\/\/tiandeproducts.co.uk\/lt\/stangrinamoji-emulsija-veido-ir-kaklo-odai-100g\/#breadcrumb","itemListElement":[{"@type":"ListItem","position":1,"name":"Home","item":"https:\/\/tiandeproducts.co.uk\/lt\/"},{"@type":"ListItem","position":2,"name":"Shop","item":"https:\/\/tiandeproducts.co.uk\/lt\/shop-2\/"},{"@type":"ListItem","position":3,"name":"Stangrinamoji emulsija veido ir kaklo odai, 100g."}]},{"@type":"WebSite","@id":"https:\/\/tiandeproducts.co.uk\/#website","url":"https:\/\/tiandeproducts.co.uk\/","name":"TianDe Online Shop - Beauty & Health","description":"Traditional Chinese Medicine","potentialAction":[{"@type":"SearchAction","target":{"@type":"EntryPoint","urlTemplate":"https:\/\/tiandeproducts.co.uk\/?s={search_term_string}"},"query-input":{"@type":"PropertyValueSpecification","valueRequired":true,"valueName":"search_term_string"}}],"inLanguage":"lt-LT"}]}},"_links":{"self":[{"href":"https:\/\/tiandeproducts.co.uk\/lt\/wp-json\/wp\/v2\/product\/3735","targetHints":{"allow":["GET"]}}],"collection":[{"href":"https:\/\/tiandeproducts.co.uk\/lt\/wp-json\/wp\/v2\/product"}],"about":[{"href":"https:\/\/tiandeproducts.co.uk\/lt\/wp-json\/wp\/v2\/types\/product"}],"replies":[{"embeddable":true,"href":"https:\/\/tiandeproducts.co.uk\/lt\/wp-json\/wp\/v2\/comments?post=3735"}],"wp:featuredmedia":[{"embeddable":true,"href":"https:\/\/tiandeproducts.co.uk\/lt\/wp-json\/wp\/v2\/media\/294"}],"wp:attachment":[{"href":"https:\/\/tiandeproducts.co.uk\/lt\/wp-json\/wp\/v2\/media?parent=3735"}],"wp:term":[{"taxonomy":"product_cat","embeddable":true,"href":"https:\/\/tiandeproducts.co.uk\/lt\/wp-json\/wp\/v2\/product_cat?post=3735"},{"taxonomy":"product_tag","embeddable":true,"href":"https:\/\/tiandeproducts.co.uk\/lt\/wp-json\/wp\/v2\/product_tag?post=3735"}],"curies":[{"name":"wp","href":"https:\/\/api.w.org\/{rel}","templated":true}]}}