{"id":3734,"date":"2016-04-03T13:43:27","date_gmt":"2016-04-03T12:43:27","guid":{"rendered":"https:\/\/tnd.ontesting.co.uk\/modeliuojamasis-gelis-veido-ovalui-150g\/"},"modified":"2021-10-28T10:38:42","modified_gmt":"2021-10-28T09:38:42","slug":"modeliuojamasis-gelis-veido-ovalui-150g","status":"publish","type":"product","link":"https:\/\/tiandeproducts.co.uk\/lt\/modeliuojamasis-gelis-veido-ovalui-150g\/","title":{"rendered":"Modeliuojamasis gelis veido ovalui, 150g."},"content":{"rendered":"<p>Modeliuojamasis gelis sustiprina odos strukt\u016br\u0105, intensyviai stangrina ir patempia od\u0105 (vyksta staigus liftingas), l\u0117tina sen\u0117jimo procesus, ma\u017eina rauk\u0161li\u0173 gyl\u012f ir koreguoja veido kont\u016br\u0105. Sud\u0117tyje esantys aktyv\u016bs komponentai akimirksniu gerina mikrocirkuliacija ir odos limfodrena\u017e\u0105,\u00a0aktyvuoja apykaitinius procesus, \u0161alina u\u017esilaikius\u012f skyst\u012f i\u0161 odos audini\u0173, \u0161alina toksinus, padeda odai \u201eapsivalyti\u201c, stimuliuoja kraujotak\u0105. \u0160i spec. veido prie\u017ei\u016bros priemon\u0117 rekomenduojama naudoti nuo 35 m. am\u017eiaus, turint suglebusi\u0105, paburkusi\u0105, dehidratuot\u0105, gyvybini\u0173 j\u0117g\u0173 stokojan\u010di\u0105 veido od\u0105.<\/p>\n<p>Sud\u0117tyje esantis vienas svarbiausi\u0173 komponent\u0173 &#8211; \u017eemos molekulin\u0117s strukt\u016bros hidrolizuotas kolagenas &#8211; efektyviai stabdo odos sen\u0117jimo proces\u0105 ir yra pagrindinis odos strukt\u016bros atk\u016brimo elementas. \u0160ios priemon\u0117s hidrolizuoto kolageno gamybai naudojama u\u017epatentuota membranin\u0117 technologija. Jos d\u0117ka, kolagenini\u0173 molekuli\u0173 grandin\u0117l\u0117s i\u0161siskirsto \u012f tokio ilgio fragmentus, kurie lengvai patenka \u012f odos gilumin\u012f sluoksn\u012f &#8211; derm\u0105. Tok\u012f kolagen\u0105 \u017emogaus oda sugeba \u012fsisavinti 100%. Tod\u0117l \u017eemos molekulin\u0117s strukt\u016bros fragmentai \u012fsijungia \u012f visus metabolinius odos procesus, d\u0117ka j\u0173, odos regeneracija vyksta efektyviai ir greitai.<\/p>\n<p><strong>Naudojimas:<\/strong><br \/>\nNedidel\u012f kiek\u012f gelio u\u017etepkite ant gerai nuvalytos (\u0161varios) ir patonizuotos veido ir kaklo odos (i\u0161skyrus paaki\u0173 srit\u012f) ir \u0161velniais sukamaisiais judesiais trumpai pamasa\u017euokite. Naudokite ryte ir\/arba vakare, kaip individuali\u0105 veido prie\u017ei\u016bros priemon\u0119 arba kaip kompleksin\u0119, su kitomis veido prie\u017ei\u016bros priemon\u0117mis.<br \/>\nMaksimalaus ir ilgalaikio efekto pasieksite naudodami vis\u0105 Collagen Active serij\u0105 2-3 m\u0117n. i\u0161 eil\u0117s.<\/p>\n<p><strong>Veikliosios med\u017eiagos:<\/strong><\/p>\n<p><strong>Kofeinas<\/strong>\u00a0spartina med\u017eiag\u0173 apykait\u0105, skatina kraujo mikrocirkuliacij\u0105 ir riebal\u0173 deginim\u0105 (kuo grei\u010diau vyksta kraujo cirkuliacija, tuo geresni ir greitesni organizmo procesai, kuri\u0173 metu ma\u017einamos poodin\u0117s riebal\u0173 sankaupos).<\/p>\n<p><strong>Hidrolizuot\u0105 kolagen\u0105<\/strong>\u00a0sudaro keletas aminor\u016bg\u0161\u010di\u0173: gliutaminin\u0117 r\u016bg\u0161tis, glicinas, licinas, metioninas ir kt. Hidroliz\u0117s b\u016bdu pagamintas kolagenas maitina ir jaunina od\u0105, padeda gydyti odos \u017eaizdeles ir defektus. Patek\u0119s ant odos, jos pavir\u0161iuje sukuria plon\u0105, orui pralaid\u017ei\u0105 pl\u0117vel\u0119, kuri kaupia dr\u0117gm\u0119. \u0160i audiniuose u\u017esilaikiusi dr\u0117gm\u0117, ardo baltymines odos strukt\u016bras ir skatina naujo kolageno sintez\u0119.<\/p>\n","protected":false},"excerpt":{"rendered":"<p>Modeliuojamasis gelis sustiprina odos strukt\u016br\u0105, intensyviai stangrina ir patempia od\u0105 (vyksta staigus liftingas), l\u0117tina sen\u0117jimo procesus, ma\u017eina rauk\u0161li\u0173 gyl\u012f ir koreguoja veido kont\u016br\u0105. Sud\u0117tyje esantys aktyv\u016bs komponentai akimirksniu gerina mikrocirkuliacija ir odos limfodrena\u017e\u0105,\u00a0aktyvuoja apykaitinius procesus, \u0161alina u\u017esilaikius\u012f skyst\u012f i\u0161 odos audini\u0173, \u0161alina toksinus, padeda odai \u201eapsivalyti\u201c, stimuliuoja kraujotak\u0105. \u0160i spec. veido prie\u017ei\u016bros priemon\u0117 rekomenduojama naudoti [&#8230;]\n","protected":false},"featured_media":284,"comment_status":"closed","ping_status":"closed","template":"","meta":[],"product_cat":[875,538,752,865,747],"product_tag":[],"class_list":{"0":"post-3734","1":"product","2":"type-product","3":"status-publish","4":"has-post-thumbnail","6":"product_cat-a-","7":"product_cat-collagen-active-ru","8":"product_cat-752","9":"product_cat-k-","10":"product_cat-747","12":"first","13":"instock","14":"shipping-taxable","15":"purchasable","16":"product-type-simple"},"yoast_head":"<!-- This site is optimized with the Yoast SEO plugin v23.6 - https:\/\/yoast.com\/wordpress\/plugins\/seo\/ -->\n<title>Modeliuojamasis gelis veido ovalui, 150g. - TianDe Online Shop - Beauty &amp; Health<\/title>\n<meta name=\"robots\" content=\"index, follow, max-snippet:-1, max-image-preview:large, max-video-preview:-1\" \/>\n<link rel=\"canonical\" href=\"https:\/\/tiandeproducts.co.uk\/lt\/modeliuojamasis-gelis-veido-ovalui-150g\/\" \/>\n<meta property=\"og:locale\" content=\"lt_LT\" \/>\n<meta property=\"og:type\" content=\"article\" \/>\n<meta property=\"og:title\" content=\"Modeliuojamasis gelis veido ovalui, 150g. - TianDe Online Shop - Beauty &amp; Health\" \/>\n<meta property=\"og:description\" content=\"Modeliuojamasis gelis sustiprina odos strukt\u016br\u0105, intensyviai stangrina ir patempia od\u0105 (vyksta staigus liftingas), l\u0117tina sen\u0117jimo procesus, ma\u017eina rauk\u0161li\u0173 gyl\u012f ir koreguoja veido kont\u016br\u0105. Sud\u0117tyje esantys aktyv\u016bs komponentai akimirksniu gerina mikrocirkuliacija ir odos limfodrena\u017e\u0105,\u00a0aktyvuoja apykaitinius procesus, \u0161alina u\u017esilaikius\u012f skyst\u012f i\u0161 odos audini\u0173, \u0161alina toksinus, padeda odai \u201eapsivalyti\u201c, stimuliuoja kraujotak\u0105. \u0160i spec. veido prie\u017ei\u016bros priemon\u0117 rekomenduojama naudoti [...]\" \/>\n<meta property=\"og:url\" content=\"https:\/\/tiandeproducts.co.uk\/lt\/modeliuojamasis-gelis-veido-ovalui-150g\/\" \/>\n<meta property=\"og:site_name\" content=\"TianDe Online Shop - Beauty &amp; Health\" \/>\n<meta property=\"article:publisher\" content=\"https:\/\/www.facebook.com\/tiande.products.england\/\" \/>\n<meta property=\"article:modified_time\" content=\"2021-10-28T09:38:42+00:00\" \/>\n<meta property=\"og:image\" content=\"https:\/\/tiandeproducts.co.uk\/wp-content\/uploads\/2016\/04\/12707_new.png\" \/>\n\t<meta property=\"og:image:width\" content=\"700\" \/>\n\t<meta property=\"og:image:height\" content=\"700\" \/>\n\t<meta property=\"og:image:type\" content=\"image\/png\" \/>\n<meta name=\"twitter:card\" content=\"summary_large_image\" \/>\n<meta name=\"twitter:label1\" content=\"Est. reading time\" \/>\n\t<meta name=\"twitter:data1\" content=\"2 minut\u0117s\" \/>\n<script type=\"application\/ld+json\" class=\"yoast-schema-graph\">{\"@context\":\"https:\/\/schema.org\",\"@graph\":[{\"@type\":\"WebPage\",\"@id\":\"https:\/\/tiandeproducts.co.uk\/lt\/modeliuojamasis-gelis-veido-ovalui-150g\/\",\"url\":\"https:\/\/tiandeproducts.co.uk\/lt\/modeliuojamasis-gelis-veido-ovalui-150g\/\",\"name\":\"Modeliuojamasis gelis veido ovalui, 150g. - TianDe Online Shop - Beauty &amp; Health\",\"isPartOf\":{\"@id\":\"https:\/\/tiandeproducts.co.uk\/#website\"},\"primaryImageOfPage\":{\"@id\":\"https:\/\/tiandeproducts.co.uk\/lt\/modeliuojamasis-gelis-veido-ovalui-150g\/#primaryimage\"},\"image\":{\"@id\":\"https:\/\/tiandeproducts.co.uk\/lt\/modeliuojamasis-gelis-veido-ovalui-150g\/#primaryimage\"},\"thumbnailUrl\":\"https:\/\/tiandeproducts.co.uk\/wp-content\/uploads\/2016\/04\/12707_new.png\",\"datePublished\":\"2016-04-03T12:43:27+00:00\",\"dateModified\":\"2021-10-28T09:38:42+00:00\",\"breadcrumb\":{\"@id\":\"https:\/\/tiandeproducts.co.uk\/lt\/modeliuojamasis-gelis-veido-ovalui-150g\/#breadcrumb\"},\"inLanguage\":\"lt-LT\",\"potentialAction\":[{\"@type\":\"ReadAction\",\"target\":[\"https:\/\/tiandeproducts.co.uk\/lt\/modeliuojamasis-gelis-veido-ovalui-150g\/\"]}]},{\"@type\":\"ImageObject\",\"inLanguage\":\"lt-LT\",\"@id\":\"https:\/\/tiandeproducts.co.uk\/lt\/modeliuojamasis-gelis-veido-ovalui-150g\/#primaryimage\",\"url\":\"https:\/\/tiandeproducts.co.uk\/wp-content\/uploads\/2016\/04\/12707_new.png\",\"contentUrl\":\"https:\/\/tiandeproducts.co.uk\/wp-content\/uploads\/2016\/04\/12707_new.png\",\"width\":700,\"height\":700,\"caption\":\"\\\"Collagen Active 35+\\\"Extra-Firming Face Contouring Gel,150g-0\"},{\"@type\":\"BreadcrumbList\",\"@id\":\"https:\/\/tiandeproducts.co.uk\/lt\/modeliuojamasis-gelis-veido-ovalui-150g\/#breadcrumb\",\"itemListElement\":[{\"@type\":\"ListItem\",\"position\":1,\"name\":\"Home\",\"item\":\"https:\/\/tiandeproducts.co.uk\/lt\/\"},{\"@type\":\"ListItem\",\"position\":2,\"name\":\"Shop\",\"item\":\"https:\/\/tiandeproducts.co.uk\/lt\/shop-2\/\"},{\"@type\":\"ListItem\",\"position\":3,\"name\":\"Modeliuojamasis gelis veido ovalui, 150g.\"}]},{\"@type\":\"WebSite\",\"@id\":\"https:\/\/tiandeproducts.co.uk\/#website\",\"url\":\"https:\/\/tiandeproducts.co.uk\/\",\"name\":\"TianDe Online Shop - Beauty & Health\",\"description\":\"Traditional Chinese Medicine\",\"potentialAction\":[{\"@type\":\"SearchAction\",\"target\":{\"@type\":\"EntryPoint\",\"urlTemplate\":\"https:\/\/tiandeproducts.co.uk\/?s={search_term_string}\"},\"query-input\":{\"@type\":\"PropertyValueSpecification\",\"valueRequired\":true,\"valueName\":\"search_term_string\"}}],\"inLanguage\":\"lt-LT\"}]}<\/script>\n<!-- \/ Yoast SEO plugin. -->","yoast_head_json":{"title":"Modeliuojamasis gelis veido ovalui, 150g. - TianDe Online Shop - Beauty &amp; Health","robots":{"index":"index","follow":"follow","max-snippet":"max-snippet:-1","max-image-preview":"max-image-preview:large","max-video-preview":"max-video-preview:-1"},"canonical":"https:\/\/tiandeproducts.co.uk\/lt\/modeliuojamasis-gelis-veido-ovalui-150g\/","og_locale":"lt_LT","og_type":"article","og_title":"Modeliuojamasis gelis veido ovalui, 150g. - TianDe Online Shop - Beauty &amp; Health","og_description":"Modeliuojamasis gelis sustiprina odos strukt\u016br\u0105, intensyviai stangrina ir patempia od\u0105 (vyksta staigus liftingas), l\u0117tina sen\u0117jimo procesus, ma\u017eina rauk\u0161li\u0173 gyl\u012f ir koreguoja veido kont\u016br\u0105. Sud\u0117tyje esantys aktyv\u016bs komponentai akimirksniu gerina mikrocirkuliacija ir odos limfodrena\u017e\u0105,\u00a0aktyvuoja apykaitinius procesus, \u0161alina u\u017esilaikius\u012f skyst\u012f i\u0161 odos audini\u0173, \u0161alina toksinus, padeda odai \u201eapsivalyti\u201c, stimuliuoja kraujotak\u0105. \u0160i spec. veido prie\u017ei\u016bros priemon\u0117 rekomenduojama naudoti [...]","og_url":"https:\/\/tiandeproducts.co.uk\/lt\/modeliuojamasis-gelis-veido-ovalui-150g\/","og_site_name":"TianDe Online Shop - Beauty &amp; Health","article_publisher":"https:\/\/www.facebook.com\/tiande.products.england\/","article_modified_time":"2021-10-28T09:38:42+00:00","og_image":[{"width":700,"height":700,"url":"https:\/\/tiandeproducts.co.uk\/wp-content\/uploads\/2016\/04\/12707_new.png","type":"image\/png"}],"twitter_card":"summary_large_image","twitter_misc":{"Est. reading time":"2 minut\u0117s"},"schema":{"@context":"https:\/\/schema.org","@graph":[{"@type":"WebPage","@id":"https:\/\/tiandeproducts.co.uk\/lt\/modeliuojamasis-gelis-veido-ovalui-150g\/","url":"https:\/\/tiandeproducts.co.uk\/lt\/modeliuojamasis-gelis-veido-ovalui-150g\/","name":"Modeliuojamasis gelis veido ovalui, 150g. - TianDe Online Shop - Beauty &amp; Health","isPartOf":{"@id":"https:\/\/tiandeproducts.co.uk\/#website"},"primaryImageOfPage":{"@id":"https:\/\/tiandeproducts.co.uk\/lt\/modeliuojamasis-gelis-veido-ovalui-150g\/#primaryimage"},"image":{"@id":"https:\/\/tiandeproducts.co.uk\/lt\/modeliuojamasis-gelis-veido-ovalui-150g\/#primaryimage"},"thumbnailUrl":"https:\/\/tiandeproducts.co.uk\/wp-content\/uploads\/2016\/04\/12707_new.png","datePublished":"2016-04-03T12:43:27+00:00","dateModified":"2021-10-28T09:38:42+00:00","breadcrumb":{"@id":"https:\/\/tiandeproducts.co.uk\/lt\/modeliuojamasis-gelis-veido-ovalui-150g\/#breadcrumb"},"inLanguage":"lt-LT","potentialAction":[{"@type":"ReadAction","target":["https:\/\/tiandeproducts.co.uk\/lt\/modeliuojamasis-gelis-veido-ovalui-150g\/"]}]},{"@type":"ImageObject","inLanguage":"lt-LT","@id":"https:\/\/tiandeproducts.co.uk\/lt\/modeliuojamasis-gelis-veido-ovalui-150g\/#primaryimage","url":"https:\/\/tiandeproducts.co.uk\/wp-content\/uploads\/2016\/04\/12707_new.png","contentUrl":"https:\/\/tiandeproducts.co.uk\/wp-content\/uploads\/2016\/04\/12707_new.png","width":700,"height":700,"caption":"\"Collagen Active 35+\"Extra-Firming Face Contouring Gel,150g-0"},{"@type":"BreadcrumbList","@id":"https:\/\/tiandeproducts.co.uk\/lt\/modeliuojamasis-gelis-veido-ovalui-150g\/#breadcrumb","itemListElement":[{"@type":"ListItem","position":1,"name":"Home","item":"https:\/\/tiandeproducts.co.uk\/lt\/"},{"@type":"ListItem","position":2,"name":"Shop","item":"https:\/\/tiandeproducts.co.uk\/lt\/shop-2\/"},{"@type":"ListItem","position":3,"name":"Modeliuojamasis gelis veido ovalui, 150g."}]},{"@type":"WebSite","@id":"https:\/\/tiandeproducts.co.uk\/#website","url":"https:\/\/tiandeproducts.co.uk\/","name":"TianDe Online Shop - Beauty & Health","description":"Traditional Chinese Medicine","potentialAction":[{"@type":"SearchAction","target":{"@type":"EntryPoint","urlTemplate":"https:\/\/tiandeproducts.co.uk\/?s={search_term_string}"},"query-input":{"@type":"PropertyValueSpecification","valueRequired":true,"valueName":"search_term_string"}}],"inLanguage":"lt-LT"}]}},"_links":{"self":[{"href":"https:\/\/tiandeproducts.co.uk\/lt\/wp-json\/wp\/v2\/product\/3734","targetHints":{"allow":["GET"]}}],"collection":[{"href":"https:\/\/tiandeproducts.co.uk\/lt\/wp-json\/wp\/v2\/product"}],"about":[{"href":"https:\/\/tiandeproducts.co.uk\/lt\/wp-json\/wp\/v2\/types\/product"}],"replies":[{"embeddable":true,"href":"https:\/\/tiandeproducts.co.uk\/lt\/wp-json\/wp\/v2\/comments?post=3734"}],"wp:featuredmedia":[{"embeddable":true,"href":"https:\/\/tiandeproducts.co.uk\/lt\/wp-json\/wp\/v2\/media\/284"}],"wp:attachment":[{"href":"https:\/\/tiandeproducts.co.uk\/lt\/wp-json\/wp\/v2\/media?parent=3734"}],"wp:term":[{"taxonomy":"product_cat","embeddable":true,"href":"https:\/\/tiandeproducts.co.uk\/lt\/wp-json\/wp\/v2\/product_cat?post=3734"},{"taxonomy":"product_tag","embeddable":true,"href":"https:\/\/tiandeproducts.co.uk\/lt\/wp-json\/wp\/v2\/product_tag?post=3734"}],"curies":[{"name":"wp","href":"https:\/\/api.w.org\/{rel}","templated":true}]}}