{"id":3733,"date":"2016-04-03T13:38:02","date_gmt":"2016-04-03T12:38:02","guid":{"rendered":"https:\/\/tnd.ontesting.co.uk\/liftingo-kremas-odai-aplink-akis-15g\/"},"modified":"2019-09-19T13:38:54","modified_gmt":"2019-09-19T12:38:54","slug":"liftingo-kremas-odai-aplink-akis-15g","status":"publish","type":"product","link":"https:\/\/tiandeproducts.co.uk\/lt\/liftingo-kremas-odai-aplink-akis-15g\/","title":{"rendered":"Liftingo kremas odai aplink akis, 15g."},"content":{"rendered":"<p>Liftingo kremas intensyviai maitina, giliai dr\u0117kina, atstato odos elastingum\u0105, jaunina ir apsaugo od\u0105 nuo prie\u0161laikinio sen\u0117jimo. Aktyv\u016bs ingredientai efektyviai ma\u017eina rauk\u0161les ir saugo nuo nauj\u0173 atsiradimo, ma\u017eina juodus ratilus aplink akis, paaki\u0173 paburkim\u0105, nuovarg\u012f, gerina paaki\u0173 odos tekst\u016br\u0105.<\/p>\n<p>Oda aplink akis ypa\u010d \u0161velni ir plona, tod\u0117l reikalauja ypatingo d\u0117mesio ir prie\u017ei\u016bros. Jos storis &#8211; 0,55 mm, kaip popieriaus lapas, ant kurio pirmiausia i\u0161ry\u0161k\u0117ja pirmosios rauk\u0161l\u0117s, o nuovargis palieka paburkimus ir juodus ratilus. Su inovatyvios sud\u0117ties koncentruotu\u00a0liftingo kremu odai aplink akis galima \u0161\u012f proces\u0105 sul\u0117tinti ir atgr\u0119\u017eti atgal. Aktyvi\u0173 atjauninan\u010di\u0173 ir dr\u0117kinan\u010di\u0173 komponent\u0173 derinys padovanos j\u016bs\u0173 \u017evilgsniui jaunyst\u0119 ir spindes\u012f.<\/p>\n<p>Sud\u0117tyje esantis vienas svarbiausi\u0173 komponent\u0173 &#8211; \u017eemos molekulin\u0117s strukt\u016bros hidrolizuotas kolagenas &#8211; efektyviai stabdo odos sen\u0117jimo proces\u0105 ir yra pagrindinis odos strukt\u016bros atk\u016brimo elementas. \u0160ios priemon\u0117s hidrolizuoto kolageno gamybai naudojama u\u017epatentuota membranin\u0117 technologija. Jos d\u0117ka, kolagenini\u0173 molekuli\u0173 grandin\u0117l\u0117s i\u0161siskirsto \u012f tokio ilgio fragmentus, kurie lengvai patenka \u012f odos gilumin\u012f sluoksn\u012f &#8211; derm\u0105. Tok\u012f kolagen\u0105 \u017emogaus oda sugeba \u012fsisavinti 100%. Tod\u0117l \u017eemos molekulin\u0117s strukt\u016bros fragmentai \u012fsijungia \u012f visus metabolinius odos procesus, d\u0117ka j\u0173, odos regeneracija vyksta efektyviai ir greitai.<\/p>\n<p><strong>Naudojimas:<\/strong><br \/>\nNedidel\u012f kiek\u012f kremo patap\u0161nokite (\u0161vari\u0105) od\u0105 aplink akis, nemasa\u017euokite. Geriausius rezultatus pasieksite naudodami ir ryte ir vakare.<\/p>\n<p><strong>Veikliosios med\u017eiagos:\u00a0<\/strong><\/p>\n<p><strong>Hialurono r\u016bg\u0161tis<\/strong>\u00a0suteikia liftingo efekt\u0105, didina odos elastingum\u0105, stangrina. Veiklioji med\u017eiaga ant odos pavir\u0161iaus sukuria orui pralaid\u0173 apsaugin\u012f sluoksn\u012f, tai apsaugo nuo dr\u0117gm\u0117s praradimo net gilesnius sluoksnius. Ji efektyviai pagreitina audini\u0173 l\u0105steli\u0173 atsinaujinimo procesus, gerina mikrocirkuliacij\u0105, skatina nauj\u0173 odos l\u0105steli\u0173 dauginim\u0105si, apsaugo nuo i\u0161orini\u0173 pa\u017eeidim\u0173 ir infekcij\u0173, sustiprina odos apsaugin\u012f sluoksn\u012f bei odos imunines savyb\u0117s. \u012edomu, kad hialurono r\u016bg\u0161ties molekul\u0117s gali pritraukti ir i\u0161laikyti net ~500 kart\u0173 u\u017e save didesn\u012f kiek\u012f vandens!<\/p>\n<p><strong>Hidrolizuot\u0105 kolagen\u0105<\/strong>\u00a0sudaro keletas aminor\u016bg\u0161\u010di\u0173: gliutaminin\u0117 r\u016bg\u0161tis, glicinas, licinas, metioninas ir kt. Hidroliz\u0117s b\u016bdu pagamintas kolagenas maitina ir jaunina od\u0105, padeda gydyti odos \u017eaizdeles ir defektus. Patek\u0119s ant odos, jos pavir\u0161iuje sukuria plon\u0105, orui pralaid\u017ei\u0105 pl\u0117vel\u0119, kuri kaupia dr\u0117gm\u0119. \u0160i audiniuose u\u017esilaikiusi dr\u0117gm\u0117, ardo baltymines odos strukt\u016bras ir skatina naujo kolageno sintez\u0119<\/p>\n<p><strong>Medaus ekstraktas<\/strong>\u00a0suteikia odai pilnavert\u012f maitinim\u0105, puikiai dr\u0117kina, sustiprina odos l\u0105steli\u0173 imunin\u0119 sistem\u0105.<\/p>\n<p><strong>Glikoproteinai<\/strong>\u00a0&#8211; baltym\u0173 molekul\u0117s, susijungusios su viena ar daugiau oligosacharid\u0173 molekuli\u0173. Kartu su kolagenu ir elastinu sudaro tarpl\u0105stelin\u0119 matric\u0105 ir yra labai svarb\u016bs dermos komponentai. Glikoproteinai lygina rauk\u0161les, ypatingai didel\u0119 reik\u0161m\u0119 turi odos stangrumui ir elastingumui.<\/p>\n","protected":false},"excerpt":{"rendered":"<p>Liftingo kremas intensyviai maitina, giliai dr\u0117kina, atstato odos elastingum\u0105, jaunina ir apsaugo od\u0105 nuo prie\u0161laikinio sen\u0117jimo. Aktyv\u016bs ingredientai efektyviai ma\u017eina rauk\u0161les ir saugo nuo nauj\u0173 atsiradimo, ma\u017eina juodus ratilus aplink akis, paaki\u0173 paburkim\u0105, nuovarg\u012f, gerina paaki\u0173 odos tekst\u016br\u0105. Oda aplink akis ypa\u010d \u0161velni ir plona, tod\u0117l reikalauja ypatingo d\u0117mesio ir prie\u017ei\u016bros. Jos storis &#8211; 0,55 [&#8230;]\n","protected":false},"featured_media":279,"comment_status":"closed","ping_status":"closed","template":"","meta":[],"product_cat":[536,560,559,506],"product_tag":[],"class_list":{"0":"post-3733","1":"product","2":"type-product","3":"status-publish","4":"has-post-thumbnail","6":"product_cat-collagen-active-lt","7":"product_cat-paakiu-kremaiserumai","8":"product_cat-paakiu-odos-prieziura","9":"product_cat-veidui","11":"first","12":"instock","13":"shipping-taxable","14":"purchasable","15":"product-type-simple"},"yoast_head":"<!-- This site is optimized with the Yoast SEO plugin v23.6 - https:\/\/yoast.com\/wordpress\/plugins\/seo\/ -->\n<title>Liftingo kremas odai aplink akis, 15g. - TianDe Online Shop - Beauty &amp; Health<\/title>\n<meta name=\"robots\" content=\"index, follow, max-snippet:-1, max-image-preview:large, max-video-preview:-1\" \/>\n<link rel=\"canonical\" href=\"https:\/\/tiandeproducts.co.uk\/lt\/liftingo-kremas-odai-aplink-akis-15g\/\" \/>\n<meta property=\"og:locale\" content=\"lt_LT\" \/>\n<meta property=\"og:type\" content=\"article\" \/>\n<meta property=\"og:title\" content=\"Liftingo kremas odai aplink akis, 15g. - TianDe Online Shop - Beauty &amp; Health\" \/>\n<meta property=\"og:description\" content=\"Liftingo kremas intensyviai maitina, giliai dr\u0117kina, atstato odos elastingum\u0105, jaunina ir apsaugo od\u0105 nuo prie\u0161laikinio sen\u0117jimo. Aktyv\u016bs ingredientai efektyviai ma\u017eina rauk\u0161les ir saugo nuo nauj\u0173 atsiradimo, ma\u017eina juodus ratilus aplink akis, paaki\u0173 paburkim\u0105, nuovarg\u012f, gerina paaki\u0173 odos tekst\u016br\u0105. Oda aplink akis ypa\u010d \u0161velni ir plona, tod\u0117l reikalauja ypatingo d\u0117mesio ir prie\u017ei\u016bros. Jos storis &#8211; 0,55 [...]\" \/>\n<meta property=\"og:url\" content=\"https:\/\/tiandeproducts.co.uk\/lt\/liftingo-kremas-odai-aplink-akis-15g\/\" \/>\n<meta property=\"og:site_name\" content=\"TianDe Online Shop - Beauty &amp; Health\" \/>\n<meta property=\"article:publisher\" content=\"https:\/\/www.facebook.com\/tiande.products.england\/\" \/>\n<meta property=\"article:modified_time\" content=\"2019-09-19T12:38:54+00:00\" \/>\n<meta property=\"og:image\" content=\"https:\/\/tiandeproducts.co.uk\/wp-content\/uploads\/2016\/04\/12704_new.png\" \/>\n\t<meta property=\"og:image:width\" content=\"700\" \/>\n\t<meta property=\"og:image:height\" content=\"700\" \/>\n\t<meta property=\"og:image:type\" content=\"image\/png\" \/>\n<meta name=\"twitter:card\" content=\"summary_large_image\" \/>\n<meta name=\"twitter:label1\" content=\"Est. reading time\" \/>\n\t<meta name=\"twitter:data1\" content=\"2 minut\u0117s\" \/>\n<script type=\"application\/ld+json\" class=\"yoast-schema-graph\">{\"@context\":\"https:\/\/schema.org\",\"@graph\":[{\"@type\":\"WebPage\",\"@id\":\"https:\/\/tiandeproducts.co.uk\/lt\/liftingo-kremas-odai-aplink-akis-15g\/\",\"url\":\"https:\/\/tiandeproducts.co.uk\/lt\/liftingo-kremas-odai-aplink-akis-15g\/\",\"name\":\"Liftingo kremas odai aplink akis, 15g. - TianDe Online Shop - Beauty &amp; Health\",\"isPartOf\":{\"@id\":\"https:\/\/tiandeproducts.co.uk\/#website\"},\"primaryImageOfPage\":{\"@id\":\"https:\/\/tiandeproducts.co.uk\/lt\/liftingo-kremas-odai-aplink-akis-15g\/#primaryimage\"},\"image\":{\"@id\":\"https:\/\/tiandeproducts.co.uk\/lt\/liftingo-kremas-odai-aplink-akis-15g\/#primaryimage\"},\"thumbnailUrl\":\"https:\/\/tiandeproducts.co.uk\/wp-content\/uploads\/2016\/04\/12704_new.png\",\"datePublished\":\"2016-04-03T12:38:02+00:00\",\"dateModified\":\"2019-09-19T12:38:54+00:00\",\"breadcrumb\":{\"@id\":\"https:\/\/tiandeproducts.co.uk\/lt\/liftingo-kremas-odai-aplink-akis-15g\/#breadcrumb\"},\"inLanguage\":\"lt-LT\",\"potentialAction\":[{\"@type\":\"ReadAction\",\"target\":[\"https:\/\/tiandeproducts.co.uk\/lt\/liftingo-kremas-odai-aplink-akis-15g\/\"]}]},{\"@type\":\"ImageObject\",\"inLanguage\":\"lt-LT\",\"@id\":\"https:\/\/tiandeproducts.co.uk\/lt\/liftingo-kremas-odai-aplink-akis-15g\/#primaryimage\",\"url\":\"https:\/\/tiandeproducts.co.uk\/wp-content\/uploads\/2016\/04\/12704_new.png\",\"contentUrl\":\"https:\/\/tiandeproducts.co.uk\/wp-content\/uploads\/2016\/04\/12704_new.png\",\"width\":700,\"height\":700,\"caption\":\"\\\"Collagen Active 35+\\\" Lifting Eye Contour Cream,15g-0\"},{\"@type\":\"BreadcrumbList\",\"@id\":\"https:\/\/tiandeproducts.co.uk\/lt\/liftingo-kremas-odai-aplink-akis-15g\/#breadcrumb\",\"itemListElement\":[{\"@type\":\"ListItem\",\"position\":1,\"name\":\"Home\",\"item\":\"https:\/\/tiandeproducts.co.uk\/lt\/\"},{\"@type\":\"ListItem\",\"position\":2,\"name\":\"Shop\",\"item\":\"https:\/\/tiandeproducts.co.uk\/lt\/shop-2\/\"},{\"@type\":\"ListItem\",\"position\":3,\"name\":\"Liftingo kremas odai aplink akis, 15g.\"}]},{\"@type\":\"WebSite\",\"@id\":\"https:\/\/tiandeproducts.co.uk\/#website\",\"url\":\"https:\/\/tiandeproducts.co.uk\/\",\"name\":\"TianDe Online Shop - Beauty & Health\",\"description\":\"Traditional Chinese Medicine\",\"potentialAction\":[{\"@type\":\"SearchAction\",\"target\":{\"@type\":\"EntryPoint\",\"urlTemplate\":\"https:\/\/tiandeproducts.co.uk\/?s={search_term_string}\"},\"query-input\":{\"@type\":\"PropertyValueSpecification\",\"valueRequired\":true,\"valueName\":\"search_term_string\"}}],\"inLanguage\":\"lt-LT\"}]}<\/script>\n<!-- \/ Yoast SEO plugin. -->","yoast_head_json":{"title":"Liftingo kremas odai aplink akis, 15g. - TianDe Online Shop - Beauty &amp; Health","robots":{"index":"index","follow":"follow","max-snippet":"max-snippet:-1","max-image-preview":"max-image-preview:large","max-video-preview":"max-video-preview:-1"},"canonical":"https:\/\/tiandeproducts.co.uk\/lt\/liftingo-kremas-odai-aplink-akis-15g\/","og_locale":"lt_LT","og_type":"article","og_title":"Liftingo kremas odai aplink akis, 15g. - TianDe Online Shop - Beauty &amp; Health","og_description":"Liftingo kremas intensyviai maitina, giliai dr\u0117kina, atstato odos elastingum\u0105, jaunina ir apsaugo od\u0105 nuo prie\u0161laikinio sen\u0117jimo. Aktyv\u016bs ingredientai efektyviai ma\u017eina rauk\u0161les ir saugo nuo nauj\u0173 atsiradimo, ma\u017eina juodus ratilus aplink akis, paaki\u0173 paburkim\u0105, nuovarg\u012f, gerina paaki\u0173 odos tekst\u016br\u0105. Oda aplink akis ypa\u010d \u0161velni ir plona, tod\u0117l reikalauja ypatingo d\u0117mesio ir prie\u017ei\u016bros. Jos storis &#8211; 0,55 [...]","og_url":"https:\/\/tiandeproducts.co.uk\/lt\/liftingo-kremas-odai-aplink-akis-15g\/","og_site_name":"TianDe Online Shop - Beauty &amp; Health","article_publisher":"https:\/\/www.facebook.com\/tiande.products.england\/","article_modified_time":"2019-09-19T12:38:54+00:00","og_image":[{"width":700,"height":700,"url":"https:\/\/tiandeproducts.co.uk\/wp-content\/uploads\/2016\/04\/12704_new.png","type":"image\/png"}],"twitter_card":"summary_large_image","twitter_misc":{"Est. reading time":"2 minut\u0117s"},"schema":{"@context":"https:\/\/schema.org","@graph":[{"@type":"WebPage","@id":"https:\/\/tiandeproducts.co.uk\/lt\/liftingo-kremas-odai-aplink-akis-15g\/","url":"https:\/\/tiandeproducts.co.uk\/lt\/liftingo-kremas-odai-aplink-akis-15g\/","name":"Liftingo kremas odai aplink akis, 15g. - TianDe Online Shop - Beauty &amp; Health","isPartOf":{"@id":"https:\/\/tiandeproducts.co.uk\/#website"},"primaryImageOfPage":{"@id":"https:\/\/tiandeproducts.co.uk\/lt\/liftingo-kremas-odai-aplink-akis-15g\/#primaryimage"},"image":{"@id":"https:\/\/tiandeproducts.co.uk\/lt\/liftingo-kremas-odai-aplink-akis-15g\/#primaryimage"},"thumbnailUrl":"https:\/\/tiandeproducts.co.uk\/wp-content\/uploads\/2016\/04\/12704_new.png","datePublished":"2016-04-03T12:38:02+00:00","dateModified":"2019-09-19T12:38:54+00:00","breadcrumb":{"@id":"https:\/\/tiandeproducts.co.uk\/lt\/liftingo-kremas-odai-aplink-akis-15g\/#breadcrumb"},"inLanguage":"lt-LT","potentialAction":[{"@type":"ReadAction","target":["https:\/\/tiandeproducts.co.uk\/lt\/liftingo-kremas-odai-aplink-akis-15g\/"]}]},{"@type":"ImageObject","inLanguage":"lt-LT","@id":"https:\/\/tiandeproducts.co.uk\/lt\/liftingo-kremas-odai-aplink-akis-15g\/#primaryimage","url":"https:\/\/tiandeproducts.co.uk\/wp-content\/uploads\/2016\/04\/12704_new.png","contentUrl":"https:\/\/tiandeproducts.co.uk\/wp-content\/uploads\/2016\/04\/12704_new.png","width":700,"height":700,"caption":"\"Collagen Active 35+\" Lifting Eye Contour Cream,15g-0"},{"@type":"BreadcrumbList","@id":"https:\/\/tiandeproducts.co.uk\/lt\/liftingo-kremas-odai-aplink-akis-15g\/#breadcrumb","itemListElement":[{"@type":"ListItem","position":1,"name":"Home","item":"https:\/\/tiandeproducts.co.uk\/lt\/"},{"@type":"ListItem","position":2,"name":"Shop","item":"https:\/\/tiandeproducts.co.uk\/lt\/shop-2\/"},{"@type":"ListItem","position":3,"name":"Liftingo kremas odai aplink akis, 15g."}]},{"@type":"WebSite","@id":"https:\/\/tiandeproducts.co.uk\/#website","url":"https:\/\/tiandeproducts.co.uk\/","name":"TianDe Online Shop - Beauty & Health","description":"Traditional Chinese Medicine","potentialAction":[{"@type":"SearchAction","target":{"@type":"EntryPoint","urlTemplate":"https:\/\/tiandeproducts.co.uk\/?s={search_term_string}"},"query-input":{"@type":"PropertyValueSpecification","valueRequired":true,"valueName":"search_term_string"}}],"inLanguage":"lt-LT"}]}},"_links":{"self":[{"href":"https:\/\/tiandeproducts.co.uk\/lt\/wp-json\/wp\/v2\/product\/3733","targetHints":{"allow":["GET"]}}],"collection":[{"href":"https:\/\/tiandeproducts.co.uk\/lt\/wp-json\/wp\/v2\/product"}],"about":[{"href":"https:\/\/tiandeproducts.co.uk\/lt\/wp-json\/wp\/v2\/types\/product"}],"replies":[{"embeddable":true,"href":"https:\/\/tiandeproducts.co.uk\/lt\/wp-json\/wp\/v2\/comments?post=3733"}],"wp:featuredmedia":[{"embeddable":true,"href":"https:\/\/tiandeproducts.co.uk\/lt\/wp-json\/wp\/v2\/media\/279"}],"wp:attachment":[{"href":"https:\/\/tiandeproducts.co.uk\/lt\/wp-json\/wp\/v2\/media?parent=3733"}],"wp:term":[{"taxonomy":"product_cat","embeddable":true,"href":"https:\/\/tiandeproducts.co.uk\/lt\/wp-json\/wp\/v2\/product_cat?post=3733"},{"taxonomy":"product_tag","embeddable":true,"href":"https:\/\/tiandeproducts.co.uk\/lt\/wp-json\/wp\/v2\/product_tag?post=3733"}],"curies":[{"name":"wp","href":"https:\/\/api.w.org\/{rel}","templated":true}]}}