{"id":3732,"date":"2016-04-03T13:21:47","date_gmt":"2016-04-03T12:21:47","guid":{"rendered":"https:\/\/tnd.ontesting.co.uk\/kristaline-kolageno-kauke-paakiu-ir-voku-odai-5g\/"},"modified":"2020-03-01T15:08:57","modified_gmt":"2020-03-01T15:08:57","slug":"kristaline-kolageno-kauke-paakiu-ir-voku-odai-5g","status":"publish","type":"product","link":"https:\/\/tiandeproducts.co.uk\/lt\/kristaline-kolageno-kauke-paakiu-ir-voku-odai-5g\/","title":{"rendered":"Kristalin\u0117 kolageno kauk\u0117 paaki\u0173 ir vok\u0173 odai, 5g."},"content":{"rendered":"<p>Daugkartin\u0117 kristalin\u0117 kolageno kauk\u0117 akimirksniu atstato nuovargio ir dehidratacijos nualint\u0105 paaki\u0173 od\u0105 (po\u017eymiai i\u0161nyksta po 1-2 proced\u016br\u0173), intensyviai dr\u0117kina, prisotina, suteikia greit\u0105 liftingo efekt\u0105. Priemon\u0117 efektyviai saugo od\u0105 nuo dr\u0117gm\u0117s praradimo, lygina smulkias paaki\u0173 rauk\u0161leles, pagreitina odos regeneracinius procesus, suaktyvina odos l\u0105steli\u0173 metabolizm\u0105. Rezultatas kauk\u0119 panaudojus 5-10 dien\u0173 &#8211; akivaizd\u017eiai atjaun\u0117jusi, patempta, stangresn\u0117 ir elastingesn\u0117 oda, i\u0161nyk\u0119 nuovargio p\u0117dsakai.<\/p>\n<p>Sud\u0117tyje esantis vienas svarbiausi\u0173 komponent\u0173 &#8211; \u017eemos molekulin\u0117s strukt\u016bros hidrolizuotas kolagenas &#8211; efektyviai stabdo odos sen\u0117jimo proces\u0105 ir yra pagrindinis odos strukt\u016bros atk\u016brimo elementas. \u0160ios priemon\u0117s hidrolizuoto kolageno gamybai naudojama u\u017epatentuota membranin\u0117 technologija. Jos d\u0117ka, kolagenini\u0173 molekuli\u0173 grandin\u0117l\u0117s i\u0161siskirsto \u012f tokio ilgio fragmentus, kurie lengvai patenka \u012f odos gilumin\u012f sluoksn\u012f &#8211; derm\u0105. Tok\u012f kolagen\u0105 \u017emogaus oda sugeba \u012fsisavinti 100%. Tod\u0117l \u017eemos molekulin\u0117s strukt\u016bros fragmentai \u012fsijungia \u012f visus metabolinius odos procesus, d\u0117ka j\u0173, odos regeneracija vyksta efektyviai ir greitai.<br \/>\nKauk\u0117 labai gerai priglunda ir net prilimpa prie odos sudarydama termo efekt\u0105 ir garantuot\u0105 maitinam\u0173j\u0173 med\u017eiag\u0173 pasisavinim\u0105 (kas s\u0105lygoja greit\u0105 efekt\u0105). Priemon\u0117 tinka ir paaki\u0173 ir vok\u0173 odai.<\/p>\n<p><strong>Naudojimas:<\/strong><br \/>\nAnt \u0161varios ir sausos paaki\u0173 odos u\u017ed\u0117kite kauk\u0119 ir laikykite 15-20 min. Po to nuimkite, odos nuplauti nereikia. Pa\u010dios kaukyt\u0117s dalis nuplaukite po tekan\u010diu vandeniu ir \u012fd\u0117kite atgal \u012f pakuot\u0119. T\u0105 pa\u010di\u0105 kauk\u0119 galite naudoti kelis kartus. Laikykite v\u0117sioje vietoje. Jei kauk\u0119 naudosite kas antr\u0105 dien\u0105, tai pakelio u\u017eteks ~1 savaitei (naudojant t\u0105 pa\u010di\u0105 pakuot\u0119 kelis kartus). Jei kauk\u0119 nor\u0117site panaudoti tik 1 kart\u0105, tuomet j\u0105 rekomenduojama laikyti 15-20 min., o proced\u016br\u0105 kartoti tik 2 kartus per savait\u0119 (2 pakuot\u0117s).<\/p>\n<p><strong>Veikliosios med\u017eiagos:<\/strong><\/p>\n<p><strong>Vitaminas E<\/strong>\u00a0&#8211; stiprus antioksidantas, imunomoduliatorius, atsakingas u\u017e odos elastingum\u0105. Jis saugo nuo rauk\u0161li\u0173 atsiradimo, neigiamo ultravioletini\u0173 spinduli\u0173 poveikio, skatina l\u0105steli\u0173 regeneracij\u0105, apr\u016bpina jas deguonimi.<\/p>\n<p><strong>Hidrolizuot\u0105 kolagen\u0105<\/strong>\u00a0sudaro keletas aminor\u016bg\u0161\u010di\u0173: gliutaminin\u0117 r\u016bg\u0161tis, glicinas, licinas, metioninas ir kt. Hidroliz\u0117s b\u016bdu pagamintas kolagenas maitina ir jaunina od\u0105, padeda gydyti odos \u017eaizdeles ir defektus. Patek\u0119s ant odos, jos pavir\u0161iuje sukuria plon\u0105, orui pralaid\u017ei\u0105 pl\u0117vel\u0119, kuri kaupia dr\u0117gm\u0119. \u0160i audiniuose u\u017esilaikiusi dr\u0117gm\u0117, ardo baltymines odos strukt\u016bras ir skatina naujo kolageno sintez\u0119.<\/p>\n<p><strong>Kolagenas<\/strong>\u00a0gerina odos elastingum\u0105, lygina rauk\u0161leles, dr\u0117kina ir palaiko optimal\u0173 dr\u0117gm\u0117s kiek\u012f odoje, daro j\u0105 \u0161velni\u0105 ir lygi\u0105.<\/p>\n<p><strong>Vitaminas B5<\/strong>\u00a0tonizuoja od\u0105, apsaugo nuo u\u017edegim\u0173, dr\u0117kina, suteikia odai mink\u0161tumo ir stangrumo. Aktyviosios med\u017eiagos regeneruoja pa\u017eeist\u0105 epidermin\u012f odos sluoksn\u012f ir apsaugo od\u0105 nuo pleiskanojimo, taip pat ramina, ypa\u010d kai oda yra pa\u017eeista alergini\u0173 faktori\u0173.<\/p>\n","protected":false},"excerpt":{"rendered":"<p>Daugkartin\u0117 kristalin\u0117 kolageno kauk\u0117 akimirksniu atstato nuovargio ir dehidratacijos nualint\u0105 paaki\u0173 od\u0105 (po\u017eymiai i\u0161nyksta po 1-2 proced\u016br\u0173), intensyviai dr\u0117kina, prisotina, suteikia greit\u0105 liftingo efekt\u0105. Priemon\u0117 efektyviai saugo od\u0105 nuo dr\u0117gm\u0117s praradimo, lygina smulkias paaki\u0173 rauk\u0161leles, pagreitina odos regeneracinius procesus, suaktyvina odos l\u0105steli\u0173 metabolizm\u0105. Rezultatas kauk\u0119 panaudojus 5-10 dien\u0173 &#8211; akivaizd\u017eiai atjaun\u0117jusi, patempta, stangresn\u0117 ir elastingesn\u0117 [&#8230;]\n","protected":false},"featured_media":274,"comment_status":"closed","ping_status":"closed","template":"","meta":[],"product_cat":[536,560,559,506],"product_tag":[],"class_list":{"0":"post-3732","1":"product","2":"type-product","3":"status-publish","4":"has-post-thumbnail","6":"product_cat-collagen-active-lt","7":"product_cat-paakiu-kremaiserumai","8":"product_cat-paakiu-odos-prieziura","9":"product_cat-veidui","11":"first","12":"instock","13":"shipping-taxable","14":"purchasable","15":"product-type-simple"},"yoast_head":"<!-- This site is optimized with the Yoast SEO plugin v23.6 - https:\/\/yoast.com\/wordpress\/plugins\/seo\/ -->\n<title>Kristalin\u0117 kolageno kauk\u0117 paaki\u0173 ir vok\u0173 odai, 5g. - TianDe Online Shop - Beauty &amp; Health<\/title>\n<meta name=\"robots\" content=\"index, follow, max-snippet:-1, max-image-preview:large, max-video-preview:-1\" \/>\n<link rel=\"canonical\" href=\"https:\/\/tiandeproducts.co.uk\/lt\/kristaline-kolageno-kauke-paakiu-ir-voku-odai-5g\/\" \/>\n<meta property=\"og:locale\" content=\"lt_LT\" \/>\n<meta property=\"og:type\" content=\"article\" \/>\n<meta property=\"og:title\" content=\"Kristalin\u0117 kolageno kauk\u0117 paaki\u0173 ir vok\u0173 odai, 5g. - TianDe Online Shop - Beauty &amp; Health\" \/>\n<meta property=\"og:description\" content=\"Daugkartin\u0117 kristalin\u0117 kolageno kauk\u0117 akimirksniu atstato nuovargio ir dehidratacijos nualint\u0105 paaki\u0173 od\u0105 (po\u017eymiai i\u0161nyksta po 1-2 proced\u016br\u0173), intensyviai dr\u0117kina, prisotina, suteikia greit\u0105 liftingo efekt\u0105. Priemon\u0117 efektyviai saugo od\u0105 nuo dr\u0117gm\u0117s praradimo, lygina smulkias paaki\u0173 rauk\u0161leles, pagreitina odos regeneracinius procesus, suaktyvina odos l\u0105steli\u0173 metabolizm\u0105. Rezultatas kauk\u0119 panaudojus 5-10 dien\u0173 &#8211; akivaizd\u017eiai atjaun\u0117jusi, patempta, stangresn\u0117 ir elastingesn\u0117 [...]\" \/>\n<meta property=\"og:url\" content=\"https:\/\/tiandeproducts.co.uk\/lt\/kristaline-kolageno-kauke-paakiu-ir-voku-odai-5g\/\" \/>\n<meta property=\"og:site_name\" content=\"TianDe Online Shop - Beauty &amp; Health\" \/>\n<meta property=\"article:publisher\" content=\"https:\/\/www.facebook.com\/tiande.products.england\/\" \/>\n<meta property=\"article:modified_time\" content=\"2020-03-01T15:08:57+00:00\" \/>\n<meta property=\"og:image\" content=\"https:\/\/tiandeproducts.co.uk\/wp-content\/uploads\/2016\/04\/12710.png\" \/>\n\t<meta property=\"og:image:width\" content=\"700\" \/>\n\t<meta property=\"og:image:height\" content=\"700\" \/>\n\t<meta property=\"og:image:type\" content=\"image\/png\" \/>\n<meta name=\"twitter:card\" content=\"summary_large_image\" \/>\n<meta name=\"twitter:label1\" content=\"Est. reading time\" \/>\n\t<meta name=\"twitter:data1\" content=\"2 minut\u0117s\" \/>\n<script type=\"application\/ld+json\" class=\"yoast-schema-graph\">{\"@context\":\"https:\/\/schema.org\",\"@graph\":[{\"@type\":\"WebPage\",\"@id\":\"https:\/\/tiandeproducts.co.uk\/lt\/kristaline-kolageno-kauke-paakiu-ir-voku-odai-5g\/\",\"url\":\"https:\/\/tiandeproducts.co.uk\/lt\/kristaline-kolageno-kauke-paakiu-ir-voku-odai-5g\/\",\"name\":\"Kristalin\u0117 kolageno kauk\u0117 paaki\u0173 ir vok\u0173 odai, 5g. - TianDe Online Shop - Beauty &amp; Health\",\"isPartOf\":{\"@id\":\"https:\/\/tiandeproducts.co.uk\/#website\"},\"primaryImageOfPage\":{\"@id\":\"https:\/\/tiandeproducts.co.uk\/lt\/kristaline-kolageno-kauke-paakiu-ir-voku-odai-5g\/#primaryimage\"},\"image\":{\"@id\":\"https:\/\/tiandeproducts.co.uk\/lt\/kristaline-kolageno-kauke-paakiu-ir-voku-odai-5g\/#primaryimage\"},\"thumbnailUrl\":\"https:\/\/tiandeproducts.co.uk\/wp-content\/uploads\/2016\/04\/12710.png\",\"datePublished\":\"2016-04-03T12:21:47+00:00\",\"dateModified\":\"2020-03-01T15:08:57+00:00\",\"breadcrumb\":{\"@id\":\"https:\/\/tiandeproducts.co.uk\/lt\/kristaline-kolageno-kauke-paakiu-ir-voku-odai-5g\/#breadcrumb\"},\"inLanguage\":\"lt-LT\",\"potentialAction\":[{\"@type\":\"ReadAction\",\"target\":[\"https:\/\/tiandeproducts.co.uk\/lt\/kristaline-kolageno-kauke-paakiu-ir-voku-odai-5g\/\"]}]},{\"@type\":\"ImageObject\",\"inLanguage\":\"lt-LT\",\"@id\":\"https:\/\/tiandeproducts.co.uk\/lt\/kristaline-kolageno-kauke-paakiu-ir-voku-odai-5g\/#primaryimage\",\"url\":\"https:\/\/tiandeproducts.co.uk\/wp-content\/uploads\/2016\/04\/12710.png\",\"contentUrl\":\"https:\/\/tiandeproducts.co.uk\/wp-content\/uploads\/2016\/04\/12710.png\",\"width\":700,\"height\":700,\"caption\":\"\\\"Collagen Active 35+\\\"Crystal Collagen Eyelid Mask,1pc-0\"},{\"@type\":\"BreadcrumbList\",\"@id\":\"https:\/\/tiandeproducts.co.uk\/lt\/kristaline-kolageno-kauke-paakiu-ir-voku-odai-5g\/#breadcrumb\",\"itemListElement\":[{\"@type\":\"ListItem\",\"position\":1,\"name\":\"Home\",\"item\":\"https:\/\/tiandeproducts.co.uk\/lt\/\"},{\"@type\":\"ListItem\",\"position\":2,\"name\":\"Shop\",\"item\":\"https:\/\/tiandeproducts.co.uk\/lt\/shop-2\/\"},{\"@type\":\"ListItem\",\"position\":3,\"name\":\"Kristalin\u0117 kolageno kauk\u0117 paaki\u0173 ir vok\u0173 odai, 5g.\"}]},{\"@type\":\"WebSite\",\"@id\":\"https:\/\/tiandeproducts.co.uk\/#website\",\"url\":\"https:\/\/tiandeproducts.co.uk\/\",\"name\":\"TianDe Online Shop - Beauty & Health\",\"description\":\"Traditional Chinese Medicine\",\"potentialAction\":[{\"@type\":\"SearchAction\",\"target\":{\"@type\":\"EntryPoint\",\"urlTemplate\":\"https:\/\/tiandeproducts.co.uk\/?s={search_term_string}\"},\"query-input\":{\"@type\":\"PropertyValueSpecification\",\"valueRequired\":true,\"valueName\":\"search_term_string\"}}],\"inLanguage\":\"lt-LT\"}]}<\/script>\n<!-- \/ Yoast SEO plugin. -->","yoast_head_json":{"title":"Kristalin\u0117 kolageno kauk\u0117 paaki\u0173 ir vok\u0173 odai, 5g. - TianDe Online Shop - Beauty &amp; Health","robots":{"index":"index","follow":"follow","max-snippet":"max-snippet:-1","max-image-preview":"max-image-preview:large","max-video-preview":"max-video-preview:-1"},"canonical":"https:\/\/tiandeproducts.co.uk\/lt\/kristaline-kolageno-kauke-paakiu-ir-voku-odai-5g\/","og_locale":"lt_LT","og_type":"article","og_title":"Kristalin\u0117 kolageno kauk\u0117 paaki\u0173 ir vok\u0173 odai, 5g. - TianDe Online Shop - Beauty &amp; Health","og_description":"Daugkartin\u0117 kristalin\u0117 kolageno kauk\u0117 akimirksniu atstato nuovargio ir dehidratacijos nualint\u0105 paaki\u0173 od\u0105 (po\u017eymiai i\u0161nyksta po 1-2 proced\u016br\u0173), intensyviai dr\u0117kina, prisotina, suteikia greit\u0105 liftingo efekt\u0105. Priemon\u0117 efektyviai saugo od\u0105 nuo dr\u0117gm\u0117s praradimo, lygina smulkias paaki\u0173 rauk\u0161leles, pagreitina odos regeneracinius procesus, suaktyvina odos l\u0105steli\u0173 metabolizm\u0105. Rezultatas kauk\u0119 panaudojus 5-10 dien\u0173 &#8211; akivaizd\u017eiai atjaun\u0117jusi, patempta, stangresn\u0117 ir elastingesn\u0117 [...]","og_url":"https:\/\/tiandeproducts.co.uk\/lt\/kristaline-kolageno-kauke-paakiu-ir-voku-odai-5g\/","og_site_name":"TianDe Online Shop - Beauty &amp; Health","article_publisher":"https:\/\/www.facebook.com\/tiande.products.england\/","article_modified_time":"2020-03-01T15:08:57+00:00","og_image":[{"width":700,"height":700,"url":"https:\/\/tiandeproducts.co.uk\/wp-content\/uploads\/2016\/04\/12710.png","type":"image\/png"}],"twitter_card":"summary_large_image","twitter_misc":{"Est. reading time":"2 minut\u0117s"},"schema":{"@context":"https:\/\/schema.org","@graph":[{"@type":"WebPage","@id":"https:\/\/tiandeproducts.co.uk\/lt\/kristaline-kolageno-kauke-paakiu-ir-voku-odai-5g\/","url":"https:\/\/tiandeproducts.co.uk\/lt\/kristaline-kolageno-kauke-paakiu-ir-voku-odai-5g\/","name":"Kristalin\u0117 kolageno kauk\u0117 paaki\u0173 ir vok\u0173 odai, 5g. - TianDe Online Shop - Beauty &amp; Health","isPartOf":{"@id":"https:\/\/tiandeproducts.co.uk\/#website"},"primaryImageOfPage":{"@id":"https:\/\/tiandeproducts.co.uk\/lt\/kristaline-kolageno-kauke-paakiu-ir-voku-odai-5g\/#primaryimage"},"image":{"@id":"https:\/\/tiandeproducts.co.uk\/lt\/kristaline-kolageno-kauke-paakiu-ir-voku-odai-5g\/#primaryimage"},"thumbnailUrl":"https:\/\/tiandeproducts.co.uk\/wp-content\/uploads\/2016\/04\/12710.png","datePublished":"2016-04-03T12:21:47+00:00","dateModified":"2020-03-01T15:08:57+00:00","breadcrumb":{"@id":"https:\/\/tiandeproducts.co.uk\/lt\/kristaline-kolageno-kauke-paakiu-ir-voku-odai-5g\/#breadcrumb"},"inLanguage":"lt-LT","potentialAction":[{"@type":"ReadAction","target":["https:\/\/tiandeproducts.co.uk\/lt\/kristaline-kolageno-kauke-paakiu-ir-voku-odai-5g\/"]}]},{"@type":"ImageObject","inLanguage":"lt-LT","@id":"https:\/\/tiandeproducts.co.uk\/lt\/kristaline-kolageno-kauke-paakiu-ir-voku-odai-5g\/#primaryimage","url":"https:\/\/tiandeproducts.co.uk\/wp-content\/uploads\/2016\/04\/12710.png","contentUrl":"https:\/\/tiandeproducts.co.uk\/wp-content\/uploads\/2016\/04\/12710.png","width":700,"height":700,"caption":"\"Collagen Active 35+\"Crystal Collagen Eyelid Mask,1pc-0"},{"@type":"BreadcrumbList","@id":"https:\/\/tiandeproducts.co.uk\/lt\/kristaline-kolageno-kauke-paakiu-ir-voku-odai-5g\/#breadcrumb","itemListElement":[{"@type":"ListItem","position":1,"name":"Home","item":"https:\/\/tiandeproducts.co.uk\/lt\/"},{"@type":"ListItem","position":2,"name":"Shop","item":"https:\/\/tiandeproducts.co.uk\/lt\/shop-2\/"},{"@type":"ListItem","position":3,"name":"Kristalin\u0117 kolageno kauk\u0117 paaki\u0173 ir vok\u0173 odai, 5g."}]},{"@type":"WebSite","@id":"https:\/\/tiandeproducts.co.uk\/#website","url":"https:\/\/tiandeproducts.co.uk\/","name":"TianDe Online Shop - Beauty & Health","description":"Traditional Chinese Medicine","potentialAction":[{"@type":"SearchAction","target":{"@type":"EntryPoint","urlTemplate":"https:\/\/tiandeproducts.co.uk\/?s={search_term_string}"},"query-input":{"@type":"PropertyValueSpecification","valueRequired":true,"valueName":"search_term_string"}}],"inLanguage":"lt-LT"}]}},"_links":{"self":[{"href":"https:\/\/tiandeproducts.co.uk\/lt\/wp-json\/wp\/v2\/product\/3732","targetHints":{"allow":["GET"]}}],"collection":[{"href":"https:\/\/tiandeproducts.co.uk\/lt\/wp-json\/wp\/v2\/product"}],"about":[{"href":"https:\/\/tiandeproducts.co.uk\/lt\/wp-json\/wp\/v2\/types\/product"}],"replies":[{"embeddable":true,"href":"https:\/\/tiandeproducts.co.uk\/lt\/wp-json\/wp\/v2\/comments?post=3732"}],"wp:featuredmedia":[{"embeddable":true,"href":"https:\/\/tiandeproducts.co.uk\/lt\/wp-json\/wp\/v2\/media\/274"}],"wp:attachment":[{"href":"https:\/\/tiandeproducts.co.uk\/lt\/wp-json\/wp\/v2\/media?parent=3732"}],"wp:term":[{"taxonomy":"product_cat","embeddable":true,"href":"https:\/\/tiandeproducts.co.uk\/lt\/wp-json\/wp\/v2\/product_cat?post=3732"},{"taxonomy":"product_tag","embeddable":true,"href":"https:\/\/tiandeproducts.co.uk\/lt\/wp-json\/wp\/v2\/product_tag?post=3732"}],"curies":[{"name":"wp","href":"https:\/\/api.w.org\/{rel}","templated":true}]}}