{"id":3731,"date":"2017-04-01T13:57:29","date_gmt":"2017-04-01T12:57:29","guid":{"rendered":"https:\/\/tnd.ontesting.co.uk\/kremas-veidui-su-argano-aliejumi-50g\/"},"modified":"2021-02-12T12:52:27","modified_gmt":"2021-02-12T12:52:27","slug":"kremas-veidui-su-argano-aliejumi-50g","status":"publish","type":"product","link":"https:\/\/tiandeproducts.co.uk\/lt\/kremas-veidui-su-argano-aliejumi-50g\/","title":{"rendered":"Kremas veidui su argano aliejumi, 50g."},"content":{"rendered":"<p><img decoding=\"async\" style=\"max-width: 16px; margin-right: 5px;\" src=\"https:\/\/tiandeproducts.co.uk\/wp-content\/uploads\/points-green.svg\" \/>\u00a0Earn 14 points worth \u00a30.70 when buying this product<\/p>\n<p>Kremas veiksmingai apsaugo nuo UVB ir UVA (blokuoja iki 85%; su SPF 9,2 faktoriumi) spinduli\u0173, turi antioksidantini\u0173, antibakterini\u0173, adaptogenini\u0173 savybi\u0173, maitina bei intensyviai dr\u0117kina, kompleksi\u0161kai stabdo odos sen\u0117jimo procesus, apsaugo nuo rauk\u0161li\u0173 atsiradimo. Aktyv\u016bs gamtiniai komponentai neleid\u017eia jai i\u0161saus\u0117ti ir pleiskanotis,\u00a0naikina pigmentines d\u0117mes, lygina esamas rauk\u0161les,\u00a0aktyvina apsaugines savybes, apsaugo nuo negatyvi\u0173 laisv\u0173j\u0173 radikal\u0173 poveikio. Be paraben\u0173 ir da\u017eikli\u0173.<\/p>\n<p>Viena i\u0161 pagrindini\u0173 prie\u0161laikinio l\u0105steli\u0173 sen\u0117jimo prie\u017eas\u010di\u0173 &#8211; kenksmingas aplinkos poveikis, ypa\u010d ultravioletiniai saul\u0117s spinduliai. Odos fotosen\u0117jimas atsiranda d\u0117l vis\u0173 ultravioletinio spektro (UVA, UVB, UVC) saul\u0117s spinduli\u0173. UVC \u2013 sulaiko ozono sluoksnis. UVB- spinduliai pasiekia m\u016bs\u0173 od\u0105, tod\u0117l gindamasi ji \u012fdega rudai. Tuo metu pa\u017eeid\u017eiamas tik vir\u0161utinis odos sluoksnis \u2013 epidermis. Ta\u010diau ypating\u0105 \u017eal\u0105 daro UVA spinduliai, kurie veikia m\u016bs\u0173 od\u0105 ir vasar\u0105 ir \u017eiem\u0105. Jie daro \u017eal\u0105 ir tada kai \u0161vie\u010dia saul\u0117 ir tada, kai lyja lietus. UVA spinduli\u0173 yra net patalpose, kadangi jie prasiskverbia pro stikl\u0105 ir vanden\u012f. UVA gali sukelti prie\u0161laikin\u012f odos sen\u0117jim\u0105, pigmentines d\u0117mes, kuperoz\u0119 arba piktybinius l\u0105steli\u0173 pakitimus. Jie pa\u017eeid\u017eia gilesn\u012f odos sluoksn\u012f &#8211; derm\u0105.<\/p>\n<p>\u201ePhyto Code\u201c veido kremas su argano aliejumi \u2013 tai kompleksin\u0117 apsauga nuo UVB ir UVA spinduli\u0173. Jis turi optimal\u0173 SPF faktori\u0173, kuris neblokuoja vitamino D. Tai unikali veido prie\u017ei\u016bros priemon\u0117 skirta sustiprinti nat\u016bralias odos funkcijas ir apsaugoti nuo prie\u0161laikinio sen\u0117jimo.<\/p>\n<p><strong>Naudojimas:<\/strong><br \/>\nAnt \u0161varios, nuvalytos ir tonizuotos odos u\u017etepkite nedidel\u012f kiek\u012f kremo ir sukamaisiais judesiais paskirstykite ant veido ir kaklo odos (i\u0161skyrus paaki\u0173 srit\u012f). Krem\u0105 naudokite ryte.<\/p>\n<p><strong>Veikliosios med\u017eiagos:\u00a0<\/strong><\/p>\n<p><strong>Argano vaisi\u0173 aliejus<\/strong>\u00a0&#8211; vienas brangiausi\u0173 augalin\u0117s kilm\u0117s aliej\u0173 pasaulyje, dar vadinamas \u201eskystuoju\u201c auksu. Tai ekologi\u0161kas produktas, i\u0161gaunamas i\u0161 Argano med\u017eio vaisi\u0173, auginam\u0173 Maroke. Juose gausu nauding\u0173 maistini\u0173 med\u017eiag\u0173, neso\u010di\u0173j\u0173 (poli ir mono) riebi\u0173j\u0173 r\u016bg\u0161\u010di\u0173 (80%), savo strukt\u016bra pana\u0161i\u0173 \u012f \u017emogaus l\u0105steli\u0173 strukt\u016br\u0105, Omega-6 ir Omega-9, vitamin\u0173 A, E, F. Argano aliejus puikiai maitina, dr\u0117kina, ramina, mink\u0161tina, suteikia jaunatvi\u0161k\u0105 spindes\u012f bei ma\u017eina rauk\u0161li\u0173 atsiradimo rizik\u0105. Aliejus veikia kaip antioksidantas, suteikia odai elastingumo.<\/p>\n<p><strong>Kordicepso ekstraktas<\/strong>\u00a0\u2013 stiprus antioksidantas, turintis labai galingas adaptogenines savybes. Jo sud\u0117tyje yra beta karotino (provitaminas A), vitamin\u0173 E ir C, mineral\u0173 \u2013 seleno ir cinko, koenzimo Q10, imunomoduliuojam\u0173j\u0173 polisacharid\u0173. Ekstraktas saugo odos l\u0105steles nuo griaunan\u010dio laisv\u0173j\u0173 radikal\u0173 poveikio, stabdo daugelio mikrob\u0173 bei bakterij\u0173 dauginim\u0105si.<\/p>\n<p><strong>\u017daliosios arbatos ekstraktas<\/strong>\u00a0&#8211; galingas antioksidantas &#8211; apsaugo od\u0105 nuo laisv\u0173j\u0173 radikal\u0173, \u0161velnina neigiam\u0105 saul\u0117s spinduli\u0173 poveik\u012f, apsaugo od\u0105 nuo paraudimo ir kapiliar\u0173 i\u0161sipl\u0117timo, veikia kaip antiseptikas. Aktyviosios med\u017eiagos ramina ir tonizuoja od\u0105, sutraukia poras, gerina odos spalv\u0105, apsaugo nuo fotosen\u0117jimo.<\/p>\n<p><strong>Kokoso aliejus<\/strong>\u00a0i\u0161gaunamas i\u0161 sunokusio kokoso rie\u0161uto, savo nauda odai prilygsta mineraliniam aliejui. Jis puikiai dr\u0117kina ir mink\u0161tina vis\u0173 tip\u0173 od\u0105, ypa\u010d rekomenduojamas kaip prevencijos priemon\u0117 nuo saus\u0117jimo ir ir pleiskanojimo. Aliejus atitolina rauk\u0161li\u0173 atsiradim\u0105 ir odos suglebim\u0105, kuris paprastai su am\u017eiumi tampa vis pastebimesnis.<\/p>\n<p><strong>Hialurono r\u016bg\u0161tis<\/strong>\u00a0&#8211; suteikia liftingo efekt\u0105, didina odos elastingum\u0105, stangrina. Veiklioji med\u017eiaga ant odos pavir\u0161iaus sukuria orui pralaid\u0173 apsaugin\u012f sluoksn\u012f, tai apsaugo nuo dr\u0117gm\u0117s praradimo net gilesnius sluoksnius. Ji efektyviai pagreitina audini\u0173 l\u0105steli\u0173 atsinaujinimo procesus, gerina mikrocirkuliacij\u0105, skatina nauj\u0173 odos l\u0105steli\u0173 dauginim\u0105si, apsaugo nuo i\u0161orini\u0173 pa\u017eeidim\u0173 ir infekcij\u0173, sustiprina odos apsaugin\u012f sluoksn\u012f bei odos imunines savyb\u0117s. \u012edomu, kad hialurono r\u016bg\u0161ties molekul\u0117s gali pritraukti ir i\u0161laikyti net ~500 kart\u0173 u\u017e save didesn\u012f kiek\u012f vandens!<\/p>\n<p><strong>Laktoz\u0117<\/strong>\u00a0saugo nuo dr\u0117gm\u0117s praradimo, ji yra nat\u016bralaus dr\u0117kinimo faktoriaus (NMF) komponentas. Laktoz\u0117 sudaro pagalv\u0117l\u0119, i\u0161 kurios oda, atsiradus poreikiui, \u201epasiima\u201c tr\u016bkstam\u0105 dr\u0117gm\u0117s kiek\u012f.<\/p>\n","protected":false},"excerpt":{"rendered":"<p>\u00a0Earn 14 points worth \u00a30.70 when buying this product Kremas veiksmingai apsaugo nuo UVB ir UVA (blokuoja iki 85%; su SPF 9,2 faktoriumi) spinduli\u0173, turi antioksidantini\u0173, antibakterini\u0173, adaptogenini\u0173 savybi\u0173, maitina bei intensyviai dr\u0117kina, kompleksi\u0161kai stabdo odos sen\u0117jimo procesus, apsaugo nuo rauk\u0161li\u0173 atsiradimo. Aktyv\u016bs gamtiniai komponentai neleid\u017eia jai i\u0161saus\u0117ti ir pleiskanotis,\u00a0naikina pigmentines d\u0117mes, lygina esamas rauk\u0161les,\u00a0aktyvina [&#8230;]\n","protected":false},"featured_media":1600,"comment_status":"closed","ping_status":"closed","template":"","meta":[],"product_cat":[525,524,576,567,580,506],"product_tag":[],"class_list":{"0":"post-3731","1":"product","2":"type-product","3":"status-publish","4":"has-post-thumbnail","6":"product_cat-antioksidantai","7":"product_cat-brandziai-odai","8":"product_cat-drekinimas","9":"product_cat-drekinimas-ir-maitinimas","10":"product_cat-phytocode-lt","11":"product_cat-veidui","13":"first","14":"outofstock","15":"shipping-taxable","16":"purchasable","17":"product-type-simple"},"yoast_head":"<!-- This site is optimized with the Yoast SEO plugin v23.6 - https:\/\/yoast.com\/wordpress\/plugins\/seo\/ -->\n<title>Kremas veidui su argano aliejumi, 50g. - TianDe Online Shop - Beauty &amp; Health<\/title>\n<meta name=\"robots\" content=\"index, follow, max-snippet:-1, max-image-preview:large, max-video-preview:-1\" \/>\n<link rel=\"canonical\" href=\"https:\/\/tiandeproducts.co.uk\/lt\/kremas-veidui-su-argano-aliejumi-50g\/\" \/>\n<meta property=\"og:locale\" content=\"lt_LT\" \/>\n<meta property=\"og:type\" content=\"article\" \/>\n<meta property=\"og:title\" content=\"Kremas veidui su argano aliejumi, 50g. - TianDe Online Shop - Beauty &amp; Health\" \/>\n<meta property=\"og:description\" content=\"\u00a0Earn 14 points worth \u00a30.70 when buying this product Kremas veiksmingai apsaugo nuo UVB ir UVA (blokuoja iki 85%; su SPF 9,2 faktoriumi) spinduli\u0173, turi antioksidantini\u0173, antibakterini\u0173, adaptogenini\u0173 savybi\u0173, maitina bei intensyviai dr\u0117kina, kompleksi\u0161kai stabdo odos sen\u0117jimo procesus, apsaugo nuo rauk\u0161li\u0173 atsiradimo. Aktyv\u016bs gamtiniai komponentai neleid\u017eia jai i\u0161saus\u0117ti ir pleiskanotis,\u00a0naikina pigmentines d\u0117mes, lygina esamas rauk\u0161les,\u00a0aktyvina [...]\" \/>\n<meta property=\"og:url\" content=\"https:\/\/tiandeproducts.co.uk\/lt\/kremas-veidui-su-argano-aliejumi-50g\/\" \/>\n<meta property=\"og:site_name\" content=\"TianDe Online Shop - Beauty &amp; Health\" \/>\n<meta property=\"article:publisher\" content=\"https:\/\/www.facebook.com\/tiande.products.england\/\" \/>\n<meta property=\"article:modified_time\" content=\"2021-02-12T12:52:27+00:00\" \/>\n<meta property=\"og:image\" content=\"https:\/\/tiandeproducts.co.uk\/wp-content\/uploads\/2017\/04\/15202.jpg\" \/>\n\t<meta property=\"og:image:width\" content=\"800\" \/>\n\t<meta property=\"og:image:height\" content=\"800\" \/>\n\t<meta property=\"og:image:type\" content=\"image\/jpeg\" \/>\n<meta name=\"twitter:card\" content=\"summary_large_image\" \/>\n<meta name=\"twitter:label1\" content=\"Est. reading time\" \/>\n\t<meta name=\"twitter:data1\" content=\"3 minut\u0117s\" \/>\n<script type=\"application\/ld+json\" class=\"yoast-schema-graph\">{\"@context\":\"https:\/\/schema.org\",\"@graph\":[{\"@type\":\"WebPage\",\"@id\":\"https:\/\/tiandeproducts.co.uk\/lt\/kremas-veidui-su-argano-aliejumi-50g\/\",\"url\":\"https:\/\/tiandeproducts.co.uk\/lt\/kremas-veidui-su-argano-aliejumi-50g\/\",\"name\":\"Kremas veidui su argano aliejumi, 50g. - TianDe Online Shop - Beauty &amp; Health\",\"isPartOf\":{\"@id\":\"https:\/\/tiandeproducts.co.uk\/#website\"},\"primaryImageOfPage\":{\"@id\":\"https:\/\/tiandeproducts.co.uk\/lt\/kremas-veidui-su-argano-aliejumi-50g\/#primaryimage\"},\"image\":{\"@id\":\"https:\/\/tiandeproducts.co.uk\/lt\/kremas-veidui-su-argano-aliejumi-50g\/#primaryimage\"},\"thumbnailUrl\":\"https:\/\/tiandeproducts.co.uk\/wp-content\/uploads\/2017\/04\/15202.jpg\",\"datePublished\":\"2017-04-01T12:57:29+00:00\",\"dateModified\":\"2021-02-12T12:52:27+00:00\",\"breadcrumb\":{\"@id\":\"https:\/\/tiandeproducts.co.uk\/lt\/kremas-veidui-su-argano-aliejumi-50g\/#breadcrumb\"},\"inLanguage\":\"lt-LT\",\"potentialAction\":[{\"@type\":\"ReadAction\",\"target\":[\"https:\/\/tiandeproducts.co.uk\/lt\/kremas-veidui-su-argano-aliejumi-50g\/\"]}]},{\"@type\":\"ImageObject\",\"inLanguage\":\"lt-LT\",\"@id\":\"https:\/\/tiandeproducts.co.uk\/lt\/kremas-veidui-su-argano-aliejumi-50g\/#primaryimage\",\"url\":\"https:\/\/tiandeproducts.co.uk\/wp-content\/uploads\/2017\/04\/15202.jpg\",\"contentUrl\":\"https:\/\/tiandeproducts.co.uk\/wp-content\/uploads\/2017\/04\/15202.jpg\",\"width\":800,\"height\":800,\"caption\":\"\\\"Phytocode\\\" Argan Oil Face Cream 45+ ,SPF 9,2,50g-0\"},{\"@type\":\"BreadcrumbList\",\"@id\":\"https:\/\/tiandeproducts.co.uk\/lt\/kremas-veidui-su-argano-aliejumi-50g\/#breadcrumb\",\"itemListElement\":[{\"@type\":\"ListItem\",\"position\":1,\"name\":\"Home\",\"item\":\"https:\/\/tiandeproducts.co.uk\/lt\/\"},{\"@type\":\"ListItem\",\"position\":2,\"name\":\"Shop\",\"item\":\"https:\/\/tiandeproducts.co.uk\/lt\/shop-2\/\"},{\"@type\":\"ListItem\",\"position\":3,\"name\":\"Kremas veidui su argano aliejumi, 50g.\"}]},{\"@type\":\"WebSite\",\"@id\":\"https:\/\/tiandeproducts.co.uk\/#website\",\"url\":\"https:\/\/tiandeproducts.co.uk\/\",\"name\":\"TianDe Online Shop - Beauty & Health\",\"description\":\"Traditional Chinese Medicine\",\"potentialAction\":[{\"@type\":\"SearchAction\",\"target\":{\"@type\":\"EntryPoint\",\"urlTemplate\":\"https:\/\/tiandeproducts.co.uk\/?s={search_term_string}\"},\"query-input\":{\"@type\":\"PropertyValueSpecification\",\"valueRequired\":true,\"valueName\":\"search_term_string\"}}],\"inLanguage\":\"lt-LT\"}]}<\/script>\n<!-- \/ Yoast SEO plugin. -->","yoast_head_json":{"title":"Kremas veidui su argano aliejumi, 50g. - TianDe Online Shop - Beauty &amp; Health","robots":{"index":"index","follow":"follow","max-snippet":"max-snippet:-1","max-image-preview":"max-image-preview:large","max-video-preview":"max-video-preview:-1"},"canonical":"https:\/\/tiandeproducts.co.uk\/lt\/kremas-veidui-su-argano-aliejumi-50g\/","og_locale":"lt_LT","og_type":"article","og_title":"Kremas veidui su argano aliejumi, 50g. - TianDe Online Shop - Beauty &amp; Health","og_description":"\u00a0Earn 14 points worth \u00a30.70 when buying this product Kremas veiksmingai apsaugo nuo UVB ir UVA (blokuoja iki 85%; su SPF 9,2 faktoriumi) spinduli\u0173, turi antioksidantini\u0173, antibakterini\u0173, adaptogenini\u0173 savybi\u0173, maitina bei intensyviai dr\u0117kina, kompleksi\u0161kai stabdo odos sen\u0117jimo procesus, apsaugo nuo rauk\u0161li\u0173 atsiradimo. Aktyv\u016bs gamtiniai komponentai neleid\u017eia jai i\u0161saus\u0117ti ir pleiskanotis,\u00a0naikina pigmentines d\u0117mes, lygina esamas rauk\u0161les,\u00a0aktyvina [...]","og_url":"https:\/\/tiandeproducts.co.uk\/lt\/kremas-veidui-su-argano-aliejumi-50g\/","og_site_name":"TianDe Online Shop - Beauty &amp; Health","article_publisher":"https:\/\/www.facebook.com\/tiande.products.england\/","article_modified_time":"2021-02-12T12:52:27+00:00","og_image":[{"width":800,"height":800,"url":"https:\/\/tiandeproducts.co.uk\/wp-content\/uploads\/2017\/04\/15202.jpg","type":"image\/jpeg"}],"twitter_card":"summary_large_image","twitter_misc":{"Est. reading time":"3 minut\u0117s"},"schema":{"@context":"https:\/\/schema.org","@graph":[{"@type":"WebPage","@id":"https:\/\/tiandeproducts.co.uk\/lt\/kremas-veidui-su-argano-aliejumi-50g\/","url":"https:\/\/tiandeproducts.co.uk\/lt\/kremas-veidui-su-argano-aliejumi-50g\/","name":"Kremas veidui su argano aliejumi, 50g. - TianDe Online Shop - Beauty &amp; Health","isPartOf":{"@id":"https:\/\/tiandeproducts.co.uk\/#website"},"primaryImageOfPage":{"@id":"https:\/\/tiandeproducts.co.uk\/lt\/kremas-veidui-su-argano-aliejumi-50g\/#primaryimage"},"image":{"@id":"https:\/\/tiandeproducts.co.uk\/lt\/kremas-veidui-su-argano-aliejumi-50g\/#primaryimage"},"thumbnailUrl":"https:\/\/tiandeproducts.co.uk\/wp-content\/uploads\/2017\/04\/15202.jpg","datePublished":"2017-04-01T12:57:29+00:00","dateModified":"2021-02-12T12:52:27+00:00","breadcrumb":{"@id":"https:\/\/tiandeproducts.co.uk\/lt\/kremas-veidui-su-argano-aliejumi-50g\/#breadcrumb"},"inLanguage":"lt-LT","potentialAction":[{"@type":"ReadAction","target":["https:\/\/tiandeproducts.co.uk\/lt\/kremas-veidui-su-argano-aliejumi-50g\/"]}]},{"@type":"ImageObject","inLanguage":"lt-LT","@id":"https:\/\/tiandeproducts.co.uk\/lt\/kremas-veidui-su-argano-aliejumi-50g\/#primaryimage","url":"https:\/\/tiandeproducts.co.uk\/wp-content\/uploads\/2017\/04\/15202.jpg","contentUrl":"https:\/\/tiandeproducts.co.uk\/wp-content\/uploads\/2017\/04\/15202.jpg","width":800,"height":800,"caption":"\"Phytocode\" Argan Oil Face Cream 45+ ,SPF 9,2,50g-0"},{"@type":"BreadcrumbList","@id":"https:\/\/tiandeproducts.co.uk\/lt\/kremas-veidui-su-argano-aliejumi-50g\/#breadcrumb","itemListElement":[{"@type":"ListItem","position":1,"name":"Home","item":"https:\/\/tiandeproducts.co.uk\/lt\/"},{"@type":"ListItem","position":2,"name":"Shop","item":"https:\/\/tiandeproducts.co.uk\/lt\/shop-2\/"},{"@type":"ListItem","position":3,"name":"Kremas veidui su argano aliejumi, 50g."}]},{"@type":"WebSite","@id":"https:\/\/tiandeproducts.co.uk\/#website","url":"https:\/\/tiandeproducts.co.uk\/","name":"TianDe Online Shop - Beauty & Health","description":"Traditional Chinese Medicine","potentialAction":[{"@type":"SearchAction","target":{"@type":"EntryPoint","urlTemplate":"https:\/\/tiandeproducts.co.uk\/?s={search_term_string}"},"query-input":{"@type":"PropertyValueSpecification","valueRequired":true,"valueName":"search_term_string"}}],"inLanguage":"lt-LT"}]}},"_links":{"self":[{"href":"https:\/\/tiandeproducts.co.uk\/lt\/wp-json\/wp\/v2\/product\/3731","targetHints":{"allow":["GET"]}}],"collection":[{"href":"https:\/\/tiandeproducts.co.uk\/lt\/wp-json\/wp\/v2\/product"}],"about":[{"href":"https:\/\/tiandeproducts.co.uk\/lt\/wp-json\/wp\/v2\/types\/product"}],"replies":[{"embeddable":true,"href":"https:\/\/tiandeproducts.co.uk\/lt\/wp-json\/wp\/v2\/comments?post=3731"}],"wp:featuredmedia":[{"embeddable":true,"href":"https:\/\/tiandeproducts.co.uk\/lt\/wp-json\/wp\/v2\/media\/1600"}],"wp:attachment":[{"href":"https:\/\/tiandeproducts.co.uk\/lt\/wp-json\/wp\/v2\/media?parent=3731"}],"wp:term":[{"taxonomy":"product_cat","embeddable":true,"href":"https:\/\/tiandeproducts.co.uk\/lt\/wp-json\/wp\/v2\/product_cat?post=3731"},{"taxonomy":"product_tag","embeddable":true,"href":"https:\/\/tiandeproducts.co.uk\/lt\/wp-json\/wp\/v2\/product_tag?post=3731"}],"curies":[{"name":"wp","href":"https:\/\/api.w.org\/{rel}","templated":true}]}}