{"id":3729,"date":"2017-04-01T14:03:43","date_gmt":"2017-04-01T13:03:43","guid":{"rendered":"https:\/\/tnd.ontesting.co.uk\/kremas-veidui-su-baltaja-arbata-50g\/"},"modified":"2021-02-12T12:51:40","modified_gmt":"2021-02-12T12:51:40","slug":"kremas-veidui-su-baltaja-arbata-50g","status":"publish","type":"product","link":"https:\/\/tiandeproducts.co.uk\/lt\/kremas-veidui-su-baltaja-arbata-50g\/","title":{"rendered":"Kremas veidui su balt\u0105ja arbata, 50g."},"content":{"rendered":"<p><img decoding=\"async\" style=\"max-width: 16px; margin-right: 5px;\" src=\"https:\/\/tiandeproducts.co.uk\/wp-content\/uploads\/points-green.svg\" \/>\u00a0Earn 14 points worth \u00a30.70 when buying this product<\/p>\n<p>Kremas apsaugo nuo UVB ir UVA (blokuoja iki 85%; su SPF 9.2 faktoriumi) spinduli\u0173, turi antoksidantini\u0173, savybi\u0173, maitina bei intensyviai dr\u0117kina, kompleksi\u0161kai stabdo odos sen\u0117jimo procesus, apsaugo nuo negatyvi\u0173 laisv\u0173j\u0173 radikal\u0173 poveikio. Oda apsaugoma ne tik nuo momentinio nudegimo, bet ir nuo gilesni\u0173 pa\u017eeidim\u0173 &#8211; pigmentini\u0173 d\u0117mi\u0173, rauk\u0161li\u0173, kolageno sluoksnio suirimo. Aktyviosios med\u017eiagos \u0161viesina pigmentines d\u0117mes, lygina odos reljef\u0105, ma\u017eina rauk\u0161li\u0173 gyl\u012f. Kordicepso ekstrakto adaptogenin\u0117s savyb\u0117s bei kamelijos lap\u0173 ekstrakto biologi\u0161kai aktyvios med\u017eiagos suteiks j\u016bs\u0173 odai i\u0161skirtin\u012f komfort\u0105 ir ypating\u0105 prie\u017ei\u016br\u0105 i\u0161tisus metus. Be paraben\u0173 ir da\u017eikli\u0173.<\/p>\n<p>Viena i\u0161 pagrindini\u0173 prie\u0161laikinio l\u0105steli\u0173 sen\u0117jimo prie\u017eas\u010di\u0173 &#8211; kenksmingas aplinkos poveikis, ypa\u010d ultravioletiniai saul\u0117s spinduliai. Odos fotosen\u0117jimas atsiranda d\u0117l vis\u0173 ultravioletinio spektro (UVA, UVB, UVC) saul\u0117s spinduli\u0173. UVC \u2013 sulaiko ozono sluoksnis. UVB &#8211; spinduliai pasiekia m\u016bs\u0173 od\u0105, tod\u0117l gindamasi ji \u012fdega rudai. Tuo metu pa\u017eeid\u017eiamas tik vir\u0161utinis, epidermio sluoksnis. Ta\u010diau ypating\u0105 \u017eal\u0105 daro UVA spinduliai, kurie veikia m\u016bs\u0173 od\u0105 ir vasar\u0105 ir \u017eiem\u0105. Jie daro \u017eal\u0105 ir tada kai \u0161vie\u010dia saul\u0117 ir tada, kai lyja lietus. UVA spinduli\u0173 yra net patalpose, kadangi jie prasiskverbia pro stikl\u0105 ir vanden\u012f. UVA gali sukelti prie\u0161laikin\u012f odos sen\u0117jim\u0105, pigmentines d\u0117mes, kuperoz\u0119 arba piktybinius l\u0105steli\u0173 pakitimus. Jie pa\u017eeid\u017eia gilesn\u012f odos sluoksn\u012f &#8211; derm\u0105.<\/p>\n<p>\u201ePhyto Code\u201c veido kremas su\u00a0balt\u0105ja arbata \u2013 tai kompleksin\u0117 apsauga nuo UVB ir UVA spinduli\u0173. Jis turi optimal\u0173 SPF faktori\u0173, kuris neblokuoja vitamino D. Tai efektyvi veido prie\u017ei\u016bros priemon\u0117 skirta sustiprinti nat\u016bralias odos funkcijas ir apsaugoti nuo prie\u0161laikinio sen\u0117jimo.<\/p>\n<p><strong>Naudojimas:<br \/>\n<\/strong>Ant \u0161varios, nuvalytos ir tonizuotos odos u\u017etepkite nedidel\u012f kiek\u012f kremo ir sukamaisiais judesiais paskirstykite ant veido ir kaklo odos (i\u0161skyrus paaki\u0173 srit\u012f). Krem\u0105 naudokite ryte.<\/p>\n<p><strong>Veikliosios savyb\u0117s:<\/strong><\/p>\n<p><strong>Kininio arbatmed\u017eio lap\u0173 ekstraktas<\/strong>\u00a0apsaugo od\u0105 nuo negatyvaus ultravioletini\u0173 spinduli\u0173 poveikio odai (fotosen\u0117jimo). Kininio arbatmed\u017eio ekstraktas pasi\u017eymi itin ry\u0161kiomis antibakterin\u0117mis, antiseptin\u0117mis ir antioksidantin\u0117mis savyb\u0117mis. Jos antioksidacin\u0117s savyb\u0117s kur kas stipresn\u0117s nei vitamino A ar vitamino E. Ekstraktas skatina negyv\u0173 odos lasteli\u0173 atsiskyrim\u0105 ir naujo odos sluoksnio formavim\u0105si. Aktyviosios med\u017eiagos ramina ir tonizuoja od\u0105, sutraukia poras, gerina spalv\u0105.<\/p>\n<p><strong>Kordicepso ekstraktas<\/strong>\u00a0\u2013 stiprus antioksidantas, turintis labai galingas adaptogenines savybes. Jo sud\u0117tyje yra beta karotino (provitaminas A), vitamin\u0173 E ir C, mineral\u0173 \u2013 seleno ir cinko, koenzimo Q10, imunomoduliuojam\u0173j\u0173 polisacharid\u0173. Ekstraktas saugo odos l\u0105steles nuo griaunan\u010dio laisv\u0173j\u0173 radikal\u0173 poveikio, stabdo daugelio mikrob\u0173 bei bakterij\u0173 dauginim\u0105si.<\/p>\n<p>Manoma, kad\u00a0<strong>paprastojo saldymed\u017eio \u0161aknyje<\/strong>\u00a0yra daugiau nei 100 nauding\u0173 maistini\u0173 med\u017eiag\u0173, \u012fskaitant flavonoidus, fitoestrogenus (augalin\u0117s kilm\u0117s hormonai), o jame randama med\u017eiaga glicirizinas (50 kart\u0173 saldesn\u0117 u\u017e cukr\u0173) &#8211; pasi\u017eymi stipriomis u\u017edegim\u0105 ma\u017einan\u010diomis savyb\u0117mis. Paprastojo saldymed\u017eio \u0161aknies ekstraktas skirtas vis\u0173 r\u016b\u0161i\u0173 pigmentacijos problemoms spr\u0119sti, reguliariai naudojant matomas akivaizdus odos pa\u0161vies\u0117jimas.<\/p>\n<p><strong>Arbutinas<\/strong>\u00a0&#8211; augalinis glikozidas, i\u0161gautas i\u0161 me\u0161kauogi\u0173 lap\u0173. Med\u017eiaga turi antioksidacin\u012f poveik\u012f, padeda i\u0161lyginti smulkias rauk\u0161leles, \u0161viesina pigmentines d\u0117mes.<\/p>\n<p><strong>Hialurono r\u016bg\u0161tis<\/strong>\u00a0suteikia liftingo efekt\u0105, didina odos elastingum\u0105, stangrina. Veiklioji med\u017eiaga ant odos pavir\u0161iaus sukuria orui pralaid\u0173 apsaugin\u012f sluoksn\u012f, tai apsaugo nuo dr\u0117gm\u0117s praradimo net gilesnius sluoksnius. Ji efektyviai pagreitina audini\u0173 l\u0105steli\u0173 atsinaujinimo procesus, gerina mikrocirkuliacij\u0105, skatina nauj\u0173 odos l\u0105steli\u0173 dauginim\u0105si, apsaugo nuo i\u0161orini\u0173 pa\u017eeidim\u0173 ir infekcij\u0173, sustiprina odos apsaugin\u012f sluoksn\u012f bei odos imunines savyb\u0117s.<br \/>\n\u012edomu, kad hialurono r\u016bg\u0161ties molekul\u0117s gali pritraukti ir i\u0161laikyti net ~500 kart\u0173 u\u017e save didesn\u012f kiek\u012f vandens!<\/p>\n<p><strong>Ksantano derva<\/strong>\u00a0\u2013 nat\u016bralus polisacharidas \u2013 sukuria apsaugin\u0119 pl\u0117vel\u0119 odos pavir\u0161iuje ir padeda i\u0161saugoti dr\u0117gm\u0117s balans\u0105, sutraukia poras, tonizuoja. Veikia kaip nat\u016bralus tir\u0161tiklis, gerina kosmetin\u0117s priemon\u0117s tekst\u016br\u0105.<\/p>\n<p><strong>Vitaminas E<\/strong>\u00a0maitina od\u0105, skatina regeneracijos ir l\u0117tina sen\u0117jimo procesus, neutralizuoja laisv\u0173j\u0173 radikal\u0173 poveik\u012f.<\/p>\n","protected":false},"excerpt":{"rendered":"<p>\u00a0Earn 14 points worth \u00a30.70 when buying this product Kremas apsaugo nuo UVB ir UVA (blokuoja iki 85%; su SPF 9.2 faktoriumi) spinduli\u0173, turi antoksidantini\u0173, savybi\u0173, maitina bei intensyviai dr\u0117kina, kompleksi\u0161kai stabdo odos sen\u0117jimo procesus, apsaugo nuo negatyvi\u0173 laisv\u0173j\u0173 radikal\u0173 poveikio. Oda apsaugoma ne tik nuo momentinio nudegimo, bet ir nuo gilesni\u0173 pa\u017eeidim\u0173 &#8211; pigmentini\u0173 [&#8230;]\n","protected":false},"featured_media":1605,"comment_status":"closed","ping_status":"closed","template":"","meta":[],"product_cat":[525,524,576,567,613,612,580,583,506],"product_tag":[],"class_list":{"0":"post-3729","1":"product","2":"type-product","3":"status-publish","4":"has-post-thumbnail","6":"product_cat-antioksidantai","7":"product_cat-brandziai-odai","8":"product_cat-drekinimas","9":"product_cat-drekinimas-ir-maitinimas","10":"product_cat-jaunai-odai","11":"product_cat-nuo-rauksliu","12":"product_cat-phytocode-lt","13":"product_cat-pigmentacija","14":"product_cat-veidui","16":"first","17":"instock","18":"shipping-taxable","19":"purchasable","20":"product-type-simple"},"yoast_head":"<!-- This site is optimized with the Yoast SEO plugin v23.6 - https:\/\/yoast.com\/wordpress\/plugins\/seo\/ -->\n<title>Kremas veidui su balt\u0105ja arbata, 50g. - TianDe Online Shop - Beauty &amp; Health<\/title>\n<meta name=\"robots\" content=\"index, follow, max-snippet:-1, max-image-preview:large, max-video-preview:-1\" \/>\n<link rel=\"canonical\" href=\"https:\/\/tiandeproducts.co.uk\/lt\/kremas-veidui-su-baltaja-arbata-50g\/\" \/>\n<meta property=\"og:locale\" content=\"lt_LT\" \/>\n<meta property=\"og:type\" content=\"article\" \/>\n<meta property=\"og:title\" content=\"Kremas veidui su balt\u0105ja arbata, 50g. - TianDe Online Shop - Beauty &amp; Health\" \/>\n<meta property=\"og:description\" content=\"\u00a0Earn 14 points worth \u00a30.70 when buying this product Kremas apsaugo nuo UVB ir UVA (blokuoja iki 85%; su SPF 9.2 faktoriumi) spinduli\u0173, turi antoksidantini\u0173, savybi\u0173, maitina bei intensyviai dr\u0117kina, kompleksi\u0161kai stabdo odos sen\u0117jimo procesus, apsaugo nuo negatyvi\u0173 laisv\u0173j\u0173 radikal\u0173 poveikio. Oda apsaugoma ne tik nuo momentinio nudegimo, bet ir nuo gilesni\u0173 pa\u017eeidim\u0173 &#8211; pigmentini\u0173 [...]\" \/>\n<meta property=\"og:url\" content=\"https:\/\/tiandeproducts.co.uk\/lt\/kremas-veidui-su-baltaja-arbata-50g\/\" \/>\n<meta property=\"og:site_name\" content=\"TianDe Online Shop - Beauty &amp; Health\" \/>\n<meta property=\"article:publisher\" content=\"https:\/\/www.facebook.com\/tiande.products.england\/\" \/>\n<meta property=\"article:modified_time\" content=\"2021-02-12T12:51:40+00:00\" \/>\n<meta property=\"og:image\" content=\"https:\/\/tiandeproducts.co.uk\/wp-content\/uploads\/2017\/04\/15201.jpg\" \/>\n\t<meta property=\"og:image:width\" content=\"800\" \/>\n\t<meta property=\"og:image:height\" content=\"800\" \/>\n\t<meta property=\"og:image:type\" content=\"image\/jpeg\" \/>\n<meta name=\"twitter:card\" content=\"summary_large_image\" \/>\n<meta name=\"twitter:label1\" content=\"Est. reading time\" \/>\n\t<meta name=\"twitter:data1\" content=\"3 minut\u0117s\" \/>\n<script type=\"application\/ld+json\" class=\"yoast-schema-graph\">{\"@context\":\"https:\/\/schema.org\",\"@graph\":[{\"@type\":\"WebPage\",\"@id\":\"https:\/\/tiandeproducts.co.uk\/lt\/kremas-veidui-su-baltaja-arbata-50g\/\",\"url\":\"https:\/\/tiandeproducts.co.uk\/lt\/kremas-veidui-su-baltaja-arbata-50g\/\",\"name\":\"Kremas veidui su balt\u0105ja arbata, 50g. - TianDe Online Shop - Beauty &amp; Health\",\"isPartOf\":{\"@id\":\"https:\/\/tiandeproducts.co.uk\/#website\"},\"primaryImageOfPage\":{\"@id\":\"https:\/\/tiandeproducts.co.uk\/lt\/kremas-veidui-su-baltaja-arbata-50g\/#primaryimage\"},\"image\":{\"@id\":\"https:\/\/tiandeproducts.co.uk\/lt\/kremas-veidui-su-baltaja-arbata-50g\/#primaryimage\"},\"thumbnailUrl\":\"https:\/\/tiandeproducts.co.uk\/wp-content\/uploads\/2017\/04\/15201.jpg\",\"datePublished\":\"2017-04-01T13:03:43+00:00\",\"dateModified\":\"2021-02-12T12:51:40+00:00\",\"breadcrumb\":{\"@id\":\"https:\/\/tiandeproducts.co.uk\/lt\/kremas-veidui-su-baltaja-arbata-50g\/#breadcrumb\"},\"inLanguage\":\"lt-LT\",\"potentialAction\":[{\"@type\":\"ReadAction\",\"target\":[\"https:\/\/tiandeproducts.co.uk\/lt\/kremas-veidui-su-baltaja-arbata-50g\/\"]}]},{\"@type\":\"ImageObject\",\"inLanguage\":\"lt-LT\",\"@id\":\"https:\/\/tiandeproducts.co.uk\/lt\/kremas-veidui-su-baltaja-arbata-50g\/#primaryimage\",\"url\":\"https:\/\/tiandeproducts.co.uk\/wp-content\/uploads\/2017\/04\/15201.jpg\",\"contentUrl\":\"https:\/\/tiandeproducts.co.uk\/wp-content\/uploads\/2017\/04\/15201.jpg\",\"width\":800,\"height\":800,\"caption\":\"\\\"Phytocode\\\" White Tea Face Cream 35+,SPF11,50g-0\"},{\"@type\":\"BreadcrumbList\",\"@id\":\"https:\/\/tiandeproducts.co.uk\/lt\/kremas-veidui-su-baltaja-arbata-50g\/#breadcrumb\",\"itemListElement\":[{\"@type\":\"ListItem\",\"position\":1,\"name\":\"Home\",\"item\":\"https:\/\/tiandeproducts.co.uk\/lt\/\"},{\"@type\":\"ListItem\",\"position\":2,\"name\":\"Shop\",\"item\":\"https:\/\/tiandeproducts.co.uk\/lt\/shop-2\/\"},{\"@type\":\"ListItem\",\"position\":3,\"name\":\"Kremas veidui su balt\u0105ja arbata, 50g.\"}]},{\"@type\":\"WebSite\",\"@id\":\"https:\/\/tiandeproducts.co.uk\/#website\",\"url\":\"https:\/\/tiandeproducts.co.uk\/\",\"name\":\"TianDe Online Shop - Beauty & Health\",\"description\":\"Traditional Chinese Medicine\",\"potentialAction\":[{\"@type\":\"SearchAction\",\"target\":{\"@type\":\"EntryPoint\",\"urlTemplate\":\"https:\/\/tiandeproducts.co.uk\/?s={search_term_string}\"},\"query-input\":{\"@type\":\"PropertyValueSpecification\",\"valueRequired\":true,\"valueName\":\"search_term_string\"}}],\"inLanguage\":\"lt-LT\"}]}<\/script>\n<!-- \/ Yoast SEO plugin. -->","yoast_head_json":{"title":"Kremas veidui su balt\u0105ja arbata, 50g. - TianDe Online Shop - Beauty &amp; Health","robots":{"index":"index","follow":"follow","max-snippet":"max-snippet:-1","max-image-preview":"max-image-preview:large","max-video-preview":"max-video-preview:-1"},"canonical":"https:\/\/tiandeproducts.co.uk\/lt\/kremas-veidui-su-baltaja-arbata-50g\/","og_locale":"lt_LT","og_type":"article","og_title":"Kremas veidui su balt\u0105ja arbata, 50g. - TianDe Online Shop - Beauty &amp; Health","og_description":"\u00a0Earn 14 points worth \u00a30.70 when buying this product Kremas apsaugo nuo UVB ir UVA (blokuoja iki 85%; su SPF 9.2 faktoriumi) spinduli\u0173, turi antoksidantini\u0173, savybi\u0173, maitina bei intensyviai dr\u0117kina, kompleksi\u0161kai stabdo odos sen\u0117jimo procesus, apsaugo nuo negatyvi\u0173 laisv\u0173j\u0173 radikal\u0173 poveikio. Oda apsaugoma ne tik nuo momentinio nudegimo, bet ir nuo gilesni\u0173 pa\u017eeidim\u0173 &#8211; pigmentini\u0173 [...]","og_url":"https:\/\/tiandeproducts.co.uk\/lt\/kremas-veidui-su-baltaja-arbata-50g\/","og_site_name":"TianDe Online Shop - Beauty &amp; Health","article_publisher":"https:\/\/www.facebook.com\/tiande.products.england\/","article_modified_time":"2021-02-12T12:51:40+00:00","og_image":[{"width":800,"height":800,"url":"https:\/\/tiandeproducts.co.uk\/wp-content\/uploads\/2017\/04\/15201.jpg","type":"image\/jpeg"}],"twitter_card":"summary_large_image","twitter_misc":{"Est. reading time":"3 minut\u0117s"},"schema":{"@context":"https:\/\/schema.org","@graph":[{"@type":"WebPage","@id":"https:\/\/tiandeproducts.co.uk\/lt\/kremas-veidui-su-baltaja-arbata-50g\/","url":"https:\/\/tiandeproducts.co.uk\/lt\/kremas-veidui-su-baltaja-arbata-50g\/","name":"Kremas veidui su balt\u0105ja arbata, 50g. - TianDe Online Shop - Beauty &amp; Health","isPartOf":{"@id":"https:\/\/tiandeproducts.co.uk\/#website"},"primaryImageOfPage":{"@id":"https:\/\/tiandeproducts.co.uk\/lt\/kremas-veidui-su-baltaja-arbata-50g\/#primaryimage"},"image":{"@id":"https:\/\/tiandeproducts.co.uk\/lt\/kremas-veidui-su-baltaja-arbata-50g\/#primaryimage"},"thumbnailUrl":"https:\/\/tiandeproducts.co.uk\/wp-content\/uploads\/2017\/04\/15201.jpg","datePublished":"2017-04-01T13:03:43+00:00","dateModified":"2021-02-12T12:51:40+00:00","breadcrumb":{"@id":"https:\/\/tiandeproducts.co.uk\/lt\/kremas-veidui-su-baltaja-arbata-50g\/#breadcrumb"},"inLanguage":"lt-LT","potentialAction":[{"@type":"ReadAction","target":["https:\/\/tiandeproducts.co.uk\/lt\/kremas-veidui-su-baltaja-arbata-50g\/"]}]},{"@type":"ImageObject","inLanguage":"lt-LT","@id":"https:\/\/tiandeproducts.co.uk\/lt\/kremas-veidui-su-baltaja-arbata-50g\/#primaryimage","url":"https:\/\/tiandeproducts.co.uk\/wp-content\/uploads\/2017\/04\/15201.jpg","contentUrl":"https:\/\/tiandeproducts.co.uk\/wp-content\/uploads\/2017\/04\/15201.jpg","width":800,"height":800,"caption":"\"Phytocode\" White Tea Face Cream 35+,SPF11,50g-0"},{"@type":"BreadcrumbList","@id":"https:\/\/tiandeproducts.co.uk\/lt\/kremas-veidui-su-baltaja-arbata-50g\/#breadcrumb","itemListElement":[{"@type":"ListItem","position":1,"name":"Home","item":"https:\/\/tiandeproducts.co.uk\/lt\/"},{"@type":"ListItem","position":2,"name":"Shop","item":"https:\/\/tiandeproducts.co.uk\/lt\/shop-2\/"},{"@type":"ListItem","position":3,"name":"Kremas veidui su balt\u0105ja arbata, 50g."}]},{"@type":"WebSite","@id":"https:\/\/tiandeproducts.co.uk\/#website","url":"https:\/\/tiandeproducts.co.uk\/","name":"TianDe Online Shop - Beauty & Health","description":"Traditional Chinese Medicine","potentialAction":[{"@type":"SearchAction","target":{"@type":"EntryPoint","urlTemplate":"https:\/\/tiandeproducts.co.uk\/?s={search_term_string}"},"query-input":{"@type":"PropertyValueSpecification","valueRequired":true,"valueName":"search_term_string"}}],"inLanguage":"lt-LT"}]}},"_links":{"self":[{"href":"https:\/\/tiandeproducts.co.uk\/lt\/wp-json\/wp\/v2\/product\/3729","targetHints":{"allow":["GET"]}}],"collection":[{"href":"https:\/\/tiandeproducts.co.uk\/lt\/wp-json\/wp\/v2\/product"}],"about":[{"href":"https:\/\/tiandeproducts.co.uk\/lt\/wp-json\/wp\/v2\/types\/product"}],"replies":[{"embeddable":true,"href":"https:\/\/tiandeproducts.co.uk\/lt\/wp-json\/wp\/v2\/comments?post=3729"}],"wp:featuredmedia":[{"embeddable":true,"href":"https:\/\/tiandeproducts.co.uk\/lt\/wp-json\/wp\/v2\/media\/1605"}],"wp:attachment":[{"href":"https:\/\/tiandeproducts.co.uk\/lt\/wp-json\/wp\/v2\/media?parent=3729"}],"wp:term":[{"taxonomy":"product_cat","embeddable":true,"href":"https:\/\/tiandeproducts.co.uk\/lt\/wp-json\/wp\/v2\/product_cat?post=3729"},{"taxonomy":"product_tag","embeddable":true,"href":"https:\/\/tiandeproducts.co.uk\/lt\/wp-json\/wp\/v2\/product_tag?post=3729"}],"curies":[{"name":"wp","href":"https:\/\/api.w.org\/{rel}","templated":true}]}}