{"id":3728,"date":"2017-04-01T13:34:52","date_gmt":"2017-04-01T12:34:52","guid":{"rendered":"https:\/\/tnd.ontesting.co.uk\/antioksidantinis-pilingas-veidui-su-kordicepsu-120g\/"},"modified":"2021-02-12T12:54:52","modified_gmt":"2021-02-12T12:54:52","slug":"antioksidantinis-pilingas-veidui-su-kordicepsu-120g","status":"publish","type":"product","link":"https:\/\/tiandeproducts.co.uk\/lt\/antioksidantinis-pilingas-veidui-su-kordicepsu-120g\/","title":{"rendered":"Antioksidantinis pilingas veidui su kordicepsu, 120g."},"content":{"rendered":"<p><img decoding=\"async\" style=\"max-width: 16px; margin-right: 5px;\" src=\"https:\/\/tiandeproducts.co.uk\/wp-content\/uploads\/points-green.svg\" \/>\u00a0Earn 10 points worth \u00a30.50 when buying this product<\/p>\n<p>Greitai ir \u0161velniai pa\u0161alina pavir\u0161in\u012f negyv\u0173 l\u0105steli\u0173 sluoksn\u012f, i\u0161valo ir sutraukia i\u0161sipl\u0117tusias poras, reguliuoja riebalini\u0173 liauk\u0173 darb\u0105, veikia antibakteri\u0161kai. Pilingas saugiai valo od\u0105 nuo makia\u017eo, riebal\u0173 liku\u010di\u0173 ir kit\u0173 ne\u0161varum\u0173, nepa\u017eeid\u017eia epiderminio barjero, nesukelia alergijos. Priemon\u0117 lygina smulkias rauk\u0161leles, naikina pigmentines d\u0117m\u0117s ir randelius\u00a0po spuog\u0173, skatina kolageno ir elastino gamyb\u0105. Oda tampa \u0161velni, skaisti, sveika ir elastinga.<\/p>\n<p>Priemon\u0117s sud\u0117tyje &#8211; daugiau nei 98% nat\u016brali\u0173 gamtini\u0173 komponent\u0173! Aktyviosios med\u017eiagos suteikia kokybi\u0161k\u0105 sausos ir jautrios odos dr\u0117kinim\u0105, skatina odos l\u0105steli\u0173 atsinaujinim\u0105, nat\u016braliai stabdomas odos sen\u0117jimo procesas.<\/p>\n<p><strong>Tinka visiems odos tipams<\/strong><\/p>\n<ol>\n<li>riebiai odai &#8211; 2-3 kartus per savait\u0119;<\/li>\n<li>normaliai odai &#8211; 1-2 kartus per savait\u0119;<\/li>\n<li>sausai ir jautriai odai &#8211; 1 kart\u0105 per 2 savaites.<\/li>\n<\/ol>\n<p><strong>Veikliosios med\u017eiagos:<\/strong><\/p>\n<p><strong>AHA (alfa hidroksi r\u016bg\u0161tis)<\/strong>. AHA r\u016bg\u0161\u010di\u0173 grupei priklauso glikolio (da\u017eniausiai pasitaikanti), pieno, migdol\u0173, citrin\u0173, obuoli\u0173, vyno ir kt. r\u016bg\u0161tys. Jos efektyviai kovoja su spuogais, \u0161alina fotosen\u0117jimo po\u017eymius &#8211; rauk\u0161leles, pigmentines d\u0117mes; padeda odai atsinaujinti &#8211; pagreitina odos l\u0105steli\u0173 regeneracijos cikl\u0105, pritraukia dr\u0117gm\u0119, skatinta kolageno sintez\u0119 (patenka \u012f gilesnius odos sluoksnius). Obuoli\u0173 r\u016bg\u0161tis yra viena i\u0161 pa\u010di\u0173 populiariausi\u0173 AHA r\u016bg\u0161\u010di\u0173, kuri randama daugelyje vaisi\u0173 ir dar\u017eovi\u0173, da\u017eniausiai obuoliuose ir pomidoruose. Ji tirpina riebal\u0173 kam\u0161\u010dius porose, valo negyvas odos l\u0105steles. R\u016bg\u0161tis stimuliuoja atsinaujinimo procesus, aktyvina nat\u016bralius odos dr\u0117kinimo procesus, stiprina kolageno ir hialurono r\u016bg\u0161ties sintez\u0119, kas prisotina od\u0105 dr\u0117gme.<\/p>\n<p><strong>\u017daliosios arbatos ekstrakto<\/strong>\u00a0sud\u0117tyje yra vitamin\u0173 C, E, B1, K, P ir \u017ealiosios arbatos eterinio aliejaus. Veiklioji med\u017eiaga turi daug polifenoli\u0173 (nat\u016brali augaluose esanti fitochemin\u0117 med\u017eiaga) ir antioksidant\u0173, kurie saugo od\u0105 nuo kenksmingo laisv\u0173j\u0173 radikal\u0173 poveikio. Didelis antiokasidant\u0173 kiekis esantis \u017ealiosios arbatos ekstrakte padeda apsaugoti od\u0105 nuo u\u017edegim\u0173, transdermalinio dr\u0117gm\u0117s praradimo (neleid\u017eia suirti lipidinei odos pl\u0117velei, kuri saugo odos epidermio barjer\u0105 nuo pa\u017eeidim\u0173). Ekstraktas dr\u0117kina, apsaugo od\u0105 nuo paraudimo ir kapiliar\u0173 i\u0161sipl\u0117timo, veikia kaip antiseptikas.<\/p>\n<p><strong>Kordicepso ekstraktas<\/strong>\u00a0\u2013 stiprus antioksidantas, turintis labai galingas adaptogenines savybes. Jo sud\u0117tyje yra beta karotino (provitaminas A), vitamin\u0173 E ir C, mineral\u0173 \u2013 seleno ir cinko, koenzimo Q10, imunomoduliuojam\u0173j\u0173 polisacharid\u0173. Ekstraktas saugo odos l\u0105steles nuo griaunan\u010dio laisv\u0173j\u0173 radikal\u0173 poveikio, stabdo daugelio mikrob\u0173 bei bakterij\u0173 dauginim\u0105si.<\/p>\n<p>&nbsp;<\/p>\n","protected":false},"excerpt":{"rendered":"<p>\u00a0Earn 10 points worth \u00a30.50 when buying this product Greitai ir \u0161velniai pa\u0161alina pavir\u0161in\u012f negyv\u0173 l\u0105steli\u0173 sluoksn\u012f, i\u0161valo ir sutraukia i\u0161sipl\u0117tusias poras, reguliuoja riebalini\u0173 liauk\u0173 darb\u0105, veikia antibakteri\u0161kai. Pilingas saugiai valo od\u0105 nuo makia\u017eo, riebal\u0173 liku\u010di\u0173 ir kit\u0173 ne\u0161varum\u0173, nepa\u017eeid\u017eia epiderminio barjero, nesukelia alergijos. Priemon\u0117 lygina smulkias rauk\u0161leles, naikina pigmentines d\u0117m\u0117s ir randelius\u00a0po spuog\u0173, skatina [&#8230;]\n","protected":false},"featured_media":1585,"comment_status":"closed","ping_status":"closed","template":"","meta":[],"product_cat":[525,532,580,561,506],"product_tag":[],"class_list":{"0":"post-3728","1":"product","2":"type-product","3":"status-publish","4":"has-post-thumbnail","6":"product_cat-antioksidantai","7":"product_cat-jautriai-odai","8":"product_cat-phytocode-lt","9":"product_cat-veido-prausikliaipilingai","10":"product_cat-veidui","12":"first","13":"instock","14":"shipping-taxable","15":"purchasable","16":"product-type-simple"},"yoast_head":"<!-- This site is optimized with the Yoast SEO plugin v23.6 - https:\/\/yoast.com\/wordpress\/plugins\/seo\/ -->\n<title>Antioksidantinis pilingas veidui su kordicepsu, 120g. - TianDe Online Shop - Beauty &amp; Health<\/title>\n<meta name=\"robots\" content=\"index, follow, max-snippet:-1, max-image-preview:large, max-video-preview:-1\" \/>\n<link rel=\"canonical\" href=\"https:\/\/tiandeproducts.co.uk\/lt\/antioksidantinis-pilingas-veidui-su-kordicepsu-120g\/\" \/>\n<meta property=\"og:locale\" content=\"lt_LT\" \/>\n<meta property=\"og:type\" content=\"article\" \/>\n<meta property=\"og:title\" content=\"Antioksidantinis pilingas veidui su kordicepsu, 120g. - TianDe Online Shop - Beauty &amp; Health\" \/>\n<meta property=\"og:description\" content=\"\u00a0Earn 10 points worth \u00a30.50 when buying this product Greitai ir \u0161velniai pa\u0161alina pavir\u0161in\u012f negyv\u0173 l\u0105steli\u0173 sluoksn\u012f, i\u0161valo ir sutraukia i\u0161sipl\u0117tusias poras, reguliuoja riebalini\u0173 liauk\u0173 darb\u0105, veikia antibakteri\u0161kai. Pilingas saugiai valo od\u0105 nuo makia\u017eo, riebal\u0173 liku\u010di\u0173 ir kit\u0173 ne\u0161varum\u0173, nepa\u017eeid\u017eia epiderminio barjero, nesukelia alergijos. Priemon\u0117 lygina smulkias rauk\u0161leles, naikina pigmentines d\u0117m\u0117s ir randelius\u00a0po spuog\u0173, skatina [...]\" \/>\n<meta property=\"og:url\" content=\"https:\/\/tiandeproducts.co.uk\/lt\/antioksidantinis-pilingas-veidui-su-kordicepsu-120g\/\" \/>\n<meta property=\"og:site_name\" content=\"TianDe Online Shop - Beauty &amp; Health\" \/>\n<meta property=\"article:publisher\" content=\"https:\/\/www.facebook.com\/tiande.products.england\/\" \/>\n<meta property=\"article:modified_time\" content=\"2021-02-12T12:54:52+00:00\" \/>\n<meta property=\"og:image\" content=\"https:\/\/tiandeproducts.co.uk\/wp-content\/uploads\/2017\/04\/15205.jpg\" \/>\n\t<meta property=\"og:image:width\" content=\"800\" \/>\n\t<meta property=\"og:image:height\" content=\"800\" \/>\n\t<meta property=\"og:image:type\" content=\"image\/jpeg\" \/>\n<meta name=\"twitter:card\" content=\"summary_large_image\" \/>\n<meta name=\"twitter:label1\" content=\"Est. reading time\" \/>\n\t<meta name=\"twitter:data1\" content=\"2 minut\u0117s\" \/>\n<script type=\"application\/ld+json\" class=\"yoast-schema-graph\">{\"@context\":\"https:\/\/schema.org\",\"@graph\":[{\"@type\":\"WebPage\",\"@id\":\"https:\/\/tiandeproducts.co.uk\/lt\/antioksidantinis-pilingas-veidui-su-kordicepsu-120g\/\",\"url\":\"https:\/\/tiandeproducts.co.uk\/lt\/antioksidantinis-pilingas-veidui-su-kordicepsu-120g\/\",\"name\":\"Antioksidantinis pilingas veidui su kordicepsu, 120g. - TianDe Online Shop - Beauty &amp; Health\",\"isPartOf\":{\"@id\":\"https:\/\/tiandeproducts.co.uk\/#website\"},\"primaryImageOfPage\":{\"@id\":\"https:\/\/tiandeproducts.co.uk\/lt\/antioksidantinis-pilingas-veidui-su-kordicepsu-120g\/#primaryimage\"},\"image\":{\"@id\":\"https:\/\/tiandeproducts.co.uk\/lt\/antioksidantinis-pilingas-veidui-su-kordicepsu-120g\/#primaryimage\"},\"thumbnailUrl\":\"https:\/\/tiandeproducts.co.uk\/wp-content\/uploads\/2017\/04\/15205.jpg\",\"datePublished\":\"2017-04-01T12:34:52+00:00\",\"dateModified\":\"2021-02-12T12:54:52+00:00\",\"breadcrumb\":{\"@id\":\"https:\/\/tiandeproducts.co.uk\/lt\/antioksidantinis-pilingas-veidui-su-kordicepsu-120g\/#breadcrumb\"},\"inLanguage\":\"lt-LT\",\"potentialAction\":[{\"@type\":\"ReadAction\",\"target\":[\"https:\/\/tiandeproducts.co.uk\/lt\/antioksidantinis-pilingas-veidui-su-kordicepsu-120g\/\"]}]},{\"@type\":\"ImageObject\",\"inLanguage\":\"lt-LT\",\"@id\":\"https:\/\/tiandeproducts.co.uk\/lt\/antioksidantinis-pilingas-veidui-su-kordicepsu-120g\/#primaryimage\",\"url\":\"https:\/\/tiandeproducts.co.uk\/wp-content\/uploads\/2017\/04\/15205.jpg\",\"contentUrl\":\"https:\/\/tiandeproducts.co.uk\/wp-content\/uploads\/2017\/04\/15205.jpg\",\"width\":800,\"height\":800,\"caption\":\"\\\"Phytocode\\\" Anti-oxidant facial exfoliant,120g-0\"},{\"@type\":\"BreadcrumbList\",\"@id\":\"https:\/\/tiandeproducts.co.uk\/lt\/antioksidantinis-pilingas-veidui-su-kordicepsu-120g\/#breadcrumb\",\"itemListElement\":[{\"@type\":\"ListItem\",\"position\":1,\"name\":\"Home\",\"item\":\"https:\/\/tiandeproducts.co.uk\/lt\/\"},{\"@type\":\"ListItem\",\"position\":2,\"name\":\"Shop\",\"item\":\"https:\/\/tiandeproducts.co.uk\/lt\/shop-2\/\"},{\"@type\":\"ListItem\",\"position\":3,\"name\":\"Antioksidantinis pilingas veidui su kordicepsu, 120g.\"}]},{\"@type\":\"WebSite\",\"@id\":\"https:\/\/tiandeproducts.co.uk\/#website\",\"url\":\"https:\/\/tiandeproducts.co.uk\/\",\"name\":\"TianDe Online Shop - Beauty & Health\",\"description\":\"Traditional Chinese Medicine\",\"potentialAction\":[{\"@type\":\"SearchAction\",\"target\":{\"@type\":\"EntryPoint\",\"urlTemplate\":\"https:\/\/tiandeproducts.co.uk\/?s={search_term_string}\"},\"query-input\":{\"@type\":\"PropertyValueSpecification\",\"valueRequired\":true,\"valueName\":\"search_term_string\"}}],\"inLanguage\":\"lt-LT\"}]}<\/script>\n<!-- \/ Yoast SEO plugin. -->","yoast_head_json":{"title":"Antioksidantinis pilingas veidui su kordicepsu, 120g. - TianDe Online Shop - Beauty &amp; Health","robots":{"index":"index","follow":"follow","max-snippet":"max-snippet:-1","max-image-preview":"max-image-preview:large","max-video-preview":"max-video-preview:-1"},"canonical":"https:\/\/tiandeproducts.co.uk\/lt\/antioksidantinis-pilingas-veidui-su-kordicepsu-120g\/","og_locale":"lt_LT","og_type":"article","og_title":"Antioksidantinis pilingas veidui su kordicepsu, 120g. - TianDe Online Shop - Beauty &amp; Health","og_description":"\u00a0Earn 10 points worth \u00a30.50 when buying this product Greitai ir \u0161velniai pa\u0161alina pavir\u0161in\u012f negyv\u0173 l\u0105steli\u0173 sluoksn\u012f, i\u0161valo ir sutraukia i\u0161sipl\u0117tusias poras, reguliuoja riebalini\u0173 liauk\u0173 darb\u0105, veikia antibakteri\u0161kai. Pilingas saugiai valo od\u0105 nuo makia\u017eo, riebal\u0173 liku\u010di\u0173 ir kit\u0173 ne\u0161varum\u0173, nepa\u017eeid\u017eia epiderminio barjero, nesukelia alergijos. Priemon\u0117 lygina smulkias rauk\u0161leles, naikina pigmentines d\u0117m\u0117s ir randelius\u00a0po spuog\u0173, skatina [...]","og_url":"https:\/\/tiandeproducts.co.uk\/lt\/antioksidantinis-pilingas-veidui-su-kordicepsu-120g\/","og_site_name":"TianDe Online Shop - Beauty &amp; Health","article_publisher":"https:\/\/www.facebook.com\/tiande.products.england\/","article_modified_time":"2021-02-12T12:54:52+00:00","og_image":[{"width":800,"height":800,"url":"https:\/\/tiandeproducts.co.uk\/wp-content\/uploads\/2017\/04\/15205.jpg","type":"image\/jpeg"}],"twitter_card":"summary_large_image","twitter_misc":{"Est. reading time":"2 minut\u0117s"},"schema":{"@context":"https:\/\/schema.org","@graph":[{"@type":"WebPage","@id":"https:\/\/tiandeproducts.co.uk\/lt\/antioksidantinis-pilingas-veidui-su-kordicepsu-120g\/","url":"https:\/\/tiandeproducts.co.uk\/lt\/antioksidantinis-pilingas-veidui-su-kordicepsu-120g\/","name":"Antioksidantinis pilingas veidui su kordicepsu, 120g. - TianDe Online Shop - Beauty &amp; Health","isPartOf":{"@id":"https:\/\/tiandeproducts.co.uk\/#website"},"primaryImageOfPage":{"@id":"https:\/\/tiandeproducts.co.uk\/lt\/antioksidantinis-pilingas-veidui-su-kordicepsu-120g\/#primaryimage"},"image":{"@id":"https:\/\/tiandeproducts.co.uk\/lt\/antioksidantinis-pilingas-veidui-su-kordicepsu-120g\/#primaryimage"},"thumbnailUrl":"https:\/\/tiandeproducts.co.uk\/wp-content\/uploads\/2017\/04\/15205.jpg","datePublished":"2017-04-01T12:34:52+00:00","dateModified":"2021-02-12T12:54:52+00:00","breadcrumb":{"@id":"https:\/\/tiandeproducts.co.uk\/lt\/antioksidantinis-pilingas-veidui-su-kordicepsu-120g\/#breadcrumb"},"inLanguage":"lt-LT","potentialAction":[{"@type":"ReadAction","target":["https:\/\/tiandeproducts.co.uk\/lt\/antioksidantinis-pilingas-veidui-su-kordicepsu-120g\/"]}]},{"@type":"ImageObject","inLanguage":"lt-LT","@id":"https:\/\/tiandeproducts.co.uk\/lt\/antioksidantinis-pilingas-veidui-su-kordicepsu-120g\/#primaryimage","url":"https:\/\/tiandeproducts.co.uk\/wp-content\/uploads\/2017\/04\/15205.jpg","contentUrl":"https:\/\/tiandeproducts.co.uk\/wp-content\/uploads\/2017\/04\/15205.jpg","width":800,"height":800,"caption":"\"Phytocode\" Anti-oxidant facial exfoliant,120g-0"},{"@type":"BreadcrumbList","@id":"https:\/\/tiandeproducts.co.uk\/lt\/antioksidantinis-pilingas-veidui-su-kordicepsu-120g\/#breadcrumb","itemListElement":[{"@type":"ListItem","position":1,"name":"Home","item":"https:\/\/tiandeproducts.co.uk\/lt\/"},{"@type":"ListItem","position":2,"name":"Shop","item":"https:\/\/tiandeproducts.co.uk\/lt\/shop-2\/"},{"@type":"ListItem","position":3,"name":"Antioksidantinis pilingas veidui su kordicepsu, 120g."}]},{"@type":"WebSite","@id":"https:\/\/tiandeproducts.co.uk\/#website","url":"https:\/\/tiandeproducts.co.uk\/","name":"TianDe Online Shop - Beauty & Health","description":"Traditional Chinese Medicine","potentialAction":[{"@type":"SearchAction","target":{"@type":"EntryPoint","urlTemplate":"https:\/\/tiandeproducts.co.uk\/?s={search_term_string}"},"query-input":{"@type":"PropertyValueSpecification","valueRequired":true,"valueName":"search_term_string"}}],"inLanguage":"lt-LT"}]}},"_links":{"self":[{"href":"https:\/\/tiandeproducts.co.uk\/lt\/wp-json\/wp\/v2\/product\/3728","targetHints":{"allow":["GET"]}}],"collection":[{"href":"https:\/\/tiandeproducts.co.uk\/lt\/wp-json\/wp\/v2\/product"}],"about":[{"href":"https:\/\/tiandeproducts.co.uk\/lt\/wp-json\/wp\/v2\/types\/product"}],"replies":[{"embeddable":true,"href":"https:\/\/tiandeproducts.co.uk\/lt\/wp-json\/wp\/v2\/comments?post=3728"}],"wp:featuredmedia":[{"embeddable":true,"href":"https:\/\/tiandeproducts.co.uk\/lt\/wp-json\/wp\/v2\/media\/1585"}],"wp:attachment":[{"href":"https:\/\/tiandeproducts.co.uk\/lt\/wp-json\/wp\/v2\/media?parent=3728"}],"wp:term":[{"taxonomy":"product_cat","embeddable":true,"href":"https:\/\/tiandeproducts.co.uk\/lt\/wp-json\/wp\/v2\/product_cat?post=3728"},{"taxonomy":"product_tag","embeddable":true,"href":"https:\/\/tiandeproducts.co.uk\/lt\/wp-json\/wp\/v2\/product_tag?post=3728"}],"curies":[{"name":"wp","href":"https:\/\/api.w.org\/{rel}","templated":true}]}}