{"id":3726,"date":"2017-04-01T13:40:59","date_gmt":"2017-04-01T12:40:59","guid":{"rendered":"https:\/\/tnd.ontesting.co.uk\/ypac-minkstas-prausimosi-gelis-120g\/"},"modified":"2021-02-12T12:54:05","modified_gmt":"2021-02-12T12:54:05","slug":"ypac-minkstas-prausimosi-gelis-120g","status":"publish","type":"product","link":"https:\/\/tiandeproducts.co.uk\/lt\/ypac-minkstas-prausimosi-gelis-120g\/","title":{"rendered":"Ypa\u010d mink\u0161tas prausimosi gelis, 120g."},"content":{"rendered":"<p><img decoding=\"async\" style=\"max-width: 16px; margin-right: 5px;\" src=\"https:\/\/tiandeproducts.co.uk\/wp-content\/uploads\/points-green.svg\" \/>\u00a0Earn 8 points worth \u00a30.40 when buying this product<\/p>\n<p>Ypatingai saugus, puikiai toleruojamas, mink\u0161tas gelinis veido prausiklis efektyviai valo veido ir kaklo od\u0105, lengvai pa\u0161alina makia\u017e\u0105, odos riebal\u0173 pertekli\u0173 ir kitus ne\u0161varumus. Prausiklis giliai valo, nesausina, nesukelia paraudim\u0173. Sud\u0117tyje esantis \u017ealiosios arbatos ekstraktas atlieka gamtinio UV filtro vaidmen\u012f, kartu suteikia antioksidantin\u0119 apsaug\u0105, kuri padeda i\u0161vengti ankstyvo sen\u0117jimo. Labai mink\u0161ta gelio konsistencija maloniai valo tiek jautri\u0105 bei kaprizing\u0105, tiek perteklin\u012f riebal\u0173 kiek\u012f i\u0161skirian\u010di\u0105 od\u0105.<\/p>\n<p>\u017daliosios arbatos ekstrakto biocheminis poveikis skirstomas \u012f: antioksidacin\u012f, prie\u0161u\u017edegimin\u012f, antikancerogenin\u012f ir saugant\u012f nuo kenksming\u0173 saul\u0117s spinduli\u0173. \u0160is ekstraktas i\u0161 vis\u0173 \u017einom\u0173 nat\u016brali\u0173 priemoni\u0173 bene stipriausiai saugo od\u0105 nuo negatyvaus laisv\u0173j\u0173 radikal\u0173 poveikio. \u017dalioje arbatoje esantys polifenoliai skatina kolageno aktyvum\u0105, slopina odos pigmentacijos procesus. Naudojant ekstrakt\u0105 ilg\u0105 laik\u0105 (apie 6 m\u0117n.) &#8211; \u017eenkliai suma\u017e\u0117ja riebalini\u0173 liauk\u0173 sekrecija, nyksta spuogai, susitraukia poros. \u017daliosios arbatos ekstraktas neutralizuoja daugel\u012f pasitaikan\u010di\u0173 virus\u0173 ir teigiamai veikia u\u017edegiminius ta\u0161kus (u\u017esikim\u0161usias poras).<\/p>\n<p><strong>Naudojimas<\/strong>: sudr\u0117kint\u0105 od\u0105 patepkite prausikliu, \u0161velniai ir kruop\u0161\u010diai pamasa\u017euokite, po to nuplaukite \u0161iltu vandeniu. Galima naudoti kartu su kempin\u0117le.<\/p>\n<p><strong>Veikliosios savyb\u0117s<\/strong>:<\/p>\n<p><strong>\u017daliosios arbatos ekstraktas<\/strong>\u00a0&#8211; galingas antioksidantas ir antiseptikas &#8211; apsaugo od\u0105 nuo laisv\u0173j\u0173 radikal\u0173, \u0161velnina neigiam\u0105 saul\u0117s spinduli\u0173 poveik\u012f, apsaugo od\u0105 nuo paraudimo ir kapiliar\u0173 i\u0161sipl\u0117timo. Aktyviosios med\u017eiagos ramina ir tonizuoja od\u0105, sutraukia poras, gerina odos spalv\u0105, apsaugo nuo fotosen\u0117jimo.<\/p>\n","protected":false},"excerpt":{"rendered":"<p>\u00a0Earn 8 points worth \u00a30.40 when buying this product Ypatingai saugus, puikiai toleruojamas, mink\u0161tas gelinis veido prausiklis efektyviai valo veido ir kaklo od\u0105, lengvai pa\u0161alina makia\u017e\u0105, odos riebal\u0173 pertekli\u0173 ir kitus ne\u0161varumus. Prausiklis giliai valo, nesausina, nesukelia paraudim\u0173. Sud\u0117tyje esantis \u017ealiosios arbatos ekstraktas atlieka gamtinio UV filtro vaidmen\u012f, kartu suteikia antioksidantin\u0119 apsaug\u0105, kuri padeda i\u0161vengti [&#8230;]\n","protected":false},"featured_media":1590,"comment_status":"closed","ping_status":"closed","template":"","meta":[],"product_cat":[717,525,567,580,506],"product_tag":[],"class_list":{"0":"post-3726","1":"product","2":"type-product","3":"status-publish","4":"has-post-thumbnail","6":"product_cat-akcijos","7":"product_cat-antioksidantai","8":"product_cat-drekinimas-ir-maitinimas","9":"product_cat-phytocode-lt","10":"product_cat-veidui","12":"first","13":"instock","14":"sale","15":"shipping-taxable","16":"purchasable","17":"product-type-simple"},"yoast_head":"<!-- This site is optimized with the Yoast SEO plugin v23.6 - https:\/\/yoast.com\/wordpress\/plugins\/seo\/ -->\n<title>Ypa\u010d mink\u0161tas prausimosi gelis, 120g. - TianDe Online Shop - Beauty &amp; Health<\/title>\n<meta name=\"robots\" content=\"index, follow, max-snippet:-1, max-image-preview:large, max-video-preview:-1\" \/>\n<link rel=\"canonical\" href=\"https:\/\/tiandeproducts.co.uk\/lt\/ypac-minkstas-prausimosi-gelis-120g\/\" \/>\n<meta property=\"og:locale\" content=\"lt_LT\" \/>\n<meta property=\"og:type\" content=\"article\" \/>\n<meta property=\"og:title\" content=\"Ypa\u010d mink\u0161tas prausimosi gelis, 120g. - TianDe Online Shop - Beauty &amp; Health\" \/>\n<meta property=\"og:description\" content=\"\u00a0Earn 8 points worth \u00a30.40 when buying this product Ypatingai saugus, puikiai toleruojamas, mink\u0161tas gelinis veido prausiklis efektyviai valo veido ir kaklo od\u0105, lengvai pa\u0161alina makia\u017e\u0105, odos riebal\u0173 pertekli\u0173 ir kitus ne\u0161varumus. Prausiklis giliai valo, nesausina, nesukelia paraudim\u0173. Sud\u0117tyje esantis \u017ealiosios arbatos ekstraktas atlieka gamtinio UV filtro vaidmen\u012f, kartu suteikia antioksidantin\u0119 apsaug\u0105, kuri padeda i\u0161vengti [...]\" \/>\n<meta property=\"og:url\" content=\"https:\/\/tiandeproducts.co.uk\/lt\/ypac-minkstas-prausimosi-gelis-120g\/\" \/>\n<meta property=\"og:site_name\" content=\"TianDe Online Shop - Beauty &amp; Health\" \/>\n<meta property=\"article:publisher\" content=\"https:\/\/www.facebook.com\/tiande.products.england\/\" \/>\n<meta property=\"article:modified_time\" content=\"2021-02-12T12:54:05+00:00\" \/>\n<meta property=\"og:image\" content=\"https:\/\/tiandeproducts.co.uk\/wp-content\/uploads\/2017\/04\/15204.jpg\" \/>\n\t<meta property=\"og:image:width\" content=\"800\" \/>\n\t<meta property=\"og:image:height\" content=\"800\" \/>\n\t<meta property=\"og:image:type\" content=\"image\/jpeg\" \/>\n<meta name=\"twitter:card\" content=\"summary_large_image\" \/>\n<meta name=\"twitter:label1\" content=\"Est. reading time\" \/>\n\t<meta name=\"twitter:data1\" content=\"1 minut\u0117\" \/>\n<script type=\"application\/ld+json\" class=\"yoast-schema-graph\">{\"@context\":\"https:\/\/schema.org\",\"@graph\":[{\"@type\":\"WebPage\",\"@id\":\"https:\/\/tiandeproducts.co.uk\/lt\/ypac-minkstas-prausimosi-gelis-120g\/\",\"url\":\"https:\/\/tiandeproducts.co.uk\/lt\/ypac-minkstas-prausimosi-gelis-120g\/\",\"name\":\"Ypa\u010d mink\u0161tas prausimosi gelis, 120g. - TianDe Online Shop - Beauty &amp; Health\",\"isPartOf\":{\"@id\":\"https:\/\/tiandeproducts.co.uk\/#website\"},\"primaryImageOfPage\":{\"@id\":\"https:\/\/tiandeproducts.co.uk\/lt\/ypac-minkstas-prausimosi-gelis-120g\/#primaryimage\"},\"image\":{\"@id\":\"https:\/\/tiandeproducts.co.uk\/lt\/ypac-minkstas-prausimosi-gelis-120g\/#primaryimage\"},\"thumbnailUrl\":\"https:\/\/tiandeproducts.co.uk\/wp-content\/uploads\/2017\/04\/15204.jpg\",\"datePublished\":\"2017-04-01T12:40:59+00:00\",\"dateModified\":\"2021-02-12T12:54:05+00:00\",\"breadcrumb\":{\"@id\":\"https:\/\/tiandeproducts.co.uk\/lt\/ypac-minkstas-prausimosi-gelis-120g\/#breadcrumb\"},\"inLanguage\":\"lt-LT\",\"potentialAction\":[{\"@type\":\"ReadAction\",\"target\":[\"https:\/\/tiandeproducts.co.uk\/lt\/ypac-minkstas-prausimosi-gelis-120g\/\"]}]},{\"@type\":\"ImageObject\",\"inLanguage\":\"lt-LT\",\"@id\":\"https:\/\/tiandeproducts.co.uk\/lt\/ypac-minkstas-prausimosi-gelis-120g\/#primaryimage\",\"url\":\"https:\/\/tiandeproducts.co.uk\/wp-content\/uploads\/2017\/04\/15204.jpg\",\"contentUrl\":\"https:\/\/tiandeproducts.co.uk\/wp-content\/uploads\/2017\/04\/15204.jpg\",\"width\":800,\"height\":800,\"caption\":\"\\\"Phytocode\\\" Ultra Gentle Cleanser,Effectively Removes Skin Dirt,120g-0\"},{\"@type\":\"BreadcrumbList\",\"@id\":\"https:\/\/tiandeproducts.co.uk\/lt\/ypac-minkstas-prausimosi-gelis-120g\/#breadcrumb\",\"itemListElement\":[{\"@type\":\"ListItem\",\"position\":1,\"name\":\"Home\",\"item\":\"https:\/\/tiandeproducts.co.uk\/lt\/\"},{\"@type\":\"ListItem\",\"position\":2,\"name\":\"Shop\",\"item\":\"https:\/\/tiandeproducts.co.uk\/lt\/shop-2\/\"},{\"@type\":\"ListItem\",\"position\":3,\"name\":\"Ypa\u010d mink\u0161tas prausimosi gelis, 120g.\"}]},{\"@type\":\"WebSite\",\"@id\":\"https:\/\/tiandeproducts.co.uk\/#website\",\"url\":\"https:\/\/tiandeproducts.co.uk\/\",\"name\":\"TianDe Online Shop - Beauty & Health\",\"description\":\"Traditional Chinese Medicine\",\"potentialAction\":[{\"@type\":\"SearchAction\",\"target\":{\"@type\":\"EntryPoint\",\"urlTemplate\":\"https:\/\/tiandeproducts.co.uk\/?s={search_term_string}\"},\"query-input\":{\"@type\":\"PropertyValueSpecification\",\"valueRequired\":true,\"valueName\":\"search_term_string\"}}],\"inLanguage\":\"lt-LT\"}]}<\/script>\n<!-- \/ Yoast SEO plugin. -->","yoast_head_json":{"title":"Ypa\u010d mink\u0161tas prausimosi gelis, 120g. - TianDe Online Shop - Beauty &amp; Health","robots":{"index":"index","follow":"follow","max-snippet":"max-snippet:-1","max-image-preview":"max-image-preview:large","max-video-preview":"max-video-preview:-1"},"canonical":"https:\/\/tiandeproducts.co.uk\/lt\/ypac-minkstas-prausimosi-gelis-120g\/","og_locale":"lt_LT","og_type":"article","og_title":"Ypa\u010d mink\u0161tas prausimosi gelis, 120g. - TianDe Online Shop - Beauty &amp; Health","og_description":"\u00a0Earn 8 points worth \u00a30.40 when buying this product Ypatingai saugus, puikiai toleruojamas, mink\u0161tas gelinis veido prausiklis efektyviai valo veido ir kaklo od\u0105, lengvai pa\u0161alina makia\u017e\u0105, odos riebal\u0173 pertekli\u0173 ir kitus ne\u0161varumus. Prausiklis giliai valo, nesausina, nesukelia paraudim\u0173. Sud\u0117tyje esantis \u017ealiosios arbatos ekstraktas atlieka gamtinio UV filtro vaidmen\u012f, kartu suteikia antioksidantin\u0119 apsaug\u0105, kuri padeda i\u0161vengti [...]","og_url":"https:\/\/tiandeproducts.co.uk\/lt\/ypac-minkstas-prausimosi-gelis-120g\/","og_site_name":"TianDe Online Shop - Beauty &amp; Health","article_publisher":"https:\/\/www.facebook.com\/tiande.products.england\/","article_modified_time":"2021-02-12T12:54:05+00:00","og_image":[{"width":800,"height":800,"url":"https:\/\/tiandeproducts.co.uk\/wp-content\/uploads\/2017\/04\/15204.jpg","type":"image\/jpeg"}],"twitter_card":"summary_large_image","twitter_misc":{"Est. reading time":"1 minut\u0117"},"schema":{"@context":"https:\/\/schema.org","@graph":[{"@type":"WebPage","@id":"https:\/\/tiandeproducts.co.uk\/lt\/ypac-minkstas-prausimosi-gelis-120g\/","url":"https:\/\/tiandeproducts.co.uk\/lt\/ypac-minkstas-prausimosi-gelis-120g\/","name":"Ypa\u010d mink\u0161tas prausimosi gelis, 120g. - TianDe Online Shop - Beauty &amp; Health","isPartOf":{"@id":"https:\/\/tiandeproducts.co.uk\/#website"},"primaryImageOfPage":{"@id":"https:\/\/tiandeproducts.co.uk\/lt\/ypac-minkstas-prausimosi-gelis-120g\/#primaryimage"},"image":{"@id":"https:\/\/tiandeproducts.co.uk\/lt\/ypac-minkstas-prausimosi-gelis-120g\/#primaryimage"},"thumbnailUrl":"https:\/\/tiandeproducts.co.uk\/wp-content\/uploads\/2017\/04\/15204.jpg","datePublished":"2017-04-01T12:40:59+00:00","dateModified":"2021-02-12T12:54:05+00:00","breadcrumb":{"@id":"https:\/\/tiandeproducts.co.uk\/lt\/ypac-minkstas-prausimosi-gelis-120g\/#breadcrumb"},"inLanguage":"lt-LT","potentialAction":[{"@type":"ReadAction","target":["https:\/\/tiandeproducts.co.uk\/lt\/ypac-minkstas-prausimosi-gelis-120g\/"]}]},{"@type":"ImageObject","inLanguage":"lt-LT","@id":"https:\/\/tiandeproducts.co.uk\/lt\/ypac-minkstas-prausimosi-gelis-120g\/#primaryimage","url":"https:\/\/tiandeproducts.co.uk\/wp-content\/uploads\/2017\/04\/15204.jpg","contentUrl":"https:\/\/tiandeproducts.co.uk\/wp-content\/uploads\/2017\/04\/15204.jpg","width":800,"height":800,"caption":"\"Phytocode\" Ultra Gentle Cleanser,Effectively Removes Skin Dirt,120g-0"},{"@type":"BreadcrumbList","@id":"https:\/\/tiandeproducts.co.uk\/lt\/ypac-minkstas-prausimosi-gelis-120g\/#breadcrumb","itemListElement":[{"@type":"ListItem","position":1,"name":"Home","item":"https:\/\/tiandeproducts.co.uk\/lt\/"},{"@type":"ListItem","position":2,"name":"Shop","item":"https:\/\/tiandeproducts.co.uk\/lt\/shop-2\/"},{"@type":"ListItem","position":3,"name":"Ypa\u010d mink\u0161tas prausimosi gelis, 120g."}]},{"@type":"WebSite","@id":"https:\/\/tiandeproducts.co.uk\/#website","url":"https:\/\/tiandeproducts.co.uk\/","name":"TianDe Online Shop - Beauty & Health","description":"Traditional Chinese Medicine","potentialAction":[{"@type":"SearchAction","target":{"@type":"EntryPoint","urlTemplate":"https:\/\/tiandeproducts.co.uk\/?s={search_term_string}"},"query-input":{"@type":"PropertyValueSpecification","valueRequired":true,"valueName":"search_term_string"}}],"inLanguage":"lt-LT"}]}},"_links":{"self":[{"href":"https:\/\/tiandeproducts.co.uk\/lt\/wp-json\/wp\/v2\/product\/3726","targetHints":{"allow":["GET"]}}],"collection":[{"href":"https:\/\/tiandeproducts.co.uk\/lt\/wp-json\/wp\/v2\/product"}],"about":[{"href":"https:\/\/tiandeproducts.co.uk\/lt\/wp-json\/wp\/v2\/types\/product"}],"replies":[{"embeddable":true,"href":"https:\/\/tiandeproducts.co.uk\/lt\/wp-json\/wp\/v2\/comments?post=3726"}],"wp:featuredmedia":[{"embeddable":true,"href":"https:\/\/tiandeproducts.co.uk\/lt\/wp-json\/wp\/v2\/media\/1590"}],"wp:attachment":[{"href":"https:\/\/tiandeproducts.co.uk\/lt\/wp-json\/wp\/v2\/media?parent=3726"}],"wp:term":[{"taxonomy":"product_cat","embeddable":true,"href":"https:\/\/tiandeproducts.co.uk\/lt\/wp-json\/wp\/v2\/product_cat?post=3726"},{"taxonomy":"product_tag","embeddable":true,"href":"https:\/\/tiandeproducts.co.uk\/lt\/wp-json\/wp\/v2\/product_tag?post=3726"}],"curies":[{"name":"wp","href":"https:\/\/api.w.org\/{rel}","templated":true}]}}