{"id":3721,"date":"2017-04-01T09:37:25","date_gmt":"2017-04-01T08:37:25","guid":{"rendered":"https:\/\/tnd.ontesting.co.uk\/prausimosi-valymo-pienelis-veido-ir-dekolte-zonai-100g\/"},"modified":"2021-02-12T13:03:51","modified_gmt":"2021-02-12T13:03:51","slug":"prausimosi-valymo-pienelis-veido-ir-dekolte-zonai-100g","status":"publish","type":"product","link":"https:\/\/tiandeproducts.co.uk\/lt\/prausimosi-valymo-pienelis-veido-ir-dekolte-zonai-100g\/","title":{"rendered":"Prausimosi &#8211; valymo pienelis veido ir dekolte zonai, 100g."},"content":{"rendered":"<p><img decoding=\"async\" style=\"max-width: 16px; margin-right: 5px;\" src=\"https:\/\/tiandeproducts.co.uk\/wp-content\/uploads\/points-green.svg\" \/>\u00a0Earn 14 points worth \u00a30.70 when buying this product<\/p>\n<p>Pienelis ypa\u010d \u0161velniai pa\u0161alina odos ne\u0161varumus ir riebalus, dr\u0117kina ir gerina jos elastingum\u0105. \u0160velni perlamutrin\u0117 tekst\u016bra, nat\u016bral\u016bs j\u016bros dumbli\u0173 komponentai suteikia stangrumo, i\u0161valo poras, apsaugo od\u0105 nuo prie\u0161laikinio sen\u0117jimo, nesausina (dekolte taip pat). I\u0161skirtin\u0117s veikliosios med\u017eiagos mobilizuoja kamienines l\u0105steles, skatina audini\u0173 atsinaujinim\u0105, u\u017etikrina antioksidacin\u0119 l\u0105steli\u0173 apsaug\u0105, stimuliuoja atkuriamuosius procesus giluminiuose odos sluoksniuose. Be paraben\u0173 ir mineralini\u0173 aliej\u0173.<\/p>\n<p>Ankstyvos rauk\u0161l\u0117s, papilk\u0117jusi veido oda, netek\u0119s stangrumo ir dr\u0117gm\u0117s vir\u0161utinis odos sluoksnis &#8211; tai prie\u0161laikinio sen\u0117jimo po\u017eymiai. Fukoidanas &#8211; polisacharidas, i\u0161gaunamas i\u0161 ypatingos r\u016b\u0161ies j\u016br\u017eoli\u0173 &#8211; Japonin\u0117s laminarijos (rudieji j\u016bros dumbliai). Tai labai svarbus, \u017emogaus organizmui reikalingas polisacharidas, turintis ne\u012fkainojam\u0105 mineralin\u0119 sud\u0117t\u012f, stiprinantis imunin\u0119 sistem\u0105, atjauninantis ir net gydantis od\u0105. Kaip galingas oksidantas, fukoidanas u\u017etikrina kokybi\u0161k\u0105 odos l\u0105steli\u0173 regeneracij\u0105 ir antioksidacin\u0119 apsaug\u0105.<\/p>\n<p>Veido prie\u017ei\u016bros serija \u201eFukoidanas\u201c \u2013 \u0161iuolaikini\u0173 biotechnologij\u0173 prover\u017eis, su itin unikalia sud\u0117timi, sustabdys b\u0117gant\u012f laik\u0105 ir savo rezultatais nustebins kiekvien\u0105 moter\u012f.<\/p>\n<p><strong>Naudojimas:<\/strong><br \/>\nNedidel\u012f kiek\u012f pienelio delnuose sumai\u0161ykite su\u00a0trupu\u010diu \u0161ilto vandens, u\u017etepkite ant veido ir dekolte zonos, pamasa\u017euokite 1-2 min., nuplaukite vandeniu.<\/p>\n<p><strong>Veikliosios med\u017eiagos:<\/strong><\/p>\n<p><strong>Fukoz\u0117<\/strong>\u00a0&#8211; unikalus angliavandenis, kuris mobilizuoja kamienines l\u0105steles ir skatina audini\u0173 atsinaujinimo procesus. Aktyvioji med\u017eiaga didina odos elastingum\u0105, suma\u017eina augli\u0173 susidarymo (ant odos ir pood\u017eio sluoksniuose) rizik\u0105, sugra\u017eina odai stangrum\u0105 ir sveik\u0105 spalv\u0105, sul\u0117tina sen\u0117jimo procesus, u\u017etikrina pilnavert\u012f ir ilgalaik\u012f dr\u0117kinim\u0105.<\/p>\n<p><strong>Hialurono r\u016bg\u0161tis<\/strong>\u00a0suteikia liftingo efekt\u0105, didina odos elastingum\u0105, stangrina. Veiklioji med\u017eiaga ant odos pavir\u0161iaus sukuria orui pralaid\u0173 apsaugin\u012f sluoksn\u012f, tai apsaugo nuo dr\u0117gm\u0117s praradimo net gilesnius sluoksnius. Ji efektyviai pagreitina audini\u0173 l\u0105steli\u0173 atsinaujinimo procesus, gerina mikrocirkuliacij\u0105, skatina nauj\u0173 odos l\u0105steli\u0173 dauginim\u0105si, apsaugo nuo i\u0161orini\u0173 pa\u017eeidim\u0173 ir infekcij\u0173, sustiprina odos apsaugin\u012f sluoksn\u012f bei odos imunines savyb\u0117s. \u012edomu, kad hialurono r\u016bg\u0161ties molekul\u0117s gali pritraukti ir i\u0161laikyti net ~500 kart\u0173 u\u017e save didesn\u012f kiek\u012f vandens!<\/p>\n<p><strong>Vitaminas E<\/strong>\u00a0turi stiprias antioksidantines savybes, apsaugo nuo UV spinduli\u0173, jaunina, maitina ir dr\u0117kina od\u0105, stiprina epidermio hidrolipidin\u012f barjer\u0105.<\/p>\n","protected":false},"excerpt":{"rendered":"<p>\u00a0Earn 14 points worth \u00a30.70 when buying this product Pienelis ypa\u010d \u0161velniai pa\u0161alina odos ne\u0161varumus ir riebalus, dr\u0117kina ir gerina jos elastingum\u0105. \u0160velni perlamutrin\u0117 tekst\u016bra, nat\u016bral\u016bs j\u016bros dumbli\u0173 komponentai suteikia stangrumo, i\u0161valo poras, apsaugo od\u0105 nuo prie\u0161laikinio sen\u0117jimo, nesausina (dekolte taip pat). I\u0161skirtin\u0117s veikliosios med\u017eiagos mobilizuoja kamienines l\u0105steles, skatina audini\u0173 atsinaujinim\u0105, u\u017etikrina antioksidacin\u0119 l\u0105steli\u0173 apsaug\u0105, [&#8230;]\n","protected":false},"featured_media":1517,"comment_status":"closed","ping_status":"closed","template":"","meta":[],"product_cat":[564,561,506],"product_tag":[],"class_list":{"0":"post-3721","1":"product","2":"type-product","3":"status-publish","4":"has-post-thumbnail","6":"product_cat-fucoidan-lt","7":"product_cat-veido-prausikliaipilingai","8":"product_cat-veidui","10":"first","11":"instock","12":"shipping-taxable","13":"purchasable","14":"product-type-simple"},"yoast_head":"<!-- This site is optimized with the Yoast SEO plugin v23.6 - https:\/\/yoast.com\/wordpress\/plugins\/seo\/ -->\n<title>Prausimosi - valymo pienelis veido ir dekolte zonai, 100g. - TianDe Online Shop - Beauty &amp; Health<\/title>\n<meta name=\"robots\" content=\"index, follow, max-snippet:-1, max-image-preview:large, max-video-preview:-1\" \/>\n<link rel=\"canonical\" href=\"https:\/\/tiandeproducts.co.uk\/lt\/prausimosi-valymo-pienelis-veido-ir-dekolte-zonai-100g\/\" \/>\n<meta property=\"og:locale\" content=\"lt_LT\" \/>\n<meta property=\"og:type\" content=\"article\" \/>\n<meta property=\"og:title\" content=\"Prausimosi - valymo pienelis veido ir dekolte zonai, 100g. - TianDe Online Shop - Beauty &amp; Health\" \/>\n<meta property=\"og:description\" content=\"\u00a0Earn 14 points worth \u00a30.70 when buying this product Pienelis ypa\u010d \u0161velniai pa\u0161alina odos ne\u0161varumus ir riebalus, dr\u0117kina ir gerina jos elastingum\u0105. \u0160velni perlamutrin\u0117 tekst\u016bra, nat\u016bral\u016bs j\u016bros dumbli\u0173 komponentai suteikia stangrumo, i\u0161valo poras, apsaugo od\u0105 nuo prie\u0161laikinio sen\u0117jimo, nesausina (dekolte taip pat). I\u0161skirtin\u0117s veikliosios med\u017eiagos mobilizuoja kamienines l\u0105steles, skatina audini\u0173 atsinaujinim\u0105, u\u017etikrina antioksidacin\u0119 l\u0105steli\u0173 apsaug\u0105, [...]\" \/>\n<meta property=\"og:url\" content=\"https:\/\/tiandeproducts.co.uk\/lt\/prausimosi-valymo-pienelis-veido-ir-dekolte-zonai-100g\/\" \/>\n<meta property=\"og:site_name\" content=\"TianDe Online Shop - Beauty &amp; Health\" \/>\n<meta property=\"article:publisher\" content=\"https:\/\/www.facebook.com\/tiande.products.england\/\" \/>\n<meta property=\"article:modified_time\" content=\"2021-02-12T13:03:51+00:00\" \/>\n<meta property=\"og:image\" content=\"https:\/\/tiandeproducts.co.uk\/wp-content\/uploads\/2017\/04\/15601.jpg\" \/>\n\t<meta property=\"og:image:width\" content=\"800\" \/>\n\t<meta property=\"og:image:height\" content=\"800\" \/>\n\t<meta property=\"og:image:type\" content=\"image\/jpeg\" \/>\n<meta name=\"twitter:card\" content=\"summary_large_image\" \/>\n<meta name=\"twitter:label1\" content=\"Est. reading time\" \/>\n\t<meta name=\"twitter:data1\" content=\"2 minut\u0117s\" \/>\n<script type=\"application\/ld+json\" class=\"yoast-schema-graph\">{\"@context\":\"https:\/\/schema.org\",\"@graph\":[{\"@type\":\"WebPage\",\"@id\":\"https:\/\/tiandeproducts.co.uk\/lt\/prausimosi-valymo-pienelis-veido-ir-dekolte-zonai-100g\/\",\"url\":\"https:\/\/tiandeproducts.co.uk\/lt\/prausimosi-valymo-pienelis-veido-ir-dekolte-zonai-100g\/\",\"name\":\"Prausimosi - valymo pienelis veido ir dekolte zonai, 100g. - TianDe Online Shop - Beauty &amp; Health\",\"isPartOf\":{\"@id\":\"https:\/\/tiandeproducts.co.uk\/#website\"},\"primaryImageOfPage\":{\"@id\":\"https:\/\/tiandeproducts.co.uk\/lt\/prausimosi-valymo-pienelis-veido-ir-dekolte-zonai-100g\/#primaryimage\"},\"image\":{\"@id\":\"https:\/\/tiandeproducts.co.uk\/lt\/prausimosi-valymo-pienelis-veido-ir-dekolte-zonai-100g\/#primaryimage\"},\"thumbnailUrl\":\"https:\/\/tiandeproducts.co.uk\/wp-content\/uploads\/2017\/04\/15601.jpg\",\"datePublished\":\"2017-04-01T08:37:25+00:00\",\"dateModified\":\"2021-02-12T13:03:51+00:00\",\"breadcrumb\":{\"@id\":\"https:\/\/tiandeproducts.co.uk\/lt\/prausimosi-valymo-pienelis-veido-ir-dekolte-zonai-100g\/#breadcrumb\"},\"inLanguage\":\"lt-LT\",\"potentialAction\":[{\"@type\":\"ReadAction\",\"target\":[\"https:\/\/tiandeproducts.co.uk\/lt\/prausimosi-valymo-pienelis-veido-ir-dekolte-zonai-100g\/\"]}]},{\"@type\":\"ImageObject\",\"inLanguage\":\"lt-LT\",\"@id\":\"https:\/\/tiandeproducts.co.uk\/lt\/prausimosi-valymo-pienelis-veido-ir-dekolte-zonai-100g\/#primaryimage\",\"url\":\"https:\/\/tiandeproducts.co.uk\/wp-content\/uploads\/2017\/04\/15601.jpg\",\"contentUrl\":\"https:\/\/tiandeproducts.co.uk\/wp-content\/uploads\/2017\/04\/15601.jpg\",\"width\":800,\"height\":800,\"caption\":\"Facial Cleansing and D\u00e9colletage Purifying Milk,100 g-0\"},{\"@type\":\"BreadcrumbList\",\"@id\":\"https:\/\/tiandeproducts.co.uk\/lt\/prausimosi-valymo-pienelis-veido-ir-dekolte-zonai-100g\/#breadcrumb\",\"itemListElement\":[{\"@type\":\"ListItem\",\"position\":1,\"name\":\"Home\",\"item\":\"https:\/\/tiandeproducts.co.uk\/lt\/\"},{\"@type\":\"ListItem\",\"position\":2,\"name\":\"Shop\",\"item\":\"https:\/\/tiandeproducts.co.uk\/lt\/shop-2\/\"},{\"@type\":\"ListItem\",\"position\":3,\"name\":\"Prausimosi &#8211; valymo pienelis veido ir dekolte zonai, 100g.\"}]},{\"@type\":\"WebSite\",\"@id\":\"https:\/\/tiandeproducts.co.uk\/#website\",\"url\":\"https:\/\/tiandeproducts.co.uk\/\",\"name\":\"TianDe Online Shop - Beauty & Health\",\"description\":\"Traditional Chinese Medicine\",\"potentialAction\":[{\"@type\":\"SearchAction\",\"target\":{\"@type\":\"EntryPoint\",\"urlTemplate\":\"https:\/\/tiandeproducts.co.uk\/?s={search_term_string}\"},\"query-input\":{\"@type\":\"PropertyValueSpecification\",\"valueRequired\":true,\"valueName\":\"search_term_string\"}}],\"inLanguage\":\"lt-LT\"}]}<\/script>\n<!-- \/ Yoast SEO plugin. -->","yoast_head_json":{"title":"Prausimosi - valymo pienelis veido ir dekolte zonai, 100g. - TianDe Online Shop - Beauty &amp; Health","robots":{"index":"index","follow":"follow","max-snippet":"max-snippet:-1","max-image-preview":"max-image-preview:large","max-video-preview":"max-video-preview:-1"},"canonical":"https:\/\/tiandeproducts.co.uk\/lt\/prausimosi-valymo-pienelis-veido-ir-dekolte-zonai-100g\/","og_locale":"lt_LT","og_type":"article","og_title":"Prausimosi - valymo pienelis veido ir dekolte zonai, 100g. - TianDe Online Shop - Beauty &amp; Health","og_description":"\u00a0Earn 14 points worth \u00a30.70 when buying this product Pienelis ypa\u010d \u0161velniai pa\u0161alina odos ne\u0161varumus ir riebalus, dr\u0117kina ir gerina jos elastingum\u0105. \u0160velni perlamutrin\u0117 tekst\u016bra, nat\u016bral\u016bs j\u016bros dumbli\u0173 komponentai suteikia stangrumo, i\u0161valo poras, apsaugo od\u0105 nuo prie\u0161laikinio sen\u0117jimo, nesausina (dekolte taip pat). I\u0161skirtin\u0117s veikliosios med\u017eiagos mobilizuoja kamienines l\u0105steles, skatina audini\u0173 atsinaujinim\u0105, u\u017etikrina antioksidacin\u0119 l\u0105steli\u0173 apsaug\u0105, [...]","og_url":"https:\/\/tiandeproducts.co.uk\/lt\/prausimosi-valymo-pienelis-veido-ir-dekolte-zonai-100g\/","og_site_name":"TianDe Online Shop - Beauty &amp; Health","article_publisher":"https:\/\/www.facebook.com\/tiande.products.england\/","article_modified_time":"2021-02-12T13:03:51+00:00","og_image":[{"width":800,"height":800,"url":"https:\/\/tiandeproducts.co.uk\/wp-content\/uploads\/2017\/04\/15601.jpg","type":"image\/jpeg"}],"twitter_card":"summary_large_image","twitter_misc":{"Est. reading time":"2 minut\u0117s"},"schema":{"@context":"https:\/\/schema.org","@graph":[{"@type":"WebPage","@id":"https:\/\/tiandeproducts.co.uk\/lt\/prausimosi-valymo-pienelis-veido-ir-dekolte-zonai-100g\/","url":"https:\/\/tiandeproducts.co.uk\/lt\/prausimosi-valymo-pienelis-veido-ir-dekolte-zonai-100g\/","name":"Prausimosi - valymo pienelis veido ir dekolte zonai, 100g. - TianDe Online Shop - Beauty &amp; Health","isPartOf":{"@id":"https:\/\/tiandeproducts.co.uk\/#website"},"primaryImageOfPage":{"@id":"https:\/\/tiandeproducts.co.uk\/lt\/prausimosi-valymo-pienelis-veido-ir-dekolte-zonai-100g\/#primaryimage"},"image":{"@id":"https:\/\/tiandeproducts.co.uk\/lt\/prausimosi-valymo-pienelis-veido-ir-dekolte-zonai-100g\/#primaryimage"},"thumbnailUrl":"https:\/\/tiandeproducts.co.uk\/wp-content\/uploads\/2017\/04\/15601.jpg","datePublished":"2017-04-01T08:37:25+00:00","dateModified":"2021-02-12T13:03:51+00:00","breadcrumb":{"@id":"https:\/\/tiandeproducts.co.uk\/lt\/prausimosi-valymo-pienelis-veido-ir-dekolte-zonai-100g\/#breadcrumb"},"inLanguage":"lt-LT","potentialAction":[{"@type":"ReadAction","target":["https:\/\/tiandeproducts.co.uk\/lt\/prausimosi-valymo-pienelis-veido-ir-dekolte-zonai-100g\/"]}]},{"@type":"ImageObject","inLanguage":"lt-LT","@id":"https:\/\/tiandeproducts.co.uk\/lt\/prausimosi-valymo-pienelis-veido-ir-dekolte-zonai-100g\/#primaryimage","url":"https:\/\/tiandeproducts.co.uk\/wp-content\/uploads\/2017\/04\/15601.jpg","contentUrl":"https:\/\/tiandeproducts.co.uk\/wp-content\/uploads\/2017\/04\/15601.jpg","width":800,"height":800,"caption":"Facial Cleansing and D\u00e9colletage Purifying Milk,100 g-0"},{"@type":"BreadcrumbList","@id":"https:\/\/tiandeproducts.co.uk\/lt\/prausimosi-valymo-pienelis-veido-ir-dekolte-zonai-100g\/#breadcrumb","itemListElement":[{"@type":"ListItem","position":1,"name":"Home","item":"https:\/\/tiandeproducts.co.uk\/lt\/"},{"@type":"ListItem","position":2,"name":"Shop","item":"https:\/\/tiandeproducts.co.uk\/lt\/shop-2\/"},{"@type":"ListItem","position":3,"name":"Prausimosi &#8211; valymo pienelis veido ir dekolte zonai, 100g."}]},{"@type":"WebSite","@id":"https:\/\/tiandeproducts.co.uk\/#website","url":"https:\/\/tiandeproducts.co.uk\/","name":"TianDe Online Shop - Beauty & Health","description":"Traditional Chinese Medicine","potentialAction":[{"@type":"SearchAction","target":{"@type":"EntryPoint","urlTemplate":"https:\/\/tiandeproducts.co.uk\/?s={search_term_string}"},"query-input":{"@type":"PropertyValueSpecification","valueRequired":true,"valueName":"search_term_string"}}],"inLanguage":"lt-LT"}]}},"_links":{"self":[{"href":"https:\/\/tiandeproducts.co.uk\/lt\/wp-json\/wp\/v2\/product\/3721","targetHints":{"allow":["GET"]}}],"collection":[{"href":"https:\/\/tiandeproducts.co.uk\/lt\/wp-json\/wp\/v2\/product"}],"about":[{"href":"https:\/\/tiandeproducts.co.uk\/lt\/wp-json\/wp\/v2\/types\/product"}],"replies":[{"embeddable":true,"href":"https:\/\/tiandeproducts.co.uk\/lt\/wp-json\/wp\/v2\/comments?post=3721"}],"wp:featuredmedia":[{"embeddable":true,"href":"https:\/\/tiandeproducts.co.uk\/lt\/wp-json\/wp\/v2\/media\/1517"}],"wp:attachment":[{"href":"https:\/\/tiandeproducts.co.uk\/lt\/wp-json\/wp\/v2\/media?parent=3721"}],"wp:term":[{"taxonomy":"product_cat","embeddable":true,"href":"https:\/\/tiandeproducts.co.uk\/lt\/wp-json\/wp\/v2\/product_cat?post=3721"},{"taxonomy":"product_tag","embeddable":true,"href":"https:\/\/tiandeproducts.co.uk\/lt\/wp-json\/wp\/v2\/product_tag?post=3721"}],"curies":[{"name":"wp","href":"https:\/\/api.w.org\/{rel}","templated":true}]}}