{"id":3720,"date":"2017-04-01T09:46:09","date_gmt":"2017-04-01T08:46:09","guid":{"rendered":"https:\/\/tnd.ontesting.co.uk\/valomasis-losjonas-veidui-100ml\/"},"modified":"2021-02-12T13:03:07","modified_gmt":"2021-02-12T13:03:07","slug":"valomasis-losjonas-veidui-100ml","status":"publish","type":"product","link":"https:\/\/tiandeproducts.co.uk\/lt\/valomasis-losjonas-veidui-100ml\/","title":{"rendered":"Valomasis losjonas veidui, 100ml."},"content":{"rendered":"<p><img decoding=\"async\" style=\"max-width: 16px; margin-right: 5px;\" src=\"https:\/\/tiandeproducts.co.uk\/wp-content\/uploads\/points-green.svg\" \/>\u00a0Earn 14 points worth \u00a30.70 when buying this product<\/p>\n<p>Losjonas \u0161velniai ir \u0161variai nuvalo od\u0105, suteikia jai gaivumo poj\u016bt\u012f, nuramina sudirgusi\u0105 od\u0105. Juo lengvai pa\u0161alinsite makia\u017eo liku\u010dius, sutrauksite poras bei u\u017ebaigsite odos valymo proced\u016br\u0105. I\u0161skirtin\u0117s veikliosios med\u017eiagos skatina audini\u0173 atsinaujinim\u0105, u\u017etikrina antioksidacin\u0119 l\u0105steli\u0173 apsaug\u0105, stimuliuoja atk\u016briamuosius procesus giluminiuose odos sluoksniuose. Losjono sud\u0117tyje n\u0117ra spirito, oda nei\u0161saus\u0117ja, nepraranda dr\u0117gm\u0117s. Jo d\u0117ka 20-30% padid\u0117ja kit\u0173 veido prie\u017ei\u016bros priemoni\u0173 efektyvumas. Tinka jautriai odai.<\/p>\n<p>Ankstyvos rauk\u0161l\u0117s, papilk\u0117jusi veido oda, netek\u0119s stangrumo ir dr\u0117gm\u0117s vir\u0161utinis odos sluoksnis &#8211; tai prie\u0161laikinio sen\u0117jimo po\u017eymiai. Fukoidanas &#8211; polisacharidas, i\u0161gaunamas i\u0161 ypatingos r\u016b\u0161ies j\u016br\u017eoli\u0173 &#8211; Japonin\u0117s laminarijos (rudieji j\u016bros dumbliai). Tai labai svarbus, \u017emogaus organizmui reikalingas polisacharidas, turintis ne\u012fkainojam\u0105 mineralin\u0119 sud\u0117t\u012f, stiprinantis imunin\u0119 sistem\u0105, atjauninantis ir net gydantis od\u0105. Kaip galingas oksidantas, fukoidanas u\u017etikrina kokybi\u0161k\u0105 odos l\u0105steli\u0173 regeneracij\u0105 ir antioksidacin\u0119 apsaug\u0105.<\/p>\n<p>Veido prie\u017ei\u016bros serija \u201eFukoidanas\u201c\u00a0\u2013 \u0161iuolaikini\u0173 biotechnologij\u0173 prover\u017eis, su itin unikalia sud\u0117timi, sustabdys b\u0117gant\u012f laik\u0105 ir savo rezultatais nustebins kiekvien\u0105 moter\u012f.<\/p>\n<p><strong>Naudojimas:<\/strong><br \/>\nAnt dr\u0117gnos kempin\u0117l\u0117s u\u017ela\u0161inkite 5 &#8211; 6 la\u0161us losjono ir \u0161velniais judesiais kruop\u0161\u010diai valykite od\u0105 nuo kaktos link smakro (i\u0161skyrus paaki\u0173 srit\u012f).<\/p>\n<p><strong>Veikliosios med\u017eiagos:<\/strong><\/p>\n<p><strong>Hialurono r\u016bg\u0161tis<\/strong>\u00a0suteikia liftingo efekt\u0105, didina odos elastingum\u0105, stangrina. Veiklioji med\u017eiaga ant odos pavir\u0161iaus sukuria orui pralaid\u0173 apsaugin\u012f sluoksn\u012f, tai apsaugo nuo dr\u0117gm\u0117s praradimo net gilesnius sluoksnius. Ji efektyviai pagreitina audini\u0173 l\u0105steli\u0173 atsinaujinimo procesus, gerina mikrocirkuliacij\u0105, skatina nauj\u0173 odos l\u0105steli\u0173 dauginim\u0105si, apsaugo nuo i\u0161orini\u0173 pa\u017eeidim\u0173 ir infekcij\u0173, sustiprina odos apsaugin\u012f sluoksn\u012f bei odos imunines savyb\u0117s. \u012edomu, kad hialurono r\u016bg\u0161ties molekul\u0117s gali pritraukti ir i\u0161laikyti net ~500 kart\u0173 u\u017e save didesn\u012f kiek\u012f vandens!<\/p>\n<p><strong>Hamamelij\u0173 lap\u0173 ekstrakte<\/strong>\u00a0esantys flavonoidai, eteriniai aliejai, \u012fvairios raugin\u0117s med\u017eiagos slopina u\u017edegimus ir odos sudirginimus, normalizuoja riebalini\u0173 liauk\u0173 sekrecij\u0105, turi prie\u0161u\u017edegimin\u012f, nuskausminam\u0105j\u012f poveik\u012f, tonizuoja ir gaivina od\u0105. Ekstraktas labai veiksmingas ir rekomenduojamas \u0161iurk\u0161\u010diai, \u0161erpetojan\u010diai ir jautriai veido odai.<\/p>\n<p><strong>Pantenolis (provitaminas B5)<\/strong>\u00a0&#8211; dermatoprotektorius &#8211; skatina audini\u0173 regeneracij\u0105, efektyviai ir greitai panaikina odos sudirgimus, veikia od\u0105 kaip dr\u0117kiklis, apsaugo j\u0105 nuo kenksmingo aplinkos poveikio.<\/p>\n<p><strong>Fukoz\u0117<\/strong>\u00a0&#8211; unikalus angliavandenis, kuris mobilizuoja kamienines l\u0105steles ir skatina audini\u0173 atsinaujinimo procesus. Aktyvioji med\u017eiaga didina odos elastingum\u0105, suma\u017eina augli\u0173 susidarymo (ant odos ir pood\u017eio sluoksniuose) rizik\u0105, sugr\u0105\u017eina odai stangrum\u0105 ir sveik\u0105 spalv\u0105, sul\u0117tina sen\u0117jimo procesus, u\u017etikrina pilnavert\u012f ir ilgalaik\u012f dr\u0117kinim\u0105.<\/p>\n","protected":false},"excerpt":{"rendered":"<p>\u00a0Earn 14 points worth \u00a30.70 when buying this product Losjonas \u0161velniai ir \u0161variai nuvalo od\u0105, suteikia jai gaivumo poj\u016bt\u012f, nuramina sudirgusi\u0105 od\u0105. Juo lengvai pa\u0161alinsite makia\u017eo liku\u010dius, sutrauksite poras bei u\u017ebaigsite odos valymo proced\u016br\u0105. I\u0161skirtin\u0117s veikliosios med\u017eiagos skatina audini\u0173 atsinaujinim\u0105, u\u017etikrina antioksidacin\u0119 l\u0105steli\u0173 apsaug\u0105, stimuliuoja atk\u016briamuosius procesus giluminiuose odos sluoksniuose. Losjono sud\u0117tyje n\u0117ra spirito, oda [&#8230;]\n","protected":false},"featured_media":1522,"comment_status":"closed","ping_status":"closed","template":"","meta":[],"product_cat":[564,610,561,506],"product_tag":[],"class_list":{"0":"post-3720","1":"product","2":"type-product","3":"status-publish","4":"has-post-thumbnail","6":"product_cat-fucoidan-lt","7":"product_cat-tonikai-ir-losjonai","8":"product_cat-veido-prausikliaipilingai","9":"product_cat-veidui","11":"first","12":"instock","13":"shipping-taxable","14":"purchasable","15":"product-type-simple"},"yoast_head":"<!-- This site is optimized with the Yoast SEO plugin v23.6 - https:\/\/yoast.com\/wordpress\/plugins\/seo\/ -->\n<title>Valomasis losjonas veidui, 100ml. - TianDe Online Shop - Beauty &amp; Health<\/title>\n<meta name=\"robots\" content=\"index, follow, max-snippet:-1, max-image-preview:large, max-video-preview:-1\" \/>\n<link rel=\"canonical\" href=\"https:\/\/tiandeproducts.co.uk\/lt\/valomasis-losjonas-veidui-100ml\/\" \/>\n<meta property=\"og:locale\" content=\"lt_LT\" \/>\n<meta property=\"og:type\" content=\"article\" \/>\n<meta property=\"og:title\" content=\"Valomasis losjonas veidui, 100ml. - TianDe Online Shop - Beauty &amp; Health\" \/>\n<meta property=\"og:description\" content=\"\u00a0Earn 14 points worth \u00a30.70 when buying this product Losjonas \u0161velniai ir \u0161variai nuvalo od\u0105, suteikia jai gaivumo poj\u016bt\u012f, nuramina sudirgusi\u0105 od\u0105. Juo lengvai pa\u0161alinsite makia\u017eo liku\u010dius, sutrauksite poras bei u\u017ebaigsite odos valymo proced\u016br\u0105. I\u0161skirtin\u0117s veikliosios med\u017eiagos skatina audini\u0173 atsinaujinim\u0105, u\u017etikrina antioksidacin\u0119 l\u0105steli\u0173 apsaug\u0105, stimuliuoja atk\u016briamuosius procesus giluminiuose odos sluoksniuose. Losjono sud\u0117tyje n\u0117ra spirito, oda [...]\" \/>\n<meta property=\"og:url\" content=\"https:\/\/tiandeproducts.co.uk\/lt\/valomasis-losjonas-veidui-100ml\/\" \/>\n<meta property=\"og:site_name\" content=\"TianDe Online Shop - Beauty &amp; Health\" \/>\n<meta property=\"article:publisher\" content=\"https:\/\/www.facebook.com\/tiande.products.england\/\" \/>\n<meta property=\"article:modified_time\" content=\"2021-02-12T13:03:07+00:00\" \/>\n<meta property=\"og:image\" content=\"https:\/\/tiandeproducts.co.uk\/wp-content\/uploads\/2017\/04\/15602.jpg\" \/>\n\t<meta property=\"og:image:width\" content=\"800\" \/>\n\t<meta property=\"og:image:height\" content=\"800\" \/>\n\t<meta property=\"og:image:type\" content=\"image\/jpeg\" \/>\n<meta name=\"twitter:card\" content=\"summary_large_image\" \/>\n<meta name=\"twitter:label1\" content=\"Est. reading time\" \/>\n\t<meta name=\"twitter:data1\" content=\"2 minut\u0117s\" \/>\n<script type=\"application\/ld+json\" class=\"yoast-schema-graph\">{\"@context\":\"https:\/\/schema.org\",\"@graph\":[{\"@type\":\"WebPage\",\"@id\":\"https:\/\/tiandeproducts.co.uk\/lt\/valomasis-losjonas-veidui-100ml\/\",\"url\":\"https:\/\/tiandeproducts.co.uk\/lt\/valomasis-losjonas-veidui-100ml\/\",\"name\":\"Valomasis losjonas veidui, 100ml. - TianDe Online Shop - Beauty &amp; Health\",\"isPartOf\":{\"@id\":\"https:\/\/tiandeproducts.co.uk\/#website\"},\"primaryImageOfPage\":{\"@id\":\"https:\/\/tiandeproducts.co.uk\/lt\/valomasis-losjonas-veidui-100ml\/#primaryimage\"},\"image\":{\"@id\":\"https:\/\/tiandeproducts.co.uk\/lt\/valomasis-losjonas-veidui-100ml\/#primaryimage\"},\"thumbnailUrl\":\"https:\/\/tiandeproducts.co.uk\/wp-content\/uploads\/2017\/04\/15602.jpg\",\"datePublished\":\"2017-04-01T08:46:09+00:00\",\"dateModified\":\"2021-02-12T13:03:07+00:00\",\"breadcrumb\":{\"@id\":\"https:\/\/tiandeproducts.co.uk\/lt\/valomasis-losjonas-veidui-100ml\/#breadcrumb\"},\"inLanguage\":\"lt-LT\",\"potentialAction\":[{\"@type\":\"ReadAction\",\"target\":[\"https:\/\/tiandeproducts.co.uk\/lt\/valomasis-losjonas-veidui-100ml\/\"]}]},{\"@type\":\"ImageObject\",\"inLanguage\":\"lt-LT\",\"@id\":\"https:\/\/tiandeproducts.co.uk\/lt\/valomasis-losjonas-veidui-100ml\/#primaryimage\",\"url\":\"https:\/\/tiandeproducts.co.uk\/wp-content\/uploads\/2017\/04\/15602.jpg\",\"contentUrl\":\"https:\/\/tiandeproducts.co.uk\/wp-content\/uploads\/2017\/04\/15602.jpg\",\"width\":800,\"height\":800,\"caption\":\"Cleansing Facial Lotion,100ml-0\"},{\"@type\":\"BreadcrumbList\",\"@id\":\"https:\/\/tiandeproducts.co.uk\/lt\/valomasis-losjonas-veidui-100ml\/#breadcrumb\",\"itemListElement\":[{\"@type\":\"ListItem\",\"position\":1,\"name\":\"Home\",\"item\":\"https:\/\/tiandeproducts.co.uk\/lt\/\"},{\"@type\":\"ListItem\",\"position\":2,\"name\":\"Shop\",\"item\":\"https:\/\/tiandeproducts.co.uk\/lt\/shop-2\/\"},{\"@type\":\"ListItem\",\"position\":3,\"name\":\"Valomasis losjonas veidui, 100ml.\"}]},{\"@type\":\"WebSite\",\"@id\":\"https:\/\/tiandeproducts.co.uk\/#website\",\"url\":\"https:\/\/tiandeproducts.co.uk\/\",\"name\":\"TianDe Online Shop - Beauty & Health\",\"description\":\"Traditional Chinese Medicine\",\"potentialAction\":[{\"@type\":\"SearchAction\",\"target\":{\"@type\":\"EntryPoint\",\"urlTemplate\":\"https:\/\/tiandeproducts.co.uk\/?s={search_term_string}\"},\"query-input\":{\"@type\":\"PropertyValueSpecification\",\"valueRequired\":true,\"valueName\":\"search_term_string\"}}],\"inLanguage\":\"lt-LT\"}]}<\/script>\n<!-- \/ Yoast SEO plugin. -->","yoast_head_json":{"title":"Valomasis losjonas veidui, 100ml. - TianDe Online Shop - Beauty &amp; Health","robots":{"index":"index","follow":"follow","max-snippet":"max-snippet:-1","max-image-preview":"max-image-preview:large","max-video-preview":"max-video-preview:-1"},"canonical":"https:\/\/tiandeproducts.co.uk\/lt\/valomasis-losjonas-veidui-100ml\/","og_locale":"lt_LT","og_type":"article","og_title":"Valomasis losjonas veidui, 100ml. - TianDe Online Shop - Beauty &amp; Health","og_description":"\u00a0Earn 14 points worth \u00a30.70 when buying this product Losjonas \u0161velniai ir \u0161variai nuvalo od\u0105, suteikia jai gaivumo poj\u016bt\u012f, nuramina sudirgusi\u0105 od\u0105. Juo lengvai pa\u0161alinsite makia\u017eo liku\u010dius, sutrauksite poras bei u\u017ebaigsite odos valymo proced\u016br\u0105. I\u0161skirtin\u0117s veikliosios med\u017eiagos skatina audini\u0173 atsinaujinim\u0105, u\u017etikrina antioksidacin\u0119 l\u0105steli\u0173 apsaug\u0105, stimuliuoja atk\u016briamuosius procesus giluminiuose odos sluoksniuose. Losjono sud\u0117tyje n\u0117ra spirito, oda [...]","og_url":"https:\/\/tiandeproducts.co.uk\/lt\/valomasis-losjonas-veidui-100ml\/","og_site_name":"TianDe Online Shop - Beauty &amp; Health","article_publisher":"https:\/\/www.facebook.com\/tiande.products.england\/","article_modified_time":"2021-02-12T13:03:07+00:00","og_image":[{"width":800,"height":800,"url":"https:\/\/tiandeproducts.co.uk\/wp-content\/uploads\/2017\/04\/15602.jpg","type":"image\/jpeg"}],"twitter_card":"summary_large_image","twitter_misc":{"Est. reading time":"2 minut\u0117s"},"schema":{"@context":"https:\/\/schema.org","@graph":[{"@type":"WebPage","@id":"https:\/\/tiandeproducts.co.uk\/lt\/valomasis-losjonas-veidui-100ml\/","url":"https:\/\/tiandeproducts.co.uk\/lt\/valomasis-losjonas-veidui-100ml\/","name":"Valomasis losjonas veidui, 100ml. - TianDe Online Shop - Beauty &amp; Health","isPartOf":{"@id":"https:\/\/tiandeproducts.co.uk\/#website"},"primaryImageOfPage":{"@id":"https:\/\/tiandeproducts.co.uk\/lt\/valomasis-losjonas-veidui-100ml\/#primaryimage"},"image":{"@id":"https:\/\/tiandeproducts.co.uk\/lt\/valomasis-losjonas-veidui-100ml\/#primaryimage"},"thumbnailUrl":"https:\/\/tiandeproducts.co.uk\/wp-content\/uploads\/2017\/04\/15602.jpg","datePublished":"2017-04-01T08:46:09+00:00","dateModified":"2021-02-12T13:03:07+00:00","breadcrumb":{"@id":"https:\/\/tiandeproducts.co.uk\/lt\/valomasis-losjonas-veidui-100ml\/#breadcrumb"},"inLanguage":"lt-LT","potentialAction":[{"@type":"ReadAction","target":["https:\/\/tiandeproducts.co.uk\/lt\/valomasis-losjonas-veidui-100ml\/"]}]},{"@type":"ImageObject","inLanguage":"lt-LT","@id":"https:\/\/tiandeproducts.co.uk\/lt\/valomasis-losjonas-veidui-100ml\/#primaryimage","url":"https:\/\/tiandeproducts.co.uk\/wp-content\/uploads\/2017\/04\/15602.jpg","contentUrl":"https:\/\/tiandeproducts.co.uk\/wp-content\/uploads\/2017\/04\/15602.jpg","width":800,"height":800,"caption":"Cleansing Facial Lotion,100ml-0"},{"@type":"BreadcrumbList","@id":"https:\/\/tiandeproducts.co.uk\/lt\/valomasis-losjonas-veidui-100ml\/#breadcrumb","itemListElement":[{"@type":"ListItem","position":1,"name":"Home","item":"https:\/\/tiandeproducts.co.uk\/lt\/"},{"@type":"ListItem","position":2,"name":"Shop","item":"https:\/\/tiandeproducts.co.uk\/lt\/shop-2\/"},{"@type":"ListItem","position":3,"name":"Valomasis losjonas veidui, 100ml."}]},{"@type":"WebSite","@id":"https:\/\/tiandeproducts.co.uk\/#website","url":"https:\/\/tiandeproducts.co.uk\/","name":"TianDe Online Shop - Beauty & Health","description":"Traditional Chinese Medicine","potentialAction":[{"@type":"SearchAction","target":{"@type":"EntryPoint","urlTemplate":"https:\/\/tiandeproducts.co.uk\/?s={search_term_string}"},"query-input":{"@type":"PropertyValueSpecification","valueRequired":true,"valueName":"search_term_string"}}],"inLanguage":"lt-LT"}]}},"_links":{"self":[{"href":"https:\/\/tiandeproducts.co.uk\/lt\/wp-json\/wp\/v2\/product\/3720","targetHints":{"allow":["GET"]}}],"collection":[{"href":"https:\/\/tiandeproducts.co.uk\/lt\/wp-json\/wp\/v2\/product"}],"about":[{"href":"https:\/\/tiandeproducts.co.uk\/lt\/wp-json\/wp\/v2\/types\/product"}],"replies":[{"embeddable":true,"href":"https:\/\/tiandeproducts.co.uk\/lt\/wp-json\/wp\/v2\/comments?post=3720"}],"wp:featuredmedia":[{"embeddable":true,"href":"https:\/\/tiandeproducts.co.uk\/lt\/wp-json\/wp\/v2\/media\/1522"}],"wp:attachment":[{"href":"https:\/\/tiandeproducts.co.uk\/lt\/wp-json\/wp\/v2\/media?parent=3720"}],"wp:term":[{"taxonomy":"product_cat","embeddable":true,"href":"https:\/\/tiandeproducts.co.uk\/lt\/wp-json\/wp\/v2\/product_cat?post=3720"},{"taxonomy":"product_tag","embeddable":true,"href":"https:\/\/tiandeproducts.co.uk\/lt\/wp-json\/wp\/v2\/product_tag?post=3720"}],"curies":[{"name":"wp","href":"https:\/\/api.w.org\/{rel}","templated":true}]}}