{"id":3719,"date":"2017-04-01T09:51:40","date_gmt":"2017-04-01T08:51:40","guid":{"rendered":"https:\/\/tnd.ontesting.co.uk\/atkuriamasis-veido-kremas-nuo-prieslaikinio-senejimo-55g\/"},"modified":"2021-02-12T13:02:10","modified_gmt":"2021-02-12T13:02:10","slug":"atkuriamasis-veido-kremas-nuo-prieslaikinio-senejimo-55g","status":"publish","type":"product","link":"https:\/\/tiandeproducts.co.uk\/lt\/atkuriamasis-veido-kremas-nuo-prieslaikinio-senejimo-55g\/","title":{"rendered":"Atkuriamasis veido kremas nuo prie\u0161laikinio sen\u0117jimo, 55g."},"content":{"rendered":"<p><img decoding=\"async\" style=\"max-width: 16px; margin-right: 5px;\" src=\"https:\/\/tiandeproducts.co.uk\/wp-content\/uploads\/points-green.svg\" \/>\u00a0Earn 17 points worth \u00a30.85 when buying this product<\/p>\n<p>Ypa\u010d lengvos ir \u0161velnios tekst\u016bros kremas, veido od\u0105 veikia keliomis kryptimis: intensyviai maitina, giliai dr\u0117kina, atstato odos elastingum\u0105, jaunina ir apsaugo j\u0105 nuo prie\u0161laikinio sen\u0117jimo. I\u0161skirtin\u0117s veikliosios med\u017eiagos mobilizuoja kamienines l\u0105steles, skatina audini\u0173 atsinaujinim\u0105, u\u017etikrina antioksidacin\u0119 l\u0105steli\u0173 apsaug\u0105, stimuliuoja atk\u016briamuosius procesus giluminiuose odos sluoksniuose. Atstatantysis kremas skirtas ir dienai ir nak\u010diai, be paraben\u0173 ir mineralini\u0173 aliej\u0173.<\/p>\n<p>Ankstyvos rauk\u0161l\u0117s, papilk\u0117jusi veido oda, netek\u0119s stangrumo ir dr\u0117gm\u0117s vir\u0161utinis odos sluoksnis &#8211; tai prie\u0161laikinio sen\u0117jimo po\u017eymiai. Fukoidanas &#8211; polisacharidas, i\u0161gaunamas i\u0161 ypatingos r\u016b\u0161ies j\u016br\u017eoli\u0173 &#8211; Japonin\u0117s laminarijos (rudieji j\u016bros dumbliai). Tai labai svarbus, \u017emogaus organizmui reikalingas polisacharidas, turintis ne\u012fkainojam\u0105 mineralin\u0119 sud\u0117t\u012f, stiprinantis imunin\u0119 sistem\u0105, atjauninantis ir net gydantis od\u0105. Kaip galingas oksidantas, fukoidanas u\u017etikrina kokybi\u0161k\u0105 odos l\u0105steli\u0173 regeneracij\u0105 ir antioksidacin\u0119 apsaug\u0105.<\/p>\n<p>Veido prie\u017ei\u016bros serija \u201eFukoidanas\u201c \u2013 \u0161iuolaikini\u0173 biotechnologij\u0173 prover\u017eis, su itin unikalia sud\u0117timi, sustabdys b\u0117gant\u012f laik\u0105 ir savo rezultatais nustebins kiekvien\u0105 moter\u012f.<\/p>\n<p><strong>Naudojimas:<\/strong><br \/>\nAnt \u0161varios, nuvalytos ir tonizuotos odos u\u017etepkite nedidel\u012f kiek\u012f kremo ir sukamaisiais judesiais paskirstykite ant veido ir kaklo odos (i\u0161skyrus paaki\u0173 srit\u012f). Naudokite ryte ir vakare.<\/p>\n<p><strong>Veikliosios med\u017eiagos:<\/strong><\/p>\n<p><strong>Fukoz\u0117<\/strong>\u00a0&#8211; unikalus angliavandenis, kuris mobilizuoja kamienines l\u0105steles ir skatina audini\u0173 atsinaujinimo procesus. Aktyvioji med\u017eiaga didina odos elastingum\u0105, suma\u017eina augli\u0173 susidarymo (ant odos ir pood\u017eio sluoksniuose) rizik\u0105, sugr\u0105\u017eina odai stangrum\u0105 ir sveik\u0105 spalv\u0105, sul\u0117tina sen\u0117jimo procesus, u\u017etikrina pilnavert\u012f ir ilgalaik\u012f dr\u0117kinim\u0105.<\/p>\n<p><strong>Betagliukanas<\/strong>\u00a0stimuliuoja imunin\u0117s sistemos l\u0105steles (didina j\u0173 aktyvum\u0105), u\u017ekerta keli\u0105 odos u\u017edegimams arba su\u0161velnina juos (ramina), skatina l\u0105steli\u0173 regeneracijos procesus.<\/p>\n<p><strong>Natrio hialuronatas<\/strong>\u00a0&#8211; biotechnologi\u0161kai i\u0161valytas preparatas, gaunamas labai sud\u0117tingos hialurono r\u016bg\u0161ties ir natrio jon\u0173 sintez\u0117s d\u0117ka. Jis suteikia stipr\u0173 dr\u0117kinant\u012f efekt\u0105, stimuliuoja regeneracijos procesus, pasi\u017eymi prie\u0161u\u017edegiminiu poveikiu, dr\u0117kina ir lygina epiderm\u012f.<\/p>\n<p><strong>Pantenolis (provitaminas B5)<\/strong>\u00a0&#8211; dermatoprotektorius &#8211; skatina audini\u0173 regeneracij\u0105, efektyviai ir greitai panaikina odos sudirgimus, veikia od\u0105 kaip dr\u0117kiklis, apsaugo j\u0105 nuo kenksmingo aplinkos poveikio.<\/p>\n<p><strong>Betainas<\/strong>\u00a0&#8211; aminor\u016bg\u0161tis i\u0161gaunama i\u0161 burok\u0117li\u0173 sul\u010di\u0173 &#8211; i\u0161laiko odos dr\u0117gm\u0119 ir neleid\u017eia jai pasi\u0161alinti, mink\u0161tina ir lygina odos pavir\u0161in\u012f sluoksn\u012f.<\/p>\n","protected":false},"excerpt":{"rendered":"<p>\u00a0Earn 17 points worth \u00a30.85 when buying this product Ypa\u010d lengvos ir \u0161velnios tekst\u016bros kremas, veido od\u0105 veikia keliomis kryptimis: intensyviai maitina, giliai dr\u0117kina, atstato odos elastingum\u0105, jaunina ir apsaugo j\u0105 nuo prie\u0161laikinio sen\u0117jimo. I\u0161skirtin\u0117s veikliosios med\u017eiagos mobilizuoja kamienines l\u0105steles, skatina audini\u0173 atsinaujinim\u0105, u\u017etikrina antioksidacin\u0119 l\u0105steli\u0173 apsaug\u0105, stimuliuoja atk\u016briamuosius procesus giluminiuose odos sluoksniuose. Atstatantysis kremas [&#8230;]\n","protected":false},"featured_media":1527,"comment_status":"closed","ping_status":"closed","template":"","meta":[],"product_cat":[524,564,532,612,506],"product_tag":[],"class_list":{"0":"post-3719","1":"product","2":"type-product","3":"status-publish","4":"has-post-thumbnail","6":"product_cat-brandziai-odai","7":"product_cat-fucoidan-lt","8":"product_cat-jautriai-odai","9":"product_cat-nuo-rauksliu","10":"product_cat-veidui","12":"first","13":"instock","14":"shipping-taxable","15":"purchasable","16":"product-type-simple"},"yoast_head":"<!-- This site is optimized with the Yoast SEO plugin v23.6 - https:\/\/yoast.com\/wordpress\/plugins\/seo\/ -->\n<title>Atkuriamasis veido kremas nuo prie\u0161laikinio sen\u0117jimo, 55g. - TianDe Online Shop - Beauty &amp; Health<\/title>\n<meta name=\"robots\" content=\"index, follow, max-snippet:-1, max-image-preview:large, max-video-preview:-1\" \/>\n<link rel=\"canonical\" href=\"https:\/\/tiandeproducts.co.uk\/lt\/atkuriamasis-veido-kremas-nuo-prieslaikinio-senejimo-55g\/\" \/>\n<meta property=\"og:locale\" content=\"lt_LT\" \/>\n<meta property=\"og:type\" content=\"article\" \/>\n<meta property=\"og:title\" content=\"Atkuriamasis veido kremas nuo prie\u0161laikinio sen\u0117jimo, 55g. - TianDe Online Shop - Beauty &amp; Health\" \/>\n<meta property=\"og:description\" content=\"\u00a0Earn 17 points worth \u00a30.85 when buying this product Ypa\u010d lengvos ir \u0161velnios tekst\u016bros kremas, veido od\u0105 veikia keliomis kryptimis: intensyviai maitina, giliai dr\u0117kina, atstato odos elastingum\u0105, jaunina ir apsaugo j\u0105 nuo prie\u0161laikinio sen\u0117jimo. I\u0161skirtin\u0117s veikliosios med\u017eiagos mobilizuoja kamienines l\u0105steles, skatina audini\u0173 atsinaujinim\u0105, u\u017etikrina antioksidacin\u0119 l\u0105steli\u0173 apsaug\u0105, stimuliuoja atk\u016briamuosius procesus giluminiuose odos sluoksniuose. Atstatantysis kremas [...]\" \/>\n<meta property=\"og:url\" content=\"https:\/\/tiandeproducts.co.uk\/lt\/atkuriamasis-veido-kremas-nuo-prieslaikinio-senejimo-55g\/\" \/>\n<meta property=\"og:site_name\" content=\"TianDe Online Shop - Beauty &amp; Health\" \/>\n<meta property=\"article:publisher\" content=\"https:\/\/www.facebook.com\/tiande.products.england\/\" \/>\n<meta property=\"article:modified_time\" content=\"2021-02-12T13:02:10+00:00\" \/>\n<meta property=\"og:image\" content=\"https:\/\/tiandeproducts.co.uk\/wp-content\/uploads\/2017\/04\/15603.jpg\" \/>\n\t<meta property=\"og:image:width\" content=\"800\" \/>\n\t<meta property=\"og:image:height\" content=\"800\" \/>\n\t<meta property=\"og:image:type\" content=\"image\/jpeg\" \/>\n<meta name=\"twitter:card\" content=\"summary_large_image\" \/>\n<meta name=\"twitter:label1\" content=\"Est. reading time\" \/>\n\t<meta name=\"twitter:data1\" content=\"2 minut\u0117s\" \/>\n<script type=\"application\/ld+json\" class=\"yoast-schema-graph\">{\"@context\":\"https:\/\/schema.org\",\"@graph\":[{\"@type\":\"WebPage\",\"@id\":\"https:\/\/tiandeproducts.co.uk\/lt\/atkuriamasis-veido-kremas-nuo-prieslaikinio-senejimo-55g\/\",\"url\":\"https:\/\/tiandeproducts.co.uk\/lt\/atkuriamasis-veido-kremas-nuo-prieslaikinio-senejimo-55g\/\",\"name\":\"Atkuriamasis veido kremas nuo prie\u0161laikinio sen\u0117jimo, 55g. - TianDe Online Shop - Beauty &amp; Health\",\"isPartOf\":{\"@id\":\"https:\/\/tiandeproducts.co.uk\/#website\"},\"primaryImageOfPage\":{\"@id\":\"https:\/\/tiandeproducts.co.uk\/lt\/atkuriamasis-veido-kremas-nuo-prieslaikinio-senejimo-55g\/#primaryimage\"},\"image\":{\"@id\":\"https:\/\/tiandeproducts.co.uk\/lt\/atkuriamasis-veido-kremas-nuo-prieslaikinio-senejimo-55g\/#primaryimage\"},\"thumbnailUrl\":\"https:\/\/tiandeproducts.co.uk\/wp-content\/uploads\/2017\/04\/15603.jpg\",\"datePublished\":\"2017-04-01T08:51:40+00:00\",\"dateModified\":\"2021-02-12T13:02:10+00:00\",\"breadcrumb\":{\"@id\":\"https:\/\/tiandeproducts.co.uk\/lt\/atkuriamasis-veido-kremas-nuo-prieslaikinio-senejimo-55g\/#breadcrumb\"},\"inLanguage\":\"lt-LT\",\"potentialAction\":[{\"@type\":\"ReadAction\",\"target\":[\"https:\/\/tiandeproducts.co.uk\/lt\/atkuriamasis-veido-kremas-nuo-prieslaikinio-senejimo-55g\/\"]}]},{\"@type\":\"ImageObject\",\"inLanguage\":\"lt-LT\",\"@id\":\"https:\/\/tiandeproducts.co.uk\/lt\/atkuriamasis-veido-kremas-nuo-prieslaikinio-senejimo-55g\/#primaryimage\",\"url\":\"https:\/\/tiandeproducts.co.uk\/wp-content\/uploads\/2017\/04\/15603.jpg\",\"contentUrl\":\"https:\/\/tiandeproducts.co.uk\/wp-content\/uploads\/2017\/04\/15603.jpg\",\"width\":800,\"height\":800,\"caption\":\"Revitalizing Anti-Age Facial Cream,55g-0\"},{\"@type\":\"BreadcrumbList\",\"@id\":\"https:\/\/tiandeproducts.co.uk\/lt\/atkuriamasis-veido-kremas-nuo-prieslaikinio-senejimo-55g\/#breadcrumb\",\"itemListElement\":[{\"@type\":\"ListItem\",\"position\":1,\"name\":\"Home\",\"item\":\"https:\/\/tiandeproducts.co.uk\/lt\/\"},{\"@type\":\"ListItem\",\"position\":2,\"name\":\"Shop\",\"item\":\"https:\/\/tiandeproducts.co.uk\/lt\/shop-2\/\"},{\"@type\":\"ListItem\",\"position\":3,\"name\":\"Atkuriamasis veido kremas nuo prie\u0161laikinio sen\u0117jimo, 55g.\"}]},{\"@type\":\"WebSite\",\"@id\":\"https:\/\/tiandeproducts.co.uk\/#website\",\"url\":\"https:\/\/tiandeproducts.co.uk\/\",\"name\":\"TianDe Online Shop - Beauty & Health\",\"description\":\"Traditional Chinese Medicine\",\"potentialAction\":[{\"@type\":\"SearchAction\",\"target\":{\"@type\":\"EntryPoint\",\"urlTemplate\":\"https:\/\/tiandeproducts.co.uk\/?s={search_term_string}\"},\"query-input\":{\"@type\":\"PropertyValueSpecification\",\"valueRequired\":true,\"valueName\":\"search_term_string\"}}],\"inLanguage\":\"lt-LT\"}]}<\/script>\n<!-- \/ Yoast SEO plugin. -->","yoast_head_json":{"title":"Atkuriamasis veido kremas nuo prie\u0161laikinio sen\u0117jimo, 55g. - TianDe Online Shop - Beauty &amp; Health","robots":{"index":"index","follow":"follow","max-snippet":"max-snippet:-1","max-image-preview":"max-image-preview:large","max-video-preview":"max-video-preview:-1"},"canonical":"https:\/\/tiandeproducts.co.uk\/lt\/atkuriamasis-veido-kremas-nuo-prieslaikinio-senejimo-55g\/","og_locale":"lt_LT","og_type":"article","og_title":"Atkuriamasis veido kremas nuo prie\u0161laikinio sen\u0117jimo, 55g. - TianDe Online Shop - Beauty &amp; Health","og_description":"\u00a0Earn 17 points worth \u00a30.85 when buying this product Ypa\u010d lengvos ir \u0161velnios tekst\u016bros kremas, veido od\u0105 veikia keliomis kryptimis: intensyviai maitina, giliai dr\u0117kina, atstato odos elastingum\u0105, jaunina ir apsaugo j\u0105 nuo prie\u0161laikinio sen\u0117jimo. I\u0161skirtin\u0117s veikliosios med\u017eiagos mobilizuoja kamienines l\u0105steles, skatina audini\u0173 atsinaujinim\u0105, u\u017etikrina antioksidacin\u0119 l\u0105steli\u0173 apsaug\u0105, stimuliuoja atk\u016briamuosius procesus giluminiuose odos sluoksniuose. Atstatantysis kremas [...]","og_url":"https:\/\/tiandeproducts.co.uk\/lt\/atkuriamasis-veido-kremas-nuo-prieslaikinio-senejimo-55g\/","og_site_name":"TianDe Online Shop - Beauty &amp; Health","article_publisher":"https:\/\/www.facebook.com\/tiande.products.england\/","article_modified_time":"2021-02-12T13:02:10+00:00","og_image":[{"width":800,"height":800,"url":"https:\/\/tiandeproducts.co.uk\/wp-content\/uploads\/2017\/04\/15603.jpg","type":"image\/jpeg"}],"twitter_card":"summary_large_image","twitter_misc":{"Est. reading time":"2 minut\u0117s"},"schema":{"@context":"https:\/\/schema.org","@graph":[{"@type":"WebPage","@id":"https:\/\/tiandeproducts.co.uk\/lt\/atkuriamasis-veido-kremas-nuo-prieslaikinio-senejimo-55g\/","url":"https:\/\/tiandeproducts.co.uk\/lt\/atkuriamasis-veido-kremas-nuo-prieslaikinio-senejimo-55g\/","name":"Atkuriamasis veido kremas nuo prie\u0161laikinio sen\u0117jimo, 55g. - TianDe Online Shop - Beauty &amp; Health","isPartOf":{"@id":"https:\/\/tiandeproducts.co.uk\/#website"},"primaryImageOfPage":{"@id":"https:\/\/tiandeproducts.co.uk\/lt\/atkuriamasis-veido-kremas-nuo-prieslaikinio-senejimo-55g\/#primaryimage"},"image":{"@id":"https:\/\/tiandeproducts.co.uk\/lt\/atkuriamasis-veido-kremas-nuo-prieslaikinio-senejimo-55g\/#primaryimage"},"thumbnailUrl":"https:\/\/tiandeproducts.co.uk\/wp-content\/uploads\/2017\/04\/15603.jpg","datePublished":"2017-04-01T08:51:40+00:00","dateModified":"2021-02-12T13:02:10+00:00","breadcrumb":{"@id":"https:\/\/tiandeproducts.co.uk\/lt\/atkuriamasis-veido-kremas-nuo-prieslaikinio-senejimo-55g\/#breadcrumb"},"inLanguage":"lt-LT","potentialAction":[{"@type":"ReadAction","target":["https:\/\/tiandeproducts.co.uk\/lt\/atkuriamasis-veido-kremas-nuo-prieslaikinio-senejimo-55g\/"]}]},{"@type":"ImageObject","inLanguage":"lt-LT","@id":"https:\/\/tiandeproducts.co.uk\/lt\/atkuriamasis-veido-kremas-nuo-prieslaikinio-senejimo-55g\/#primaryimage","url":"https:\/\/tiandeproducts.co.uk\/wp-content\/uploads\/2017\/04\/15603.jpg","contentUrl":"https:\/\/tiandeproducts.co.uk\/wp-content\/uploads\/2017\/04\/15603.jpg","width":800,"height":800,"caption":"Revitalizing Anti-Age Facial Cream,55g-0"},{"@type":"BreadcrumbList","@id":"https:\/\/tiandeproducts.co.uk\/lt\/atkuriamasis-veido-kremas-nuo-prieslaikinio-senejimo-55g\/#breadcrumb","itemListElement":[{"@type":"ListItem","position":1,"name":"Home","item":"https:\/\/tiandeproducts.co.uk\/lt\/"},{"@type":"ListItem","position":2,"name":"Shop","item":"https:\/\/tiandeproducts.co.uk\/lt\/shop-2\/"},{"@type":"ListItem","position":3,"name":"Atkuriamasis veido kremas nuo prie\u0161laikinio sen\u0117jimo, 55g."}]},{"@type":"WebSite","@id":"https:\/\/tiandeproducts.co.uk\/#website","url":"https:\/\/tiandeproducts.co.uk\/","name":"TianDe Online Shop - Beauty & Health","description":"Traditional Chinese Medicine","potentialAction":[{"@type":"SearchAction","target":{"@type":"EntryPoint","urlTemplate":"https:\/\/tiandeproducts.co.uk\/?s={search_term_string}"},"query-input":{"@type":"PropertyValueSpecification","valueRequired":true,"valueName":"search_term_string"}}],"inLanguage":"lt-LT"}]}},"_links":{"self":[{"href":"https:\/\/tiandeproducts.co.uk\/lt\/wp-json\/wp\/v2\/product\/3719","targetHints":{"allow":["GET"]}}],"collection":[{"href":"https:\/\/tiandeproducts.co.uk\/lt\/wp-json\/wp\/v2\/product"}],"about":[{"href":"https:\/\/tiandeproducts.co.uk\/lt\/wp-json\/wp\/v2\/types\/product"}],"replies":[{"embeddable":true,"href":"https:\/\/tiandeproducts.co.uk\/lt\/wp-json\/wp\/v2\/comments?post=3719"}],"wp:featuredmedia":[{"embeddable":true,"href":"https:\/\/tiandeproducts.co.uk\/lt\/wp-json\/wp\/v2\/media\/1527"}],"wp:attachment":[{"href":"https:\/\/tiandeproducts.co.uk\/lt\/wp-json\/wp\/v2\/media?parent=3719"}],"wp:term":[{"taxonomy":"product_cat","embeddable":true,"href":"https:\/\/tiandeproducts.co.uk\/lt\/wp-json\/wp\/v2\/product_cat?post=3719"},{"taxonomy":"product_tag","embeddable":true,"href":"https:\/\/tiandeproducts.co.uk\/lt\/wp-json\/wp\/v2\/product_tag?post=3719"}],"curies":[{"name":"wp","href":"https:\/\/api.w.org\/{rel}","templated":true}]}}