{"id":3718,"date":"2017-04-01T09:56:01","date_gmt":"2017-04-01T08:56:01","guid":{"rendered":"https:\/\/tnd.ontesting.co.uk\/akiu-konturo-gelis-koncentratas-nuo-rauksliu-25g\/"},"modified":"2021-02-12T13:01:21","modified_gmt":"2021-02-12T13:01:21","slug":"akiu-konturo-gelis-koncentratas-nuo-rauksliu-25g","status":"publish","type":"product","link":"https:\/\/tiandeproducts.co.uk\/lt\/akiu-konturo-gelis-koncentratas-nuo-rauksliu-25g\/","title":{"rendered":"Aki\u0173 kont\u016bro gelis &#8211; koncentratas nuo rauk\u0161li\u0173, 25g."},"content":{"rendered":"<p><img decoding=\"async\" style=\"max-width: 16px; margin-right: 5px;\" src=\"https:\/\/tiandeproducts.co.uk\/wp-content\/uploads\/points-green.svg\" \/>\u00a0Earn 17 points worth \u00a30.85 when buying this product<\/p>\n<p>Gelis \u2013 koncentratas veikia paaki\u0173 od\u0105 keliomis kryptimis: intensyviai maitina, giliai dr\u0117kina, atstato odos elastingum\u0105, stangrina ir apsaugo od\u0105 nuo prie\u0161laikinio sen\u0117jimo, efektyviai ma\u017eina rauk\u0161les bei saugo nuo nauj\u0173 atsiradimo. I\u0161skirtin\u0117s veikliosios med\u017eiagos mobilizuoja kamienines l\u0105steles, skatina audini\u0173 atsinaujinim\u0105, u\u017etikrina antioksidacin\u0119 l\u0105steli\u0173 apsaug\u0105, stimuliuoja atk\u016briamuosius procesus giluminiuose odos sluoksniuose. Priemon\u0117 skirta ir dienai ir nak\u010diai, be paraben\u0173 ir mineralini\u0173 aliej\u0173.<\/p>\n<p>Ankstyvos rauk\u0161l\u0117s, papilk\u0117jusi veido oda, netek\u0119s stangrumo ir dr\u0117gm\u0117s vir\u0161utinis odos sluoksnis &#8211; tai prie\u0161laikinio sen\u0117jimo po\u017eymiai. Fukoidanas &#8211; polisacharidas, i\u0161gaunamas i\u0161 ypatingos r\u016b\u0161ies j\u016br\u017eoli\u0173 &#8211; Japonin\u0117s laminarijos (rudieji j\u016bros dumbliai). Tai labai svarbus, \u017emogaus organizmui reikalingas polisacharidas, turintis ne\u012fkainojam\u0105 mineralin\u0119 sud\u0117t\u012f, stiprinantis imunin\u0119 sistem\u0105, atjauninantis ir net gydantis od\u0105. Kaip galingas oksidantas, fukoidanas u\u017etikrina kokybi\u0161k\u0105 odos l\u0105steli\u0173 regeneracij\u0105 ir antioksidacin\u0119 apsaug\u0105.<\/p>\n<p>Oda aplink akis ypa\u010d \u0161velni ir plona, tod\u0117l reikalauja ypatingo d\u0117mesio ir prie\u017ei\u016bros. Jos storis &#8211; 0,55 mm, kaip popieriaus lapas, ant kurio pirmiausia i\u0161ry\u0161k\u0117ja pirmosios rauk\u0161l\u0117s, o nuovargis palieka paburkimus ir juodus ratilus. Su inovatyvios sud\u0117ties koncentruotu paaki\u0173 atkuriamuoju serumu galima \u0161\u012f proces\u0105 sul\u0117tinti ir atgr\u0119\u017eti atgal. Aktyvi\u0173 atjauninan\u010di\u0173 ir dr\u0117kinan\u010di\u0173 komponent\u0173 derinys padovanos j\u016bs\u0173 \u017evilgsniui jaunyst\u0119 ir spindes\u012f.<\/p>\n<p><strong>Naudojimas:\u00a0 <\/strong>ma\u017e\u0105 kiek\u012f kremo \u0161velniai patepkite (tap\u0161nokite, nemasa\u017euokite) od\u0105 aplink akis. Naudokite ryte ir vakare ant \u0161varios, nuvalytos odos.<\/p>\n<p><strong>Veikliosios med\u017eiagos:<\/strong><\/p>\n<p><strong>Fukoz\u0117<\/strong>\u00a0&#8211; unikalus angliavandenis, kuris mobilizuoja kamienines l\u0105steles ir skatina audini\u0173 atsinaujinimo procesus. Aktyvioji med\u017eiaga didina odos elastingum\u0105, suma\u017eina augli\u0173 susidarymo (ant odos ir pood\u017eio sluoksniuose) rizik\u0105, sugra\u017eina odai stangrum\u0105 ir sveik\u0105 spalv\u0105, sul\u0117tina sen\u0117jimo procesus, u\u017etikrina pilnavert\u012f ir ilgalaik\u012f dr\u0117kinim\u0105.<\/p>\n<p><strong>Jojobos aliejus<\/strong>\u00a0d\u0117l savo ypatingos konsistencijos yra ne aliejus, o skystas va\u0161kas, sudarytas i\u0161 esteri\u0173 (daugiausia), vitamin\u0173, antioksidant\u0173, mineralini\u0173 med\u017eiag\u0173 ir kt. \u0160is aliejus ypatingas tuo, kad savo savyb\u0117mis yra beveik identi\u0161kas odos i\u0161skiriamiems riebalams. Didel\u0117 vitamino E koncentracija bei antibakterin\u0117s, prie\u0161u\u017edegimin\u0117s, netoksi\u0161kos savyb\u0117s daro j\u012f nepaprastai naudingu kiekvienos dienos odos prie\u017ei\u016broje. Jojoba esteriai greitai \u012fsisavinami (tod\u0117l tinka visiems odos tipams, net sausai ir jautriai odai), mink\u0161tina, dr\u0117kina, maitina ir ramina od\u0105. Aktyviosios med\u017eiagos veiksmingai saugo nuo dr\u0117gm\u0117s praradimo, atkuria nat\u016bralias odos apsaugos funkcijas, pa\u0161alina \u0161erpetojim\u0105 ir dirglum\u0105, saugo nuo u\u017edegimini\u0173 proces\u0173.<\/p>\n<p><strong>Natrio hialuronatas<\/strong>\u00a0&#8211; biotechnologi\u0161kai i\u0161valytas preparatas, gaunamas labai sud\u0117tingos hialurono r\u016bg\u0161ties ir natrio jon\u0173 sintez\u0117s d\u0117ka. Jis suteikia stipr\u0173 dr\u0117kinant\u012f efekt\u0105, stimuliuoja regeneracijos procesus, pasi\u017eymi prie\u0161u\u017edegiminiu poveikiu, dr\u0117kina ir lygina epiderm\u012f.<\/p>\n<p><strong>Vitaminas E<\/strong>\u00a0turi stiprias antioksidantines savybes, apsaugo nuo UV spinduli\u0173, jaunina, maitina ir dr\u0117kina od\u0105, stiprina epidermio hidrolipidin\u012f barjer\u0105.<\/p>\n<p><strong>Kolagenas<\/strong>\u00a0&#8211; baltymas, suteikiantis odai stangrumo ir u\u017etikrinantis tinkam\u0105 dr\u0117kinimo sistem\u0105. Kolagenas pagerina odos elastingum\u0105, palaiko optimal\u0173 dr\u0117gm\u0117s lyg\u012f, padeda i\u0161lyginti rauk\u0161les, tod\u0117l oda tampa \u0161velni ir mink\u0161ta.<\/p>\n","protected":false},"excerpt":{"rendered":"<p>\u00a0Earn 17 points worth \u00a30.85 when buying this product Gelis \u2013 koncentratas veikia paaki\u0173 od\u0105 keliomis kryptimis: intensyviai maitina, giliai dr\u0117kina, atstato odos elastingum\u0105, stangrina ir apsaugo od\u0105 nuo prie\u0161laikinio sen\u0117jimo, efektyviai ma\u017eina rauk\u0161les bei saugo nuo nauj\u0173 atsiradimo. I\u0161skirtin\u0117s veikliosios med\u017eiagos mobilizuoja kamienines l\u0105steles, skatina audini\u0173 atsinaujinim\u0105, u\u017etikrina antioksidacin\u0119 l\u0105steli\u0173 apsaug\u0105, stimuliuoja atk\u016briamuosius procesus [&#8230;]\n","protected":false},"featured_media":1532,"comment_status":"closed","ping_status":"closed","template":"","meta":[],"product_cat":[564,560,559,506],"product_tag":[],"class_list":{"0":"post-3718","1":"product","2":"type-product","3":"status-publish","4":"has-post-thumbnail","6":"product_cat-fucoidan-lt","7":"product_cat-paakiu-kremaiserumai","8":"product_cat-paakiu-odos-prieziura","9":"product_cat-veidui","11":"first","12":"instock","13":"shipping-taxable","14":"purchasable","15":"product-type-simple"},"yoast_head":"<!-- This site is optimized with the Yoast SEO plugin v23.6 - https:\/\/yoast.com\/wordpress\/plugins\/seo\/ -->\n<title>Aki\u0173 kont\u016bro gelis - koncentratas nuo rauk\u0161li\u0173, 25g. - TianDe Online Shop - Beauty &amp; Health<\/title>\n<meta name=\"robots\" content=\"index, follow, max-snippet:-1, max-image-preview:large, max-video-preview:-1\" \/>\n<link rel=\"canonical\" href=\"https:\/\/tiandeproducts.co.uk\/lt\/akiu-konturo-gelis-koncentratas-nuo-rauksliu-25g\/\" \/>\n<meta property=\"og:locale\" content=\"lt_LT\" \/>\n<meta property=\"og:type\" content=\"article\" \/>\n<meta property=\"og:title\" content=\"Aki\u0173 kont\u016bro gelis - koncentratas nuo rauk\u0161li\u0173, 25g. - TianDe Online Shop - Beauty &amp; Health\" \/>\n<meta property=\"og:description\" content=\"\u00a0Earn 17 points worth \u00a30.85 when buying this product Gelis \u2013 koncentratas veikia paaki\u0173 od\u0105 keliomis kryptimis: intensyviai maitina, giliai dr\u0117kina, atstato odos elastingum\u0105, stangrina ir apsaugo od\u0105 nuo prie\u0161laikinio sen\u0117jimo, efektyviai ma\u017eina rauk\u0161les bei saugo nuo nauj\u0173 atsiradimo. I\u0161skirtin\u0117s veikliosios med\u017eiagos mobilizuoja kamienines l\u0105steles, skatina audini\u0173 atsinaujinim\u0105, u\u017etikrina antioksidacin\u0119 l\u0105steli\u0173 apsaug\u0105, stimuliuoja atk\u016briamuosius procesus [...]\" \/>\n<meta property=\"og:url\" content=\"https:\/\/tiandeproducts.co.uk\/lt\/akiu-konturo-gelis-koncentratas-nuo-rauksliu-25g\/\" \/>\n<meta property=\"og:site_name\" content=\"TianDe Online Shop - Beauty &amp; Health\" \/>\n<meta property=\"article:publisher\" content=\"https:\/\/www.facebook.com\/tiande.products.england\/\" \/>\n<meta property=\"article:modified_time\" content=\"2021-02-12T13:01:21+00:00\" \/>\n<meta property=\"og:image\" content=\"https:\/\/tiandeproducts.co.uk\/wp-content\/uploads\/2017\/04\/15604.jpg\" \/>\n\t<meta property=\"og:image:width\" content=\"800\" \/>\n\t<meta property=\"og:image:height\" content=\"800\" \/>\n\t<meta property=\"og:image:type\" content=\"image\/jpeg\" \/>\n<meta name=\"twitter:card\" content=\"summary_large_image\" \/>\n<meta name=\"twitter:label1\" content=\"Est. reading time\" \/>\n\t<meta name=\"twitter:data1\" content=\"3 minut\u0117s\" \/>\n<script type=\"application\/ld+json\" class=\"yoast-schema-graph\">{\"@context\":\"https:\/\/schema.org\",\"@graph\":[{\"@type\":\"WebPage\",\"@id\":\"https:\/\/tiandeproducts.co.uk\/lt\/akiu-konturo-gelis-koncentratas-nuo-rauksliu-25g\/\",\"url\":\"https:\/\/tiandeproducts.co.uk\/lt\/akiu-konturo-gelis-koncentratas-nuo-rauksliu-25g\/\",\"name\":\"Aki\u0173 kont\u016bro gelis - koncentratas nuo rauk\u0161li\u0173, 25g. - TianDe Online Shop - Beauty &amp; Health\",\"isPartOf\":{\"@id\":\"https:\/\/tiandeproducts.co.uk\/#website\"},\"primaryImageOfPage\":{\"@id\":\"https:\/\/tiandeproducts.co.uk\/lt\/akiu-konturo-gelis-koncentratas-nuo-rauksliu-25g\/#primaryimage\"},\"image\":{\"@id\":\"https:\/\/tiandeproducts.co.uk\/lt\/akiu-konturo-gelis-koncentratas-nuo-rauksliu-25g\/#primaryimage\"},\"thumbnailUrl\":\"https:\/\/tiandeproducts.co.uk\/wp-content\/uploads\/2017\/04\/15604.jpg\",\"datePublished\":\"2017-04-01T08:56:01+00:00\",\"dateModified\":\"2021-02-12T13:01:21+00:00\",\"breadcrumb\":{\"@id\":\"https:\/\/tiandeproducts.co.uk\/lt\/akiu-konturo-gelis-koncentratas-nuo-rauksliu-25g\/#breadcrumb\"},\"inLanguage\":\"lt-LT\",\"potentialAction\":[{\"@type\":\"ReadAction\",\"target\":[\"https:\/\/tiandeproducts.co.uk\/lt\/akiu-konturo-gelis-koncentratas-nuo-rauksliu-25g\/\"]}]},{\"@type\":\"ImageObject\",\"inLanguage\":\"lt-LT\",\"@id\":\"https:\/\/tiandeproducts.co.uk\/lt\/akiu-konturo-gelis-koncentratas-nuo-rauksliu-25g\/#primaryimage\",\"url\":\"https:\/\/tiandeproducts.co.uk\/wp-content\/uploads\/2017\/04\/15604.jpg\",\"contentUrl\":\"https:\/\/tiandeproducts.co.uk\/wp-content\/uploads\/2017\/04\/15604.jpg\",\"width\":800,\"height\":800,\"caption\":\"Anti-Wrinkle Eye Concentrate Gel,25g-0\"},{\"@type\":\"BreadcrumbList\",\"@id\":\"https:\/\/tiandeproducts.co.uk\/lt\/akiu-konturo-gelis-koncentratas-nuo-rauksliu-25g\/#breadcrumb\",\"itemListElement\":[{\"@type\":\"ListItem\",\"position\":1,\"name\":\"Home\",\"item\":\"https:\/\/tiandeproducts.co.uk\/lt\/\"},{\"@type\":\"ListItem\",\"position\":2,\"name\":\"Shop\",\"item\":\"https:\/\/tiandeproducts.co.uk\/lt\/shop-2\/\"},{\"@type\":\"ListItem\",\"position\":3,\"name\":\"Aki\u0173 kont\u016bro gelis &#8211; koncentratas nuo rauk\u0161li\u0173, 25g.\"}]},{\"@type\":\"WebSite\",\"@id\":\"https:\/\/tiandeproducts.co.uk\/#website\",\"url\":\"https:\/\/tiandeproducts.co.uk\/\",\"name\":\"TianDe Online Shop - Beauty & Health\",\"description\":\"Traditional Chinese Medicine\",\"potentialAction\":[{\"@type\":\"SearchAction\",\"target\":{\"@type\":\"EntryPoint\",\"urlTemplate\":\"https:\/\/tiandeproducts.co.uk\/?s={search_term_string}\"},\"query-input\":{\"@type\":\"PropertyValueSpecification\",\"valueRequired\":true,\"valueName\":\"search_term_string\"}}],\"inLanguage\":\"lt-LT\"}]}<\/script>\n<!-- \/ Yoast SEO plugin. -->","yoast_head_json":{"title":"Aki\u0173 kont\u016bro gelis - koncentratas nuo rauk\u0161li\u0173, 25g. - TianDe Online Shop - Beauty &amp; Health","robots":{"index":"index","follow":"follow","max-snippet":"max-snippet:-1","max-image-preview":"max-image-preview:large","max-video-preview":"max-video-preview:-1"},"canonical":"https:\/\/tiandeproducts.co.uk\/lt\/akiu-konturo-gelis-koncentratas-nuo-rauksliu-25g\/","og_locale":"lt_LT","og_type":"article","og_title":"Aki\u0173 kont\u016bro gelis - koncentratas nuo rauk\u0161li\u0173, 25g. - TianDe Online Shop - Beauty &amp; Health","og_description":"\u00a0Earn 17 points worth \u00a30.85 when buying this product Gelis \u2013 koncentratas veikia paaki\u0173 od\u0105 keliomis kryptimis: intensyviai maitina, giliai dr\u0117kina, atstato odos elastingum\u0105, stangrina ir apsaugo od\u0105 nuo prie\u0161laikinio sen\u0117jimo, efektyviai ma\u017eina rauk\u0161les bei saugo nuo nauj\u0173 atsiradimo. I\u0161skirtin\u0117s veikliosios med\u017eiagos mobilizuoja kamienines l\u0105steles, skatina audini\u0173 atsinaujinim\u0105, u\u017etikrina antioksidacin\u0119 l\u0105steli\u0173 apsaug\u0105, stimuliuoja atk\u016briamuosius procesus [...]","og_url":"https:\/\/tiandeproducts.co.uk\/lt\/akiu-konturo-gelis-koncentratas-nuo-rauksliu-25g\/","og_site_name":"TianDe Online Shop - Beauty &amp; Health","article_publisher":"https:\/\/www.facebook.com\/tiande.products.england\/","article_modified_time":"2021-02-12T13:01:21+00:00","og_image":[{"width":800,"height":800,"url":"https:\/\/tiandeproducts.co.uk\/wp-content\/uploads\/2017\/04\/15604.jpg","type":"image\/jpeg"}],"twitter_card":"summary_large_image","twitter_misc":{"Est. reading time":"3 minut\u0117s"},"schema":{"@context":"https:\/\/schema.org","@graph":[{"@type":"WebPage","@id":"https:\/\/tiandeproducts.co.uk\/lt\/akiu-konturo-gelis-koncentratas-nuo-rauksliu-25g\/","url":"https:\/\/tiandeproducts.co.uk\/lt\/akiu-konturo-gelis-koncentratas-nuo-rauksliu-25g\/","name":"Aki\u0173 kont\u016bro gelis - koncentratas nuo rauk\u0161li\u0173, 25g. - TianDe Online Shop - Beauty &amp; Health","isPartOf":{"@id":"https:\/\/tiandeproducts.co.uk\/#website"},"primaryImageOfPage":{"@id":"https:\/\/tiandeproducts.co.uk\/lt\/akiu-konturo-gelis-koncentratas-nuo-rauksliu-25g\/#primaryimage"},"image":{"@id":"https:\/\/tiandeproducts.co.uk\/lt\/akiu-konturo-gelis-koncentratas-nuo-rauksliu-25g\/#primaryimage"},"thumbnailUrl":"https:\/\/tiandeproducts.co.uk\/wp-content\/uploads\/2017\/04\/15604.jpg","datePublished":"2017-04-01T08:56:01+00:00","dateModified":"2021-02-12T13:01:21+00:00","breadcrumb":{"@id":"https:\/\/tiandeproducts.co.uk\/lt\/akiu-konturo-gelis-koncentratas-nuo-rauksliu-25g\/#breadcrumb"},"inLanguage":"lt-LT","potentialAction":[{"@type":"ReadAction","target":["https:\/\/tiandeproducts.co.uk\/lt\/akiu-konturo-gelis-koncentratas-nuo-rauksliu-25g\/"]}]},{"@type":"ImageObject","inLanguage":"lt-LT","@id":"https:\/\/tiandeproducts.co.uk\/lt\/akiu-konturo-gelis-koncentratas-nuo-rauksliu-25g\/#primaryimage","url":"https:\/\/tiandeproducts.co.uk\/wp-content\/uploads\/2017\/04\/15604.jpg","contentUrl":"https:\/\/tiandeproducts.co.uk\/wp-content\/uploads\/2017\/04\/15604.jpg","width":800,"height":800,"caption":"Anti-Wrinkle Eye Concentrate Gel,25g-0"},{"@type":"BreadcrumbList","@id":"https:\/\/tiandeproducts.co.uk\/lt\/akiu-konturo-gelis-koncentratas-nuo-rauksliu-25g\/#breadcrumb","itemListElement":[{"@type":"ListItem","position":1,"name":"Home","item":"https:\/\/tiandeproducts.co.uk\/lt\/"},{"@type":"ListItem","position":2,"name":"Shop","item":"https:\/\/tiandeproducts.co.uk\/lt\/shop-2\/"},{"@type":"ListItem","position":3,"name":"Aki\u0173 kont\u016bro gelis &#8211; koncentratas nuo rauk\u0161li\u0173, 25g."}]},{"@type":"WebSite","@id":"https:\/\/tiandeproducts.co.uk\/#website","url":"https:\/\/tiandeproducts.co.uk\/","name":"TianDe Online Shop - Beauty & Health","description":"Traditional Chinese Medicine","potentialAction":[{"@type":"SearchAction","target":{"@type":"EntryPoint","urlTemplate":"https:\/\/tiandeproducts.co.uk\/?s={search_term_string}"},"query-input":{"@type":"PropertyValueSpecification","valueRequired":true,"valueName":"search_term_string"}}],"inLanguage":"lt-LT"}]}},"_links":{"self":[{"href":"https:\/\/tiandeproducts.co.uk\/lt\/wp-json\/wp\/v2\/product\/3718","targetHints":{"allow":["GET"]}}],"collection":[{"href":"https:\/\/tiandeproducts.co.uk\/lt\/wp-json\/wp\/v2\/product"}],"about":[{"href":"https:\/\/tiandeproducts.co.uk\/lt\/wp-json\/wp\/v2\/types\/product"}],"replies":[{"embeddable":true,"href":"https:\/\/tiandeproducts.co.uk\/lt\/wp-json\/wp\/v2\/comments?post=3718"}],"wp:featuredmedia":[{"embeddable":true,"href":"https:\/\/tiandeproducts.co.uk\/lt\/wp-json\/wp\/v2\/media\/1532"}],"wp:attachment":[{"href":"https:\/\/tiandeproducts.co.uk\/lt\/wp-json\/wp\/v2\/media?parent=3718"}],"wp:term":[{"taxonomy":"product_cat","embeddable":true,"href":"https:\/\/tiandeproducts.co.uk\/lt\/wp-json\/wp\/v2\/product_cat?post=3718"},{"taxonomy":"product_tag","embeddable":true,"href":"https:\/\/tiandeproducts.co.uk\/lt\/wp-json\/wp\/v2\/product_tag?post=3718"}],"curies":[{"name":"wp","href":"https:\/\/api.w.org\/{rel}","templated":true}]}}