{"id":3715,"date":"2017-04-01T09:59:49","date_gmt":"2017-04-01T08:59:49","guid":{"rendered":"https:\/\/tnd.ontesting.co.uk\/koreguojamasis-cc-kremas-veidui-40g\/"},"modified":"2021-02-12T13:00:31","modified_gmt":"2021-02-12T13:00:31","slug":"koreguojamasis-cc-kremas-veidui-40g","status":"publish","type":"product","link":"https:\/\/tiandeproducts.co.uk\/lt\/koreguojamasis-cc-kremas-veidui-40g\/","title":{"rendered":"Koreguojamasis CC kremas veidui, 40g."},"content":{"rendered":"<p><img decoding=\"async\" style=\"max-width: 16px; margin-right: 5px;\" src=\"https:\/\/tiandeproducts.co.uk\/wp-content\/uploads\/points-green.svg\" \/>\u00a0Earn 20 points worth \u00a31.00 when buying this product<\/p>\n<p>Kremas i\u0161 karto pagerina odos spalv\u0105, lygina mikroreljef\u0105, intensyviai dr\u0117kina ir atjaunina od\u0105, nat\u016braliai maskuoja paraudimus ar i\u0161sipl\u0117tusias poras, saugo nuo \u017ealingo aplinkos poveikio (UV spinduli\u0173). Priemon\u0117 greitai \u012fsigeria, puikiai prisitaiko prie nat\u016bralaus odos tono, nesudaro \u201ekauk\u0117s\u201c ar \u201edaugiasluoksnio makia\u017eo\u201c efekto, neu\u017ekem\u0161a por\u0173 ir nesukelia diskomforto poj\u016b\u010dio. Oda vis\u0105 dien\u0105 atrodys nepriekai\u0161tingai lygi, \u0161velni ir nat\u016braliai \u0161vytinti.<\/p>\n<p><strong>Naudojimas:\u00a0 <\/strong>ant \u0161varios, nuvalytos odos u\u017etepkite nedidel\u012f kiek\u012f kremo ir sukamaisiais judesiais paskirstykite ant veido odos (i\u0161skyrus paaki\u0173 srit\u012f). Naudokite kasdien ryte.<\/p>\n<p><strong>Veikliosios med\u017eiagos:<\/strong><\/p>\n<p><strong>Fukoz\u0117<\/strong>\u00a0&#8211; unikalus angliavandenis, kuris mobilizuoja kamienines l\u0105steles ir skatina audini\u0173 atsinaujinimo procesus. Aktyvioji med\u017eiaga didina odos elastingum\u0105, suma\u017eina augli\u0173 susidarymo (ant odos ir pood\u017eio sluoksniuose) rizik\u0105, sugra\u017eina odai stangrum\u0105 ir sveik\u0105 spalv\u0105, sul\u0117tina sen\u0117jimo procesus, u\u017etikrina pilnavert\u012f ir ilgalaik\u012f dr\u0117kinim\u0105.<\/p>\n<p><strong>Hialurono r\u016bg\u0161tis<\/strong>\u00a0&#8211; suteikia liftingo efekt\u0105, didina odos elastingum\u0105, stangrina. Veiklioji med\u017eiaga ant odos pavir\u0161iaus sukuria orui pralaid\u0173 apsaugin\u012f sluoksn\u012f, tai apsaugo nuo dr\u0117gm\u0117s praradimo net gilesnius sluoksnius. Ji efektyviai pagreitina audini\u0173 l\u0105steli\u0173 atsinaujinimo procesus, gerina mikrocirkuliacij\u0105, skatina nauj\u0173 odos l\u0105steli\u0173 dauginim\u0105si, apsaugo nuo i\u0161orini\u0173 pa\u017eeidim\u0173 ir infekcij\u0173, sustiprina odos apsaugin\u012f sluoksn\u012f bei odos imunines savyb\u0117s. \u012edomu, kad hialurono r\u016bg\u0161ties molekul\u0117s gali pritraukti ir i\u0161laikyti net ~500 kart\u0173 u\u017e save didesn\u012f kiek\u012f vandens!<\/p>\n<p><strong>Vitaminas E<\/strong>\u00a0maitina od\u0105, skatina regeneracijos ir l\u0117tina sen\u0117jimo procesus, neutralizuoja laisv\u0173j\u0173 radikal\u0173 poveik\u012f.<\/p>\n","protected":false},"excerpt":{"rendered":"<p>\u00a0Earn 20 points worth \u00a31.00 when buying this product Kremas i\u0161 karto pagerina odos spalv\u0105, lygina mikroreljef\u0105, intensyviai dr\u0117kina ir atjaunina od\u0105, nat\u016braliai maskuoja paraudimus ar i\u0161sipl\u0117tusias poras, saugo nuo \u017ealingo aplinkos poveikio (UV spinduli\u0173). Priemon\u0117 greitai \u012fsigeria, puikiai prisitaiko prie nat\u016bralaus odos tono, nesudaro \u201ekauk\u0117s\u201c ar \u201edaugiasluoksnio makia\u017eo\u201c efekto, neu\u017ekem\u0161a por\u0173 ir nesukelia diskomforto [&#8230;]\n","protected":false},"featured_media":1537,"comment_status":"closed","ping_status":"closed","template":"","meta":[],"product_cat":[687,564,613,702,700],"product_tag":[],"class_list":{"0":"post-3715","1":"product","2":"type-product","3":"status-publish","4":"has-post-thumbnail","6":"product_cat-makiazas-lt","7":"product_cat-fucoidan-lt","8":"product_cat-jaunai-odai","9":"product_cat-tonaliniai-kremai","10":"product_cat-veidui-lt","12":"first","13":"outofstock","14":"shipping-taxable","15":"purchasable","16":"product-type-simple"},"yoast_head":"<!-- This site is optimized with the Yoast SEO plugin v23.6 - https:\/\/yoast.com\/wordpress\/plugins\/seo\/ -->\n<title>Koreguojamasis CC kremas veidui, 40g. - TianDe Online Shop - Beauty &amp; Health<\/title>\n<meta name=\"robots\" content=\"index, follow, max-snippet:-1, max-image-preview:large, max-video-preview:-1\" \/>\n<link rel=\"canonical\" href=\"https:\/\/tiandeproducts.co.uk\/lt\/koreguojamasis-cc-kremas-veidui-40g\/\" \/>\n<meta property=\"og:locale\" content=\"lt_LT\" \/>\n<meta property=\"og:type\" content=\"article\" \/>\n<meta property=\"og:title\" content=\"Koreguojamasis CC kremas veidui, 40g. - TianDe Online Shop - Beauty &amp; Health\" \/>\n<meta property=\"og:description\" content=\"\u00a0Earn 20 points worth \u00a31.00 when buying this product Kremas i\u0161 karto pagerina odos spalv\u0105, lygina mikroreljef\u0105, intensyviai dr\u0117kina ir atjaunina od\u0105, nat\u016braliai maskuoja paraudimus ar i\u0161sipl\u0117tusias poras, saugo nuo \u017ealingo aplinkos poveikio (UV spinduli\u0173). Priemon\u0117 greitai \u012fsigeria, puikiai prisitaiko prie nat\u016bralaus odos tono, nesudaro \u201ekauk\u0117s\u201c ar \u201edaugiasluoksnio makia\u017eo\u201c efekto, neu\u017ekem\u0161a por\u0173 ir nesukelia diskomforto [...]\" \/>\n<meta property=\"og:url\" content=\"https:\/\/tiandeproducts.co.uk\/lt\/koreguojamasis-cc-kremas-veidui-40g\/\" \/>\n<meta property=\"og:site_name\" content=\"TianDe Online Shop - Beauty &amp; Health\" \/>\n<meta property=\"article:publisher\" content=\"https:\/\/www.facebook.com\/tiande.products.england\/\" \/>\n<meta property=\"article:modified_time\" content=\"2021-02-12T13:00:31+00:00\" \/>\n<meta property=\"og:image\" content=\"https:\/\/tiandeproducts.co.uk\/wp-content\/uploads\/2017\/04\/15606.jpg\" \/>\n\t<meta property=\"og:image:width\" content=\"800\" \/>\n\t<meta property=\"og:image:height\" content=\"800\" \/>\n\t<meta property=\"og:image:type\" content=\"image\/jpeg\" \/>\n<meta name=\"twitter:card\" content=\"summary_large_image\" \/>\n<meta name=\"twitter:label1\" content=\"Est. reading time\" \/>\n\t<meta name=\"twitter:data1\" content=\"1 minut\u0117\" \/>\n<script type=\"application\/ld+json\" class=\"yoast-schema-graph\">{\"@context\":\"https:\/\/schema.org\",\"@graph\":[{\"@type\":\"WebPage\",\"@id\":\"https:\/\/tiandeproducts.co.uk\/lt\/koreguojamasis-cc-kremas-veidui-40g\/\",\"url\":\"https:\/\/tiandeproducts.co.uk\/lt\/koreguojamasis-cc-kremas-veidui-40g\/\",\"name\":\"Koreguojamasis CC kremas veidui, 40g. - TianDe Online Shop - Beauty &amp; Health\",\"isPartOf\":{\"@id\":\"https:\/\/tiandeproducts.co.uk\/#website\"},\"primaryImageOfPage\":{\"@id\":\"https:\/\/tiandeproducts.co.uk\/lt\/koreguojamasis-cc-kremas-veidui-40g\/#primaryimage\"},\"image\":{\"@id\":\"https:\/\/tiandeproducts.co.uk\/lt\/koreguojamasis-cc-kremas-veidui-40g\/#primaryimage\"},\"thumbnailUrl\":\"https:\/\/tiandeproducts.co.uk\/wp-content\/uploads\/2017\/04\/15606.jpg\",\"datePublished\":\"2017-04-01T08:59:49+00:00\",\"dateModified\":\"2021-02-12T13:00:31+00:00\",\"breadcrumb\":{\"@id\":\"https:\/\/tiandeproducts.co.uk\/lt\/koreguojamasis-cc-kremas-veidui-40g\/#breadcrumb\"},\"inLanguage\":\"lt-LT\",\"potentialAction\":[{\"@type\":\"ReadAction\",\"target\":[\"https:\/\/tiandeproducts.co.uk\/lt\/koreguojamasis-cc-kremas-veidui-40g\/\"]}]},{\"@type\":\"ImageObject\",\"inLanguage\":\"lt-LT\",\"@id\":\"https:\/\/tiandeproducts.co.uk\/lt\/koreguojamasis-cc-kremas-veidui-40g\/#primaryimage\",\"url\":\"https:\/\/tiandeproducts.co.uk\/wp-content\/uploads\/2017\/04\/15606.jpg\",\"contentUrl\":\"https:\/\/tiandeproducts.co.uk\/wp-content\/uploads\/2017\/04\/15606.jpg\",\"width\":800,\"height\":800,\"caption\":\"CC cream,40 g-0\"},{\"@type\":\"BreadcrumbList\",\"@id\":\"https:\/\/tiandeproducts.co.uk\/lt\/koreguojamasis-cc-kremas-veidui-40g\/#breadcrumb\",\"itemListElement\":[{\"@type\":\"ListItem\",\"position\":1,\"name\":\"Home\",\"item\":\"https:\/\/tiandeproducts.co.uk\/lt\/\"},{\"@type\":\"ListItem\",\"position\":2,\"name\":\"Shop\",\"item\":\"https:\/\/tiandeproducts.co.uk\/lt\/shop-2\/\"},{\"@type\":\"ListItem\",\"position\":3,\"name\":\"Koreguojamasis CC kremas veidui, 40g.\"}]},{\"@type\":\"WebSite\",\"@id\":\"https:\/\/tiandeproducts.co.uk\/#website\",\"url\":\"https:\/\/tiandeproducts.co.uk\/\",\"name\":\"TianDe Online Shop - Beauty & Health\",\"description\":\"Traditional Chinese Medicine\",\"potentialAction\":[{\"@type\":\"SearchAction\",\"target\":{\"@type\":\"EntryPoint\",\"urlTemplate\":\"https:\/\/tiandeproducts.co.uk\/?s={search_term_string}\"},\"query-input\":{\"@type\":\"PropertyValueSpecification\",\"valueRequired\":true,\"valueName\":\"search_term_string\"}}],\"inLanguage\":\"lt-LT\"}]}<\/script>\n<!-- \/ Yoast SEO plugin. -->","yoast_head_json":{"title":"Koreguojamasis CC kremas veidui, 40g. - TianDe Online Shop - Beauty &amp; Health","robots":{"index":"index","follow":"follow","max-snippet":"max-snippet:-1","max-image-preview":"max-image-preview:large","max-video-preview":"max-video-preview:-1"},"canonical":"https:\/\/tiandeproducts.co.uk\/lt\/koreguojamasis-cc-kremas-veidui-40g\/","og_locale":"lt_LT","og_type":"article","og_title":"Koreguojamasis CC kremas veidui, 40g. - TianDe Online Shop - Beauty &amp; Health","og_description":"\u00a0Earn 20 points worth \u00a31.00 when buying this product Kremas i\u0161 karto pagerina odos spalv\u0105, lygina mikroreljef\u0105, intensyviai dr\u0117kina ir atjaunina od\u0105, nat\u016braliai maskuoja paraudimus ar i\u0161sipl\u0117tusias poras, saugo nuo \u017ealingo aplinkos poveikio (UV spinduli\u0173). Priemon\u0117 greitai \u012fsigeria, puikiai prisitaiko prie nat\u016bralaus odos tono, nesudaro \u201ekauk\u0117s\u201c ar \u201edaugiasluoksnio makia\u017eo\u201c efekto, neu\u017ekem\u0161a por\u0173 ir nesukelia diskomforto [...]","og_url":"https:\/\/tiandeproducts.co.uk\/lt\/koreguojamasis-cc-kremas-veidui-40g\/","og_site_name":"TianDe Online Shop - Beauty &amp; Health","article_publisher":"https:\/\/www.facebook.com\/tiande.products.england\/","article_modified_time":"2021-02-12T13:00:31+00:00","og_image":[{"width":800,"height":800,"url":"https:\/\/tiandeproducts.co.uk\/wp-content\/uploads\/2017\/04\/15606.jpg","type":"image\/jpeg"}],"twitter_card":"summary_large_image","twitter_misc":{"Est. reading time":"1 minut\u0117"},"schema":{"@context":"https:\/\/schema.org","@graph":[{"@type":"WebPage","@id":"https:\/\/tiandeproducts.co.uk\/lt\/koreguojamasis-cc-kremas-veidui-40g\/","url":"https:\/\/tiandeproducts.co.uk\/lt\/koreguojamasis-cc-kremas-veidui-40g\/","name":"Koreguojamasis CC kremas veidui, 40g. - TianDe Online Shop - Beauty &amp; Health","isPartOf":{"@id":"https:\/\/tiandeproducts.co.uk\/#website"},"primaryImageOfPage":{"@id":"https:\/\/tiandeproducts.co.uk\/lt\/koreguojamasis-cc-kremas-veidui-40g\/#primaryimage"},"image":{"@id":"https:\/\/tiandeproducts.co.uk\/lt\/koreguojamasis-cc-kremas-veidui-40g\/#primaryimage"},"thumbnailUrl":"https:\/\/tiandeproducts.co.uk\/wp-content\/uploads\/2017\/04\/15606.jpg","datePublished":"2017-04-01T08:59:49+00:00","dateModified":"2021-02-12T13:00:31+00:00","breadcrumb":{"@id":"https:\/\/tiandeproducts.co.uk\/lt\/koreguojamasis-cc-kremas-veidui-40g\/#breadcrumb"},"inLanguage":"lt-LT","potentialAction":[{"@type":"ReadAction","target":["https:\/\/tiandeproducts.co.uk\/lt\/koreguojamasis-cc-kremas-veidui-40g\/"]}]},{"@type":"ImageObject","inLanguage":"lt-LT","@id":"https:\/\/tiandeproducts.co.uk\/lt\/koreguojamasis-cc-kremas-veidui-40g\/#primaryimage","url":"https:\/\/tiandeproducts.co.uk\/wp-content\/uploads\/2017\/04\/15606.jpg","contentUrl":"https:\/\/tiandeproducts.co.uk\/wp-content\/uploads\/2017\/04\/15606.jpg","width":800,"height":800,"caption":"CC cream,40 g-0"},{"@type":"BreadcrumbList","@id":"https:\/\/tiandeproducts.co.uk\/lt\/koreguojamasis-cc-kremas-veidui-40g\/#breadcrumb","itemListElement":[{"@type":"ListItem","position":1,"name":"Home","item":"https:\/\/tiandeproducts.co.uk\/lt\/"},{"@type":"ListItem","position":2,"name":"Shop","item":"https:\/\/tiandeproducts.co.uk\/lt\/shop-2\/"},{"@type":"ListItem","position":3,"name":"Koreguojamasis CC kremas veidui, 40g."}]},{"@type":"WebSite","@id":"https:\/\/tiandeproducts.co.uk\/#website","url":"https:\/\/tiandeproducts.co.uk\/","name":"TianDe Online Shop - Beauty & Health","description":"Traditional Chinese Medicine","potentialAction":[{"@type":"SearchAction","target":{"@type":"EntryPoint","urlTemplate":"https:\/\/tiandeproducts.co.uk\/?s={search_term_string}"},"query-input":{"@type":"PropertyValueSpecification","valueRequired":true,"valueName":"search_term_string"}}],"inLanguage":"lt-LT"}]}},"_links":{"self":[{"href":"https:\/\/tiandeproducts.co.uk\/lt\/wp-json\/wp\/v2\/product\/3715","targetHints":{"allow":["GET"]}}],"collection":[{"href":"https:\/\/tiandeproducts.co.uk\/lt\/wp-json\/wp\/v2\/product"}],"about":[{"href":"https:\/\/tiandeproducts.co.uk\/lt\/wp-json\/wp\/v2\/types\/product"}],"replies":[{"embeddable":true,"href":"https:\/\/tiandeproducts.co.uk\/lt\/wp-json\/wp\/v2\/comments?post=3715"}],"wp:featuredmedia":[{"embeddable":true,"href":"https:\/\/tiandeproducts.co.uk\/lt\/wp-json\/wp\/v2\/media\/1537"}],"wp:attachment":[{"href":"https:\/\/tiandeproducts.co.uk\/lt\/wp-json\/wp\/v2\/media?parent=3715"}],"wp:term":[{"taxonomy":"product_cat","embeddable":true,"href":"https:\/\/tiandeproducts.co.uk\/lt\/wp-json\/wp\/v2\/product_cat?post=3715"},{"taxonomy":"product_tag","embeddable":true,"href":"https:\/\/tiandeproducts.co.uk\/lt\/wp-json\/wp\/v2\/product_tag?post=3715"}],"curies":[{"name":"wp","href":"https:\/\/api.w.org\/{rel}","templated":true}]}}